{"id":10604,"date":"2022-10-10T09:00:48","date_gmt":"2022-10-10T07:00:48","guid":{"rendered":"https:\/\/www.lraloeverashop.eu\/product\/aloe-vera-cbd-set-pour-le-corps\/"},"modified":"2026-02-02T20:19:33","modified_gmt":"2026-02-02T19:19:33","slug":"aloe-vera-cbd-set-pour-le-corps","status":"publish","type":"product","link":"https:\/\/www.lraloeverashop.eu\/fr\/produit\/aloe-vera-cbd-set-pour-le-corps\/","title":{"rendered":"Aloe Vera CBD Set Pour le Corps"},"content":{"rendered":"<h2><strong><span style=\"font-size: 16pt;\">Aloe Vera CBD Set Pour le Corps<\/span><\/strong><\/h2>\n<p><strong><span style=\"font-size: 14pt;\">Aloe Vera CBD Set Pour le Corps pour une peau d\u00e9tendue, nettoy\u00e9e et d\u00e9licatement nourrie<\/span><\/strong><\/p>\n<p>Peau stress\u00e9e, s\u00e8che et d\u00e9s\u00e9quilibr\u00e9e ? Le temps d&rsquo;un soin bien-\u00eatre efficace.<\/p>\n<p>Le gel douche Aloe Vera CBD nettoie en douceur la peau stress\u00e9e sans la dess\u00e9cher. Il apaise et prot\u00e8ge la peau de votre corps et l&rsquo;hydrate.<\/p>\n<p>Le <a href=\"https:\/\/www.lraloeverashop.eu\/fr\/produit\/gommage-corporel-aloe-vera-cbd\/\">gommage corporel<\/a> \u00e0 l&rsquo;Aloe Vera CBD nettoie et nourrit en douceur la peau stress\u00e9e sans la dess\u00e9cher. Il apaise la peau de votre corps et affine le grain de peau de mani\u00e8re naturelle.<\/p>\n<p>Offrez \u00e0 votre peau des soins apaisants et r\u00e9g\u00e9n\u00e9rants avec de l&rsquo;aloe vera, de l&rsquo;huile de graines de cannabis sativa bio et du CBD. Le secret de l&rsquo;effet unique du nouveau Aloe Vera CBD Premium Body Care est la combinaison d&rsquo;<a href=\"https:\/\/www.lraloeverashop.eu\/fr\/produit\/aloe-vera-gommage-exfoliant-pour-le-visage\/\">aloe vera hydratant<\/a>, d&rsquo;huile de graines de cannabis sativa biologique protectrice et de CBD. Pour une sensation de peau \u00e9quilibr\u00e9e, hydrat\u00e9e et d\u00e9tendue!<\/p>\n<p>&nbsp;<\/p>\n<h3><strong><span style=\"font-size: 16pt;\">Comment utiliser<\/span><\/strong><\/h3>\n<p>Appliquez le Gommage Corporel Aloe Vera CBD en mouvements circulaires sur la peau humide, rincez \u00e0 l&rsquo;eau ti\u00e8de.<\/p>\n<p>Ensuite, <a href=\"https:\/\/www.lraloeverashop.eu\/fr\/produit\/zeitgard-pro-kit-de-massage-corporel\/\">massez<\/a> quotidiennement le gel douche Aloe Vera CBD sur votre peau humidifi\u00e9e et profitez de la sensation de peau douce. Douchez-vous doucement ensuite.<\/p>\n<p>&nbsp;<\/p>\n<h4><span style=\"font-size: 16pt;\"><strong>Saviez-vous?<\/strong><\/span><\/h4>\n<p>L&rsquo;huile de graines de cannabis sativa bio en Aloe Vera CBD Set est connue pour calmer les peaux irrit\u00e9es et apaiser les irritations cutan\u00e9es gr\u00e2ce \u00e0 ses propri\u00e9t\u00e9s protectrices. Le <a href=\"https:\/\/www.lraloeverashop.eu\/fr\/produit\/cbd-gelules-cannaloe\/\">CBD<\/a> contenu dans l&rsquo;huile de cannabis a un effet relaxant sur les peaux stress\u00e9es sujettes aux rougeurs et les prot\u00e8ge des influences ext\u00e9rieures de l&rsquo;environnement.<\/p>\n<p>Cannabidiol &#8211; CBD est un ingr\u00e9dient naturel de la plante de chanvre et est extrait de ses feuilles et de ses tiges. L&rsquo;huile de graines de cannabis sativa biologique m\u00e9lang\u00e9e au CBD peut particuli\u00e8rement bien soigner les peaux stress\u00e9es gr\u00e2ce \u00e0 ses propri\u00e9t\u00e9s apaisantes pour la peau.<\/p>\n","protected":false},"excerpt":{"rendered":"<ul>\n<li>Set nettoyant pour le corps<\/li>\n<li>L&rsquo;huile de gel douche nettoie en douceur la peau stress\u00e9e.<\/li>\n<li>Le gommage corporel au sel marin affine le teint et apaise la peau<\/li>\n<li>Avec aloe vera, huile de graines de cannabis sativa bio et CBD<\/li>\n<li>D\u00e9tend et prot\u00e8ge la peau stress\u00e9e<\/li>\n<\/ul>\n<p style=\"text-align: left;\"><span style=\"color: #ff0000;\"><a style=\"color: #ff0000;\" href=\"https:\/\/shop.lrworld.com\/openpao?PHP=0vFlt7jT938BEnBI3a6e9w%3D%3D\"><span style=\"font-size: 14pt;\"><strong>Inscrivez-vous et \u00e9conomisez 35% sur chaque commande<\/strong><\/span><\/a><\/span><\/p>\n","protected":false},"featured_media":4920,"comment_status":"open","ping_status":"closed","template":"","meta":{"_kad_blocks_custom_css":"","_kad_blocks_head_custom_js":"","_kad_blocks_body_custom_js":"","_kad_blocks_footer_custom_js":"","_kadence_starter_templates_imported_post":false,"_kad_post_transparent":"default","_kad_post_title":"","_kad_post_layout":"default","_kad_post_sidebar_id":"","_kad_post_content_style":"default","_kad_post_vertical_padding":"default","_kad_post_feature":"","_kad_post_feature_position":"","_kad_post_header":false,"_kad_post_footer":false,"_kad_post_classname":""},"product_brand":[],"product_cat":[212,225,224],"product_tag":[579],"class_list":{"0":"post-10604","1":"product","2":"type-product","3":"status-publish","4":"has-post-thumbnail","6":"product_cat-aloe-vera-fr","7":"product_cat-cbd-fr","8":"product_cat-soins-du-corps","9":"product_tag-produits-cbd","11":"first","12":"outofstock","13":"taxable","14":"shipping-taxable","15":"purchasable","16":"product-type-simple","17":"entry","18":"content-bg","19":"loop-entry"},"yoast_head":"<!-- This site is optimized with the Yoast SEO Premium plugin v27.4 (Yoast SEO v27.4) - https:\/\/yoast.com\/product\/yoast-seo-premium-wordpress\/ -->\n<title>Aloe Vera CBD Set Pour le Corps pour une peau d\u00e9tendue.<\/title>\n<meta name=\"description\" content=\"Aloe Vera CBD Set Pour le Corps pour un soin bien-\u00eatre efficace. Peau stress\u00e9e et d\u00e9s\u00e9quilibr\u00e9e ? Gel Douche au CBD et Gommage Corporel au CBD\" \/>\n<meta name=\"robots\" content=\"index, follow, max-snippet:-1, max-image-preview:large, max-video-preview:-1\" \/>\n<link rel=\"canonical\" href=\"https:\/\/www.lraloeverashop.eu\/fr\/produit\/aloe-vera-cbd-set-pour-le-corps\/\" \/>\n<meta property=\"og:locale\" content=\"fr_FR\" \/>\n<meta property=\"og:type\" content=\"article\" \/>\n<meta property=\"og:title\" content=\"Aloe Vera CBD Set Pour le Corps\" \/>\n<meta property=\"og:description\" content=\"Aloe Vera CBD Set Pour le Corps pour un soin bien-\u00eatre efficace. Peau stress\u00e9e et d\u00e9s\u00e9quilibr\u00e9e ? Gel Douche au CBD et Gommage Corporel au CBD\" \/>\n<meta property=\"og:url\" content=\"https:\/\/www.lraloeverashop.eu\/fr\/produit\/aloe-vera-cbd-set-pour-le-corps\/\" \/>\n<meta property=\"og:site_name\" content=\"Boutique Lr Aloe Vera\" \/>\n<meta property=\"article:publisher\" content=\"https:\/\/www.facebook.com\/lraloeverashop.eu\" \/>\n<meta property=\"article:modified_time\" content=\"2026-02-02T19:19:33+00:00\" \/>\n<meta property=\"og:image\" content=\"https:\/\/www.lraloeverashop.eu\/wp-content\/uploads\/2022\/10\/Lr-Aloe-Vera-CBD-Body-Cleansing-Set.jpg\" \/>\n\t<meta property=\"og:image:width\" content=\"1200\" \/>\n\t<meta property=\"og:image:height\" content=\"1200\" \/>\n\t<meta property=\"og:image:type\" content=\"image\/jpeg\" \/>\n<meta name=\"twitter:card\" content=\"summary_large_image\" \/>\n<meta name=\"twitter:site\" content=\"@natur__kosmetik\" \/>\n<script type=\"application\/ld+json\" class=\"yoast-schema-graph\">{\"@context\":\"https:\\\/\\\/schema.org\",\"@graph\":[{\"@type\":[\"WebPage\",\"ItemPage\"],\"@id\":\"https:\\\/\\\/www.lraloeverashop.eu\\\/fr\\\/produit\\\/aloe-vera-cbd-set-pour-le-corps\\\/\",\"url\":\"https:\\\/\\\/www.lraloeverashop.eu\\\/fr\\\/produit\\\/aloe-vera-cbd-set-pour-le-corps\\\/\",\"name\":\"Aloe Vera CBD Set Pour le Corps pour une peau d\u00e9tendue.\",\"isPartOf\":{\"@id\":\"https:\\\/\\\/www.lraloeverashop.eu\\\/fr\\\/#website\"},\"primaryImageOfPage\":{\"@id\":\"https:\\\/\\\/www.lraloeverashop.eu\\\/fr\\\/produit\\\/aloe-vera-cbd-set-pour-le-corps\\\/#primaryimage\"},\"image\":{\"@id\":\"https:\\\/\\\/www.lraloeverashop.eu\\\/fr\\\/produit\\\/aloe-vera-cbd-set-pour-le-corps\\\/#primaryimage\"},\"thumbnailUrl\":\"https:\\\/\\\/www.lraloeverashop.eu\\\/wp-content\\\/uploads\\\/2022\\\/10\\\/Lr-Aloe-Vera-CBD-Body-Cleansing-Set.jpg\",\"datePublished\":\"2022-10-10T07:00:48+00:00\",\"dateModified\":\"2026-02-02T19:19:33+00:00\",\"description\":\"Aloe Vera CBD Set Pour le Corps pour un soin bien-\u00eatre efficace. Peau stress\u00e9e et d\u00e9s\u00e9quilibr\u00e9e ? Gel Douche au CBD et Gommage Corporel au CBD\",\"breadcrumb\":{\"@id\":\"https:\\\/\\\/www.lraloeverashop.eu\\\/fr\\\/produit\\\/aloe-vera-cbd-set-pour-le-corps\\\/#breadcrumb\"},\"inLanguage\":\"fr-FR\",\"potentialAction\":[{\"@type\":\"ReadAction\",\"target\":[\"https:\\\/\\\/www.lraloeverashop.eu\\\/fr\\\/produit\\\/aloe-vera-cbd-set-pour-le-corps\\\/\"]}]},{\"@type\":\"ImageObject\",\"inLanguage\":\"fr-FR\",\"@id\":\"https:\\\/\\\/www.lraloeverashop.eu\\\/fr\\\/produit\\\/aloe-vera-cbd-set-pour-le-corps\\\/#primaryimage\",\"url\":\"https:\\\/\\\/www.lraloeverashop.eu\\\/wp-content\\\/uploads\\\/2022\\\/10\\\/Lr-Aloe-Vera-CBD-Body-Cleansing-Set.jpg\",\"contentUrl\":\"https:\\\/\\\/www.lraloeverashop.eu\\\/wp-content\\\/uploads\\\/2022\\\/10\\\/Lr-Aloe-Vera-CBD-Body-Cleansing-Set.jpg\",\"width\":1200,\"height\":1200,\"caption\":\"Lr Aloe Vera CBD Set Pour le Corps\"},{\"@type\":\"BreadcrumbList\",\"@id\":\"https:\\\/\\\/www.lraloeverashop.eu\\\/fr\\\/produit\\\/aloe-vera-cbd-set-pour-le-corps\\\/#breadcrumb\",\"itemListElement\":[{\"@type\":\"ListItem\",\"position\":1,\"name\":\"Home\",\"item\":\"https:\\\/\\\/www.lraloeverashop.eu\\\/fr\\\/\"},{\"@type\":\"ListItem\",\"position\":2,\"name\":\"Boutique\",\"item\":\"https:\\\/\\\/www.lraloeverashop.eu\\\/fr\\\/boutique\\\/\"},{\"@type\":\"ListItem\",\"position\":3,\"name\":\"Aloe Vera CBD Set Pour le Corps\"}]},{\"@type\":\"WebSite\",\"@id\":\"https:\\\/\\\/www.lraloeverashop.eu\\\/fr\\\/#website\",\"url\":\"https:\\\/\\\/www.lraloeverashop.eu\\\/fr\\\/\",\"name\":\"Boutique Lr Aloe Vera\",\"description\":\"High Quality Lr Aloe Vera Gel, Aloe Vera Cream and Shampoo\",\"publisher\":{\"@id\":\"https:\\\/\\\/www.lraloeverashop.eu\\\/fr\\\/#organization\"},\"potentialAction\":[{\"@type\":\"SearchAction\",\"target\":{\"@type\":\"EntryPoint\",\"urlTemplate\":\"https:\\\/\\\/www.lraloeverashop.eu\\\/fr\\\/?s={search_term_string}\"},\"query-input\":{\"@type\":\"PropertyValueSpecification\",\"valueRequired\":true,\"valueName\":\"search_term_string\"}}],\"inLanguage\":\"fr-FR\"},{\"@type\":\"Organization\",\"@id\":\"https:\\\/\\\/www.lraloeverashop.eu\\\/fr\\\/#organization\",\"name\":\"Boutique Lr Aloe Vera\",\"alternateName\":\"LR\",\"url\":\"https:\\\/\\\/www.lraloeverashop.eu\\\/fr\\\/\",\"logo\":{\"@type\":\"ImageObject\",\"inLanguage\":\"fr-FR\",\"@id\":\"https:\\\/\\\/www.lraloeverashop.eu\\\/fr\\\/#\\\/schema\\\/logo\\\/image\\\/\",\"url\":\"https:\\\/\\\/www.lraloeverashop.eu\\\/wp-content\\\/uploads\\\/2022\\\/09\\\/cropped-Lr-Aloe-Vera-Shop.jpg\",\"contentUrl\":\"https:\\\/\\\/www.lraloeverashop.eu\\\/wp-content\\\/uploads\\\/2022\\\/09\\\/cropped-Lr-Aloe-Vera-Shop.jpg\",\"width\":228,\"height\":76,\"caption\":\"Boutique Lr Aloe Vera\"},\"image\":{\"@id\":\"https:\\\/\\\/www.lraloeverashop.eu\\\/fr\\\/#\\\/schema\\\/logo\\\/image\\\/\"},\"sameAs\":[\"https:\\\/\\\/www.facebook.com\\\/lraloeverashop.eu\",\"https:\\\/\\\/x.com\\\/natur__kosmetik\",\"https:\\\/\\\/www.youtube.com\\\/channel\\\/UC5oN7BJ8nfYb8RpVtjwDEBA\",\"https:\\\/\\\/www.instagram.com\\\/lrbeautyeu\\\/\"],\"description\":\"La boutique LR Aloe Vera est votre destination de confiance pour les produits de sant\u00e9 et de beaut\u00e9 haut de gamme LR, fabriqu\u00e9s en Allemagne. Nous proposons des soins de la peau, des compl\u00e9ments nutritionnels et des solutions anti-\u00e2ge \u00e0 l'aloe vera de haute qualit\u00e9, \u00e9labor\u00e9s \u00e0 partir d'ingr\u00e9dients purs et valid\u00e9s par la recherche scientifique. D\u00e9couvrez des soins naturels qui r\u00e9g\u00e9n\u00e8rent, prot\u00e8gent et revitalisent votre peau, et profitez d'offres mensuelles exclusives sur nos produits LR Aloe Vera les plus vendus.\\n\\nCommencez d\u00e8s aujourd'hui votre parcours vers des soins naturels et constatez la diff\u00e9rence.\",\"email\":\"info@lraloeverashop.eu\",\"telephone\":\"+49 17670609653\",\"legalName\":\"Lr Aloe Vera Shop\",\"foundingDate\":\"2018-04-21\",\"numberOfEmployees\":{\"@type\":\"QuantitativeValue\",\"minValue\":\"1\",\"maxValue\":\"10\"}}]}<\/script>\n<meta property=\"product:price:amount\" content=\"27.20\" \/>\n<meta property=\"product:price:currency\" content=\"EUR\" \/>\n<meta property=\"og:availability\" content=\"out of stock\" \/>\n<meta property=\"product:availability\" content=\"out of stock\" \/>\n<meta property=\"product:retailer_item_id\" content=\"20827-1FR\" \/>\n<meta property=\"product:condition\" content=\"new\" \/>\n<!-- \/ Yoast SEO Premium plugin. -->","yoast_head_json":{"title":"Aloe Vera CBD Set Pour le Corps pour une peau d\u00e9tendue.","description":"Aloe Vera CBD Set Pour le Corps pour un soin bien-\u00eatre efficace. Peau stress\u00e9e et d\u00e9s\u00e9quilibr\u00e9e ? Gel Douche au CBD et Gommage Corporel au CBD","robots":{"index":"index","follow":"follow","max-snippet":"max-snippet:-1","max-image-preview":"max-image-preview:large","max-video-preview":"max-video-preview:-1"},"canonical":"https:\/\/www.lraloeverashop.eu\/fr\/produit\/aloe-vera-cbd-set-pour-le-corps\/","og_locale":"fr_FR","og_type":"article","og_title":"Aloe Vera CBD Set Pour le Corps","og_description":"Aloe Vera CBD Set Pour le Corps pour un soin bien-\u00eatre efficace. Peau stress\u00e9e et d\u00e9s\u00e9quilibr\u00e9e ? Gel Douche au CBD et Gommage Corporel au CBD","og_url":"https:\/\/www.lraloeverashop.eu\/fr\/produit\/aloe-vera-cbd-set-pour-le-corps\/","og_site_name":"Boutique Lr Aloe Vera","article_publisher":"https:\/\/www.facebook.com\/lraloeverashop.eu","article_modified_time":"2026-02-02T19:19:33+00:00","og_image":[{"width":1200,"height":1200,"url":"https:\/\/www.lraloeverashop.eu\/wp-content\/uploads\/2022\/10\/Lr-Aloe-Vera-CBD-Body-Cleansing-Set.jpg","type":"image\/jpeg"}],"twitter_card":"summary_large_image","twitter_site":"@natur__kosmetik","schema":{"@context":"https:\/\/schema.org","@graph":[{"@type":["WebPage","ItemPage"],"@id":"https:\/\/www.lraloeverashop.eu\/fr\/produit\/aloe-vera-cbd-set-pour-le-corps\/","url":"https:\/\/www.lraloeverashop.eu\/fr\/produit\/aloe-vera-cbd-set-pour-le-corps\/","name":"Aloe Vera CBD Set Pour le Corps pour une peau d\u00e9tendue.","isPartOf":{"@id":"https:\/\/www.lraloeverashop.eu\/fr\/#website"},"primaryImageOfPage":{"@id":"https:\/\/www.lraloeverashop.eu\/fr\/produit\/aloe-vera-cbd-set-pour-le-corps\/#primaryimage"},"image":{"@id":"https:\/\/www.lraloeverashop.eu\/fr\/produit\/aloe-vera-cbd-set-pour-le-corps\/#primaryimage"},"thumbnailUrl":"https:\/\/www.lraloeverashop.eu\/wp-content\/uploads\/2022\/10\/Lr-Aloe-Vera-CBD-Body-Cleansing-Set.jpg","datePublished":"2022-10-10T07:00:48+00:00","dateModified":"2026-02-02T19:19:33+00:00","description":"Aloe Vera CBD Set Pour le Corps pour un soin bien-\u00eatre efficace. Peau stress\u00e9e et d\u00e9s\u00e9quilibr\u00e9e ? Gel Douche au CBD et Gommage Corporel au CBD","breadcrumb":{"@id":"https:\/\/www.lraloeverashop.eu\/fr\/produit\/aloe-vera-cbd-set-pour-le-corps\/#breadcrumb"},"inLanguage":"fr-FR","potentialAction":[{"@type":"ReadAction","target":["https:\/\/www.lraloeverashop.eu\/fr\/produit\/aloe-vera-cbd-set-pour-le-corps\/"]}]},{"@type":"ImageObject","inLanguage":"fr-FR","@id":"https:\/\/www.lraloeverashop.eu\/fr\/produit\/aloe-vera-cbd-set-pour-le-corps\/#primaryimage","url":"https:\/\/www.lraloeverashop.eu\/wp-content\/uploads\/2022\/10\/Lr-Aloe-Vera-CBD-Body-Cleansing-Set.jpg","contentUrl":"https:\/\/www.lraloeverashop.eu\/wp-content\/uploads\/2022\/10\/Lr-Aloe-Vera-CBD-Body-Cleansing-Set.jpg","width":1200,"height":1200,"caption":"Lr Aloe Vera CBD Set Pour le Corps"},{"@type":"BreadcrumbList","@id":"https:\/\/www.lraloeverashop.eu\/fr\/produit\/aloe-vera-cbd-set-pour-le-corps\/#breadcrumb","itemListElement":[{"@type":"ListItem","position":1,"name":"Home","item":"https:\/\/www.lraloeverashop.eu\/fr\/"},{"@type":"ListItem","position":2,"name":"Boutique","item":"https:\/\/www.lraloeverashop.eu\/fr\/boutique\/"},{"@type":"ListItem","position":3,"name":"Aloe Vera CBD Set Pour le Corps"}]},{"@type":"WebSite","@id":"https:\/\/www.lraloeverashop.eu\/fr\/#website","url":"https:\/\/www.lraloeverashop.eu\/fr\/","name":"Boutique Lr Aloe Vera","description":"High Quality Lr Aloe Vera Gel, Aloe Vera Cream and Shampoo","publisher":{"@id":"https:\/\/www.lraloeverashop.eu\/fr\/#organization"},"potentialAction":[{"@type":"SearchAction","target":{"@type":"EntryPoint","urlTemplate":"https:\/\/www.lraloeverashop.eu\/fr\/?s={search_term_string}"},"query-input":{"@type":"PropertyValueSpecification","valueRequired":true,"valueName":"search_term_string"}}],"inLanguage":"fr-FR"},{"@type":"Organization","@id":"https:\/\/www.lraloeverashop.eu\/fr\/#organization","name":"Boutique Lr Aloe Vera","alternateName":"LR","url":"https:\/\/www.lraloeverashop.eu\/fr\/","logo":{"@type":"ImageObject","inLanguage":"fr-FR","@id":"https:\/\/www.lraloeverashop.eu\/fr\/#\/schema\/logo\/image\/","url":"https:\/\/www.lraloeverashop.eu\/wp-content\/uploads\/2022\/09\/cropped-Lr-Aloe-Vera-Shop.jpg","contentUrl":"https:\/\/www.lraloeverashop.eu\/wp-content\/uploads\/2022\/09\/cropped-Lr-Aloe-Vera-Shop.jpg","width":228,"height":76,"caption":"Boutique Lr Aloe Vera"},"image":{"@id":"https:\/\/www.lraloeverashop.eu\/fr\/#\/schema\/logo\/image\/"},"sameAs":["https:\/\/www.facebook.com\/lraloeverashop.eu","https:\/\/x.com\/natur__kosmetik","https:\/\/www.youtube.com\/channel\/UC5oN7BJ8nfYb8RpVtjwDEBA","https:\/\/www.instagram.com\/lrbeautyeu\/"],"description":"La boutique LR Aloe Vera est votre destination de confiance pour les produits de sant\u00e9 et de beaut\u00e9 haut de gamme LR, fabriqu\u00e9s en Allemagne. Nous proposons des soins de la peau, des compl\u00e9ments nutritionnels et des solutions anti-\u00e2ge \u00e0 l'aloe vera de haute qualit\u00e9, \u00e9labor\u00e9s \u00e0 partir d'ingr\u00e9dients purs et valid\u00e9s par la recherche scientifique. D\u00e9couvrez des soins naturels qui r\u00e9g\u00e9n\u00e8rent, prot\u00e8gent et revitalisent votre peau, et profitez d'offres mensuelles exclusives sur nos produits LR Aloe Vera les plus vendus.\n\nCommencez d\u00e8s aujourd'hui votre parcours vers des soins naturels et constatez la diff\u00e9rence.","email":"info@lraloeverashop.eu","telephone":"+49 17670609653","legalName":"Lr Aloe Vera Shop","foundingDate":"2018-04-21","numberOfEmployees":{"@type":"QuantitativeValue","minValue":"1","maxValue":"10"}}]},"product_price_amount":"27.20","product_price_currency":"EUR","og_availability":"out of stock","product_availability":"out of stock","product_retailer_item_id":"20827-1FR","product_condition":"new"},"taxonomy_info":{"product_cat":[{"value":212,"label":"Aloe Vera"},{"value":225,"label":"CBD"},{"value":224,"label":"Soins du corps"}],"product_tag":[{"value":579,"label":"Produits CBD"}]},"featured_image_src_large":["https:\/\/www.lraloeverashop.eu\/wp-content\/uploads\/2022\/10\/Lr-Aloe-Vera-CBD-Body-Cleansing-Set-1024x1024.jpg",1024,1024,true],"author_info":[],"comment_info":0,"_links":{"self":[{"href":"https:\/\/www.lraloeverashop.eu\/fr\/wp-json\/wp\/v2\/product\/10604","targetHints":{"allow":["GET"]}}],"collection":[{"href":"https:\/\/www.lraloeverashop.eu\/fr\/wp-json\/wp\/v2\/product"}],"about":[{"href":"https:\/\/www.lraloeverashop.eu\/fr\/wp-json\/wp\/v2\/types\/product"}],"replies":[{"embeddable":true,"href":"https:\/\/www.lraloeverashop.eu\/fr\/wp-json\/wp\/v2\/comments?post=10604"}],"wp:featuredmedia":[{"embeddable":true,"href":"https:\/\/www.lraloeverashop.eu\/fr\/wp-json\/wp\/v2\/media\/4920"}],"wp:attachment":[{"href":"https:\/\/www.lraloeverashop.eu\/fr\/wp-json\/wp\/v2\/media?parent=10604"}],"wp:term":[{"taxonomy":"product_brand","embeddable":true,"href":"https:\/\/www.lraloeverashop.eu\/fr\/wp-json\/wp\/v2\/product_brand?post=10604"},{"taxonomy":"product_cat","embeddable":true,"href":"https:\/\/www.lraloeverashop.eu\/fr\/wp-json\/wp\/v2\/product_cat?post=10604"},{"taxonomy":"product_tag","embeddable":true,"href":"https:\/\/www.lraloeverashop.eu\/fr\/wp-json\/wp\/v2\/product_tag?post=10604"}],"curies":[{"name":"wp","href":"https:\/\/api.w.org\/{rel}","templated":true}]}}