{"id":10591,"date":"2022-10-10T17:07:40","date_gmt":"2022-10-10T15:07:40","guid":{"rendered":"https:\/\/www.lraloeverashop.eu\/product\/gel-douche-aloe-vera-cbd\/"},"modified":"2026-02-02T20:19:19","modified_gmt":"2026-02-02T19:19:19","slug":"gel-douche-aloe-vera-cbd","status":"publish","type":"product","link":"https:\/\/www.lraloeverashop.eu\/fr\/produit\/gel-douche-aloe-vera-cbd\/","title":{"rendered":"Gel Douche Aloe Vera CBD"},"content":{"rendered":"<h2><span style=\"font-size: 16pt;\">Gel Douche Aloe Vera CBD<\/span><\/h2>\n<p><strong><span style=\"font-size: 14pt;\">Gel Douche Aloe Vera CBD Pour un nettoyage relaxant et un soin apaisant !<\/span><\/strong><\/p>\n<p>Gel Douche nettoie en douceur la peau stress\u00e9e sans la dess\u00e9cher. Il apaise et prot\u00e8ge la peau de votre corps et l&rsquo;hydrate.<\/p>\n<p>Gel Douche CBD traitera votre peau avec des soins apaisants et r\u00e9g\u00e9n\u00e9rants \u00e0 l&rsquo;aloe vera, \u00e0 l&rsquo;huile de graines de cannabis sativa bio et au CBD. Le secret de l&rsquo;effet unique du nouveau Aloe Vera CBD Premium Care est la combinaison d&rsquo;<a href=\"https:\/\/www.lraloeverashop.eu\/fr\/produit\/aloe-vera-gel-douche-relaxant\/\">aloe vera hydratant<\/a>, d&rsquo;huile de graines de cannabis sativa biologique protectrice et de CBD. Pour une peau \u00e9quilibr\u00e9e, hydrat\u00e9e et d\u00e9tendue<\/p>\n<p>\u2022 Combinaison sp\u00e9ciale d&rsquo;ingr\u00e9dients d&rsquo;aloe vera, d&rsquo;huile de graines de cannabis sativa biologique et de <a href=\"https:\/\/www.lraloeverashop.eu\/fr\/produit\/aloe-vera-cbd-set-pour-le-corps\/\">CBD<\/a><br \/>\n\u2022 Nettoyage quotidien des peaux stress\u00e9es et stress\u00e9es sans les dess\u00e9cher<br \/>\n\u2022 Soutient le propre processus de <a href=\"https:\/\/www.lraloeverashop.eu\/fr\/produit\/aloe-vera-shampoing-pour-cheveux-corps\/\">r\u00e9g\u00e9n\u00e9ration de la peau<\/a><\/p>\n<p>&nbsp;<\/p>\n<h3><strong><span style=\"font-size: 16pt;\">Le saviez-vous?<\/span><\/strong><\/h3>\n<p>L&rsquo;huile de graines de cannabis sativa bio en Gel Douche Aloe Vera CBD est connue pour apaiser les peaux irrit\u00e9es et soulager les irritations cutan\u00e9es gr\u00e2ce \u00e0 ses propri\u00e9t\u00e9s protectrices. Le <a href=\"https:\/\/www.lraloeverashop.eu\/fr\/produit\/cbd-gelules-cannaloe\/\">CBD<\/a> contenu dans l&rsquo;huile de cannabis a un <a href=\"https:\/\/www.lraloeverashop.eu\/fr\/produit\/lr-cbd-roll-on-de-massage\/\">effet relaxant<\/a> sur les peaux stress\u00e9es sujettes aux rougeurs et les prot\u00e8ge des influences ext\u00e9rieures de l&rsquo;environnement.<\/p>\n<p><strong>Informations sur le CBD:<\/strong> Le cannabidiol &#8211; CBD en abr\u00e9g\u00e9 &#8211; est un ingr\u00e9dient naturel de la plante de chanvre et est extrait de ses feuilles et de ses tiges. L&rsquo;huile de graines de cannabis sativa biologique m\u00e9lang\u00e9e au CBD peut particuli\u00e8rement bien soigner les peaux stress\u00e9es gr\u00e2ce \u00e0 ses propri\u00e9t\u00e9s apaisantes pour la peau.<\/p>\n","protected":false},"excerpt":{"rendered":"<ul>\n<li>Gel douche huile pour peaux stress\u00e9es<\/li>\n<li>Nettoie en douceur sans dess\u00e9cher la peau<\/li>\n<li>Apaise et prot\u00e8ge la peau du corps<\/li>\n<li>Fournit de l&rsquo;humidit\u00e9<\/li>\n<li>Avec aloe vera, huile de graines de cannabis sativa bio et CBD<\/li>\n<li>Quantit\u00e9 : 200 ml<\/li>\n<\/ul>\n<p style=\"text-align: left;\"><span style=\"color: #ff0000;\"><a style=\"color: #ff0000;\" href=\"https:\/\/shop.lrworld.com\/openpao?PHP=0vFlt7jT938BEnBI3a6e9w%3D%3D\"><span style=\"font-size: 14pt;\"><strong>Inscrivez-vous et \u00e9conomisez 35% sur chaque commande<\/strong><\/span><\/a><\/span><\/p>\n","protected":false},"featured_media":4932,"comment_status":"open","ping_status":"closed","template":"","meta":{"_kad_blocks_custom_css":"","_kad_blocks_head_custom_js":"","_kad_blocks_body_custom_js":"","_kad_blocks_footer_custom_js":"","_kadence_starter_templates_imported_post":false,"_kad_post_transparent":"default","_kad_post_title":"","_kad_post_layout":"default","_kad_post_sidebar_id":"","_kad_post_content_style":"default","_kad_post_vertical_padding":"default","_kad_post_feature":"","_kad_post_feature_position":"","_kad_post_header":false,"_kad_post_footer":false,"_kad_post_classname":""},"product_brand":[],"product_cat":[212,225,224],"product_tag":[579],"class_list":{"0":"post-10591","1":"product","2":"type-product","3":"status-publish","4":"has-post-thumbnail","6":"product_cat-aloe-vera-fr","7":"product_cat-cbd-fr","8":"product_cat-soins-du-corps","9":"product_tag-produits-cbd","11":"first","12":"instock","13":"taxable","14":"shipping-taxable","15":"purchasable","16":"product-type-simple","17":"entry","18":"content-bg","19":"loop-entry"},"yoast_head":"<!-- This site is optimized with the Yoast SEO Premium plugin v27.4 (Yoast SEO v27.4) - https:\/\/yoast.com\/product\/yoast-seo-premium-wordpress\/ -->\n<title>Gel Douche Aloe Vera CBD pour un nettoyage relaxant.<\/title>\n<meta name=\"description\" content=\"Gel Douche Aloe Vera CBD nettoie en douceur les peaux stress\u00e9es sans les dess\u00e9cher. Il apaise et prot\u00e8ge votre corps et apporte de l&#039;humidit\u00e9.\" \/>\n<meta name=\"robots\" content=\"index, follow, max-snippet:-1, max-image-preview:large, max-video-preview:-1\" \/>\n<link rel=\"canonical\" href=\"https:\/\/www.lraloeverashop.eu\/fr\/produit\/gel-douche-aloe-vera-cbd\/\" \/>\n<meta property=\"og:locale\" content=\"fr_FR\" \/>\n<meta property=\"og:type\" content=\"article\" \/>\n<meta property=\"og:title\" content=\"Gel Douche Aloe Vera CBD\" \/>\n<meta property=\"og:description\" content=\"Gel Douche Aloe Vera CBD nettoie en douceur les peaux stress\u00e9es sans les dess\u00e9cher. Il apaise et prot\u00e8ge votre corps et apporte de l&#039;humidit\u00e9.\" \/>\n<meta property=\"og:url\" content=\"https:\/\/www.lraloeverashop.eu\/fr\/produit\/gel-douche-aloe-vera-cbd\/\" \/>\n<meta property=\"og:site_name\" content=\"Boutique Lr Aloe Vera\" \/>\n<meta property=\"article:publisher\" content=\"https:\/\/www.facebook.com\/lraloeverashop.eu\" \/>\n<meta property=\"article:modified_time\" content=\"2026-02-02T19:19:19+00:00\" \/>\n<meta property=\"og:image\" content=\"https:\/\/www.lraloeverashop.eu\/wp-content\/uploads\/2022\/10\/Lr-Aloe-Vera-CBD-Shower-Gel-Oil.jpg\" \/>\n\t<meta property=\"og:image:width\" content=\"1200\" \/>\n\t<meta property=\"og:image:height\" content=\"1200\" \/>\n\t<meta property=\"og:image:type\" content=\"image\/jpeg\" \/>\n<meta name=\"twitter:card\" content=\"summary_large_image\" \/>\n<meta name=\"twitter:site\" content=\"@natur__kosmetik\" \/>\n<script type=\"application\/ld+json\" class=\"yoast-schema-graph\">{\"@context\":\"https:\\\/\\\/schema.org\",\"@graph\":[{\"@type\":[\"WebPage\",\"ItemPage\"],\"@id\":\"https:\\\/\\\/www.lraloeverashop.eu\\\/fr\\\/produit\\\/gel-douche-aloe-vera-cbd\\\/\",\"url\":\"https:\\\/\\\/www.lraloeverashop.eu\\\/fr\\\/produit\\\/gel-douche-aloe-vera-cbd\\\/\",\"name\":\"Gel Douche Aloe Vera CBD pour un nettoyage relaxant.\",\"isPartOf\":{\"@id\":\"https:\\\/\\\/www.lraloeverashop.eu\\\/fr\\\/#website\"},\"primaryImageOfPage\":{\"@id\":\"https:\\\/\\\/www.lraloeverashop.eu\\\/fr\\\/produit\\\/gel-douche-aloe-vera-cbd\\\/#primaryimage\"},\"image\":{\"@id\":\"https:\\\/\\\/www.lraloeverashop.eu\\\/fr\\\/produit\\\/gel-douche-aloe-vera-cbd\\\/#primaryimage\"},\"thumbnailUrl\":\"https:\\\/\\\/www.lraloeverashop.eu\\\/wp-content\\\/uploads\\\/2022\\\/10\\\/Lr-Aloe-Vera-CBD-Shower-Gel-Oil.jpg\",\"datePublished\":\"2022-10-10T15:07:40+00:00\",\"dateModified\":\"2026-02-02T19:19:19+00:00\",\"description\":\"Gel Douche Aloe Vera CBD nettoie en douceur les peaux stress\u00e9es sans les dess\u00e9cher. Il apaise et prot\u00e8ge votre corps et apporte de l'humidit\u00e9.\",\"breadcrumb\":{\"@id\":\"https:\\\/\\\/www.lraloeverashop.eu\\\/fr\\\/produit\\\/gel-douche-aloe-vera-cbd\\\/#breadcrumb\"},\"inLanguage\":\"fr-FR\",\"potentialAction\":[{\"@type\":\"ReadAction\",\"target\":[\"https:\\\/\\\/www.lraloeverashop.eu\\\/fr\\\/produit\\\/gel-douche-aloe-vera-cbd\\\/\"]}]},{\"@type\":\"ImageObject\",\"inLanguage\":\"fr-FR\",\"@id\":\"https:\\\/\\\/www.lraloeverashop.eu\\\/fr\\\/produit\\\/gel-douche-aloe-vera-cbd\\\/#primaryimage\",\"url\":\"https:\\\/\\\/www.lraloeverashop.eu\\\/wp-content\\\/uploads\\\/2022\\\/10\\\/Lr-Aloe-Vera-CBD-Shower-Gel-Oil.jpg\",\"contentUrl\":\"https:\\\/\\\/www.lraloeverashop.eu\\\/wp-content\\\/uploads\\\/2022\\\/10\\\/Lr-Aloe-Vera-CBD-Shower-Gel-Oil.jpg\",\"width\":1200,\"height\":1200,\"caption\":\"Gel douche Aloe Vera \u00e0 l'huile de CBD\"},{\"@type\":\"BreadcrumbList\",\"@id\":\"https:\\\/\\\/www.lraloeverashop.eu\\\/fr\\\/produit\\\/gel-douche-aloe-vera-cbd\\\/#breadcrumb\",\"itemListElement\":[{\"@type\":\"ListItem\",\"position\":1,\"name\":\"Home\",\"item\":\"https:\\\/\\\/www.lraloeverashop.eu\\\/fr\\\/\"},{\"@type\":\"ListItem\",\"position\":2,\"name\":\"Boutique\",\"item\":\"https:\\\/\\\/www.lraloeverashop.eu\\\/fr\\\/boutique\\\/\"},{\"@type\":\"ListItem\",\"position\":3,\"name\":\"Gel Douche Aloe Vera CBD\"}]},{\"@type\":\"WebSite\",\"@id\":\"https:\\\/\\\/www.lraloeverashop.eu\\\/fr\\\/#website\",\"url\":\"https:\\\/\\\/www.lraloeverashop.eu\\\/fr\\\/\",\"name\":\"Boutique Lr Aloe Vera\",\"description\":\"High Quality Lr Aloe Vera Gel, Aloe Vera Cream and Shampoo\",\"publisher\":{\"@id\":\"https:\\\/\\\/www.lraloeverashop.eu\\\/fr\\\/#organization\"},\"potentialAction\":[{\"@type\":\"SearchAction\",\"target\":{\"@type\":\"EntryPoint\",\"urlTemplate\":\"https:\\\/\\\/www.lraloeverashop.eu\\\/fr\\\/?s={search_term_string}\"},\"query-input\":{\"@type\":\"PropertyValueSpecification\",\"valueRequired\":true,\"valueName\":\"search_term_string\"}}],\"inLanguage\":\"fr-FR\"},{\"@type\":\"Organization\",\"@id\":\"https:\\\/\\\/www.lraloeverashop.eu\\\/fr\\\/#organization\",\"name\":\"Boutique Lr Aloe Vera\",\"alternateName\":\"LR\",\"url\":\"https:\\\/\\\/www.lraloeverashop.eu\\\/fr\\\/\",\"logo\":{\"@type\":\"ImageObject\",\"inLanguage\":\"fr-FR\",\"@id\":\"https:\\\/\\\/www.lraloeverashop.eu\\\/fr\\\/#\\\/schema\\\/logo\\\/image\\\/\",\"url\":\"https:\\\/\\\/www.lraloeverashop.eu\\\/wp-content\\\/uploads\\\/2022\\\/09\\\/cropped-Lr-Aloe-Vera-Shop.jpg\",\"contentUrl\":\"https:\\\/\\\/www.lraloeverashop.eu\\\/wp-content\\\/uploads\\\/2022\\\/09\\\/cropped-Lr-Aloe-Vera-Shop.jpg\",\"width\":228,\"height\":76,\"caption\":\"Boutique Lr Aloe Vera\"},\"image\":{\"@id\":\"https:\\\/\\\/www.lraloeverashop.eu\\\/fr\\\/#\\\/schema\\\/logo\\\/image\\\/\"},\"sameAs\":[\"https:\\\/\\\/www.facebook.com\\\/lraloeverashop.eu\",\"https:\\\/\\\/x.com\\\/natur__kosmetik\",\"https:\\\/\\\/www.youtube.com\\\/channel\\\/UC5oN7BJ8nfYb8RpVtjwDEBA\",\"https:\\\/\\\/www.instagram.com\\\/lrbeautyeu\\\/\"],\"description\":\"La boutique LR Aloe Vera est votre destination de confiance pour les produits de sant\u00e9 et de beaut\u00e9 haut de gamme LR, fabriqu\u00e9s en Allemagne. Nous proposons des soins de la peau, des compl\u00e9ments nutritionnels et des solutions anti-\u00e2ge \u00e0 l'aloe vera de haute qualit\u00e9, \u00e9labor\u00e9s \u00e0 partir d'ingr\u00e9dients purs et valid\u00e9s par la recherche scientifique. D\u00e9couvrez des soins naturels qui r\u00e9g\u00e9n\u00e8rent, prot\u00e8gent et revitalisent votre peau, et profitez d'offres mensuelles exclusives sur nos produits LR Aloe Vera les plus vendus.\\n\\nCommencez d\u00e8s aujourd'hui votre parcours vers des soins naturels et constatez la diff\u00e9rence.\",\"email\":\"info@lraloeverashop.eu\",\"telephone\":\"+49 17670609653\",\"legalName\":\"Lr Aloe Vera Shop\",\"foundingDate\":\"2018-04-21\",\"numberOfEmployees\":{\"@type\":\"QuantitativeValue\",\"minValue\":\"1\",\"maxValue\":\"10\"}}]}<\/script>\n<meta property=\"product:price:amount\" content=\"11.69\" \/>\n<meta property=\"product:price:currency\" content=\"EUR\" \/>\n<meta property=\"og:availability\" content=\"instock\" \/>\n<meta property=\"product:availability\" content=\"instock\" \/>\n<meta property=\"product:retailer_item_id\" content=\"20824-1FR\" \/>\n<meta property=\"product:condition\" content=\"new\" \/>\n<!-- \/ Yoast SEO Premium plugin. -->","yoast_head_json":{"title":"Gel Douche Aloe Vera CBD pour un nettoyage relaxant.","description":"Gel Douche Aloe Vera CBD nettoie en douceur les peaux stress\u00e9es sans les dess\u00e9cher. Il apaise et prot\u00e8ge votre corps et apporte de l'humidit\u00e9.","robots":{"index":"index","follow":"follow","max-snippet":"max-snippet:-1","max-image-preview":"max-image-preview:large","max-video-preview":"max-video-preview:-1"},"canonical":"https:\/\/www.lraloeverashop.eu\/fr\/produit\/gel-douche-aloe-vera-cbd\/","og_locale":"fr_FR","og_type":"article","og_title":"Gel Douche Aloe Vera CBD","og_description":"Gel Douche Aloe Vera CBD nettoie en douceur les peaux stress\u00e9es sans les dess\u00e9cher. Il apaise et prot\u00e8ge votre corps et apporte de l'humidit\u00e9.","og_url":"https:\/\/www.lraloeverashop.eu\/fr\/produit\/gel-douche-aloe-vera-cbd\/","og_site_name":"Boutique Lr Aloe Vera","article_publisher":"https:\/\/www.facebook.com\/lraloeverashop.eu","article_modified_time":"2026-02-02T19:19:19+00:00","og_image":[{"width":1200,"height":1200,"url":"https:\/\/www.lraloeverashop.eu\/wp-content\/uploads\/2022\/10\/Lr-Aloe-Vera-CBD-Shower-Gel-Oil.jpg","type":"image\/jpeg"}],"twitter_card":"summary_large_image","twitter_site":"@natur__kosmetik","schema":{"@context":"https:\/\/schema.org","@graph":[{"@type":["WebPage","ItemPage"],"@id":"https:\/\/www.lraloeverashop.eu\/fr\/produit\/gel-douche-aloe-vera-cbd\/","url":"https:\/\/www.lraloeverashop.eu\/fr\/produit\/gel-douche-aloe-vera-cbd\/","name":"Gel Douche Aloe Vera CBD pour un nettoyage relaxant.","isPartOf":{"@id":"https:\/\/www.lraloeverashop.eu\/fr\/#website"},"primaryImageOfPage":{"@id":"https:\/\/www.lraloeverashop.eu\/fr\/produit\/gel-douche-aloe-vera-cbd\/#primaryimage"},"image":{"@id":"https:\/\/www.lraloeverashop.eu\/fr\/produit\/gel-douche-aloe-vera-cbd\/#primaryimage"},"thumbnailUrl":"https:\/\/www.lraloeverashop.eu\/wp-content\/uploads\/2022\/10\/Lr-Aloe-Vera-CBD-Shower-Gel-Oil.jpg","datePublished":"2022-10-10T15:07:40+00:00","dateModified":"2026-02-02T19:19:19+00:00","description":"Gel Douche Aloe Vera CBD nettoie en douceur les peaux stress\u00e9es sans les dess\u00e9cher. Il apaise et prot\u00e8ge votre corps et apporte de l'humidit\u00e9.","breadcrumb":{"@id":"https:\/\/www.lraloeverashop.eu\/fr\/produit\/gel-douche-aloe-vera-cbd\/#breadcrumb"},"inLanguage":"fr-FR","potentialAction":[{"@type":"ReadAction","target":["https:\/\/www.lraloeverashop.eu\/fr\/produit\/gel-douche-aloe-vera-cbd\/"]}]},{"@type":"ImageObject","inLanguage":"fr-FR","@id":"https:\/\/www.lraloeverashop.eu\/fr\/produit\/gel-douche-aloe-vera-cbd\/#primaryimage","url":"https:\/\/www.lraloeverashop.eu\/wp-content\/uploads\/2022\/10\/Lr-Aloe-Vera-CBD-Shower-Gel-Oil.jpg","contentUrl":"https:\/\/www.lraloeverashop.eu\/wp-content\/uploads\/2022\/10\/Lr-Aloe-Vera-CBD-Shower-Gel-Oil.jpg","width":1200,"height":1200,"caption":"Gel douche Aloe Vera \u00e0 l'huile de CBD"},{"@type":"BreadcrumbList","@id":"https:\/\/www.lraloeverashop.eu\/fr\/produit\/gel-douche-aloe-vera-cbd\/#breadcrumb","itemListElement":[{"@type":"ListItem","position":1,"name":"Home","item":"https:\/\/www.lraloeverashop.eu\/fr\/"},{"@type":"ListItem","position":2,"name":"Boutique","item":"https:\/\/www.lraloeverashop.eu\/fr\/boutique\/"},{"@type":"ListItem","position":3,"name":"Gel Douche Aloe Vera CBD"}]},{"@type":"WebSite","@id":"https:\/\/www.lraloeverashop.eu\/fr\/#website","url":"https:\/\/www.lraloeverashop.eu\/fr\/","name":"Boutique Lr Aloe Vera","description":"High Quality Lr Aloe Vera Gel, Aloe Vera Cream and Shampoo","publisher":{"@id":"https:\/\/www.lraloeverashop.eu\/fr\/#organization"},"potentialAction":[{"@type":"SearchAction","target":{"@type":"EntryPoint","urlTemplate":"https:\/\/www.lraloeverashop.eu\/fr\/?s={search_term_string}"},"query-input":{"@type":"PropertyValueSpecification","valueRequired":true,"valueName":"search_term_string"}}],"inLanguage":"fr-FR"},{"@type":"Organization","@id":"https:\/\/www.lraloeverashop.eu\/fr\/#organization","name":"Boutique Lr Aloe Vera","alternateName":"LR","url":"https:\/\/www.lraloeverashop.eu\/fr\/","logo":{"@type":"ImageObject","inLanguage":"fr-FR","@id":"https:\/\/www.lraloeverashop.eu\/fr\/#\/schema\/logo\/image\/","url":"https:\/\/www.lraloeverashop.eu\/wp-content\/uploads\/2022\/09\/cropped-Lr-Aloe-Vera-Shop.jpg","contentUrl":"https:\/\/www.lraloeverashop.eu\/wp-content\/uploads\/2022\/09\/cropped-Lr-Aloe-Vera-Shop.jpg","width":228,"height":76,"caption":"Boutique Lr Aloe Vera"},"image":{"@id":"https:\/\/www.lraloeverashop.eu\/fr\/#\/schema\/logo\/image\/"},"sameAs":["https:\/\/www.facebook.com\/lraloeverashop.eu","https:\/\/x.com\/natur__kosmetik","https:\/\/www.youtube.com\/channel\/UC5oN7BJ8nfYb8RpVtjwDEBA","https:\/\/www.instagram.com\/lrbeautyeu\/"],"description":"La boutique LR Aloe Vera est votre destination de confiance pour les produits de sant\u00e9 et de beaut\u00e9 haut de gamme LR, fabriqu\u00e9s en Allemagne. Nous proposons des soins de la peau, des compl\u00e9ments nutritionnels et des solutions anti-\u00e2ge \u00e0 l'aloe vera de haute qualit\u00e9, \u00e9labor\u00e9s \u00e0 partir d'ingr\u00e9dients purs et valid\u00e9s par la recherche scientifique. D\u00e9couvrez des soins naturels qui r\u00e9g\u00e9n\u00e8rent, prot\u00e8gent et revitalisent votre peau, et profitez d'offres mensuelles exclusives sur nos produits LR Aloe Vera les plus vendus.\n\nCommencez d\u00e8s aujourd'hui votre parcours vers des soins naturels et constatez la diff\u00e9rence.","email":"info@lraloeverashop.eu","telephone":"+49 17670609653","legalName":"Lr Aloe Vera Shop","foundingDate":"2018-04-21","numberOfEmployees":{"@type":"QuantitativeValue","minValue":"1","maxValue":"10"}}]},"product_price_amount":"11.69","product_price_currency":"EUR","og_availability":"instock","product_availability":"instock","product_retailer_item_id":"20824-1FR","product_condition":"new"},"taxonomy_info":{"product_cat":[{"value":212,"label":"Aloe Vera"},{"value":225,"label":"CBD"},{"value":224,"label":"Soins du corps"}],"product_tag":[{"value":579,"label":"Produits CBD"}]},"featured_image_src_large":["https:\/\/www.lraloeverashop.eu\/wp-content\/uploads\/2022\/10\/Lr-Aloe-Vera-CBD-Shower-Gel-Oil-1024x1024.jpg",1024,1024,true],"author_info":[],"comment_info":0,"_links":{"self":[{"href":"https:\/\/www.lraloeverashop.eu\/fr\/wp-json\/wp\/v2\/product\/10591","targetHints":{"allow":["GET"]}}],"collection":[{"href":"https:\/\/www.lraloeverashop.eu\/fr\/wp-json\/wp\/v2\/product"}],"about":[{"href":"https:\/\/www.lraloeverashop.eu\/fr\/wp-json\/wp\/v2\/types\/product"}],"replies":[{"embeddable":true,"href":"https:\/\/www.lraloeverashop.eu\/fr\/wp-json\/wp\/v2\/comments?post=10591"}],"wp:featuredmedia":[{"embeddable":true,"href":"https:\/\/www.lraloeverashop.eu\/fr\/wp-json\/wp\/v2\/media\/4932"}],"wp:attachment":[{"href":"https:\/\/www.lraloeverashop.eu\/fr\/wp-json\/wp\/v2\/media?parent=10591"}],"wp:term":[{"taxonomy":"product_brand","embeddable":true,"href":"https:\/\/www.lraloeverashop.eu\/fr\/wp-json\/wp\/v2\/product_brand?post=10591"},{"taxonomy":"product_cat","embeddable":true,"href":"https:\/\/www.lraloeverashop.eu\/fr\/wp-json\/wp\/v2\/product_cat?post=10591"},{"taxonomy":"product_tag","embeddable":true,"href":"https:\/\/www.lraloeverashop.eu\/fr\/wp-json\/wp\/v2\/product_tag?post=10591"}],"curies":[{"name":"wp","href":"https:\/\/api.w.org\/{rel}","templated":true}]}}