{"id":10572,"date":"2022-10-10T18:15:25","date_gmt":"2022-10-10T16:15:25","guid":{"rendered":"https:\/\/www.lraloeverashop.eu\/product\/sport-set-lr-aloe-vera\/"},"modified":"2026-02-02T20:18:51","modified_gmt":"2026-02-02T19:18:51","slug":"sport-set-lr-aloe-vera","status":"publish","type":"product","link":"https:\/\/www.lraloeverashop.eu\/fr\/produit\/sport-set-lr-aloe-vera\/","title":{"rendered":"Sport Set Lr Aloe Vera"},"content":{"rendered":"<h2><span style=\"font-size: 16pt;\"><strong>Sport Set Lr Aloe Vera<\/strong><\/span><\/h2>\n<p><span style=\"font-size: 14pt;\"><strong>Sport Set Lr Aloe Vera &#8211; Soin Intense Pour Une Fra\u00eecheur Sans Fin<\/strong><\/span><\/p>\n<p>Lr Aloe Vera Sport Set Duo, Nettoie, rafra\u00eechit: Que demander de plus? Avec le kit de sport pratique Lr Aloe Vera, vous pouvez essayer un <a href=\"https:\/\/www.lraloeverashop.eu\/fr\/produit\/aloe-vera-lingettes-nettoyantes-visage-et-corps\/\">nettoyage rapide<\/a> et rafra\u00eechissant de la t\u00eate aux <a href=\"https:\/\/www.lraloeverashop.eu\/fr\/produit\/lr-aloe-vera-creme-pour-les-pieds\/\">pieds<\/a>. La teneur en Aloe Vera pouvant aller jusqu&rsquo;\u00e0 35% donne \u00e0 la peau une hydratation suffisante.<\/p>\n<p>Le <strong>Deo Roll-On Protecteur Lr Aloe Vera<\/strong> est id\u00e9al pour les peaux sensibles et peut \u00eatre utilis\u00e9 directement apr\u00e8s le rasage. Le <a href=\"https:\/\/www.lraloeverashop.eu\/fr\/produit\/aloe-vera-gel-creme-hydratant\/\">gel hydratant \u00e0 l&rsquo;Aloe Vera<\/a> et l&rsquo;extrait de coton biologique assurent une sensation de fra\u00eecheur et de s\u00e9curit\u00e9 tout au long de la journ\u00e9e. La formule sans alcool au parfum d\u00e9licat rafra\u00eechit et peut \u00e9galement \u00eatre utilis\u00e9e en combinaison avec votre parfum pr\u00e9f\u00e9r\u00e9.<\/p>\n<p>Le <strong>shampoing douche 2 en 1 \u00e0 l&rsquo;aloe vera<\/strong> est particuli\u00e8rement doux et peut \u00eatre utilis\u00e9 pour la douche quotidienne et les cheveux. Avec 35 % d&rsquo;aloe vera et de <a href=\"https:\/\/www.lraloeverashop.eu\/fr\/produit\/aloe-vera-creme-anti-stress\/\">l&rsquo;extrait de bambou bio<\/a>, le gel douche rafra\u00eechissant est un produit de toilette et de soin tout en un rapide et simple.<\/p>\n<p>Avec les proportions maximales de Gel d&rsquo;Aloe Vera pur pour l&rsquo;hydratation finale, sans parabens ni huiles min\u00e9rales; et avec des extraits organiques de cultures contr\u00f4l\u00e9es et certifi\u00e9es et une compatibilit\u00e9 cutan\u00e9e test\u00e9e dermatologiquement, <a href=\"https:\/\/www.lraloeverashop.eu\/fr\/produit\/aloe-vera-vital-set\/\">Lr Aloe Vera Cura<\/a> offre une th\u00e9rapie intensive et une efficacit\u00e9 optimale.<\/p>\n<p><a href=\"https:\/\/www.lraloeverashop.eu\/fr\/categorie-produit\/aloe-vera-fr\/\">D\u00e9couvrez nos autres produits Lr Aloe Vera!<\/a><\/p>\n","protected":false},"excerpt":{"rendered":"<ul>\n<li>Avec 35% d&rsquo;Aloe Vera<\/li>\n<li>Avec extrait de bambou<\/li>\n<li>Nettoyant et soin complet, pratique et rapide pour le corps et les cheveux<\/li>\n<li>Pour une agr\u00e9able sensation de fra\u00eecheur sur la peau<\/li>\n<li>Quantit\u00e9: 250 ml<\/li>\n<\/ul>\n<p style=\"text-align: left;\"><span style=\"color: #ff0000;\"><a style=\"color: #ff0000;\" href=\"https:\/\/shop.lrworld.com\/openpao?PHP=0vFlt7jT938BEnBI3a6e9w%3D%3D\"><span style=\"font-size: 14pt;\"><strong>Inscrivez-vous et \u00e9conomisez 35% sur chaque commande<\/strong><\/span><\/a><\/span><\/p>\n","protected":false},"featured_media":5088,"comment_status":"open","ping_status":"closed","template":"","meta":{"_kad_blocks_custom_css":"","_kad_blocks_head_custom_js":"","_kad_blocks_body_custom_js":"","_kad_blocks_footer_custom_js":"","_kadence_starter_templates_imported_post":false,"_kad_post_transparent":"default","_kad_post_title":"","_kad_post_layout":"default","_kad_post_sidebar_id":"","_kad_post_content_style":"default","_kad_post_vertical_padding":"default","_kad_post_feature":"","_kad_post_feature_position":"","_kad_post_header":false,"_kad_post_footer":false,"_kad_post_classname":""},"product_brand":[],"product_cat":[212,224],"product_tag":[647],"class_list":{"0":"post-10572","1":"product","2":"type-product","3":"status-publish","4":"has-post-thumbnail","6":"product_cat-aloe-vera-fr","7":"product_cat-soins-du-corps","8":"product_tag-gel-douche","10":"first","11":"instock","12":"taxable","13":"shipping-taxable","14":"purchasable","15":"product-type-simple","16":"entry","17":"content-bg","18":"loop-entry"},"yoast_head":"<!-- This site is optimized with the Yoast SEO Premium plugin v27.4 (Yoast SEO v27.4) - https:\/\/yoast.com\/product\/yoast-seo-premium-wordpress\/ -->\n<title>Sport Set Lr Aloe Vera - Soin Intense Pour Une Fra\u00eecheur Sans Fin<\/title>\n<meta name=\"description\" content=\"Sport Set Lr Aloe Vera Nettoie et rafra\u00eechit. Que demander de plus? Avec le kit de sport pratique Lr Aloe Vera, vous pouvez essayer un nettoyage rapide.\" \/>\n<meta name=\"robots\" content=\"index, follow, max-snippet:-1, max-image-preview:large, max-video-preview:-1\" \/>\n<link rel=\"canonical\" href=\"https:\/\/www.lraloeverashop.eu\/fr\/produit\/sport-set-lr-aloe-vera\/\" \/>\n<meta property=\"og:locale\" content=\"fr_FR\" \/>\n<meta property=\"og:type\" content=\"article\" \/>\n<meta property=\"og:title\" content=\"Sport Set Lr Aloe Vera\" \/>\n<meta property=\"og:description\" content=\"Sport Set Lr Aloe Vera Nettoie et rafra\u00eechit. Que demander de plus? Avec le kit de sport pratique Lr Aloe Vera, vous pouvez essayer un nettoyage rapide.\" \/>\n<meta property=\"og:url\" content=\"https:\/\/www.lraloeverashop.eu\/fr\/produit\/sport-set-lr-aloe-vera\/\" \/>\n<meta property=\"og:site_name\" content=\"Boutique Lr Aloe Vera\" \/>\n<meta property=\"article:publisher\" content=\"https:\/\/www.facebook.com\/lraloeverashop.eu\" \/>\n<meta property=\"article:modified_time\" content=\"2026-02-02T19:18:51+00:00\" \/>\n<meta property=\"og:image\" content=\"https:\/\/www.lraloeverashop.eu\/wp-content\/uploads\/2022\/10\/Lr-Aloe-refreshing-Vera-Sport-set.jpg\" \/>\n\t<meta property=\"og:image:width\" content=\"1200\" \/>\n\t<meta property=\"og:image:height\" content=\"1200\" \/>\n\t<meta property=\"og:image:type\" content=\"image\/jpeg\" \/>\n<meta name=\"twitter:card\" content=\"summary_large_image\" \/>\n<meta name=\"twitter:site\" content=\"@natur__kosmetik\" \/>\n<script type=\"application\/ld+json\" class=\"yoast-schema-graph\">{\"@context\":\"https:\\\/\\\/schema.org\",\"@graph\":[{\"@type\":[\"WebPage\",\"ItemPage\"],\"@id\":\"https:\\\/\\\/www.lraloeverashop.eu\\\/fr\\\/produit\\\/sport-set-lr-aloe-vera\\\/\",\"url\":\"https:\\\/\\\/www.lraloeverashop.eu\\\/fr\\\/produit\\\/sport-set-lr-aloe-vera\\\/\",\"name\":\"Sport Set Lr Aloe Vera - Soin Intense Pour Une Fra\u00eecheur Sans Fin\",\"isPartOf\":{\"@id\":\"https:\\\/\\\/www.lraloeverashop.eu\\\/fr\\\/#website\"},\"primaryImageOfPage\":{\"@id\":\"https:\\\/\\\/www.lraloeverashop.eu\\\/fr\\\/produit\\\/sport-set-lr-aloe-vera\\\/#primaryimage\"},\"image\":{\"@id\":\"https:\\\/\\\/www.lraloeverashop.eu\\\/fr\\\/produit\\\/sport-set-lr-aloe-vera\\\/#primaryimage\"},\"thumbnailUrl\":\"https:\\\/\\\/www.lraloeverashop.eu\\\/wp-content\\\/uploads\\\/2022\\\/10\\\/Lr-Aloe-refreshing-Vera-Sport-set.jpg\",\"datePublished\":\"2022-10-10T16:15:25+00:00\",\"dateModified\":\"2026-02-02T19:18:51+00:00\",\"description\":\"Sport Set Lr Aloe Vera Nettoie et rafra\u00eechit. Que demander de plus? Avec le kit de sport pratique Lr Aloe Vera, vous pouvez essayer un nettoyage rapide.\",\"breadcrumb\":{\"@id\":\"https:\\\/\\\/www.lraloeverashop.eu\\\/fr\\\/produit\\\/sport-set-lr-aloe-vera\\\/#breadcrumb\"},\"inLanguage\":\"fr-FR\",\"potentialAction\":[{\"@type\":\"ReadAction\",\"target\":[\"https:\\\/\\\/www.lraloeverashop.eu\\\/fr\\\/produit\\\/sport-set-lr-aloe-vera\\\/\"]}]},{\"@type\":\"ImageObject\",\"inLanguage\":\"fr-FR\",\"@id\":\"https:\\\/\\\/www.lraloeverashop.eu\\\/fr\\\/produit\\\/sport-set-lr-aloe-vera\\\/#primaryimage\",\"url\":\"https:\\\/\\\/www.lraloeverashop.eu\\\/wp-content\\\/uploads\\\/2022\\\/10\\\/Lr-Aloe-refreshing-Vera-Sport-set.jpg\",\"contentUrl\":\"https:\\\/\\\/www.lraloeverashop.eu\\\/wp-content\\\/uploads\\\/2022\\\/10\\\/Lr-Aloe-refreshing-Vera-Sport-set.jpg\",\"width\":1200,\"height\":1200,\"caption\":\"Aloe Vera Set Sport rafra\u00eechissant\"},{\"@type\":\"BreadcrumbList\",\"@id\":\"https:\\\/\\\/www.lraloeverashop.eu\\\/fr\\\/produit\\\/sport-set-lr-aloe-vera\\\/#breadcrumb\",\"itemListElement\":[{\"@type\":\"ListItem\",\"position\":1,\"name\":\"Home\",\"item\":\"https:\\\/\\\/www.lraloeverashop.eu\\\/fr\\\/\"},{\"@type\":\"ListItem\",\"position\":2,\"name\":\"Boutique\",\"item\":\"https:\\\/\\\/www.lraloeverashop.eu\\\/fr\\\/boutique\\\/\"},{\"@type\":\"ListItem\",\"position\":3,\"name\":\"Sport Set Lr Aloe Vera\"}]},{\"@type\":\"WebSite\",\"@id\":\"https:\\\/\\\/www.lraloeverashop.eu\\\/fr\\\/#website\",\"url\":\"https:\\\/\\\/www.lraloeverashop.eu\\\/fr\\\/\",\"name\":\"Boutique Lr Aloe Vera\",\"description\":\"High Quality Lr Aloe Vera Gel, Aloe Vera Cream and Shampoo\",\"publisher\":{\"@id\":\"https:\\\/\\\/www.lraloeverashop.eu\\\/fr\\\/#organization\"},\"potentialAction\":[{\"@type\":\"SearchAction\",\"target\":{\"@type\":\"EntryPoint\",\"urlTemplate\":\"https:\\\/\\\/www.lraloeverashop.eu\\\/fr\\\/?s={search_term_string}\"},\"query-input\":{\"@type\":\"PropertyValueSpecification\",\"valueRequired\":true,\"valueName\":\"search_term_string\"}}],\"inLanguage\":\"fr-FR\"},{\"@type\":\"Organization\",\"@id\":\"https:\\\/\\\/www.lraloeverashop.eu\\\/fr\\\/#organization\",\"name\":\"Boutique Lr Aloe Vera\",\"alternateName\":\"LR\",\"url\":\"https:\\\/\\\/www.lraloeverashop.eu\\\/fr\\\/\",\"logo\":{\"@type\":\"ImageObject\",\"inLanguage\":\"fr-FR\",\"@id\":\"https:\\\/\\\/www.lraloeverashop.eu\\\/fr\\\/#\\\/schema\\\/logo\\\/image\\\/\",\"url\":\"https:\\\/\\\/www.lraloeverashop.eu\\\/wp-content\\\/uploads\\\/2022\\\/09\\\/cropped-Lr-Aloe-Vera-Shop.jpg\",\"contentUrl\":\"https:\\\/\\\/www.lraloeverashop.eu\\\/wp-content\\\/uploads\\\/2022\\\/09\\\/cropped-Lr-Aloe-Vera-Shop.jpg\",\"width\":228,\"height\":76,\"caption\":\"Boutique Lr Aloe Vera\"},\"image\":{\"@id\":\"https:\\\/\\\/www.lraloeverashop.eu\\\/fr\\\/#\\\/schema\\\/logo\\\/image\\\/\"},\"sameAs\":[\"https:\\\/\\\/www.facebook.com\\\/lraloeverashop.eu\",\"https:\\\/\\\/x.com\\\/natur__kosmetik\",\"https:\\\/\\\/www.youtube.com\\\/channel\\\/UC5oN7BJ8nfYb8RpVtjwDEBA\",\"https:\\\/\\\/www.instagram.com\\\/lrbeautyeu\\\/\"],\"description\":\"La boutique LR Aloe Vera est votre destination de confiance pour les produits de sant\u00e9 et de beaut\u00e9 haut de gamme LR, fabriqu\u00e9s en Allemagne. Nous proposons des soins de la peau, des compl\u00e9ments nutritionnels et des solutions anti-\u00e2ge \u00e0 l'aloe vera de haute qualit\u00e9, \u00e9labor\u00e9s \u00e0 partir d'ingr\u00e9dients purs et valid\u00e9s par la recherche scientifique. D\u00e9couvrez des soins naturels qui r\u00e9g\u00e9n\u00e8rent, prot\u00e8gent et revitalisent votre peau, et profitez d'offres mensuelles exclusives sur nos produits LR Aloe Vera les plus vendus.\\n\\nCommencez d\u00e8s aujourd'hui votre parcours vers des soins naturels et constatez la diff\u00e9rence.\",\"email\":\"info@lraloeverashop.eu\",\"telephone\":\"+49 17670609653\",\"legalName\":\"Lr Aloe Vera Shop\",\"foundingDate\":\"2018-04-21\",\"numberOfEmployees\":{\"@type\":\"QuantitativeValue\",\"minValue\":\"1\",\"maxValue\":\"10\"}}]}<\/script>\n<meta property=\"product:price:amount\" content=\"23.79\" \/>\n<meta property=\"product:price:currency\" content=\"EUR\" \/>\n<meta property=\"og:availability\" content=\"instock\" \/>\n<meta property=\"product:availability\" content=\"instock\" \/>\n<meta property=\"product:retailer_item_id\" content=\"20642-101FR\" \/>\n<meta property=\"product:condition\" content=\"new\" \/>\n<!-- \/ Yoast SEO Premium plugin. -->","yoast_head_json":{"title":"Sport Set Lr Aloe Vera - Soin Intense Pour Une Fra\u00eecheur Sans Fin","description":"Sport Set Lr Aloe Vera Nettoie et rafra\u00eechit. Que demander de plus? Avec le kit de sport pratique Lr Aloe Vera, vous pouvez essayer un nettoyage rapide.","robots":{"index":"index","follow":"follow","max-snippet":"max-snippet:-1","max-image-preview":"max-image-preview:large","max-video-preview":"max-video-preview:-1"},"canonical":"https:\/\/www.lraloeverashop.eu\/fr\/produit\/sport-set-lr-aloe-vera\/","og_locale":"fr_FR","og_type":"article","og_title":"Sport Set Lr Aloe Vera","og_description":"Sport Set Lr Aloe Vera Nettoie et rafra\u00eechit. Que demander de plus? Avec le kit de sport pratique Lr Aloe Vera, vous pouvez essayer un nettoyage rapide.","og_url":"https:\/\/www.lraloeverashop.eu\/fr\/produit\/sport-set-lr-aloe-vera\/","og_site_name":"Boutique Lr Aloe Vera","article_publisher":"https:\/\/www.facebook.com\/lraloeverashop.eu","article_modified_time":"2026-02-02T19:18:51+00:00","og_image":[{"width":1200,"height":1200,"url":"https:\/\/www.lraloeverashop.eu\/wp-content\/uploads\/2022\/10\/Lr-Aloe-refreshing-Vera-Sport-set.jpg","type":"image\/jpeg"}],"twitter_card":"summary_large_image","twitter_site":"@natur__kosmetik","schema":{"@context":"https:\/\/schema.org","@graph":[{"@type":["WebPage","ItemPage"],"@id":"https:\/\/www.lraloeverashop.eu\/fr\/produit\/sport-set-lr-aloe-vera\/","url":"https:\/\/www.lraloeverashop.eu\/fr\/produit\/sport-set-lr-aloe-vera\/","name":"Sport Set Lr Aloe Vera - Soin Intense Pour Une Fra\u00eecheur Sans Fin","isPartOf":{"@id":"https:\/\/www.lraloeverashop.eu\/fr\/#website"},"primaryImageOfPage":{"@id":"https:\/\/www.lraloeverashop.eu\/fr\/produit\/sport-set-lr-aloe-vera\/#primaryimage"},"image":{"@id":"https:\/\/www.lraloeverashop.eu\/fr\/produit\/sport-set-lr-aloe-vera\/#primaryimage"},"thumbnailUrl":"https:\/\/www.lraloeverashop.eu\/wp-content\/uploads\/2022\/10\/Lr-Aloe-refreshing-Vera-Sport-set.jpg","datePublished":"2022-10-10T16:15:25+00:00","dateModified":"2026-02-02T19:18:51+00:00","description":"Sport Set Lr Aloe Vera Nettoie et rafra\u00eechit. Que demander de plus? Avec le kit de sport pratique Lr Aloe Vera, vous pouvez essayer un nettoyage rapide.","breadcrumb":{"@id":"https:\/\/www.lraloeverashop.eu\/fr\/produit\/sport-set-lr-aloe-vera\/#breadcrumb"},"inLanguage":"fr-FR","potentialAction":[{"@type":"ReadAction","target":["https:\/\/www.lraloeverashop.eu\/fr\/produit\/sport-set-lr-aloe-vera\/"]}]},{"@type":"ImageObject","inLanguage":"fr-FR","@id":"https:\/\/www.lraloeverashop.eu\/fr\/produit\/sport-set-lr-aloe-vera\/#primaryimage","url":"https:\/\/www.lraloeverashop.eu\/wp-content\/uploads\/2022\/10\/Lr-Aloe-refreshing-Vera-Sport-set.jpg","contentUrl":"https:\/\/www.lraloeverashop.eu\/wp-content\/uploads\/2022\/10\/Lr-Aloe-refreshing-Vera-Sport-set.jpg","width":1200,"height":1200,"caption":"Aloe Vera Set Sport rafra\u00eechissant"},{"@type":"BreadcrumbList","@id":"https:\/\/www.lraloeverashop.eu\/fr\/produit\/sport-set-lr-aloe-vera\/#breadcrumb","itemListElement":[{"@type":"ListItem","position":1,"name":"Home","item":"https:\/\/www.lraloeverashop.eu\/fr\/"},{"@type":"ListItem","position":2,"name":"Boutique","item":"https:\/\/www.lraloeverashop.eu\/fr\/boutique\/"},{"@type":"ListItem","position":3,"name":"Sport Set Lr Aloe Vera"}]},{"@type":"WebSite","@id":"https:\/\/www.lraloeverashop.eu\/fr\/#website","url":"https:\/\/www.lraloeverashop.eu\/fr\/","name":"Boutique Lr Aloe Vera","description":"High Quality Lr Aloe Vera Gel, Aloe Vera Cream and Shampoo","publisher":{"@id":"https:\/\/www.lraloeverashop.eu\/fr\/#organization"},"potentialAction":[{"@type":"SearchAction","target":{"@type":"EntryPoint","urlTemplate":"https:\/\/www.lraloeverashop.eu\/fr\/?s={search_term_string}"},"query-input":{"@type":"PropertyValueSpecification","valueRequired":true,"valueName":"search_term_string"}}],"inLanguage":"fr-FR"},{"@type":"Organization","@id":"https:\/\/www.lraloeverashop.eu\/fr\/#organization","name":"Boutique Lr Aloe Vera","alternateName":"LR","url":"https:\/\/www.lraloeverashop.eu\/fr\/","logo":{"@type":"ImageObject","inLanguage":"fr-FR","@id":"https:\/\/www.lraloeverashop.eu\/fr\/#\/schema\/logo\/image\/","url":"https:\/\/www.lraloeverashop.eu\/wp-content\/uploads\/2022\/09\/cropped-Lr-Aloe-Vera-Shop.jpg","contentUrl":"https:\/\/www.lraloeverashop.eu\/wp-content\/uploads\/2022\/09\/cropped-Lr-Aloe-Vera-Shop.jpg","width":228,"height":76,"caption":"Boutique Lr Aloe Vera"},"image":{"@id":"https:\/\/www.lraloeverashop.eu\/fr\/#\/schema\/logo\/image\/"},"sameAs":["https:\/\/www.facebook.com\/lraloeverashop.eu","https:\/\/x.com\/natur__kosmetik","https:\/\/www.youtube.com\/channel\/UC5oN7BJ8nfYb8RpVtjwDEBA","https:\/\/www.instagram.com\/lrbeautyeu\/"],"description":"La boutique LR Aloe Vera est votre destination de confiance pour les produits de sant\u00e9 et de beaut\u00e9 haut de gamme LR, fabriqu\u00e9s en Allemagne. Nous proposons des soins de la peau, des compl\u00e9ments nutritionnels et des solutions anti-\u00e2ge \u00e0 l'aloe vera de haute qualit\u00e9, \u00e9labor\u00e9s \u00e0 partir d'ingr\u00e9dients purs et valid\u00e9s par la recherche scientifique. D\u00e9couvrez des soins naturels qui r\u00e9g\u00e9n\u00e8rent, prot\u00e8gent et revitalisent votre peau, et profitez d'offres mensuelles exclusives sur nos produits LR Aloe Vera les plus vendus.\n\nCommencez d\u00e8s aujourd'hui votre parcours vers des soins naturels et constatez la diff\u00e9rence.","email":"info@lraloeverashop.eu","telephone":"+49 17670609653","legalName":"Lr Aloe Vera Shop","foundingDate":"2018-04-21","numberOfEmployees":{"@type":"QuantitativeValue","minValue":"1","maxValue":"10"}}]},"product_price_amount":"23.79","product_price_currency":"EUR","og_availability":"instock","product_availability":"instock","product_retailer_item_id":"20642-101FR","product_condition":"new"},"taxonomy_info":{"product_cat":[{"value":212,"label":"Aloe Vera"},{"value":224,"label":"Soins du corps"}],"product_tag":[{"value":647,"label":"Gel douche"}]},"featured_image_src_large":["https:\/\/www.lraloeverashop.eu\/wp-content\/uploads\/2022\/10\/Lr-Aloe-refreshing-Vera-Sport-set-1024x1024.jpg",1024,1024,true],"author_info":[],"comment_info":0,"_links":{"self":[{"href":"https:\/\/www.lraloeverashop.eu\/fr\/wp-json\/wp\/v2\/product\/10572","targetHints":{"allow":["GET"]}}],"collection":[{"href":"https:\/\/www.lraloeverashop.eu\/fr\/wp-json\/wp\/v2\/product"}],"about":[{"href":"https:\/\/www.lraloeverashop.eu\/fr\/wp-json\/wp\/v2\/types\/product"}],"replies":[{"embeddable":true,"href":"https:\/\/www.lraloeverashop.eu\/fr\/wp-json\/wp\/v2\/comments?post=10572"}],"wp:featuredmedia":[{"embeddable":true,"href":"https:\/\/www.lraloeverashop.eu\/fr\/wp-json\/wp\/v2\/media\/5088"}],"wp:attachment":[{"href":"https:\/\/www.lraloeverashop.eu\/fr\/wp-json\/wp\/v2\/media?parent=10572"}],"wp:term":[{"taxonomy":"product_brand","embeddable":true,"href":"https:\/\/www.lraloeverashop.eu\/fr\/wp-json\/wp\/v2\/product_brand?post=10572"},{"taxonomy":"product_cat","embeddable":true,"href":"https:\/\/www.lraloeverashop.eu\/fr\/wp-json\/wp\/v2\/product_cat?post=10572"},{"taxonomy":"product_tag","embeddable":true,"href":"https:\/\/www.lraloeverashop.eu\/fr\/wp-json\/wp\/v2\/product_tag?post=10572"}],"curies":[{"name":"wp","href":"https:\/\/api.w.org\/{rel}","templated":true}]}}