{"id":10560,"date":"2022-10-10T18:21:56","date_gmt":"2022-10-10T16:21:56","guid":{"rendered":"https:\/\/www.lraloeverashop.eu\/product\/lr-aloe-vera-creme-contour-du-corps\/"},"modified":"2026-02-02T20:18:34","modified_gmt":"2026-02-02T19:18:34","slug":"lr-aloe-vera-creme-contour-du-corps","status":"publish","type":"product","link":"https:\/\/www.lraloeverashop.eu\/fr\/produit\/lr-aloe-vera-creme-contour-du-corps\/","title":{"rendered":"Gel Anti Cellulite Aloe Vera"},"content":{"rendered":"<h2><span style=\"font-size: 16pt;\"><strong>Gel Anti Cellulite Aloe Vera<\/strong><\/span><\/h2>\n<p><span style=\"font-size: 14pt;\"><strong>Gel Anti Cellulite Aloe Vera &#8211; Le Support R\u00e9gulier Pour Faire Para\u00eetre Votre Corps Rationalis\u00e9<\/strong><\/span><\/p>\n<p>Gel Aloe Vera pour le corps \u00e0 l&rsquo;aloe vera \u00e0 p\u00e9n\u00e9tration rapide raffermit et retend la peau par une application r\u00e9guli\u00e8re et <a href=\"https:\/\/www.lraloeverashop.eu\/fr\/produit\/zeitgard-pro-kit-de-massage-corporel\/\">am\u00e9liore l&rsquo;\u00e9lasticit\u00e9 des tissus<\/a>. La combinaison performante de 30 % de gel d&rsquo;aloe vera, d&rsquo;extrait de th\u00e9 vert et du complexe actif Intenslim (R) vous aide \u00e0 vous sentir tout \u00e0 fait bien dans votre peau.<\/p>\n<p>&nbsp;<\/p>\n<h3><span style=\"font-size: 16pt;\"><strong>Comment utiliser<\/strong><\/span><\/h3>\n<p>Appliquez le Gel Anti Cellulite Aloe Vera doucement deux fois par jour. Masser le gel pour le corps apr\u00e8s la douche ou le bain en effectuant des mouvements circulaires dans la peau sur tout le corps.<\/p>\n<p>\u2022 Favorise la r\u00e9duction du tour de taille avec une utilisation r\u00e9guli\u00e8re<br \/>\n\u2022 Am\u00e9liore l&rsquo;\u00e9lasticit\u00e9 des tissus<br \/>\n\u2022 Raffermit la peau avec une utilisation r\u00e9guli\u00e8re<\/p>\n<p>&nbsp;<\/p>\n<h4><span style=\"font-size: 16pt;\"><strong>Saviez-vous?<\/strong><\/span><\/h4>\n<p>Le Gel Anti Cellulite soutient la r\u00e9duction de la <a href=\"https:\/\/www.lraloeverashop.eu\/fr\/produit\/aloe-vera-creme-anti-cellulite-correctrice\/\">circonf\u00e9rence abdominale<\/a> et assure une structure cutan\u00e9e uniforme<\/p>\n<p>Une \u00e9tude scientifique confirme l&rsquo;effet modelant du gel corporel:<\/p>\n<p>\u2022 100\u00a0% des personnes test\u00e9es confirment que la <a href=\"https:\/\/www.lraloeverashop.eu\/fr\/produit\/creme-pour-vergetures\/\">peau est am\u00e9lior\u00e9e<\/a><br \/>\n\u2022 70\u00a0% confirment que la peau para\u00eet plus \u00e9lastique<br \/>\n\u2022 70\u00a0% d\u00e9clarent que la peau semble visiblement plus serr\u00e9e et plus ferme<\/p>\n<p>\u00c9tude scientifique r\u00e9alis\u00e9e par l&rsquo;Institut Dermatest en mars 2017 sur 20 sujets avec une utilisation quotidienne de Gel Anti Cellulite sur le tour de taille.<\/p>\n<p><strong>CONSEIL D&rsquo;EXPERT:<\/strong> Utilisez un gant de douche pour masser afin d&rsquo;augmenter le flux sanguin.<\/p>\n","protected":false},"excerpt":{"rendered":"<ul>\n<li>Gel rafra\u00eechissant \u00e0 absorption rapide pour l&rsquo;abdomen, les bras et les cuisses<\/li>\n<li>Gel \u00e0 30% d&rsquo;Aloe Vera et ingr\u00e9dients actifs Intenslim\u00ae<\/li>\n<li>Am\u00e9liore l&rsquo;\u00e9lasticit\u00e9 de la peau<\/li>\n<li>Soutient la r\u00e9duction de la circonf\u00e9rence abdominale avec une application r\u00e9guli\u00e8re<\/li>\n<li>Raffermit la peau avec une utilisation r\u00e9guli\u00e8re<\/li>\n<li>Quantit\u00e9: 200 ml<\/li>\n<\/ul>\n<p style=\"text-align: left;\"><span style=\"color: #ff0000;\"><a style=\"color: #ff0000;\" href=\"https:\/\/shop.lrworld.com\/openpao?PHP=0vFlt7jT938BEnBI3a6e9w%3D%3D\"><span style=\"font-size: 14pt;\"><strong>Inscrivez-vous et \u00e9conomisez 35% sur chaque commande<\/strong><\/span><\/a><\/span><\/p>\n","protected":false},"featured_media":5076,"comment_status":"open","ping_status":"closed","template":"","meta":{"_kad_blocks_custom_css":"","_kad_blocks_head_custom_js":"","_kad_blocks_body_custom_js":"","_kad_blocks_footer_custom_js":"","_kadence_starter_templates_imported_post":false,"_kad_post_transparent":"default","_kad_post_title":"","_kad_post_layout":"default","_kad_post_sidebar_id":"","_kad_post_content_style":"default","_kad_post_vertical_padding":"default","_kad_post_feature":"","_kad_post_feature_position":"","_kad_post_header":false,"_kad_post_footer":false,"_kad_post_classname":""},"product_brand":[],"product_cat":[212,224],"product_tag":[580],"class_list":{"0":"post-10560","1":"product","2":"type-product","3":"status-publish","4":"has-post-thumbnail","6":"product_cat-aloe-vera-fr","7":"product_cat-soins-du-corps","8":"product_tag-cellulite-fr","10":"first","11":"instock","12":"taxable","13":"shipping-taxable","14":"purchasable","15":"product-type-simple","16":"entry","17":"content-bg","18":"loop-entry"},"yoast_head":"<!-- This site is optimized with the Yoast SEO Premium plugin v27.4 (Yoast SEO v27.4) - https:\/\/yoast.com\/product\/yoast-seo-premium-wordpress\/ -->\n<title>Gel Anti Cellulite Aloe Vera Pour l&#039;abdomen et Les Cuisses<\/title>\n<meta name=\"description\" content=\"Gel Anti Cellulite Aloe Vera Soutient la r\u00e9duction de la circonf\u00e9rence abdominale et les cuisses avec une application r\u00e9guli\u00e8re. Avec Intenslim\u00ae\" \/>\n<meta name=\"robots\" content=\"index, follow, max-snippet:-1, max-image-preview:large, max-video-preview:-1\" \/>\n<link rel=\"canonical\" href=\"https:\/\/www.lraloeverashop.eu\/fr\/produit\/lr-aloe-vera-creme-contour-du-corps\/\" \/>\n<meta property=\"og:locale\" content=\"fr_FR\" \/>\n<meta property=\"og:type\" content=\"article\" \/>\n<meta property=\"og:title\" content=\"Gel Anti Cellulite Aloe Vera\" \/>\n<meta property=\"og:description\" content=\"Gel Anti Cellulite Aloe Vera Soutient la r\u00e9duction de la circonf\u00e9rence abdominale et les cuisses avec une application r\u00e9guli\u00e8re. Avec Intenslim\u00ae\" \/>\n<meta property=\"og:url\" content=\"https:\/\/www.lraloeverashop.eu\/fr\/produit\/lr-aloe-vera-creme-contour-du-corps\/\" \/>\n<meta property=\"og:site_name\" content=\"Boutique Lr Aloe Vera\" \/>\n<meta property=\"article:publisher\" content=\"https:\/\/www.facebook.com\/lraloeverashop.eu\" \/>\n<meta property=\"article:modified_time\" content=\"2026-02-02T19:18:34+00:00\" \/>\n<meta property=\"og:image\" content=\"https:\/\/www.lraloeverashop.eu\/wp-content\/uploads\/2022\/10\/Aloe-Vera-Shaping-Body-Gel.jpg\" \/>\n\t<meta property=\"og:image:width\" content=\"1200\" \/>\n\t<meta property=\"og:image:height\" content=\"1200\" \/>\n\t<meta property=\"og:image:type\" content=\"image\/jpeg\" \/>\n<meta name=\"twitter:card\" content=\"summary_large_image\" \/>\n<meta name=\"twitter:site\" content=\"@natur__kosmetik\" \/>\n<script type=\"application\/ld+json\" class=\"yoast-schema-graph\">{\"@context\":\"https:\\\/\\\/schema.org\",\"@graph\":[{\"@type\":[\"WebPage\",\"ItemPage\"],\"@id\":\"https:\\\/\\\/www.lraloeverashop.eu\\\/fr\\\/produit\\\/lr-aloe-vera-creme-contour-du-corps\\\/\",\"url\":\"https:\\\/\\\/www.lraloeverashop.eu\\\/fr\\\/produit\\\/lr-aloe-vera-creme-contour-du-corps\\\/\",\"name\":\"Gel Anti Cellulite Aloe Vera Pour l'abdomen et Les Cuisses\",\"isPartOf\":{\"@id\":\"https:\\\/\\\/www.lraloeverashop.eu\\\/fr\\\/#website\"},\"primaryImageOfPage\":{\"@id\":\"https:\\\/\\\/www.lraloeverashop.eu\\\/fr\\\/produit\\\/lr-aloe-vera-creme-contour-du-corps\\\/#primaryimage\"},\"image\":{\"@id\":\"https:\\\/\\\/www.lraloeverashop.eu\\\/fr\\\/produit\\\/lr-aloe-vera-creme-contour-du-corps\\\/#primaryimage\"},\"thumbnailUrl\":\"https:\\\/\\\/www.lraloeverashop.eu\\\/wp-content\\\/uploads\\\/2022\\\/10\\\/Aloe-Vera-Shaping-Body-Gel.jpg\",\"datePublished\":\"2022-10-10T16:21:56+00:00\",\"dateModified\":\"2026-02-02T19:18:34+00:00\",\"description\":\"Gel Anti Cellulite Aloe Vera Soutient la r\u00e9duction de la circonf\u00e9rence abdominale et les cuisses avec une application r\u00e9guli\u00e8re. Avec Intenslim\u00ae\",\"breadcrumb\":{\"@id\":\"https:\\\/\\\/www.lraloeverashop.eu\\\/fr\\\/produit\\\/lr-aloe-vera-creme-contour-du-corps\\\/#breadcrumb\"},\"inLanguage\":\"fr-FR\",\"potentialAction\":[{\"@type\":\"ReadAction\",\"target\":[\"https:\\\/\\\/www.lraloeverashop.eu\\\/fr\\\/produit\\\/lr-aloe-vera-creme-contour-du-corps\\\/\"]}]},{\"@type\":\"ImageObject\",\"inLanguage\":\"fr-FR\",\"@id\":\"https:\\\/\\\/www.lraloeverashop.eu\\\/fr\\\/produit\\\/lr-aloe-vera-creme-contour-du-corps\\\/#primaryimage\",\"url\":\"https:\\\/\\\/www.lraloeverashop.eu\\\/wp-content\\\/uploads\\\/2022\\\/10\\\/Aloe-Vera-Shaping-Body-Gel.jpg\",\"contentUrl\":\"https:\\\/\\\/www.lraloeverashop.eu\\\/wp-content\\\/uploads\\\/2022\\\/10\\\/Aloe-Vera-Shaping-Body-Gel.jpg\",\"width\":1200,\"height\":1200,\"caption\":\"Gel Anti Cellulite Aloe Vera Soutient la r\u00e9duction de la circonf\u00e9rence abdominale\"},{\"@type\":\"BreadcrumbList\",\"@id\":\"https:\\\/\\\/www.lraloeverashop.eu\\\/fr\\\/produit\\\/lr-aloe-vera-creme-contour-du-corps\\\/#breadcrumb\",\"itemListElement\":[{\"@type\":\"ListItem\",\"position\":1,\"name\":\"Home\",\"item\":\"https:\\\/\\\/www.lraloeverashop.eu\\\/fr\\\/\"},{\"@type\":\"ListItem\",\"position\":2,\"name\":\"Boutique\",\"item\":\"https:\\\/\\\/www.lraloeverashop.eu\\\/fr\\\/boutique\\\/\"},{\"@type\":\"ListItem\",\"position\":3,\"name\":\"Gel Anti Cellulite Aloe Vera\"}]},{\"@type\":\"WebSite\",\"@id\":\"https:\\\/\\\/www.lraloeverashop.eu\\\/fr\\\/#website\",\"url\":\"https:\\\/\\\/www.lraloeverashop.eu\\\/fr\\\/\",\"name\":\"Boutique Lr Aloe Vera\",\"description\":\"High Quality Lr Aloe Vera Gel, Aloe Vera Cream and Shampoo\",\"publisher\":{\"@id\":\"https:\\\/\\\/www.lraloeverashop.eu\\\/fr\\\/#organization\"},\"potentialAction\":[{\"@type\":\"SearchAction\",\"target\":{\"@type\":\"EntryPoint\",\"urlTemplate\":\"https:\\\/\\\/www.lraloeverashop.eu\\\/fr\\\/?s={search_term_string}\"},\"query-input\":{\"@type\":\"PropertyValueSpecification\",\"valueRequired\":true,\"valueName\":\"search_term_string\"}}],\"inLanguage\":\"fr-FR\"},{\"@type\":\"Organization\",\"@id\":\"https:\\\/\\\/www.lraloeverashop.eu\\\/fr\\\/#organization\",\"name\":\"Boutique Lr Aloe Vera\",\"alternateName\":\"LR\",\"url\":\"https:\\\/\\\/www.lraloeverashop.eu\\\/fr\\\/\",\"logo\":{\"@type\":\"ImageObject\",\"inLanguage\":\"fr-FR\",\"@id\":\"https:\\\/\\\/www.lraloeverashop.eu\\\/fr\\\/#\\\/schema\\\/logo\\\/image\\\/\",\"url\":\"https:\\\/\\\/www.lraloeverashop.eu\\\/wp-content\\\/uploads\\\/2022\\\/09\\\/cropped-Lr-Aloe-Vera-Shop.jpg\",\"contentUrl\":\"https:\\\/\\\/www.lraloeverashop.eu\\\/wp-content\\\/uploads\\\/2022\\\/09\\\/cropped-Lr-Aloe-Vera-Shop.jpg\",\"width\":228,\"height\":76,\"caption\":\"Boutique Lr Aloe Vera\"},\"image\":{\"@id\":\"https:\\\/\\\/www.lraloeverashop.eu\\\/fr\\\/#\\\/schema\\\/logo\\\/image\\\/\"},\"sameAs\":[\"https:\\\/\\\/www.facebook.com\\\/lraloeverashop.eu\",\"https:\\\/\\\/x.com\\\/natur__kosmetik\",\"https:\\\/\\\/www.youtube.com\\\/channel\\\/UC5oN7BJ8nfYb8RpVtjwDEBA\",\"https:\\\/\\\/www.instagram.com\\\/lrbeautyeu\\\/\"],\"description\":\"La boutique LR Aloe Vera est votre destination de confiance pour les produits de sant\u00e9 et de beaut\u00e9 haut de gamme LR, fabriqu\u00e9s en Allemagne. Nous proposons des soins de la peau, des compl\u00e9ments nutritionnels et des solutions anti-\u00e2ge \u00e0 l'aloe vera de haute qualit\u00e9, \u00e9labor\u00e9s \u00e0 partir d'ingr\u00e9dients purs et valid\u00e9s par la recherche scientifique. D\u00e9couvrez des soins naturels qui r\u00e9g\u00e9n\u00e8rent, prot\u00e8gent et revitalisent votre peau, et profitez d'offres mensuelles exclusives sur nos produits LR Aloe Vera les plus vendus.\\n\\nCommencez d\u00e8s aujourd'hui votre parcours vers des soins naturels et constatez la diff\u00e9rence.\",\"email\":\"info@lraloeverashop.eu\",\"telephone\":\"+49 17670609653\",\"legalName\":\"Lr Aloe Vera Shop\",\"foundingDate\":\"2018-04-21\",\"numberOfEmployees\":{\"@type\":\"QuantitativeValue\",\"minValue\":\"1\",\"maxValue\":\"10\"}}]}<\/script>\n<meta property=\"product:price:amount\" content=\"23.69\" \/>\n<meta property=\"product:price:currency\" content=\"EUR\" \/>\n<meta property=\"og:availability\" content=\"instock\" \/>\n<meta property=\"product:availability\" content=\"instock\" \/>\n<meta property=\"product:retailer_item_id\" content=\"27536-1FR\" \/>\n<meta property=\"product:condition\" content=\"new\" \/>\n<!-- \/ Yoast SEO Premium plugin. -->","yoast_head_json":{"title":"Gel Anti Cellulite Aloe Vera Pour l'abdomen et Les Cuisses","description":"Gel Anti Cellulite Aloe Vera Soutient la r\u00e9duction de la circonf\u00e9rence abdominale et les cuisses avec une application r\u00e9guli\u00e8re. Avec Intenslim\u00ae","robots":{"index":"index","follow":"follow","max-snippet":"max-snippet:-1","max-image-preview":"max-image-preview:large","max-video-preview":"max-video-preview:-1"},"canonical":"https:\/\/www.lraloeverashop.eu\/fr\/produit\/lr-aloe-vera-creme-contour-du-corps\/","og_locale":"fr_FR","og_type":"article","og_title":"Gel Anti Cellulite Aloe Vera","og_description":"Gel Anti Cellulite Aloe Vera Soutient la r\u00e9duction de la circonf\u00e9rence abdominale et les cuisses avec une application r\u00e9guli\u00e8re. Avec Intenslim\u00ae","og_url":"https:\/\/www.lraloeverashop.eu\/fr\/produit\/lr-aloe-vera-creme-contour-du-corps\/","og_site_name":"Boutique Lr Aloe Vera","article_publisher":"https:\/\/www.facebook.com\/lraloeverashop.eu","article_modified_time":"2026-02-02T19:18:34+00:00","og_image":[{"width":1200,"height":1200,"url":"https:\/\/www.lraloeverashop.eu\/wp-content\/uploads\/2022\/10\/Aloe-Vera-Shaping-Body-Gel.jpg","type":"image\/jpeg"}],"twitter_card":"summary_large_image","twitter_site":"@natur__kosmetik","schema":{"@context":"https:\/\/schema.org","@graph":[{"@type":["WebPage","ItemPage"],"@id":"https:\/\/www.lraloeverashop.eu\/fr\/produit\/lr-aloe-vera-creme-contour-du-corps\/","url":"https:\/\/www.lraloeverashop.eu\/fr\/produit\/lr-aloe-vera-creme-contour-du-corps\/","name":"Gel Anti Cellulite Aloe Vera Pour l'abdomen et Les Cuisses","isPartOf":{"@id":"https:\/\/www.lraloeverashop.eu\/fr\/#website"},"primaryImageOfPage":{"@id":"https:\/\/www.lraloeverashop.eu\/fr\/produit\/lr-aloe-vera-creme-contour-du-corps\/#primaryimage"},"image":{"@id":"https:\/\/www.lraloeverashop.eu\/fr\/produit\/lr-aloe-vera-creme-contour-du-corps\/#primaryimage"},"thumbnailUrl":"https:\/\/www.lraloeverashop.eu\/wp-content\/uploads\/2022\/10\/Aloe-Vera-Shaping-Body-Gel.jpg","datePublished":"2022-10-10T16:21:56+00:00","dateModified":"2026-02-02T19:18:34+00:00","description":"Gel Anti Cellulite Aloe Vera Soutient la r\u00e9duction de la circonf\u00e9rence abdominale et les cuisses avec une application r\u00e9guli\u00e8re. Avec Intenslim\u00ae","breadcrumb":{"@id":"https:\/\/www.lraloeverashop.eu\/fr\/produit\/lr-aloe-vera-creme-contour-du-corps\/#breadcrumb"},"inLanguage":"fr-FR","potentialAction":[{"@type":"ReadAction","target":["https:\/\/www.lraloeverashop.eu\/fr\/produit\/lr-aloe-vera-creme-contour-du-corps\/"]}]},{"@type":"ImageObject","inLanguage":"fr-FR","@id":"https:\/\/www.lraloeverashop.eu\/fr\/produit\/lr-aloe-vera-creme-contour-du-corps\/#primaryimage","url":"https:\/\/www.lraloeverashop.eu\/wp-content\/uploads\/2022\/10\/Aloe-Vera-Shaping-Body-Gel.jpg","contentUrl":"https:\/\/www.lraloeverashop.eu\/wp-content\/uploads\/2022\/10\/Aloe-Vera-Shaping-Body-Gel.jpg","width":1200,"height":1200,"caption":"Gel Anti Cellulite Aloe Vera Soutient la r\u00e9duction de la circonf\u00e9rence abdominale"},{"@type":"BreadcrumbList","@id":"https:\/\/www.lraloeverashop.eu\/fr\/produit\/lr-aloe-vera-creme-contour-du-corps\/#breadcrumb","itemListElement":[{"@type":"ListItem","position":1,"name":"Home","item":"https:\/\/www.lraloeverashop.eu\/fr\/"},{"@type":"ListItem","position":2,"name":"Boutique","item":"https:\/\/www.lraloeverashop.eu\/fr\/boutique\/"},{"@type":"ListItem","position":3,"name":"Gel Anti Cellulite Aloe Vera"}]},{"@type":"WebSite","@id":"https:\/\/www.lraloeverashop.eu\/fr\/#website","url":"https:\/\/www.lraloeverashop.eu\/fr\/","name":"Boutique Lr Aloe Vera","description":"High Quality Lr Aloe Vera Gel, Aloe Vera Cream and Shampoo","publisher":{"@id":"https:\/\/www.lraloeverashop.eu\/fr\/#organization"},"potentialAction":[{"@type":"SearchAction","target":{"@type":"EntryPoint","urlTemplate":"https:\/\/www.lraloeverashop.eu\/fr\/?s={search_term_string}"},"query-input":{"@type":"PropertyValueSpecification","valueRequired":true,"valueName":"search_term_string"}}],"inLanguage":"fr-FR"},{"@type":"Organization","@id":"https:\/\/www.lraloeverashop.eu\/fr\/#organization","name":"Boutique Lr Aloe Vera","alternateName":"LR","url":"https:\/\/www.lraloeverashop.eu\/fr\/","logo":{"@type":"ImageObject","inLanguage":"fr-FR","@id":"https:\/\/www.lraloeverashop.eu\/fr\/#\/schema\/logo\/image\/","url":"https:\/\/www.lraloeverashop.eu\/wp-content\/uploads\/2022\/09\/cropped-Lr-Aloe-Vera-Shop.jpg","contentUrl":"https:\/\/www.lraloeverashop.eu\/wp-content\/uploads\/2022\/09\/cropped-Lr-Aloe-Vera-Shop.jpg","width":228,"height":76,"caption":"Boutique Lr Aloe Vera"},"image":{"@id":"https:\/\/www.lraloeverashop.eu\/fr\/#\/schema\/logo\/image\/"},"sameAs":["https:\/\/www.facebook.com\/lraloeverashop.eu","https:\/\/x.com\/natur__kosmetik","https:\/\/www.youtube.com\/channel\/UC5oN7BJ8nfYb8RpVtjwDEBA","https:\/\/www.instagram.com\/lrbeautyeu\/"],"description":"La boutique LR Aloe Vera est votre destination de confiance pour les produits de sant\u00e9 et de beaut\u00e9 haut de gamme LR, fabriqu\u00e9s en Allemagne. Nous proposons des soins de la peau, des compl\u00e9ments nutritionnels et des solutions anti-\u00e2ge \u00e0 l'aloe vera de haute qualit\u00e9, \u00e9labor\u00e9s \u00e0 partir d'ingr\u00e9dients purs et valid\u00e9s par la recherche scientifique. D\u00e9couvrez des soins naturels qui r\u00e9g\u00e9n\u00e8rent, prot\u00e8gent et revitalisent votre peau, et profitez d'offres mensuelles exclusives sur nos produits LR Aloe Vera les plus vendus.\n\nCommencez d\u00e8s aujourd'hui votre parcours vers des soins naturels et constatez la diff\u00e9rence.","email":"info@lraloeverashop.eu","telephone":"+49 17670609653","legalName":"Lr Aloe Vera Shop","foundingDate":"2018-04-21","numberOfEmployees":{"@type":"QuantitativeValue","minValue":"1","maxValue":"10"}}]},"product_price_amount":"23.69","product_price_currency":"EUR","og_availability":"instock","product_availability":"instock","product_retailer_item_id":"27536-1FR","product_condition":"new"},"taxonomy_info":{"product_cat":[{"value":212,"label":"Aloe Vera"},{"value":224,"label":"Soins du corps"}],"product_tag":[{"value":580,"label":"Cellulite"}]},"featured_image_src_large":["https:\/\/www.lraloeverashop.eu\/wp-content\/uploads\/2022\/10\/Aloe-Vera-Shaping-Body-Gel-1024x1024.jpg",1024,1024,true],"author_info":[],"comment_info":0,"_links":{"self":[{"href":"https:\/\/www.lraloeverashop.eu\/fr\/wp-json\/wp\/v2\/product\/10560","targetHints":{"allow":["GET"]}}],"collection":[{"href":"https:\/\/www.lraloeverashop.eu\/fr\/wp-json\/wp\/v2\/product"}],"about":[{"href":"https:\/\/www.lraloeverashop.eu\/fr\/wp-json\/wp\/v2\/types\/product"}],"replies":[{"embeddable":true,"href":"https:\/\/www.lraloeverashop.eu\/fr\/wp-json\/wp\/v2\/comments?post=10560"}],"wp:featuredmedia":[{"embeddable":true,"href":"https:\/\/www.lraloeverashop.eu\/fr\/wp-json\/wp\/v2\/media\/5076"}],"wp:attachment":[{"href":"https:\/\/www.lraloeverashop.eu\/fr\/wp-json\/wp\/v2\/media?parent=10560"}],"wp:term":[{"taxonomy":"product_brand","embeddable":true,"href":"https:\/\/www.lraloeverashop.eu\/fr\/wp-json\/wp\/v2\/product_brand?post=10560"},{"taxonomy":"product_cat","embeddable":true,"href":"https:\/\/www.lraloeverashop.eu\/fr\/wp-json\/wp\/v2\/product_cat?post=10560"},{"taxonomy":"product_tag","embeddable":true,"href":"https:\/\/www.lraloeverashop.eu\/fr\/wp-json\/wp\/v2\/product_tag?post=10560"}],"curies":[{"name":"wp","href":"https:\/\/api.w.org\/{rel}","templated":true}]}}