{"id":10541,"date":"2022-10-10T18:37:50","date_gmt":"2022-10-10T16:37:50","guid":{"rendered":"https:\/\/www.lraloeverashop.eu\/product\/lr-aloe-vera-set-de-soins-du-corps\/"},"modified":"2026-02-02T20:18:05","modified_gmt":"2026-02-02T19:18:05","slug":"lr-aloe-vera-set-de-soins-du-corps","status":"publish","type":"product","link":"https:\/\/www.lraloeverashop.eu\/fr\/produit\/lr-aloe-vera-set-de-soins-du-corps\/","title":{"rendered":"Soins Du Corps Aloe Vera Set"},"content":{"rendered":"<h2><span style=\"font-size: 16pt;\"><strong>Soins Du Corps Aloe Vera Set<\/strong><\/span><\/h2>\n<p><span style=\"font-size: 14pt;\"><strong>Soins Du Corps Aloe Vera Set &#8211; Soin Complet Pour Une Peau Douce et Velout\u00e9e<\/strong><\/span><\/p>\n<p>Le <a href=\"https:\/\/www.lraloeverashop.eu\/fr\/categorie-produit\/aloe-vera-fr\/soins-du-corps\/\">soin corporel<\/a> Lr Aloe Vera utilise la force de l&rsquo;aloe vera et offre un nettoyage rafraichissant alli\u00e9 \u00e0 un soin intense. Des compositions sp\u00e9ciales &#8211; pour chaque exigence &#8211; nettoient la peau en douceur et stabilisent sa teneur en humidit\u00e9.<\/p>\n<p><a href=\"https:\/\/www.lraloeverashop.eu\/fr\/produit\/aloe-vera-gel-creme-hydratant\/\"><strong>Aloe Vera Gel Cr\u00e8me Hydratant<\/strong><\/a> rafraichit et illumine votre peau. Le stress et la fatigue laissent leurs traces sur notre peau. La texture soyeuse et rafraichissante du gel-cr\u00e8me hydratant hydrate la peau en profondeur. Elle p\u00e9n\u00e8tre rapidement et laisse une sensation de douceur et de l\u00e9g\u00e8ret\u00e9 sur la peau. La solution id\u00e9ale pour les peaux mixtes!<\/p>\n<p>La <a href=\"https:\/\/www.lraloeverashop.eu\/fr\/produit\/aloe-vera-creme-pour-les-mains\/\"><strong>cr\u00e8me pour les mains<\/strong><\/a> offre une protection et un soin efficace. Avec 35% d&rsquo;extrait d&rsquo;Aloe Vera et de calendula, il procure une hydratation intense aux mains. La cr\u00e8me est rapidement absorb\u00e9e par la peau, offrant des mains douces et velout\u00e9es.<\/p>\n<p>La <a href=\"https:\/\/www.lraloeverashop.eu\/fr\/produit\/aloe-vera-creme-peau-douce\/\"><strong>cr\u00e8me pour la peau<\/strong><\/a> avec 35 % de gel d&rsquo;aloe vera pur et de l&rsquo;extrait de magnolia bio hydrate naturellement, p\u00e9n\u00e8tre rapidement et ne graisse pas. Une application r\u00e9guli\u00e8re procure une peau douce. L&rsquo;extrait de magnolia apporte une exp\u00e9rience agr\u00e9able sur la peau.<\/p>\n<p>Les <a href=\"https:\/\/www.lraloeverashop.eu\/fr\/produit\/zeitgard-pro-set-de-soin-de-la-peau\/\">peaux s\u00e8ches<\/a> et tr\u00e8s sensibles profitent particuli\u00e8rement des propri\u00e9t\u00e9s compensatrices de la cr\u00e8me douce pour la peau \u00e0 l&rsquo;aloe vera, qui les aide \u00e0 retrouver leur \u00e9quilibre naturel.<\/p>\n<p>Avec notre Soins Du Corps Aloe Vera Set parfaitement \u00e9tudi\u00e9, vous pouvez vous sentir bien dans une <a href=\"https:\/\/www.lraloeverashop.eu\/fr\/categorie-produit\/aloe-vera-fr\/soins-speciaux\/\">peau soyeuse<\/a>. De la t\u00eate aux pieds. Pour toute la famille.<\/p>\n","protected":false},"excerpt":{"rendered":"<ul>\n<li>Soin complet pour une peau douce et velout\u00e9e<\/li>\n<li>Lr Aloe Vera Cr\u00e8me pour la peau d\u00e9licate<\/li>\n<li>Lr Aloe Vera Cr\u00e8me pour les mains<\/li>\n<li>Lr Aloe Vera Gel-cr\u00e8me rafra\u00eechissant revitalise le teint<\/li>\n<li>Sans parabens<\/li>\n<\/ul>\n<p style=\"text-align: left;\"><span style=\"color: #ff0000;\"><a style=\"color: #ff0000;\" href=\"https:\/\/shop.lrworld.com\/openpao?PHP=0vFlt7jT938BEnBI3a6e9w%3D%3D\"><span style=\"font-size: 14pt;\"><strong>Inscrivez-vous et \u00e9conomisez 35% sur chaque commande<\/strong><\/span><\/a><\/span><\/p>\n","protected":false},"featured_media":4908,"comment_status":"open","ping_status":"closed","template":"","meta":{"_kad_blocks_custom_css":"","_kad_blocks_head_custom_js":"","_kad_blocks_body_custom_js":"","_kad_blocks_footer_custom_js":"","_kadence_starter_templates_imported_post":false,"_kad_post_transparent":"default","_kad_post_title":"","_kad_post_layout":"default","_kad_post_sidebar_id":"","_kad_post_content_style":"default","_kad_post_vertical_padding":"default","_kad_post_feature":"","_kad_post_feature_position":"","_kad_post_header":false,"_kad_post_footer":false,"_kad_post_classname":""},"product_brand":[],"product_cat":[212,224],"product_tag":[587],"class_list":{"0":"post-10541","1":"product","2":"type-product","3":"status-publish","4":"has-post-thumbnail","6":"product_cat-aloe-vera-fr","7":"product_cat-soins-du-corps","8":"product_tag-peau-seche","10":"first","11":"outofstock","12":"taxable","13":"shipping-taxable","14":"purchasable","15":"product-type-simple","16":"entry","17":"content-bg","18":"loop-entry"},"yoast_head":"<!-- This site is optimized with the Yoast SEO Premium plugin v27.3 (Yoast SEO v27.3) - https:\/\/yoast.com\/product\/yoast-seo-premium-wordpress\/ -->\n<title>Soins Du Corps Aloe Vera Set Pour Une Peau Douce et Velout\u00e9e<\/title>\n<meta name=\"description\" content=\"Avec notre Soins Du Corps Aloe Vera Set parfaitement \u00e9tudi\u00e9, vous pouvez vous sentir bien dans une peau soyeuse. De la t\u00eate aux pieds. Sans parabens\" \/>\n<meta name=\"robots\" content=\"index, follow, max-snippet:-1, max-image-preview:large, max-video-preview:-1\" \/>\n<link rel=\"canonical\" href=\"https:\/\/www.lraloeverashop.eu\/fr\/produit\/lr-aloe-vera-set-de-soins-du-corps\/\" \/>\n<meta property=\"og:locale\" content=\"fr_FR\" \/>\n<meta property=\"og:type\" content=\"article\" \/>\n<meta property=\"og:title\" content=\"Soins Du Corps Aloe Vera Set\" \/>\n<meta property=\"og:description\" content=\"Avec notre Soins Du Corps Aloe Vera Set parfaitement \u00e9tudi\u00e9, vous pouvez vous sentir bien dans une peau soyeuse. De la t\u00eate aux pieds. Sans parabens\" \/>\n<meta property=\"og:url\" content=\"https:\/\/www.lraloeverashop.eu\/fr\/produit\/lr-aloe-vera-set-de-soins-du-corps\/\" \/>\n<meta property=\"og:site_name\" content=\"Boutique Lr Aloe Vera\" \/>\n<meta property=\"article:publisher\" content=\"https:\/\/www.facebook.com\/lraloeverashop.eu\" \/>\n<meta property=\"article:modified_time\" content=\"2026-02-02T19:18:05+00:00\" \/>\n<meta property=\"og:image\" content=\"https:\/\/www.lraloeverashop.eu\/wp-content\/uploads\/2022\/10\/Lr-Aloe-Vera-Body-Care-Set.jpg\" \/>\n\t<meta property=\"og:image:width\" content=\"1200\" \/>\n\t<meta property=\"og:image:height\" content=\"1200\" \/>\n\t<meta property=\"og:image:type\" content=\"image\/jpeg\" \/>\n<meta name=\"twitter:card\" content=\"summary_large_image\" \/>\n<meta name=\"twitter:site\" content=\"@natur__kosmetik\" \/>\n<script type=\"application\/ld+json\" class=\"yoast-schema-graph\">{\"@context\":\"https:\\\/\\\/schema.org\",\"@graph\":[{\"@type\":[\"WebPage\",\"ItemPage\"],\"@id\":\"https:\\\/\\\/www.lraloeverashop.eu\\\/fr\\\/produit\\\/lr-aloe-vera-set-de-soins-du-corps\\\/\",\"url\":\"https:\\\/\\\/www.lraloeverashop.eu\\\/fr\\\/produit\\\/lr-aloe-vera-set-de-soins-du-corps\\\/\",\"name\":\"Soins Du Corps Aloe Vera Set Pour Une Peau Douce et Velout\u00e9e\",\"isPartOf\":{\"@id\":\"https:\\\/\\\/www.lraloeverashop.eu\\\/fr\\\/#website\"},\"primaryImageOfPage\":{\"@id\":\"https:\\\/\\\/www.lraloeverashop.eu\\\/fr\\\/produit\\\/lr-aloe-vera-set-de-soins-du-corps\\\/#primaryimage\"},\"image\":{\"@id\":\"https:\\\/\\\/www.lraloeverashop.eu\\\/fr\\\/produit\\\/lr-aloe-vera-set-de-soins-du-corps\\\/#primaryimage\"},\"thumbnailUrl\":\"https:\\\/\\\/www.lraloeverashop.eu\\\/wp-content\\\/uploads\\\/2022\\\/10\\\/Lr-Aloe-Vera-Body-Care-Set.jpg\",\"datePublished\":\"2022-10-10T16:37:50+00:00\",\"dateModified\":\"2026-02-02T19:18:05+00:00\",\"description\":\"Avec notre Soins Du Corps Aloe Vera Set parfaitement \u00e9tudi\u00e9, vous pouvez vous sentir bien dans une peau soyeuse. De la t\u00eate aux pieds. Sans parabens\",\"breadcrumb\":{\"@id\":\"https:\\\/\\\/www.lraloeverashop.eu\\\/fr\\\/produit\\\/lr-aloe-vera-set-de-soins-du-corps\\\/#breadcrumb\"},\"inLanguage\":\"fr-FR\",\"potentialAction\":[{\"@type\":\"ReadAction\",\"target\":[\"https:\\\/\\\/www.lraloeverashop.eu\\\/fr\\\/produit\\\/lr-aloe-vera-set-de-soins-du-corps\\\/\"]}]},{\"@type\":\"ImageObject\",\"inLanguage\":\"fr-FR\",\"@id\":\"https:\\\/\\\/www.lraloeverashop.eu\\\/fr\\\/produit\\\/lr-aloe-vera-set-de-soins-du-corps\\\/#primaryimage\",\"url\":\"https:\\\/\\\/www.lraloeverashop.eu\\\/wp-content\\\/uploads\\\/2022\\\/10\\\/Lr-Aloe-Vera-Body-Care-Set.jpg\",\"contentUrl\":\"https:\\\/\\\/www.lraloeverashop.eu\\\/wp-content\\\/uploads\\\/2022\\\/10\\\/Lr-Aloe-Vera-Body-Care-Set.jpg\",\"width\":1200,\"height\":1200,\"caption\":\"Lr Aloe Vera Set De Soins Du Corps pour Une Peau Douce et Velout\u00e9e\"},{\"@type\":\"BreadcrumbList\",\"@id\":\"https:\\\/\\\/www.lraloeverashop.eu\\\/fr\\\/produit\\\/lr-aloe-vera-set-de-soins-du-corps\\\/#breadcrumb\",\"itemListElement\":[{\"@type\":\"ListItem\",\"position\":1,\"name\":\"Home\",\"item\":\"https:\\\/\\\/www.lraloeverashop.eu\\\/fr\\\/\"},{\"@type\":\"ListItem\",\"position\":2,\"name\":\"Boutique\",\"item\":\"https:\\\/\\\/www.lraloeverashop.eu\\\/fr\\\/boutique\\\/\"},{\"@type\":\"ListItem\",\"position\":3,\"name\":\"Soins Du Corps Aloe Vera Set\"}]},{\"@type\":\"WebSite\",\"@id\":\"https:\\\/\\\/www.lraloeverashop.eu\\\/fr\\\/#website\",\"url\":\"https:\\\/\\\/www.lraloeverashop.eu\\\/fr\\\/\",\"name\":\"Boutique Lr Aloe Vera\",\"description\":\"High Quality Lr Aloe Vera Gel, Aloe Vera Cream and Shampoo\",\"publisher\":{\"@id\":\"https:\\\/\\\/www.lraloeverashop.eu\\\/fr\\\/#organization\"},\"potentialAction\":[{\"@type\":\"SearchAction\",\"target\":{\"@type\":\"EntryPoint\",\"urlTemplate\":\"https:\\\/\\\/www.lraloeverashop.eu\\\/fr\\\/?s={search_term_string}\"},\"query-input\":{\"@type\":\"PropertyValueSpecification\",\"valueRequired\":true,\"valueName\":\"search_term_string\"}}],\"inLanguage\":\"fr-FR\"},{\"@type\":\"Organization\",\"@id\":\"https:\\\/\\\/www.lraloeverashop.eu\\\/fr\\\/#organization\",\"name\":\"Boutique Lr Aloe Vera\",\"alternateName\":\"LR\",\"url\":\"https:\\\/\\\/www.lraloeverashop.eu\\\/fr\\\/\",\"logo\":{\"@type\":\"ImageObject\",\"inLanguage\":\"fr-FR\",\"@id\":\"https:\\\/\\\/www.lraloeverashop.eu\\\/fr\\\/#\\\/schema\\\/logo\\\/image\\\/\",\"url\":\"https:\\\/\\\/www.lraloeverashop.eu\\\/wp-content\\\/uploads\\\/2022\\\/09\\\/cropped-Lr-Aloe-Vera-Shop.jpg\",\"contentUrl\":\"https:\\\/\\\/www.lraloeverashop.eu\\\/wp-content\\\/uploads\\\/2022\\\/09\\\/cropped-Lr-Aloe-Vera-Shop.jpg\",\"width\":228,\"height\":76,\"caption\":\"Boutique Lr Aloe Vera\"},\"image\":{\"@id\":\"https:\\\/\\\/www.lraloeverashop.eu\\\/fr\\\/#\\\/schema\\\/logo\\\/image\\\/\"},\"sameAs\":[\"https:\\\/\\\/www.facebook.com\\\/lraloeverashop.eu\",\"https:\\\/\\\/x.com\\\/natur__kosmetik\",\"https:\\\/\\\/www.youtube.com\\\/channel\\\/UC5oN7BJ8nfYb8RpVtjwDEBA\",\"https:\\\/\\\/www.instagram.com\\\/lrbeautyeu\\\/\"]}]}<\/script>\n<meta property=\"product:price:amount\" content=\"47.99\" \/>\n<meta property=\"product:price:currency\" content=\"EUR\" \/>\n<meta property=\"og:availability\" content=\"out of stock\" \/>\n<meta property=\"product:availability\" content=\"out of stock\" \/>\n<meta property=\"product:retailer_item_id\" content=\"20708-101FR\" \/>\n<meta property=\"product:condition\" content=\"new\" \/>\n<!-- \/ Yoast SEO Premium plugin. -->","yoast_head_json":{"title":"Soins Du Corps Aloe Vera Set Pour Une Peau Douce et Velout\u00e9e","description":"Avec notre Soins Du Corps Aloe Vera Set parfaitement \u00e9tudi\u00e9, vous pouvez vous sentir bien dans une peau soyeuse. De la t\u00eate aux pieds. Sans parabens","robots":{"index":"index","follow":"follow","max-snippet":"max-snippet:-1","max-image-preview":"max-image-preview:large","max-video-preview":"max-video-preview:-1"},"canonical":"https:\/\/www.lraloeverashop.eu\/fr\/produit\/lr-aloe-vera-set-de-soins-du-corps\/","og_locale":"fr_FR","og_type":"article","og_title":"Soins Du Corps Aloe Vera Set","og_description":"Avec notre Soins Du Corps Aloe Vera Set parfaitement \u00e9tudi\u00e9, vous pouvez vous sentir bien dans une peau soyeuse. De la t\u00eate aux pieds. Sans parabens","og_url":"https:\/\/www.lraloeverashop.eu\/fr\/produit\/lr-aloe-vera-set-de-soins-du-corps\/","og_site_name":"Boutique Lr Aloe Vera","article_publisher":"https:\/\/www.facebook.com\/lraloeverashop.eu","article_modified_time":"2026-02-02T19:18:05+00:00","og_image":[{"width":1200,"height":1200,"url":"https:\/\/www.lraloeverashop.eu\/wp-content\/uploads\/2022\/10\/Lr-Aloe-Vera-Body-Care-Set.jpg","type":"image\/jpeg"}],"twitter_card":"summary_large_image","twitter_site":"@natur__kosmetik","schema":{"@context":"https:\/\/schema.org","@graph":[{"@type":["WebPage","ItemPage"],"@id":"https:\/\/www.lraloeverashop.eu\/fr\/produit\/lr-aloe-vera-set-de-soins-du-corps\/","url":"https:\/\/www.lraloeverashop.eu\/fr\/produit\/lr-aloe-vera-set-de-soins-du-corps\/","name":"Soins Du Corps Aloe Vera Set Pour Une Peau Douce et Velout\u00e9e","isPartOf":{"@id":"https:\/\/www.lraloeverashop.eu\/fr\/#website"},"primaryImageOfPage":{"@id":"https:\/\/www.lraloeverashop.eu\/fr\/produit\/lr-aloe-vera-set-de-soins-du-corps\/#primaryimage"},"image":{"@id":"https:\/\/www.lraloeverashop.eu\/fr\/produit\/lr-aloe-vera-set-de-soins-du-corps\/#primaryimage"},"thumbnailUrl":"https:\/\/www.lraloeverashop.eu\/wp-content\/uploads\/2022\/10\/Lr-Aloe-Vera-Body-Care-Set.jpg","datePublished":"2022-10-10T16:37:50+00:00","dateModified":"2026-02-02T19:18:05+00:00","description":"Avec notre Soins Du Corps Aloe Vera Set parfaitement \u00e9tudi\u00e9, vous pouvez vous sentir bien dans une peau soyeuse. De la t\u00eate aux pieds. Sans parabens","breadcrumb":{"@id":"https:\/\/www.lraloeverashop.eu\/fr\/produit\/lr-aloe-vera-set-de-soins-du-corps\/#breadcrumb"},"inLanguage":"fr-FR","potentialAction":[{"@type":"ReadAction","target":["https:\/\/www.lraloeverashop.eu\/fr\/produit\/lr-aloe-vera-set-de-soins-du-corps\/"]}]},{"@type":"ImageObject","inLanguage":"fr-FR","@id":"https:\/\/www.lraloeverashop.eu\/fr\/produit\/lr-aloe-vera-set-de-soins-du-corps\/#primaryimage","url":"https:\/\/www.lraloeverashop.eu\/wp-content\/uploads\/2022\/10\/Lr-Aloe-Vera-Body-Care-Set.jpg","contentUrl":"https:\/\/www.lraloeverashop.eu\/wp-content\/uploads\/2022\/10\/Lr-Aloe-Vera-Body-Care-Set.jpg","width":1200,"height":1200,"caption":"Lr Aloe Vera Set De Soins Du Corps pour Une Peau Douce et Velout\u00e9e"},{"@type":"BreadcrumbList","@id":"https:\/\/www.lraloeverashop.eu\/fr\/produit\/lr-aloe-vera-set-de-soins-du-corps\/#breadcrumb","itemListElement":[{"@type":"ListItem","position":1,"name":"Home","item":"https:\/\/www.lraloeverashop.eu\/fr\/"},{"@type":"ListItem","position":2,"name":"Boutique","item":"https:\/\/www.lraloeverashop.eu\/fr\/boutique\/"},{"@type":"ListItem","position":3,"name":"Soins Du Corps Aloe Vera Set"}]},{"@type":"WebSite","@id":"https:\/\/www.lraloeverashop.eu\/fr\/#website","url":"https:\/\/www.lraloeverashop.eu\/fr\/","name":"Boutique Lr Aloe Vera","description":"High Quality Lr Aloe Vera Gel, Aloe Vera Cream and Shampoo","publisher":{"@id":"https:\/\/www.lraloeverashop.eu\/fr\/#organization"},"potentialAction":[{"@type":"SearchAction","target":{"@type":"EntryPoint","urlTemplate":"https:\/\/www.lraloeverashop.eu\/fr\/?s={search_term_string}"},"query-input":{"@type":"PropertyValueSpecification","valueRequired":true,"valueName":"search_term_string"}}],"inLanguage":"fr-FR"},{"@type":"Organization","@id":"https:\/\/www.lraloeverashop.eu\/fr\/#organization","name":"Boutique Lr Aloe Vera","alternateName":"LR","url":"https:\/\/www.lraloeverashop.eu\/fr\/","logo":{"@type":"ImageObject","inLanguage":"fr-FR","@id":"https:\/\/www.lraloeverashop.eu\/fr\/#\/schema\/logo\/image\/","url":"https:\/\/www.lraloeverashop.eu\/wp-content\/uploads\/2022\/09\/cropped-Lr-Aloe-Vera-Shop.jpg","contentUrl":"https:\/\/www.lraloeverashop.eu\/wp-content\/uploads\/2022\/09\/cropped-Lr-Aloe-Vera-Shop.jpg","width":228,"height":76,"caption":"Boutique Lr Aloe Vera"},"image":{"@id":"https:\/\/www.lraloeverashop.eu\/fr\/#\/schema\/logo\/image\/"},"sameAs":["https:\/\/www.facebook.com\/lraloeverashop.eu","https:\/\/x.com\/natur__kosmetik","https:\/\/www.youtube.com\/channel\/UC5oN7BJ8nfYb8RpVtjwDEBA","https:\/\/www.instagram.com\/lrbeautyeu\/"]}]},"product_price_amount":"47.99","product_price_currency":"EUR","og_availability":"out of stock","product_availability":"out of stock","product_retailer_item_id":"20708-101FR","product_condition":"new"},"taxonomy_info":{"product_cat":[{"value":212,"label":"Aloe Vera"},{"value":224,"label":"Soins du corps"}],"product_tag":[{"value":587,"label":"Peau s\u00e8che"}]},"featured_image_src_large":["https:\/\/www.lraloeverashop.eu\/wp-content\/uploads\/2022\/10\/Lr-Aloe-Vera-Body-Care-Set-1024x1024.jpg",1024,1024,true],"author_info":[],"comment_info":0,"_links":{"self":[{"href":"https:\/\/www.lraloeverashop.eu\/fr\/wp-json\/wp\/v2\/product\/10541","targetHints":{"allow":["GET"]}}],"collection":[{"href":"https:\/\/www.lraloeverashop.eu\/fr\/wp-json\/wp\/v2\/product"}],"about":[{"href":"https:\/\/www.lraloeverashop.eu\/fr\/wp-json\/wp\/v2\/types\/product"}],"replies":[{"embeddable":true,"href":"https:\/\/www.lraloeverashop.eu\/fr\/wp-json\/wp\/v2\/comments?post=10541"}],"wp:featuredmedia":[{"embeddable":true,"href":"https:\/\/www.lraloeverashop.eu\/fr\/wp-json\/wp\/v2\/media\/4908"}],"wp:attachment":[{"href":"https:\/\/www.lraloeverashop.eu\/fr\/wp-json\/wp\/v2\/media?parent=10541"}],"wp:term":[{"taxonomy":"product_brand","embeddable":true,"href":"https:\/\/www.lraloeverashop.eu\/fr\/wp-json\/wp\/v2\/product_brand?post=10541"},{"taxonomy":"product_cat","embeddable":true,"href":"https:\/\/www.lraloeverashop.eu\/fr\/wp-json\/wp\/v2\/product_cat?post=10541"},{"taxonomy":"product_tag","embeddable":true,"href":"https:\/\/www.lraloeverashop.eu\/fr\/wp-json\/wp\/v2\/product_tag?post=10541"}],"curies":[{"name":"wp","href":"https:\/\/api.w.org\/{rel}","templated":true}]}}