{"id":10451,"date":"2022-10-10T20:14:55","date_gmt":"2022-10-10T18:14:55","guid":{"rendered":"https:\/\/www.lraloeverashop.eu\/product\/aloe-vera-creme-peau-douce\/"},"modified":"2026-02-02T20:15:51","modified_gmt":"2026-02-02T19:15:51","slug":"aloe-vera-creme-peau-douce","status":"publish","type":"product","link":"https:\/\/www.lraloeverashop.eu\/fr\/produit\/aloe-vera-creme-peau-douce\/","title":{"rendered":"Cr\u00e8me Peau S\u00e8che Aloe Vera"},"content":{"rendered":"<h2><span style=\"font-size: 16pt;\"><strong>Cr\u00e8me Peau S\u00e8che Aloe Vera<\/strong><\/span><\/h2>\n<p><span style=\"font-size: 14pt;\"><strong>Cr\u00e8me Peau S\u00e8che Aloe Vera &#8211; Soin Riche Et Lisse Pour Les Peaux Exigeantes<\/strong><\/span><span style=\"color: #008000; font-size: 20px;\"><strong><br \/>\n<\/strong><\/span><\/p>\n<p>La cr\u00e8me pour la peau avec 35 % de <a href=\"https:\/\/www.lraloeverashop.eu\/fr\/produit\/creme-pour-vergetures\/\">gel d&#8217;aloe vera<\/a> pur et de l&#8217;extrait de magnolia bio hydrate naturellement, p\u00e9n\u00e8tre rapidement et ne graisse pas. Une application r\u00e9guli\u00e8re procure une <a href=\"https:\/\/www.lraloeverashop.eu\/fr\/produit\/aloe-vera-dermaintense-creme\/\">peau douce<\/a>. L&#8217;extrait de magnolia apporte une exp\u00e9rience agr\u00e9able sur la peau.<\/p>\n<p>Les <a href=\"https:\/\/www.lraloeverashop.eu\/fr\/produit\/lr-aloe-vera-creme-protectrice-a-la-propolis\/\">peaux s\u00e8ches<\/a> et tr\u00e8s sensibles profitent particuli\u00e8rement des propri\u00e9t\u00e9s compensatrices de la Cr\u00e8me Peau Aloe Vera, qui les aide \u00e0 retrouver leur <a href=\"https:\/\/www.lraloeverashop.eu\/fr\/produit\/serum-pour-le-visage-skin-balance\/\">\u00e9quilibre naturel<\/a>.<\/p>\n<p>&nbsp;<\/p>\n<h3><span style=\"font-size: 16pt;\"><strong>Comment utiliser\u00a0<\/strong><\/span><\/h3>\n<p>Appliquer si besoin matin et\/ou soir sur le <a href=\"https:\/\/www.lraloeverashop.eu\/fr\/produit\/aloe-vera-masque-pour-le-visage\/\">visage<\/a> et sur les zones particuli\u00e8rement sollicit\u00e9es du corps. La Cr\u00e8me Peau S\u00e8che \u00e0 l\u2019Aloe Vera peut \u00e9galement \u00eatre utilis\u00e9e en masque, en appliquant une fine couche de cr\u00e8me et en la laissant agir.<\/p>\n<p>&nbsp;<\/p>\n<h4><span style=\"font-size: 16pt;\"><strong>Le saviez-vous?<\/strong><\/span><\/h4>\n<p>L\u2019huile de p\u00e9pins de raisin bio est issue des p\u00e9pins de raisin et fait partie des huiles les plus ch\u00e8res au monde. Les p\u00e9pins de raisin contiennent entre 12% et 16 % d\u2019huile seulement. Ils sont nettoy\u00e9s, s\u00e9ch\u00e9s puis press\u00e9s \u00e0 l\u2019aide d\u2019un proc\u00e9d\u00e9 minutieux. Pour fabriquer un litre d\u2019huile de p\u00e9pins de raisin, il faut environ 2 000 kg de raisin.<\/p>\n<p>L\u2019huile de p\u00e9pins de raisin en Cr\u00e8me Peau S\u00e8che Aloe Vera est donc consid\u00e9r\u00e9e, depuis le Moyen-\u00c2ge, comme une huile particuli\u00e8rement pr\u00e9cieuse qui a \u00e9t\u00e9 c\u00e9l\u00e9br\u00e9e comme une v\u00e9ritable \u00ab fontaine de jouvence \u00bb du fait de son <a href=\"https:\/\/www.lraloeverashop.eu\/fr\/produit\/aloe-vera-creme-de-jour\/\">action positive sur la peau<\/a>.<\/p>\n","protected":false},"excerpt":{"rendered":"<ul>\n<li>Avec 35% d&#8217;Aloe Vera<\/li>\n<li>Avec extrait de magnolia bio<\/li>\n<li>Pour les peaux exigeantes sujettes au dess\u00e8chement<\/li>\n<li>Avec du gel d&#8217;aloe vera ferment\u00e9 pour plus d&#8217;hydratation<\/li>\n<li>Absorbe imm\u00e9diatement sans laisser de traces de gras<\/li>\n<li>Traitement riche pour le visage et le corps<\/li>\n<li>Quantit\u00e9: 100 ml<\/li>\n<\/ul>\n<p style=\"text-align: left;\"><span style=\"color: #ff0000;\"><a style=\"color: #ff0000;\" href=\"https:\/\/shop.lrworld.com\/openpao?PHP=0vFlt7jT938BEnBI3a6e9w%3D%3D\"><span style=\"font-size: 14pt;\"><strong>Inscrivez-vous et \u00e9conomisez 35% sur chaque commande<\/strong><\/span><\/a><\/span><\/p>\n","protected":false},"featured_media":27218,"comment_status":"open","ping_status":"closed","template":"","meta":{"_kad_blocks_custom_css":"","_kad_blocks_head_custom_js":"","_kad_blocks_body_custom_js":"","_kad_blocks_footer_custom_js":"","_kadence_starter_templates_imported_post":false,"_kad_post_transparent":"default","_kad_post_title":"","_kad_post_layout":"default","_kad_post_sidebar_id":"","_kad_post_content_style":"default","_kad_post_vertical_padding":"default","_kad_post_feature":"","_kad_post_feature_position":"","_kad_post_header":false,"_kad_post_footer":false,"_kad_post_classname":""},"product_brand":[],"product_cat":[212,224],"product_tag":[1202,587],"class_list":{"0":"post-10451","1":"product","2":"type-product","3":"status-publish","4":"has-post-thumbnail","6":"product_cat-aloe-vera-fr","7":"product_cat-soins-du-corps","8":"product_tag-gel-daloe-fermente","9":"product_tag-peau-seche","11":"first","12":"instock","13":"taxable","14":"shipping-taxable","15":"purchasable","16":"product-type-simple","17":"entry","18":"content-bg","19":"loop-entry"},"yoast_head":"<!-- This site is optimized with the Yoast SEO Premium plugin v27.5 (Yoast SEO v27.5) - https:\/\/yoast.com\/product\/yoast-seo-premium-wordpress\/ -->\n<title>Cr\u00e8me Peau S\u00e8che Aloe Vera - Soin riche pour peaux exigeantes<\/title>\n<meta name=\"description\" content=\"La Cr\u00e8me Peau S\u00e8che Aloe Vera avec 35 % de gel d&#039;aloe vera pur et de l&#039;extrait de magnolia bio hydrate naturellement, p\u00e9n\u00e8tre rapidement.\" \/>\n<meta name=\"robots\" content=\"index, follow, max-snippet:-1, max-image-preview:large, max-video-preview:-1\" \/>\n<link rel=\"canonical\" href=\"https:\/\/www.lraloeverashop.eu\/fr\/produit\/aloe-vera-creme-peau-douce\/\" \/>\n<meta property=\"og:locale\" content=\"fr_FR\" \/>\n<meta property=\"og:type\" content=\"article\" \/>\n<meta property=\"og:title\" content=\"Cr\u00e8me Peau S\u00e8che Aloe Vera\" \/>\n<meta property=\"og:description\" content=\"La Cr\u00e8me Peau S\u00e8che Aloe Vera avec 35 % de gel d&#039;aloe vera pur et de l&#039;extrait de magnolia bio hydrate naturellement, p\u00e9n\u00e8tre rapidement.\" \/>\n<meta property=\"og:url\" content=\"https:\/\/www.lraloeverashop.eu\/fr\/produit\/aloe-vera-creme-peau-douce\/\" \/>\n<meta property=\"og:site_name\" content=\"Boutique Lr Aloe Vera\" \/>\n<meta property=\"article:publisher\" content=\"https:\/\/www.facebook.com\/lraloeverashop.eu\" \/>\n<meta property=\"article:modified_time\" content=\"2026-02-02T19:15:51+00:00\" \/>\n<meta property=\"og:image\" content=\"https:\/\/www.lraloeverashop.eu\/wp-content\/uploads\/2025\/04\/Lr-Aloe-Vera-Soft-Skin-Cream.jpg\" \/>\n\t<meta property=\"og:image:width\" content=\"1200\" \/>\n\t<meta property=\"og:image:height\" content=\"1200\" \/>\n\t<meta property=\"og:image:type\" content=\"image\/jpeg\" \/>\n<meta name=\"twitter:card\" content=\"summary_large_image\" \/>\n<meta name=\"twitter:site\" content=\"@natur__kosmetik\" \/>\n<script type=\"application\/ld+json\" class=\"yoast-schema-graph\">{\"@context\":\"https:\\\/\\\/schema.org\",\"@graph\":[{\"@type\":[\"WebPage\",\"ItemPage\"],\"@id\":\"https:\\\/\\\/www.lraloeverashop.eu\\\/fr\\\/produit\\\/aloe-vera-creme-peau-douce\\\/\",\"url\":\"https:\\\/\\\/www.lraloeverashop.eu\\\/fr\\\/produit\\\/aloe-vera-creme-peau-douce\\\/\",\"name\":\"Cr\u00e8me Peau S\u00e8che Aloe Vera - Soin riche pour peaux exigeantes\",\"isPartOf\":{\"@id\":\"https:\\\/\\\/www.lraloeverashop.eu\\\/fr\\\/#website\"},\"primaryImageOfPage\":{\"@id\":\"https:\\\/\\\/www.lraloeverashop.eu\\\/fr\\\/produit\\\/aloe-vera-creme-peau-douce\\\/#primaryimage\"},\"image\":{\"@id\":\"https:\\\/\\\/www.lraloeverashop.eu\\\/fr\\\/produit\\\/aloe-vera-creme-peau-douce\\\/#primaryimage\"},\"thumbnailUrl\":\"https:\\\/\\\/www.lraloeverashop.eu\\\/wp-content\\\/uploads\\\/2025\\\/04\\\/Lr-Aloe-Vera-Soft-Skin-Cream.jpg\",\"datePublished\":\"2022-10-10T18:14:55+00:00\",\"dateModified\":\"2026-02-02T19:15:51+00:00\",\"description\":\"La Cr\u00e8me Peau S\u00e8che Aloe Vera avec 35 % de gel d'aloe vera pur et de l'extrait de magnolia bio hydrate naturellement, p\u00e9n\u00e8tre rapidement.\",\"breadcrumb\":{\"@id\":\"https:\\\/\\\/www.lraloeverashop.eu\\\/fr\\\/produit\\\/aloe-vera-creme-peau-douce\\\/#breadcrumb\"},\"inLanguage\":\"fr-FR\",\"potentialAction\":[{\"@type\":\"ReadAction\",\"target\":[\"https:\\\/\\\/www.lraloeverashop.eu\\\/fr\\\/produit\\\/aloe-vera-creme-peau-douce\\\/\"]}]},{\"@type\":\"ImageObject\",\"inLanguage\":\"fr-FR\",\"@id\":\"https:\\\/\\\/www.lraloeverashop.eu\\\/fr\\\/produit\\\/aloe-vera-creme-peau-douce\\\/#primaryimage\",\"url\":\"https:\\\/\\\/www.lraloeverashop.eu\\\/wp-content\\\/uploads\\\/2025\\\/04\\\/Lr-Aloe-Vera-Soft-Skin-Cream.jpg\",\"contentUrl\":\"https:\\\/\\\/www.lraloeverashop.eu\\\/wp-content\\\/uploads\\\/2025\\\/04\\\/Lr-Aloe-Vera-Soft-Skin-Cream.jpg\",\"width\":1200,\"height\":1200,\"caption\":\"Aloe Vera Cr\u00e8me Peau Douce avec du gel d'aloe vera ferment\u00e9 pour plus d'hydratation\"},{\"@type\":\"BreadcrumbList\",\"@id\":\"https:\\\/\\\/www.lraloeverashop.eu\\\/fr\\\/produit\\\/aloe-vera-creme-peau-douce\\\/#breadcrumb\",\"itemListElement\":[{\"@type\":\"ListItem\",\"position\":1,\"name\":\"Home\",\"item\":\"https:\\\/\\\/www.lraloeverashop.eu\\\/fr\\\/home\\\/\"},{\"@type\":\"ListItem\",\"position\":2,\"name\":\"Boutique\",\"item\":\"https:\\\/\\\/www.lraloeverashop.eu\\\/fr\\\/boutique\\\/\"},{\"@type\":\"ListItem\",\"position\":3,\"name\":\"Cr\u00e8me Peau S\u00e8che Aloe Vera\"}]},{\"@type\":\"WebSite\",\"@id\":\"https:\\\/\\\/www.lraloeverashop.eu\\\/fr\\\/#website\",\"url\":\"https:\\\/\\\/www.lraloeverashop.eu\\\/fr\\\/\",\"name\":\"Boutique Lr Aloe Vera\",\"description\":\"High Quality Lr Aloe Vera Gel, Aloe Vera Cream and Shampoo\",\"publisher\":{\"@id\":\"https:\\\/\\\/www.lraloeverashop.eu\\\/fr\\\/#organization\"},\"alternateName\":\"LR\",\"potentialAction\":[{\"@type\":\"SearchAction\",\"target\":{\"@type\":\"EntryPoint\",\"urlTemplate\":\"https:\\\/\\\/www.lraloeverashop.eu\\\/fr\\\/?s={search_term_string}\"},\"query-input\":{\"@type\":\"PropertyValueSpecification\",\"valueRequired\":true,\"valueName\":\"search_term_string\"}}],\"inLanguage\":\"fr-FR\"},{\"@type\":\"Organization\",\"@id\":\"https:\\\/\\\/www.lraloeverashop.eu\\\/fr\\\/#organization\",\"name\":\"Boutique Lr Aloe Vera\",\"alternateName\":\"LR\",\"url\":\"https:\\\/\\\/www.lraloeverashop.eu\\\/fr\\\/\",\"logo\":{\"@type\":\"ImageObject\",\"inLanguage\":\"fr-FR\",\"@id\":\"https:\\\/\\\/www.lraloeverashop.eu\\\/fr\\\/#\\\/schema\\\/logo\\\/image\\\/\",\"url\":\"https:\\\/\\\/www.lraloeverashop.eu\\\/wp-content\\\/uploads\\\/2022\\\/09\\\/cropped-Lr-Aloe-Vera-Shop.jpg\",\"contentUrl\":\"https:\\\/\\\/www.lraloeverashop.eu\\\/wp-content\\\/uploads\\\/2022\\\/09\\\/cropped-Lr-Aloe-Vera-Shop.jpg\",\"width\":228,\"height\":76,\"caption\":\"Boutique Lr Aloe Vera\"},\"image\":{\"@id\":\"https:\\\/\\\/www.lraloeverashop.eu\\\/fr\\\/#\\\/schema\\\/logo\\\/image\\\/\"},\"sameAs\":[\"https:\\\/\\\/www.facebook.com\\\/lraloeverashop.eu\",\"https:\\\/\\\/x.com\\\/natur__kosmetik\",\"https:\\\/\\\/www.youtube.com\\\/channel\\\/UC5oN7BJ8nfYb8RpVtjwDEBA\",\"https:\\\/\\\/www.instagram.com\\\/lrbeautyeu\\\/\"],\"description\":\"La boutique LR Aloe Vera est votre destination de confiance pour les produits de sant\u00e9 et de beaut\u00e9 haut de gamme LR, fabriqu\u00e9s en Allemagne. Nous proposons des soins de la peau, des compl\u00e9ments nutritionnels et des solutions anti-\u00e2ge \u00e0 l'aloe vera de haute qualit\u00e9, \u00e9labor\u00e9s \u00e0 partir d'ingr\u00e9dients purs et valid\u00e9s par la recherche scientifique. D\u00e9couvrez des soins naturels qui r\u00e9g\u00e9n\u00e8rent, prot\u00e8gent et revitalisent votre peau, et profitez d'offres mensuelles exclusives sur nos produits LR Aloe Vera les plus vendus.\\n\\nCommencez d\u00e8s aujourd'hui votre parcours vers des soins naturels et constatez la diff\u00e9rence.\",\"email\":\"info@lraloeverashop.eu\",\"telephone\":\"+49 17670609653\",\"legalName\":\"Lr Aloe Vera Shop\",\"foundingDate\":\"2018-04-21\",\"numberOfEmployees\":{\"@type\":\"QuantitativeValue\",\"minValue\":\"1\",\"maxValue\":\"10\"}}]}<\/script>\n<meta property=\"product:price:amount\" content=\"13.99\" \/>\n<meta property=\"product:price:currency\" content=\"EUR\" \/>\n<meta property=\"og:availability\" content=\"instock\" \/>\n<meta property=\"product:availability\" content=\"instock\" \/>\n<meta property=\"product:retailer_item_id\" content=\"20631-201FR\" \/>\n<meta property=\"product:condition\" content=\"new\" \/>\n<!-- \/ Yoast SEO Premium plugin. -->","yoast_head_json":{"title":"Cr\u00e8me Peau S\u00e8che Aloe Vera - Soin riche pour peaux exigeantes","description":"La Cr\u00e8me Peau S\u00e8che Aloe Vera avec 35 % de gel d'aloe vera pur et de l'extrait de magnolia bio hydrate naturellement, p\u00e9n\u00e8tre rapidement.","robots":{"index":"index","follow":"follow","max-snippet":"max-snippet:-1","max-image-preview":"max-image-preview:large","max-video-preview":"max-video-preview:-1"},"canonical":"https:\/\/www.lraloeverashop.eu\/fr\/produit\/aloe-vera-creme-peau-douce\/","og_locale":"fr_FR","og_type":"article","og_title":"Cr\u00e8me Peau S\u00e8che Aloe Vera","og_description":"La Cr\u00e8me Peau S\u00e8che Aloe Vera avec 35 % de gel d'aloe vera pur et de l'extrait de magnolia bio hydrate naturellement, p\u00e9n\u00e8tre rapidement.","og_url":"https:\/\/www.lraloeverashop.eu\/fr\/produit\/aloe-vera-creme-peau-douce\/","og_site_name":"Boutique Lr Aloe Vera","article_publisher":"https:\/\/www.facebook.com\/lraloeverashop.eu","article_modified_time":"2026-02-02T19:15:51+00:00","og_image":[{"width":1200,"height":1200,"url":"https:\/\/www.lraloeverashop.eu\/wp-content\/uploads\/2025\/04\/Lr-Aloe-Vera-Soft-Skin-Cream.jpg","type":"image\/jpeg"}],"twitter_card":"summary_large_image","twitter_site":"@natur__kosmetik","schema":{"@context":"https:\/\/schema.org","@graph":[{"@type":["WebPage","ItemPage"],"@id":"https:\/\/www.lraloeverashop.eu\/fr\/produit\/aloe-vera-creme-peau-douce\/","url":"https:\/\/www.lraloeverashop.eu\/fr\/produit\/aloe-vera-creme-peau-douce\/","name":"Cr\u00e8me Peau S\u00e8che Aloe Vera - Soin riche pour peaux exigeantes","isPartOf":{"@id":"https:\/\/www.lraloeverashop.eu\/fr\/#website"},"primaryImageOfPage":{"@id":"https:\/\/www.lraloeverashop.eu\/fr\/produit\/aloe-vera-creme-peau-douce\/#primaryimage"},"image":{"@id":"https:\/\/www.lraloeverashop.eu\/fr\/produit\/aloe-vera-creme-peau-douce\/#primaryimage"},"thumbnailUrl":"https:\/\/www.lraloeverashop.eu\/wp-content\/uploads\/2025\/04\/Lr-Aloe-Vera-Soft-Skin-Cream.jpg","datePublished":"2022-10-10T18:14:55+00:00","dateModified":"2026-02-02T19:15:51+00:00","description":"La Cr\u00e8me Peau S\u00e8che Aloe Vera avec 35 % de gel d'aloe vera pur et de l'extrait de magnolia bio hydrate naturellement, p\u00e9n\u00e8tre rapidement.","breadcrumb":{"@id":"https:\/\/www.lraloeverashop.eu\/fr\/produit\/aloe-vera-creme-peau-douce\/#breadcrumb"},"inLanguage":"fr-FR","potentialAction":[{"@type":"ReadAction","target":["https:\/\/www.lraloeverashop.eu\/fr\/produit\/aloe-vera-creme-peau-douce\/"]}]},{"@type":"ImageObject","inLanguage":"fr-FR","@id":"https:\/\/www.lraloeverashop.eu\/fr\/produit\/aloe-vera-creme-peau-douce\/#primaryimage","url":"https:\/\/www.lraloeverashop.eu\/wp-content\/uploads\/2025\/04\/Lr-Aloe-Vera-Soft-Skin-Cream.jpg","contentUrl":"https:\/\/www.lraloeverashop.eu\/wp-content\/uploads\/2025\/04\/Lr-Aloe-Vera-Soft-Skin-Cream.jpg","width":1200,"height":1200,"caption":"Aloe Vera Cr\u00e8me Peau Douce avec du gel d'aloe vera ferment\u00e9 pour plus d'hydratation"},{"@type":"BreadcrumbList","@id":"https:\/\/www.lraloeverashop.eu\/fr\/produit\/aloe-vera-creme-peau-douce\/#breadcrumb","itemListElement":[{"@type":"ListItem","position":1,"name":"Home","item":"https:\/\/www.lraloeverashop.eu\/fr\/home\/"},{"@type":"ListItem","position":2,"name":"Boutique","item":"https:\/\/www.lraloeverashop.eu\/fr\/boutique\/"},{"@type":"ListItem","position":3,"name":"Cr\u00e8me Peau S\u00e8che Aloe Vera"}]},{"@type":"WebSite","@id":"https:\/\/www.lraloeverashop.eu\/fr\/#website","url":"https:\/\/www.lraloeverashop.eu\/fr\/","name":"Boutique Lr Aloe Vera","description":"High Quality Lr Aloe Vera Gel, Aloe Vera Cream and Shampoo","publisher":{"@id":"https:\/\/www.lraloeverashop.eu\/fr\/#organization"},"alternateName":"LR","potentialAction":[{"@type":"SearchAction","target":{"@type":"EntryPoint","urlTemplate":"https:\/\/www.lraloeverashop.eu\/fr\/?s={search_term_string}"},"query-input":{"@type":"PropertyValueSpecification","valueRequired":true,"valueName":"search_term_string"}}],"inLanguage":"fr-FR"},{"@type":"Organization","@id":"https:\/\/www.lraloeverashop.eu\/fr\/#organization","name":"Boutique Lr Aloe Vera","alternateName":"LR","url":"https:\/\/www.lraloeverashop.eu\/fr\/","logo":{"@type":"ImageObject","inLanguage":"fr-FR","@id":"https:\/\/www.lraloeverashop.eu\/fr\/#\/schema\/logo\/image\/","url":"https:\/\/www.lraloeverashop.eu\/wp-content\/uploads\/2022\/09\/cropped-Lr-Aloe-Vera-Shop.jpg","contentUrl":"https:\/\/www.lraloeverashop.eu\/wp-content\/uploads\/2022\/09\/cropped-Lr-Aloe-Vera-Shop.jpg","width":228,"height":76,"caption":"Boutique Lr Aloe Vera"},"image":{"@id":"https:\/\/www.lraloeverashop.eu\/fr\/#\/schema\/logo\/image\/"},"sameAs":["https:\/\/www.facebook.com\/lraloeverashop.eu","https:\/\/x.com\/natur__kosmetik","https:\/\/www.youtube.com\/channel\/UC5oN7BJ8nfYb8RpVtjwDEBA","https:\/\/www.instagram.com\/lrbeautyeu\/"],"description":"La boutique LR Aloe Vera est votre destination de confiance pour les produits de sant\u00e9 et de beaut\u00e9 haut de gamme LR, fabriqu\u00e9s en Allemagne. Nous proposons des soins de la peau, des compl\u00e9ments nutritionnels et des solutions anti-\u00e2ge \u00e0 l'aloe vera de haute qualit\u00e9, \u00e9labor\u00e9s \u00e0 partir d'ingr\u00e9dients purs et valid\u00e9s par la recherche scientifique. D\u00e9couvrez des soins naturels qui r\u00e9g\u00e9n\u00e8rent, prot\u00e8gent et revitalisent votre peau, et profitez d'offres mensuelles exclusives sur nos produits LR Aloe Vera les plus vendus.\n\nCommencez d\u00e8s aujourd'hui votre parcours vers des soins naturels et constatez la diff\u00e9rence.","email":"info@lraloeverashop.eu","telephone":"+49 17670609653","legalName":"Lr Aloe Vera Shop","foundingDate":"2018-04-21","numberOfEmployees":{"@type":"QuantitativeValue","minValue":"1","maxValue":"10"}}]},"product_price_amount":"13.99","product_price_currency":"EUR","og_availability":"instock","product_availability":"instock","product_retailer_item_id":"20631-201FR","product_condition":"new"},"taxonomy_info":{"product_cat":[{"value":212,"label":"Aloe Vera"},{"value":224,"label":"Soins du corps"}],"product_tag":[{"value":1202,"label":"Gel d&#039;Aloe Ferment\u00e9"},{"value":587,"label":"Peau s\u00e8che"}]},"featured_image_src_large":["https:\/\/www.lraloeverashop.eu\/wp-content\/uploads\/2025\/04\/Lr-Aloe-Vera-Soft-Skin-Cream-1024x1024.jpg",1024,1024,true],"author_info":[],"comment_info":0,"_links":{"self":[{"href":"https:\/\/www.lraloeverashop.eu\/fr\/wp-json\/wp\/v2\/product\/10451","targetHints":{"allow":["GET"]}}],"collection":[{"href":"https:\/\/www.lraloeverashop.eu\/fr\/wp-json\/wp\/v2\/product"}],"about":[{"href":"https:\/\/www.lraloeverashop.eu\/fr\/wp-json\/wp\/v2\/types\/product"}],"replies":[{"embeddable":true,"href":"https:\/\/www.lraloeverashop.eu\/fr\/wp-json\/wp\/v2\/comments?post=10451"}],"wp:featuredmedia":[{"embeddable":true,"href":"https:\/\/www.lraloeverashop.eu\/fr\/wp-json\/wp\/v2\/media\/27218"}],"wp:attachment":[{"href":"https:\/\/www.lraloeverashop.eu\/fr\/wp-json\/wp\/v2\/media?parent=10451"}],"wp:term":[{"taxonomy":"product_brand","embeddable":true,"href":"https:\/\/www.lraloeverashop.eu\/fr\/wp-json\/wp\/v2\/product_brand?post=10451"},{"taxonomy":"product_cat","embeddable":true,"href":"https:\/\/www.lraloeverashop.eu\/fr\/wp-json\/wp\/v2\/product_cat?post=10451"},{"taxonomy":"product_tag","embeddable":true,"href":"https:\/\/www.lraloeverashop.eu\/fr\/wp-json\/wp\/v2\/product_tag?post=10451"}],"curies":[{"name":"wp","href":"https:\/\/api.w.org\/{rel}","templated":true}]}}