{"id":10439,"date":"2022-10-10T22:23:56","date_gmt":"2022-10-10T20:23:56","guid":{"rendered":"https:\/\/www.lraloeverashop.eu\/product\/nettoyant-visage-aloe-vera\/"},"modified":"2026-02-02T20:15:37","modified_gmt":"2026-02-02T19:15:37","slug":"nettoyant-visage-aloe-vera","status":"publish","type":"product","link":"https:\/\/www.lraloeverashop.eu\/fr\/produit\/nettoyant-visage-aloe-vera\/","title":{"rendered":"Nettoyant Visage Aloe Vera Set Offre Limit\u00e9e"},"content":{"rendered":"<h2><span style=\"font-size: 16pt;\"><strong>Nettoyant Visage Aloe Vera Set Offre Limit\u00e9e<\/strong><\/span><\/h2>\n<p><strong><span style=\"font-size: 14pt;\">Nettoyant Visage Aloe Vera Set avec lait nettoyant et tonique pour le visage pour une apparence jeune<\/span><\/strong><\/p>\n<p>Nettoyant Visage Aloe Vera Set avec le lait d\u00e9maquillant et le tonique pour le visage, nettoie efficacement la peau et la pr\u00e9pare pour les prochaines \u00e9tapes de votre routine de soins quotidiens.<\/p>\n<p>Aloe Vera <a href=\"https:\/\/www.lraloeverashop.eu\/fr\/produit\/aloe-vera-lait-demaquillant-hydratant\/\">Lait D\u00e9maquillant<\/a> Hydratant nettoye en profondeur et tout en douceur sans dess\u00e9cher la peau. Extrait de jasmin \u00c9galement pour peaux s\u00e8ches et fragiles Nettoyage doux \u00e9galement pour maquillage Hydratation avec pr\u00e9servation de l\u2019\u00e9quilibre d\u2019hydratation de la peau Appliquer tous les jours en massant \u00addoucement sur le visage humide, le cou et le d\u00e9collet\u00e9. \u00c9viter le contour des yeux. Rincer \u00e0 l\u2019eau ti\u00e8de.<\/p>\n<p>Appliquez le Lait D\u00e9maquillant \u00c9quilibrant \u00e0 l\u2019Aloe Vera du bout des doigts matin et soir sur le visage, le cou et le d\u00e9collet\u00e9 l\u00e9g\u00e8rement humides. \u00c9vitez le contour des yeux. Rincer \u00e0 l\u2019eau et appliquer le Tonique Visage Clarifiant Aloe Vera.<\/p>\n<p><a href=\"https:\/\/www.lraloeverashop.eu\/fr\/produit\/lr-aloe-vera-tonique-visage-clarifiant\/\">Tonique pour le visage<\/a> \u00e0 l&#8217;Aloe Vera nettoie efficacement la peau et la pr\u00e9pare pour les prochaines \u00e9tapes de votre routine de soins quotidiens Le tonique clarifiant pour le visage, doux et sans alcool, \u00e0 50% d&#8217;Aloe Vera, nettoie et <a href=\"https:\/\/www.lraloeverashop.eu\/fr\/produit\/lr-zeitgard-1-kit-classique\/\">rajeunit la peau<\/a> apr\u00e8s le\u00a0Aloe Vera lait d\u00e9maquillant.<\/p>\n<p>D\u00e9bouche les pores et <a href=\"https:\/\/www.lraloeverashop.eu\/fr\/produit\/zeitgard-pro-kit-nettoyant-visage\/\">\u00e9limine les r\u00e9sidus de maquillage<\/a> et les impuret\u00e9s, sans perturber l&#8217;\u00e9quilibre naturel de la peau. L&#8217;extrait de Wildrose est tr\u00e8s doux pour la peau.<\/p>\n<p>Utilisez Tonique pour le visage quotidiennement, matin et soir, apr\u00e8s le nettoyage. Versez-la sur un disque en coton et passez-le d\u00e9licatement sur le visage, le cou et le d\u00e9collet\u00e9. \u00c9vitez ce faisant la zone des yeux. Appliquez ensuite la <a href=\"https:\/\/www.lraloeverashop.eu\/fr\/produit\/aloe-vera-creme-de-jour\/\">cr\u00e8me de jour<\/a> ou de nuit \u00e0 l\u2019Aloe Vera.<\/p>\n","protected":false},"excerpt":{"rendered":"<ul>\n<li><span style=\"color: #ff0000;\"><strong>OFFRE LIMIT\u00c9E<\/strong><\/span><\/li>\n<li>Avec 50% d&#8217;Aloe Vera et extrait de rose sauvage<\/li>\n<li>1 xAloe Vera Lait D\u00e9maquillant Hydratant<\/li>\n<li>1 x Aloe Vera Tonique Visage Clarifiant<\/li>\n<li>\u00e9limine efficacement les r\u00e9sidus de maquillage de la peau<\/li>\n<li>Nettoie, revitalise et hydrate la peau<\/li>\n<li>Quantit\u00e9 : 200 ml chacun<\/li>\n<\/ul>\n<p style=\"text-align: left;\"><span style=\"color: #ff0000;\"><a style=\"color: #ff0000;\" href=\"https:\/\/shop.lrworld.com\/openpao?PHP=0vFlt7jT938BEnBI3a6e9w%3D%3D\"><span style=\"font-size: 14pt;\"><strong>Inscrivez-vous et \u00e9conomisez 35% sur chaque commande<\/strong><\/span><\/a><\/span><\/p>\n","protected":false},"featured_media":5184,"comment_status":"open","ping_status":"closed","template":"","meta":{"_kad_blocks_custom_css":"","_kad_blocks_head_custom_js":"","_kad_blocks_body_custom_js":"","_kad_blocks_footer_custom_js":"","_kadence_starter_templates_imported_post":false,"_kad_post_transparent":"default","_kad_post_title":"","_kad_post_layout":"default","_kad_post_sidebar_id":"","_kad_post_content_style":"default","_kad_post_vertical_padding":"default","_kad_post_feature":"","_kad_post_feature_position":"","_kad_post_header":false,"_kad_post_footer":false,"_kad_post_classname":""},"product_brand":[],"product_cat":[212,226],"product_tag":[640,639],"class_list":{"0":"post-10439","1":"product","2":"type-product","3":"status-publish","4":"has-post-thumbnail","6":"product_cat-aloe-vera-fr","7":"product_cat-soins-du-visage","8":"product_tag-nettoyage-du-visage","9":"product_tag-produits-de-soins-visage","11":"first","12":"outofstock","13":"taxable","14":"shipping-taxable","15":"purchasable","16":"product-type-simple","17":"entry","18":"content-bg","19":"loop-entry"},"yoast_head":"<!-- This site is optimized with the Yoast SEO Premium plugin v27.4 (Yoast SEO v27.4) - https:\/\/yoast.com\/product\/yoast-seo-premium-wordpress\/ -->\n<title>Nettoyant Visage Aloe Vera Set avec lait et tonique Clarifiant<\/title>\n<meta name=\"description\" content=\"Nettoyant Visage Aloe Vera Set avec le lait d\u00e9maquillant et le tonique pour le visage, nettoie efficacement la peau et la pr\u00e9pare aux prochai\" \/>\n<meta name=\"robots\" content=\"index, follow, max-snippet:-1, max-image-preview:large, max-video-preview:-1\" \/>\n<link rel=\"canonical\" href=\"https:\/\/www.lraloeverashop.eu\/fr\/produit\/nettoyant-visage-aloe-vera\/\" \/>\n<meta property=\"og:locale\" content=\"fr_FR\" \/>\n<meta property=\"og:type\" content=\"article\" \/>\n<meta property=\"og:title\" content=\"Nettoyant Visage Aloe Vera Set Offre Limit\u00e9e\" \/>\n<meta property=\"og:description\" content=\"Nettoyant Visage Aloe Vera Set avec le lait d\u00e9maquillant et le tonique pour le visage, nettoie efficacement la peau et la pr\u00e9pare aux prochai\" \/>\n<meta property=\"og:url\" content=\"https:\/\/www.lraloeverashop.eu\/fr\/produit\/nettoyant-visage-aloe-vera\/\" \/>\n<meta property=\"og:site_name\" content=\"Boutique Lr Aloe Vera\" \/>\n<meta property=\"article:publisher\" content=\"https:\/\/www.facebook.com\/lraloeverashop.eu\" \/>\n<meta property=\"article:modified_time\" content=\"2026-02-02T19:15:37+00:00\" \/>\n<meta property=\"og:image\" content=\"https:\/\/www.lraloeverashop.eu\/wp-content\/uploads\/2022\/10\/Aloe-Vera-Face-Wash-Cleansing-Set-Limited-Offer.jpg\" \/>\n\t<meta property=\"og:image:width\" content=\"1200\" \/>\n\t<meta property=\"og:image:height\" content=\"1200\" \/>\n\t<meta property=\"og:image:type\" content=\"image\/jpeg\" \/>\n<meta name=\"twitter:card\" content=\"summary_large_image\" \/>\n<meta name=\"twitter:site\" content=\"@natur__kosmetik\" \/>\n<script type=\"application\/ld+json\" class=\"yoast-schema-graph\">{\"@context\":\"https:\\\/\\\/schema.org\",\"@graph\":[{\"@type\":[\"WebPage\",\"ItemPage\"],\"@id\":\"https:\\\/\\\/www.lraloeverashop.eu\\\/fr\\\/produit\\\/nettoyant-visage-aloe-vera\\\/\",\"url\":\"https:\\\/\\\/www.lraloeverashop.eu\\\/fr\\\/produit\\\/nettoyant-visage-aloe-vera\\\/\",\"name\":\"Nettoyant Visage Aloe Vera Set avec lait et tonique Clarifiant\",\"isPartOf\":{\"@id\":\"https:\\\/\\\/www.lraloeverashop.eu\\\/fr\\\/#website\"},\"primaryImageOfPage\":{\"@id\":\"https:\\\/\\\/www.lraloeverashop.eu\\\/fr\\\/produit\\\/nettoyant-visage-aloe-vera\\\/#primaryimage\"},\"image\":{\"@id\":\"https:\\\/\\\/www.lraloeverashop.eu\\\/fr\\\/produit\\\/nettoyant-visage-aloe-vera\\\/#primaryimage\"},\"thumbnailUrl\":\"https:\\\/\\\/www.lraloeverashop.eu\\\/wp-content\\\/uploads\\\/2022\\\/10\\\/Aloe-Vera-Face-Wash-Cleansing-Set-Limited-Offer.jpg\",\"datePublished\":\"2022-10-10T20:23:56+00:00\",\"dateModified\":\"2026-02-02T19:15:37+00:00\",\"description\":\"Nettoyant Visage Aloe Vera Set avec le lait d\u00e9maquillant et le tonique pour le visage, nettoie efficacement la peau et la pr\u00e9pare aux prochai\",\"breadcrumb\":{\"@id\":\"https:\\\/\\\/www.lraloeverashop.eu\\\/fr\\\/produit\\\/nettoyant-visage-aloe-vera\\\/#breadcrumb\"},\"inLanguage\":\"fr-FR\",\"potentialAction\":[{\"@type\":\"ReadAction\",\"target\":[\"https:\\\/\\\/www.lraloeverashop.eu\\\/fr\\\/produit\\\/nettoyant-visage-aloe-vera\\\/\"]}]},{\"@type\":\"ImageObject\",\"inLanguage\":\"fr-FR\",\"@id\":\"https:\\\/\\\/www.lraloeverashop.eu\\\/fr\\\/produit\\\/nettoyant-visage-aloe-vera\\\/#primaryimage\",\"url\":\"https:\\\/\\\/www.lraloeverashop.eu\\\/wp-content\\\/uploads\\\/2022\\\/10\\\/Aloe-Vera-Face-Wash-Cleansing-Set-Limited-Offer.jpg\",\"contentUrl\":\"https:\\\/\\\/www.lraloeverashop.eu\\\/wp-content\\\/uploads\\\/2022\\\/10\\\/Aloe-Vera-Face-Wash-Cleansing-Set-Limited-Offer.jpg\",\"width\":1200,\"height\":1200,\"caption\":\"Nettoyant Visage Aloe Vera Set Offre limit\u00e9e\"},{\"@type\":\"BreadcrumbList\",\"@id\":\"https:\\\/\\\/www.lraloeverashop.eu\\\/fr\\\/produit\\\/nettoyant-visage-aloe-vera\\\/#breadcrumb\",\"itemListElement\":[{\"@type\":\"ListItem\",\"position\":1,\"name\":\"Home\",\"item\":\"https:\\\/\\\/www.lraloeverashop.eu\\\/fr\\\/\"},{\"@type\":\"ListItem\",\"position\":2,\"name\":\"Boutique\",\"item\":\"https:\\\/\\\/www.lraloeverashop.eu\\\/fr\\\/boutique\\\/\"},{\"@type\":\"ListItem\",\"position\":3,\"name\":\"Nettoyant Visage Aloe Vera Set Offre Limit\u00e9e\"}]},{\"@type\":\"WebSite\",\"@id\":\"https:\\\/\\\/www.lraloeverashop.eu\\\/fr\\\/#website\",\"url\":\"https:\\\/\\\/www.lraloeverashop.eu\\\/fr\\\/\",\"name\":\"Boutique Lr Aloe Vera\",\"description\":\"High Quality Lr Aloe Vera Gel, Aloe Vera Cream and Shampoo\",\"publisher\":{\"@id\":\"https:\\\/\\\/www.lraloeverashop.eu\\\/fr\\\/#organization\"},\"alternateName\":\"LR\",\"potentialAction\":[{\"@type\":\"SearchAction\",\"target\":{\"@type\":\"EntryPoint\",\"urlTemplate\":\"https:\\\/\\\/www.lraloeverashop.eu\\\/fr\\\/?s={search_term_string}\"},\"query-input\":{\"@type\":\"PropertyValueSpecification\",\"valueRequired\":true,\"valueName\":\"search_term_string\"}}],\"inLanguage\":\"fr-FR\"},{\"@type\":\"Organization\",\"@id\":\"https:\\\/\\\/www.lraloeverashop.eu\\\/fr\\\/#organization\",\"name\":\"Boutique Lr Aloe Vera\",\"alternateName\":\"LR\",\"url\":\"https:\\\/\\\/www.lraloeverashop.eu\\\/fr\\\/\",\"logo\":{\"@type\":\"ImageObject\",\"inLanguage\":\"fr-FR\",\"@id\":\"https:\\\/\\\/www.lraloeverashop.eu\\\/fr\\\/#\\\/schema\\\/logo\\\/image\\\/\",\"url\":\"https:\\\/\\\/www.lraloeverashop.eu\\\/wp-content\\\/uploads\\\/2022\\\/09\\\/cropped-Lr-Aloe-Vera-Shop.jpg\",\"contentUrl\":\"https:\\\/\\\/www.lraloeverashop.eu\\\/wp-content\\\/uploads\\\/2022\\\/09\\\/cropped-Lr-Aloe-Vera-Shop.jpg\",\"width\":228,\"height\":76,\"caption\":\"Boutique Lr Aloe Vera\"},\"image\":{\"@id\":\"https:\\\/\\\/www.lraloeverashop.eu\\\/fr\\\/#\\\/schema\\\/logo\\\/image\\\/\"},\"sameAs\":[\"https:\\\/\\\/www.facebook.com\\\/lraloeverashop.eu\",\"https:\\\/\\\/x.com\\\/natur__kosmetik\",\"https:\\\/\\\/www.youtube.com\\\/channel\\\/UC5oN7BJ8nfYb8RpVtjwDEBA\",\"https:\\\/\\\/www.instagram.com\\\/lrbeautyeu\\\/\"],\"description\":\"La boutique LR Aloe Vera est votre destination de confiance pour les produits de sant\u00e9 et de beaut\u00e9 haut de gamme LR, fabriqu\u00e9s en Allemagne. Nous proposons des soins de la peau, des compl\u00e9ments nutritionnels et des solutions anti-\u00e2ge \u00e0 l'aloe vera de haute qualit\u00e9, \u00e9labor\u00e9s \u00e0 partir d'ingr\u00e9dients purs et valid\u00e9s par la recherche scientifique. D\u00e9couvrez des soins naturels qui r\u00e9g\u00e9n\u00e8rent, prot\u00e8gent et revitalisent votre peau, et profitez d'offres mensuelles exclusives sur nos produits LR Aloe Vera les plus vendus.\\n\\nCommencez d\u00e8s aujourd'hui votre parcours vers des soins naturels et constatez la diff\u00e9rence.\",\"email\":\"info@lraloeverashop.eu\",\"telephone\":\"+49 17670609653\",\"legalName\":\"Lr Aloe Vera Shop\",\"foundingDate\":\"2018-04-21\",\"numberOfEmployees\":{\"@type\":\"QuantitativeValue\",\"minValue\":\"1\",\"maxValue\":\"10\"}}]}<\/script>\n<meta property=\"product:price:amount\" content=\"22.99\" \/>\n<meta property=\"product:price:currency\" content=\"EUR\" \/>\n<meta property=\"og:availability\" content=\"out of stock\" \/>\n<meta property=\"product:availability\" content=\"out of stock\" \/>\n<meta property=\"product:retailer_item_id\" content=\"20781-1FR\" \/>\n<meta property=\"product:condition\" content=\"new\" \/>\n<!-- \/ Yoast SEO Premium plugin. -->","yoast_head_json":{"title":"Nettoyant Visage Aloe Vera Set avec lait et tonique Clarifiant","description":"Nettoyant Visage Aloe Vera Set avec le lait d\u00e9maquillant et le tonique pour le visage, nettoie efficacement la peau et la pr\u00e9pare aux prochai","robots":{"index":"index","follow":"follow","max-snippet":"max-snippet:-1","max-image-preview":"max-image-preview:large","max-video-preview":"max-video-preview:-1"},"canonical":"https:\/\/www.lraloeverashop.eu\/fr\/produit\/nettoyant-visage-aloe-vera\/","og_locale":"fr_FR","og_type":"article","og_title":"Nettoyant Visage Aloe Vera Set Offre Limit\u00e9e","og_description":"Nettoyant Visage Aloe Vera Set avec le lait d\u00e9maquillant et le tonique pour le visage, nettoie efficacement la peau et la pr\u00e9pare aux prochai","og_url":"https:\/\/www.lraloeverashop.eu\/fr\/produit\/nettoyant-visage-aloe-vera\/","og_site_name":"Boutique Lr Aloe Vera","article_publisher":"https:\/\/www.facebook.com\/lraloeverashop.eu","article_modified_time":"2026-02-02T19:15:37+00:00","og_image":[{"width":1200,"height":1200,"url":"https:\/\/www.lraloeverashop.eu\/wp-content\/uploads\/2022\/10\/Aloe-Vera-Face-Wash-Cleansing-Set-Limited-Offer.jpg","type":"image\/jpeg"}],"twitter_card":"summary_large_image","twitter_site":"@natur__kosmetik","schema":{"@context":"https:\/\/schema.org","@graph":[{"@type":["WebPage","ItemPage"],"@id":"https:\/\/www.lraloeverashop.eu\/fr\/produit\/nettoyant-visage-aloe-vera\/","url":"https:\/\/www.lraloeverashop.eu\/fr\/produit\/nettoyant-visage-aloe-vera\/","name":"Nettoyant Visage Aloe Vera Set avec lait et tonique Clarifiant","isPartOf":{"@id":"https:\/\/www.lraloeverashop.eu\/fr\/#website"},"primaryImageOfPage":{"@id":"https:\/\/www.lraloeverashop.eu\/fr\/produit\/nettoyant-visage-aloe-vera\/#primaryimage"},"image":{"@id":"https:\/\/www.lraloeverashop.eu\/fr\/produit\/nettoyant-visage-aloe-vera\/#primaryimage"},"thumbnailUrl":"https:\/\/www.lraloeverashop.eu\/wp-content\/uploads\/2022\/10\/Aloe-Vera-Face-Wash-Cleansing-Set-Limited-Offer.jpg","datePublished":"2022-10-10T20:23:56+00:00","dateModified":"2026-02-02T19:15:37+00:00","description":"Nettoyant Visage Aloe Vera Set avec le lait d\u00e9maquillant et le tonique pour le visage, nettoie efficacement la peau et la pr\u00e9pare aux prochai","breadcrumb":{"@id":"https:\/\/www.lraloeverashop.eu\/fr\/produit\/nettoyant-visage-aloe-vera\/#breadcrumb"},"inLanguage":"fr-FR","potentialAction":[{"@type":"ReadAction","target":["https:\/\/www.lraloeverashop.eu\/fr\/produit\/nettoyant-visage-aloe-vera\/"]}]},{"@type":"ImageObject","inLanguage":"fr-FR","@id":"https:\/\/www.lraloeverashop.eu\/fr\/produit\/nettoyant-visage-aloe-vera\/#primaryimage","url":"https:\/\/www.lraloeverashop.eu\/wp-content\/uploads\/2022\/10\/Aloe-Vera-Face-Wash-Cleansing-Set-Limited-Offer.jpg","contentUrl":"https:\/\/www.lraloeverashop.eu\/wp-content\/uploads\/2022\/10\/Aloe-Vera-Face-Wash-Cleansing-Set-Limited-Offer.jpg","width":1200,"height":1200,"caption":"Nettoyant Visage Aloe Vera Set Offre limit\u00e9e"},{"@type":"BreadcrumbList","@id":"https:\/\/www.lraloeverashop.eu\/fr\/produit\/nettoyant-visage-aloe-vera\/#breadcrumb","itemListElement":[{"@type":"ListItem","position":1,"name":"Home","item":"https:\/\/www.lraloeverashop.eu\/fr\/"},{"@type":"ListItem","position":2,"name":"Boutique","item":"https:\/\/www.lraloeverashop.eu\/fr\/boutique\/"},{"@type":"ListItem","position":3,"name":"Nettoyant Visage Aloe Vera Set Offre Limit\u00e9e"}]},{"@type":"WebSite","@id":"https:\/\/www.lraloeverashop.eu\/fr\/#website","url":"https:\/\/www.lraloeverashop.eu\/fr\/","name":"Boutique Lr Aloe Vera","description":"High Quality Lr Aloe Vera Gel, Aloe Vera Cream and Shampoo","publisher":{"@id":"https:\/\/www.lraloeverashop.eu\/fr\/#organization"},"alternateName":"LR","potentialAction":[{"@type":"SearchAction","target":{"@type":"EntryPoint","urlTemplate":"https:\/\/www.lraloeverashop.eu\/fr\/?s={search_term_string}"},"query-input":{"@type":"PropertyValueSpecification","valueRequired":true,"valueName":"search_term_string"}}],"inLanguage":"fr-FR"},{"@type":"Organization","@id":"https:\/\/www.lraloeverashop.eu\/fr\/#organization","name":"Boutique Lr Aloe Vera","alternateName":"LR","url":"https:\/\/www.lraloeverashop.eu\/fr\/","logo":{"@type":"ImageObject","inLanguage":"fr-FR","@id":"https:\/\/www.lraloeverashop.eu\/fr\/#\/schema\/logo\/image\/","url":"https:\/\/www.lraloeverashop.eu\/wp-content\/uploads\/2022\/09\/cropped-Lr-Aloe-Vera-Shop.jpg","contentUrl":"https:\/\/www.lraloeverashop.eu\/wp-content\/uploads\/2022\/09\/cropped-Lr-Aloe-Vera-Shop.jpg","width":228,"height":76,"caption":"Boutique Lr Aloe Vera"},"image":{"@id":"https:\/\/www.lraloeverashop.eu\/fr\/#\/schema\/logo\/image\/"},"sameAs":["https:\/\/www.facebook.com\/lraloeverashop.eu","https:\/\/x.com\/natur__kosmetik","https:\/\/www.youtube.com\/channel\/UC5oN7BJ8nfYb8RpVtjwDEBA","https:\/\/www.instagram.com\/lrbeautyeu\/"],"description":"La boutique LR Aloe Vera est votre destination de confiance pour les produits de sant\u00e9 et de beaut\u00e9 haut de gamme LR, fabriqu\u00e9s en Allemagne. Nous proposons des soins de la peau, des compl\u00e9ments nutritionnels et des solutions anti-\u00e2ge \u00e0 l'aloe vera de haute qualit\u00e9, \u00e9labor\u00e9s \u00e0 partir d'ingr\u00e9dients purs et valid\u00e9s par la recherche scientifique. D\u00e9couvrez des soins naturels qui r\u00e9g\u00e9n\u00e8rent, prot\u00e8gent et revitalisent votre peau, et profitez d'offres mensuelles exclusives sur nos produits LR Aloe Vera les plus vendus.\n\nCommencez d\u00e8s aujourd'hui votre parcours vers des soins naturels et constatez la diff\u00e9rence.","email":"info@lraloeverashop.eu","telephone":"+49 17670609653","legalName":"Lr Aloe Vera Shop","foundingDate":"2018-04-21","numberOfEmployees":{"@type":"QuantitativeValue","minValue":"1","maxValue":"10"}}]},"product_price_amount":"22.99","product_price_currency":"EUR","og_availability":"out of stock","product_availability":"out of stock","product_retailer_item_id":"20781-1FR","product_condition":"new"},"taxonomy_info":{"product_cat":[{"value":212,"label":"Aloe Vera"},{"value":226,"label":"Soins du visage"}],"product_tag":[{"value":640,"label":"Nettoyage du visage"},{"value":639,"label":"produits de soins visage"}]},"featured_image_src_large":["https:\/\/www.lraloeverashop.eu\/wp-content\/uploads\/2022\/10\/Aloe-Vera-Face-Wash-Cleansing-Set-Limited-Offer-1024x1024.jpg",1024,1024,true],"author_info":[],"comment_info":0,"_links":{"self":[{"href":"https:\/\/www.lraloeverashop.eu\/fr\/wp-json\/wp\/v2\/product\/10439","targetHints":{"allow":["GET"]}}],"collection":[{"href":"https:\/\/www.lraloeverashop.eu\/fr\/wp-json\/wp\/v2\/product"}],"about":[{"href":"https:\/\/www.lraloeverashop.eu\/fr\/wp-json\/wp\/v2\/types\/product"}],"replies":[{"embeddable":true,"href":"https:\/\/www.lraloeverashop.eu\/fr\/wp-json\/wp\/v2\/comments?post=10439"}],"wp:featuredmedia":[{"embeddable":true,"href":"https:\/\/www.lraloeverashop.eu\/fr\/wp-json\/wp\/v2\/media\/5184"}],"wp:attachment":[{"href":"https:\/\/www.lraloeverashop.eu\/fr\/wp-json\/wp\/v2\/media?parent=10439"}],"wp:term":[{"taxonomy":"product_brand","embeddable":true,"href":"https:\/\/www.lraloeverashop.eu\/fr\/wp-json\/wp\/v2\/product_brand?post=10439"},{"taxonomy":"product_cat","embeddable":true,"href":"https:\/\/www.lraloeverashop.eu\/fr\/wp-json\/wp\/v2\/product_cat?post=10439"},{"taxonomy":"product_tag","embeddable":true,"href":"https:\/\/www.lraloeverashop.eu\/fr\/wp-json\/wp\/v2\/product_tag?post=10439"}],"curies":[{"name":"wp","href":"https:\/\/api.w.org\/{rel}","templated":true}]}}