{"id":10427,"date":"2022-10-10T22:32:47","date_gmt":"2022-10-10T20:32:47","guid":{"rendered":"https:\/\/www.lraloeverashop.eu\/product\/serum-visage-aloe-vera-cbd\/"},"modified":"2026-04-19T07:47:06","modified_gmt":"2026-04-19T05:47:06","slug":"serum-visage-aloe-vera-cbd","status":"publish","type":"product","link":"https:\/\/www.lraloeverashop.eu\/fr\/produit\/serum-visage-aloe-vera-cbd\/","title":{"rendered":"S\u00e9rum Visage Aloe Vera CBD"},"content":{"rendered":"<h2><strong><span style=\"font-size: 16pt;\">S\u00e9rum Visage Aloe Vera CBD<\/span><\/strong><\/h2>\n<p><strong><span style=\"font-size: 14pt;\">S\u00e9rum Visage Aloe Vera CBD &#8211; Plus de bien-\u00eatre, plus de rituels de soins, plus d&#8217;\u00e9clat<\/span><\/strong><\/p>\n<p>Le S\u00e9rum Visage Aloe Vera CBD traitera votre peau avec 50% d&#8217;aloe vera, de l&#8217;huile de graines de <a href=\"https:\/\/www.lraloeverashop.eu\/fr\/produit\/gommage-corporel-aloe-vera-cbd\/\">cannabis sativa<\/a> bio et du CBD. Le secret de l&#8217;effet unique du nouveau s\u00e9rum 2 phases est la combinaison de 50% de <a href=\"https:\/\/www.lraloeverashop.eu\/fr\/produit\/serum-pour-le-visage-skin-balance\/\">gel d&#8217;aloe vera hydratant<\/a> et d&#8217;huile de graines de cannabis sativa bio protectrice et de CBD. Pour un teint \u00e9quilibr\u00e9, <a href=\"https:\/\/www.lraloeverashop.eu\/fr\/produit\/gel-douche-aloe-vera-cbd\/\">hydrat\u00e9<\/a> et affin\u00e9 !<\/p>\n<p>L&#8217;huile de graines de cannabis sativa biologique est connue pour apaiser les <a href=\"https:\/\/www.lraloeverashop.eu\/fr\/produit\/lr-cbd-roll-on-de-massage\/\">peaux irrit\u00e9es<\/a> et r\u00e9duire les irritations cutan\u00e9es gr\u00e2ce \u00e0 ses propri\u00e9t\u00e9s protectrices. Le CBD contenu dans l&#8217;huile de cannabis a un effet <a href=\"https:\/\/www.lraloeverashop.eu\/fr\/produit\/aloe-vera-cbd-set-pour-le-corps\/\">relaxant<\/a> sur la peau stress\u00e9e et la prot\u00e8ge des influences ext\u00e9rieures de l&#8217;environnement.<\/p>\n<p>&nbsp;<\/p>\n<h3><strong><span style=\"font-size: 16pt;\">Comment utiliser le s\u00e9rum pour le visage<\/span><\/strong><\/h3>\n<p>Appliquer matin et soir sur la peau nettoy\u00e9e du visage et laisser agir bri\u00e8vement. Bien agiter avant emploi pour que les deux phases se m\u00e9langent.<\/p>\n<p>&nbsp;<\/p>\n<h4><strong><span style=\"font-size: 16pt;\">Saviez-vous?<\/span><\/strong><\/h4>\n<p>Avec le lancement des produits LR ALOE VERA CBD, chez LR, nous continuons \u00e0 nous concentrer sur la durabilit\u00e9. Les pots et bouteilles de la s\u00e9rie <a href=\"https:\/\/www.lraloeverashop.eu\/fr\/produit\/lr-cannaloe-cbd-gelules\/\">CBD<\/a> care sont fabriqu\u00e9s en mat\u00e9riau durable rPET. En cons\u00e9quence, les bocaux peuvent pr\u00e9senter un l\u00e9ger voile gris, d\u00fb au processus de recyclage respectueux de l&#8217;environnement.<\/p>\n<p><strong>Que signifie exactement rPET?<\/strong><br \/>\nLe PET est un plastique g\u00e9n\u00e9ralement transparent et l\u00e9ger qui est hautement recyclable. On parle de rPET lorsque le plastique est constitu\u00e9 enti\u00e8rement ou partiellement de recyclat (mat\u00e9riau recycl\u00e9). Le recyclage est obtenu, par exemple, \u00e0 partir de vieilles bouteilles en plastique collect\u00e9es.<\/p>\n<p><strong>Pourquoi le rPET est-il plus durable que le PET conventionnel?<\/strong><br \/>\nLa durabilit\u00e9 et donc le recyclage sont des enjeux importants depuis de nombreuses ann\u00e9es. Il est bien connu que le plastique n&#8217;est pas bon pour notre environnement et a un impact n\u00e9gatif sur la nature et toutes les cr\u00e9atures vivantes de notre plan\u00e8te \u00e0 bien des \u00e9gards. L&#8217;utilisation de PET recycl\u00e9 et r\u00e9utilisable nous aide \u00e0 \u00e9conomiser les ressources naturelles et contribue ainsi de mani\u00e8re significative \u00e0 la protection de l&#8217;environnement.<\/p>\n<p>Avec le rPET, il est possible de r\u00e9duire consid\u00e9rablement la production de grandes quantit\u00e9s de plastique et donc de r\u00e9duire durablement les \u00e9missions de CO2. Le rPET apporte ainsi une contribution importante \u00e0 l&#8217;am\u00e9lioration du bilan \u00e9cologique des emballages jetables et \u00e0 l&#8217;augmentation de leur durabilit\u00e9.<\/p>\n<p><strong>Pourquoi la couleur change-t-elle?<\/strong><br \/>\nLe changement de couleur du mat\u00e9riau PET est caus\u00e9 par le recyclage. Le mat\u00e9riau de d\u00e9part \u00e0 recycler, le PET, peut avoir diff\u00e9rentes colorations, de sorte que le m\u00e9lange dans le processus de recyclage rend les r\u00e9cipients en rPET l\u00e9g\u00e8rement plus fonc\u00e9s ou plus gris. C&#8217;est ainsi que le consommateur final peut savoir qu&#8217;un contenant particulier a \u00e9t\u00e9 recycl\u00e9.<\/p>\n<p>Tout comme pour le papier recycl\u00e9, la coloration l\u00e9g\u00e8rement grise d&#8217;une bouteille en PET peut \u00e9galement devenir un symbole de durabilit\u00e9 et de sensibilisation \u00e0 l&#8217;environnement et s\u00e9duire \u00e0 l&#8217;avenir de plus en plus de groupes cibles.<\/p>\n<p>Obtenez votre S\u00e9rum Visage Aloe Vera CBD et commencez \u00e0 apaiser et \u00e0 <a href=\"https:\/\/www.lraloeverashop.eu\/fr\/produit\/set-soins-du-corps-au-cbd\/\">r\u00e9g\u00e9n\u00e9rer votre peau<\/a> aujourd&#8217;hui<\/p>\n","protected":false},"excerpt":{"rendered":"<ul>\n<li><strong><span style=\"color: #ff0000;\">OFFRE LIMIT\u00c9E<\/span><\/strong><\/li>\n<li>S\u00e9rum de soin visage 2 phases pour peaux stress\u00e9es<\/li>\n<li>Phase 1 : Soin hydratant<\/li>\n<li>Phase 2 : Protection r\u00e9g\u00e9n\u00e9rante<\/li>\n<li>Avec 50% de gel d&#8217;aloe vera, d&#8217;huile de graines de cannabis sativa bio et de CBD<\/li>\n<li>Les bouteilles sont fabriqu\u00e9s du mat\u00e9riau durable rPET<\/li>\n<li>Quantit\u00e9 : 30 ml<\/li>\n<\/ul>\n<p style=\"text-align: left;\"><span style=\"color: #ff0000;\"><a style=\"color: #ff0000;\" href=\"https:\/\/shop.lrworld.com\/openpao?PHP=0vFlt7jT938BEnBI3a6e9w%3D%3D\"><span style=\"font-size: 14pt;\"><strong>Inscrivez-vous et \u00e9conomisez 35% sur chaque commande<\/strong><\/span><\/a><\/span><\/p>\n","protected":false},"featured_media":4914,"comment_status":"open","ping_status":"closed","template":"","meta":{"_kad_blocks_custom_css":"","_kad_blocks_head_custom_js":"","_kad_blocks_body_custom_js":"","_kad_blocks_footer_custom_js":"","_kadence_starter_templates_imported_post":false,"_kad_post_transparent":"default","_kad_post_title":"","_kad_post_layout":"default","_kad_post_sidebar_id":"","_kad_post_content_style":"default","_kad_post_vertical_padding":"default","_kad_post_feature":"","_kad_post_feature_position":"","_kad_post_header":false,"_kad_post_footer":false,"_kad_post_classname":""},"product_brand":[],"product_cat":[212,225,226,351],"product_tag":[579,639],"class_list":{"0":"post-10427","1":"product","2":"type-product","3":"status-publish","4":"has-post-thumbnail","6":"product_cat-aloe-vera-fr","7":"product_cat-cbd-fr","8":"product_cat-soins-du-visage","9":"product_cat-soldes","10":"product_tag-produits-cbd","11":"product_tag-produits-de-soins-visage","13":"first","14":"outofstock","15":"sale","16":"taxable","17":"shipping-taxable","18":"purchasable","19":"product-type-simple","20":"entry","21":"content-bg","22":"loop-entry"},"yoast_head":"<!-- This site is optimized with the Yoast SEO Premium plugin v27.5 (Yoast SEO v27.5) - https:\/\/yoast.com\/product\/yoast-seo-premium-wordpress\/ -->\n<title>S\u00e9rum Visage Aloe Vera CBD - Plus de bien-\u00eatre, plus d&#039;\u00e9clat<\/title>\n<meta name=\"description\" content=\"S\u00e9rum Visage Aloe Vera CBD 2 phases pour peaux stress\u00e9es. Avec 50% de gel d&#039;aloe vera, d&#039;huile de graines de cannabis sativa bio et de CBD.\" \/>\n<meta name=\"robots\" content=\"index, follow, max-snippet:-1, max-image-preview:large, max-video-preview:-1\" \/>\n<link rel=\"canonical\" href=\"https:\/\/www.lraloeverashop.eu\/fr\/produit\/serum-visage-aloe-vera-cbd\/\" \/>\n<meta property=\"og:locale\" content=\"fr_FR\" \/>\n<meta property=\"og:type\" content=\"article\" \/>\n<meta property=\"og:title\" content=\"S\u00e9rum Visage Aloe Vera CBD\" \/>\n<meta property=\"og:description\" content=\"S\u00e9rum Visage Aloe Vera CBD 2 phases pour peaux stress\u00e9es. Avec 50% de gel d&#039;aloe vera, d&#039;huile de graines de cannabis sativa bio et de CBD.\" \/>\n<meta property=\"og:url\" content=\"https:\/\/www.lraloeverashop.eu\/fr\/produit\/serum-visage-aloe-vera-cbd\/\" \/>\n<meta property=\"og:site_name\" content=\"Boutique Lr Aloe Vera\" \/>\n<meta property=\"article:publisher\" content=\"https:\/\/www.facebook.com\/lraloeverashop.eu\" \/>\n<meta property=\"article:modified_time\" content=\"2026-04-19T05:47:06+00:00\" \/>\n<meta property=\"og:image\" content=\"https:\/\/www.lraloeverashop.eu\/wp-content\/uploads\/2022\/10\/Lr-Aloe-Vera-CBD-Bi-Phase-Face-Serum.jpg\" \/>\n\t<meta property=\"og:image:width\" content=\"1200\" \/>\n\t<meta property=\"og:image:height\" content=\"1200\" \/>\n\t<meta property=\"og:image:type\" content=\"image\/jpeg\" \/>\n<meta name=\"twitter:card\" content=\"summary_large_image\" \/>\n<meta name=\"twitter:site\" content=\"@natur__kosmetik\" \/>\n<script type=\"application\/ld+json\" class=\"yoast-schema-graph\">{\"@context\":\"https:\\\/\\\/schema.org\",\"@graph\":[{\"@type\":[\"WebPage\",\"ItemPage\"],\"@id\":\"https:\\\/\\\/www.lraloeverashop.eu\\\/fr\\\/produit\\\/serum-visage-aloe-vera-cbd\\\/\",\"url\":\"https:\\\/\\\/www.lraloeverashop.eu\\\/fr\\\/produit\\\/serum-visage-aloe-vera-cbd\\\/\",\"name\":\"S\u00e9rum Visage Aloe Vera CBD - Plus de bien-\u00eatre, plus d'\u00e9clat\",\"isPartOf\":{\"@id\":\"https:\\\/\\\/www.lraloeverashop.eu\\\/fr\\\/#website\"},\"primaryImageOfPage\":{\"@id\":\"https:\\\/\\\/www.lraloeverashop.eu\\\/fr\\\/produit\\\/serum-visage-aloe-vera-cbd\\\/#primaryimage\"},\"image\":{\"@id\":\"https:\\\/\\\/www.lraloeverashop.eu\\\/fr\\\/produit\\\/serum-visage-aloe-vera-cbd\\\/#primaryimage\"},\"thumbnailUrl\":\"https:\\\/\\\/www.lraloeverashop.eu\\\/wp-content\\\/uploads\\\/2022\\\/10\\\/Lr-Aloe-Vera-CBD-Bi-Phase-Face-Serum.jpg\",\"datePublished\":\"2022-10-10T20:32:47+00:00\",\"dateModified\":\"2026-04-19T05:47:06+00:00\",\"description\":\"S\u00e9rum Visage Aloe Vera CBD 2 phases pour peaux stress\u00e9es. Avec 50% de gel d'aloe vera, d'huile de graines de cannabis sativa bio et de CBD.\",\"breadcrumb\":{\"@id\":\"https:\\\/\\\/www.lraloeverashop.eu\\\/fr\\\/produit\\\/serum-visage-aloe-vera-cbd\\\/#breadcrumb\"},\"inLanguage\":\"fr-FR\",\"potentialAction\":[{\"@type\":\"ReadAction\",\"target\":[\"https:\\\/\\\/www.lraloeverashop.eu\\\/fr\\\/produit\\\/serum-visage-aloe-vera-cbd\\\/\"]}]},{\"@type\":\"ImageObject\",\"inLanguage\":\"fr-FR\",\"@id\":\"https:\\\/\\\/www.lraloeverashop.eu\\\/fr\\\/produit\\\/serum-visage-aloe-vera-cbd\\\/#primaryimage\",\"url\":\"https:\\\/\\\/www.lraloeverashop.eu\\\/wp-content\\\/uploads\\\/2022\\\/10\\\/Lr-Aloe-Vera-CBD-Bi-Phase-Face-Serum.jpg\",\"contentUrl\":\"https:\\\/\\\/www.lraloeverashop.eu\\\/wp-content\\\/uploads\\\/2022\\\/10\\\/Lr-Aloe-Vera-CBD-Bi-Phase-Face-Serum.jpg\",\"width\":1200,\"height\":1200,\"caption\":\"S\u00e9rum Visage Bi-Phase Aloe Vera CBD\"},{\"@type\":\"BreadcrumbList\",\"@id\":\"https:\\\/\\\/www.lraloeverashop.eu\\\/fr\\\/produit\\\/serum-visage-aloe-vera-cbd\\\/#breadcrumb\",\"itemListElement\":[{\"@type\":\"ListItem\",\"position\":1,\"name\":\"Home\",\"item\":\"https:\\\/\\\/www.lraloeverashop.eu\\\/fr\\\/home\\\/\"},{\"@type\":\"ListItem\",\"position\":2,\"name\":\"Boutique\",\"item\":\"https:\\\/\\\/www.lraloeverashop.eu\\\/fr\\\/boutique\\\/\"},{\"@type\":\"ListItem\",\"position\":3,\"name\":\"S\u00e9rum Visage Aloe Vera CBD\"}]},{\"@type\":\"WebSite\",\"@id\":\"https:\\\/\\\/www.lraloeverashop.eu\\\/fr\\\/#website\",\"url\":\"https:\\\/\\\/www.lraloeverashop.eu\\\/fr\\\/\",\"name\":\"Boutique Lr Aloe Vera\",\"description\":\"High Quality Lr Aloe Vera Gel, Aloe Vera Cream and Shampoo\",\"publisher\":{\"@id\":\"https:\\\/\\\/www.lraloeverashop.eu\\\/fr\\\/#organization\"},\"alternateName\":\"LR\",\"potentialAction\":[{\"@type\":\"SearchAction\",\"target\":{\"@type\":\"EntryPoint\",\"urlTemplate\":\"https:\\\/\\\/www.lraloeverashop.eu\\\/fr\\\/?s={search_term_string}\"},\"query-input\":{\"@type\":\"PropertyValueSpecification\",\"valueRequired\":true,\"valueName\":\"search_term_string\"}}],\"inLanguage\":\"fr-FR\"},{\"@type\":\"Organization\",\"@id\":\"https:\\\/\\\/www.lraloeverashop.eu\\\/fr\\\/#organization\",\"name\":\"Boutique Lr Aloe Vera\",\"alternateName\":\"LR\",\"url\":\"https:\\\/\\\/www.lraloeverashop.eu\\\/fr\\\/\",\"logo\":{\"@type\":\"ImageObject\",\"inLanguage\":\"fr-FR\",\"@id\":\"https:\\\/\\\/www.lraloeverashop.eu\\\/fr\\\/#\\\/schema\\\/logo\\\/image\\\/\",\"url\":\"https:\\\/\\\/www.lraloeverashop.eu\\\/wp-content\\\/uploads\\\/2022\\\/09\\\/cropped-Lr-Aloe-Vera-Shop.jpg\",\"contentUrl\":\"https:\\\/\\\/www.lraloeverashop.eu\\\/wp-content\\\/uploads\\\/2022\\\/09\\\/cropped-Lr-Aloe-Vera-Shop.jpg\",\"width\":228,\"height\":76,\"caption\":\"Boutique Lr Aloe Vera\"},\"image\":{\"@id\":\"https:\\\/\\\/www.lraloeverashop.eu\\\/fr\\\/#\\\/schema\\\/logo\\\/image\\\/\"},\"sameAs\":[\"https:\\\/\\\/www.facebook.com\\\/lraloeverashop.eu\",\"https:\\\/\\\/x.com\\\/natur__kosmetik\",\"https:\\\/\\\/www.youtube.com\\\/channel\\\/UC5oN7BJ8nfYb8RpVtjwDEBA\",\"https:\\\/\\\/www.instagram.com\\\/lrbeautyeu\\\/\"],\"description\":\"La boutique LR Aloe Vera est votre destination de confiance pour les produits de sant\u00e9 et de beaut\u00e9 haut de gamme LR, fabriqu\u00e9s en Allemagne. Nous proposons des soins de la peau, des compl\u00e9ments nutritionnels et des solutions anti-\u00e2ge \u00e0 l'aloe vera de haute qualit\u00e9, \u00e9labor\u00e9s \u00e0 partir d'ingr\u00e9dients purs et valid\u00e9s par la recherche scientifique. D\u00e9couvrez des soins naturels qui r\u00e9g\u00e9n\u00e8rent, prot\u00e8gent et revitalisent votre peau, et profitez d'offres mensuelles exclusives sur nos produits LR Aloe Vera les plus vendus.\\n\\nCommencez d\u00e8s aujourd'hui votre parcours vers des soins naturels et constatez la diff\u00e9rence.\",\"email\":\"info@lraloeverashop.eu\",\"telephone\":\"+49 17670609653\",\"legalName\":\"Lr Aloe Vera Shop\",\"foundingDate\":\"2018-04-21\",\"numberOfEmployees\":{\"@type\":\"QuantitativeValue\",\"minValue\":\"1\",\"maxValue\":\"10\"}}]}<\/script>\n<meta property=\"product:price:amount\" content=\"18.99\" \/>\n<meta property=\"product:price:currency\" content=\"EUR\" \/>\n<meta property=\"og:availability\" content=\"out of stock\" \/>\n<meta property=\"product:availability\" content=\"out of stock\" \/>\n<meta property=\"product:retailer_item_id\" content=\"20818-1FR\" \/>\n<meta property=\"product:condition\" content=\"new\" \/>\n<!-- \/ Yoast SEO Premium plugin. -->","yoast_head_json":{"title":"S\u00e9rum Visage Aloe Vera CBD - Plus de bien-\u00eatre, plus d'\u00e9clat","description":"S\u00e9rum Visage Aloe Vera CBD 2 phases pour peaux stress\u00e9es. Avec 50% de gel d'aloe vera, d'huile de graines de cannabis sativa bio et de CBD.","robots":{"index":"index","follow":"follow","max-snippet":"max-snippet:-1","max-image-preview":"max-image-preview:large","max-video-preview":"max-video-preview:-1"},"canonical":"https:\/\/www.lraloeverashop.eu\/fr\/produit\/serum-visage-aloe-vera-cbd\/","og_locale":"fr_FR","og_type":"article","og_title":"S\u00e9rum Visage Aloe Vera CBD","og_description":"S\u00e9rum Visage Aloe Vera CBD 2 phases pour peaux stress\u00e9es. Avec 50% de gel d'aloe vera, d'huile de graines de cannabis sativa bio et de CBD.","og_url":"https:\/\/www.lraloeverashop.eu\/fr\/produit\/serum-visage-aloe-vera-cbd\/","og_site_name":"Boutique Lr Aloe Vera","article_publisher":"https:\/\/www.facebook.com\/lraloeverashop.eu","article_modified_time":"2026-04-19T05:47:06+00:00","og_image":[{"width":1200,"height":1200,"url":"https:\/\/www.lraloeverashop.eu\/wp-content\/uploads\/2022\/10\/Lr-Aloe-Vera-CBD-Bi-Phase-Face-Serum.jpg","type":"image\/jpeg"}],"twitter_card":"summary_large_image","twitter_site":"@natur__kosmetik","schema":{"@context":"https:\/\/schema.org","@graph":[{"@type":["WebPage","ItemPage"],"@id":"https:\/\/www.lraloeverashop.eu\/fr\/produit\/serum-visage-aloe-vera-cbd\/","url":"https:\/\/www.lraloeverashop.eu\/fr\/produit\/serum-visage-aloe-vera-cbd\/","name":"S\u00e9rum Visage Aloe Vera CBD - Plus de bien-\u00eatre, plus d'\u00e9clat","isPartOf":{"@id":"https:\/\/www.lraloeverashop.eu\/fr\/#website"},"primaryImageOfPage":{"@id":"https:\/\/www.lraloeverashop.eu\/fr\/produit\/serum-visage-aloe-vera-cbd\/#primaryimage"},"image":{"@id":"https:\/\/www.lraloeverashop.eu\/fr\/produit\/serum-visage-aloe-vera-cbd\/#primaryimage"},"thumbnailUrl":"https:\/\/www.lraloeverashop.eu\/wp-content\/uploads\/2022\/10\/Lr-Aloe-Vera-CBD-Bi-Phase-Face-Serum.jpg","datePublished":"2022-10-10T20:32:47+00:00","dateModified":"2026-04-19T05:47:06+00:00","description":"S\u00e9rum Visage Aloe Vera CBD 2 phases pour peaux stress\u00e9es. Avec 50% de gel d'aloe vera, d'huile de graines de cannabis sativa bio et de CBD.","breadcrumb":{"@id":"https:\/\/www.lraloeverashop.eu\/fr\/produit\/serum-visage-aloe-vera-cbd\/#breadcrumb"},"inLanguage":"fr-FR","potentialAction":[{"@type":"ReadAction","target":["https:\/\/www.lraloeverashop.eu\/fr\/produit\/serum-visage-aloe-vera-cbd\/"]}]},{"@type":"ImageObject","inLanguage":"fr-FR","@id":"https:\/\/www.lraloeverashop.eu\/fr\/produit\/serum-visage-aloe-vera-cbd\/#primaryimage","url":"https:\/\/www.lraloeverashop.eu\/wp-content\/uploads\/2022\/10\/Lr-Aloe-Vera-CBD-Bi-Phase-Face-Serum.jpg","contentUrl":"https:\/\/www.lraloeverashop.eu\/wp-content\/uploads\/2022\/10\/Lr-Aloe-Vera-CBD-Bi-Phase-Face-Serum.jpg","width":1200,"height":1200,"caption":"S\u00e9rum Visage Bi-Phase Aloe Vera CBD"},{"@type":"BreadcrumbList","@id":"https:\/\/www.lraloeverashop.eu\/fr\/produit\/serum-visage-aloe-vera-cbd\/#breadcrumb","itemListElement":[{"@type":"ListItem","position":1,"name":"Home","item":"https:\/\/www.lraloeverashop.eu\/fr\/home\/"},{"@type":"ListItem","position":2,"name":"Boutique","item":"https:\/\/www.lraloeverashop.eu\/fr\/boutique\/"},{"@type":"ListItem","position":3,"name":"S\u00e9rum Visage Aloe Vera CBD"}]},{"@type":"WebSite","@id":"https:\/\/www.lraloeverashop.eu\/fr\/#website","url":"https:\/\/www.lraloeverashop.eu\/fr\/","name":"Boutique Lr Aloe Vera","description":"High Quality Lr Aloe Vera Gel, Aloe Vera Cream and Shampoo","publisher":{"@id":"https:\/\/www.lraloeverashop.eu\/fr\/#organization"},"alternateName":"LR","potentialAction":[{"@type":"SearchAction","target":{"@type":"EntryPoint","urlTemplate":"https:\/\/www.lraloeverashop.eu\/fr\/?s={search_term_string}"},"query-input":{"@type":"PropertyValueSpecification","valueRequired":true,"valueName":"search_term_string"}}],"inLanguage":"fr-FR"},{"@type":"Organization","@id":"https:\/\/www.lraloeverashop.eu\/fr\/#organization","name":"Boutique Lr Aloe Vera","alternateName":"LR","url":"https:\/\/www.lraloeverashop.eu\/fr\/","logo":{"@type":"ImageObject","inLanguage":"fr-FR","@id":"https:\/\/www.lraloeverashop.eu\/fr\/#\/schema\/logo\/image\/","url":"https:\/\/www.lraloeverashop.eu\/wp-content\/uploads\/2022\/09\/cropped-Lr-Aloe-Vera-Shop.jpg","contentUrl":"https:\/\/www.lraloeverashop.eu\/wp-content\/uploads\/2022\/09\/cropped-Lr-Aloe-Vera-Shop.jpg","width":228,"height":76,"caption":"Boutique Lr Aloe Vera"},"image":{"@id":"https:\/\/www.lraloeverashop.eu\/fr\/#\/schema\/logo\/image\/"},"sameAs":["https:\/\/www.facebook.com\/lraloeverashop.eu","https:\/\/x.com\/natur__kosmetik","https:\/\/www.youtube.com\/channel\/UC5oN7BJ8nfYb8RpVtjwDEBA","https:\/\/www.instagram.com\/lrbeautyeu\/"],"description":"La boutique LR Aloe Vera est votre destination de confiance pour les produits de sant\u00e9 et de beaut\u00e9 haut de gamme LR, fabriqu\u00e9s en Allemagne. Nous proposons des soins de la peau, des compl\u00e9ments nutritionnels et des solutions anti-\u00e2ge \u00e0 l'aloe vera de haute qualit\u00e9, \u00e9labor\u00e9s \u00e0 partir d'ingr\u00e9dients purs et valid\u00e9s par la recherche scientifique. D\u00e9couvrez des soins naturels qui r\u00e9g\u00e9n\u00e8rent, prot\u00e8gent et revitalisent votre peau, et profitez d'offres mensuelles exclusives sur nos produits LR Aloe Vera les plus vendus.\n\nCommencez d\u00e8s aujourd'hui votre parcours vers des soins naturels et constatez la diff\u00e9rence.","email":"info@lraloeverashop.eu","telephone":"+49 17670609653","legalName":"Lr Aloe Vera Shop","foundingDate":"2018-04-21","numberOfEmployees":{"@type":"QuantitativeValue","minValue":"1","maxValue":"10"}}]},"product_price_amount":"18.99","product_price_currency":"EUR","og_availability":"out of stock","product_availability":"out of stock","product_retailer_item_id":"20818-1FR","product_condition":"new"},"taxonomy_info":{"product_cat":[{"value":212,"label":"Aloe Vera"},{"value":225,"label":"CBD"},{"value":226,"label":"Soins du visage"},{"value":351,"label":"Soldes"}],"product_tag":[{"value":579,"label":"Produits CBD"},{"value":639,"label":"produits de soins visage"}]},"featured_image_src_large":["https:\/\/www.lraloeverashop.eu\/wp-content\/uploads\/2022\/10\/Lr-Aloe-Vera-CBD-Bi-Phase-Face-Serum-1024x1024.jpg",1024,1024,true],"author_info":[],"comment_info":0,"_links":{"self":[{"href":"https:\/\/www.lraloeverashop.eu\/fr\/wp-json\/wp\/v2\/product\/10427","targetHints":{"allow":["GET"]}}],"collection":[{"href":"https:\/\/www.lraloeverashop.eu\/fr\/wp-json\/wp\/v2\/product"}],"about":[{"href":"https:\/\/www.lraloeverashop.eu\/fr\/wp-json\/wp\/v2\/types\/product"}],"replies":[{"embeddable":true,"href":"https:\/\/www.lraloeverashop.eu\/fr\/wp-json\/wp\/v2\/comments?post=10427"}],"wp:featuredmedia":[{"embeddable":true,"href":"https:\/\/www.lraloeverashop.eu\/fr\/wp-json\/wp\/v2\/media\/4914"}],"wp:attachment":[{"href":"https:\/\/www.lraloeverashop.eu\/fr\/wp-json\/wp\/v2\/media?parent=10427"}],"wp:term":[{"taxonomy":"product_brand","embeddable":true,"href":"https:\/\/www.lraloeverashop.eu\/fr\/wp-json\/wp\/v2\/product_brand?post=10427"},{"taxonomy":"product_cat","embeddable":true,"href":"https:\/\/www.lraloeverashop.eu\/fr\/wp-json\/wp\/v2\/product_cat?post=10427"},{"taxonomy":"product_tag","embeddable":true,"href":"https:\/\/www.lraloeverashop.eu\/fr\/wp-json\/wp\/v2\/product_tag?post=10427"}],"curies":[{"name":"wp","href":"https:\/\/api.w.org\/{rel}","templated":true}]}}