{"id":10415,"date":"2022-10-10T22:55:57","date_gmt":"2022-10-10T20:55:57","guid":{"rendered":"https:\/\/www.lraloeverashop.eu\/product\/lr-aloe-vera-set-de-nettoyage-et-rafraichissant\/"},"modified":"2026-04-18T21:41:23","modified_gmt":"2026-04-18T19:41:23","slug":"lr-aloe-vera-set-de-nettoyage-et-rafraichissant","status":"publish","type":"product","link":"https:\/\/www.lraloeverashop.eu\/fr\/produit\/lr-aloe-vera-set-de-nettoyage-et-rafraichissant\/","title":{"rendered":"Set De Nettoyage Et Rafra\u00eechissant"},"content":{"rendered":"<h2><span style=\"font-size: 16pt;\"><strong>Set De Nettoyage Et Rafra\u00eechissant<\/strong><\/span><\/h2>\n<p><span style=\"font-size: 14pt;\"><strong>Set De Nettoyage Et Rafra\u00eechissant Aloe Vera &#8211; Soins du visage efficace<\/strong><\/span><\/p>\n<p>Traitez votre visage avec une dose de fra\u00eecheur avec Lr Aloe Vera. Commencez avec un gommage du visage profond, offrez-vous 95% d&#8217;hydratation en plus en seulement 3 minutes avec le masque et prot\u00e9gez votre visage avec la cr\u00e8me gel \u00e0 absorption rapide. Une journ\u00e9e id\u00e9ale pour votre peau !<\/p>\n<p><a href=\"https:\/\/www.lraloeverashop.eu\/fr\/produit\/aloe-vera-masque-pour-le-visage\/\"><strong>Masque Pour le Visage Express<\/strong><\/a> apporte rapidement une aide en cas de peau s\u00e8che. En 3 minutes seulement le masque apporte jusqu&#8217;\u00e0 95% d&#8217;humidit\u00e9 en plus \u00e0 la peau*. 50 % de gel \u00e0 l&#8217;aloe vera, de l&#8217;extrait bio de rose musqu\u00e9e et une combinaison active d&#8217;Aquaxyl et d&#8217;Aquapront\u2122 font rayonner le teint et donne un air frais. La peau est <a href=\"https:\/\/www.lraloeverashop.eu\/fr\/produit\/lr-aloe-vera-set-de-soins-du-corps\/\">plus \u00e9lastique<\/a> et l&#8217;hydratation est am\u00e9lior\u00e9e.<\/p>\n<p><a href=\"https:\/\/www.lraloeverashop.eu\/fr\/produit\/aloe-vera-gel-creme-hydratant\/\"><strong>Aloe Vera Gel Cr\u00e8me Hydratant<\/strong><\/a> rafraichit et illumine votre peau. Le stress et la fatigue laissent leurs traces sur notre peau. La texture soyeuse et rafraichissante du gel-cr\u00e8me hydratant hydrate la peau en profondeur. Elle <a href=\"https:\/\/www.lraloeverashop.eu\/fr\/produit\/aloe-vera-gel-concentre-hydratant\/\">p\u00e9n\u00e8tre rapidement<\/a> et laisse une sensation de douceur et de l\u00e9g\u00e8ret\u00e9 sur la peau. La solution id\u00e9ale pour les peaux mixtes!<\/p>\n<p>Le <a href=\"https:\/\/www.lraloeverashop.eu\/fr\/produit\/aloe-vera-gommage-exfoliant-pour-le-visage\/\"><strong>gommage doux pour le visage<\/strong><\/a> contenant 50% d&#8217;Aloe Vera, offre un nettoyage doux et efficace de la peau. Ses grains exfoliants fins \u00e9liminent en douceur les cellules mortes et les impuret\u00e9s. Gr\u00e2ce \u00e0 sa teneur \u00e9lev\u00e9e en Aloe Vera, le gommage est extr\u00eamement rafra\u00eechissant, tout en offrant une peau lisse et uniforme.<\/p>\n","protected":false},"excerpt":{"rendered":"<ul>\n<li>Lr Aloe Vera Gommage Exfoliant Pour Le Visage<\/li>\n<li>Lr Aloe Vera Masque Hydratant Express Pour Le Visage<\/li>\n<li>Lr Aloe Vera Gel Cr\u00e8me Hydratant<\/li>\n<li>Hydrater et rafra\u00eechir la peau<\/li>\n<li>Produit fabriqu\u00e9 en Allemagne<\/li>\n<\/ul>\n<p style=\"text-align: left;\"><span style=\"color: #ff0000;\"><a style=\"color: #ff0000;\" href=\"https:\/\/shop.lrworld.com\/openpao?PHP=0vFlt7jT938BEnBI3a6e9w%3D%3D\"><span style=\"font-size: 14pt;\"><strong>Inscrivez-vous et \u00e9conomisez 35% sur chaque commande<\/strong><\/span><\/a><\/span><\/p>\n","protected":false},"featured_media":4950,"comment_status":"open","ping_status":"closed","template":"","meta":{"_kad_blocks_custom_css":"","_kad_blocks_head_custom_js":"","_kad_blocks_body_custom_js":"","_kad_blocks_footer_custom_js":"","_kadence_starter_templates_imported_post":false,"_kad_post_transparent":"default","_kad_post_title":"","_kad_post_layout":"default","_kad_post_sidebar_id":"","_kad_post_content_style":"default","_kad_post_vertical_padding":"default","_kad_post_feature":"","_kad_post_feature_position":"","_kad_post_header":false,"_kad_post_footer":false,"_kad_post_classname":""},"product_brand":[],"product_cat":[212,226],"product_tag":[584],"class_list":{"0":"post-10415","1":"product","2":"type-product","3":"status-publish","4":"has-post-thumbnail","6":"product_cat-aloe-vera-fr","7":"product_cat-soins-du-visage","8":"product_tag-visage-sec","10":"first","11":"instock","12":"taxable","13":"shipping-taxable","14":"purchasable","15":"product-type-simple","16":"entry","17":"content-bg","18":"loop-entry"},"yoast_head":"<!-- This site is optimized with the Yoast SEO Premium plugin v27.5 (Yoast SEO v27.5) - https:\/\/yoast.com\/product\/yoast-seo-premium-wordpress\/ -->\n<title>Set De Nettoyage Et Rafra\u00eechissant- Soins du visage efficace<\/title>\n<meta name=\"description\" content=\"Set De Nettoyage Et Rafra\u00eechissant avec un gommage du visage profond, offrez-vous 95% hydratation en plus en seulement 3 minutes. Trouvez-en plus ici\" \/>\n<meta name=\"robots\" content=\"index, follow, max-snippet:-1, max-image-preview:large, max-video-preview:-1\" \/>\n<link rel=\"canonical\" href=\"https:\/\/www.lraloeverashop.eu\/fr\/produit\/lr-aloe-vera-set-de-nettoyage-et-rafraichissant\/\" \/>\n<meta property=\"og:locale\" content=\"fr_FR\" \/>\n<meta property=\"og:type\" content=\"article\" \/>\n<meta property=\"og:title\" content=\"Set De Nettoyage Et Rafra\u00eechissant\" \/>\n<meta property=\"og:description\" content=\"Set De Nettoyage Et Rafra\u00eechissant avec un gommage du visage profond, offrez-vous 95% hydratation en plus en seulement 3 minutes. Trouvez-en plus ici\" \/>\n<meta property=\"og:url\" content=\"https:\/\/www.lraloeverashop.eu\/fr\/produit\/lr-aloe-vera-set-de-nettoyage-et-rafraichissant\/\" \/>\n<meta property=\"og:site_name\" content=\"Boutique Lr Aloe Vera\" \/>\n<meta property=\"article:publisher\" content=\"https:\/\/www.facebook.com\/lraloeverashop.eu\" \/>\n<meta property=\"article:modified_time\" content=\"2026-04-18T19:41:23+00:00\" \/>\n<meta property=\"og:image\" content=\"https:\/\/www.lraloeverashop.eu\/wp-content\/uploads\/2022\/10\/Aloe-Vera-Face-Refreshing-Set.jpg\" \/>\n\t<meta property=\"og:image:width\" content=\"1200\" \/>\n\t<meta property=\"og:image:height\" content=\"1200\" \/>\n\t<meta property=\"og:image:type\" content=\"image\/jpeg\" \/>\n<meta name=\"twitter:card\" content=\"summary_large_image\" \/>\n<meta name=\"twitter:site\" content=\"@natur__kosmetik\" \/>\n<script type=\"application\/ld+json\" class=\"yoast-schema-graph\">{\"@context\":\"https:\\\/\\\/schema.org\",\"@graph\":[{\"@type\":[\"WebPage\",\"ItemPage\"],\"@id\":\"https:\\\/\\\/www.lraloeverashop.eu\\\/fr\\\/produit\\\/lr-aloe-vera-set-de-nettoyage-et-rafraichissant\\\/\",\"url\":\"https:\\\/\\\/www.lraloeverashop.eu\\\/fr\\\/produit\\\/lr-aloe-vera-set-de-nettoyage-et-rafraichissant\\\/\",\"name\":\"Set De Nettoyage Et Rafra\u00eechissant- Soins du visage efficace\",\"isPartOf\":{\"@id\":\"https:\\\/\\\/www.lraloeverashop.eu\\\/fr\\\/#website\"},\"primaryImageOfPage\":{\"@id\":\"https:\\\/\\\/www.lraloeverashop.eu\\\/fr\\\/produit\\\/lr-aloe-vera-set-de-nettoyage-et-rafraichissant\\\/#primaryimage\"},\"image\":{\"@id\":\"https:\\\/\\\/www.lraloeverashop.eu\\\/fr\\\/produit\\\/lr-aloe-vera-set-de-nettoyage-et-rafraichissant\\\/#primaryimage\"},\"thumbnailUrl\":\"https:\\\/\\\/www.lraloeverashop.eu\\\/wp-content\\\/uploads\\\/2022\\\/10\\\/Aloe-Vera-Face-Refreshing-Set.jpg\",\"datePublished\":\"2022-10-10T20:55:57+00:00\",\"dateModified\":\"2026-04-18T19:41:23+00:00\",\"description\":\"Set De Nettoyage Et Rafra\u00eechissant avec un gommage du visage profond, offrez-vous 95% hydratation en plus en seulement 3 minutes. Trouvez-en plus ici\",\"breadcrumb\":{\"@id\":\"https:\\\/\\\/www.lraloeverashop.eu\\\/fr\\\/produit\\\/lr-aloe-vera-set-de-nettoyage-et-rafraichissant\\\/#breadcrumb\"},\"inLanguage\":\"fr-FR\",\"potentialAction\":[{\"@type\":\"ReadAction\",\"target\":[\"https:\\\/\\\/www.lraloeverashop.eu\\\/fr\\\/produit\\\/lr-aloe-vera-set-de-nettoyage-et-rafraichissant\\\/\"]}]},{\"@type\":\"ImageObject\",\"inLanguage\":\"fr-FR\",\"@id\":\"https:\\\/\\\/www.lraloeverashop.eu\\\/fr\\\/produit\\\/lr-aloe-vera-set-de-nettoyage-et-rafraichissant\\\/#primaryimage\",\"url\":\"https:\\\/\\\/www.lraloeverashop.eu\\\/wp-content\\\/uploads\\\/2022\\\/10\\\/Aloe-Vera-Face-Refreshing-Set.jpg\",\"contentUrl\":\"https:\\\/\\\/www.lraloeverashop.eu\\\/wp-content\\\/uploads\\\/2022\\\/10\\\/Aloe-Vera-Face-Refreshing-Set.jpg\",\"width\":1200,\"height\":1200,\"caption\":\"Lr Aloe Vera Set De Nettoyage Et Rafra\u00eechissant hydrater et rafra\u00eechir la peau\"},{\"@type\":\"BreadcrumbList\",\"@id\":\"https:\\\/\\\/www.lraloeverashop.eu\\\/fr\\\/produit\\\/lr-aloe-vera-set-de-nettoyage-et-rafraichissant\\\/#breadcrumb\",\"itemListElement\":[{\"@type\":\"ListItem\",\"position\":1,\"name\":\"Home\",\"item\":\"https:\\\/\\\/www.lraloeverashop.eu\\\/fr\\\/home\\\/\"},{\"@type\":\"ListItem\",\"position\":2,\"name\":\"Boutique\",\"item\":\"https:\\\/\\\/www.lraloeverashop.eu\\\/fr\\\/boutique\\\/\"},{\"@type\":\"ListItem\",\"position\":3,\"name\":\"Set De Nettoyage Et Rafra\u00eechissant\"}]},{\"@type\":\"WebSite\",\"@id\":\"https:\\\/\\\/www.lraloeverashop.eu\\\/fr\\\/#website\",\"url\":\"https:\\\/\\\/www.lraloeverashop.eu\\\/fr\\\/\",\"name\":\"Boutique Lr Aloe Vera\",\"description\":\"High Quality Lr Aloe Vera Gel, Aloe Vera Cream and Shampoo\",\"publisher\":{\"@id\":\"https:\\\/\\\/www.lraloeverashop.eu\\\/fr\\\/#organization\"},\"alternateName\":\"LR\",\"potentialAction\":[{\"@type\":\"SearchAction\",\"target\":{\"@type\":\"EntryPoint\",\"urlTemplate\":\"https:\\\/\\\/www.lraloeverashop.eu\\\/fr\\\/?s={search_term_string}\"},\"query-input\":{\"@type\":\"PropertyValueSpecification\",\"valueRequired\":true,\"valueName\":\"search_term_string\"}}],\"inLanguage\":\"fr-FR\"},{\"@type\":\"Organization\",\"@id\":\"https:\\\/\\\/www.lraloeverashop.eu\\\/fr\\\/#organization\",\"name\":\"Boutique Lr Aloe Vera\",\"alternateName\":\"LR\",\"url\":\"https:\\\/\\\/www.lraloeverashop.eu\\\/fr\\\/\",\"logo\":{\"@type\":\"ImageObject\",\"inLanguage\":\"fr-FR\",\"@id\":\"https:\\\/\\\/www.lraloeverashop.eu\\\/fr\\\/#\\\/schema\\\/logo\\\/image\\\/\",\"url\":\"https:\\\/\\\/www.lraloeverashop.eu\\\/wp-content\\\/uploads\\\/2022\\\/09\\\/cropped-Lr-Aloe-Vera-Shop.jpg\",\"contentUrl\":\"https:\\\/\\\/www.lraloeverashop.eu\\\/wp-content\\\/uploads\\\/2022\\\/09\\\/cropped-Lr-Aloe-Vera-Shop.jpg\",\"width\":228,\"height\":76,\"caption\":\"Boutique Lr Aloe Vera\"},\"image\":{\"@id\":\"https:\\\/\\\/www.lraloeverashop.eu\\\/fr\\\/#\\\/schema\\\/logo\\\/image\\\/\"},\"sameAs\":[\"https:\\\/\\\/www.facebook.com\\\/lraloeverashop.eu\",\"https:\\\/\\\/x.com\\\/natur__kosmetik\",\"https:\\\/\\\/www.youtube.com\\\/channel\\\/UC5oN7BJ8nfYb8RpVtjwDEBA\",\"https:\\\/\\\/www.instagram.com\\\/lrbeautyeu\\\/\"],\"description\":\"La boutique LR Aloe Vera est votre destination de confiance pour les produits de sant\u00e9 et de beaut\u00e9 haut de gamme LR, fabriqu\u00e9s en Allemagne. Nous proposons des soins de la peau, des compl\u00e9ments nutritionnels et des solutions anti-\u00e2ge \u00e0 l'aloe vera de haute qualit\u00e9, \u00e9labor\u00e9s \u00e0 partir d'ingr\u00e9dients purs et valid\u00e9s par la recherche scientifique. D\u00e9couvrez des soins naturels qui r\u00e9g\u00e9n\u00e8rent, prot\u00e8gent et revitalisent votre peau, et profitez d'offres mensuelles exclusives sur nos produits LR Aloe Vera les plus vendus.\\n\\nCommencez d\u00e8s aujourd'hui votre parcours vers des soins naturels et constatez la diff\u00e9rence.\",\"email\":\"info@lraloeverashop.eu\",\"telephone\":\"+49 17670609653\",\"legalName\":\"Lr Aloe Vera Shop\",\"foundingDate\":\"2018-04-21\",\"numberOfEmployees\":{\"@type\":\"QuantitativeValue\",\"minValue\":\"1\",\"maxValue\":\"10\"}}]}<\/script>\n<meta property=\"product:price:amount\" content=\"59.99\" \/>\n<meta property=\"product:price:currency\" content=\"EUR\" \/>\n<meta property=\"og:availability\" content=\"instock\" \/>\n<meta property=\"product:availability\" content=\"instock\" \/>\n<meta property=\"product:retailer_item_id\" content=\"20719-1FR\" \/>\n<meta property=\"product:condition\" content=\"new\" \/>\n<!-- \/ Yoast SEO Premium plugin. -->","yoast_head_json":{"title":"Set De Nettoyage Et Rafra\u00eechissant- Soins du visage efficace","description":"Set De Nettoyage Et Rafra\u00eechissant avec un gommage du visage profond, offrez-vous 95% hydratation en plus en seulement 3 minutes. Trouvez-en plus ici","robots":{"index":"index","follow":"follow","max-snippet":"max-snippet:-1","max-image-preview":"max-image-preview:large","max-video-preview":"max-video-preview:-1"},"canonical":"https:\/\/www.lraloeverashop.eu\/fr\/produit\/lr-aloe-vera-set-de-nettoyage-et-rafraichissant\/","og_locale":"fr_FR","og_type":"article","og_title":"Set De Nettoyage Et Rafra\u00eechissant","og_description":"Set De Nettoyage Et Rafra\u00eechissant avec un gommage du visage profond, offrez-vous 95% hydratation en plus en seulement 3 minutes. Trouvez-en plus ici","og_url":"https:\/\/www.lraloeverashop.eu\/fr\/produit\/lr-aloe-vera-set-de-nettoyage-et-rafraichissant\/","og_site_name":"Boutique Lr Aloe Vera","article_publisher":"https:\/\/www.facebook.com\/lraloeverashop.eu","article_modified_time":"2026-04-18T19:41:23+00:00","og_image":[{"width":1200,"height":1200,"url":"https:\/\/www.lraloeverashop.eu\/wp-content\/uploads\/2022\/10\/Aloe-Vera-Face-Refreshing-Set.jpg","type":"image\/jpeg"}],"twitter_card":"summary_large_image","twitter_site":"@natur__kosmetik","schema":{"@context":"https:\/\/schema.org","@graph":[{"@type":["WebPage","ItemPage"],"@id":"https:\/\/www.lraloeverashop.eu\/fr\/produit\/lr-aloe-vera-set-de-nettoyage-et-rafraichissant\/","url":"https:\/\/www.lraloeverashop.eu\/fr\/produit\/lr-aloe-vera-set-de-nettoyage-et-rafraichissant\/","name":"Set De Nettoyage Et Rafra\u00eechissant- Soins du visage efficace","isPartOf":{"@id":"https:\/\/www.lraloeverashop.eu\/fr\/#website"},"primaryImageOfPage":{"@id":"https:\/\/www.lraloeverashop.eu\/fr\/produit\/lr-aloe-vera-set-de-nettoyage-et-rafraichissant\/#primaryimage"},"image":{"@id":"https:\/\/www.lraloeverashop.eu\/fr\/produit\/lr-aloe-vera-set-de-nettoyage-et-rafraichissant\/#primaryimage"},"thumbnailUrl":"https:\/\/www.lraloeverashop.eu\/wp-content\/uploads\/2022\/10\/Aloe-Vera-Face-Refreshing-Set.jpg","datePublished":"2022-10-10T20:55:57+00:00","dateModified":"2026-04-18T19:41:23+00:00","description":"Set De Nettoyage Et Rafra\u00eechissant avec un gommage du visage profond, offrez-vous 95% hydratation en plus en seulement 3 minutes. Trouvez-en plus ici","breadcrumb":{"@id":"https:\/\/www.lraloeverashop.eu\/fr\/produit\/lr-aloe-vera-set-de-nettoyage-et-rafraichissant\/#breadcrumb"},"inLanguage":"fr-FR","potentialAction":[{"@type":"ReadAction","target":["https:\/\/www.lraloeverashop.eu\/fr\/produit\/lr-aloe-vera-set-de-nettoyage-et-rafraichissant\/"]}]},{"@type":"ImageObject","inLanguage":"fr-FR","@id":"https:\/\/www.lraloeverashop.eu\/fr\/produit\/lr-aloe-vera-set-de-nettoyage-et-rafraichissant\/#primaryimage","url":"https:\/\/www.lraloeverashop.eu\/wp-content\/uploads\/2022\/10\/Aloe-Vera-Face-Refreshing-Set.jpg","contentUrl":"https:\/\/www.lraloeverashop.eu\/wp-content\/uploads\/2022\/10\/Aloe-Vera-Face-Refreshing-Set.jpg","width":1200,"height":1200,"caption":"Lr Aloe Vera Set De Nettoyage Et Rafra\u00eechissant hydrater et rafra\u00eechir la peau"},{"@type":"BreadcrumbList","@id":"https:\/\/www.lraloeverashop.eu\/fr\/produit\/lr-aloe-vera-set-de-nettoyage-et-rafraichissant\/#breadcrumb","itemListElement":[{"@type":"ListItem","position":1,"name":"Home","item":"https:\/\/www.lraloeverashop.eu\/fr\/home\/"},{"@type":"ListItem","position":2,"name":"Boutique","item":"https:\/\/www.lraloeverashop.eu\/fr\/boutique\/"},{"@type":"ListItem","position":3,"name":"Set De Nettoyage Et Rafra\u00eechissant"}]},{"@type":"WebSite","@id":"https:\/\/www.lraloeverashop.eu\/fr\/#website","url":"https:\/\/www.lraloeverashop.eu\/fr\/","name":"Boutique Lr Aloe Vera","description":"High Quality Lr Aloe Vera Gel, Aloe Vera Cream and Shampoo","publisher":{"@id":"https:\/\/www.lraloeverashop.eu\/fr\/#organization"},"alternateName":"LR","potentialAction":[{"@type":"SearchAction","target":{"@type":"EntryPoint","urlTemplate":"https:\/\/www.lraloeverashop.eu\/fr\/?s={search_term_string}"},"query-input":{"@type":"PropertyValueSpecification","valueRequired":true,"valueName":"search_term_string"}}],"inLanguage":"fr-FR"},{"@type":"Organization","@id":"https:\/\/www.lraloeverashop.eu\/fr\/#organization","name":"Boutique Lr Aloe Vera","alternateName":"LR","url":"https:\/\/www.lraloeverashop.eu\/fr\/","logo":{"@type":"ImageObject","inLanguage":"fr-FR","@id":"https:\/\/www.lraloeverashop.eu\/fr\/#\/schema\/logo\/image\/","url":"https:\/\/www.lraloeverashop.eu\/wp-content\/uploads\/2022\/09\/cropped-Lr-Aloe-Vera-Shop.jpg","contentUrl":"https:\/\/www.lraloeverashop.eu\/wp-content\/uploads\/2022\/09\/cropped-Lr-Aloe-Vera-Shop.jpg","width":228,"height":76,"caption":"Boutique Lr Aloe Vera"},"image":{"@id":"https:\/\/www.lraloeverashop.eu\/fr\/#\/schema\/logo\/image\/"},"sameAs":["https:\/\/www.facebook.com\/lraloeverashop.eu","https:\/\/x.com\/natur__kosmetik","https:\/\/www.youtube.com\/channel\/UC5oN7BJ8nfYb8RpVtjwDEBA","https:\/\/www.instagram.com\/lrbeautyeu\/"],"description":"La boutique LR Aloe Vera est votre destination de confiance pour les produits de sant\u00e9 et de beaut\u00e9 haut de gamme LR, fabriqu\u00e9s en Allemagne. Nous proposons des soins de la peau, des compl\u00e9ments nutritionnels et des solutions anti-\u00e2ge \u00e0 l'aloe vera de haute qualit\u00e9, \u00e9labor\u00e9s \u00e0 partir d'ingr\u00e9dients purs et valid\u00e9s par la recherche scientifique. D\u00e9couvrez des soins naturels qui r\u00e9g\u00e9n\u00e8rent, prot\u00e8gent et revitalisent votre peau, et profitez d'offres mensuelles exclusives sur nos produits LR Aloe Vera les plus vendus.\n\nCommencez d\u00e8s aujourd'hui votre parcours vers des soins naturels et constatez la diff\u00e9rence.","email":"info@lraloeverashop.eu","telephone":"+49 17670609653","legalName":"Lr Aloe Vera Shop","foundingDate":"2018-04-21","numberOfEmployees":{"@type":"QuantitativeValue","minValue":"1","maxValue":"10"}}]},"product_price_amount":"59.99","product_price_currency":"EUR","og_availability":"instock","product_availability":"instock","product_retailer_item_id":"20719-1FR","product_condition":"new"},"taxonomy_info":{"product_cat":[{"value":212,"label":"Aloe Vera"},{"value":226,"label":"Soins du visage"}],"product_tag":[{"value":584,"label":"Visage sec"}]},"featured_image_src_large":["https:\/\/www.lraloeverashop.eu\/wp-content\/uploads\/2022\/10\/Aloe-Vera-Face-Refreshing-Set-1024x1024.jpg",1024,1024,true],"author_info":[],"comment_info":0,"_links":{"self":[{"href":"https:\/\/www.lraloeverashop.eu\/fr\/wp-json\/wp\/v2\/product\/10415","targetHints":{"allow":["GET"]}}],"collection":[{"href":"https:\/\/www.lraloeverashop.eu\/fr\/wp-json\/wp\/v2\/product"}],"about":[{"href":"https:\/\/www.lraloeverashop.eu\/fr\/wp-json\/wp\/v2\/types\/product"}],"replies":[{"embeddable":true,"href":"https:\/\/www.lraloeverashop.eu\/fr\/wp-json\/wp\/v2\/comments?post=10415"}],"wp:featuredmedia":[{"embeddable":true,"href":"https:\/\/www.lraloeverashop.eu\/fr\/wp-json\/wp\/v2\/media\/4950"}],"wp:attachment":[{"href":"https:\/\/www.lraloeverashop.eu\/fr\/wp-json\/wp\/v2\/media?parent=10415"}],"wp:term":[{"taxonomy":"product_brand","embeddable":true,"href":"https:\/\/www.lraloeverashop.eu\/fr\/wp-json\/wp\/v2\/product_brand?post=10415"},{"taxonomy":"product_cat","embeddable":true,"href":"https:\/\/www.lraloeverashop.eu\/fr\/wp-json\/wp\/v2\/product_cat?post=10415"},{"taxonomy":"product_tag","embeddable":true,"href":"https:\/\/www.lraloeverashop.eu\/fr\/wp-json\/wp\/v2\/product_tag?post=10415"}],"curies":[{"name":"wp","href":"https:\/\/api.w.org\/{rel}","templated":true}]}}