{"id":10253,"date":"2022-10-11T11:40:01","date_gmt":"2022-10-11T09:40:01","guid":{"rendered":"https:\/\/www.lraloeverashop.eu\/product\/aloe-vera-creme-pour-le-visage-corps-bebe\/"},"modified":"2026-02-02T20:10:00","modified_gmt":"2026-02-02T19:10:00","slug":"aloe-vera-creme-pour-le-visage-corps-bebe","status":"publish","type":"product","link":"https:\/\/www.lraloeverashop.eu\/fr\/produit\/aloe-vera-creme-pour-le-visage-corps-bebe\/","title":{"rendered":"Creme Visage Bebe Aloe Vera"},"content":{"rendered":"<h2><span style=\"font-size: 16pt;\"><strong>Creme Visage Bebe Aloe Vera<\/strong><\/span><\/h2>\n<p><span style=\"font-size: 14pt;\"><strong>Creme Visage Bebe Aloe Vera \u2013 La Meilleure Cr\u00e8me Pour Peau Sensible<\/strong><\/span><\/p>\n<p>La peau des nourrissons est particuli\u00e8rement d\u00e9licate car elle est encore en train de se former. Elle a besoin d&#8217;un soin doux, notamment au niveau du visage. La peau sensible du visage est expos\u00e9e en permanence aux agressions ext\u00e9rieures, comme le froid ou l&#8217;air sec, et elle peut s&#8217;ass\u00e9cher ou s&#8217;irriter tr\u00e8s rapidement.<\/p>\n<p>La Creme Visage Bebe Aloe Vera a \u00e9t\u00e9 \u00e9labor\u00e9e sp\u00e9cialement pour prendre soin de la peau d\u00e9licate des b\u00e9b\u00e9s et pour la prot\u00e9ger. Facile \u00e0 \u00e9taler, elle p\u00e9n\u00e8tre rapidement et laisse la peau de b\u00e9b\u00e9 incroyablement douce. L&#8217;Aloe Vera favorise l&#8217;hydratation naturelle tandis que l&#8217;extrait de calendula bio <a href=\"https:\/\/www.lraloeverashop.eu\/fr\/produit\/lr-aloe-vera-set-de-nettoyage-et-rafraichissant\/\">apaise la peau<\/a>.<\/p>\n<p>&nbsp;<\/p>\n<h3><strong><span style=\"font-size: 16pt;\">Comment utiliser<\/span><\/strong><\/h3>\n<p>Gr\u00e2ce aux substances actives douces, la Aloe Vera creme visage bebe peau seche convient parfaitement pour le soin quotidien \u2013 ou si besoin est, \u00e0 une application quotidienne r\u00e9p\u00e9t\u00e9e. Appliquer simplement d\u00e9licatement sur la peau du visage.<\/p>\n<p>&nbsp;<\/p>\n<h4><span style=\"font-size: 16pt;\">Le saviez-vous?<\/span><\/h4>\n<p><strong>Aloe Vera<\/strong><br \/>\nL&#8217;Aloe Vera est un lis du d\u00e9sert et est connu comme un &#8220;polyvalent&#8221; pour un usage interne et <a href=\"https:\/\/www.lraloeverashop.eu\/fr\/produit\/zeitgard-pro-set-de-soin-de-la-peau\/\">externe<\/a>. En raison de leurs propri\u00e9t\u00e9s positives bien connues, par exemple. Sa capacit\u00e9 \u00e0 tr\u00e8s bien stocker l&#8217;eau, ainsi que son effet extr\u00eamement positif sur le corps, sont \u00e0 la base de nombreux produits LR.<\/p>\n<p>LR n&#8217;utilise pour Creme Visage Bebe de l&#8217;Aloe Vera Barbadensis Miller pour sa production.<br \/>\nElle a d\u00e9j\u00e0 prouv\u00e9 sa \u00abcapacit\u00e9\u00bb dans les premiers temps: N\u00e9fertiti et Cl\u00e9op\u00e2tre auraient utilis\u00e9 une p\u00e2te d&#8217;alo\u00e8s pour les soins de la peau et de la beaut\u00e9.<\/p>\n<p><strong>Calendula<\/strong><br \/>\nLe calendula, le souci, est commun dans toute l&#8217;Europe centrale et m\u00e9ridionale, en Asie occidentale et aux \u00c9tats-Unis. Ses fruits sont en forme de croissant \u00e0 annel\u00e9 &#8211; d&#8217;o\u00f9 le nom de \u00absouci\u00bb.<br \/>\nLe calendula en Creme Visage Bebe Aloe Vera est utilis\u00e9 pour soutenir la peau depuis l&#8217;Antiquit\u00e9. Leur effet est vari\u00e9. Lorsqu&#8217;il est utilis\u00e9 en interne, il peut avoir un effet calmant, relaxant et vitalisant. Lorsqu&#8217;il est utilis\u00e9 \u00e0 l&#8217;ext\u00e9rieur, le souci peut \u00eatre trouv\u00e9 dans les cr\u00e8mes, les huiles ou les teintures et peut \u00eatre utilis\u00e9 pour une vari\u00e9t\u00e9 <a href=\"https:\/\/www.lraloeverashop.eu\/fr\/produit\/aloe-vera-creme-protectrice-pour-bebe\/\">d&#8217;irritations cutan\u00e9es<\/a>.<\/p>\n","protected":false},"excerpt":{"rendered":"<ul>\n<li>Cr\u00e8me extra douce et l\u00e9g\u00e8re pour les peaux sensibles<\/li>\n<li>Contient 40% de gel d&#8217;Aloe Vera, extrait de calendula bio et panth\u00e9nol<\/li>\n<li>Soutient la barri\u00e8re cutan\u00e9e et prot\u00e8ge contre la perte d&#8217;humidit\u00e9<\/li>\n<li>Hydrate, nourrit et apaise<\/li>\n<li>Sans parfum<\/li>\n<li>Quantit\u00e9: 100 ml<\/li>\n<\/ul>\n<p style=\"text-align: left;\"><span style=\"color: #ff0000;\"><a style=\"color: #ff0000;\" href=\"https:\/\/shop.lrworld.com\/openpao?PHP=0vFlt7jT938BEnBI3a6e9w%3D%3D\"><span style=\"font-size: 14pt;\"><strong>Inscrivez-vous et \u00e9conomisez 35% sur chaque commande<\/strong><\/span><\/a><\/span><\/p>\n","protected":false},"featured_media":5052,"comment_status":"open","ping_status":"closed","template":"","meta":{"_kad_blocks_custom_css":"","_kad_blocks_head_custom_js":"","_kad_blocks_body_custom_js":"","_kad_blocks_footer_custom_js":"","_kadence_starter_templates_imported_post":false,"_kad_post_transparent":"default","_kad_post_title":"","_kad_post_layout":"default","_kad_post_sidebar_id":"","_kad_post_content_style":"default","_kad_post_vertical_padding":"default","_kad_post_feature":"","_kad_post_feature_position":"","_kad_post_header":false,"_kad_post_footer":false,"_kad_post_classname":""},"product_brand":[],"product_cat":[212,218],"product_tag":[],"class_list":{"0":"post-10253","1":"product","2":"type-product","3":"status-publish","4":"has-post-thumbnail","6":"product_cat-aloe-vera-fr","7":"product_cat-soins-bebe","9":"first","10":"outofstock","11":"taxable","12":"shipping-taxable","13":"purchasable","14":"product-type-simple","15":"entry","16":"content-bg","17":"loop-entry"},"yoast_head":"<!-- This site is optimized with the Yoast SEO Premium plugin v27.4 (Yoast SEO v27.4) - https:\/\/yoast.com\/product\/yoast-seo-premium-wordpress\/ -->\n<title>Creme Visage bebe aloe vera - Meilleure cr\u00e8me pour peau sensible<\/title>\n<meta name=\"description\" content=\"Creme Visage Bebe Aloe Vera a \u00e9t\u00e9 \u00e9labor\u00e9e sp\u00e9cialement pour prendre soin de la peau d\u00e9licate des bebes et pour la prot\u00e9ger. Avec 40% Aloe Vera et calendula\" \/>\n<meta name=\"robots\" content=\"index, follow, max-snippet:-1, max-image-preview:large, max-video-preview:-1\" \/>\n<link rel=\"canonical\" href=\"https:\/\/www.lraloeverashop.eu\/fr\/produit\/aloe-vera-creme-pour-le-visage-corps-bebe\/\" \/>\n<meta property=\"og:locale\" content=\"fr_FR\" \/>\n<meta property=\"og:type\" content=\"article\" \/>\n<meta property=\"og:title\" content=\"Creme Visage Bebe Aloe Vera\" \/>\n<meta property=\"og:description\" content=\"Creme Visage Bebe Aloe Vera a \u00e9t\u00e9 \u00e9labor\u00e9e sp\u00e9cialement pour prendre soin de la peau d\u00e9licate des bebes et pour la prot\u00e9ger. Avec 40% Aloe Vera et calendula\" \/>\n<meta property=\"og:url\" content=\"https:\/\/www.lraloeverashop.eu\/fr\/produit\/aloe-vera-creme-pour-le-visage-corps-bebe\/\" \/>\n<meta property=\"og:site_name\" content=\"Boutique Lr Aloe Vera\" \/>\n<meta property=\"article:publisher\" content=\"https:\/\/www.facebook.com\/lraloeverashop.eu\" \/>\n<meta property=\"article:modified_time\" content=\"2026-02-02T19:10:00+00:00\" \/>\n<meta property=\"og:image\" content=\"https:\/\/www.lraloeverashop.eu\/wp-content\/uploads\/2022\/10\/Lr-baby-face-body-lotion.jpg\" \/>\n\t<meta property=\"og:image:width\" content=\"1200\" \/>\n\t<meta property=\"og:image:height\" content=\"1200\" \/>\n\t<meta property=\"og:image:type\" content=\"image\/jpeg\" \/>\n<meta name=\"twitter:card\" content=\"summary_large_image\" \/>\n<meta name=\"twitter:site\" content=\"@natur__kosmetik\" \/>\n<script type=\"application\/ld+json\" class=\"yoast-schema-graph\">{\"@context\":\"https:\\\/\\\/schema.org\",\"@graph\":[{\"@type\":[\"WebPage\",\"ItemPage\"],\"@id\":\"https:\\\/\\\/www.lraloeverashop.eu\\\/fr\\\/produit\\\/aloe-vera-creme-pour-le-visage-corps-bebe\\\/\",\"url\":\"https:\\\/\\\/www.lraloeverashop.eu\\\/fr\\\/produit\\\/aloe-vera-creme-pour-le-visage-corps-bebe\\\/\",\"name\":\"Creme Visage bebe aloe vera - Meilleure cr\u00e8me pour peau sensible\",\"isPartOf\":{\"@id\":\"https:\\\/\\\/www.lraloeverashop.eu\\\/fr\\\/#website\"},\"primaryImageOfPage\":{\"@id\":\"https:\\\/\\\/www.lraloeverashop.eu\\\/fr\\\/produit\\\/aloe-vera-creme-pour-le-visage-corps-bebe\\\/#primaryimage\"},\"image\":{\"@id\":\"https:\\\/\\\/www.lraloeverashop.eu\\\/fr\\\/produit\\\/aloe-vera-creme-pour-le-visage-corps-bebe\\\/#primaryimage\"},\"thumbnailUrl\":\"https:\\\/\\\/www.lraloeverashop.eu\\\/wp-content\\\/uploads\\\/2022\\\/10\\\/Lr-baby-face-body-lotion.jpg\",\"datePublished\":\"2022-10-11T09:40:01+00:00\",\"dateModified\":\"2026-02-02T19:10:00+00:00\",\"description\":\"Creme Visage Bebe Aloe Vera a \u00e9t\u00e9 \u00e9labor\u00e9e sp\u00e9cialement pour prendre soin de la peau d\u00e9licate des bebes et pour la prot\u00e9ger. Avec 40% Aloe Vera et calendula\",\"breadcrumb\":{\"@id\":\"https:\\\/\\\/www.lraloeverashop.eu\\\/fr\\\/produit\\\/aloe-vera-creme-pour-le-visage-corps-bebe\\\/#breadcrumb\"},\"inLanguage\":\"fr-FR\",\"potentialAction\":[{\"@type\":\"ReadAction\",\"target\":[\"https:\\\/\\\/www.lraloeverashop.eu\\\/fr\\\/produit\\\/aloe-vera-creme-pour-le-visage-corps-bebe\\\/\"]}]},{\"@type\":\"ImageObject\",\"inLanguage\":\"fr-FR\",\"@id\":\"https:\\\/\\\/www.lraloeverashop.eu\\\/fr\\\/produit\\\/aloe-vera-creme-pour-le-visage-corps-bebe\\\/#primaryimage\",\"url\":\"https:\\\/\\\/www.lraloeverashop.eu\\\/wp-content\\\/uploads\\\/2022\\\/10\\\/Lr-baby-face-body-lotion.jpg\",\"contentUrl\":\"https:\\\/\\\/www.lraloeverashop.eu\\\/wp-content\\\/uploads\\\/2022\\\/10\\\/Lr-baby-face-body-lotion.jpg\",\"width\":1200,\"height\":1200,\"caption\":\"Lr Lotion Pour Le Visage & Corps B\u00e9b\u00e9 hydrate, nourrit et apaise\"},{\"@type\":\"BreadcrumbList\",\"@id\":\"https:\\\/\\\/www.lraloeverashop.eu\\\/fr\\\/produit\\\/aloe-vera-creme-pour-le-visage-corps-bebe\\\/#breadcrumb\",\"itemListElement\":[{\"@type\":\"ListItem\",\"position\":1,\"name\":\"Home\",\"item\":\"https:\\\/\\\/www.lraloeverashop.eu\\\/fr\\\/\"},{\"@type\":\"ListItem\",\"position\":2,\"name\":\"Boutique\",\"item\":\"https:\\\/\\\/www.lraloeverashop.eu\\\/fr\\\/boutique\\\/\"},{\"@type\":\"ListItem\",\"position\":3,\"name\":\"Creme Visage Bebe Aloe Vera\"}]},{\"@type\":\"WebSite\",\"@id\":\"https:\\\/\\\/www.lraloeverashop.eu\\\/fr\\\/#website\",\"url\":\"https:\\\/\\\/www.lraloeverashop.eu\\\/fr\\\/\",\"name\":\"Boutique Lr Aloe Vera\",\"description\":\"High Quality Lr Aloe Vera Gel, Aloe Vera Cream and Shampoo\",\"publisher\":{\"@id\":\"https:\\\/\\\/www.lraloeverashop.eu\\\/fr\\\/#organization\"},\"potentialAction\":[{\"@type\":\"SearchAction\",\"target\":{\"@type\":\"EntryPoint\",\"urlTemplate\":\"https:\\\/\\\/www.lraloeverashop.eu\\\/fr\\\/?s={search_term_string}\"},\"query-input\":{\"@type\":\"PropertyValueSpecification\",\"valueRequired\":true,\"valueName\":\"search_term_string\"}}],\"inLanguage\":\"fr-FR\"},{\"@type\":\"Organization\",\"@id\":\"https:\\\/\\\/www.lraloeverashop.eu\\\/fr\\\/#organization\",\"name\":\"Boutique Lr Aloe Vera\",\"alternateName\":\"LR\",\"url\":\"https:\\\/\\\/www.lraloeverashop.eu\\\/fr\\\/\",\"logo\":{\"@type\":\"ImageObject\",\"inLanguage\":\"fr-FR\",\"@id\":\"https:\\\/\\\/www.lraloeverashop.eu\\\/fr\\\/#\\\/schema\\\/logo\\\/image\\\/\",\"url\":\"https:\\\/\\\/www.lraloeverashop.eu\\\/wp-content\\\/uploads\\\/2022\\\/09\\\/cropped-Lr-Aloe-Vera-Shop.jpg\",\"contentUrl\":\"https:\\\/\\\/www.lraloeverashop.eu\\\/wp-content\\\/uploads\\\/2022\\\/09\\\/cropped-Lr-Aloe-Vera-Shop.jpg\",\"width\":228,\"height\":76,\"caption\":\"Boutique Lr Aloe Vera\"},\"image\":{\"@id\":\"https:\\\/\\\/www.lraloeverashop.eu\\\/fr\\\/#\\\/schema\\\/logo\\\/image\\\/\"},\"sameAs\":[\"https:\\\/\\\/www.facebook.com\\\/lraloeverashop.eu\",\"https:\\\/\\\/x.com\\\/natur__kosmetik\",\"https:\\\/\\\/www.youtube.com\\\/channel\\\/UC5oN7BJ8nfYb8RpVtjwDEBA\",\"https:\\\/\\\/www.instagram.com\\\/lrbeautyeu\\\/\"],\"description\":\"La boutique LR Aloe Vera est votre destination de confiance pour les produits de sant\u00e9 et de beaut\u00e9 haut de gamme LR, fabriqu\u00e9s en Allemagne. Nous proposons des soins de la peau, des compl\u00e9ments nutritionnels et des solutions anti-\u00e2ge \u00e0 l'aloe vera de haute qualit\u00e9, \u00e9labor\u00e9s \u00e0 partir d'ingr\u00e9dients purs et valid\u00e9s par la recherche scientifique. D\u00e9couvrez des soins naturels qui r\u00e9g\u00e9n\u00e8rent, prot\u00e8gent et revitalisent votre peau, et profitez d'offres mensuelles exclusives sur nos produits LR Aloe Vera les plus vendus.\\n\\nCommencez d\u00e8s aujourd'hui votre parcours vers des soins naturels et constatez la diff\u00e9rence.\",\"email\":\"info@lraloeverashop.eu\",\"telephone\":\"+49 17670609653\",\"legalName\":\"Lr Aloe Vera Shop\",\"foundingDate\":\"2018-04-21\",\"numberOfEmployees\":{\"@type\":\"QuantitativeValue\",\"minValue\":\"1\",\"maxValue\":\"10\"}}]}<\/script>\n<meta property=\"product:price:amount\" content=\"12.99\" \/>\n<meta property=\"product:price:currency\" content=\"EUR\" \/>\n<meta property=\"og:availability\" content=\"out of stock\" \/>\n<meta property=\"product:availability\" content=\"out of stock\" \/>\n<meta property=\"product:retailer_item_id\" content=\"20321-1FR\" \/>\n<meta property=\"product:condition\" content=\"new\" \/>\n<!-- \/ Yoast SEO Premium plugin. -->","yoast_head_json":{"title":"Creme Visage bebe aloe vera - Meilleure cr\u00e8me pour peau sensible","description":"Creme Visage Bebe Aloe Vera a \u00e9t\u00e9 \u00e9labor\u00e9e sp\u00e9cialement pour prendre soin de la peau d\u00e9licate des bebes et pour la prot\u00e9ger. Avec 40% Aloe Vera et calendula","robots":{"index":"index","follow":"follow","max-snippet":"max-snippet:-1","max-image-preview":"max-image-preview:large","max-video-preview":"max-video-preview:-1"},"canonical":"https:\/\/www.lraloeverashop.eu\/fr\/produit\/aloe-vera-creme-pour-le-visage-corps-bebe\/","og_locale":"fr_FR","og_type":"article","og_title":"Creme Visage Bebe Aloe Vera","og_description":"Creme Visage Bebe Aloe Vera a \u00e9t\u00e9 \u00e9labor\u00e9e sp\u00e9cialement pour prendre soin de la peau d\u00e9licate des bebes et pour la prot\u00e9ger. Avec 40% Aloe Vera et calendula","og_url":"https:\/\/www.lraloeverashop.eu\/fr\/produit\/aloe-vera-creme-pour-le-visage-corps-bebe\/","og_site_name":"Boutique Lr Aloe Vera","article_publisher":"https:\/\/www.facebook.com\/lraloeverashop.eu","article_modified_time":"2026-02-02T19:10:00+00:00","og_image":[{"width":1200,"height":1200,"url":"https:\/\/www.lraloeverashop.eu\/wp-content\/uploads\/2022\/10\/Lr-baby-face-body-lotion.jpg","type":"image\/jpeg"}],"twitter_card":"summary_large_image","twitter_site":"@natur__kosmetik","schema":{"@context":"https:\/\/schema.org","@graph":[{"@type":["WebPage","ItemPage"],"@id":"https:\/\/www.lraloeverashop.eu\/fr\/produit\/aloe-vera-creme-pour-le-visage-corps-bebe\/","url":"https:\/\/www.lraloeverashop.eu\/fr\/produit\/aloe-vera-creme-pour-le-visage-corps-bebe\/","name":"Creme Visage bebe aloe vera - Meilleure cr\u00e8me pour peau sensible","isPartOf":{"@id":"https:\/\/www.lraloeverashop.eu\/fr\/#website"},"primaryImageOfPage":{"@id":"https:\/\/www.lraloeverashop.eu\/fr\/produit\/aloe-vera-creme-pour-le-visage-corps-bebe\/#primaryimage"},"image":{"@id":"https:\/\/www.lraloeverashop.eu\/fr\/produit\/aloe-vera-creme-pour-le-visage-corps-bebe\/#primaryimage"},"thumbnailUrl":"https:\/\/www.lraloeverashop.eu\/wp-content\/uploads\/2022\/10\/Lr-baby-face-body-lotion.jpg","datePublished":"2022-10-11T09:40:01+00:00","dateModified":"2026-02-02T19:10:00+00:00","description":"Creme Visage Bebe Aloe Vera a \u00e9t\u00e9 \u00e9labor\u00e9e sp\u00e9cialement pour prendre soin de la peau d\u00e9licate des bebes et pour la prot\u00e9ger. Avec 40% Aloe Vera et calendula","breadcrumb":{"@id":"https:\/\/www.lraloeverashop.eu\/fr\/produit\/aloe-vera-creme-pour-le-visage-corps-bebe\/#breadcrumb"},"inLanguage":"fr-FR","potentialAction":[{"@type":"ReadAction","target":["https:\/\/www.lraloeverashop.eu\/fr\/produit\/aloe-vera-creme-pour-le-visage-corps-bebe\/"]}]},{"@type":"ImageObject","inLanguage":"fr-FR","@id":"https:\/\/www.lraloeverashop.eu\/fr\/produit\/aloe-vera-creme-pour-le-visage-corps-bebe\/#primaryimage","url":"https:\/\/www.lraloeverashop.eu\/wp-content\/uploads\/2022\/10\/Lr-baby-face-body-lotion.jpg","contentUrl":"https:\/\/www.lraloeverashop.eu\/wp-content\/uploads\/2022\/10\/Lr-baby-face-body-lotion.jpg","width":1200,"height":1200,"caption":"Lr Lotion Pour Le Visage & Corps B\u00e9b\u00e9 hydrate, nourrit et apaise"},{"@type":"BreadcrumbList","@id":"https:\/\/www.lraloeverashop.eu\/fr\/produit\/aloe-vera-creme-pour-le-visage-corps-bebe\/#breadcrumb","itemListElement":[{"@type":"ListItem","position":1,"name":"Home","item":"https:\/\/www.lraloeverashop.eu\/fr\/"},{"@type":"ListItem","position":2,"name":"Boutique","item":"https:\/\/www.lraloeverashop.eu\/fr\/boutique\/"},{"@type":"ListItem","position":3,"name":"Creme Visage Bebe Aloe Vera"}]},{"@type":"WebSite","@id":"https:\/\/www.lraloeverashop.eu\/fr\/#website","url":"https:\/\/www.lraloeverashop.eu\/fr\/","name":"Boutique Lr Aloe Vera","description":"High Quality Lr Aloe Vera Gel, Aloe Vera Cream and Shampoo","publisher":{"@id":"https:\/\/www.lraloeverashop.eu\/fr\/#organization"},"potentialAction":[{"@type":"SearchAction","target":{"@type":"EntryPoint","urlTemplate":"https:\/\/www.lraloeverashop.eu\/fr\/?s={search_term_string}"},"query-input":{"@type":"PropertyValueSpecification","valueRequired":true,"valueName":"search_term_string"}}],"inLanguage":"fr-FR"},{"@type":"Organization","@id":"https:\/\/www.lraloeverashop.eu\/fr\/#organization","name":"Boutique Lr Aloe Vera","alternateName":"LR","url":"https:\/\/www.lraloeverashop.eu\/fr\/","logo":{"@type":"ImageObject","inLanguage":"fr-FR","@id":"https:\/\/www.lraloeverashop.eu\/fr\/#\/schema\/logo\/image\/","url":"https:\/\/www.lraloeverashop.eu\/wp-content\/uploads\/2022\/09\/cropped-Lr-Aloe-Vera-Shop.jpg","contentUrl":"https:\/\/www.lraloeverashop.eu\/wp-content\/uploads\/2022\/09\/cropped-Lr-Aloe-Vera-Shop.jpg","width":228,"height":76,"caption":"Boutique Lr Aloe Vera"},"image":{"@id":"https:\/\/www.lraloeverashop.eu\/fr\/#\/schema\/logo\/image\/"},"sameAs":["https:\/\/www.facebook.com\/lraloeverashop.eu","https:\/\/x.com\/natur__kosmetik","https:\/\/www.youtube.com\/channel\/UC5oN7BJ8nfYb8RpVtjwDEBA","https:\/\/www.instagram.com\/lrbeautyeu\/"],"description":"La boutique LR Aloe Vera est votre destination de confiance pour les produits de sant\u00e9 et de beaut\u00e9 haut de gamme LR, fabriqu\u00e9s en Allemagne. Nous proposons des soins de la peau, des compl\u00e9ments nutritionnels et des solutions anti-\u00e2ge \u00e0 l'aloe vera de haute qualit\u00e9, \u00e9labor\u00e9s \u00e0 partir d'ingr\u00e9dients purs et valid\u00e9s par la recherche scientifique. D\u00e9couvrez des soins naturels qui r\u00e9g\u00e9n\u00e8rent, prot\u00e8gent et revitalisent votre peau, et profitez d'offres mensuelles exclusives sur nos produits LR Aloe Vera les plus vendus.\n\nCommencez d\u00e8s aujourd'hui votre parcours vers des soins naturels et constatez la diff\u00e9rence.","email":"info@lraloeverashop.eu","telephone":"+49 17670609653","legalName":"Lr Aloe Vera Shop","foundingDate":"2018-04-21","numberOfEmployees":{"@type":"QuantitativeValue","minValue":"1","maxValue":"10"}}]},"product_price_amount":"12.99","product_price_currency":"EUR","og_availability":"out of stock","product_availability":"out of stock","product_retailer_item_id":"20321-1FR","product_condition":"new"},"taxonomy_info":{"product_cat":[{"value":212,"label":"Aloe Vera"},{"value":218,"label":"Soins b\u00e9b\u00e9"}]},"featured_image_src_large":["https:\/\/www.lraloeverashop.eu\/wp-content\/uploads\/2022\/10\/Lr-baby-face-body-lotion-1024x1024.jpg",1024,1024,true],"author_info":[],"comment_info":0,"_links":{"self":[{"href":"https:\/\/www.lraloeverashop.eu\/fr\/wp-json\/wp\/v2\/product\/10253","targetHints":{"allow":["GET"]}}],"collection":[{"href":"https:\/\/www.lraloeverashop.eu\/fr\/wp-json\/wp\/v2\/product"}],"about":[{"href":"https:\/\/www.lraloeverashop.eu\/fr\/wp-json\/wp\/v2\/types\/product"}],"replies":[{"embeddable":true,"href":"https:\/\/www.lraloeverashop.eu\/fr\/wp-json\/wp\/v2\/comments?post=10253"}],"wp:featuredmedia":[{"embeddable":true,"href":"https:\/\/www.lraloeverashop.eu\/fr\/wp-json\/wp\/v2\/media\/5052"}],"wp:attachment":[{"href":"https:\/\/www.lraloeverashop.eu\/fr\/wp-json\/wp\/v2\/media?parent=10253"}],"wp:term":[{"taxonomy":"product_brand","embeddable":true,"href":"https:\/\/www.lraloeverashop.eu\/fr\/wp-json\/wp\/v2\/product_brand?post=10253"},{"taxonomy":"product_cat","embeddable":true,"href":"https:\/\/www.lraloeverashop.eu\/fr\/wp-json\/wp\/v2\/product_cat?post=10253"},{"taxonomy":"product_tag","embeddable":true,"href":"https:\/\/www.lraloeverashop.eu\/fr\/wp-json\/wp\/v2\/product_tag?post=10253"}],"curies":[{"name":"wp","href":"https:\/\/api.w.org\/{rel}","templated":true}]}}