{"id":10235,"date":"2022-10-11T11:46:34","date_gmt":"2022-10-11T09:46:34","guid":{"rendered":"https:\/\/www.lraloeverashop.eu\/product\/aloe-vera-creme-protectrice-pour-bebe\/"},"modified":"2026-04-19T07:53:00","modified_gmt":"2026-04-19T05:53:00","slug":"aloe-vera-creme-protectrice-pour-bebe","status":"publish","type":"product","link":"https:\/\/www.lraloeverashop.eu\/fr\/produit\/aloe-vera-creme-protectrice-pour-bebe\/","title":{"rendered":"Cr\u00e8me Pour Bebe Aloe Vera"},"content":{"rendered":"<h2><span style=\"font-size: 16pt;\"><strong>Cr\u00e8me Pour Bebe Aloe Vera<\/strong><\/span><\/h2>\n<p><span style=\"font-size: 14pt;\"><strong>Cr\u00e8me Pour Bebe Aloe Vera <span style=\"font-size: 16px;\">Avec d&rsquo;extrait de Calendula<\/span><\/strong><\/span><\/p>\n<p>Enserr\u00e9e dans une couche \u00e0 longueur de journ\u00e9e, la peau des fesses est mise \u00e0 rude \u00e9preuve. La peau est encore en train de se former et n&rsquo;est pas encore prot\u00e9g\u00e9e comme celle des adultes. Elle peut donc \u00eatre tr\u00e8s sensible aux agressions ext\u00e9rieures. Un v\u00e9ritable d\u00e9fi pour les cr\u00e8mes !<\/p>\n<p>La Cr\u00e8me Pour Bebe Aloe Vera soigne et prot\u00e8ge la peau extr\u00eamement sensible des fesses de b\u00e9b\u00e9. Compos\u00e9e de 40 % d&rsquo;aloe vera, d&rsquo;extrait de calendula, de zinc et de panth\u00e9nol, elle pr\u00e9vient les irritations cutan\u00e9es. Pour des fesses de b\u00e9b\u00e9 douces et saines \u2013 et un rire de b\u00e9b\u00e9 qui n&rsquo;a pas de prix.<\/p>\n<p>Par ailleurs : la Cr\u00e8me Pour Bebe Aloe Vera convient comme <a href=\"https:\/\/www.lraloeverashop.eu\/fr\/produit\/lr-aloe-vera-set-de-nettoyage-et-rafraichissant\/\">cr\u00e8me protectrice<\/a> pour toute la famille !<\/p>\n<h3><\/h3>\n<h3><span style=\"font-size: 16pt;\"><strong>Le saviez-vous?<\/strong><\/span><\/h3>\n<p><span style=\"font-size: 14pt;\"><strong>Aloe Vera<\/strong><\/span><br \/>\nL&rsquo;aloe vera est un lys du d\u00e9sert et est connue pour sa polyvalence en vue d&rsquo;une utilisation <a href=\"https:\/\/www.lraloeverashop.eu\/fr\/produit\/aloe-vera-gel-de-dents-extra-frais\/\">interne<\/a> et externe. Gr\u00e2ce \u00e0 ses propri\u00e9t\u00e9s positives bien connues, notamment son excellent pouvoir de r\u00e9tention de l&rsquo;eau, ainsi que son action extr\u00eamement positive sur le corps, <a href=\"https:\/\/www.lraloeverashop.eu\/fr\/produit\/aloe-vera-set-pour-homme-iii\/\">l&rsquo;aloe<\/a> constitue la base de nombreux produits de <a href=\"https:\/\/www.lrworld.com\/join-me\/\">Lr Health &amp; Beauty<\/a>.<\/p>\n<p>Pour la fabrication de Cr\u00e8me Pour Bebe Aloe Vera, LR utilise exclusivement l&rsquo;aloe vera Barbadensis Miller.<br \/>\nElle a depuis longtemps prouv\u00e9 son \u00ab talent \u00bb : N\u00e9fertiti et Cl\u00e9op\u00e2tre auraient utilis\u00e9 une p\u00e2te \u00e0 l&rsquo;aloe pour entretenir leur peau et leur <a href=\"https:\/\/www.lraloeverashop.eu\/fr\/produit\/zeitgard-pro-kit-de-massage-corporel\/\">beaut\u00e9<\/a>.<\/p>\n<p><span style=\"font-size: 14pt;\"><strong>Calendula<\/strong><\/span><br \/>\nLe calendula en Cr\u00e8me Pour Bebe Aloe Vera, ou souci officinal, pousse dans toute l&rsquo;Europe centrale et m\u00e9ridionale, l&rsquo;Asie occidentale et aux \u00c9tats-Unis. Ses fruits sont en forme de faucille voire lignifi\u00e9s.<\/p>\n<p>D\u00e8s l&rsquo;antiquit\u00e9, le calendula est utilis\u00e9 pour <a href=\"https:\/\/www.lraloeverashop.eu\/fr\/produit\/set-de-soins-bebe\/\">aider la peau<\/a>. Son action est vaste. Il peut ainsi, dans le cadre d&rsquo;une utilisation interne, avoir un effet apaisant, relaxant et revitalisant. Utilis\u00e9 en ext\u00e9rieur, le souci officinal se retrouve dans des cr\u00e8mes, des huiles ou des teintures et peut s&rsquo;utiliser pour lutter contre toutes sortes d&rsquo;irritations de la peau.<\/p>\n","protected":false},"excerpt":{"rendered":"<ul>\n<li>Cr\u00e8me solide riche pour la peau des fesses<\/li>\n<li>Avec 40 % de gel d&rsquo;aloe vera, extrait de calendula bio, zinc et panth\u00e9nol<\/li>\n<li>Stimule la r\u00e9g\u00e9n\u00e9ration de la peau des fesses<\/li>\n<li>R\u00e9g\u00e9n\u00e8re la peau irrit\u00e9e et calme<\/li>\n<li>Sans huile de parfum<\/li>\n<li>Quantit\u00e9: 100 ml<\/li>\n<\/ul>\n<p style=\"text-align: left;\"><span style=\"color: #ff0000;\"><a style=\"color: #ff0000;\" href=\"https:\/\/shop.lrworld.com\/openpao?PHP=0vFlt7jT938BEnBI3a6e9w%3D%3D\"><span style=\"font-size: 14pt;\"><strong>Inscrivez-vous et \u00e9conomisez 35% sur chaque commande<\/strong><\/span><\/a><\/span><\/p>\n","protected":false},"featured_media":5016,"comment_status":"open","ping_status":"closed","template":"","meta":{"_kad_blocks_custom_css":"","_kad_blocks_head_custom_js":"","_kad_blocks_body_custom_js":"","_kad_blocks_footer_custom_js":"","_kadence_starter_templates_imported_post":false,"_kad_post_transparent":"default","_kad_post_title":"","_kad_post_layout":"default","_kad_post_sidebar_id":"","_kad_post_content_style":"default","_kad_post_vertical_padding":"default","_kad_post_feature":"","_kad_post_feature_position":"","_kad_post_header":false,"_kad_post_footer":false,"_kad_post_classname":""},"product_brand":[],"product_cat":[212,218],"product_tag":[],"class_list":{"0":"post-10235","1":"product","2":"type-product","3":"status-publish","4":"has-post-thumbnail","6":"product_cat-aloe-vera-fr","7":"product_cat-soins-bebe","9":"first","10":"outofstock","11":"taxable","12":"shipping-taxable","13":"purchasable","14":"product-type-simple","15":"entry","16":"content-bg","17":"loop-entry"},"yoast_head":"<!-- This site is optimized with the Yoast SEO Premium plugin v27.4 (Yoast SEO v27.4) - https:\/\/yoast.com\/product\/yoast-seo-premium-wordpress\/ -->\n<title>Cr\u00e8me Pour Bebe Aloe Vera Avec d&#039;extrait de Calendula<\/title>\n<meta name=\"description\" content=\"Cr\u00e8me Pour Bebe Aloe Vera soigne et prot\u00e8ge la peau extr\u00eamement sensible des fesses de b\u00e9b\u00e9. Avec 40 % aloe vera, calendula bio, zinc et panth\u00e9nol\" \/>\n<meta name=\"robots\" content=\"index, follow, max-snippet:-1, max-image-preview:large, max-video-preview:-1\" \/>\n<link rel=\"canonical\" href=\"https:\/\/www.lraloeverashop.eu\/fr\/produit\/aloe-vera-creme-protectrice-pour-bebe\/\" \/>\n<meta property=\"og:locale\" content=\"fr_FR\" \/>\n<meta property=\"og:type\" content=\"article\" \/>\n<meta property=\"og:title\" content=\"Cr\u00e8me Pour Bebe Aloe Vera\" \/>\n<meta property=\"og:description\" content=\"Cr\u00e8me Pour Bebe Aloe Vera soigne et prot\u00e8ge la peau extr\u00eamement sensible des fesses de b\u00e9b\u00e9. Avec 40 % aloe vera, calendula bio, zinc et panth\u00e9nol\" \/>\n<meta property=\"og:url\" content=\"https:\/\/www.lraloeverashop.eu\/fr\/produit\/aloe-vera-creme-protectrice-pour-bebe\/\" \/>\n<meta property=\"og:site_name\" content=\"Boutique Lr Aloe Vera\" \/>\n<meta property=\"article:publisher\" content=\"https:\/\/www.facebook.com\/lraloeverashop.eu\" \/>\n<meta property=\"article:modified_time\" content=\"2026-04-19T05:53:00+00:00\" \/>\n<meta property=\"og:image\" content=\"https:\/\/www.lraloeverashop.eu\/wp-content\/uploads\/2022\/10\/Lr-Baby-protection-cream.jpg\" \/>\n\t<meta property=\"og:image:width\" content=\"1200\" \/>\n\t<meta property=\"og:image:height\" content=\"1200\" \/>\n\t<meta property=\"og:image:type\" content=\"image\/jpeg\" \/>\n<meta name=\"twitter:card\" content=\"summary_large_image\" \/>\n<meta name=\"twitter:site\" content=\"@natur__kosmetik\" \/>\n<script type=\"application\/ld+json\" class=\"yoast-schema-graph\">{\"@context\":\"https:\\\/\\\/schema.org\",\"@graph\":[{\"@type\":[\"WebPage\",\"ItemPage\"],\"@id\":\"https:\\\/\\\/www.lraloeverashop.eu\\\/fr\\\/produit\\\/aloe-vera-creme-protectrice-pour-bebe\\\/\",\"url\":\"https:\\\/\\\/www.lraloeverashop.eu\\\/fr\\\/produit\\\/aloe-vera-creme-protectrice-pour-bebe\\\/\",\"name\":\"Cr\u00e8me Pour Bebe Aloe Vera Avec d'extrait de Calendula\",\"isPartOf\":{\"@id\":\"https:\\\/\\\/www.lraloeverashop.eu\\\/fr\\\/#website\"},\"primaryImageOfPage\":{\"@id\":\"https:\\\/\\\/www.lraloeverashop.eu\\\/fr\\\/produit\\\/aloe-vera-creme-protectrice-pour-bebe\\\/#primaryimage\"},\"image\":{\"@id\":\"https:\\\/\\\/www.lraloeverashop.eu\\\/fr\\\/produit\\\/aloe-vera-creme-protectrice-pour-bebe\\\/#primaryimage\"},\"thumbnailUrl\":\"https:\\\/\\\/www.lraloeverashop.eu\\\/wp-content\\\/uploads\\\/2022\\\/10\\\/Lr-Baby-protection-cream.jpg\",\"datePublished\":\"2022-10-11T09:46:34+00:00\",\"dateModified\":\"2026-04-19T05:53:00+00:00\",\"description\":\"Cr\u00e8me Pour Bebe Aloe Vera soigne et prot\u00e8ge la peau extr\u00eamement sensible des fesses de b\u00e9b\u00e9. Avec 40 % aloe vera, calendula bio, zinc et panth\u00e9nol\",\"breadcrumb\":{\"@id\":\"https:\\\/\\\/www.lraloeverashop.eu\\\/fr\\\/produit\\\/aloe-vera-creme-protectrice-pour-bebe\\\/#breadcrumb\"},\"inLanguage\":\"fr-FR\",\"potentialAction\":[{\"@type\":\"ReadAction\",\"target\":[\"https:\\\/\\\/www.lraloeverashop.eu\\\/fr\\\/produit\\\/aloe-vera-creme-protectrice-pour-bebe\\\/\"]}]},{\"@type\":\"ImageObject\",\"inLanguage\":\"fr-FR\",\"@id\":\"https:\\\/\\\/www.lraloeverashop.eu\\\/fr\\\/produit\\\/aloe-vera-creme-protectrice-pour-bebe\\\/#primaryimage\",\"url\":\"https:\\\/\\\/www.lraloeverashop.eu\\\/wp-content\\\/uploads\\\/2022\\\/10\\\/Lr-Baby-protection-cream.jpg\",\"contentUrl\":\"https:\\\/\\\/www.lraloeverashop.eu\\\/wp-content\\\/uploads\\\/2022\\\/10\\\/Lr-Baby-protection-cream.jpg\",\"width\":1200,\"height\":1200,\"caption\":\"Aloe Vera Cr\u00e8me protectrice pour b\u00e9b\u00e9 r\u00e9g\u00e9n\u00e8re la peau irrit\u00e9e et calme\"},{\"@type\":\"BreadcrumbList\",\"@id\":\"https:\\\/\\\/www.lraloeverashop.eu\\\/fr\\\/produit\\\/aloe-vera-creme-protectrice-pour-bebe\\\/#breadcrumb\",\"itemListElement\":[{\"@type\":\"ListItem\",\"position\":1,\"name\":\"Home\",\"item\":\"https:\\\/\\\/www.lraloeverashop.eu\\\/fr\\\/\"},{\"@type\":\"ListItem\",\"position\":2,\"name\":\"Boutique\",\"item\":\"https:\\\/\\\/www.lraloeverashop.eu\\\/fr\\\/boutique\\\/\"},{\"@type\":\"ListItem\",\"position\":3,\"name\":\"Cr\u00e8me Pour Bebe Aloe Vera\"}]},{\"@type\":\"WebSite\",\"@id\":\"https:\\\/\\\/www.lraloeverashop.eu\\\/fr\\\/#website\",\"url\":\"https:\\\/\\\/www.lraloeverashop.eu\\\/fr\\\/\",\"name\":\"Boutique Lr Aloe Vera\",\"description\":\"High Quality Lr Aloe Vera Gel, Aloe Vera Cream and Shampoo\",\"publisher\":{\"@id\":\"https:\\\/\\\/www.lraloeverashop.eu\\\/fr\\\/#organization\"},\"potentialAction\":[{\"@type\":\"SearchAction\",\"target\":{\"@type\":\"EntryPoint\",\"urlTemplate\":\"https:\\\/\\\/www.lraloeverashop.eu\\\/fr\\\/?s={search_term_string}\"},\"query-input\":{\"@type\":\"PropertyValueSpecification\",\"valueRequired\":true,\"valueName\":\"search_term_string\"}}],\"inLanguage\":\"fr-FR\"},{\"@type\":\"Organization\",\"@id\":\"https:\\\/\\\/www.lraloeverashop.eu\\\/fr\\\/#organization\",\"name\":\"Boutique Lr Aloe Vera\",\"alternateName\":\"LR\",\"url\":\"https:\\\/\\\/www.lraloeverashop.eu\\\/fr\\\/\",\"logo\":{\"@type\":\"ImageObject\",\"inLanguage\":\"fr-FR\",\"@id\":\"https:\\\/\\\/www.lraloeverashop.eu\\\/fr\\\/#\\\/schema\\\/logo\\\/image\\\/\",\"url\":\"https:\\\/\\\/www.lraloeverashop.eu\\\/wp-content\\\/uploads\\\/2022\\\/09\\\/cropped-Lr-Aloe-Vera-Shop.jpg\",\"contentUrl\":\"https:\\\/\\\/www.lraloeverashop.eu\\\/wp-content\\\/uploads\\\/2022\\\/09\\\/cropped-Lr-Aloe-Vera-Shop.jpg\",\"width\":228,\"height\":76,\"caption\":\"Boutique Lr Aloe Vera\"},\"image\":{\"@id\":\"https:\\\/\\\/www.lraloeverashop.eu\\\/fr\\\/#\\\/schema\\\/logo\\\/image\\\/\"},\"sameAs\":[\"https:\\\/\\\/www.facebook.com\\\/lraloeverashop.eu\",\"https:\\\/\\\/x.com\\\/natur__kosmetik\",\"https:\\\/\\\/www.youtube.com\\\/channel\\\/UC5oN7BJ8nfYb8RpVtjwDEBA\",\"https:\\\/\\\/www.instagram.com\\\/lrbeautyeu\\\/\"],\"description\":\"La boutique LR Aloe Vera est votre destination de confiance pour les produits de sant\u00e9 et de beaut\u00e9 haut de gamme LR, fabriqu\u00e9s en Allemagne. Nous proposons des soins de la peau, des compl\u00e9ments nutritionnels et des solutions anti-\u00e2ge \u00e0 l'aloe vera de haute qualit\u00e9, \u00e9labor\u00e9s \u00e0 partir d'ingr\u00e9dients purs et valid\u00e9s par la recherche scientifique. D\u00e9couvrez des soins naturels qui r\u00e9g\u00e9n\u00e8rent, prot\u00e8gent et revitalisent votre peau, et profitez d'offres mensuelles exclusives sur nos produits LR Aloe Vera les plus vendus.\\n\\nCommencez d\u00e8s aujourd'hui votre parcours vers des soins naturels et constatez la diff\u00e9rence.\",\"email\":\"info@lraloeverashop.eu\",\"telephone\":\"+49 17670609653\",\"legalName\":\"Lr Aloe Vera Shop\",\"foundingDate\":\"2018-04-21\",\"numberOfEmployees\":{\"@type\":\"QuantitativeValue\",\"minValue\":\"1\",\"maxValue\":\"10\"}}]}<\/script>\n<meta property=\"product:price:amount\" content=\"12.99\" \/>\n<meta property=\"product:price:currency\" content=\"EUR\" \/>\n<meta property=\"og:availability\" content=\"out of stock\" \/>\n<meta property=\"product:availability\" content=\"out of stock\" \/>\n<meta property=\"product:retailer_item_id\" content=\"20319-101FR\" \/>\n<meta property=\"product:condition\" content=\"new\" \/>\n<!-- \/ Yoast SEO Premium plugin. -->","yoast_head_json":{"title":"Cr\u00e8me Pour Bebe Aloe Vera Avec d'extrait de Calendula","description":"Cr\u00e8me Pour Bebe Aloe Vera soigne et prot\u00e8ge la peau extr\u00eamement sensible des fesses de b\u00e9b\u00e9. Avec 40 % aloe vera, calendula bio, zinc et panth\u00e9nol","robots":{"index":"index","follow":"follow","max-snippet":"max-snippet:-1","max-image-preview":"max-image-preview:large","max-video-preview":"max-video-preview:-1"},"canonical":"https:\/\/www.lraloeverashop.eu\/fr\/produit\/aloe-vera-creme-protectrice-pour-bebe\/","og_locale":"fr_FR","og_type":"article","og_title":"Cr\u00e8me Pour Bebe Aloe Vera","og_description":"Cr\u00e8me Pour Bebe Aloe Vera soigne et prot\u00e8ge la peau extr\u00eamement sensible des fesses de b\u00e9b\u00e9. Avec 40 % aloe vera, calendula bio, zinc et panth\u00e9nol","og_url":"https:\/\/www.lraloeverashop.eu\/fr\/produit\/aloe-vera-creme-protectrice-pour-bebe\/","og_site_name":"Boutique Lr Aloe Vera","article_publisher":"https:\/\/www.facebook.com\/lraloeverashop.eu","article_modified_time":"2026-04-19T05:53:00+00:00","og_image":[{"width":1200,"height":1200,"url":"https:\/\/www.lraloeverashop.eu\/wp-content\/uploads\/2022\/10\/Lr-Baby-protection-cream.jpg","type":"image\/jpeg"}],"twitter_card":"summary_large_image","twitter_site":"@natur__kosmetik","schema":{"@context":"https:\/\/schema.org","@graph":[{"@type":["WebPage","ItemPage"],"@id":"https:\/\/www.lraloeverashop.eu\/fr\/produit\/aloe-vera-creme-protectrice-pour-bebe\/","url":"https:\/\/www.lraloeverashop.eu\/fr\/produit\/aloe-vera-creme-protectrice-pour-bebe\/","name":"Cr\u00e8me Pour Bebe Aloe Vera Avec d'extrait de Calendula","isPartOf":{"@id":"https:\/\/www.lraloeverashop.eu\/fr\/#website"},"primaryImageOfPage":{"@id":"https:\/\/www.lraloeverashop.eu\/fr\/produit\/aloe-vera-creme-protectrice-pour-bebe\/#primaryimage"},"image":{"@id":"https:\/\/www.lraloeverashop.eu\/fr\/produit\/aloe-vera-creme-protectrice-pour-bebe\/#primaryimage"},"thumbnailUrl":"https:\/\/www.lraloeverashop.eu\/wp-content\/uploads\/2022\/10\/Lr-Baby-protection-cream.jpg","datePublished":"2022-10-11T09:46:34+00:00","dateModified":"2026-04-19T05:53:00+00:00","description":"Cr\u00e8me Pour Bebe Aloe Vera soigne et prot\u00e8ge la peau extr\u00eamement sensible des fesses de b\u00e9b\u00e9. Avec 40 % aloe vera, calendula bio, zinc et panth\u00e9nol","breadcrumb":{"@id":"https:\/\/www.lraloeverashop.eu\/fr\/produit\/aloe-vera-creme-protectrice-pour-bebe\/#breadcrumb"},"inLanguage":"fr-FR","potentialAction":[{"@type":"ReadAction","target":["https:\/\/www.lraloeverashop.eu\/fr\/produit\/aloe-vera-creme-protectrice-pour-bebe\/"]}]},{"@type":"ImageObject","inLanguage":"fr-FR","@id":"https:\/\/www.lraloeverashop.eu\/fr\/produit\/aloe-vera-creme-protectrice-pour-bebe\/#primaryimage","url":"https:\/\/www.lraloeverashop.eu\/wp-content\/uploads\/2022\/10\/Lr-Baby-protection-cream.jpg","contentUrl":"https:\/\/www.lraloeverashop.eu\/wp-content\/uploads\/2022\/10\/Lr-Baby-protection-cream.jpg","width":1200,"height":1200,"caption":"Aloe Vera Cr\u00e8me protectrice pour b\u00e9b\u00e9 r\u00e9g\u00e9n\u00e8re la peau irrit\u00e9e et calme"},{"@type":"BreadcrumbList","@id":"https:\/\/www.lraloeverashop.eu\/fr\/produit\/aloe-vera-creme-protectrice-pour-bebe\/#breadcrumb","itemListElement":[{"@type":"ListItem","position":1,"name":"Home","item":"https:\/\/www.lraloeverashop.eu\/fr\/"},{"@type":"ListItem","position":2,"name":"Boutique","item":"https:\/\/www.lraloeverashop.eu\/fr\/boutique\/"},{"@type":"ListItem","position":3,"name":"Cr\u00e8me Pour Bebe Aloe Vera"}]},{"@type":"WebSite","@id":"https:\/\/www.lraloeverashop.eu\/fr\/#website","url":"https:\/\/www.lraloeverashop.eu\/fr\/","name":"Boutique Lr Aloe Vera","description":"High Quality Lr Aloe Vera Gel, Aloe Vera Cream and Shampoo","publisher":{"@id":"https:\/\/www.lraloeverashop.eu\/fr\/#organization"},"potentialAction":[{"@type":"SearchAction","target":{"@type":"EntryPoint","urlTemplate":"https:\/\/www.lraloeverashop.eu\/fr\/?s={search_term_string}"},"query-input":{"@type":"PropertyValueSpecification","valueRequired":true,"valueName":"search_term_string"}}],"inLanguage":"fr-FR"},{"@type":"Organization","@id":"https:\/\/www.lraloeverashop.eu\/fr\/#organization","name":"Boutique Lr Aloe Vera","alternateName":"LR","url":"https:\/\/www.lraloeverashop.eu\/fr\/","logo":{"@type":"ImageObject","inLanguage":"fr-FR","@id":"https:\/\/www.lraloeverashop.eu\/fr\/#\/schema\/logo\/image\/","url":"https:\/\/www.lraloeverashop.eu\/wp-content\/uploads\/2022\/09\/cropped-Lr-Aloe-Vera-Shop.jpg","contentUrl":"https:\/\/www.lraloeverashop.eu\/wp-content\/uploads\/2022\/09\/cropped-Lr-Aloe-Vera-Shop.jpg","width":228,"height":76,"caption":"Boutique Lr Aloe Vera"},"image":{"@id":"https:\/\/www.lraloeverashop.eu\/fr\/#\/schema\/logo\/image\/"},"sameAs":["https:\/\/www.facebook.com\/lraloeverashop.eu","https:\/\/x.com\/natur__kosmetik","https:\/\/www.youtube.com\/channel\/UC5oN7BJ8nfYb8RpVtjwDEBA","https:\/\/www.instagram.com\/lrbeautyeu\/"],"description":"La boutique LR Aloe Vera est votre destination de confiance pour les produits de sant\u00e9 et de beaut\u00e9 haut de gamme LR, fabriqu\u00e9s en Allemagne. Nous proposons des soins de la peau, des compl\u00e9ments nutritionnels et des solutions anti-\u00e2ge \u00e0 l'aloe vera de haute qualit\u00e9, \u00e9labor\u00e9s \u00e0 partir d'ingr\u00e9dients purs et valid\u00e9s par la recherche scientifique. D\u00e9couvrez des soins naturels qui r\u00e9g\u00e9n\u00e8rent, prot\u00e8gent et revitalisent votre peau, et profitez d'offres mensuelles exclusives sur nos produits LR Aloe Vera les plus vendus.\n\nCommencez d\u00e8s aujourd'hui votre parcours vers des soins naturels et constatez la diff\u00e9rence.","email":"info@lraloeverashop.eu","telephone":"+49 17670609653","legalName":"Lr Aloe Vera Shop","foundingDate":"2018-04-21","numberOfEmployees":{"@type":"QuantitativeValue","minValue":"1","maxValue":"10"}}]},"product_price_amount":"12.99","product_price_currency":"EUR","og_availability":"out of stock","product_availability":"out of stock","product_retailer_item_id":"20319-101FR","product_condition":"new"},"taxonomy_info":{"product_cat":[{"value":212,"label":"Aloe Vera"},{"value":218,"label":"Soins b\u00e9b\u00e9"}]},"featured_image_src_large":["https:\/\/www.lraloeverashop.eu\/wp-content\/uploads\/2022\/10\/Lr-Baby-protection-cream-1024x1024.jpg",1024,1024,true],"author_info":[],"comment_info":0,"_links":{"self":[{"href":"https:\/\/www.lraloeverashop.eu\/fr\/wp-json\/wp\/v2\/product\/10235","targetHints":{"allow":["GET"]}}],"collection":[{"href":"https:\/\/www.lraloeverashop.eu\/fr\/wp-json\/wp\/v2\/product"}],"about":[{"href":"https:\/\/www.lraloeverashop.eu\/fr\/wp-json\/wp\/v2\/types\/product"}],"replies":[{"embeddable":true,"href":"https:\/\/www.lraloeverashop.eu\/fr\/wp-json\/wp\/v2\/comments?post=10235"}],"wp:featuredmedia":[{"embeddable":true,"href":"https:\/\/www.lraloeverashop.eu\/fr\/wp-json\/wp\/v2\/media\/5016"}],"wp:attachment":[{"href":"https:\/\/www.lraloeverashop.eu\/fr\/wp-json\/wp\/v2\/media?parent=10235"}],"wp:term":[{"taxonomy":"product_brand","embeddable":true,"href":"https:\/\/www.lraloeverashop.eu\/fr\/wp-json\/wp\/v2\/product_brand?post=10235"},{"taxonomy":"product_cat","embeddable":true,"href":"https:\/\/www.lraloeverashop.eu\/fr\/wp-json\/wp\/v2\/product_cat?post=10235"},{"taxonomy":"product_tag","embeddable":true,"href":"https:\/\/www.lraloeverashop.eu\/fr\/wp-json\/wp\/v2\/product_tag?post=10235"}],"curies":[{"name":"wp","href":"https:\/\/api.w.org\/{rel}","templated":true}]}}