{"id":10179,"date":"2022-10-11T18:49:47","date_gmt":"2022-10-11T16:49:47","guid":{"rendered":"https:\/\/www.lraloeverashop.eu\/product\/gel-a-boire-aloe-vera-a-la-peche-6\/"},"modified":"2026-02-02T19:52:59","modified_gmt":"2026-02-02T18:52:59","slug":"gel-a-boire-aloe-vera-a-la-peche-6","status":"publish","type":"product","link":"https:\/\/www.lraloeverashop.eu\/fr\/produit\/gel-a-boire-aloe-vera-a-la-peche-6\/","title":{"rendered":"Gel \u00e0 Boire Aloe Vera \u00e0 la P\u00eache Set 6 Pi\u00e8ces"},"content":{"rendered":"<h2><span style=\"font-size: 16pt;\"><strong>Gel \u00e0 Boire Aloe Vera \u00e0 la P\u00eache Set 6 Pi\u00e8ces<\/strong><\/span><\/h2>\n<p><span style=\"font-size: 14pt;\"><strong>Gel \u00e0 Boire Aloe Vera \u00e0 la P\u00eache Set 6 Pi\u00e8ces &#8211; Parfait aussi pour le diab\u00e8te!<\/strong><\/span><\/p>\n<p>Gel \u00e0 Boire Aloe Vera \u00e0 la P\u00eache est un gel \u00e0 boire sans sucres ajout\u00e9s. Un avantage de taille : les personnes souffrant de diab\u00e8te, par exemple, doivent limiter leur consommation quotidienne de sucres afin de maintenir un niveau d&rsquo;insuline constant dans le sang.<\/p>\n<p>Mais de nos jours, beaucoup de gens privil\u00e9giant une <a href=\"https:\/\/www.lraloeverashop.eu\/fr\/lr-aloe-vera-gel-a-boire-a-la-peche\/\">alimentation saine<\/a> surveillent eux aussi leur consommation de sucre. C&rsquo;est \u00e0 toutes ces personnes que s&rsquo;adresse le gel \u00e0 boire \u00e0 l&rsquo;Aloe Vera saveur p\u00eache mis au point par LR.<\/p>\n<p><strong><span style=\"font-size: 14pt;\">Gel \u00e0 boire Aloe Vera ne contient que 13,5 kJ!<\/span><\/strong><\/p>\n<p>Avec 98 % d&rsquo;Aloe Vera, le Gel Aloe Vera saveur p\u00eache est compos\u00e9 presque enti\u00e8rement de <a href=\"https:\/\/www.lraloeverashop.eu\/fr\/produit\/gel-a-boire-aloe-vera-a-la-peche-3\/\">gel<\/a> de feuilles d&rsquo;Aloe Vera.<\/p>\n<p>LR enrichit le jus des feuilles d&rsquo;Aloe Vera avec la pr\u00e9cieuse vitamine C. Votre <a href=\"https:\/\/www.lraloeverashop.eu\/fr\/produit\/gel-a-boire-aloe-vera-a-la-peche\/\">m\u00e9tabolisme \u00e9nerg\u00e9tique<\/a>\u00b9\u00a0est ainsi boost\u00e9. Qui plus est, la vitamine C contribue \u00e0 un bon fonctionnement du syst\u00e8me immunitaire et du syst\u00e8me nerveux.<sup>1<\/sup><\/p>\n<p><sup>1<\/sup>\u00a0La vitamine C contribue \u00e0 un <a href=\"https:\/\/www.lraloeverashop.eu\/fr\/aloe-vera-a-boire-de-lr-health-beauty\/\">m\u00e9tabolisme \u00e9nerg\u00e9tique normal<\/a> et \u00e0 un bon fonctionnement du syst\u00e8me nerveux et du syst\u00e8me immunitaire.<\/p>\n<p>* L&rsquo;Aloe Vera contient du sucre naturellement pr\u00e9sent<\/p>\n<p>&nbsp;<\/p>\n<h3><span style=\"font-size: 16pt;\"><strong>Comment utiliser Gel \u00e0 Boire <\/strong><\/span><\/h3>\n<p>Boire 3 x par jour 30 ml Gel \u00e0 Boire Aloe Vera, de pr\u00e9f\u00e9rence avant les repas (diluer \u00e9ventuellement avec de l\u2019eau ou du jus de fruit).<\/p>\n<p><strong>Id\u00e9e de recette:<\/strong> buvez le Gel Aloe Vera saveur p\u00eache avec un verre de jus de fruits de votre choix, ou m\u00e9langez le gel avec du yaourt, des fruits et un peu de muesli pour en faire un petit-d\u00e9jeuner sain.<\/p>\n<p>Secouer avant usage. Apr\u00e8s ouverture, \u00e0 conserver au r\u00e9frig\u00e9rateur et \u00e0 consommer rapidement. La dose journali\u00e8re conseill\u00e9e ne doit pas \u00eatre d\u00e9pass\u00e9e. Les <a href=\"https:\/\/www.lraloeverashop.eu\/fr\/categorie-produit\/produits-speciaux\/\">compl\u00e9ments alimentaires<\/a> ne remplacent pas une alimentation vari\u00e9e et \u00e9quilibr\u00e9e qui est aussi importante qu\u2019un mode de vie sain. Ranger le produit hors de port\u00e9e des jeunes enfants.<\/p>\n<p>&nbsp;<\/p>\n","protected":false},"excerpt":{"rendered":"<ul>\n<li>Pour le m\u00e9tabolisme \u00e9nerg\u00e9tique, le syst\u00e8me nerveux et le syst\u00e8me immunitaire<span style=\"font-size: 14px;\">\u00b9<\/span><\/li>\n<li>Se compose de 98% de gel d&rsquo;Aloe Vera pur<\/li>\n<li>Couvre 100% de la dose quotidienne recommand\u00e9e de vitamine C<\/li>\n<li>Fabrication particuli\u00e8rement douce<\/li>\n<li>Convient \u00e9galement au diab\u00e8te. 0.054 unit\u00e9s seulement par ration journali\u00e8re<\/li>\n<li>Quantit\u00e9: 6 x 1000 ml<\/li>\n<\/ul>\n<p style=\"text-align: left;\"><span style=\"color: #ff0000;\"><a style=\"color: #ff0000;\" href=\"https:\/\/shop.lrworld.com\/openpao?PHP=0vFlt7jT938BEnBI3a6e9w%3D%3D\"><span style=\"font-size: 14pt;\"><strong>Inscrivez-vous et \u00e9conomisez 35% sur chaque commande<\/strong><\/span><\/a><\/span><\/p>\n","protected":false},"featured_media":5358,"comment_status":"open","ping_status":"closed","template":"","meta":{"_kad_blocks_custom_css":"","_kad_blocks_head_custom_js":"","_kad_blocks_body_custom_js":"","_kad_blocks_footer_custom_js":"","_kadence_starter_templates_imported_post":false,"_kad_post_transparent":"default","_kad_post_title":"","_kad_post_layout":"default","_kad_post_sidebar_id":"","_kad_post_content_style":"default","_kad_post_vertical_padding":"default","_kad_post_feature":"","_kad_post_feature_position":"","_kad_post_header":false,"_kad_post_footer":false,"_kad_post_classname":""},"product_brand":[],"product_cat":[398,463,291,434,464],"product_tag":[582],"class_list":{"0":"post-10179","1":"product","2":"type-product","3":"status-publish","4":"has-post-thumbnail","6":"product_cat-base","7":"product_cat-economisez-sur-les-ensembles","8":"product_cat-gels-a-boire","9":"product_cat-intestins-digestion","10":"product_cat-specialistes","11":"product_tag-boissons-detox","13":"first","14":"instock","15":"taxable","16":"shipping-taxable","17":"purchasable","18":"product-type-simple","19":"entry","20":"content-bg","21":"loop-entry"},"yoast_head":"<!-- This site is optimized with the Yoast SEO Premium plugin v27.4 (Yoast SEO v27.4) - https:\/\/yoast.com\/product\/yoast-seo-premium-wordpress\/ -->\n<title>Gel \u00c0 Boire Aloe Vera P\u00eache Set 6 pi\u00e8ces - 98% Gel Aloe Vera<\/title>\n<meta name=\"description\" content=\"Gel \u00c0 Boire Aloe Vera \u00c0 La P\u00eache Set 6 Pi\u00e8ces est compos\u00e9 \u00e0 98% de gel d&#039;Aloe Vera pur. Fabrication particuli\u00e8rement douce. contient 13,5 kJ pour portion!\" \/>\n<meta name=\"robots\" content=\"index, follow, max-snippet:-1, max-image-preview:large, max-video-preview:-1\" \/>\n<link rel=\"canonical\" href=\"https:\/\/www.lraloeverashop.eu\/fr\/produit\/gel-a-boire-aloe-vera-a-la-peche-6\/\" \/>\n<meta property=\"og:locale\" content=\"fr_FR\" \/>\n<meta property=\"og:type\" content=\"article\" \/>\n<meta property=\"og:title\" content=\"Gel \u00e0 Boire Aloe Vera \u00e0 la P\u00eache Set 6 Pi\u00e8ces\" \/>\n<meta property=\"og:description\" content=\"Gel \u00c0 Boire Aloe Vera \u00c0 La P\u00eache Set 6 Pi\u00e8ces est compos\u00e9 \u00e0 98% de gel d&#039;Aloe Vera pur. Fabrication particuli\u00e8rement douce. contient 13,5 kJ pour portion!\" \/>\n<meta property=\"og:url\" content=\"https:\/\/www.lraloeverashop.eu\/fr\/produit\/gel-a-boire-aloe-vera-a-la-peche-6\/\" \/>\n<meta property=\"og:site_name\" content=\"Boutique Lr Aloe Vera\" \/>\n<meta property=\"article:publisher\" content=\"https:\/\/www.facebook.com\/lraloeverashop.eu\" \/>\n<meta property=\"article:modified_time\" content=\"2026-02-02T18:52:59+00:00\" \/>\n<meta property=\"og:image\" content=\"https:\/\/www.lraloeverashop.eu\/wp-content\/uploads\/2022\/10\/Aloe-Vera-Drinking-Gel-Peach-6-Pcs-Set.jpg\" \/>\n\t<meta property=\"og:image:width\" content=\"1200\" \/>\n\t<meta property=\"og:image:height\" content=\"1200\" \/>\n\t<meta property=\"og:image:type\" content=\"image\/jpeg\" \/>\n<meta name=\"twitter:card\" content=\"summary_large_image\" \/>\n<meta name=\"twitter:site\" content=\"@natur__kosmetik\" \/>\n<script type=\"application\/ld+json\" class=\"yoast-schema-graph\">{\"@context\":\"https:\\\/\\\/schema.org\",\"@graph\":[{\"@type\":[\"WebPage\",\"ItemPage\"],\"@id\":\"https:\\\/\\\/www.lraloeverashop.eu\\\/fr\\\/produit\\\/gel-a-boire-aloe-vera-a-la-peche-6\\\/\",\"url\":\"https:\\\/\\\/www.lraloeverashop.eu\\\/fr\\\/produit\\\/gel-a-boire-aloe-vera-a-la-peche-6\\\/\",\"name\":\"Gel \u00c0 Boire Aloe Vera P\u00eache Set 6 pi\u00e8ces - 98% Gel Aloe Vera\",\"isPartOf\":{\"@id\":\"https:\\\/\\\/www.lraloeverashop.eu\\\/fr\\\/#website\"},\"primaryImageOfPage\":{\"@id\":\"https:\\\/\\\/www.lraloeverashop.eu\\\/fr\\\/produit\\\/gel-a-boire-aloe-vera-a-la-peche-6\\\/#primaryimage\"},\"image\":{\"@id\":\"https:\\\/\\\/www.lraloeverashop.eu\\\/fr\\\/produit\\\/gel-a-boire-aloe-vera-a-la-peche-6\\\/#primaryimage\"},\"thumbnailUrl\":\"https:\\\/\\\/www.lraloeverashop.eu\\\/wp-content\\\/uploads\\\/2022\\\/10\\\/Aloe-Vera-Drinking-Gel-Peach-6-Pcs-Set.jpg\",\"datePublished\":\"2022-10-11T16:49:47+00:00\",\"dateModified\":\"2026-02-02T18:52:59+00:00\",\"description\":\"Gel \u00c0 Boire Aloe Vera \u00c0 La P\u00eache Set 6 Pi\u00e8ces est compos\u00e9 \u00e0 98% de gel d'Aloe Vera pur. Fabrication particuli\u00e8rement douce. contient 13,5 kJ pour portion!\",\"breadcrumb\":{\"@id\":\"https:\\\/\\\/www.lraloeverashop.eu\\\/fr\\\/produit\\\/gel-a-boire-aloe-vera-a-la-peche-6\\\/#breadcrumb\"},\"inLanguage\":\"fr-FR\",\"potentialAction\":[{\"@type\":\"ReadAction\",\"target\":[\"https:\\\/\\\/www.lraloeverashop.eu\\\/fr\\\/produit\\\/gel-a-boire-aloe-vera-a-la-peche-6\\\/\"]}]},{\"@type\":\"ImageObject\",\"inLanguage\":\"fr-FR\",\"@id\":\"https:\\\/\\\/www.lraloeverashop.eu\\\/fr\\\/produit\\\/gel-a-boire-aloe-vera-a-la-peche-6\\\/#primaryimage\",\"url\":\"https:\\\/\\\/www.lraloeverashop.eu\\\/wp-content\\\/uploads\\\/2022\\\/10\\\/Aloe-Vera-Drinking-Gel-Peach-6-Pcs-Set.jpg\",\"contentUrl\":\"https:\\\/\\\/www.lraloeverashop.eu\\\/wp-content\\\/uploads\\\/2022\\\/10\\\/Aloe-Vera-Drinking-Gel-Peach-6-Pcs-Set.jpg\",\"width\":1200,\"height\":1200,\"caption\":\"Gel \u00e0 Boire Aloe Vera \u00e0 la P\u00eache convient \u00e9galement au diab\u00e8te. 0.054 unit\u00e9s seulement par ration journali\u00e8re\"},{\"@type\":\"BreadcrumbList\",\"@id\":\"https:\\\/\\\/www.lraloeverashop.eu\\\/fr\\\/produit\\\/gel-a-boire-aloe-vera-a-la-peche-6\\\/#breadcrumb\",\"itemListElement\":[{\"@type\":\"ListItem\",\"position\":1,\"name\":\"Home\",\"item\":\"https:\\\/\\\/www.lraloeverashop.eu\\\/fr\\\/\"},{\"@type\":\"ListItem\",\"position\":2,\"name\":\"Boutique\",\"item\":\"https:\\\/\\\/www.lraloeverashop.eu\\\/fr\\\/boutique\\\/\"},{\"@type\":\"ListItem\",\"position\":3,\"name\":\"Gel \u00e0 Boire Aloe Vera \u00e0 la P\u00eache Set 6 Pi\u00e8ces\"}]},{\"@type\":\"WebSite\",\"@id\":\"https:\\\/\\\/www.lraloeverashop.eu\\\/fr\\\/#website\",\"url\":\"https:\\\/\\\/www.lraloeverashop.eu\\\/fr\\\/\",\"name\":\"Boutique Lr Aloe Vera\",\"description\":\"High Quality Lr Aloe Vera Gel, Aloe Vera Cream and Shampoo\",\"publisher\":{\"@id\":\"https:\\\/\\\/www.lraloeverashop.eu\\\/fr\\\/#organization\"},\"potentialAction\":[{\"@type\":\"SearchAction\",\"target\":{\"@type\":\"EntryPoint\",\"urlTemplate\":\"https:\\\/\\\/www.lraloeverashop.eu\\\/fr\\\/?s={search_term_string}\"},\"query-input\":{\"@type\":\"PropertyValueSpecification\",\"valueRequired\":true,\"valueName\":\"search_term_string\"}}],\"inLanguage\":\"fr-FR\"},{\"@type\":\"Organization\",\"@id\":\"https:\\\/\\\/www.lraloeverashop.eu\\\/fr\\\/#organization\",\"name\":\"Boutique Lr Aloe Vera\",\"alternateName\":\"LR\",\"url\":\"https:\\\/\\\/www.lraloeverashop.eu\\\/fr\\\/\",\"logo\":{\"@type\":\"ImageObject\",\"inLanguage\":\"fr-FR\",\"@id\":\"https:\\\/\\\/www.lraloeverashop.eu\\\/fr\\\/#\\\/schema\\\/logo\\\/image\\\/\",\"url\":\"https:\\\/\\\/www.lraloeverashop.eu\\\/wp-content\\\/uploads\\\/2022\\\/09\\\/cropped-Lr-Aloe-Vera-Shop.jpg\",\"contentUrl\":\"https:\\\/\\\/www.lraloeverashop.eu\\\/wp-content\\\/uploads\\\/2022\\\/09\\\/cropped-Lr-Aloe-Vera-Shop.jpg\",\"width\":228,\"height\":76,\"caption\":\"Boutique Lr Aloe Vera\"},\"image\":{\"@id\":\"https:\\\/\\\/www.lraloeverashop.eu\\\/fr\\\/#\\\/schema\\\/logo\\\/image\\\/\"},\"sameAs\":[\"https:\\\/\\\/www.facebook.com\\\/lraloeverashop.eu\",\"https:\\\/\\\/x.com\\\/natur__kosmetik\",\"https:\\\/\\\/www.youtube.com\\\/channel\\\/UC5oN7BJ8nfYb8RpVtjwDEBA\",\"https:\\\/\\\/www.instagram.com\\\/lrbeautyeu\\\/\"],\"description\":\"La boutique LR Aloe Vera est votre destination de confiance pour les produits de sant\u00e9 et de beaut\u00e9 haut de gamme LR, fabriqu\u00e9s en Allemagne. Nous proposons des soins de la peau, des compl\u00e9ments nutritionnels et des solutions anti-\u00e2ge \u00e0 l'aloe vera de haute qualit\u00e9, \u00e9labor\u00e9s \u00e0 partir d'ingr\u00e9dients purs et valid\u00e9s par la recherche scientifique. D\u00e9couvrez des soins naturels qui r\u00e9g\u00e9n\u00e8rent, prot\u00e8gent et revitalisent votre peau, et profitez d'offres mensuelles exclusives sur nos produits LR Aloe Vera les plus vendus.\\n\\nCommencez d\u00e8s aujourd'hui votre parcours vers des soins naturels et constatez la diff\u00e9rence.\",\"email\":\"info@lraloeverashop.eu\",\"telephone\":\"+49 17670609653\",\"legalName\":\"Lr Aloe Vera Shop\",\"foundingDate\":\"2018-04-21\",\"numberOfEmployees\":{\"@type\":\"QuantitativeValue\",\"minValue\":\"1\",\"maxValue\":\"10\"}}]}<\/script>\n<meta property=\"product:price:amount\" content=\"223.99\" \/>\n<meta property=\"product:price:currency\" content=\"EUR\" \/>\n<meta property=\"og:availability\" content=\"instock\" \/>\n<meta property=\"product:availability\" content=\"instock\" \/>\n<meta property=\"product:retailer_item_id\" content=\"80756-480FR\" \/>\n<meta property=\"product:condition\" content=\"new\" \/>\n<!-- \/ Yoast SEO Premium plugin. -->","yoast_head_json":{"title":"Gel \u00c0 Boire Aloe Vera P\u00eache Set 6 pi\u00e8ces - 98% Gel Aloe Vera","description":"Gel \u00c0 Boire Aloe Vera \u00c0 La P\u00eache Set 6 Pi\u00e8ces est compos\u00e9 \u00e0 98% de gel d'Aloe Vera pur. Fabrication particuli\u00e8rement douce. contient 13,5 kJ pour portion!","robots":{"index":"index","follow":"follow","max-snippet":"max-snippet:-1","max-image-preview":"max-image-preview:large","max-video-preview":"max-video-preview:-1"},"canonical":"https:\/\/www.lraloeverashop.eu\/fr\/produit\/gel-a-boire-aloe-vera-a-la-peche-6\/","og_locale":"fr_FR","og_type":"article","og_title":"Gel \u00e0 Boire Aloe Vera \u00e0 la P\u00eache Set 6 Pi\u00e8ces","og_description":"Gel \u00c0 Boire Aloe Vera \u00c0 La P\u00eache Set 6 Pi\u00e8ces est compos\u00e9 \u00e0 98% de gel d'Aloe Vera pur. Fabrication particuli\u00e8rement douce. contient 13,5 kJ pour portion!","og_url":"https:\/\/www.lraloeverashop.eu\/fr\/produit\/gel-a-boire-aloe-vera-a-la-peche-6\/","og_site_name":"Boutique Lr Aloe Vera","article_publisher":"https:\/\/www.facebook.com\/lraloeverashop.eu","article_modified_time":"2026-02-02T18:52:59+00:00","og_image":[{"width":1200,"height":1200,"url":"https:\/\/www.lraloeverashop.eu\/wp-content\/uploads\/2022\/10\/Aloe-Vera-Drinking-Gel-Peach-6-Pcs-Set.jpg","type":"image\/jpeg"}],"twitter_card":"summary_large_image","twitter_site":"@natur__kosmetik","schema":{"@context":"https:\/\/schema.org","@graph":[{"@type":["WebPage","ItemPage"],"@id":"https:\/\/www.lraloeverashop.eu\/fr\/produit\/gel-a-boire-aloe-vera-a-la-peche-6\/","url":"https:\/\/www.lraloeverashop.eu\/fr\/produit\/gel-a-boire-aloe-vera-a-la-peche-6\/","name":"Gel \u00c0 Boire Aloe Vera P\u00eache Set 6 pi\u00e8ces - 98% Gel Aloe Vera","isPartOf":{"@id":"https:\/\/www.lraloeverashop.eu\/fr\/#website"},"primaryImageOfPage":{"@id":"https:\/\/www.lraloeverashop.eu\/fr\/produit\/gel-a-boire-aloe-vera-a-la-peche-6\/#primaryimage"},"image":{"@id":"https:\/\/www.lraloeverashop.eu\/fr\/produit\/gel-a-boire-aloe-vera-a-la-peche-6\/#primaryimage"},"thumbnailUrl":"https:\/\/www.lraloeverashop.eu\/wp-content\/uploads\/2022\/10\/Aloe-Vera-Drinking-Gel-Peach-6-Pcs-Set.jpg","datePublished":"2022-10-11T16:49:47+00:00","dateModified":"2026-02-02T18:52:59+00:00","description":"Gel \u00c0 Boire Aloe Vera \u00c0 La P\u00eache Set 6 Pi\u00e8ces est compos\u00e9 \u00e0 98% de gel d'Aloe Vera pur. Fabrication particuli\u00e8rement douce. contient 13,5 kJ pour portion!","breadcrumb":{"@id":"https:\/\/www.lraloeverashop.eu\/fr\/produit\/gel-a-boire-aloe-vera-a-la-peche-6\/#breadcrumb"},"inLanguage":"fr-FR","potentialAction":[{"@type":"ReadAction","target":["https:\/\/www.lraloeverashop.eu\/fr\/produit\/gel-a-boire-aloe-vera-a-la-peche-6\/"]}]},{"@type":"ImageObject","inLanguage":"fr-FR","@id":"https:\/\/www.lraloeverashop.eu\/fr\/produit\/gel-a-boire-aloe-vera-a-la-peche-6\/#primaryimage","url":"https:\/\/www.lraloeverashop.eu\/wp-content\/uploads\/2022\/10\/Aloe-Vera-Drinking-Gel-Peach-6-Pcs-Set.jpg","contentUrl":"https:\/\/www.lraloeverashop.eu\/wp-content\/uploads\/2022\/10\/Aloe-Vera-Drinking-Gel-Peach-6-Pcs-Set.jpg","width":1200,"height":1200,"caption":"Gel \u00e0 Boire Aloe Vera \u00e0 la P\u00eache convient \u00e9galement au diab\u00e8te. 0.054 unit\u00e9s seulement par ration journali\u00e8re"},{"@type":"BreadcrumbList","@id":"https:\/\/www.lraloeverashop.eu\/fr\/produit\/gel-a-boire-aloe-vera-a-la-peche-6\/#breadcrumb","itemListElement":[{"@type":"ListItem","position":1,"name":"Home","item":"https:\/\/www.lraloeverashop.eu\/fr\/"},{"@type":"ListItem","position":2,"name":"Boutique","item":"https:\/\/www.lraloeverashop.eu\/fr\/boutique\/"},{"@type":"ListItem","position":3,"name":"Gel \u00e0 Boire Aloe Vera \u00e0 la P\u00eache Set 6 Pi\u00e8ces"}]},{"@type":"WebSite","@id":"https:\/\/www.lraloeverashop.eu\/fr\/#website","url":"https:\/\/www.lraloeverashop.eu\/fr\/","name":"Boutique Lr Aloe Vera","description":"High Quality Lr Aloe Vera Gel, Aloe Vera Cream and Shampoo","publisher":{"@id":"https:\/\/www.lraloeverashop.eu\/fr\/#organization"},"potentialAction":[{"@type":"SearchAction","target":{"@type":"EntryPoint","urlTemplate":"https:\/\/www.lraloeverashop.eu\/fr\/?s={search_term_string}"},"query-input":{"@type":"PropertyValueSpecification","valueRequired":true,"valueName":"search_term_string"}}],"inLanguage":"fr-FR"},{"@type":"Organization","@id":"https:\/\/www.lraloeverashop.eu\/fr\/#organization","name":"Boutique Lr Aloe Vera","alternateName":"LR","url":"https:\/\/www.lraloeverashop.eu\/fr\/","logo":{"@type":"ImageObject","inLanguage":"fr-FR","@id":"https:\/\/www.lraloeverashop.eu\/fr\/#\/schema\/logo\/image\/","url":"https:\/\/www.lraloeverashop.eu\/wp-content\/uploads\/2022\/09\/cropped-Lr-Aloe-Vera-Shop.jpg","contentUrl":"https:\/\/www.lraloeverashop.eu\/wp-content\/uploads\/2022\/09\/cropped-Lr-Aloe-Vera-Shop.jpg","width":228,"height":76,"caption":"Boutique Lr Aloe Vera"},"image":{"@id":"https:\/\/www.lraloeverashop.eu\/fr\/#\/schema\/logo\/image\/"},"sameAs":["https:\/\/www.facebook.com\/lraloeverashop.eu","https:\/\/x.com\/natur__kosmetik","https:\/\/www.youtube.com\/channel\/UC5oN7BJ8nfYb8RpVtjwDEBA","https:\/\/www.instagram.com\/lrbeautyeu\/"],"description":"La boutique LR Aloe Vera est votre destination de confiance pour les produits de sant\u00e9 et de beaut\u00e9 haut de gamme LR, fabriqu\u00e9s en Allemagne. Nous proposons des soins de la peau, des compl\u00e9ments nutritionnels et des solutions anti-\u00e2ge \u00e0 l'aloe vera de haute qualit\u00e9, \u00e9labor\u00e9s \u00e0 partir d'ingr\u00e9dients purs et valid\u00e9s par la recherche scientifique. D\u00e9couvrez des soins naturels qui r\u00e9g\u00e9n\u00e8rent, prot\u00e8gent et revitalisent votre peau, et profitez d'offres mensuelles exclusives sur nos produits LR Aloe Vera les plus vendus.\n\nCommencez d\u00e8s aujourd'hui votre parcours vers des soins naturels et constatez la diff\u00e9rence.","email":"info@lraloeverashop.eu","telephone":"+49 17670609653","legalName":"Lr Aloe Vera Shop","foundingDate":"2018-04-21","numberOfEmployees":{"@type":"QuantitativeValue","minValue":"1","maxValue":"10"}}]},"product_price_amount":"223.99","product_price_currency":"EUR","og_availability":"instock","product_availability":"instock","product_retailer_item_id":"80756-480FR","product_condition":"new"},"taxonomy_info":{"product_cat":[{"value":398,"label":"Base"},{"value":463,"label":"\u00c9conomisez sur les ensembles"},{"value":291,"label":"Gels \u00e0 boire Aloe Vera"},{"value":434,"label":"Intestins &amp; Digestion"},{"value":464,"label":"Sp\u00e9cialistes"}],"product_tag":[{"value":582,"label":"Boissons d\u00e9tox"}]},"featured_image_src_large":["https:\/\/www.lraloeverashop.eu\/wp-content\/uploads\/2022\/10\/Aloe-Vera-Drinking-Gel-Peach-6-Pcs-Set-1024x1024.jpg",1024,1024,true],"author_info":[],"comment_info":0,"_links":{"self":[{"href":"https:\/\/www.lraloeverashop.eu\/fr\/wp-json\/wp\/v2\/product\/10179","targetHints":{"allow":["GET"]}}],"collection":[{"href":"https:\/\/www.lraloeverashop.eu\/fr\/wp-json\/wp\/v2\/product"}],"about":[{"href":"https:\/\/www.lraloeverashop.eu\/fr\/wp-json\/wp\/v2\/types\/product"}],"replies":[{"embeddable":true,"href":"https:\/\/www.lraloeverashop.eu\/fr\/wp-json\/wp\/v2\/comments?post=10179"}],"wp:featuredmedia":[{"embeddable":true,"href":"https:\/\/www.lraloeverashop.eu\/fr\/wp-json\/wp\/v2\/media\/5358"}],"wp:attachment":[{"href":"https:\/\/www.lraloeverashop.eu\/fr\/wp-json\/wp\/v2\/media?parent=10179"}],"wp:term":[{"taxonomy":"product_brand","embeddable":true,"href":"https:\/\/www.lraloeverashop.eu\/fr\/wp-json\/wp\/v2\/product_brand?post=10179"},{"taxonomy":"product_cat","embeddable":true,"href":"https:\/\/www.lraloeverashop.eu\/fr\/wp-json\/wp\/v2\/product_cat?post=10179"},{"taxonomy":"product_tag","embeddable":true,"href":"https:\/\/www.lraloeverashop.eu\/fr\/wp-json\/wp\/v2\/product_tag?post=10179"}],"curies":[{"name":"wp","href":"https:\/\/api.w.org\/{rel}","templated":true}]}}