{"id":10104,"date":"2022-10-11T16:14:59","date_gmt":"2022-10-11T14:14:59","guid":{"rendered":"https:\/\/www.lraloeverashop.eu\/product\/boisson-aloe-vera-sivera-set-3-pieces\/"},"modified":"2026-02-02T19:54:02","modified_gmt":"2026-02-02T18:54:02","slug":"boisson-aloe-vera-sivera-set-3-pieces","status":"publish","type":"product","link":"https:\/\/www.lraloeverashop.eu\/fr\/produit\/boisson-aloe-vera-sivera-set-3-pieces\/","title":{"rendered":"Boisson Aloe Vera Sivera Set 3 Pi\u00e8ces"},"content":{"rendered":"<h2><span style=\"font-size: 16pt;\"><strong>Boisson Aloe Vera Sivera Set 3 Pi\u00e8ces<\/strong><\/span><\/h2>\n<p><span style=\"font-size: 14pt;\"><strong>Boisson Aloe Vera Sivera avec la vitamine C, miel et \u00e0 l&rsquo;extrait d&rsquo;ortie<\/strong><\/span><\/p>\n<p>Un vrai sp\u00e9cialiste pour votre bien-\u00eatre : le <a href=\"https:\/\/www.lraloeverashop.eu\/fr\/aloe-vera-a-boire-de-lr-health-beauty\/\">gel \u00e0 boire<\/a> \u00e0 l&rsquo;extrait d&rsquo;ortie et au miel v\u00e9ritable le gel allie les propri\u00e9t\u00e9s positives de l&rsquo;Aloe Vera avec l&rsquo;extrait d&rsquo;ortie.<\/p>\n<p>La recherche scientifique est \u00e0 la base des concepts de produits innovants. C&rsquo;est pourquoi Lr <a href=\"https:\/\/gotolr.me\/wn8yv\">Health &amp; Beauty<\/a> investit beaucoup de temps et d&rsquo;argent afin d&rsquo;\u00eatre toujours \u00e0 la pointe de la science et de la recherche. Boisson Aloe Vera Sivera n&rsquo;est qu&rsquo;un exemple de la fa\u00e7on dont LR allie les ingr\u00e9dients naturels pr\u00e9cieux en vue de fabriquer, pour vous, des <a href=\"https:\/\/www.lraloeverashop.eu\/fr\/categorie-produit\/aloe-vera-fr\/\">Aloe Vera produits<\/a> d&rsquo;excellente qualit\u00e9.<\/p>\n<p>&nbsp;<\/p>\n<h3><strong><span style=\"font-size: 16pt;\">Comment utiliser <\/span><\/strong><\/h3>\n<p><strong>Conseil d\u2019utilisation:<\/strong> boire 3 x par jour 30 ml de pr\u00e9f\u00e9rence avant les repas (diluer \u00e9ventuellement avec de l\u2019eau ou du jus de fruit). Secouer avant usage.<\/p>\n<p><strong>Id\u00e9e de recette:<\/strong> essayez donc le <a href=\"https:\/\/www.lraloeverashop.eu\/fr\/produit\/aloe-vera-gel-a-boire-sivera\/\">gel \u00e0 boire \u00e0 l\u2019Aloe Vera<\/a> avec un verre de jus d\u2019orange ou m\u00e9langez le gel dans un smoothie tout juste fait avec de nombreux fruits et l\u00e9gumes sains.<\/p>\n<p>Secouer Boisson Aloe Vera Sivera avant usage. Apr\u00e8s ouverture, \u00e0 conserver au r\u00e9frig\u00e9rateur et \u00e0 consommer rapidement. La dose journali\u00e8re conseill\u00e9e ne doit pas \u00eatre d\u00e9pass\u00e9e. Les compl\u00e9ments alimentaires ne remplacent pas une alimentation vari\u00e9e et \u00e9quilibr\u00e9e qui est aussi importante qu\u2019un mode de <a href=\"https:\/\/www.lraloeverashop.eu\/fr\/produit\/aloe-vera-boisson-immune-plus\/\">vie sain<\/a>. Ranger le produit hors de port\u00e9e des jeunes enfants.<\/p>\n","protected":false},"excerpt":{"rendered":"<ul>\n<li>Gel de feuilles d\u2019aloe vera pur \u00e0 90%<\/li>\n<li>7% de miel de fleur<\/li>\n<li>Affecte la qualit\u00e9 de la peau, des ongles et des cheveux<\/li>\n<li>\u00c0 l\u2019extrait d\u2019ortie pour une teneur \u00e9lev\u00e9e en silicium naturel<\/li>\n<li>Fait en Allemagne<\/li>\n<li>Contenu: 3 x 1000 ml<\/li>\n<\/ul>\n<p style=\"text-align: left;\"><span style=\"color: #ff0000;\"><a style=\"color: #ff0000;\" href=\"https:\/\/shop.lrworld.com\/openpao?PHP=0vFlt7jT938BEnBI3a6e9w%3D%3D\"><span style=\"font-size: 14pt;\"><strong>Inscrivez-vous et \u00e9conomisez 35% sur chaque commande<\/strong><\/span><\/a><\/span><\/p>\n","protected":false},"featured_media":5334,"comment_status":"open","ping_status":"closed","template":"","meta":{"_kad_blocks_custom_css":"","_kad_blocks_head_custom_js":"","_kad_blocks_body_custom_js":"","_kad_blocks_footer_custom_js":"","_kadence_starter_templates_imported_post":false,"_kad_post_transparent":"default","_kad_post_title":"","_kad_post_layout":"default","_kad_post_sidebar_id":"","_kad_post_content_style":"default","_kad_post_vertical_padding":"default","_kad_post_feature":"","_kad_post_feature_position":"","_kad_post_header":false,"_kad_post_footer":false,"_kad_post_classname":""},"product_brand":[],"product_cat":[398,422,463,291,434,464],"product_tag":[582],"class_list":{"0":"post-10104","1":"product","2":"type-product","3":"status-publish","4":"has-post-thumbnail","6":"product_cat-base","7":"product_cat-coeur-et-circulation","8":"product_cat-economisez-sur-les-ensembles","9":"product_cat-gels-a-boire","10":"product_cat-intestins-digestion","11":"product_cat-specialistes","12":"product_tag-boissons-detox","14":"first","15":"instock","16":"taxable","17":"shipping-taxable","18":"purchasable","19":"product-type-simple","20":"entry","21":"content-bg","22":"loop-entry"},"yoast_head":"<!-- This site is optimized with the Yoast SEO Premium plugin v27.3 (Yoast SEO v27.3) - https:\/\/yoast.com\/product\/yoast-seo-premium-wordpress\/ -->\n<title>Boisson Aloe Vera Sivera avec la vitamine c, miel et extrait d&#039;ortie<\/title>\n<meta name=\"description\" content=\"Boisson Aloe Vera Sivera avec l\u2019extrait d\u2019ortie pour une teneur \u00e9lev\u00e9e en silicium naturel. Affecte la qualit\u00e9 de la peau, des ongles et des cheveux\" \/>\n<meta name=\"robots\" content=\"index, follow, max-snippet:-1, max-image-preview:large, max-video-preview:-1\" \/>\n<link rel=\"canonical\" href=\"https:\/\/www.lraloeverashop.eu\/fr\/produit\/boisson-aloe-vera-sivera-set-3-pieces\/\" \/>\n<meta property=\"og:locale\" content=\"fr_FR\" \/>\n<meta property=\"og:type\" content=\"article\" \/>\n<meta property=\"og:title\" content=\"Boisson Aloe Vera Sivera Set 3 Pi\u00e8ces\" \/>\n<meta property=\"og:description\" content=\"Boisson Aloe Vera Sivera avec l\u2019extrait d\u2019ortie pour une teneur \u00e9lev\u00e9e en silicium naturel. Affecte la qualit\u00e9 de la peau, des ongles et des cheveux\" \/>\n<meta property=\"og:url\" content=\"https:\/\/www.lraloeverashop.eu\/fr\/produit\/boisson-aloe-vera-sivera-set-3-pieces\/\" \/>\n<meta property=\"og:site_name\" content=\"Boutique Lr Aloe Vera\" \/>\n<meta property=\"article:publisher\" content=\"https:\/\/www.facebook.com\/lraloeverashop.eu\" \/>\n<meta property=\"article:modified_time\" content=\"2026-02-02T18:54:02+00:00\" \/>\n<meta property=\"og:image\" content=\"https:\/\/www.lraloeverashop.eu\/wp-content\/uploads\/2022\/10\/Aloe-Vera-Drinking-Gel-Intensive-Sivera-3-Pcs-Set.jpg\" \/>\n\t<meta property=\"og:image:width\" content=\"1200\" \/>\n\t<meta property=\"og:image:height\" content=\"1200\" \/>\n\t<meta property=\"og:image:type\" content=\"image\/jpeg\" \/>\n<meta name=\"twitter:card\" content=\"summary_large_image\" \/>\n<meta name=\"twitter:site\" content=\"@natur__kosmetik\" \/>\n<script type=\"application\/ld+json\" class=\"yoast-schema-graph\">{\"@context\":\"https:\\\/\\\/schema.org\",\"@graph\":[{\"@type\":[\"WebPage\",\"ItemPage\"],\"@id\":\"https:\\\/\\\/www.lraloeverashop.eu\\\/fr\\\/produit\\\/boisson-aloe-vera-sivera-set-3-pieces\\\/\",\"url\":\"https:\\\/\\\/www.lraloeverashop.eu\\\/fr\\\/produit\\\/boisson-aloe-vera-sivera-set-3-pieces\\\/\",\"name\":\"Boisson Aloe Vera Sivera avec la vitamine c, miel et extrait d'ortie\",\"isPartOf\":{\"@id\":\"https:\\\/\\\/www.lraloeverashop.eu\\\/fr\\\/#website\"},\"primaryImageOfPage\":{\"@id\":\"https:\\\/\\\/www.lraloeverashop.eu\\\/fr\\\/produit\\\/boisson-aloe-vera-sivera-set-3-pieces\\\/#primaryimage\"},\"image\":{\"@id\":\"https:\\\/\\\/www.lraloeverashop.eu\\\/fr\\\/produit\\\/boisson-aloe-vera-sivera-set-3-pieces\\\/#primaryimage\"},\"thumbnailUrl\":\"https:\\\/\\\/www.lraloeverashop.eu\\\/wp-content\\\/uploads\\\/2022\\\/10\\\/Aloe-Vera-Drinking-Gel-Intensive-Sivera-3-Pcs-Set.jpg\",\"datePublished\":\"2022-10-11T14:14:59+00:00\",\"dateModified\":\"2026-02-02T18:54:02+00:00\",\"description\":\"Boisson Aloe Vera Sivera avec l\u2019extrait d\u2019ortie pour une teneur \u00e9lev\u00e9e en silicium naturel. Affecte la qualit\u00e9 de la peau, des ongles et des cheveux\",\"breadcrumb\":{\"@id\":\"https:\\\/\\\/www.lraloeverashop.eu\\\/fr\\\/produit\\\/boisson-aloe-vera-sivera-set-3-pieces\\\/#breadcrumb\"},\"inLanguage\":\"fr-FR\",\"potentialAction\":[{\"@type\":\"ReadAction\",\"target\":[\"https:\\\/\\\/www.lraloeverashop.eu\\\/fr\\\/produit\\\/boisson-aloe-vera-sivera-set-3-pieces\\\/\"]}]},{\"@type\":\"ImageObject\",\"inLanguage\":\"fr-FR\",\"@id\":\"https:\\\/\\\/www.lraloeverashop.eu\\\/fr\\\/produit\\\/boisson-aloe-vera-sivera-set-3-pieces\\\/#primaryimage\",\"url\":\"https:\\\/\\\/www.lraloeverashop.eu\\\/wp-content\\\/uploads\\\/2022\\\/10\\\/Aloe-Vera-Drinking-Gel-Intensive-Sivera-3-Pcs-Set.jpg\",\"contentUrl\":\"https:\\\/\\\/www.lraloeverashop.eu\\\/wp-content\\\/uploads\\\/2022\\\/10\\\/Aloe-Vera-Drinking-Gel-Intensive-Sivera-3-Pcs-Set.jpg\",\"width\":1200,\"height\":1200,\"caption\":\"Aloe Vera Gel \u00e0 Boire Sivera favorise la r\u00e9g\u00e9n\u00e9ration et l'hydratation de la peau\"},{\"@type\":\"BreadcrumbList\",\"@id\":\"https:\\\/\\\/www.lraloeverashop.eu\\\/fr\\\/produit\\\/boisson-aloe-vera-sivera-set-3-pieces\\\/#breadcrumb\",\"itemListElement\":[{\"@type\":\"ListItem\",\"position\":1,\"name\":\"Home\",\"item\":\"https:\\\/\\\/www.lraloeverashop.eu\\\/fr\\\/\"},{\"@type\":\"ListItem\",\"position\":2,\"name\":\"Boutique\",\"item\":\"https:\\\/\\\/www.lraloeverashop.eu\\\/fr\\\/boutique\\\/\"},{\"@type\":\"ListItem\",\"position\":3,\"name\":\"Boisson Aloe Vera Sivera Set 3 Pi\u00e8ces\"}]},{\"@type\":\"WebSite\",\"@id\":\"https:\\\/\\\/www.lraloeverashop.eu\\\/fr\\\/#website\",\"url\":\"https:\\\/\\\/www.lraloeverashop.eu\\\/fr\\\/\",\"name\":\"Boutique Lr Aloe Vera\",\"description\":\"High Quality Lr Aloe Vera Gel, Aloe Vera Cream and Shampoo\",\"publisher\":{\"@id\":\"https:\\\/\\\/www.lraloeverashop.eu\\\/fr\\\/#organization\"},\"potentialAction\":[{\"@type\":\"SearchAction\",\"target\":{\"@type\":\"EntryPoint\",\"urlTemplate\":\"https:\\\/\\\/www.lraloeverashop.eu\\\/fr\\\/?s={search_term_string}\"},\"query-input\":{\"@type\":\"PropertyValueSpecification\",\"valueRequired\":true,\"valueName\":\"search_term_string\"}}],\"inLanguage\":\"fr-FR\"},{\"@type\":\"Organization\",\"@id\":\"https:\\\/\\\/www.lraloeverashop.eu\\\/fr\\\/#organization\",\"name\":\"Boutique Lr Aloe Vera\",\"alternateName\":\"LR\",\"url\":\"https:\\\/\\\/www.lraloeverashop.eu\\\/fr\\\/\",\"logo\":{\"@type\":\"ImageObject\",\"inLanguage\":\"fr-FR\",\"@id\":\"https:\\\/\\\/www.lraloeverashop.eu\\\/fr\\\/#\\\/schema\\\/logo\\\/image\\\/\",\"url\":\"https:\\\/\\\/www.lraloeverashop.eu\\\/wp-content\\\/uploads\\\/2022\\\/09\\\/cropped-Lr-Aloe-Vera-Shop.jpg\",\"contentUrl\":\"https:\\\/\\\/www.lraloeverashop.eu\\\/wp-content\\\/uploads\\\/2022\\\/09\\\/cropped-Lr-Aloe-Vera-Shop.jpg\",\"width\":228,\"height\":76,\"caption\":\"Boutique Lr Aloe Vera\"},\"image\":{\"@id\":\"https:\\\/\\\/www.lraloeverashop.eu\\\/fr\\\/#\\\/schema\\\/logo\\\/image\\\/\"},\"sameAs\":[\"https:\\\/\\\/www.facebook.com\\\/lraloeverashop.eu\",\"https:\\\/\\\/x.com\\\/natur__kosmetik\",\"https:\\\/\\\/www.youtube.com\\\/channel\\\/UC5oN7BJ8nfYb8RpVtjwDEBA\",\"https:\\\/\\\/www.instagram.com\\\/lrbeautyeu\\\/\"]}]}<\/script>\n<meta property=\"product:price:amount\" content=\"125.79\" \/>\n<meta property=\"product:price:currency\" content=\"EUR\" \/>\n<meta property=\"og:availability\" content=\"instock\" \/>\n<meta property=\"product:availability\" content=\"instock\" \/>\n<meta property=\"product:retailer_item_id\" content=\"80823-461FR\" \/>\n<meta property=\"product:condition\" content=\"new\" \/>\n<!-- \/ Yoast SEO Premium plugin. -->","yoast_head_json":{"title":"Boisson Aloe Vera Sivera avec la vitamine c, miel et extrait d'ortie","description":"Boisson Aloe Vera Sivera avec l\u2019extrait d\u2019ortie pour une teneur \u00e9lev\u00e9e en silicium naturel. Affecte la qualit\u00e9 de la peau, des ongles et des cheveux","robots":{"index":"index","follow":"follow","max-snippet":"max-snippet:-1","max-image-preview":"max-image-preview:large","max-video-preview":"max-video-preview:-1"},"canonical":"https:\/\/www.lraloeverashop.eu\/fr\/produit\/boisson-aloe-vera-sivera-set-3-pieces\/","og_locale":"fr_FR","og_type":"article","og_title":"Boisson Aloe Vera Sivera Set 3 Pi\u00e8ces","og_description":"Boisson Aloe Vera Sivera avec l\u2019extrait d\u2019ortie pour une teneur \u00e9lev\u00e9e en silicium naturel. Affecte la qualit\u00e9 de la peau, des ongles et des cheveux","og_url":"https:\/\/www.lraloeverashop.eu\/fr\/produit\/boisson-aloe-vera-sivera-set-3-pieces\/","og_site_name":"Boutique Lr Aloe Vera","article_publisher":"https:\/\/www.facebook.com\/lraloeverashop.eu","article_modified_time":"2026-02-02T18:54:02+00:00","og_image":[{"width":1200,"height":1200,"url":"https:\/\/www.lraloeverashop.eu\/wp-content\/uploads\/2022\/10\/Aloe-Vera-Drinking-Gel-Intensive-Sivera-3-Pcs-Set.jpg","type":"image\/jpeg"}],"twitter_card":"summary_large_image","twitter_site":"@natur__kosmetik","schema":{"@context":"https:\/\/schema.org","@graph":[{"@type":["WebPage","ItemPage"],"@id":"https:\/\/www.lraloeverashop.eu\/fr\/produit\/boisson-aloe-vera-sivera-set-3-pieces\/","url":"https:\/\/www.lraloeverashop.eu\/fr\/produit\/boisson-aloe-vera-sivera-set-3-pieces\/","name":"Boisson Aloe Vera Sivera avec la vitamine c, miel et extrait d'ortie","isPartOf":{"@id":"https:\/\/www.lraloeverashop.eu\/fr\/#website"},"primaryImageOfPage":{"@id":"https:\/\/www.lraloeverashop.eu\/fr\/produit\/boisson-aloe-vera-sivera-set-3-pieces\/#primaryimage"},"image":{"@id":"https:\/\/www.lraloeverashop.eu\/fr\/produit\/boisson-aloe-vera-sivera-set-3-pieces\/#primaryimage"},"thumbnailUrl":"https:\/\/www.lraloeverashop.eu\/wp-content\/uploads\/2022\/10\/Aloe-Vera-Drinking-Gel-Intensive-Sivera-3-Pcs-Set.jpg","datePublished":"2022-10-11T14:14:59+00:00","dateModified":"2026-02-02T18:54:02+00:00","description":"Boisson Aloe Vera Sivera avec l\u2019extrait d\u2019ortie pour une teneur \u00e9lev\u00e9e en silicium naturel. Affecte la qualit\u00e9 de la peau, des ongles et des cheveux","breadcrumb":{"@id":"https:\/\/www.lraloeverashop.eu\/fr\/produit\/boisson-aloe-vera-sivera-set-3-pieces\/#breadcrumb"},"inLanguage":"fr-FR","potentialAction":[{"@type":"ReadAction","target":["https:\/\/www.lraloeverashop.eu\/fr\/produit\/boisson-aloe-vera-sivera-set-3-pieces\/"]}]},{"@type":"ImageObject","inLanguage":"fr-FR","@id":"https:\/\/www.lraloeverashop.eu\/fr\/produit\/boisson-aloe-vera-sivera-set-3-pieces\/#primaryimage","url":"https:\/\/www.lraloeverashop.eu\/wp-content\/uploads\/2022\/10\/Aloe-Vera-Drinking-Gel-Intensive-Sivera-3-Pcs-Set.jpg","contentUrl":"https:\/\/www.lraloeverashop.eu\/wp-content\/uploads\/2022\/10\/Aloe-Vera-Drinking-Gel-Intensive-Sivera-3-Pcs-Set.jpg","width":1200,"height":1200,"caption":"Aloe Vera Gel \u00e0 Boire Sivera favorise la r\u00e9g\u00e9n\u00e9ration et l'hydratation de la peau"},{"@type":"BreadcrumbList","@id":"https:\/\/www.lraloeverashop.eu\/fr\/produit\/boisson-aloe-vera-sivera-set-3-pieces\/#breadcrumb","itemListElement":[{"@type":"ListItem","position":1,"name":"Home","item":"https:\/\/www.lraloeverashop.eu\/fr\/"},{"@type":"ListItem","position":2,"name":"Boutique","item":"https:\/\/www.lraloeverashop.eu\/fr\/boutique\/"},{"@type":"ListItem","position":3,"name":"Boisson Aloe Vera Sivera Set 3 Pi\u00e8ces"}]},{"@type":"WebSite","@id":"https:\/\/www.lraloeverashop.eu\/fr\/#website","url":"https:\/\/www.lraloeverashop.eu\/fr\/","name":"Boutique Lr Aloe Vera","description":"High Quality Lr Aloe Vera Gel, Aloe Vera Cream and Shampoo","publisher":{"@id":"https:\/\/www.lraloeverashop.eu\/fr\/#organization"},"potentialAction":[{"@type":"SearchAction","target":{"@type":"EntryPoint","urlTemplate":"https:\/\/www.lraloeverashop.eu\/fr\/?s={search_term_string}"},"query-input":{"@type":"PropertyValueSpecification","valueRequired":true,"valueName":"search_term_string"}}],"inLanguage":"fr-FR"},{"@type":"Organization","@id":"https:\/\/www.lraloeverashop.eu\/fr\/#organization","name":"Boutique Lr Aloe Vera","alternateName":"LR","url":"https:\/\/www.lraloeverashop.eu\/fr\/","logo":{"@type":"ImageObject","inLanguage":"fr-FR","@id":"https:\/\/www.lraloeverashop.eu\/fr\/#\/schema\/logo\/image\/","url":"https:\/\/www.lraloeverashop.eu\/wp-content\/uploads\/2022\/09\/cropped-Lr-Aloe-Vera-Shop.jpg","contentUrl":"https:\/\/www.lraloeverashop.eu\/wp-content\/uploads\/2022\/09\/cropped-Lr-Aloe-Vera-Shop.jpg","width":228,"height":76,"caption":"Boutique Lr Aloe Vera"},"image":{"@id":"https:\/\/www.lraloeverashop.eu\/fr\/#\/schema\/logo\/image\/"},"sameAs":["https:\/\/www.facebook.com\/lraloeverashop.eu","https:\/\/x.com\/natur__kosmetik","https:\/\/www.youtube.com\/channel\/UC5oN7BJ8nfYb8RpVtjwDEBA","https:\/\/www.instagram.com\/lrbeautyeu\/"]}]},"product_price_amount":"125.79","product_price_currency":"EUR","og_availability":"instock","product_availability":"instock","product_retailer_item_id":"80823-461FR","product_condition":"new"},"taxonomy_info":{"product_cat":[{"value":398,"label":"Base"},{"value":422,"label":"C\u0153ur et Circulation"},{"value":463,"label":"\u00c9conomisez sur les ensembles"},{"value":291,"label":"Gels \u00e0 boire Aloe Vera"},{"value":434,"label":"Intestins &amp; Digestion"},{"value":464,"label":"Sp\u00e9cialistes"}],"product_tag":[{"value":582,"label":"Boissons d\u00e9tox"}]},"featured_image_src_large":["https:\/\/www.lraloeverashop.eu\/wp-content\/uploads\/2022\/10\/Aloe-Vera-Drinking-Gel-Intensive-Sivera-3-Pcs-Set-1024x1024.jpg",1024,1024,true],"author_info":[],"comment_info":0,"_links":{"self":[{"href":"https:\/\/www.lraloeverashop.eu\/fr\/wp-json\/wp\/v2\/product\/10104","targetHints":{"allow":["GET"]}}],"collection":[{"href":"https:\/\/www.lraloeverashop.eu\/fr\/wp-json\/wp\/v2\/product"}],"about":[{"href":"https:\/\/www.lraloeverashop.eu\/fr\/wp-json\/wp\/v2\/types\/product"}],"replies":[{"embeddable":true,"href":"https:\/\/www.lraloeverashop.eu\/fr\/wp-json\/wp\/v2\/comments?post=10104"}],"wp:featuredmedia":[{"embeddable":true,"href":"https:\/\/www.lraloeverashop.eu\/fr\/wp-json\/wp\/v2\/media\/5334"}],"wp:attachment":[{"href":"https:\/\/www.lraloeverashop.eu\/fr\/wp-json\/wp\/v2\/media?parent=10104"}],"wp:term":[{"taxonomy":"product_brand","embeddable":true,"href":"https:\/\/www.lraloeverashop.eu\/fr\/wp-json\/wp\/v2\/product_brand?post=10104"},{"taxonomy":"product_cat","embeddable":true,"href":"https:\/\/www.lraloeverashop.eu\/fr\/wp-json\/wp\/v2\/product_cat?post=10104"},{"taxonomy":"product_tag","embeddable":true,"href":"https:\/\/www.lraloeverashop.eu\/fr\/wp-json\/wp\/v2\/product_tag?post=10104"}],"curies":[{"name":"wp","href":"https:\/\/api.w.org\/{rel}","templated":true}]}}