{"id":10030,"date":"2022-10-11T20:59:08","date_gmt":"2022-10-11T18:59:08","guid":{"rendered":"https:\/\/www.lraloeverashop.eu\/product\/gel-a-boire-aloe-vera-freedom\/"},"modified":"2026-02-02T19:50:37","modified_gmt":"2026-02-02T18:50:37","slug":"gel-a-boire-aloe-vera-freedom","status":"publish","type":"product","link":"https:\/\/www.lraloeverashop.eu\/fr\/produit\/gel-a-boire-aloe-vera-freedom\/","title":{"rendered":"Gel \u00e0 Boire Aloe Vera Freedom"},"content":{"rendered":"<h2><span style=\"font-size: 16pt;\"><strong>Gel \u00e0 Boire Aloe Vera Freedom<\/strong><\/span><\/h2>\n<p><span style=\"font-size: 14pt;\"><strong>Gel \u00e0 Boire Aloe Vera Freedom &#8211;\u00a0Nutrition Articulaire Unique Sous Forme Liquide<\/strong><\/span><\/p>\n<p>Gel \u00e0 boire Lr Aloe Vera Freedom avec des nutriments pour les articulations est un excellent support.<br \/>\nDans la vie de tous les jours, vos articulations sont souvent sujettes au stress et \u00e0 la fatigue, en particulier les genoux et les hanches.<\/p>\n<p>Pour <a href=\"https:\/\/www.lraloeverashop.eu\/fr\/produit\/active-freedom-gelules\/\">maintenir les articulations<\/a>, il est b\u00e9n\u00e9fique de se d\u00e9placer r\u00e9guli\u00e8rement et de fournir au corps les nutriments les plus importants. Le gel \u00e0 boire Lr Aloe Vera Freedom offre une combinaison optimale d&rsquo;ingr\u00e9dients actifs pour favoriser le mouvement de vos <a href=\"https:\/\/www.lraloeverashop.eu\/fr\/produit\/woman-phyto-gelules-pour-la-menopause\/\">articulations<\/a>.<\/p>\n<p>La <a href=\"https:\/\/www.lraloeverashop.eu\/fr\/produit\/vita-active-fruits-rouges-vitamines\/\">vitamine C<\/a> contribue \u00e0 la formation de collag\u00e8ne pour une fonction normale du <a href=\"https:\/\/fr.wikipedia.org\/wiki\/Cartilage\">cartilage<\/a>.<\/p>\n<p>&nbsp;<\/p>\n<h3><strong><span style=\"font-size: 16pt;\"><strong>Comment utiliser<\/strong><\/span><\/strong><\/h3>\n<p>Boire 3 x par jour 30 ml de gel \u00e0 boire \u00e0 l\u2019Aloe Vera Active Freedom, de pr\u00e9f\u00e9rence avant les repas (diluer \u00e9ventuellement avec de l\u2019eau ou du jus de fruit).<\/p>\n<p><strong>Id\u00e9e de recette:<\/strong> essayez donc le gel \u00e0 boire \u00e0 l\u2019Aloe Vera Active Freedom avec un verre de jus d\u2019orange ou m\u00e9langez le <a href=\"https:\/\/www.lraloeverashop.eu\/fr\/produit\/boisson-aloe-vera-freedom\/\">gel<\/a> dans un smoothie tout juste fait avec de nombreux fruits et l\u00e9gumes sains.<br \/>\nSecouer avant usage. Apr\u00e8s ouverture, \u00e0 conserver au r\u00e9frig\u00e9rateur et \u00e0 consommer rapidement. La dose journali\u00e8re conseill\u00e9e ne doit pas \u00eatre d\u00e9pass\u00e9e. Les compl\u00e9ments alimentaires ne remplacent pas une <a href=\"https:\/\/www.lraloeverashop.eu\/fr\/produit\/gel-a-boire-aloe-vera-a-la-peche-6\/\">alimentation vari\u00e9e<\/a> et \u00e9quilibr\u00e9e qui est aussi importante qu\u2019un mode de vie sain. Ranger le produit hors de port\u00e9e des jeunes enfants.<\/p>\n<p>&nbsp;<\/p>\n<h4><strong><span style=\"font-size: 16pt;\">Questions fr\u00e9quemment pos\u00e9es<\/span><\/strong><\/h4>\n<p><strong>Comment peut-on bouger plus au quotidien?<\/strong><br \/>\nDe plus en plus de gens ne bougent pas assez. Nous passons beaucoup de temps assis \u00e0 notre bureau, nous allons au travail en voiture, il y a quasiment partout des escalators et des ascenseurs. Il est possible, au quotidien, de bouger plus et de faire quelque chose pour sa forme en suivant quelques petites astuces.<\/p>\n<p>Les petits trajets se font bien \u00e0 pied ou en v\u00e9lo. Lorsque l\u2019on d\u00e9place avec les transports en commun, il est possible de descendre un arr\u00eat avant et de finir \u00e0 pied. Au lieu de prendre l\u2019ascenseur, privil\u00e9gier d\u00e8s que possible les escaliers et aller marcher le soir vaut mieux que de rester dans son canap\u00e9 \u00e0 regarder la t\u00e9l\u00e9.<\/p>\n<p><strong>De quoi est compos\u00e9 le gel \u00e0 boire \u00e0 l\u2019Aloe Vera ?<\/strong><br \/>\nLes feuilles de la plante Aloe Vera sont tr\u00e8s charnues. Les feuilles sont entour\u00e9es vers l\u2019ext\u00e9rieur d\u2019une \u00e9corce \u00e9paisse et verte. L\u2019int\u00e9rieur des feuilles se compose d\u2019un tissu g\u00e9latineux et parenchymateux, le <a href=\"https:\/\/www.lraloeverashop.eu\/fr\/produit\/jus-daloe-vera\/\">gel<\/a> de feuilles d\u2019Aloe Vera. Seul ce gel de feuilles et tous ses composants pr\u00e9cieux sont utilis\u00e9s pour le gel \u00e0 boire.<\/p>\n<p><strong>Pourquoi LR utilise-t-elle exclusivement l\u2019Aloe Vera Barbadensis Miller pour fabriquer ses produits \u00e0 l\u2019Aloe Vera ?<\/strong><br \/>\nDes 200 esp\u00e8ces et plus d\u2019Aloe Vera, la <a href=\"https:\/\/www.lraloeverashop.eu\/fr\/aloe-vera-a-boire-de-lr-health-beauty\/\">Barbadensis Miller<\/a> est la seule vari\u00e9t\u00e9 qui peut \u00eatre utilis\u00e9e comme aliment. La tr\u00e8s souvent cit\u00e9e Aloe Arborescens a une tr\u00e8s forte teneur en alo\u00efne et est de ce fait impropre \u00e0 la consommation. LR utilise de ce fait exclusivement l\u2019Aloe Vera Barbadensis Miller pour la fabrication des produits \u00e0 l\u2019Aloe Vera.<\/p>\n<p><strong>Pourrait-on, chez soi, couper une plante Aloe Vera et en boire le gel ?<\/strong><br \/>\nIl est d\u00e9conseill\u00e9 de consommer le gel de feuilles pur de la plante Aloe Vera sous forme non transform\u00e9e. Il faut s\u00e9parer proprement l\u2019\u00e9corce des feuilles du gel pr\u00e9sent \u00e0 l\u2019int\u00e9rieur. Sous l\u2019\u00e9corce se cache une couche d\u2019alo\u00efne, qui sort sous forme de jus jaune \u00e9pais en cas de transformation non ma\u00eetris\u00e9e. Il doit \u00eatre soigneusement \u00e9limin\u00e9 avant consommation. Cela doit se faire sous une supervision comp\u00e9tente.<\/p>\n<p>L\u2019alo\u00efne est un composant tr\u00e8s fortement laxatif, qui en cas d\u2019ingestion de fortes concentrations, peut causer des diarrh\u00e9es. L\u2019ensemble des <a href=\"https:\/\/www.lraloeverashop.eu\/fr\/categorie-produit\/base\/gels-a-boire\/\">gels \u00e0 boire \u00e0 l\u2019Aloe Vera<\/a> de LR sont pour cette raison r\u00e9guli\u00e8rement soumis \u00e0 un contr\u00f4le soigneux de l\u2019alo\u00efne.<\/p>\n<p>Qui plus est, l\u2019Aloe Vera a, dans sa forme pure, un go\u00fbt acide. Il est dans tous les cas plus simple de consommer un gel \u00e0 boire \u00e0 l\u2019Aloe Vera de LR \u2013 et \u00e7a a meilleur go\u00fbt.<\/p>\n","protected":false},"excerpt":{"rendered":"<ul>\n<li>Gel de feuilles d&rsquo;aloe vera pur \u00e0 88%<\/li>\n<li>Pour la pr\u00e9vention de l&rsquo;arthrite<\/li>\n<li>Am\u00e9liorer la fonction des articulations<\/li>\n<li>Avec de la vitamine C pour favoriser la formation de collag\u00e8ne pour une fonction cartilagineuse normale<\/li>\n<li>Quantit\u00e9: 1000 ml<\/li>\n<li>Produit fabriqu\u00e9 en Allemagne<\/li>\n<\/ul>\n<p style=\"text-align: left;\"><span style=\"color: #ff0000;\"><a style=\"color: #ff0000;\" href=\"https:\/\/shop.lrworld.com\/openpao?PHP=0vFlt7jT938BEnBI3a6e9w%3D%3D\"><span style=\"font-size: 14pt;\"><strong>Inscrivez-vous et \u00e9conomisez 35% sur chaque commande<\/strong><\/span><\/a><\/span><\/p>\n","protected":false},"featured_media":5298,"comment_status":"open","ping_status":"closed","template":"","meta":{"_kad_blocks_custom_css":"","_kad_blocks_head_custom_js":"","_kad_blocks_body_custom_js":"","_kad_blocks_footer_custom_js":"","_kadence_starter_templates_imported_post":false,"_kad_post_transparent":"default","_kad_post_title":"","_kad_post_layout":"default","_kad_post_sidebar_id":"","_kad_post_content_style":"default","_kad_post_vertical_padding":"default","_kad_post_feature":"","_kad_post_feature_position":"","_kad_post_header":false,"_kad_post_footer":false,"_kad_post_classname":""},"product_brand":[],"product_cat":[398,291,434,416,464],"product_tag":[582,644],"class_list":{"0":"post-10030","1":"product","2":"type-product","3":"status-publish","4":"has-post-thumbnail","6":"product_cat-base","7":"product_cat-gels-a-boire","8":"product_cat-intestins-digestion","9":"product_cat-os-articulations-et-muscles","10":"product_cat-specialistes","11":"product_tag-boissons-detox","12":"product_tag-douleurs-articulaires","14":"first","15":"instock","16":"taxable","17":"shipping-taxable","18":"purchasable","19":"product-type-simple","20":"entry","21":"content-bg","22":"loop-entry"},"yoast_head":"<!-- This site is optimized with the Yoast SEO Premium plugin v27.4 (Yoast SEO v27.4) - https:\/\/yoast.com\/product\/yoast-seo-premium-wordpress\/ -->\n<title>Gel \u00e0 Boire Aloe Vera Freedom nutrition articulaire en forme liquide<\/title>\n<meta name=\"description\" content=\"Gel \u00e0 boire Aloe Vera Freedom avec 88% Gel de Aloe Vera et des nutriments pour les articulations est un excellent support pour la pr\u00e9vention de l&#039;arthrite\" \/>\n<meta name=\"robots\" content=\"index, follow, max-snippet:-1, max-image-preview:large, max-video-preview:-1\" \/>\n<link rel=\"canonical\" href=\"https:\/\/www.lraloeverashop.eu\/fr\/produit\/gel-a-boire-aloe-vera-freedom\/\" \/>\n<meta property=\"og:locale\" content=\"fr_FR\" \/>\n<meta property=\"og:type\" content=\"article\" \/>\n<meta property=\"og:title\" content=\"Gel \u00e0 Boire Aloe Vera Freedom\" \/>\n<meta property=\"og:description\" content=\"Gel \u00e0 boire Aloe Vera Freedom avec 88% Gel de Aloe Vera et des nutriments pour les articulations est un excellent support pour la pr\u00e9vention de l&#039;arthrite\" \/>\n<meta property=\"og:url\" content=\"https:\/\/www.lraloeverashop.eu\/fr\/produit\/gel-a-boire-aloe-vera-freedom\/\" \/>\n<meta property=\"og:site_name\" content=\"Boutique Lr Aloe Vera\" \/>\n<meta property=\"article:publisher\" content=\"https:\/\/www.facebook.com\/lraloeverashop.eu\" \/>\n<meta property=\"article:modified_time\" content=\"2026-02-02T18:50:37+00:00\" \/>\n<meta property=\"og:image\" content=\"https:\/\/www.lraloeverashop.eu\/wp-content\/uploads\/2022\/10\/Aloe-Vera-Drinking-Gel-Active-Freedom.jpg\" \/>\n\t<meta property=\"og:image:width\" content=\"1200\" \/>\n\t<meta property=\"og:image:height\" content=\"1200\" \/>\n\t<meta property=\"og:image:type\" content=\"image\/jpeg\" \/>\n<meta name=\"twitter:card\" content=\"summary_large_image\" \/>\n<meta name=\"twitter:site\" content=\"@natur__kosmetik\" \/>\n<script type=\"application\/ld+json\" class=\"yoast-schema-graph\">{\"@context\":\"https:\\\/\\\/schema.org\",\"@graph\":[{\"@type\":[\"WebPage\",\"ItemPage\"],\"@id\":\"https:\\\/\\\/www.lraloeverashop.eu\\\/fr\\\/produit\\\/gel-a-boire-aloe-vera-freedom\\\/\",\"url\":\"https:\\\/\\\/www.lraloeverashop.eu\\\/fr\\\/produit\\\/gel-a-boire-aloe-vera-freedom\\\/\",\"name\":\"Gel \u00e0 Boire Aloe Vera Freedom nutrition articulaire en forme liquide\",\"isPartOf\":{\"@id\":\"https:\\\/\\\/www.lraloeverashop.eu\\\/fr\\\/#website\"},\"primaryImageOfPage\":{\"@id\":\"https:\\\/\\\/www.lraloeverashop.eu\\\/fr\\\/produit\\\/gel-a-boire-aloe-vera-freedom\\\/#primaryimage\"},\"image\":{\"@id\":\"https:\\\/\\\/www.lraloeverashop.eu\\\/fr\\\/produit\\\/gel-a-boire-aloe-vera-freedom\\\/#primaryimage\"},\"thumbnailUrl\":\"https:\\\/\\\/www.lraloeverashop.eu\\\/wp-content\\\/uploads\\\/2022\\\/10\\\/Aloe-Vera-Drinking-Gel-Active-Freedom.jpg\",\"datePublished\":\"2022-10-11T18:59:08+00:00\",\"dateModified\":\"2026-02-02T18:50:37+00:00\",\"description\":\"Gel \u00e0 boire Aloe Vera Freedom avec 88% Gel de Aloe Vera et des nutriments pour les articulations est un excellent support pour la pr\u00e9vention de l'arthrite\",\"breadcrumb\":{\"@id\":\"https:\\\/\\\/www.lraloeverashop.eu\\\/fr\\\/produit\\\/gel-a-boire-aloe-vera-freedom\\\/#breadcrumb\"},\"inLanguage\":\"fr-FR\",\"potentialAction\":[{\"@type\":\"ReadAction\",\"target\":[\"https:\\\/\\\/www.lraloeverashop.eu\\\/fr\\\/produit\\\/gel-a-boire-aloe-vera-freedom\\\/\"]}]},{\"@type\":\"ImageObject\",\"inLanguage\":\"fr-FR\",\"@id\":\"https:\\\/\\\/www.lraloeverashop.eu\\\/fr\\\/produit\\\/gel-a-boire-aloe-vera-freedom\\\/#primaryimage\",\"url\":\"https:\\\/\\\/www.lraloeverashop.eu\\\/wp-content\\\/uploads\\\/2022\\\/10\\\/Aloe-Vera-Drinking-Gel-Active-Freedom.jpg\",\"contentUrl\":\"https:\\\/\\\/www.lraloeverashop.eu\\\/wp-content\\\/uploads\\\/2022\\\/10\\\/Aloe-Vera-Drinking-Gel-Active-Freedom.jpg\",\"width\":1200,\"height\":1200,\"caption\":\"Gel \u00e0 Boire Aloe Vera Freedom pour la pr\u00e9vention de l'arthrite\"},{\"@type\":\"BreadcrumbList\",\"@id\":\"https:\\\/\\\/www.lraloeverashop.eu\\\/fr\\\/produit\\\/gel-a-boire-aloe-vera-freedom\\\/#breadcrumb\",\"itemListElement\":[{\"@type\":\"ListItem\",\"position\":1,\"name\":\"Home\",\"item\":\"https:\\\/\\\/www.lraloeverashop.eu\\\/fr\\\/\"},{\"@type\":\"ListItem\",\"position\":2,\"name\":\"Boutique\",\"item\":\"https:\\\/\\\/www.lraloeverashop.eu\\\/fr\\\/boutique\\\/\"},{\"@type\":\"ListItem\",\"position\":3,\"name\":\"Gel \u00e0 Boire Aloe Vera Freedom\"}]},{\"@type\":\"WebSite\",\"@id\":\"https:\\\/\\\/www.lraloeverashop.eu\\\/fr\\\/#website\",\"url\":\"https:\\\/\\\/www.lraloeverashop.eu\\\/fr\\\/\",\"name\":\"Boutique Lr Aloe Vera\",\"description\":\"High Quality Lr Aloe Vera Gel, Aloe Vera Cream and Shampoo\",\"publisher\":{\"@id\":\"https:\\\/\\\/www.lraloeverashop.eu\\\/fr\\\/#organization\"},\"potentialAction\":[{\"@type\":\"SearchAction\",\"target\":{\"@type\":\"EntryPoint\",\"urlTemplate\":\"https:\\\/\\\/www.lraloeverashop.eu\\\/fr\\\/?s={search_term_string}\"},\"query-input\":{\"@type\":\"PropertyValueSpecification\",\"valueRequired\":true,\"valueName\":\"search_term_string\"}}],\"inLanguage\":\"fr-FR\"},{\"@type\":\"Organization\",\"@id\":\"https:\\\/\\\/www.lraloeverashop.eu\\\/fr\\\/#organization\",\"name\":\"Boutique Lr Aloe Vera\",\"alternateName\":\"LR\",\"url\":\"https:\\\/\\\/www.lraloeverashop.eu\\\/fr\\\/\",\"logo\":{\"@type\":\"ImageObject\",\"inLanguage\":\"fr-FR\",\"@id\":\"https:\\\/\\\/www.lraloeverashop.eu\\\/fr\\\/#\\\/schema\\\/logo\\\/image\\\/\",\"url\":\"https:\\\/\\\/www.lraloeverashop.eu\\\/wp-content\\\/uploads\\\/2022\\\/09\\\/cropped-Lr-Aloe-Vera-Shop.jpg\",\"contentUrl\":\"https:\\\/\\\/www.lraloeverashop.eu\\\/wp-content\\\/uploads\\\/2022\\\/09\\\/cropped-Lr-Aloe-Vera-Shop.jpg\",\"width\":228,\"height\":76,\"caption\":\"Boutique Lr Aloe Vera\"},\"image\":{\"@id\":\"https:\\\/\\\/www.lraloeverashop.eu\\\/fr\\\/#\\\/schema\\\/logo\\\/image\\\/\"},\"sameAs\":[\"https:\\\/\\\/www.facebook.com\\\/lraloeverashop.eu\",\"https:\\\/\\\/x.com\\\/natur__kosmetik\",\"https:\\\/\\\/www.youtube.com\\\/channel\\\/UC5oN7BJ8nfYb8RpVtjwDEBA\",\"https:\\\/\\\/www.instagram.com\\\/lrbeautyeu\\\/\"],\"description\":\"La boutique LR Aloe Vera est votre destination de confiance pour les produits de sant\u00e9 et de beaut\u00e9 haut de gamme LR, fabriqu\u00e9s en Allemagne. Nous proposons des soins de la peau, des compl\u00e9ments nutritionnels et des solutions anti-\u00e2ge \u00e0 l'aloe vera de haute qualit\u00e9, \u00e9labor\u00e9s \u00e0 partir d'ingr\u00e9dients purs et valid\u00e9s par la recherche scientifique. D\u00e9couvrez des soins naturels qui r\u00e9g\u00e9n\u00e8rent, prot\u00e8gent et revitalisent votre peau, et profitez d'offres mensuelles exclusives sur nos produits LR Aloe Vera les plus vendus.\\n\\nCommencez d\u00e8s aujourd'hui votre parcours vers des soins naturels et constatez la diff\u00e9rence.\",\"email\":\"info@lraloeverashop.eu\",\"telephone\":\"+49 17670609653\",\"legalName\":\"Lr Aloe Vera Shop\",\"foundingDate\":\"2018-04-21\",\"numberOfEmployees\":{\"@type\":\"QuantitativeValue\",\"minValue\":\"1\",\"maxValue\":\"10\"}}]}<\/script>\n<meta property=\"product:price:amount\" content=\"45.79\" \/>\n<meta property=\"product:price:currency\" content=\"EUR\" \/>\n<meta property=\"og:availability\" content=\"instock\" \/>\n<meta property=\"product:availability\" content=\"instock\" \/>\n<meta property=\"product:retailer_item_id\" content=\"80850-480FR\" \/>\n<meta property=\"product:condition\" content=\"new\" \/>\n<!-- \/ Yoast SEO Premium plugin. -->","yoast_head_json":{"title":"Gel \u00e0 Boire Aloe Vera Freedom nutrition articulaire en forme liquide","description":"Gel \u00e0 boire Aloe Vera Freedom avec 88% Gel de Aloe Vera et des nutriments pour les articulations est un excellent support pour la pr\u00e9vention de l'arthrite","robots":{"index":"index","follow":"follow","max-snippet":"max-snippet:-1","max-image-preview":"max-image-preview:large","max-video-preview":"max-video-preview:-1"},"canonical":"https:\/\/www.lraloeverashop.eu\/fr\/produit\/gel-a-boire-aloe-vera-freedom\/","og_locale":"fr_FR","og_type":"article","og_title":"Gel \u00e0 Boire Aloe Vera Freedom","og_description":"Gel \u00e0 boire Aloe Vera Freedom avec 88% Gel de Aloe Vera et des nutriments pour les articulations est un excellent support pour la pr\u00e9vention de l'arthrite","og_url":"https:\/\/www.lraloeverashop.eu\/fr\/produit\/gel-a-boire-aloe-vera-freedom\/","og_site_name":"Boutique Lr Aloe Vera","article_publisher":"https:\/\/www.facebook.com\/lraloeverashop.eu","article_modified_time":"2026-02-02T18:50:37+00:00","og_image":[{"width":1200,"height":1200,"url":"https:\/\/www.lraloeverashop.eu\/wp-content\/uploads\/2022\/10\/Aloe-Vera-Drinking-Gel-Active-Freedom.jpg","type":"image\/jpeg"}],"twitter_card":"summary_large_image","twitter_site":"@natur__kosmetik","schema":{"@context":"https:\/\/schema.org","@graph":[{"@type":["WebPage","ItemPage"],"@id":"https:\/\/www.lraloeverashop.eu\/fr\/produit\/gel-a-boire-aloe-vera-freedom\/","url":"https:\/\/www.lraloeverashop.eu\/fr\/produit\/gel-a-boire-aloe-vera-freedom\/","name":"Gel \u00e0 Boire Aloe Vera Freedom nutrition articulaire en forme liquide","isPartOf":{"@id":"https:\/\/www.lraloeverashop.eu\/fr\/#website"},"primaryImageOfPage":{"@id":"https:\/\/www.lraloeverashop.eu\/fr\/produit\/gel-a-boire-aloe-vera-freedom\/#primaryimage"},"image":{"@id":"https:\/\/www.lraloeverashop.eu\/fr\/produit\/gel-a-boire-aloe-vera-freedom\/#primaryimage"},"thumbnailUrl":"https:\/\/www.lraloeverashop.eu\/wp-content\/uploads\/2022\/10\/Aloe-Vera-Drinking-Gel-Active-Freedom.jpg","datePublished":"2022-10-11T18:59:08+00:00","dateModified":"2026-02-02T18:50:37+00:00","description":"Gel \u00e0 boire Aloe Vera Freedom avec 88% Gel de Aloe Vera et des nutriments pour les articulations est un excellent support pour la pr\u00e9vention de l'arthrite","breadcrumb":{"@id":"https:\/\/www.lraloeverashop.eu\/fr\/produit\/gel-a-boire-aloe-vera-freedom\/#breadcrumb"},"inLanguage":"fr-FR","potentialAction":[{"@type":"ReadAction","target":["https:\/\/www.lraloeverashop.eu\/fr\/produit\/gel-a-boire-aloe-vera-freedom\/"]}]},{"@type":"ImageObject","inLanguage":"fr-FR","@id":"https:\/\/www.lraloeverashop.eu\/fr\/produit\/gel-a-boire-aloe-vera-freedom\/#primaryimage","url":"https:\/\/www.lraloeverashop.eu\/wp-content\/uploads\/2022\/10\/Aloe-Vera-Drinking-Gel-Active-Freedom.jpg","contentUrl":"https:\/\/www.lraloeverashop.eu\/wp-content\/uploads\/2022\/10\/Aloe-Vera-Drinking-Gel-Active-Freedom.jpg","width":1200,"height":1200,"caption":"Gel \u00e0 Boire Aloe Vera Freedom pour la pr\u00e9vention de l'arthrite"},{"@type":"BreadcrumbList","@id":"https:\/\/www.lraloeverashop.eu\/fr\/produit\/gel-a-boire-aloe-vera-freedom\/#breadcrumb","itemListElement":[{"@type":"ListItem","position":1,"name":"Home","item":"https:\/\/www.lraloeverashop.eu\/fr\/"},{"@type":"ListItem","position":2,"name":"Boutique","item":"https:\/\/www.lraloeverashop.eu\/fr\/boutique\/"},{"@type":"ListItem","position":3,"name":"Gel \u00e0 Boire Aloe Vera Freedom"}]},{"@type":"WebSite","@id":"https:\/\/www.lraloeverashop.eu\/fr\/#website","url":"https:\/\/www.lraloeverashop.eu\/fr\/","name":"Boutique Lr Aloe Vera","description":"High Quality Lr Aloe Vera Gel, Aloe Vera Cream and Shampoo","publisher":{"@id":"https:\/\/www.lraloeverashop.eu\/fr\/#organization"},"potentialAction":[{"@type":"SearchAction","target":{"@type":"EntryPoint","urlTemplate":"https:\/\/www.lraloeverashop.eu\/fr\/?s={search_term_string}"},"query-input":{"@type":"PropertyValueSpecification","valueRequired":true,"valueName":"search_term_string"}}],"inLanguage":"fr-FR"},{"@type":"Organization","@id":"https:\/\/www.lraloeverashop.eu\/fr\/#organization","name":"Boutique Lr Aloe Vera","alternateName":"LR","url":"https:\/\/www.lraloeverashop.eu\/fr\/","logo":{"@type":"ImageObject","inLanguage":"fr-FR","@id":"https:\/\/www.lraloeverashop.eu\/fr\/#\/schema\/logo\/image\/","url":"https:\/\/www.lraloeverashop.eu\/wp-content\/uploads\/2022\/09\/cropped-Lr-Aloe-Vera-Shop.jpg","contentUrl":"https:\/\/www.lraloeverashop.eu\/wp-content\/uploads\/2022\/09\/cropped-Lr-Aloe-Vera-Shop.jpg","width":228,"height":76,"caption":"Boutique Lr Aloe Vera"},"image":{"@id":"https:\/\/www.lraloeverashop.eu\/fr\/#\/schema\/logo\/image\/"},"sameAs":["https:\/\/www.facebook.com\/lraloeverashop.eu","https:\/\/x.com\/natur__kosmetik","https:\/\/www.youtube.com\/channel\/UC5oN7BJ8nfYb8RpVtjwDEBA","https:\/\/www.instagram.com\/lrbeautyeu\/"],"description":"La boutique LR Aloe Vera est votre destination de confiance pour les produits de sant\u00e9 et de beaut\u00e9 haut de gamme LR, fabriqu\u00e9s en Allemagne. Nous proposons des soins de la peau, des compl\u00e9ments nutritionnels et des solutions anti-\u00e2ge \u00e0 l'aloe vera de haute qualit\u00e9, \u00e9labor\u00e9s \u00e0 partir d'ingr\u00e9dients purs et valid\u00e9s par la recherche scientifique. D\u00e9couvrez des soins naturels qui r\u00e9g\u00e9n\u00e8rent, prot\u00e8gent et revitalisent votre peau, et profitez d'offres mensuelles exclusives sur nos produits LR Aloe Vera les plus vendus.\n\nCommencez d\u00e8s aujourd'hui votre parcours vers des soins naturels et constatez la diff\u00e9rence.","email":"info@lraloeverashop.eu","telephone":"+49 17670609653","legalName":"Lr Aloe Vera Shop","foundingDate":"2018-04-21","numberOfEmployees":{"@type":"QuantitativeValue","minValue":"1","maxValue":"10"}}]},"product_price_amount":"45.79","product_price_currency":"EUR","og_availability":"instock","product_availability":"instock","product_retailer_item_id":"80850-480FR","product_condition":"new"},"taxonomy_info":{"product_cat":[{"value":398,"label":"Base"},{"value":291,"label":"Gels \u00e0 boire Aloe Vera"},{"value":434,"label":"Intestins &amp; Digestion"},{"value":416,"label":"Os, Articulations et Muscles"},{"value":464,"label":"Sp\u00e9cialistes"}],"product_tag":[{"value":582,"label":"Boissons d\u00e9tox"},{"value":644,"label":"Douleurs articulaires"}]},"featured_image_src_large":["https:\/\/www.lraloeverashop.eu\/wp-content\/uploads\/2022\/10\/Aloe-Vera-Drinking-Gel-Active-Freedom-1024x1024.jpg",1024,1024,true],"author_info":[],"comment_info":0,"_links":{"self":[{"href":"https:\/\/www.lraloeverashop.eu\/fr\/wp-json\/wp\/v2\/product\/10030","targetHints":{"allow":["GET"]}}],"collection":[{"href":"https:\/\/www.lraloeverashop.eu\/fr\/wp-json\/wp\/v2\/product"}],"about":[{"href":"https:\/\/www.lraloeverashop.eu\/fr\/wp-json\/wp\/v2\/types\/product"}],"replies":[{"embeddable":true,"href":"https:\/\/www.lraloeverashop.eu\/fr\/wp-json\/wp\/v2\/comments?post=10030"}],"wp:featuredmedia":[{"embeddable":true,"href":"https:\/\/www.lraloeverashop.eu\/fr\/wp-json\/wp\/v2\/media\/5298"}],"wp:attachment":[{"href":"https:\/\/www.lraloeverashop.eu\/fr\/wp-json\/wp\/v2\/media?parent=10030"}],"wp:term":[{"taxonomy":"product_brand","embeddable":true,"href":"https:\/\/www.lraloeverashop.eu\/fr\/wp-json\/wp\/v2\/product_brand?post=10030"},{"taxonomy":"product_cat","embeddable":true,"href":"https:\/\/www.lraloeverashop.eu\/fr\/wp-json\/wp\/v2\/product_cat?post=10030"},{"taxonomy":"product_tag","embeddable":true,"href":"https:\/\/www.lraloeverashop.eu\/fr\/wp-json\/wp\/v2\/product_tag?post=10030"}],"curies":[{"name":"wp","href":"https:\/\/api.w.org\/{rel}","templated":true}]}}