{"id":6435,"date":"2022-09-22T13:07:14","date_gmt":"2022-09-22T11:07:14","guid":{"rendered":"https:\/\/www.lraloeverashop.eu\/politique-de-remboursement-et-de-retour\/"},"modified":"2024-10-16T07:49:01","modified_gmt":"2024-10-16T05:49:01","slug":"politique-de-retour","status":"publish","type":"page","link":"https:\/\/www.lraloeverashop.eu\/fr\/politique-de-retour\/","title":{"rendered":"Politique de remboursement et de retour"},"content":{"rendered":"\n<p class=\"has-medium-font-size\"><strong>NOTE IMPORTANTE<\/strong><\/p>\n\n\n\n<p><strong><mark class=\"has-inline-color\" style=\"background-color: rgba(0, 0, 0, 0); color: #ff0000;\">Note Importante: conform\u00e9ment au \u00a7 312 g al. 2 non. 3 BGB, le droit de r\u00e9tractation ne s&rsquo;applique pas aux contrats de livraison de marchandises scell\u00e9es qui ne peuvent \u00eatre retourn\u00e9es pour des raisons de sant\u00e9 ou d&rsquo;hygi\u00e8ne si leur sceau a \u00e9t\u00e9 retir\u00e9 apr\u00e8s la livraison.<\/mark><\/strong><\/p>\n\n\n\n<p>Vous pouvez annuler ou retourner votre commande dans un d\u00e9lai de quatorze jours sans donner de motif. Le d\u00e9lai de r\u00e9tractation court de quatorze jours \u00e0 compter de la date \u00e0 laquelle vous ou un tiers que vous d\u00e9signez, qui n&rsquo;est pas le transporteur, avez pris possession du dernier produit.<\/p>\n\n\n\n<p>Si vous souhaitez annuler ou retourner votre commande, veuillez nous fournir un avis \u00e9crit envoy\u00e9 \u00e0 <a href=\"https:\/\/www.lraloeverashop.eu\/fr\/contact\/\">Boutique Lr Aloe Vera<\/a>, (Stanislav Rurik) Schillerstr. 8, D-70771 Leinfelden Echterdingen, Allemagne, T\u00e9l\u00e9phone : +49 176 70 60 96 53, E-Mail : info@lraloeverashop.eu, avant la fin du d\u00e9lai de r\u00e9tractation. Une d\u00e9claration (par exemple une lettre ou un e-mail) concernant votre d\u00e9cision de r\u00e9voquer ce contrat suffit.<\/p>\n\n\n\n<p>Nous vous rembourserons en essayant d&rsquo;utiliser la m\u00eame m\u00e9thode que celle utilis\u00e9e pour effectuer le paiement d\u00e8s que possible et au plus tard dans les 14 jours suivant la r\u00e9ception de votre avis d&rsquo;annulation, \u00e0 condition que nous ayons re\u00e7u les articles ou la preuve que vous avez renvoy\u00e9 les articles. Un autre mode de paiement peut \u00eatre utilis\u00e9 pour le remboursement, \u00e0 condition que vous consentiez \u00e0 ce changement\u00a0; en aucun cas cela n&rsquo;engendrera de frais suppl\u00e9mentaires. Le remboursement que vous recevrez exclura les frais de livraison. Nous vous rembourserons uniquement le prix du produit.<\/p>\n\n\n\n<p><strong>Pour tous les envois qui ne peuvent pas \u00eatre livr\u00e9s au Client, <a href=\"https:\/\/www.mydhli.com\/fr-en\/home\/tracking.html\">DHL<\/a> organise le retour \u00e0 l&rsquo;adresse de l&rsquo;exp\u00e9diteur d&rsquo;origine. Les frais de port ne seront pas rembours\u00e9s et des frais de retour de 4 euros seront factur\u00e9s au Client.<\/strong><\/p>\n\n\n\n<p>Ceci ne s&rsquo;applique pas, si le Client exerce effectivement son droit de r\u00e9tractation, si la livraison ne peut \u00eatre effectu\u00e9e en raison de circonstances ind\u00e9pendantes de la volont\u00e9 du Client ou s&rsquo;il a \u00e9t\u00e9 temporairement emp\u00each\u00e9 de recevoir le service propos\u00e9, sauf si le Vendeur a inform\u00e9 le Client de la service dans un d\u00e9lai raisonnable \u00e0 l&rsquo;avance.<\/p>\n\n\n\n<p>Si l&rsquo;article que vous avez re\u00e7u est d\u00e9fectueux, veuillez en informer rapidement Naturkosmetik &amp; Aloe Vera Beratung et retourner l&rsquo;article conform\u00e9ment \u00e0 la section Retours ci-dessous. Naturkosmetik &amp; Aloe Vera Beratung fournira, pour tout produit jug\u00e9 d\u00e9fectueux, un remboursement complet. Les dispositions \u00e9nonc\u00e9es dans les pr\u00e9sentes ne limitent aucun droit statutaire applicable.<\/p>\n\n\n<style>.wp-block-kadence-advancedheading.kt-adv-heading6435_b504e8-6d, .wp-block-kadence-advancedheading.kt-adv-heading6435_b504e8-6d[data-kb-block=\"kb-adv-heading6435_b504e8-6d\"]{font-size:24px;font-style:normal;}.wp-block-kadence-advancedheading.kt-adv-heading6435_b504e8-6d mark.kt-highlight, .wp-block-kadence-advancedheading.kt-adv-heading6435_b504e8-6d[data-kb-block=\"kb-adv-heading6435_b504e8-6d\"] mark.kt-highlight{font-style:normal;color:#f76a0c;-webkit-box-decoration-break:clone;box-decoration-break:clone;padding-top:0px;padding-right:0px;padding-bottom:0px;padding-left:0px;}.wp-block-kadence-advancedheading.kt-adv-heading6435_b504e8-6d img.kb-inline-image, .wp-block-kadence-advancedheading.kt-adv-heading6435_b504e8-6d[data-kb-block=\"kb-adv-heading6435_b504e8-6d\"] img.kb-inline-image{width:150px;vertical-align:baseline;}<\/style>\n<p class=\"kt-adv-heading6435_b504e8-6d wp-block-kadence-advancedheading\" data-kb-block=\"kb-adv-heading6435_b504e8-6d\"><strong>RETOUR<\/strong><\/p>\n\n\n\n<p>Boutique Aloe Vera garantit un remboursement complet des articles retourn\u00e9s conform\u00e9ment \u00e0 la section Retrait de commande, \u00e0 condition que tous les articles soient retourn\u00e9s dans le m\u00eame \u00e9tat qu&rsquo;ils \u00e9taient lors de votre r\u00e9ception. Cela signifie que les articles ne doivent pas avoir \u00e9t\u00e9 descell\u00e9s ou les emballages endommag\u00e9s. Nous pouvons refuser le remboursement jusqu&rsquo;\u00e0 ce que nous ayons re\u00e7u la marchandise.<\/p>\n\n\n\n<p><strong><mark style=\"background-color:rgba(0, 0, 0, 0);color:#ff0000\" class=\"has-inline-color\">Nous acceptons les retours uniquement depuis les pays de l&rsquo;UE.<\/mark><\/strong><\/p>\n","protected":false},"excerpt":{"rendered":"<p>NOTE IMPORTANTE Note Importante: conform\u00e9ment au \u00a7 312 g al. 2 non. 3 BGB, le droit de r\u00e9tractation ne s&rsquo;applique pas aux contrats de livraison de marchandises scell\u00e9es qui ne peuvent \u00eatre retourn\u00e9es pour des raisons de sant\u00e9 ou d&rsquo;hygi\u00e8ne si leur sceau a \u00e9t\u00e9 retir\u00e9 apr\u00e8s la livraison. Vous pouvez annuler ou retourner votre&#8230;<\/p>\n","protected":false},"author":2,"featured_media":0,"parent":0,"menu_order":0,"comment_status":"closed","ping_status":"closed","template":"","meta":{"_kad_blocks_custom_css":"","_kad_blocks_head_custom_js":"","_kad_blocks_body_custom_js":"","_kad_blocks_footer_custom_js":"","_kadence_starter_templates_imported_post":false,"_kad_post_transparent":"","_kad_post_title":"","_kad_post_layout":"","_kad_post_sidebar_id":"","_kad_post_content_style":"","_kad_post_vertical_padding":"","_kad_post_feature":"","_kad_post_feature_position":"","_kad_post_header":false,"_kad_post_footer":false,"_kad_post_classname":"","footnotes":""},"class_list":["post-6435","page","type-page","status-publish","hentry"],"yoast_head":"<!-- This site is optimized with the Yoast SEO Premium plugin v27.4 (Yoast SEO v27.4) - https:\/\/yoast.com\/product\/yoast-seo-premium-wordpress\/ -->\n<title>Politique de remboursement et de retour Boutique Lr Aloe Vera<\/title>\n<meta name=\"description\" content=\"Politique de remboursement et de retour vous donne la possibilit\u00e9 d&#039;annuler ou de retourner votre commande dans un d\u00e9lai de quatorze jours.\" \/>\n<meta name=\"robots\" content=\"index, follow, max-snippet:-1, max-image-preview:large, max-video-preview:-1\" \/>\n<link rel=\"canonical\" href=\"https:\/\/www.lraloeverashop.eu\/fr\/politique-de-retour\/\" \/>\n<meta property=\"og:locale\" content=\"fr_FR\" \/>\n<meta property=\"og:type\" content=\"article\" \/>\n<meta property=\"og:title\" content=\"Politique de remboursement et de retour\" \/>\n<meta property=\"og:description\" content=\"Politique de remboursement et de retour vous donne la possibilit\u00e9 d&#039;annuler ou de retourner votre commande dans un d\u00e9lai de quatorze jours.\" \/>\n<meta property=\"og:url\" content=\"https:\/\/www.lraloeverashop.eu\/fr\/politique-de-retour\/\" \/>\n<meta property=\"og:site_name\" content=\"Boutique Lr Aloe Vera\" \/>\n<meta property=\"article:publisher\" content=\"https:\/\/www.facebook.com\/lraloeverashop.eu\" \/>\n<meta property=\"article:modified_time\" content=\"2024-10-16T05:49:01+00:00\" \/>\n<meta property=\"og:image\" content=\"https:\/\/www.lraloeverashop.eu\/wp-content\/uploads\/2022\/10\/Zeitgard-Pro-Skin-Care.jpg\" \/>\n\t<meta property=\"og:image:width\" content=\"1607\" \/>\n\t<meta property=\"og:image:height\" content=\"707\" \/>\n\t<meta property=\"og:image:type\" content=\"image\/jpeg\" \/>\n<meta name=\"twitter:card\" content=\"summary_large_image\" \/>\n<meta name=\"twitter:site\" content=\"@natur__kosmetik\" \/>\n<script type=\"application\/ld+json\" class=\"yoast-schema-graph\">{\"@context\":\"https:\\\/\\\/schema.org\",\"@graph\":[{\"@type\":\"WebPage\",\"@id\":\"https:\\\/\\\/www.lraloeverashop.eu\\\/fr\\\/politique-de-retour\\\/\",\"url\":\"https:\\\/\\\/www.lraloeverashop.eu\\\/fr\\\/politique-de-retour\\\/\",\"name\":\"Politique de remboursement et de retour Boutique Lr Aloe Vera\",\"isPartOf\":{\"@id\":\"https:\\\/\\\/www.lraloeverashop.eu\\\/fr\\\/#website\"},\"datePublished\":\"2022-09-22T11:07:14+00:00\",\"dateModified\":\"2024-10-16T05:49:01+00:00\",\"description\":\"Politique de remboursement et de retour vous donne la possibilit\u00e9 d'annuler ou de retourner votre commande dans un d\u00e9lai de quatorze jours.\",\"breadcrumb\":{\"@id\":\"https:\\\/\\\/www.lraloeverashop.eu\\\/fr\\\/politique-de-retour\\\/#breadcrumb\"},\"inLanguage\":\"fr-FR\",\"potentialAction\":[{\"@type\":\"ReadAction\",\"target\":[\"https:\\\/\\\/www.lraloeverashop.eu\\\/fr\\\/politique-de-retour\\\/\"]}]},{\"@type\":\"BreadcrumbList\",\"@id\":\"https:\\\/\\\/www.lraloeverashop.eu\\\/fr\\\/politique-de-retour\\\/#breadcrumb\",\"itemListElement\":[{\"@type\":\"ListItem\",\"position\":1,\"name\":\"Home\",\"item\":\"https:\\\/\\\/www.lraloeverashop.eu\\\/fr\\\/\"},{\"@type\":\"ListItem\",\"position\":2,\"name\":\"Politique de remboursement et de retour\"}]},{\"@type\":\"WebSite\",\"@id\":\"https:\\\/\\\/www.lraloeverashop.eu\\\/fr\\\/#website\",\"url\":\"https:\\\/\\\/www.lraloeverashop.eu\\\/fr\\\/\",\"name\":\"Boutique Lr Aloe Vera\",\"description\":\"High Quality Lr Aloe Vera Gel, Aloe Vera Cream and Shampoo\",\"publisher\":{\"@id\":\"https:\\\/\\\/www.lraloeverashop.eu\\\/fr\\\/#organization\"},\"potentialAction\":[{\"@type\":\"SearchAction\",\"target\":{\"@type\":\"EntryPoint\",\"urlTemplate\":\"https:\\\/\\\/www.lraloeverashop.eu\\\/fr\\\/?s={search_term_string}\"},\"query-input\":{\"@type\":\"PropertyValueSpecification\",\"valueRequired\":true,\"valueName\":\"search_term_string\"}}],\"inLanguage\":\"fr-FR\"},{\"@type\":\"Organization\",\"@id\":\"https:\\\/\\\/www.lraloeverashop.eu\\\/fr\\\/#organization\",\"name\":\"Boutique Lr Aloe Vera\",\"alternateName\":\"LR\",\"url\":\"https:\\\/\\\/www.lraloeverashop.eu\\\/fr\\\/\",\"logo\":{\"@type\":\"ImageObject\",\"inLanguage\":\"fr-FR\",\"@id\":\"https:\\\/\\\/www.lraloeverashop.eu\\\/fr\\\/#\\\/schema\\\/logo\\\/image\\\/\",\"url\":\"https:\\\/\\\/www.lraloeverashop.eu\\\/wp-content\\\/uploads\\\/2022\\\/09\\\/cropped-Lr-Aloe-Vera-Shop.jpg\",\"contentUrl\":\"https:\\\/\\\/www.lraloeverashop.eu\\\/wp-content\\\/uploads\\\/2022\\\/09\\\/cropped-Lr-Aloe-Vera-Shop.jpg\",\"width\":228,\"height\":76,\"caption\":\"Boutique Lr Aloe Vera\"},\"image\":{\"@id\":\"https:\\\/\\\/www.lraloeverashop.eu\\\/fr\\\/#\\\/schema\\\/logo\\\/image\\\/\"},\"sameAs\":[\"https:\\\/\\\/www.facebook.com\\\/lraloeverashop.eu\",\"https:\\\/\\\/x.com\\\/natur__kosmetik\",\"https:\\\/\\\/www.youtube.com\\\/channel\\\/UC5oN7BJ8nfYb8RpVtjwDEBA\",\"https:\\\/\\\/www.instagram.com\\\/lrbeautyeu\\\/\"],\"description\":\"La boutique LR Aloe Vera est votre destination de confiance pour les produits de sant\u00e9 et de beaut\u00e9 haut de gamme LR, fabriqu\u00e9s en Allemagne. Nous proposons des soins de la peau, des compl\u00e9ments nutritionnels et des solutions anti-\u00e2ge \u00e0 l'aloe vera de haute qualit\u00e9, \u00e9labor\u00e9s \u00e0 partir d'ingr\u00e9dients purs et valid\u00e9s par la recherche scientifique. D\u00e9couvrez des soins naturels qui r\u00e9g\u00e9n\u00e8rent, prot\u00e8gent et revitalisent votre peau, et profitez d'offres mensuelles exclusives sur nos produits LR Aloe Vera les plus vendus.\\n\\nCommencez d\u00e8s aujourd'hui votre parcours vers des soins naturels et constatez la diff\u00e9rence.\",\"email\":\"info@lraloeverashop.eu\",\"telephone\":\"+49 17670609653\",\"legalName\":\"Lr Aloe Vera Shop\",\"foundingDate\":\"2018-04-21\",\"numberOfEmployees\":{\"@type\":\"QuantitativeValue\",\"minValue\":\"1\",\"maxValue\":\"10\"}}]}<\/script>\n<!-- \/ Yoast SEO Premium plugin. -->","yoast_head_json":{"title":"Politique de remboursement et de retour Boutique Lr Aloe Vera","description":"Politique de remboursement et de retour vous donne la possibilit\u00e9 d'annuler ou de retourner votre commande dans un d\u00e9lai de quatorze jours.","robots":{"index":"index","follow":"follow","max-snippet":"max-snippet:-1","max-image-preview":"max-image-preview:large","max-video-preview":"max-video-preview:-1"},"canonical":"https:\/\/www.lraloeverashop.eu\/fr\/politique-de-retour\/","og_locale":"fr_FR","og_type":"article","og_title":"Politique de remboursement et de retour","og_description":"Politique de remboursement et de retour vous donne la possibilit\u00e9 d'annuler ou de retourner votre commande dans un d\u00e9lai de quatorze jours.","og_url":"https:\/\/www.lraloeverashop.eu\/fr\/politique-de-retour\/","og_site_name":"Boutique Lr Aloe Vera","article_publisher":"https:\/\/www.facebook.com\/lraloeverashop.eu","article_modified_time":"2024-10-16T05:49:01+00:00","og_image":[{"width":1607,"height":707,"url":"https:\/\/www.lraloeverashop.eu\/wp-content\/uploads\/2022\/10\/Zeitgard-Pro-Skin-Care.jpg","type":"image\/jpeg"}],"twitter_card":"summary_large_image","twitter_site":"@natur__kosmetik","schema":{"@context":"https:\/\/schema.org","@graph":[{"@type":"WebPage","@id":"https:\/\/www.lraloeverashop.eu\/fr\/politique-de-retour\/","url":"https:\/\/www.lraloeverashop.eu\/fr\/politique-de-retour\/","name":"Politique de remboursement et de retour Boutique Lr Aloe Vera","isPartOf":{"@id":"https:\/\/www.lraloeverashop.eu\/fr\/#website"},"datePublished":"2022-09-22T11:07:14+00:00","dateModified":"2024-10-16T05:49:01+00:00","description":"Politique de remboursement et de retour vous donne la possibilit\u00e9 d'annuler ou de retourner votre commande dans un d\u00e9lai de quatorze jours.","breadcrumb":{"@id":"https:\/\/www.lraloeverashop.eu\/fr\/politique-de-retour\/#breadcrumb"},"inLanguage":"fr-FR","potentialAction":[{"@type":"ReadAction","target":["https:\/\/www.lraloeverashop.eu\/fr\/politique-de-retour\/"]}]},{"@type":"BreadcrumbList","@id":"https:\/\/www.lraloeverashop.eu\/fr\/politique-de-retour\/#breadcrumb","itemListElement":[{"@type":"ListItem","position":1,"name":"Home","item":"https:\/\/www.lraloeverashop.eu\/fr\/"},{"@type":"ListItem","position":2,"name":"Politique de remboursement et de retour"}]},{"@type":"WebSite","@id":"https:\/\/www.lraloeverashop.eu\/fr\/#website","url":"https:\/\/www.lraloeverashop.eu\/fr\/","name":"Boutique Lr Aloe Vera","description":"High Quality Lr Aloe Vera Gel, Aloe Vera Cream and Shampoo","publisher":{"@id":"https:\/\/www.lraloeverashop.eu\/fr\/#organization"},"potentialAction":[{"@type":"SearchAction","target":{"@type":"EntryPoint","urlTemplate":"https:\/\/www.lraloeverashop.eu\/fr\/?s={search_term_string}"},"query-input":{"@type":"PropertyValueSpecification","valueRequired":true,"valueName":"search_term_string"}}],"inLanguage":"fr-FR"},{"@type":"Organization","@id":"https:\/\/www.lraloeverashop.eu\/fr\/#organization","name":"Boutique Lr Aloe Vera","alternateName":"LR","url":"https:\/\/www.lraloeverashop.eu\/fr\/","logo":{"@type":"ImageObject","inLanguage":"fr-FR","@id":"https:\/\/www.lraloeverashop.eu\/fr\/#\/schema\/logo\/image\/","url":"https:\/\/www.lraloeverashop.eu\/wp-content\/uploads\/2022\/09\/cropped-Lr-Aloe-Vera-Shop.jpg","contentUrl":"https:\/\/www.lraloeverashop.eu\/wp-content\/uploads\/2022\/09\/cropped-Lr-Aloe-Vera-Shop.jpg","width":228,"height":76,"caption":"Boutique Lr Aloe Vera"},"image":{"@id":"https:\/\/www.lraloeverashop.eu\/fr\/#\/schema\/logo\/image\/"},"sameAs":["https:\/\/www.facebook.com\/lraloeverashop.eu","https:\/\/x.com\/natur__kosmetik","https:\/\/www.youtube.com\/channel\/UC5oN7BJ8nfYb8RpVtjwDEBA","https:\/\/www.instagram.com\/lrbeautyeu\/"],"description":"La boutique LR Aloe Vera est votre destination de confiance pour les produits de sant\u00e9 et de beaut\u00e9 haut de gamme LR, fabriqu\u00e9s en Allemagne. Nous proposons des soins de la peau, des compl\u00e9ments nutritionnels et des solutions anti-\u00e2ge \u00e0 l'aloe vera de haute qualit\u00e9, \u00e9labor\u00e9s \u00e0 partir d'ingr\u00e9dients purs et valid\u00e9s par la recherche scientifique. D\u00e9couvrez des soins naturels qui r\u00e9g\u00e9n\u00e8rent, prot\u00e8gent et revitalisent votre peau, et profitez d'offres mensuelles exclusives sur nos produits LR Aloe Vera les plus vendus.\n\nCommencez d\u00e8s aujourd'hui votre parcours vers des soins naturels et constatez la diff\u00e9rence.","email":"info@lraloeverashop.eu","telephone":"+49 17670609653","legalName":"Lr Aloe Vera Shop","foundingDate":"2018-04-21","numberOfEmployees":{"@type":"QuantitativeValue","minValue":"1","maxValue":"10"}}]}},"taxonomy_info":[],"featured_image_src_large":false,"author_info":{"display_name":"Stanislav Rurik","author_link":"https:\/\/www.lraloeverashop.eu\/fr\/author\/admin_stanislavrurik\/"},"comment_info":0,"_links":{"self":[{"href":"https:\/\/www.lraloeverashop.eu\/fr\/wp-json\/wp\/v2\/pages\/6435","targetHints":{"allow":["GET"]}}],"collection":[{"href":"https:\/\/www.lraloeverashop.eu\/fr\/wp-json\/wp\/v2\/pages"}],"about":[{"href":"https:\/\/www.lraloeverashop.eu\/fr\/wp-json\/wp\/v2\/types\/page"}],"author":[{"embeddable":true,"href":"https:\/\/www.lraloeverashop.eu\/fr\/wp-json\/wp\/v2\/users\/2"}],"replies":[{"embeddable":true,"href":"https:\/\/www.lraloeverashop.eu\/fr\/wp-json\/wp\/v2\/comments?post=6435"}],"version-history":[{"count":0,"href":"https:\/\/www.lraloeverashop.eu\/fr\/wp-json\/wp\/v2\/pages\/6435\/revisions"}],"wp:attachment":[{"href":"https:\/\/www.lraloeverashop.eu\/fr\/wp-json\/wp\/v2\/media?parent=6435"}],"curies":[{"name":"wp","href":"https:\/\/api.w.org\/{rel}","templated":true}]}}