{"id":6378,"date":"2022-09-22T13:14:57","date_gmt":"2022-09-22T11:14:57","guid":{"rendered":"https:\/\/www.lraloeverashop.eu\/linformation-medicale-avertissement\/"},"modified":"2024-05-18T10:27:55","modified_gmt":"2024-05-18T08:27:55","slug":"responsabilite-medicale","status":"publish","type":"page","link":"https:\/\/www.lraloeverashop.eu\/fr\/responsabilite-medicale\/","title":{"rendered":"L&rsquo;INFORMATION M\u00c9DICALE AVERTISSEMENT"},"content":{"rendered":"\n<p class=\"has-medium-font-size\"><strong><mark class=\"has-inline-color has-theme-palette-3-color\" style=\"background-color: rgba(0, 0, 0, 0);\">1<strong>)&nbsp;<\/strong> AUCUN CONSEIL<\/mark><\/strong><\/p>\n\n\n\n<p>1.1 Notre site Web contient des informations m\u00e9dicales g\u00e9n\u00e9rales.<br>1.2 Les informations m\u00e9dicales ne sont pas des conseils et ne doivent pas \u00eatre trait\u00e9es comme telles.<\/p>\n\n\n\n<p class=\"has-medium-font-size\"><strong><mark class=\"has-inline-color has-theme-palette-3-color\" style=\"background-color: rgba(0, 0, 0, 0);\">2<strong>)&nbsp;<\/strong> AUCUNE GARANTIE<\/mark><\/strong><\/p>\n\n\n\n<p>2.1 Les informations m\u00e9dicales sur notre site <a href=\"https:\/\/www.lraloeverashop.eu\/fr\/\">Web<\/a> sont fournies sans aucune repr\u00e9sentation ou garantie, expresse ou implicite.<br>2.2 Sans limiter la port\u00e9e de la section 2.1, nous ne garantissons ni ne d\u00e9clarons que les informations m\u00e9dicales sur ce site: (a) sera constamment disponible, ou disponible du tout; ou (b) est vrai, exact, complet, actuel ou non trompeur.<\/p>\n\n\n\n<p>(a) sera constamment disponible, ou disponible du tout; ou<\/p>\n\n\n\n<p>(b) est vrai, exact, complet, actuel ou non trompeur.<\/p>\n\n\n\n<p class=\"has-medium-font-size\"><strong><mark class=\"has-inline-color has-theme-palette-3-color\" style=\"background-color: rgba(0, 0, 0, 0);\">3<strong>)&nbsp;<\/strong> ASSISTANCE M\u00c9DICALE<\/mark><\/strong><\/p>\n\n\n\n<p>3.1 Vous ne devez pas vous fier aux informations de notre site Web comme alternative aux conseils m\u00e9dicaux de votre m\u00e9decin ou d\u2019un autre professionnel de la sant\u00e9.<br>3.2 Si vous avez des questions sp\u00e9cifiques sur un probl\u00e8me m\u00e9dical, vous devriez consulter <a href=\"https:\/\/www.ameli.fr\/assure\/english-pages\">votre m\u00e9decin<\/a> ou un autre professionnel de la sant\u00e9.<br>3.3 Si vous pensez souffrir d\u2019un probl\u00e8me de sant\u00e9, vous devez consulter imm\u00e9diatement un m\u00e9decin.<br>3.4 Vous ne devez jamais retarder la recherche d\u2019un avis m\u00e9dical, ne pas tenir compte d\u2019un avis m\u00e9dical ou interrompre un traitement m\u00e9dical en raison d\u2019informations sur notre site Web.<\/p>\n\n\n\n<p class=\"has-medium-font-size\"><strong><mark class=\"has-inline-color has-theme-palette-3-color\" style=\"background-color: rgba(0, 0, 0, 0);\">4<strong>)&nbsp;<\/strong> &nbsp;FONCTIONS INTERACTIVES<\/mark><\/strong><\/p>\n\n\n\n<p>4.1 Notre site Web comprend des fonctionnalit\u00e9s interactives qui permettent aux utilisateurs de communiquer avec nous.<br>4.2 Vous reconnaissez qu\u2019en raison de la nature limit\u00e9e de la communication via les fonctionnalit\u00e9s interactives de notre site Web, toute assistance que vous pourriez recevoir en utilisant ces fonctionnalit\u00e9s est susceptible d\u2019\u00eatre incompl\u00e8te et peut m\u00eame \u00eatre trompeuse.<br>4.3 Toute assistance que vous pourriez recevoir en utilisant les fonctionnalit\u00e9s interactives de notre site Web ne constitue pas un conseil sp\u00e9cifique et ne doit donc pas \u00eatre invoqu\u00e9e sans autre confirmation ind\u00e9pendante.<\/p>\n\n\n\n<p class=\"has-medium-font-size\"><strong><mark class=\"has-inline-color has-theme-palette-3-color\" style=\"background-color: rgba(0, 0, 0, 0);\">5<strong>)&nbsp;<\/strong> LIMITES DES EXCLUSIONS DE RESPONSABILIT\u00c9<\/mark><\/strong><\/p>\n\n\n\n<p>5.1 Rien dans cette clause de non-responsabilit\u00e9:<\/p>\n\n\n\n<p>(a) limiter ou exclure toute responsabilit\u00e9 en cas de d\u00e9c\u00e8s ou de blessures corporelles r\u00e9sultant d\u2019une n\u00e9gligence;<\/p>\n\n\n\n<p>(b) limiter ou exclure toute responsabilit\u00e9 en cas de fraude ou de fausse d\u00e9claration frauduleuse;<\/p>\n\n\n\n<p>(c) limiter toute responsabilit\u00e9 d\u2019une mani\u00e8re non autoris\u00e9e par la loi applicable; ou<\/p>\n\n\n\n<p>(d) exclure toute responsabilit\u00e9 qui ne peut \u00eatre exclue en vertu de la loi applicable.<\/p>\n","protected":false},"excerpt":{"rendered":"<p>1)&nbsp; AUCUN CONSEIL 1.1 Notre site Web contient des informations m\u00e9dicales g\u00e9n\u00e9rales.1.2 Les informations m\u00e9dicales ne sont pas des conseils et ne doivent pas \u00eatre trait\u00e9es comme telles. 2)&nbsp; AUCUNE GARANTIE 2.1 Les informations m\u00e9dicales sur notre site Web sont fournies sans aucune repr\u00e9sentation ou garantie, expresse ou implicite.2.2 Sans limiter la port\u00e9e de la&#8230;<\/p>\n","protected":false},"author":2,"featured_media":0,"parent":0,"menu_order":0,"comment_status":"closed","ping_status":"closed","template":"","meta":{"_kad_blocks_custom_css":"","_kad_blocks_head_custom_js":"","_kad_blocks_body_custom_js":"","_kad_blocks_footer_custom_js":"","_kadence_starter_templates_imported_post":false,"_kad_post_transparent":"","_kad_post_title":"","_kad_post_layout":"","_kad_post_sidebar_id":"","_kad_post_content_style":"","_kad_post_vertical_padding":"","_kad_post_feature":"","_kad_post_feature_position":"","_kad_post_header":false,"_kad_post_footer":false,"_kad_post_classname":"","footnotes":""},"class_list":["post-6378","page","type-page","status-publish","hentry"],"yoast_head":"<!-- This site is optimized with the Yoast SEO Premium plugin v27.4 (Yoast SEO v27.4) - https:\/\/yoast.com\/product\/yoast-seo-premium-wordpress\/ -->\n<title>L&#039;information m\u00e9dicale avertissement Boutique Lr Aloe Vera<\/title>\n<meta name=\"description\" content=\"L&#039;information m\u00e9dicale avertissement Avis de non-responsabilit\u00e9 concernant les informations m\u00e9dicales Contient des informations g\u00e9n\u00e9rales.\" \/>\n<meta name=\"robots\" content=\"index, follow, max-snippet:-1, max-image-preview:large, max-video-preview:-1\" \/>\n<link rel=\"canonical\" href=\"https:\/\/www.lraloeverashop.eu\/fr\/responsabilite-medicale\/\" \/>\n<meta property=\"og:locale\" content=\"fr_FR\" \/>\n<meta property=\"og:type\" content=\"article\" \/>\n<meta property=\"og:title\" content=\"L&#039;INFORMATION M\u00c9DICALE AVERTISSEMENT\" \/>\n<meta property=\"og:description\" content=\"L&#039;information m\u00e9dicale avertissement Avis de non-responsabilit\u00e9 concernant les informations m\u00e9dicales Contient des informations g\u00e9n\u00e9rales.\" \/>\n<meta property=\"og:url\" content=\"https:\/\/www.lraloeverashop.eu\/fr\/responsabilite-medicale\/\" \/>\n<meta property=\"og:site_name\" content=\"Boutique Lr Aloe Vera\" \/>\n<meta property=\"article:publisher\" content=\"https:\/\/www.facebook.com\/lraloeverashop.eu\" \/>\n<meta property=\"article:modified_time\" content=\"2024-05-18T08:27:55+00:00\" \/>\n<meta property=\"og:image\" content=\"https:\/\/www.lraloeverashop.eu\/wp-content\/uploads\/2022\/10\/Zeitgard-Pro-Skin-Care.jpg\" \/>\n\t<meta property=\"og:image:width\" content=\"1607\" \/>\n\t<meta property=\"og:image:height\" content=\"707\" \/>\n\t<meta property=\"og:image:type\" content=\"image\/jpeg\" \/>\n<meta name=\"twitter:card\" content=\"summary_large_image\" \/>\n<meta name=\"twitter:site\" content=\"@natur__kosmetik\" \/>\n<script type=\"application\/ld+json\" class=\"yoast-schema-graph\">{\"@context\":\"https:\\\/\\\/schema.org\",\"@graph\":[{\"@type\":\"WebPage\",\"@id\":\"https:\\\/\\\/www.lraloeverashop.eu\\\/fr\\\/responsabilite-medicale\\\/\",\"url\":\"https:\\\/\\\/www.lraloeverashop.eu\\\/fr\\\/responsabilite-medicale\\\/\",\"name\":\"L'information m\u00e9dicale avertissement Boutique Lr Aloe Vera\",\"isPartOf\":{\"@id\":\"https:\\\/\\\/www.lraloeverashop.eu\\\/fr\\\/#website\"},\"datePublished\":\"2022-09-22T11:14:57+00:00\",\"dateModified\":\"2024-05-18T08:27:55+00:00\",\"description\":\"L'information m\u00e9dicale avertissement Avis de non-responsabilit\u00e9 concernant les informations m\u00e9dicales Contient des informations g\u00e9n\u00e9rales.\",\"breadcrumb\":{\"@id\":\"https:\\\/\\\/www.lraloeverashop.eu\\\/fr\\\/responsabilite-medicale\\\/#breadcrumb\"},\"inLanguage\":\"fr-FR\",\"potentialAction\":[{\"@type\":\"ReadAction\",\"target\":[\"https:\\\/\\\/www.lraloeverashop.eu\\\/fr\\\/responsabilite-medicale\\\/\"]}]},{\"@type\":\"BreadcrumbList\",\"@id\":\"https:\\\/\\\/www.lraloeverashop.eu\\\/fr\\\/responsabilite-medicale\\\/#breadcrumb\",\"itemListElement\":[{\"@type\":\"ListItem\",\"position\":1,\"name\":\"Home\",\"item\":\"https:\\\/\\\/www.lraloeverashop.eu\\\/fr\\\/\"},{\"@type\":\"ListItem\",\"position\":2,\"name\":\"L'INFORMATION M\u00c9DICALE AVERTISSEMENT\"}]},{\"@type\":\"WebSite\",\"@id\":\"https:\\\/\\\/www.lraloeverashop.eu\\\/fr\\\/#website\",\"url\":\"https:\\\/\\\/www.lraloeverashop.eu\\\/fr\\\/\",\"name\":\"Boutique Lr Aloe Vera\",\"description\":\"High Quality Lr Aloe Vera Gel, Aloe Vera Cream and Shampoo\",\"publisher\":{\"@id\":\"https:\\\/\\\/www.lraloeverashop.eu\\\/fr\\\/#organization\"},\"potentialAction\":[{\"@type\":\"SearchAction\",\"target\":{\"@type\":\"EntryPoint\",\"urlTemplate\":\"https:\\\/\\\/www.lraloeverashop.eu\\\/fr\\\/?s={search_term_string}\"},\"query-input\":{\"@type\":\"PropertyValueSpecification\",\"valueRequired\":true,\"valueName\":\"search_term_string\"}}],\"inLanguage\":\"fr-FR\"},{\"@type\":\"Organization\",\"@id\":\"https:\\\/\\\/www.lraloeverashop.eu\\\/fr\\\/#organization\",\"name\":\"Boutique Lr Aloe Vera\",\"alternateName\":\"LR\",\"url\":\"https:\\\/\\\/www.lraloeverashop.eu\\\/fr\\\/\",\"logo\":{\"@type\":\"ImageObject\",\"inLanguage\":\"fr-FR\",\"@id\":\"https:\\\/\\\/www.lraloeverashop.eu\\\/fr\\\/#\\\/schema\\\/logo\\\/image\\\/\",\"url\":\"https:\\\/\\\/www.lraloeverashop.eu\\\/wp-content\\\/uploads\\\/2022\\\/09\\\/cropped-Lr-Aloe-Vera-Shop.jpg\",\"contentUrl\":\"https:\\\/\\\/www.lraloeverashop.eu\\\/wp-content\\\/uploads\\\/2022\\\/09\\\/cropped-Lr-Aloe-Vera-Shop.jpg\",\"width\":228,\"height\":76,\"caption\":\"Boutique Lr Aloe Vera\"},\"image\":{\"@id\":\"https:\\\/\\\/www.lraloeverashop.eu\\\/fr\\\/#\\\/schema\\\/logo\\\/image\\\/\"},\"sameAs\":[\"https:\\\/\\\/www.facebook.com\\\/lraloeverashop.eu\",\"https:\\\/\\\/x.com\\\/natur__kosmetik\",\"https:\\\/\\\/www.youtube.com\\\/channel\\\/UC5oN7BJ8nfYb8RpVtjwDEBA\",\"https:\\\/\\\/www.instagram.com\\\/lrbeautyeu\\\/\"],\"description\":\"La boutique LR Aloe Vera est votre destination de confiance pour les produits de sant\u00e9 et de beaut\u00e9 haut de gamme LR, fabriqu\u00e9s en Allemagne. Nous proposons des soins de la peau, des compl\u00e9ments nutritionnels et des solutions anti-\u00e2ge \u00e0 l'aloe vera de haute qualit\u00e9, \u00e9labor\u00e9s \u00e0 partir d'ingr\u00e9dients purs et valid\u00e9s par la recherche scientifique. D\u00e9couvrez des soins naturels qui r\u00e9g\u00e9n\u00e8rent, prot\u00e8gent et revitalisent votre peau, et profitez d'offres mensuelles exclusives sur nos produits LR Aloe Vera les plus vendus.\\n\\nCommencez d\u00e8s aujourd'hui votre parcours vers des soins naturels et constatez la diff\u00e9rence.\",\"email\":\"info@lraloeverashop.eu\",\"telephone\":\"+49 17670609653\",\"legalName\":\"Lr Aloe Vera Shop\",\"foundingDate\":\"2018-04-21\",\"numberOfEmployees\":{\"@type\":\"QuantitativeValue\",\"minValue\":\"1\",\"maxValue\":\"10\"}}]}<\/script>\n<!-- \/ Yoast SEO Premium plugin. -->","yoast_head_json":{"title":"L'information m\u00e9dicale avertissement Boutique Lr Aloe Vera","description":"L'information m\u00e9dicale avertissement Avis de non-responsabilit\u00e9 concernant les informations m\u00e9dicales Contient des informations g\u00e9n\u00e9rales.","robots":{"index":"index","follow":"follow","max-snippet":"max-snippet:-1","max-image-preview":"max-image-preview:large","max-video-preview":"max-video-preview:-1"},"canonical":"https:\/\/www.lraloeverashop.eu\/fr\/responsabilite-medicale\/","og_locale":"fr_FR","og_type":"article","og_title":"L'INFORMATION M\u00c9DICALE AVERTISSEMENT","og_description":"L'information m\u00e9dicale avertissement Avis de non-responsabilit\u00e9 concernant les informations m\u00e9dicales Contient des informations g\u00e9n\u00e9rales.","og_url":"https:\/\/www.lraloeverashop.eu\/fr\/responsabilite-medicale\/","og_site_name":"Boutique Lr Aloe Vera","article_publisher":"https:\/\/www.facebook.com\/lraloeverashop.eu","article_modified_time":"2024-05-18T08:27:55+00:00","og_image":[{"width":1607,"height":707,"url":"https:\/\/www.lraloeverashop.eu\/wp-content\/uploads\/2022\/10\/Zeitgard-Pro-Skin-Care.jpg","type":"image\/jpeg"}],"twitter_card":"summary_large_image","twitter_site":"@natur__kosmetik","schema":{"@context":"https:\/\/schema.org","@graph":[{"@type":"WebPage","@id":"https:\/\/www.lraloeverashop.eu\/fr\/responsabilite-medicale\/","url":"https:\/\/www.lraloeverashop.eu\/fr\/responsabilite-medicale\/","name":"L'information m\u00e9dicale avertissement Boutique Lr Aloe Vera","isPartOf":{"@id":"https:\/\/www.lraloeverashop.eu\/fr\/#website"},"datePublished":"2022-09-22T11:14:57+00:00","dateModified":"2024-05-18T08:27:55+00:00","description":"L'information m\u00e9dicale avertissement Avis de non-responsabilit\u00e9 concernant les informations m\u00e9dicales Contient des informations g\u00e9n\u00e9rales.","breadcrumb":{"@id":"https:\/\/www.lraloeverashop.eu\/fr\/responsabilite-medicale\/#breadcrumb"},"inLanguage":"fr-FR","potentialAction":[{"@type":"ReadAction","target":["https:\/\/www.lraloeverashop.eu\/fr\/responsabilite-medicale\/"]}]},{"@type":"BreadcrumbList","@id":"https:\/\/www.lraloeverashop.eu\/fr\/responsabilite-medicale\/#breadcrumb","itemListElement":[{"@type":"ListItem","position":1,"name":"Home","item":"https:\/\/www.lraloeverashop.eu\/fr\/"},{"@type":"ListItem","position":2,"name":"L'INFORMATION M\u00c9DICALE AVERTISSEMENT"}]},{"@type":"WebSite","@id":"https:\/\/www.lraloeverashop.eu\/fr\/#website","url":"https:\/\/www.lraloeverashop.eu\/fr\/","name":"Boutique Lr Aloe Vera","description":"High Quality Lr Aloe Vera Gel, Aloe Vera Cream and Shampoo","publisher":{"@id":"https:\/\/www.lraloeverashop.eu\/fr\/#organization"},"potentialAction":[{"@type":"SearchAction","target":{"@type":"EntryPoint","urlTemplate":"https:\/\/www.lraloeverashop.eu\/fr\/?s={search_term_string}"},"query-input":{"@type":"PropertyValueSpecification","valueRequired":true,"valueName":"search_term_string"}}],"inLanguage":"fr-FR"},{"@type":"Organization","@id":"https:\/\/www.lraloeverashop.eu\/fr\/#organization","name":"Boutique Lr Aloe Vera","alternateName":"LR","url":"https:\/\/www.lraloeverashop.eu\/fr\/","logo":{"@type":"ImageObject","inLanguage":"fr-FR","@id":"https:\/\/www.lraloeverashop.eu\/fr\/#\/schema\/logo\/image\/","url":"https:\/\/www.lraloeverashop.eu\/wp-content\/uploads\/2022\/09\/cropped-Lr-Aloe-Vera-Shop.jpg","contentUrl":"https:\/\/www.lraloeverashop.eu\/wp-content\/uploads\/2022\/09\/cropped-Lr-Aloe-Vera-Shop.jpg","width":228,"height":76,"caption":"Boutique Lr Aloe Vera"},"image":{"@id":"https:\/\/www.lraloeverashop.eu\/fr\/#\/schema\/logo\/image\/"},"sameAs":["https:\/\/www.facebook.com\/lraloeverashop.eu","https:\/\/x.com\/natur__kosmetik","https:\/\/www.youtube.com\/channel\/UC5oN7BJ8nfYb8RpVtjwDEBA","https:\/\/www.instagram.com\/lrbeautyeu\/"],"description":"La boutique LR Aloe Vera est votre destination de confiance pour les produits de sant\u00e9 et de beaut\u00e9 haut de gamme LR, fabriqu\u00e9s en Allemagne. Nous proposons des soins de la peau, des compl\u00e9ments nutritionnels et des solutions anti-\u00e2ge \u00e0 l'aloe vera de haute qualit\u00e9, \u00e9labor\u00e9s \u00e0 partir d'ingr\u00e9dients purs et valid\u00e9s par la recherche scientifique. D\u00e9couvrez des soins naturels qui r\u00e9g\u00e9n\u00e8rent, prot\u00e8gent et revitalisent votre peau, et profitez d'offres mensuelles exclusives sur nos produits LR Aloe Vera les plus vendus.\n\nCommencez d\u00e8s aujourd'hui votre parcours vers des soins naturels et constatez la diff\u00e9rence.","email":"info@lraloeverashop.eu","telephone":"+49 17670609653","legalName":"Lr Aloe Vera Shop","foundingDate":"2018-04-21","numberOfEmployees":{"@type":"QuantitativeValue","minValue":"1","maxValue":"10"}}]}},"taxonomy_info":[],"featured_image_src_large":false,"author_info":{"display_name":"Stanislav Rurik","author_link":"https:\/\/www.lraloeverashop.eu\/fr\/author\/admin_stanislavrurik\/"},"comment_info":0,"_links":{"self":[{"href":"https:\/\/www.lraloeverashop.eu\/fr\/wp-json\/wp\/v2\/pages\/6378","targetHints":{"allow":["GET"]}}],"collection":[{"href":"https:\/\/www.lraloeverashop.eu\/fr\/wp-json\/wp\/v2\/pages"}],"about":[{"href":"https:\/\/www.lraloeverashop.eu\/fr\/wp-json\/wp\/v2\/types\/page"}],"author":[{"embeddable":true,"href":"https:\/\/www.lraloeverashop.eu\/fr\/wp-json\/wp\/v2\/users\/2"}],"replies":[{"embeddable":true,"href":"https:\/\/www.lraloeverashop.eu\/fr\/wp-json\/wp\/v2\/comments?post=6378"}],"version-history":[{"count":0,"href":"https:\/\/www.lraloeverashop.eu\/fr\/wp-json\/wp\/v2\/pages\/6378\/revisions"}],"wp:attachment":[{"href":"https:\/\/www.lraloeverashop.eu\/fr\/wp-json\/wp\/v2\/media?parent=6378"}],"curies":[{"name":"wp","href":"https:\/\/api.w.org\/{rel}","templated":true}]}}