{"id":9966,"date":"2022-10-12T10:42:13","date_gmt":"2022-10-12T08:42:13","guid":{"rendered":"https:\/\/www.lraloeverashop.eu\/product\/calostro-en-capsulas\/"},"modified":"2026-02-09T05:10:25","modified_gmt":"2026-02-09T04:10:25","slug":"calostro-en-capsulas","status":"publish","type":"product","link":"https:\/\/www.lraloeverashop.eu\/es\/producto\/calostro-en-capsulas\/","title":{"rendered":"Calostro En C\u00e1psulas"},"content":{"rendered":"<h2><strong><span style=\"font-size: 16pt;\">Calostro En C\u00e1psulas<\/span><\/strong><\/h2>\n<p><strong><span style=\"font-size: 14pt;\">Calostro En C\u00e1psulas &#8211; \u00a1Benef\u00edciate De Lo Mejor De La Naturaleza!<\/span><\/strong><\/p>\n<p>Calostro en C\u00e1psulas contienen lo mejor de la primera leche de vaca en forma altamente concentrada. El valioso polvo de calostro dentro de las c\u00e1psulas se obtiene de la <a href=\"https:\/\/www.lraloeverashop.eu\/es\/calostro-bovino-para-humanos\/\"><strong>primera leche materna<\/strong><\/a> despu\u00e9s del nacimiento de un ternero. Solo desengrasados y liofilizados suavemente, los ingredientes de calidad permanecen en gran parte intactos.<\/p>\n<p>La composici\u00f3n de alta calidad de las c\u00e1psulas hace que las Lr Calostro en C\u00e1psulas de sean un producto de calidad fabricado en Alemania, cuya calidad puede confiar. Para la producci\u00f3n, LR utiliza solo el <a href=\"https:\/\/www.lraloeverashop.eu\/es\/producto\/calostro-directo-liquido\/\">exceso de calostro<\/a>, que se prueba ampliamente por adelantado.<\/p>\n<div class=\"entry-content-asset videofit\"><iframe loading=\"lazy\" title=\"Calostro Directo L\u00edquido \u2013 R\u00e1pido y Eficiente!\" width=\"720\" height=\"405\" src=\"https:\/\/www.youtube.com\/embed\/5TwFAZJJ9qM?feature=oembed\" frameborder=\"0\" allow=\"accelerometer; autoplay; clipboard-write; encrypted-media; gyroscope; picture-in-picture; web-share\" referrerpolicy=\"strict-origin-when-cross-origin\" allowfullscreen><\/iframe><\/div>\n<p>&nbsp;<\/p>\n<p>Cada paso de fabricaci\u00f3n de Calostro en C\u00e1psulas se acompa\u00f1a de estrictos par\u00e1metros de calidad y los m\u00e1s altos est\u00e1ndares de control. Adem\u00e1s de los controles internos, el independiente SGS INSTITUTE FRESENIUS revisa regularmente todos los pasos de procesamiento, as\u00ed como el <a href=\"https:\/\/www.lraloeverashop.eu\/es\/producto\/calostro-en-capsulas-set\/\">producto final<\/a>.<\/p>\n<p>Como se\u00f1al de alta calidad, los productos Lr Calostro\u00a0 llevan el sello de calidad INSTITUTE FRESENIUS, uno de los sellos de prueba independientes m\u00e1s resistentes del mercado.<\/p>\n<p>&nbsp;<\/p>\n<h3><span style=\"font-size: 16pt;\"><strong>C\u00f3mo utilizar<\/strong><\/span><\/h3>\n<p><strong>Recomendaci\u00f3n de consumo:<\/strong>\u00a0ma\u00f1anas y tardes una c\u00e1psula con un poco de agua.<\/p>\n<p>No utilizar con bebidas calientes.<\/p>\n<p>Aseg\u00farese de tener una <a href=\"https:\/\/www.lraloeverashop.eu\/es\/sustituto-de-la-comida-figu-active-la-dieta-muy-inteligente-para-bajar-de-peso\/\">dieta variada<\/a> y equilibrada, as\u00ed como un estilo de <a href=\"https:\/\/www.lraloeverashop.eu\/es\/producto\/calostro-directo-liquido-en-set\/\">vida saludable<\/a>. Almacenar en lugar fresco y seco.<\/p>\n<p>&nbsp;<\/p>\n<h4><strong><span style=\"font-size: 16pt;\">\u00bfLo Sab\u00edas?<\/span><\/strong><\/h4>\n<p>Para cumplir con los altos est\u00e1ndares de calidad y controlar constantemente todos los pasos en el camino hacia el producto final, <a href=\"https:\/\/lrworld.com\/join-me\">LR<\/a> usa solo el exceso de calostro de las vacas europeas para sus <a href=\"https:\/\/www.lraloeverashop.eu\/es\/categoria-producto\/productos-especiales\/calostro\/\">productos de calostro<\/a>. Cada lote de producci\u00f3n se puede rastrear hasta la granja del productor sin interrupci\u00f3n.<\/p>\n","protected":false},"excerpt":{"rendered":"<ul>\n<li>C\u00e1psulas que contienen calostro para el consumo diario.<\/li>\n<li>Para el bienestar general<\/li>\n<li>Entregue 800 mg de valioso polvo de calostro de vaca desgrasado por raci\u00f3n diaria<\/li>\n<li>Cuidadosamente producido en Alemania<\/li>\n<li>Calostro exclusivo de vacas europeas<\/li>\n<li>Contenido 60 C\u00e1psulas<\/li>\n<\/ul>\n<p><span style=\"color: #ff0000;\"><a style=\"color: #ff0000;\" href=\"https:\/\/shop.lrworld.com\/openpao?PHP=0vFlt7jT938BEnBI3a6e9w%3D%3D\"><span style=\"font-size: 14pt;\"><strong>Reg\u00edstrate aqu\u00ed y ahorra 35% en cada compra<\/strong><\/span><\/a><\/span><\/p>\n","protected":false},"featured_media":5549,"comment_status":"open","ping_status":"closed","template":"","meta":{"_kad_blocks_custom_css":"","_kad_blocks_head_custom_js":"","_kad_blocks_body_custom_js":"","_kad_blocks_footer_custom_js":"","_kadence_starter_templates_imported_post":false,"_kad_post_transparent":"default","_kad_post_title":"","_kad_post_layout":"default","_kad_post_sidebar_id":"","_kad_post_content_style":"default","_kad_post_vertical_padding":"default","_kad_post_feature":"","_kad_post_feature_position":"","_kad_post_header":false,"_kad_post_footer":false,"_kad_post_classname":""},"product_brand":[],"product_cat":[403,499,415,350],"product_tag":[693],"class_list":{"0":"post-9966","1":"product","2":"type-product","3":"status-publish","4":"has-post-thumbnail","6":"product_cat-base-es","7":"product_cat-calostro","8":"product_cat-productos-especiales","9":"product_cat-sistema-inmunologico-y-equilibrio","10":"product_tag-para-refuerzo-inmunologico","12":"first","13":"instock","14":"taxable","15":"shipping-taxable","16":"purchasable","17":"product-type-simple","18":"entry","19":"content-bg","20":"loop-entry"},"yoast_head":"<!-- This site is optimized with the Yoast SEO Premium plugin v27.5 (Yoast SEO v27.5) - https:\/\/yoast.com\/product\/yoast-seo-premium-wordpress\/ -->\n<title>Calostro En C\u00e1psulas - Benef\u00edciate de lo mejor de la naturaleza<\/title>\n<meta name=\"description\" content=\"Composici\u00f3n de alta calidad de las c\u00e1psulas hace que Lr Calostro en C\u00e1psulas sean un producto de calidad fabricado en Alemania, cuya calidad puede confiar\" \/>\n<meta name=\"robots\" content=\"index, follow, max-snippet:-1, max-image-preview:large, max-video-preview:-1\" \/>\n<link rel=\"canonical\" href=\"https:\/\/www.lraloeverashop.eu\/es\/producto\/calostro-en-capsulas\/\" \/>\n<meta property=\"og:locale\" content=\"es_ES\" \/>\n<meta property=\"og:type\" content=\"article\" \/>\n<meta property=\"og:title\" content=\"Calostro En C\u00e1psulas\" \/>\n<meta property=\"og:description\" content=\"Composici\u00f3n de alta calidad de las c\u00e1psulas hace que Lr Calostro en C\u00e1psulas sean un producto de calidad fabricado en Alemania, cuya calidad puede confiar\" \/>\n<meta property=\"og:url\" content=\"https:\/\/www.lraloeverashop.eu\/es\/producto\/calostro-en-capsulas\/\" \/>\n<meta property=\"og:site_name\" content=\"Lr Tienda Aloe Vera\" \/>\n<meta property=\"article:publisher\" content=\"https:\/\/www.facebook.com\/lraloeverashop.eu\" \/>\n<meta property=\"article:modified_time\" content=\"2026-02-09T04:10:25+00:00\" \/>\n<meta property=\"og:image\" content=\"https:\/\/www.lraloeverashop.eu\/wp-content\/uploads\/2022\/10\/Lr-Colostrum-Compact-capsules.jpg\" \/>\n\t<meta property=\"og:image:width\" content=\"1200\" \/>\n\t<meta property=\"og:image:height\" content=\"1200\" \/>\n\t<meta property=\"og:image:type\" content=\"image\/jpeg\" \/>\n<meta name=\"twitter:card\" content=\"summary_large_image\" \/>\n<meta name=\"twitter:site\" content=\"@natur__kosmetik\" \/>\n<script type=\"application\/ld+json\" class=\"yoast-schema-graph\">{\"@context\":\"https:\\\/\\\/schema.org\",\"@graph\":[{\"@type\":[\"WebPage\",\"ItemPage\"],\"@id\":\"https:\\\/\\\/www.lraloeverashop.eu\\\/es\\\/producto\\\/calostro-en-capsulas\\\/\",\"url\":\"https:\\\/\\\/www.lraloeverashop.eu\\\/es\\\/producto\\\/calostro-en-capsulas\\\/\",\"name\":\"Calostro En C\u00e1psulas - Benef\u00edciate de lo mejor de la naturaleza\",\"isPartOf\":{\"@id\":\"https:\\\/\\\/www.lraloeverashop.eu\\\/es\\\/#website\"},\"primaryImageOfPage\":{\"@id\":\"https:\\\/\\\/www.lraloeverashop.eu\\\/es\\\/producto\\\/calostro-en-capsulas\\\/#primaryimage\"},\"image\":{\"@id\":\"https:\\\/\\\/www.lraloeverashop.eu\\\/es\\\/producto\\\/calostro-en-capsulas\\\/#primaryimage\"},\"thumbnailUrl\":\"https:\\\/\\\/www.lraloeverashop.eu\\\/wp-content\\\/uploads\\\/2022\\\/10\\\/Lr-Colostrum-Compact-capsules.jpg\",\"datePublished\":\"2022-10-12T08:42:13+00:00\",\"dateModified\":\"2026-02-09T04:10:25+00:00\",\"description\":\"Composici\u00f3n de alta calidad de las c\u00e1psulas hace que Lr Calostro en C\u00e1psulas sean un producto de calidad fabricado en Alemania, cuya calidad puede confiar\",\"breadcrumb\":{\"@id\":\"https:\\\/\\\/www.lraloeverashop.eu\\\/es\\\/producto\\\/calostro-en-capsulas\\\/#breadcrumb\"},\"inLanguage\":\"es\",\"potentialAction\":[{\"@type\":\"ReadAction\",\"target\":[\"https:\\\/\\\/www.lraloeverashop.eu\\\/es\\\/producto\\\/calostro-en-capsulas\\\/\"]}]},{\"@type\":\"ImageObject\",\"inLanguage\":\"es\",\"@id\":\"https:\\\/\\\/www.lraloeverashop.eu\\\/es\\\/producto\\\/calostro-en-capsulas\\\/#primaryimage\",\"url\":\"https:\\\/\\\/www.lraloeverashop.eu\\\/wp-content\\\/uploads\\\/2022\\\/10\\\/Lr-Colostrum-Compact-capsules.jpg\",\"contentUrl\":\"https:\\\/\\\/www.lraloeverashop.eu\\\/wp-content\\\/uploads\\\/2022\\\/10\\\/Lr-Colostrum-Compact-capsules.jpg\",\"width\":1200,\"height\":1200,\"caption\":\"Lr c\u00e1psulas compactas de calostro\"},{\"@type\":\"BreadcrumbList\",\"@id\":\"https:\\\/\\\/www.lraloeverashop.eu\\\/es\\\/producto\\\/calostro-en-capsulas\\\/#breadcrumb\",\"itemListElement\":[{\"@type\":\"ListItem\",\"position\":1,\"name\":\"Home\",\"item\":\"https:\\\/\\\/www.lraloeverashop.eu\\\/es\\\/tienda-aloe-vera-todo-para-tu-belleza-y-bienestar\\\/\"},{\"@type\":\"ListItem\",\"position\":2,\"name\":\"Tienda\",\"item\":\"https:\\\/\\\/www.lraloeverashop.eu\\\/es\\\/tienda\\\/\"},{\"@type\":\"ListItem\",\"position\":3,\"name\":\"Calostro En C\u00e1psulas\"}]},{\"@type\":\"WebSite\",\"@id\":\"https:\\\/\\\/www.lraloeverashop.eu\\\/es\\\/#website\",\"url\":\"https:\\\/\\\/www.lraloeverashop.eu\\\/es\\\/\",\"name\":\"Lr Tienda Aloe Vera\",\"description\":\"High Quality Lr Aloe Vera Gel, Aloe Vera Cream and Shampoo\",\"publisher\":{\"@id\":\"https:\\\/\\\/www.lraloeverashop.eu\\\/es\\\/#organization\"},\"alternateName\":\"LR\",\"potentialAction\":[{\"@type\":\"SearchAction\",\"target\":{\"@type\":\"EntryPoint\",\"urlTemplate\":\"https:\\\/\\\/www.lraloeverashop.eu\\\/es\\\/?s={search_term_string}\"},\"query-input\":{\"@type\":\"PropertyValueSpecification\",\"valueRequired\":true,\"valueName\":\"search_term_string\"}}],\"inLanguage\":\"es\"},{\"@type\":\"Organization\",\"@id\":\"https:\\\/\\\/www.lraloeverashop.eu\\\/es\\\/#organization\",\"name\":\"Lr Tienda Aloe Vera\",\"alternateName\":\"LR\",\"url\":\"https:\\\/\\\/www.lraloeverashop.eu\\\/es\\\/\",\"logo\":{\"@type\":\"ImageObject\",\"inLanguage\":\"es\",\"@id\":\"https:\\\/\\\/www.lraloeverashop.eu\\\/es\\\/#\\\/schema\\\/logo\\\/image\\\/\",\"url\":\"https:\\\/\\\/www.lraloeverashop.eu\\\/wp-content\\\/uploads\\\/2022\\\/09\\\/cropped-Lr-Aloe-Vera-Shop.jpg\",\"contentUrl\":\"https:\\\/\\\/www.lraloeverashop.eu\\\/wp-content\\\/uploads\\\/2022\\\/09\\\/cropped-Lr-Aloe-Vera-Shop.jpg\",\"width\":228,\"height\":76,\"caption\":\"Lr Tienda Aloe Vera\"},\"image\":{\"@id\":\"https:\\\/\\\/www.lraloeverashop.eu\\\/es\\\/#\\\/schema\\\/logo\\\/image\\\/\"},\"sameAs\":[\"https:\\\/\\\/www.facebook.com\\\/lraloeverashop.eu\",\"https:\\\/\\\/x.com\\\/natur__kosmetik\",\"https:\\\/\\\/www.youtube.com\\\/channel\\\/UC5oN7BJ8nfYb8RpVtjwDEBA\",\"https:\\\/\\\/www.instagram.com\\\/lrbeautyeu\\\/\"],\"description\":\"La tienda Lr Aloe Vera es tu destino de confianza para productos premium de salud y belleza LR, fabricados en Alemania. Ofrecemos soluciones de alta calidad para el cuidado de la piel, nutrici\u00f3n y antienvejecimiento con Aloe Vera, elaboradas con ingredientes puros y respaldadas por investigaci\u00f3n cient\u00edfica. Descubre un cuidado natural que regenera, protege y revitaliza tu piel, y disfruta de ofertas mensuales exclusivas en nuestros productos LR Aloe Vera m\u00e1s vendidos.\\n\\nComienza hoy mismo tu camino hacia el cuidado natural de la piel y siente la diferencia.\",\"email\":\"info@lraloeverashop.eu\",\"telephone\":\"+49 17670609653\",\"legalName\":\"Lr Aloe Vera Shop\",\"foundingDate\":\"2018-04-21\",\"numberOfEmployees\":{\"@type\":\"QuantitativeValue\",\"minValue\":\"1\",\"maxValue\":\"10\"}}]}<\/script>\n<meta property=\"product:price:amount\" content=\"61.59\" \/>\n<meta property=\"product:price:currency\" content=\"EUR\" \/>\n<meta property=\"og:availability\" content=\"instock\" \/>\n<meta property=\"product:availability\" content=\"instock\" \/>\n<meta property=\"product:retailer_item_id\" content=\"80360-401ES\" \/>\n<meta property=\"product:condition\" content=\"new\" \/>\n<!-- \/ Yoast SEO Premium plugin. -->","yoast_head_json":{"title":"Calostro En C\u00e1psulas - Benef\u00edciate de lo mejor de la naturaleza","description":"Composici\u00f3n de alta calidad de las c\u00e1psulas hace que Lr Calostro en C\u00e1psulas sean un producto de calidad fabricado en Alemania, cuya calidad puede confiar","robots":{"index":"index","follow":"follow","max-snippet":"max-snippet:-1","max-image-preview":"max-image-preview:large","max-video-preview":"max-video-preview:-1"},"canonical":"https:\/\/www.lraloeverashop.eu\/es\/producto\/calostro-en-capsulas\/","og_locale":"es_ES","og_type":"article","og_title":"Calostro En C\u00e1psulas","og_description":"Composici\u00f3n de alta calidad de las c\u00e1psulas hace que Lr Calostro en C\u00e1psulas sean un producto de calidad fabricado en Alemania, cuya calidad puede confiar","og_url":"https:\/\/www.lraloeverashop.eu\/es\/producto\/calostro-en-capsulas\/","og_site_name":"Lr Tienda Aloe Vera","article_publisher":"https:\/\/www.facebook.com\/lraloeverashop.eu","article_modified_time":"2026-02-09T04:10:25+00:00","og_image":[{"width":1200,"height":1200,"url":"https:\/\/www.lraloeverashop.eu\/wp-content\/uploads\/2022\/10\/Lr-Colostrum-Compact-capsules.jpg","type":"image\/jpeg"}],"twitter_card":"summary_large_image","twitter_site":"@natur__kosmetik","schema":{"@context":"https:\/\/schema.org","@graph":[{"@type":["WebPage","ItemPage"],"@id":"https:\/\/www.lraloeverashop.eu\/es\/producto\/calostro-en-capsulas\/","url":"https:\/\/www.lraloeverashop.eu\/es\/producto\/calostro-en-capsulas\/","name":"Calostro En C\u00e1psulas - Benef\u00edciate de lo mejor de la naturaleza","isPartOf":{"@id":"https:\/\/www.lraloeverashop.eu\/es\/#website"},"primaryImageOfPage":{"@id":"https:\/\/www.lraloeverashop.eu\/es\/producto\/calostro-en-capsulas\/#primaryimage"},"image":{"@id":"https:\/\/www.lraloeverashop.eu\/es\/producto\/calostro-en-capsulas\/#primaryimage"},"thumbnailUrl":"https:\/\/www.lraloeverashop.eu\/wp-content\/uploads\/2022\/10\/Lr-Colostrum-Compact-capsules.jpg","datePublished":"2022-10-12T08:42:13+00:00","dateModified":"2026-02-09T04:10:25+00:00","description":"Composici\u00f3n de alta calidad de las c\u00e1psulas hace que Lr Calostro en C\u00e1psulas sean un producto de calidad fabricado en Alemania, cuya calidad puede confiar","breadcrumb":{"@id":"https:\/\/www.lraloeverashop.eu\/es\/producto\/calostro-en-capsulas\/#breadcrumb"},"inLanguage":"es","potentialAction":[{"@type":"ReadAction","target":["https:\/\/www.lraloeverashop.eu\/es\/producto\/calostro-en-capsulas\/"]}]},{"@type":"ImageObject","inLanguage":"es","@id":"https:\/\/www.lraloeverashop.eu\/es\/producto\/calostro-en-capsulas\/#primaryimage","url":"https:\/\/www.lraloeverashop.eu\/wp-content\/uploads\/2022\/10\/Lr-Colostrum-Compact-capsules.jpg","contentUrl":"https:\/\/www.lraloeverashop.eu\/wp-content\/uploads\/2022\/10\/Lr-Colostrum-Compact-capsules.jpg","width":1200,"height":1200,"caption":"Lr c\u00e1psulas compactas de calostro"},{"@type":"BreadcrumbList","@id":"https:\/\/www.lraloeverashop.eu\/es\/producto\/calostro-en-capsulas\/#breadcrumb","itemListElement":[{"@type":"ListItem","position":1,"name":"Home","item":"https:\/\/www.lraloeverashop.eu\/es\/tienda-aloe-vera-todo-para-tu-belleza-y-bienestar\/"},{"@type":"ListItem","position":2,"name":"Tienda","item":"https:\/\/www.lraloeverashop.eu\/es\/tienda\/"},{"@type":"ListItem","position":3,"name":"Calostro En C\u00e1psulas"}]},{"@type":"WebSite","@id":"https:\/\/www.lraloeverashop.eu\/es\/#website","url":"https:\/\/www.lraloeverashop.eu\/es\/","name":"Lr Tienda Aloe Vera","description":"High Quality Lr Aloe Vera Gel, Aloe Vera Cream and Shampoo","publisher":{"@id":"https:\/\/www.lraloeverashop.eu\/es\/#organization"},"alternateName":"LR","potentialAction":[{"@type":"SearchAction","target":{"@type":"EntryPoint","urlTemplate":"https:\/\/www.lraloeverashop.eu\/es\/?s={search_term_string}"},"query-input":{"@type":"PropertyValueSpecification","valueRequired":true,"valueName":"search_term_string"}}],"inLanguage":"es"},{"@type":"Organization","@id":"https:\/\/www.lraloeverashop.eu\/es\/#organization","name":"Lr Tienda Aloe Vera","alternateName":"LR","url":"https:\/\/www.lraloeverashop.eu\/es\/","logo":{"@type":"ImageObject","inLanguage":"es","@id":"https:\/\/www.lraloeverashop.eu\/es\/#\/schema\/logo\/image\/","url":"https:\/\/www.lraloeverashop.eu\/wp-content\/uploads\/2022\/09\/cropped-Lr-Aloe-Vera-Shop.jpg","contentUrl":"https:\/\/www.lraloeverashop.eu\/wp-content\/uploads\/2022\/09\/cropped-Lr-Aloe-Vera-Shop.jpg","width":228,"height":76,"caption":"Lr Tienda Aloe Vera"},"image":{"@id":"https:\/\/www.lraloeverashop.eu\/es\/#\/schema\/logo\/image\/"},"sameAs":["https:\/\/www.facebook.com\/lraloeverashop.eu","https:\/\/x.com\/natur__kosmetik","https:\/\/www.youtube.com\/channel\/UC5oN7BJ8nfYb8RpVtjwDEBA","https:\/\/www.instagram.com\/lrbeautyeu\/"],"description":"La tienda Lr Aloe Vera es tu destino de confianza para productos premium de salud y belleza LR, fabricados en Alemania. Ofrecemos soluciones de alta calidad para el cuidado de la piel, nutrici\u00f3n y antienvejecimiento con Aloe Vera, elaboradas con ingredientes puros y respaldadas por investigaci\u00f3n cient\u00edfica. Descubre un cuidado natural que regenera, protege y revitaliza tu piel, y disfruta de ofertas mensuales exclusivas en nuestros productos LR Aloe Vera m\u00e1s vendidos.\n\nComienza hoy mismo tu camino hacia el cuidado natural de la piel y siente la diferencia.","email":"info@lraloeverashop.eu","telephone":"+49 17670609653","legalName":"Lr Aloe Vera Shop","foundingDate":"2018-04-21","numberOfEmployees":{"@type":"QuantitativeValue","minValue":"1","maxValue":"10"}}]},"product_price_amount":"61.59","product_price_currency":"EUR","og_availability":"instock","product_availability":"instock","product_retailer_item_id":"80360-401ES","product_condition":"new"},"taxonomy_info":{"product_cat":[{"value":403,"label":"Base"},{"value":499,"label":"Calostro"},{"value":415,"label":"Productos Especiales"},{"value":350,"label":"Sistema inmunol\u00f3gico y equilibrio"}],"product_tag":[{"value":693,"label":"para refuerzo inmunol\u00f3gico"}]},"featured_image_src_large":["https:\/\/www.lraloeverashop.eu\/wp-content\/uploads\/2022\/10\/Lr-Colostrum-Compact-capsules-1024x1024.jpg",1024,1024,true],"author_info":[],"comment_info":0,"_links":{"self":[{"href":"https:\/\/www.lraloeverashop.eu\/es\/wp-json\/wp\/v2\/product\/9966","targetHints":{"allow":["GET"]}}],"collection":[{"href":"https:\/\/www.lraloeverashop.eu\/es\/wp-json\/wp\/v2\/product"}],"about":[{"href":"https:\/\/www.lraloeverashop.eu\/es\/wp-json\/wp\/v2\/types\/product"}],"replies":[{"embeddable":true,"href":"https:\/\/www.lraloeverashop.eu\/es\/wp-json\/wp\/v2\/comments?post=9966"}],"wp:featuredmedia":[{"embeddable":true,"href":"https:\/\/www.lraloeverashop.eu\/es\/wp-json\/wp\/v2\/media\/5549"}],"wp:attachment":[{"href":"https:\/\/www.lraloeverashop.eu\/es\/wp-json\/wp\/v2\/media?parent=9966"}],"wp:term":[{"taxonomy":"product_brand","embeddable":true,"href":"https:\/\/www.lraloeverashop.eu\/es\/wp-json\/wp\/v2\/product_brand?post=9966"},{"taxonomy":"product_cat","embeddable":true,"href":"https:\/\/www.lraloeverashop.eu\/es\/wp-json\/wp\/v2\/product_cat?post=9966"},{"taxonomy":"product_tag","embeddable":true,"href":"https:\/\/www.lraloeverashop.eu\/es\/wp-json\/wp\/v2\/product_tag?post=9966"}],"curies":[{"name":"wp","href":"https:\/\/api.w.org\/{rel}","templated":true}]}}