{"id":9932,"date":"2022-10-12T11:10:10","date_gmt":"2022-10-12T09:10:10","guid":{"rendered":"https:\/\/www.lraloeverashop.eu\/product\/cistus-incanus-capsulas\/"},"modified":"2026-02-09T05:09:56","modified_gmt":"2026-02-09T04:09:56","slug":"cistus-incanus-capsulas","status":"publish","type":"product","link":"https:\/\/www.lraloeverashop.eu\/es\/producto\/cistus-incanus-capsulas\/","title":{"rendered":"Cistus Incanus C\u00e1psulas"},"content":{"rendered":"<h2><span style=\"font-size: 16pt;\"><strong>Cistus Incanus C\u00e1psulas<\/strong><\/span><\/h2>\n<p><span style=\"font-size: 14pt;\"><strong>Cistus Incanus C\u00e1psulas &#8211; Apoyo Para Un Sistema Inmunol\u00f3gico Saludable<br \/>\n<\/strong><\/span><\/p>\n<p>La defensa del cuerpo funciona constantemente, sin cesar. Con las Cistus Incanus C\u00e1psulas con Vitamina C y c\u00e1psulas enriquecidas con zinc puede hacer una valiosa contribuci\u00f3n a la funci\u00f3n de su sistema inmunol\u00f3gico. Solo dos <a href=\"https:\/\/www.lraloeverashop.eu\/es\/producto\/cistus-incanus-en-capsulas\/\">c\u00e1psulas<\/a> diarias cubren sus necesidades diarias de vitamina C.<\/p>\n<p>Cient\u00edficamente confirmado por la Autoridad Europea de Seguridad Alimentaria: la vitamina C y el zinc contribuyen al funcionamiento normal del sistema inmunitario.<\/p>\n<p>&nbsp;<\/p>\n<h2><strong><span style=\"font-size: 16pt;\">C\u00f3mo utilizar Cistus C\u00e1psulas<\/span><\/strong><\/h2>\n<p>Tomar 2 x 1 Cistus c\u00e1psula al d\u00eda con un poco de l\u00edquido.<\/p>\n<p>No se debe exceder la dosis diaria recomendada de Cistus Incanus C\u00e1psulas. Los suplementos nutricionales no son un sustituto de una dieta variada y equilibrada que es importante junto con un estilo de <a href=\"https:\/\/www.lraloeverashop.eu\/es\/categoria-producto\/especialistas\/\">vida saludable<\/a>. Mantenga el producto fuera del alcance de los ni\u00f1os peque\u00f1os. Almacenar fresco y seco.<\/p>\n<div class=\"entry-content-asset videofit\"><iframe loading=\"lazy\" title=\"T\u00e9 Cistus Incanus - Spray Cistus Incanus - Cistus Incanus C\u00e1psulas\" width=\"720\" height=\"405\" src=\"https:\/\/www.youtube.com\/embed\/8kJXs98x3nY?feature=oembed\" frameborder=\"0\" allow=\"accelerometer; autoplay; clipboard-write; encrypted-media; gyroscope; picture-in-picture; web-share\" referrerpolicy=\"strict-origin-when-cross-origin\" allowfullscreen><\/iframe><\/div>\n<p>&nbsp;<\/p>\n<h3><span style=\"font-size: 16pt;\"><strong>\u00bfLo Sab\u00edas?<\/strong><\/span><\/h3>\n<p><strong><span style=\"color: #000000;\">Acerca de la planta<\/span><\/strong><br \/>\nLa planta Cistus incanus usada en Cistus Incanus C\u00e1psulas es un miembro del g\u00e9nero de rosas de roca en la familia de las plantas <a href=\"https:\/\/www.lraloeverashop.eu\/es\/producto\/spray-cistus-incanus\/\">Cistus<\/a> y se encuentra principalmente en el c\u00e1lido Mediterr\u00e1neo (como en Grecia y Turqu\u00eda) es el hogar. En buenas condiciones clim\u00e1ticas, la planta crece hasta un metro de altura y produce flores de color rosa a p\u00farpura en la temporada de floraci\u00f3n de abril a junio, alcanzando un di\u00e1metro de 4 a 6 cent\u00edmetros.<\/p>\n<p><strong><span style=\"color: #000000;\">Cultivo<\/span><\/strong><br \/>\nDesafortunadamente, cultivar la <a href=\"https:\/\/www.lraloeverashop.eu\/es\/producto\/te-cistus-incanus\/\">planta Cistus Incanus<\/a> es una tarea desesperada, ya que la jara de pelo gris crece solo en forma silvestre. La planta Cistus incanus se encuentra en todo el Mediterr\u00e1neo, donde crece mejor en piedra caliza o silicato (macchia) en medio de varios arbustos, calores y arbustos.<\/p>\n<p>&nbsp;<\/p>\n<h3><span style=\"font-size: 16pt;\"><strong>Preguntas m\u00e1s frecuentes<img loading=\"lazy\" decoding=\"async\" class=\"size-full wp-image-2830 alignright\" src=\"https:\/\/www.lraloeverashop.eu\/wp-content\/uploads\/2022\/10\/Cistus-Incanus-flower.jpg\" alt=\"Cistus Incanus flower\" width=\"293\" height=\"389\" srcset=\"https:\/\/www.lraloeverashop.eu\/wp-content\/uploads\/2022\/10\/Cistus-Incanus-flower.jpg 293w, https:\/\/www.lraloeverashop.eu\/wp-content\/uploads\/2022\/10\/Cistus-Incanus-flower-226x300.jpg 226w\" sizes=\"auto, (max-width: 293px) 100vw, 293px\" \/><\/strong><\/span><\/h3>\n<p><strong>\u00bfQu\u00e9 es Cistus Incanus?<\/strong><br \/>\nLa historia de esta planta comienza ya en el siglo IV a. C. Cistus Incanus pronto se hizo popular como un\u00a0t\u00e9 sabroso\u00a0en el Medio Oriente, el norte de \u00c1frica y el Mediterr\u00e1neo europeo.<\/p>\n<p><strong>\u00bfQu\u00e9 usa LR de esta planta?<\/strong><br \/>\nSolo se procesan las hojas cortadas. Los bosques y tallos se resuelven constantemente. Los controles de calidad permanentes durante el proceso de fabricaci\u00f3n garantizan la m\u00e1xima pureza y calidad.<\/p>\n<p><strong>\u00bfPuedo usar Cistus Incanus C\u00e1psulas durante mucho tiempo?<\/strong><br \/>\nPuede utilizar de forma segura las Cistus Incanus en C\u00e1psulas durante un largo per\u00edodo de tiempo.<\/p>\n<p><strong>\u00bfQu\u00e9 materia prima utiliza LR en su producto?<\/strong><br \/>\nUtilizamos Cistus Incanus ssp. tauricus Esta planta crece de forma silvestre, no en plantaciones.<\/p>\n<p><strong>\u00bfC\u00f3mo se procesa la materia prima?<\/strong><br \/>\nLas hojas de la planta se recogen, se secan, se limpian y se cortan antes de ser procesadas por conocidos fabricantes de extractos para una preparaci\u00f3n acuosa. Este extracto se seca y finalmente se llena en c\u00e1psulas. El proceso descrito es una tecnolog\u00eda extractiva est\u00e1ndar.<\/p>\n<p><strong>\u00bfQu\u00e9 son las Lr Cistus Incanus C\u00e1psulas?<\/strong><br \/>\nLr Cistus Incanus en C\u00e1psulas es un suplemento diet\u00e9tico, no un medicamento. Un suplemento diet\u00e9tico tiene la funci\u00f3n de suministrar al organismo ciertas sustancias que, con la dieta diaria, ya no consume en cantidad suficiente.<\/p>\n<p>Un suplemento diet\u00e9tico no tiene la funci\u00f3n de iniciar o influir en ciertos procesos en el cuerpo. Este es el trabajo de los medicamentos. En este sentido, es importante asegurarse de que no se hagan afirmaciones curativas sobre un <a href=\"https:\/\/www.lraloeverashop.eu\/es\/categoria-producto\/productos-especiales\/\">suplemento diet\u00e9tico<\/a>.<\/p>\n","protected":false},"excerpt":{"rendered":"<ul>\n<li>Con zinc y vitamina C para un sistema inmunol\u00f3gico saludable\u00b9<\/li>\n<li>69% de extracto de Cistus incanus<\/li>\n<li>100% de vitamina C y 20% de zinc por raci\u00f3n diaria<\/li>\n<li>C\u00e1psula vegetal pura<\/li>\n<li>Producto hecho en Alemania<\/li>\n<li>Contenido: 60 c\u00e1psulas<\/li>\n<\/ul>\n<p><span style=\"color: #ff0000;\"><a style=\"color: #ff0000;\" href=\"https:\/\/shop.lrworld.com\/openpao?PHP=0vFlt7jT938BEnBI3a6e9w%3D%3D\"><span style=\"font-size: 14pt;\"><strong>Reg\u00edstrate aqu\u00ed y ahorra 35% en cada compra<\/strong><\/span><\/a><\/span><\/p>\n","protected":false},"featured_media":5399,"comment_status":"open","ping_status":"closed","template":"","meta":{"_kad_blocks_custom_css":"","_kad_blocks_head_custom_js":"","_kad_blocks_body_custom_js":"","_kad_blocks_footer_custom_js":"","_kadence_starter_templates_imported_post":false,"_kad_post_transparent":"default","_kad_post_title":"","_kad_post_layout":"default","_kad_post_sidebar_id":"","_kad_post_content_style":"default","_kad_post_vertical_padding":"default","_kad_post_feature":"","_kad_post_feature_position":"","_kad_post_header":false,"_kad_post_footer":false,"_kad_post_classname":""},"product_brand":[],"product_cat":[403,493,415,350],"product_tag":[693],"class_list":{"0":"post-9932","1":"product","2":"type-product","3":"status-publish","4":"has-post-thumbnail","6":"product_cat-base-es","7":"product_cat-cistus-incanus-es","8":"product_cat-productos-especiales","9":"product_cat-sistema-inmunologico-y-equilibrio","10":"product_tag-para-refuerzo-inmunologico","12":"first","13":"instock","14":"taxable","15":"shipping-taxable","16":"purchasable","17":"product-type-simple","18":"entry","19":"content-bg","20":"loop-entry"},"yoast_head":"<!-- This site is optimized with the Yoast SEO Premium plugin v27.3 (Yoast SEO v27.3) - https:\/\/yoast.com\/product\/yoast-seo-premium-wordpress\/ -->\n<title>Cistus Incanus C\u00e1psulas para el Sistema Inmunol\u00f3gico<\/title>\n<meta name=\"description\" content=\"Cistus Incanus C\u00e1psulas con 69% de Extracto, vitamina C y Zinc hacen una valiosa contribuci\u00f3n a la funci\u00f3n de su sistema inmunol\u00f3gico. Hecho en Alemania\" \/>\n<meta name=\"robots\" content=\"index, follow, max-snippet:-1, max-image-preview:large, max-video-preview:-1\" \/>\n<link rel=\"canonical\" href=\"https:\/\/www.lraloeverashop.eu\/es\/producto\/cistus-incanus-capsulas\/\" \/>\n<meta property=\"og:locale\" content=\"es_ES\" \/>\n<meta property=\"og:type\" content=\"article\" \/>\n<meta property=\"og:title\" content=\"Cistus Incanus C\u00e1psulas\" \/>\n<meta property=\"og:description\" content=\"Cistus Incanus C\u00e1psulas con 69% de Extracto, vitamina C y Zinc hacen una valiosa contribuci\u00f3n a la funci\u00f3n de su sistema inmunol\u00f3gico. Hecho en Alemania\" \/>\n<meta property=\"og:url\" content=\"https:\/\/www.lraloeverashop.eu\/es\/producto\/cistus-incanus-capsulas\/\" \/>\n<meta property=\"og:site_name\" content=\"Lr Tienda Aloe Vera\" \/>\n<meta property=\"article:publisher\" content=\"https:\/\/www.facebook.com\/lraloeverashop.eu\" \/>\n<meta property=\"article:modified_time\" content=\"2026-02-09T04:09:56+00:00\" \/>\n<meta property=\"og:image\" content=\"https:\/\/www.lraloeverashop.eu\/wp-content\/uploads\/2022\/10\/Cistus-Incanus-Capsules.jpg\" \/>\n\t<meta property=\"og:image:width\" content=\"1200\" \/>\n\t<meta property=\"og:image:height\" content=\"1200\" \/>\n\t<meta property=\"og:image:type\" content=\"image\/jpeg\" \/>\n<meta name=\"twitter:card\" content=\"summary_large_image\" \/>\n<meta name=\"twitter:site\" content=\"@natur__kosmetik\" \/>\n<script type=\"application\/ld+json\" class=\"yoast-schema-graph\">{\"@context\":\"https:\\\/\\\/schema.org\",\"@graph\":[{\"@type\":[\"WebPage\",\"ItemPage\"],\"@id\":\"https:\\\/\\\/www.lraloeverashop.eu\\\/es\\\/producto\\\/cistus-incanus-capsulas\\\/\",\"url\":\"https:\\\/\\\/www.lraloeverashop.eu\\\/es\\\/producto\\\/cistus-incanus-capsulas\\\/\",\"name\":\"Cistus Incanus C\u00e1psulas para el Sistema Inmunol\u00f3gico\",\"isPartOf\":{\"@id\":\"https:\\\/\\\/www.lraloeverashop.eu\\\/es\\\/#website\"},\"primaryImageOfPage\":{\"@id\":\"https:\\\/\\\/www.lraloeverashop.eu\\\/es\\\/producto\\\/cistus-incanus-capsulas\\\/#primaryimage\"},\"image\":{\"@id\":\"https:\\\/\\\/www.lraloeverashop.eu\\\/es\\\/producto\\\/cistus-incanus-capsulas\\\/#primaryimage\"},\"thumbnailUrl\":\"https:\\\/\\\/www.lraloeverashop.eu\\\/wp-content\\\/uploads\\\/2022\\\/10\\\/Cistus-Incanus-Capsules.jpg\",\"datePublished\":\"2022-10-12T09:10:10+00:00\",\"dateModified\":\"2026-02-09T04:09:56+00:00\",\"description\":\"Cistus Incanus C\u00e1psulas con 69% de Extracto, vitamina C y Zinc hacen una valiosa contribuci\u00f3n a la funci\u00f3n de su sistema inmunol\u00f3gico. Hecho en Alemania\",\"breadcrumb\":{\"@id\":\"https:\\\/\\\/www.lraloeverashop.eu\\\/es\\\/producto\\\/cistus-incanus-capsulas\\\/#breadcrumb\"},\"inLanguage\":\"es\",\"potentialAction\":[{\"@type\":\"ReadAction\",\"target\":[\"https:\\\/\\\/www.lraloeverashop.eu\\\/es\\\/producto\\\/cistus-incanus-capsulas\\\/\"]}]},{\"@type\":\"ImageObject\",\"inLanguage\":\"es\",\"@id\":\"https:\\\/\\\/www.lraloeverashop.eu\\\/es\\\/producto\\\/cistus-incanus-capsulas\\\/#primaryimage\",\"url\":\"https:\\\/\\\/www.lraloeverashop.eu\\\/wp-content\\\/uploads\\\/2022\\\/10\\\/Cistus-Incanus-Capsules.jpg\",\"contentUrl\":\"https:\\\/\\\/www.lraloeverashop.eu\\\/wp-content\\\/uploads\\\/2022\\\/10\\\/Cistus-Incanus-Capsules.jpg\",\"width\":1200,\"height\":1200,\"caption\":\"Lr Cistus Incanus C\u00e1psulas contribuye al funcionamiento normal de su sistema inmunol\u00f3gico\"},{\"@type\":\"BreadcrumbList\",\"@id\":\"https:\\\/\\\/www.lraloeverashop.eu\\\/es\\\/producto\\\/cistus-incanus-capsulas\\\/#breadcrumb\",\"itemListElement\":[{\"@type\":\"ListItem\",\"position\":1,\"name\":\"Home\",\"item\":\"https:\\\/\\\/www.lraloeverashop.eu\\\/es\\\/\"},{\"@type\":\"ListItem\",\"position\":2,\"name\":\"Tienda\",\"item\":\"https:\\\/\\\/www.lraloeverashop.eu\\\/es\\\/tienda\\\/\"},{\"@type\":\"ListItem\",\"position\":3,\"name\":\"Cistus Incanus C\u00e1psulas\"}]},{\"@type\":\"WebSite\",\"@id\":\"https:\\\/\\\/www.lraloeverashop.eu\\\/es\\\/#website\",\"url\":\"https:\\\/\\\/www.lraloeverashop.eu\\\/es\\\/\",\"name\":\"Lr Tienda Aloe Vera\",\"description\":\"High Quality Lr Aloe Vera Gel, Aloe Vera Cream and Shampoo\",\"publisher\":{\"@id\":\"https:\\\/\\\/www.lraloeverashop.eu\\\/es\\\/#organization\"},\"potentialAction\":[{\"@type\":\"SearchAction\",\"target\":{\"@type\":\"EntryPoint\",\"urlTemplate\":\"https:\\\/\\\/www.lraloeverashop.eu\\\/es\\\/?s={search_term_string}\"},\"query-input\":{\"@type\":\"PropertyValueSpecification\",\"valueRequired\":true,\"valueName\":\"search_term_string\"}}],\"inLanguage\":\"es\"},{\"@type\":\"Organization\",\"@id\":\"https:\\\/\\\/www.lraloeverashop.eu\\\/es\\\/#organization\",\"name\":\"Lr Tienda Aloe Vera\",\"alternateName\":\"LR\",\"url\":\"https:\\\/\\\/www.lraloeverashop.eu\\\/es\\\/\",\"logo\":{\"@type\":\"ImageObject\",\"inLanguage\":\"es\",\"@id\":\"https:\\\/\\\/www.lraloeverashop.eu\\\/es\\\/#\\\/schema\\\/logo\\\/image\\\/\",\"url\":\"https:\\\/\\\/www.lraloeverashop.eu\\\/wp-content\\\/uploads\\\/2022\\\/09\\\/cropped-Lr-Aloe-Vera-Shop.jpg\",\"contentUrl\":\"https:\\\/\\\/www.lraloeverashop.eu\\\/wp-content\\\/uploads\\\/2022\\\/09\\\/cropped-Lr-Aloe-Vera-Shop.jpg\",\"width\":228,\"height\":76,\"caption\":\"Lr Tienda Aloe Vera\"},\"image\":{\"@id\":\"https:\\\/\\\/www.lraloeverashop.eu\\\/es\\\/#\\\/schema\\\/logo\\\/image\\\/\"},\"sameAs\":[\"https:\\\/\\\/www.facebook.com\\\/lraloeverashop.eu\",\"https:\\\/\\\/x.com\\\/natur__kosmetik\",\"https:\\\/\\\/www.youtube.com\\\/channel\\\/UC5oN7BJ8nfYb8RpVtjwDEBA\",\"https:\\\/\\\/www.instagram.com\\\/lrbeautyeu\\\/\"]}]}<\/script>\n<meta property=\"product:price:amount\" content=\"42.99\" \/>\n<meta property=\"product:price:currency\" content=\"EUR\" \/>\n<meta property=\"og:availability\" content=\"instock\" \/>\n<meta property=\"product:availability\" content=\"instock\" \/>\n<meta property=\"product:retailer_item_id\" content=\"80325-401ES\" \/>\n<meta property=\"product:condition\" content=\"new\" \/>\n<!-- \/ Yoast SEO Premium plugin. -->","yoast_head_json":{"title":"Cistus Incanus C\u00e1psulas para el Sistema Inmunol\u00f3gico","description":"Cistus Incanus C\u00e1psulas con 69% de Extracto, vitamina C y Zinc hacen una valiosa contribuci\u00f3n a la funci\u00f3n de su sistema inmunol\u00f3gico. Hecho en Alemania","robots":{"index":"index","follow":"follow","max-snippet":"max-snippet:-1","max-image-preview":"max-image-preview:large","max-video-preview":"max-video-preview:-1"},"canonical":"https:\/\/www.lraloeverashop.eu\/es\/producto\/cistus-incanus-capsulas\/","og_locale":"es_ES","og_type":"article","og_title":"Cistus Incanus C\u00e1psulas","og_description":"Cistus Incanus C\u00e1psulas con 69% de Extracto, vitamina C y Zinc hacen una valiosa contribuci\u00f3n a la funci\u00f3n de su sistema inmunol\u00f3gico. Hecho en Alemania","og_url":"https:\/\/www.lraloeverashop.eu\/es\/producto\/cistus-incanus-capsulas\/","og_site_name":"Lr Tienda Aloe Vera","article_publisher":"https:\/\/www.facebook.com\/lraloeverashop.eu","article_modified_time":"2026-02-09T04:09:56+00:00","og_image":[{"width":1200,"height":1200,"url":"https:\/\/www.lraloeverashop.eu\/wp-content\/uploads\/2022\/10\/Cistus-Incanus-Capsules.jpg","type":"image\/jpeg"}],"twitter_card":"summary_large_image","twitter_site":"@natur__kosmetik","schema":{"@context":"https:\/\/schema.org","@graph":[{"@type":["WebPage","ItemPage"],"@id":"https:\/\/www.lraloeverashop.eu\/es\/producto\/cistus-incanus-capsulas\/","url":"https:\/\/www.lraloeverashop.eu\/es\/producto\/cistus-incanus-capsulas\/","name":"Cistus Incanus C\u00e1psulas para el Sistema Inmunol\u00f3gico","isPartOf":{"@id":"https:\/\/www.lraloeverashop.eu\/es\/#website"},"primaryImageOfPage":{"@id":"https:\/\/www.lraloeverashop.eu\/es\/producto\/cistus-incanus-capsulas\/#primaryimage"},"image":{"@id":"https:\/\/www.lraloeverashop.eu\/es\/producto\/cistus-incanus-capsulas\/#primaryimage"},"thumbnailUrl":"https:\/\/www.lraloeverashop.eu\/wp-content\/uploads\/2022\/10\/Cistus-Incanus-Capsules.jpg","datePublished":"2022-10-12T09:10:10+00:00","dateModified":"2026-02-09T04:09:56+00:00","description":"Cistus Incanus C\u00e1psulas con 69% de Extracto, vitamina C y Zinc hacen una valiosa contribuci\u00f3n a la funci\u00f3n de su sistema inmunol\u00f3gico. Hecho en Alemania","breadcrumb":{"@id":"https:\/\/www.lraloeverashop.eu\/es\/producto\/cistus-incanus-capsulas\/#breadcrumb"},"inLanguage":"es","potentialAction":[{"@type":"ReadAction","target":["https:\/\/www.lraloeverashop.eu\/es\/producto\/cistus-incanus-capsulas\/"]}]},{"@type":"ImageObject","inLanguage":"es","@id":"https:\/\/www.lraloeverashop.eu\/es\/producto\/cistus-incanus-capsulas\/#primaryimage","url":"https:\/\/www.lraloeverashop.eu\/wp-content\/uploads\/2022\/10\/Cistus-Incanus-Capsules.jpg","contentUrl":"https:\/\/www.lraloeverashop.eu\/wp-content\/uploads\/2022\/10\/Cistus-Incanus-Capsules.jpg","width":1200,"height":1200,"caption":"Lr Cistus Incanus C\u00e1psulas contribuye al funcionamiento normal de su sistema inmunol\u00f3gico"},{"@type":"BreadcrumbList","@id":"https:\/\/www.lraloeverashop.eu\/es\/producto\/cistus-incanus-capsulas\/#breadcrumb","itemListElement":[{"@type":"ListItem","position":1,"name":"Home","item":"https:\/\/www.lraloeverashop.eu\/es\/"},{"@type":"ListItem","position":2,"name":"Tienda","item":"https:\/\/www.lraloeverashop.eu\/es\/tienda\/"},{"@type":"ListItem","position":3,"name":"Cistus Incanus C\u00e1psulas"}]},{"@type":"WebSite","@id":"https:\/\/www.lraloeverashop.eu\/es\/#website","url":"https:\/\/www.lraloeverashop.eu\/es\/","name":"Lr Tienda Aloe Vera","description":"High Quality Lr Aloe Vera Gel, Aloe Vera Cream and Shampoo","publisher":{"@id":"https:\/\/www.lraloeverashop.eu\/es\/#organization"},"potentialAction":[{"@type":"SearchAction","target":{"@type":"EntryPoint","urlTemplate":"https:\/\/www.lraloeverashop.eu\/es\/?s={search_term_string}"},"query-input":{"@type":"PropertyValueSpecification","valueRequired":true,"valueName":"search_term_string"}}],"inLanguage":"es"},{"@type":"Organization","@id":"https:\/\/www.lraloeverashop.eu\/es\/#organization","name":"Lr Tienda Aloe Vera","alternateName":"LR","url":"https:\/\/www.lraloeverashop.eu\/es\/","logo":{"@type":"ImageObject","inLanguage":"es","@id":"https:\/\/www.lraloeverashop.eu\/es\/#\/schema\/logo\/image\/","url":"https:\/\/www.lraloeverashop.eu\/wp-content\/uploads\/2022\/09\/cropped-Lr-Aloe-Vera-Shop.jpg","contentUrl":"https:\/\/www.lraloeverashop.eu\/wp-content\/uploads\/2022\/09\/cropped-Lr-Aloe-Vera-Shop.jpg","width":228,"height":76,"caption":"Lr Tienda Aloe Vera"},"image":{"@id":"https:\/\/www.lraloeverashop.eu\/es\/#\/schema\/logo\/image\/"},"sameAs":["https:\/\/www.facebook.com\/lraloeverashop.eu","https:\/\/x.com\/natur__kosmetik","https:\/\/www.youtube.com\/channel\/UC5oN7BJ8nfYb8RpVtjwDEBA","https:\/\/www.instagram.com\/lrbeautyeu\/"]}]},"product_price_amount":"42.99","product_price_currency":"EUR","og_availability":"instock","product_availability":"instock","product_retailer_item_id":"80325-401ES","product_condition":"new"},"taxonomy_info":{"product_cat":[{"value":403,"label":"Base"},{"value":493,"label":"Cistus Incanus"},{"value":415,"label":"Productos Especiales"},{"value":350,"label":"Sistema inmunol\u00f3gico y equilibrio"}],"product_tag":[{"value":693,"label":"para refuerzo inmunol\u00f3gico"}]},"featured_image_src_large":["https:\/\/www.lraloeverashop.eu\/wp-content\/uploads\/2022\/10\/Cistus-Incanus-Capsules-1024x1024.jpg",1024,1024,true],"author_info":[],"comment_info":0,"_links":{"self":[{"href":"https:\/\/www.lraloeverashop.eu\/es\/wp-json\/wp\/v2\/product\/9932","targetHints":{"allow":["GET"]}}],"collection":[{"href":"https:\/\/www.lraloeverashop.eu\/es\/wp-json\/wp\/v2\/product"}],"about":[{"href":"https:\/\/www.lraloeverashop.eu\/es\/wp-json\/wp\/v2\/types\/product"}],"replies":[{"embeddable":true,"href":"https:\/\/www.lraloeverashop.eu\/es\/wp-json\/wp\/v2\/comments?post=9932"}],"wp:featuredmedia":[{"embeddable":true,"href":"https:\/\/www.lraloeverashop.eu\/es\/wp-json\/wp\/v2\/media\/5399"}],"wp:attachment":[{"href":"https:\/\/www.lraloeverashop.eu\/es\/wp-json\/wp\/v2\/media?parent=9932"}],"wp:term":[{"taxonomy":"product_brand","embeddable":true,"href":"https:\/\/www.lraloeverashop.eu\/es\/wp-json\/wp\/v2\/product_brand?post=9932"},{"taxonomy":"product_cat","embeddable":true,"href":"https:\/\/www.lraloeverashop.eu\/es\/wp-json\/wp\/v2\/product_cat?post=9932"},{"taxonomy":"product_tag","embeddable":true,"href":"https:\/\/www.lraloeverashop.eu\/es\/wp-json\/wp\/v2\/product_tag?post=9932"}],"curies":[{"name":"wp","href":"https:\/\/api.w.org\/{rel}","templated":true}]}}