{"id":9880,"date":"2022-10-12T12:12:17","date_gmt":"2022-10-12T10:12:17","guid":{"rendered":"https:\/\/www.lraloeverashop.eu\/product\/te-cistus-incanus\/"},"modified":"2025-03-29T19:50:35","modified_gmt":"2025-03-29T18:50:35","slug":"te-cistus-incanus","status":"publish","type":"product","link":"https:\/\/www.lraloeverashop.eu\/es\/producto\/te-cistus-incanus\/","title":{"rendered":"T\u00e9 de ba\u00f1o Cistus Incanus"},"content":{"rendered":"<h2><span style=\"font-size: 16pt;\"><strong>T\u00e9 de ba\u00f1o Cistus Incanus<\/strong><\/span><\/h2>\n<p><span style=\"font-size: 14pt;\"><strong>T\u00e9 de ba\u00f1o Cistus Incanus para pieles irritadas y sensibles<\/strong><\/span><\/p>\n<p>El T\u00e9 de Ba\u00f1o Cistus Incanus est\u00e1 especialmente indicado para relajar las <a href=\"https:\/\/www.lraloeverashop.eu\/es\/producto\/aloe-vera-gel-hidratante-concentrado\/\">pieles irritadas<\/a> y sensibles. Contiene solo hierbas naturales a base de hierbas como Cistus Incanus y menta. Estos son de origen natural y contienen alimentos de calidad.<\/p>\n<p>El T\u00e9 de ba\u00f1o con cistrosa, como tambi\u00e9n se llama la planta Cistus incanus, est\u00e1 compuesto en un 95 % por las hojas de la planta <a href=\"https:\/\/www.lraloeverashop.eu\/es\/producto\/cistus-incanus-en-capsulas\/\">Cistus incanus<\/a> y tambi\u00e9n est\u00e1 enriquecido con un 5 % de hojas de menta. En consecuencia, el t\u00e9 se compone de ingredientes 100% naturales y est\u00e1 libre de aromas. Hervir, verter, disfrutar<\/p>\n<div class=\"entry-content-asset videofit\"><iframe loading=\"lazy\" title=\"T\u00e9 Cistus Incanus - Spray Cistus Incanus - Cistus Incanus C\u00e1psulas\" width=\"720\" height=\"405\" src=\"https:\/\/www.youtube.com\/embed\/8kJXs98x3nY?feature=oembed\" frameborder=\"0\" allow=\"accelerometer; autoplay; clipboard-write; encrypted-media; gyroscope; picture-in-picture; web-share\" allowfullscreen><\/iframe><\/div>\n<h2><strong><span style=\"font-size: 16pt;\">C\u00f3mo usar el t\u00e9 de ba\u00f1o<\/span><\/strong><\/h2>\n<p>Ponga 4 cucharadas de Cistus Incanus en una tetera y vierta 1 litro de agua hirviendo sobre ella. Pasar por un colador despu\u00e9s de 8-10 minutos. Llene la ba\u00f1era con agua y agregue el t\u00e9.<\/p>\n<h3><strong><span style=\"font-size: 16pt;\">Otras \u00e1reas de aplicaci\u00f3n adem\u00e1s del ba\u00f1o completo:<\/span><\/strong><\/h3>\n<p><strong>Pies o manos:<\/strong> A\u00f1adir 1 cucharada de t\u00e9 de ba\u00f1o a un litro de agua tibia. Despu\u00e9s de unos minutos, las manos o los pies se pueden ba\u00f1ar en el caldo durante unos 5-10 minutos. Deja que tus pies o <a href=\"https:\/\/www.lraloeverashop.eu\/es\/producto\/aloe-vera-set-de-cuidado-de-manos\/\">manos<\/a> se sequen al aire despu\u00e9s del ba\u00f1o para que todo haga efecto.<\/p>\n<p><strong>Cara:<\/strong> Vierta 1-2 cucharadas de t\u00e9 de ba\u00f1o en una taza grande llena de agua u otro recipiente adecuado. Despu\u00e9s de unos minutos, la almohadilla de algod\u00f3n empapada con el l\u00edquido se puede aplicar en las \u00e1reas apropiadas de la <a href=\"https:\/\/www.lraloeverashop.eu\/es\/producto\/aloe-vera-gel-cremoso-refrescante\/\">cara<\/a>. Deja que se seque al aire para que todo pueda hacer efecto.<\/p>\n<h4><strong><span style=\"font-size: 16pt;\">\u00bfSab\u00edas?<\/span><\/strong><\/h4>\n<p>La planta Cistus Incanus pertenece al g\u00e9nero de las jaras en la familia de las jaras y es principalmente originaria de la regi\u00f3n c\u00e1lida del Mediterr\u00e1neo (por ejemplo, en Grecia y Turqu\u00eda). En buenas condiciones clim\u00e1ticas, la planta crece hasta un metro de altura y tiene bonitas flores de color rosa a violeta que alcanzan un di\u00e1metro de 4 a 6 cent\u00edmetros en el per\u00edodo de floraci\u00f3n de abril a junio.<\/p>\n","protected":false},"excerpt":{"rendered":"<ul>\n<li>Para el ba\u00f1o relajante de cara, manos o pies.<\/li>\n<li>Especialmente indicado para pieles irritadas y sensibles.<\/li>\n<li>Hierbas naturales: 95% Cistus Incanus, 5% menta<\/li>\n<li>Origen natural grado alimenticio<\/li>\n<li>Hecho en Alemania<\/li>\n<li>Cantidad: 250 g<\/li>\n<\/ul>\n<p>&nbsp;<\/p>\n","protected":false},"featured_media":9869,"comment_status":"open","ping_status":"closed","template":"","meta":{"_kad_blocks_custom_css":"","_kad_blocks_head_custom_js":"","_kad_blocks_body_custom_js":"","_kad_blocks_footer_custom_js":"","_kadence_starter_templates_imported_post":false,"_kad_post_transparent":"default","_kad_post_title":"","_kad_post_layout":"default","_kad_post_sidebar_id":"","_kad_post_content_style":"default","_kad_post_vertical_padding":"default","_kad_post_feature":"","_kad_post_feature_position":"","_kad_post_header":false,"_kad_post_footer":false,"_kad_post_classname":""},"product_brand":[],"product_cat":[493,469,415,451],"product_tag":[],"class_list":{"0":"post-9880","1":"product","2":"type-product","3":"status-publish","4":"has-post-thumbnail","6":"product_cat-cistus-incanus-es","7":"product_cat-especialistas","8":"product_cat-productos-especiales","9":"product_cat-relajacion","11":"first","12":"outofstock","13":"taxable","14":"shipping-taxable","15":"purchasable","16":"product-type-simple","17":"entry","18":"content-bg","19":"loop-entry"},"yoast_head":"<!-- This site is optimized with the Yoast SEO Premium plugin v27.3 (Yoast SEO v27.3) - https:\/\/yoast.com\/product\/yoast-seo-premium-wordpress\/ -->\n<title>T\u00e9 de ba\u00f1o Cistus Incanus para pieles irritadas y sensibles<\/title>\n<meta name=\"description\" content=\"T\u00e9 de ba\u00f1o Cistus Incanus para el ba\u00f1o relajante de cara, manos o pies. Especialmente indicado para pieles irritadas y sensibles. Con 95% Cistus, 5% menta.\" \/>\n<meta name=\"robots\" content=\"index, follow, max-snippet:-1, max-image-preview:large, max-video-preview:-1\" \/>\n<link rel=\"canonical\" href=\"https:\/\/www.lraloeverashop.eu\/es\/producto\/te-cistus-incanus\/\" \/>\n<meta property=\"og:locale\" content=\"es_ES\" \/>\n<meta property=\"og:type\" content=\"article\" \/>\n<meta property=\"og:title\" content=\"T\u00e9 de ba\u00f1o Cistus Incanus\" \/>\n<meta property=\"og:description\" content=\"T\u00e9 de ba\u00f1o Cistus Incanus para el ba\u00f1o relajante de cara, manos o pies. Especialmente indicado para pieles irritadas y sensibles. Con 95% Cistus, 5% menta.\" \/>\n<meta property=\"og:url\" content=\"https:\/\/www.lraloeverashop.eu\/es\/producto\/te-cistus-incanus\/\" \/>\n<meta property=\"og:site_name\" content=\"Lr Tienda Aloe Vera\" \/>\n<meta property=\"article:publisher\" content=\"https:\/\/www.facebook.com\/lraloeverashop.eu\" \/>\n<meta property=\"article:modified_time\" content=\"2025-03-29T18:50:35+00:00\" \/>\n<meta property=\"og:image\" content=\"https:\/\/www.lraloeverashop.eu\/wp-content\/uploads\/2022\/10\/Cistus-Incanus-Bath-Tea.jpg\" \/>\n\t<meta property=\"og:image:width\" content=\"1200\" \/>\n\t<meta property=\"og:image:height\" content=\"1200\" \/>\n\t<meta property=\"og:image:type\" content=\"image\/jpeg\" \/>\n<meta name=\"twitter:card\" content=\"summary_large_image\" \/>\n<meta name=\"twitter:site\" content=\"@natur__kosmetik\" \/>\n<script type=\"application\/ld+json\" class=\"yoast-schema-graph\">{\"@context\":\"https:\\\/\\\/schema.org\",\"@graph\":[{\"@type\":[\"WebPage\",\"ItemPage\"],\"@id\":\"https:\\\/\\\/www.lraloeverashop.eu\\\/es\\\/producto\\\/te-cistus-incanus\\\/\",\"url\":\"https:\\\/\\\/www.lraloeverashop.eu\\\/es\\\/producto\\\/te-cistus-incanus\\\/\",\"name\":\"T\u00e9 de ba\u00f1o Cistus Incanus para pieles irritadas y sensibles\",\"isPartOf\":{\"@id\":\"https:\\\/\\\/www.lraloeverashop.eu\\\/es\\\/#website\"},\"primaryImageOfPage\":{\"@id\":\"https:\\\/\\\/www.lraloeverashop.eu\\\/es\\\/producto\\\/te-cistus-incanus\\\/#primaryimage\"},\"image\":{\"@id\":\"https:\\\/\\\/www.lraloeverashop.eu\\\/es\\\/producto\\\/te-cistus-incanus\\\/#primaryimage\"},\"thumbnailUrl\":\"https:\\\/\\\/www.lraloeverashop.eu\\\/wp-content\\\/uploads\\\/2022\\\/10\\\/Cistus-Incanus-Bath-Tea.jpg\",\"datePublished\":\"2022-10-12T10:12:17+00:00\",\"dateModified\":\"2025-03-29T18:50:35+00:00\",\"description\":\"T\u00e9 de ba\u00f1o Cistus Incanus para el ba\u00f1o relajante de cara, manos o pies. Especialmente indicado para pieles irritadas y sensibles. Con 95% Cistus, 5% menta.\",\"breadcrumb\":{\"@id\":\"https:\\\/\\\/www.lraloeverashop.eu\\\/es\\\/producto\\\/te-cistus-incanus\\\/#breadcrumb\"},\"inLanguage\":\"es\",\"potentialAction\":[{\"@type\":\"ReadAction\",\"target\":[\"https:\\\/\\\/www.lraloeverashop.eu\\\/es\\\/producto\\\/te-cistus-incanus\\\/\"]}]},{\"@type\":\"ImageObject\",\"inLanguage\":\"es\",\"@id\":\"https:\\\/\\\/www.lraloeverashop.eu\\\/es\\\/producto\\\/te-cistus-incanus\\\/#primaryimage\",\"url\":\"https:\\\/\\\/www.lraloeverashop.eu\\\/wp-content\\\/uploads\\\/2022\\\/10\\\/Cistus-Incanus-Bath-Tea.jpg\",\"contentUrl\":\"https:\\\/\\\/www.lraloeverashop.eu\\\/wp-content\\\/uploads\\\/2022\\\/10\\\/Cistus-Incanus-Bath-Tea.jpg\",\"width\":1200,\"height\":1200,\"caption\":\"T\u00e9 de ba\u00f1o Cistus Incanus pieles irritadas\"},{\"@type\":\"BreadcrumbList\",\"@id\":\"https:\\\/\\\/www.lraloeverashop.eu\\\/es\\\/producto\\\/te-cistus-incanus\\\/#breadcrumb\",\"itemListElement\":[{\"@type\":\"ListItem\",\"position\":1,\"name\":\"Home\",\"item\":\"https:\\\/\\\/www.lraloeverashop.eu\\\/es\\\/\"},{\"@type\":\"ListItem\",\"position\":2,\"name\":\"Tienda\",\"item\":\"https:\\\/\\\/www.lraloeverashop.eu\\\/es\\\/tienda\\\/\"},{\"@type\":\"ListItem\",\"position\":3,\"name\":\"T\u00e9 de ba\u00f1o Cistus Incanus\"}]},{\"@type\":\"WebSite\",\"@id\":\"https:\\\/\\\/www.lraloeverashop.eu\\\/es\\\/#website\",\"url\":\"https:\\\/\\\/www.lraloeverashop.eu\\\/es\\\/\",\"name\":\"Lr Tienda Aloe Vera\",\"description\":\"High Quality Lr Aloe Vera Gel, Aloe Vera Cream and Shampoo\",\"publisher\":{\"@id\":\"https:\\\/\\\/www.lraloeverashop.eu\\\/es\\\/#organization\"},\"potentialAction\":[{\"@type\":\"SearchAction\",\"target\":{\"@type\":\"EntryPoint\",\"urlTemplate\":\"https:\\\/\\\/www.lraloeverashop.eu\\\/es\\\/?s={search_term_string}\"},\"query-input\":{\"@type\":\"PropertyValueSpecification\",\"valueRequired\":true,\"valueName\":\"search_term_string\"}}],\"inLanguage\":\"es\"},{\"@type\":\"Organization\",\"@id\":\"https:\\\/\\\/www.lraloeverashop.eu\\\/es\\\/#organization\",\"name\":\"Lr Tienda Aloe Vera\",\"alternateName\":\"LR\",\"url\":\"https:\\\/\\\/www.lraloeverashop.eu\\\/es\\\/\",\"logo\":{\"@type\":\"ImageObject\",\"inLanguage\":\"es\",\"@id\":\"https:\\\/\\\/www.lraloeverashop.eu\\\/es\\\/#\\\/schema\\\/logo\\\/image\\\/\",\"url\":\"https:\\\/\\\/www.lraloeverashop.eu\\\/wp-content\\\/uploads\\\/2022\\\/09\\\/cropped-Lr-Aloe-Vera-Shop.jpg\",\"contentUrl\":\"https:\\\/\\\/www.lraloeverashop.eu\\\/wp-content\\\/uploads\\\/2022\\\/09\\\/cropped-Lr-Aloe-Vera-Shop.jpg\",\"width\":228,\"height\":76,\"caption\":\"Lr Tienda Aloe Vera\"},\"image\":{\"@id\":\"https:\\\/\\\/www.lraloeverashop.eu\\\/es\\\/#\\\/schema\\\/logo\\\/image\\\/\"},\"sameAs\":[\"https:\\\/\\\/www.facebook.com\\\/lraloeverashop.eu\",\"https:\\\/\\\/x.com\\\/natur__kosmetik\",\"https:\\\/\\\/www.youtube.com\\\/channel\\\/UC5oN7BJ8nfYb8RpVtjwDEBA\",\"https:\\\/\\\/www.instagram.com\\\/lrbeautyeu\\\/\"]}]}<\/script>\n<meta property=\"product:price:amount\" content=\"17.89\" \/>\n<meta property=\"product:price:currency\" content=\"EUR\" \/>\n<meta property=\"og:availability\" content=\"out of stock\" \/>\n<meta property=\"product:availability\" content=\"out of stock\" \/>\n<meta property=\"product:retailer_item_id\" content=\"24003-1ES\" \/>\n<meta property=\"product:condition\" content=\"new\" \/>\n<!-- \/ Yoast SEO Premium plugin. -->","yoast_head_json":{"title":"T\u00e9 de ba\u00f1o Cistus Incanus para pieles irritadas y sensibles","description":"T\u00e9 de ba\u00f1o Cistus Incanus para el ba\u00f1o relajante de cara, manos o pies. Especialmente indicado para pieles irritadas y sensibles. Con 95% Cistus, 5% menta.","robots":{"index":"index","follow":"follow","max-snippet":"max-snippet:-1","max-image-preview":"max-image-preview:large","max-video-preview":"max-video-preview:-1"},"canonical":"https:\/\/www.lraloeverashop.eu\/es\/producto\/te-cistus-incanus\/","og_locale":"es_ES","og_type":"article","og_title":"T\u00e9 de ba\u00f1o Cistus Incanus","og_description":"T\u00e9 de ba\u00f1o Cistus Incanus para el ba\u00f1o relajante de cara, manos o pies. Especialmente indicado para pieles irritadas y sensibles. Con 95% Cistus, 5% menta.","og_url":"https:\/\/www.lraloeverashop.eu\/es\/producto\/te-cistus-incanus\/","og_site_name":"Lr Tienda Aloe Vera","article_publisher":"https:\/\/www.facebook.com\/lraloeverashop.eu","article_modified_time":"2025-03-29T18:50:35+00:00","og_image":[{"width":1200,"height":1200,"url":"https:\/\/www.lraloeverashop.eu\/wp-content\/uploads\/2022\/10\/Cistus-Incanus-Bath-Tea.jpg","type":"image\/jpeg"}],"twitter_card":"summary_large_image","twitter_site":"@natur__kosmetik","schema":{"@context":"https:\/\/schema.org","@graph":[{"@type":["WebPage","ItemPage"],"@id":"https:\/\/www.lraloeverashop.eu\/es\/producto\/te-cistus-incanus\/","url":"https:\/\/www.lraloeverashop.eu\/es\/producto\/te-cistus-incanus\/","name":"T\u00e9 de ba\u00f1o Cistus Incanus para pieles irritadas y sensibles","isPartOf":{"@id":"https:\/\/www.lraloeverashop.eu\/es\/#website"},"primaryImageOfPage":{"@id":"https:\/\/www.lraloeverashop.eu\/es\/producto\/te-cistus-incanus\/#primaryimage"},"image":{"@id":"https:\/\/www.lraloeverashop.eu\/es\/producto\/te-cistus-incanus\/#primaryimage"},"thumbnailUrl":"https:\/\/www.lraloeverashop.eu\/wp-content\/uploads\/2022\/10\/Cistus-Incanus-Bath-Tea.jpg","datePublished":"2022-10-12T10:12:17+00:00","dateModified":"2025-03-29T18:50:35+00:00","description":"T\u00e9 de ba\u00f1o Cistus Incanus para el ba\u00f1o relajante de cara, manos o pies. Especialmente indicado para pieles irritadas y sensibles. Con 95% Cistus, 5% menta.","breadcrumb":{"@id":"https:\/\/www.lraloeverashop.eu\/es\/producto\/te-cistus-incanus\/#breadcrumb"},"inLanguage":"es","potentialAction":[{"@type":"ReadAction","target":["https:\/\/www.lraloeverashop.eu\/es\/producto\/te-cistus-incanus\/"]}]},{"@type":"ImageObject","inLanguage":"es","@id":"https:\/\/www.lraloeverashop.eu\/es\/producto\/te-cistus-incanus\/#primaryimage","url":"https:\/\/www.lraloeverashop.eu\/wp-content\/uploads\/2022\/10\/Cistus-Incanus-Bath-Tea.jpg","contentUrl":"https:\/\/www.lraloeverashop.eu\/wp-content\/uploads\/2022\/10\/Cistus-Incanus-Bath-Tea.jpg","width":1200,"height":1200,"caption":"T\u00e9 de ba\u00f1o Cistus Incanus pieles irritadas"},{"@type":"BreadcrumbList","@id":"https:\/\/www.lraloeverashop.eu\/es\/producto\/te-cistus-incanus\/#breadcrumb","itemListElement":[{"@type":"ListItem","position":1,"name":"Home","item":"https:\/\/www.lraloeverashop.eu\/es\/"},{"@type":"ListItem","position":2,"name":"Tienda","item":"https:\/\/www.lraloeverashop.eu\/es\/tienda\/"},{"@type":"ListItem","position":3,"name":"T\u00e9 de ba\u00f1o Cistus Incanus"}]},{"@type":"WebSite","@id":"https:\/\/www.lraloeverashop.eu\/es\/#website","url":"https:\/\/www.lraloeverashop.eu\/es\/","name":"Lr Tienda Aloe Vera","description":"High Quality Lr Aloe Vera Gel, Aloe Vera Cream and Shampoo","publisher":{"@id":"https:\/\/www.lraloeverashop.eu\/es\/#organization"},"potentialAction":[{"@type":"SearchAction","target":{"@type":"EntryPoint","urlTemplate":"https:\/\/www.lraloeverashop.eu\/es\/?s={search_term_string}"},"query-input":{"@type":"PropertyValueSpecification","valueRequired":true,"valueName":"search_term_string"}}],"inLanguage":"es"},{"@type":"Organization","@id":"https:\/\/www.lraloeverashop.eu\/es\/#organization","name":"Lr Tienda Aloe Vera","alternateName":"LR","url":"https:\/\/www.lraloeverashop.eu\/es\/","logo":{"@type":"ImageObject","inLanguage":"es","@id":"https:\/\/www.lraloeverashop.eu\/es\/#\/schema\/logo\/image\/","url":"https:\/\/www.lraloeverashop.eu\/wp-content\/uploads\/2022\/09\/cropped-Lr-Aloe-Vera-Shop.jpg","contentUrl":"https:\/\/www.lraloeverashop.eu\/wp-content\/uploads\/2022\/09\/cropped-Lr-Aloe-Vera-Shop.jpg","width":228,"height":76,"caption":"Lr Tienda Aloe Vera"},"image":{"@id":"https:\/\/www.lraloeverashop.eu\/es\/#\/schema\/logo\/image\/"},"sameAs":["https:\/\/www.facebook.com\/lraloeverashop.eu","https:\/\/x.com\/natur__kosmetik","https:\/\/www.youtube.com\/channel\/UC5oN7BJ8nfYb8RpVtjwDEBA","https:\/\/www.instagram.com\/lrbeautyeu\/"]}]},"product_price_amount":"17.89","product_price_currency":"EUR","og_availability":"out of stock","product_availability":"out of stock","product_retailer_item_id":"24003-1ES","product_condition":"new"},"taxonomy_info":{"product_cat":[{"value":493,"label":"Cistus Incanus"},{"value":469,"label":"Especialistas"},{"value":415,"label":"Productos Especiales"},{"value":451,"label":"Relajaci\u00f3n"}]},"featured_image_src_large":["https:\/\/www.lraloeverashop.eu\/wp-content\/uploads\/2022\/10\/Cistus-Incanus-Bath-Tea-1024x1024.jpg",1024,1024,true],"author_info":[],"comment_info":0,"_links":{"self":[{"href":"https:\/\/www.lraloeverashop.eu\/es\/wp-json\/wp\/v2\/product\/9880","targetHints":{"allow":["GET"]}}],"collection":[{"href":"https:\/\/www.lraloeverashop.eu\/es\/wp-json\/wp\/v2\/product"}],"about":[{"href":"https:\/\/www.lraloeverashop.eu\/es\/wp-json\/wp\/v2\/types\/product"}],"replies":[{"embeddable":true,"href":"https:\/\/www.lraloeverashop.eu\/es\/wp-json\/wp\/v2\/comments?post=9880"}],"wp:featuredmedia":[{"embeddable":true,"href":"https:\/\/www.lraloeverashop.eu\/es\/wp-json\/wp\/v2\/media\/9869"}],"wp:attachment":[{"href":"https:\/\/www.lraloeverashop.eu\/es\/wp-json\/wp\/v2\/media?parent=9880"}],"wp:term":[{"taxonomy":"product_brand","embeddable":true,"href":"https:\/\/www.lraloeverashop.eu\/es\/wp-json\/wp\/v2\/product_brand?post=9880"},{"taxonomy":"product_cat","embeddable":true,"href":"https:\/\/www.lraloeverashop.eu\/es\/wp-json\/wp\/v2\/product_cat?post=9880"},{"taxonomy":"product_tag","embeddable":true,"href":"https:\/\/www.lraloeverashop.eu\/es\/wp-json\/wp\/v2\/product_tag?post=9880"}],"curies":[{"name":"wp","href":"https:\/\/api.w.org\/{rel}","templated":true}]}}