{"id":9861,"date":"2022-10-12T12:27:15","date_gmt":"2022-10-12T10:27:15","guid":{"rendered":"https:\/\/www.lraloeverashop.eu\/product\/probioticos-naturales-pro-12\/"},"modified":"2025-03-29T19:50:20","modified_gmt":"2025-03-29T18:50:20","slug":"probioticos-naturales-pro-12","status":"publish","type":"product","link":"https:\/\/www.lraloeverashop.eu\/es\/producto\/probioticos-naturales-pro-12\/","title":{"rendered":"Probi\u00f3ticos Naturales Pro 12"},"content":{"rendered":"<h2><strong><span style=\"font-size: 16pt;\">Probi\u00f3ticos Naturales Pro 12<\/span><\/strong><\/h2>\n<p><span style=\"font-size: 14pt;\"><strong>Probi\u00f3ticos naturales para ni\u00f1os, mujeres y hombres Apoyan el Bienestar General<\/strong><\/span><\/p>\n<p>El intestino es uno de los \u00f3rganos m\u00e1s grandes del cuerpo humano, que es responsable de nuestro bienestar general y el bienestar de nuestro cuerpo. La pared intestinal est\u00e1 colonizada por una gran cantidad de <a href=\"https:\/\/www.lraloeverashop.eu\/es\/producto\/pro-12-probioticos-capsulas\/\">bacterias<\/a>.<\/p>\n<p>Las Probi\u00f3ticos Naturales Pro 12 apoyan la flora intestinal: cada c\u00e1psula contiene un total de mil millones de bacterias probi\u00f3ticas compuestas de 12 cepas bacterianas diferentes. Esta combinaci\u00f3n es \u00fanica. El equilibrio natural de estas bacterias contribuye en gran medida al buen estado de nuestro cuerpo.<\/p>\n<p>&nbsp;<\/p>\n<h3><span style=\"font-size: 16pt;\"><strong>C\u00f3mo utilizar\u00a0Probi\u00f3ticos<\/strong><\/span><\/h3>\n<p><strong>Dosis diaria recomendada:<\/strong><br \/>\n1 c\u00e1psula de Probi\u00f3ticos Naturales Pro 12 con un vaso de l\u00edquido.<\/p>\n<p>No exceda la dosis diaria recomendada. Los suplementos diet\u00e9ticos no son un sustituto de una dieta rica y <a href=\"https:\/\/www.lraloeverashop.eu\/es\/producto\/pro-balance-pastillas\/\">equilibrada<\/a>, en combinaci\u00f3n con un estilo de vida saludable. Mantenga el producto fuera del alcance de los ni\u00f1os. Puede contener trazas de lactosa y soja.<\/p>\n<p>Cierre el paquete y gu\u00e1rdelo en un lugar seco a temperatura ambiente.<\/p>\n<p>&nbsp;<\/p>\n<h4><span style=\"font-size: 16pt;\"><strong>\u00bfLo Sab\u00edas?<\/strong><\/span><\/h4>\n<p>Probi\u00f3ticos Naturales Pro 12 est\u00e1nos compuesto por estas 12 valiosas cepas de bacterias:<\/p>\n<p>Bifidobacterium longum, Bifidobacterium breve, Bifidobacterium bifidum Bifidobacterium infantis, Bifidobacterium lactis, Lactobacillus plantarum, Lactobacillus casei, Lactobacusus, Lactobausus, Lactobausus, Lactobausus, Lactobacusus, Lactobacusus El fructooligosac\u00e1rido prebi\u00f3tico FOS se incluye adicionalmente.<\/p>\n<p>Esta sustancia alimenta las bacterias probi\u00f3ticas contenidas y act\u00faa como un refuerzo inicial adicional para las bacterias.<\/p>\n<p><strong>PATENTE<\/strong><br \/>\nDebido a su composici\u00f3n especial, esto producto fue patentado. N.\u00ba de patente: EP 2 228 067 A1<\/p>\n","protected":false},"excerpt":{"rendered":"<ul>\n<li>Apoya el bienestar general<\/li>\n<li>Con 12 cepas bacterianas diferentes<\/li>\n<li>Con mil millones de bacterias probi\u00f3ticas por c\u00e1psula.<\/li>\n<li>Proceso patentado de microencapsulaci\u00f3n<\/li>\n<li>Patente No .: EP 2 228 067<\/li>\n<li>Contiene fibras naturales.<\/li>\n<li>Cantenido: 3 x 30 c\u00e1psulas<\/li>\n<\/ul>\n<p>&nbsp;<\/p>\n","protected":false},"featured_media":30096,"comment_status":"open","ping_status":"closed","template":"","meta":{"_kad_blocks_custom_css":"","_kad_blocks_head_custom_js":"","_kad_blocks_body_custom_js":"","_kad_blocks_footer_custom_js":"","_kadence_starter_templates_imported_post":false,"_kad_post_transparent":"default","_kad_post_title":"","_kad_post_layout":"default","_kad_post_sidebar_id":"","_kad_post_content_style":"default","_kad_post_vertical_padding":"default","_kad_post_feature":"","_kad_post_feature_position":"","_kad_post_header":false,"_kad_post_footer":false,"_kad_post_classname":""},"product_brand":[],"product_cat":[458,403,469,439,511,415,350],"product_tag":[693],"class_list":{"0":"post-9861","1":"product","2":"type-product","3":"status-publish","4":"has-post-thumbnail","6":"product_cat-ahorra-en-los-sets","7":"product_cat-base-es","8":"product_cat-especialistas","9":"product_cat-intestinos-y-digestion","10":"product_cat-probioticos-es","11":"product_cat-productos-especiales","12":"product_cat-sistema-inmunologico-y-equilibrio","13":"product_tag-para-refuerzo-inmunologico","15":"first","16":"outofstock","17":"taxable","18":"shipping-taxable","19":"purchasable","20":"product-type-simple","21":"entry","22":"content-bg","23":"loop-entry"},"yoast_head":"<!-- This site is optimized with the Yoast SEO Premium plugin v27.3 (Yoast SEO v27.3) - https:\/\/yoast.com\/product\/yoast-seo-premium-wordpress\/ -->\n<title>Probi\u00f3ticos naturales para ni\u00f1os, mujeres y hombres.<\/title>\n<meta name=\"description\" content=\"Probi\u00f3ticos Naturales Pro 12 incluyen doce valiosas cepas bacterianas. El equilibrio natural de estas bacterias contribuye al buen estado de salud\" \/>\n<meta name=\"robots\" content=\"index, follow, max-snippet:-1, max-image-preview:large, max-video-preview:-1\" \/>\n<link rel=\"canonical\" href=\"https:\/\/www.lraloeverashop.eu\/es\/producto\/probioticos-naturales-pro-12\/\" \/>\n<meta property=\"og:locale\" content=\"es_ES\" \/>\n<meta property=\"og:type\" content=\"article\" \/>\n<meta property=\"og:title\" content=\"Probi\u00f3ticos Naturales Pro 12\" \/>\n<meta property=\"og:description\" content=\"Probi\u00f3ticos Naturales Pro 12 incluyen doce valiosas cepas bacterianas. El equilibrio natural de estas bacterias contribuye al buen estado de salud\" \/>\n<meta property=\"og:url\" content=\"https:\/\/www.lraloeverashop.eu\/es\/producto\/probioticos-naturales-pro-12\/\" \/>\n<meta property=\"og:site_name\" content=\"Lr Tienda Aloe Vera\" \/>\n<meta property=\"article:publisher\" content=\"https:\/\/www.facebook.com\/lraloeverashop.eu\" \/>\n<meta property=\"article:modified_time\" content=\"2025-03-29T18:50:20+00:00\" \/>\n<meta property=\"og:image\" content=\"https:\/\/www.lraloeverashop.eu\/wp-content\/uploads\/2022\/10\/Lr-Probiotic-12-bacteria-3-Set.jpg\" \/>\n\t<meta property=\"og:image:width\" content=\"1200\" \/>\n\t<meta property=\"og:image:height\" content=\"1200\" \/>\n\t<meta property=\"og:image:type\" content=\"image\/jpeg\" \/>\n<meta name=\"twitter:card\" content=\"summary_large_image\" \/>\n<meta name=\"twitter:site\" content=\"@natur__kosmetik\" \/>\n<script type=\"application\/ld+json\" class=\"yoast-schema-graph\">{\"@context\":\"https:\\\/\\\/schema.org\",\"@graph\":[{\"@type\":[\"WebPage\",\"ItemPage\"],\"@id\":\"https:\\\/\\\/www.lraloeverashop.eu\\\/es\\\/producto\\\/probioticos-naturales-pro-12\\\/\",\"url\":\"https:\\\/\\\/www.lraloeverashop.eu\\\/es\\\/producto\\\/probioticos-naturales-pro-12\\\/\",\"name\":\"Probi\u00f3ticos naturales para ni\u00f1os, mujeres y hombres.\",\"isPartOf\":{\"@id\":\"https:\\\/\\\/www.lraloeverashop.eu\\\/es\\\/#website\"},\"primaryImageOfPage\":{\"@id\":\"https:\\\/\\\/www.lraloeverashop.eu\\\/es\\\/producto\\\/probioticos-naturales-pro-12\\\/#primaryimage\"},\"image\":{\"@id\":\"https:\\\/\\\/www.lraloeverashop.eu\\\/es\\\/producto\\\/probioticos-naturales-pro-12\\\/#primaryimage\"},\"thumbnailUrl\":\"https:\\\/\\\/www.lraloeverashop.eu\\\/wp-content\\\/uploads\\\/2026\\\/04\\\/Probiotics-Tablets-Pro-12-Plus.jpg\",\"datePublished\":\"2022-10-12T10:27:15+00:00\",\"dateModified\":\"2025-03-29T18:50:20+00:00\",\"description\":\"Probi\u00f3ticos Naturales Pro 12 incluyen doce valiosas cepas bacterianas. El equilibrio natural de estas bacterias contribuye al buen estado de salud\",\"breadcrumb\":{\"@id\":\"https:\\\/\\\/www.lraloeverashop.eu\\\/es\\\/producto\\\/probioticos-naturales-pro-12\\\/#breadcrumb\"},\"inLanguage\":\"es\",\"potentialAction\":[{\"@type\":\"ReadAction\",\"target\":[\"https:\\\/\\\/www.lraloeverashop.eu\\\/es\\\/producto\\\/probioticos-naturales-pro-12\\\/\"]}]},{\"@type\":\"ImageObject\",\"inLanguage\":\"es\",\"@id\":\"https:\\\/\\\/www.lraloeverashop.eu\\\/es\\\/producto\\\/probioticos-naturales-pro-12\\\/#primaryimage\",\"url\":\"https:\\\/\\\/www.lraloeverashop.eu\\\/wp-content\\\/uploads\\\/2026\\\/04\\\/Probiotics-Tablets-Pro-12-Plus.jpg\",\"contentUrl\":\"https:\\\/\\\/www.lraloeverashop.eu\\\/wp-content\\\/uploads\\\/2026\\\/04\\\/Probiotics-Tablets-Pro-12-Plus.jpg\",\"width\":1200,\"height\":1200,\"caption\":\"Probi\u00f3ticos Naturales Pro 12 Plus para la salud y el bienestar general\"},{\"@type\":\"BreadcrumbList\",\"@id\":\"https:\\\/\\\/www.lraloeverashop.eu\\\/es\\\/producto\\\/probioticos-naturales-pro-12\\\/#breadcrumb\",\"itemListElement\":[{\"@type\":\"ListItem\",\"position\":1,\"name\":\"Home\",\"item\":\"https:\\\/\\\/www.lraloeverashop.eu\\\/es\\\/\"},{\"@type\":\"ListItem\",\"position\":2,\"name\":\"Tienda\",\"item\":\"https:\\\/\\\/www.lraloeverashop.eu\\\/es\\\/tienda\\\/\"},{\"@type\":\"ListItem\",\"position\":3,\"name\":\"Probi\u00f3ticos Naturales Pro 12\"}]},{\"@type\":\"WebSite\",\"@id\":\"https:\\\/\\\/www.lraloeverashop.eu\\\/es\\\/#website\",\"url\":\"https:\\\/\\\/www.lraloeverashop.eu\\\/es\\\/\",\"name\":\"Lr Tienda Aloe Vera\",\"description\":\"High Quality Lr Aloe Vera Gel, Aloe Vera Cream and Shampoo\",\"publisher\":{\"@id\":\"https:\\\/\\\/www.lraloeverashop.eu\\\/es\\\/#organization\"},\"potentialAction\":[{\"@type\":\"SearchAction\",\"target\":{\"@type\":\"EntryPoint\",\"urlTemplate\":\"https:\\\/\\\/www.lraloeverashop.eu\\\/es\\\/?s={search_term_string}\"},\"query-input\":{\"@type\":\"PropertyValueSpecification\",\"valueRequired\":true,\"valueName\":\"search_term_string\"}}],\"inLanguage\":\"es\"},{\"@type\":\"Organization\",\"@id\":\"https:\\\/\\\/www.lraloeverashop.eu\\\/es\\\/#organization\",\"name\":\"Lr Tienda Aloe Vera\",\"alternateName\":\"LR\",\"url\":\"https:\\\/\\\/www.lraloeverashop.eu\\\/es\\\/\",\"logo\":{\"@type\":\"ImageObject\",\"inLanguage\":\"es\",\"@id\":\"https:\\\/\\\/www.lraloeverashop.eu\\\/es\\\/#\\\/schema\\\/logo\\\/image\\\/\",\"url\":\"https:\\\/\\\/www.lraloeverashop.eu\\\/wp-content\\\/uploads\\\/2022\\\/09\\\/cropped-Lr-Aloe-Vera-Shop.jpg\",\"contentUrl\":\"https:\\\/\\\/www.lraloeverashop.eu\\\/wp-content\\\/uploads\\\/2022\\\/09\\\/cropped-Lr-Aloe-Vera-Shop.jpg\",\"width\":228,\"height\":76,\"caption\":\"Lr Tienda Aloe Vera\"},\"image\":{\"@id\":\"https:\\\/\\\/www.lraloeverashop.eu\\\/es\\\/#\\\/schema\\\/logo\\\/image\\\/\"},\"sameAs\":[\"https:\\\/\\\/www.facebook.com\\\/lraloeverashop.eu\",\"https:\\\/\\\/x.com\\\/natur__kosmetik\",\"https:\\\/\\\/www.youtube.com\\\/channel\\\/UC5oN7BJ8nfYb8RpVtjwDEBA\",\"https:\\\/\\\/www.instagram.com\\\/lrbeautyeu\\\/\"]}]}<\/script>\n<meta property=\"product:price:amount\" content=\"145.89\" \/>\n<meta property=\"product:price:currency\" content=\"EUR\" \/>\n<meta property=\"og:availability\" content=\"out of stock\" \/>\n<meta property=\"product:availability\" content=\"out of stock\" \/>\n<meta property=\"product:retailer_item_id\" content=\"80373-599ES\" \/>\n<meta property=\"product:condition\" content=\"new\" \/>\n<!-- \/ Yoast SEO Premium plugin. -->","yoast_head_json":{"title":"Probi\u00f3ticos naturales para ni\u00f1os, mujeres y hombres.","description":"Probi\u00f3ticos Naturales Pro 12 incluyen doce valiosas cepas bacterianas. El equilibrio natural de estas bacterias contribuye al buen estado de salud","robots":{"index":"index","follow":"follow","max-snippet":"max-snippet:-1","max-image-preview":"max-image-preview:large","max-video-preview":"max-video-preview:-1"},"canonical":"https:\/\/www.lraloeverashop.eu\/es\/producto\/probioticos-naturales-pro-12\/","og_locale":"es_ES","og_type":"article","og_title":"Probi\u00f3ticos Naturales Pro 12","og_description":"Probi\u00f3ticos Naturales Pro 12 incluyen doce valiosas cepas bacterianas. El equilibrio natural de estas bacterias contribuye al buen estado de salud","og_url":"https:\/\/www.lraloeverashop.eu\/es\/producto\/probioticos-naturales-pro-12\/","og_site_name":"Lr Tienda Aloe Vera","article_publisher":"https:\/\/www.facebook.com\/lraloeverashop.eu","article_modified_time":"2025-03-29T18:50:20+00:00","og_image":[{"width":1200,"height":1200,"url":"https:\/\/www.lraloeverashop.eu\/wp-content\/uploads\/2022\/10\/Lr-Probiotic-12-bacteria-3-Set.jpg","type":"image\/jpeg"}],"twitter_card":"summary_large_image","twitter_site":"@natur__kosmetik","schema":{"@context":"https:\/\/schema.org","@graph":[{"@type":["WebPage","ItemPage"],"@id":"https:\/\/www.lraloeverashop.eu\/es\/producto\/probioticos-naturales-pro-12\/","url":"https:\/\/www.lraloeverashop.eu\/es\/producto\/probioticos-naturales-pro-12\/","name":"Probi\u00f3ticos naturales para ni\u00f1os, mujeres y hombres.","isPartOf":{"@id":"https:\/\/www.lraloeverashop.eu\/es\/#website"},"primaryImageOfPage":{"@id":"https:\/\/www.lraloeverashop.eu\/es\/producto\/probioticos-naturales-pro-12\/#primaryimage"},"image":{"@id":"https:\/\/www.lraloeverashop.eu\/es\/producto\/probioticos-naturales-pro-12\/#primaryimage"},"thumbnailUrl":"https:\/\/www.lraloeverashop.eu\/wp-content\/uploads\/2026\/04\/Probiotics-Tablets-Pro-12-Plus.jpg","datePublished":"2022-10-12T10:27:15+00:00","dateModified":"2025-03-29T18:50:20+00:00","description":"Probi\u00f3ticos Naturales Pro 12 incluyen doce valiosas cepas bacterianas. El equilibrio natural de estas bacterias contribuye al buen estado de salud","breadcrumb":{"@id":"https:\/\/www.lraloeverashop.eu\/es\/producto\/probioticos-naturales-pro-12\/#breadcrumb"},"inLanguage":"es","potentialAction":[{"@type":"ReadAction","target":["https:\/\/www.lraloeverashop.eu\/es\/producto\/probioticos-naturales-pro-12\/"]}]},{"@type":"ImageObject","inLanguage":"es","@id":"https:\/\/www.lraloeverashop.eu\/es\/producto\/probioticos-naturales-pro-12\/#primaryimage","url":"https:\/\/www.lraloeverashop.eu\/wp-content\/uploads\/2026\/04\/Probiotics-Tablets-Pro-12-Plus.jpg","contentUrl":"https:\/\/www.lraloeverashop.eu\/wp-content\/uploads\/2026\/04\/Probiotics-Tablets-Pro-12-Plus.jpg","width":1200,"height":1200,"caption":"Probi\u00f3ticos Naturales Pro 12 Plus para la salud y el bienestar general"},{"@type":"BreadcrumbList","@id":"https:\/\/www.lraloeverashop.eu\/es\/producto\/probioticos-naturales-pro-12\/#breadcrumb","itemListElement":[{"@type":"ListItem","position":1,"name":"Home","item":"https:\/\/www.lraloeverashop.eu\/es\/"},{"@type":"ListItem","position":2,"name":"Tienda","item":"https:\/\/www.lraloeverashop.eu\/es\/tienda\/"},{"@type":"ListItem","position":3,"name":"Probi\u00f3ticos Naturales Pro 12"}]},{"@type":"WebSite","@id":"https:\/\/www.lraloeverashop.eu\/es\/#website","url":"https:\/\/www.lraloeverashop.eu\/es\/","name":"Lr Tienda Aloe Vera","description":"High Quality Lr Aloe Vera Gel, Aloe Vera Cream and Shampoo","publisher":{"@id":"https:\/\/www.lraloeverashop.eu\/es\/#organization"},"potentialAction":[{"@type":"SearchAction","target":{"@type":"EntryPoint","urlTemplate":"https:\/\/www.lraloeverashop.eu\/es\/?s={search_term_string}"},"query-input":{"@type":"PropertyValueSpecification","valueRequired":true,"valueName":"search_term_string"}}],"inLanguage":"es"},{"@type":"Organization","@id":"https:\/\/www.lraloeverashop.eu\/es\/#organization","name":"Lr Tienda Aloe Vera","alternateName":"LR","url":"https:\/\/www.lraloeverashop.eu\/es\/","logo":{"@type":"ImageObject","inLanguage":"es","@id":"https:\/\/www.lraloeverashop.eu\/es\/#\/schema\/logo\/image\/","url":"https:\/\/www.lraloeverashop.eu\/wp-content\/uploads\/2022\/09\/cropped-Lr-Aloe-Vera-Shop.jpg","contentUrl":"https:\/\/www.lraloeverashop.eu\/wp-content\/uploads\/2022\/09\/cropped-Lr-Aloe-Vera-Shop.jpg","width":228,"height":76,"caption":"Lr Tienda Aloe Vera"},"image":{"@id":"https:\/\/www.lraloeverashop.eu\/es\/#\/schema\/logo\/image\/"},"sameAs":["https:\/\/www.facebook.com\/lraloeverashop.eu","https:\/\/x.com\/natur__kosmetik","https:\/\/www.youtube.com\/channel\/UC5oN7BJ8nfYb8RpVtjwDEBA","https:\/\/www.instagram.com\/lrbeautyeu\/"]}]},"product_price_amount":"145.89","product_price_currency":"EUR","og_availability":"out of stock","product_availability":"out of stock","product_retailer_item_id":"80373-599ES","product_condition":"new"},"taxonomy_info":{"product_cat":[{"value":458,"label":"Ahorra en los sets"},{"value":403,"label":"Base"},{"value":469,"label":"Especialistas"},{"value":439,"label":"Intestinos y Digesti\u00f3n"},{"value":511,"label":"Probi\u00f3ticos"},{"value":415,"label":"Productos Especiales"},{"value":350,"label":"Sistema inmunol\u00f3gico y equilibrio"}],"product_tag":[{"value":693,"label":"para refuerzo inmunol\u00f3gico"}]},"featured_image_src_large":["https:\/\/www.lraloeverashop.eu\/wp-content\/uploads\/2026\/04\/Probiotics-Tablets-Pro-12-Plus-1024x1024.jpg",1024,1024,true],"author_info":[],"comment_info":0,"_links":{"self":[{"href":"https:\/\/www.lraloeverashop.eu\/es\/wp-json\/wp\/v2\/product\/9861","targetHints":{"allow":["GET"]}}],"collection":[{"href":"https:\/\/www.lraloeverashop.eu\/es\/wp-json\/wp\/v2\/product"}],"about":[{"href":"https:\/\/www.lraloeverashop.eu\/es\/wp-json\/wp\/v2\/types\/product"}],"replies":[{"embeddable":true,"href":"https:\/\/www.lraloeverashop.eu\/es\/wp-json\/wp\/v2\/comments?post=9861"}],"wp:featuredmedia":[{"embeddable":true,"href":"https:\/\/www.lraloeverashop.eu\/es\/wp-json\/wp\/v2\/media\/30096"}],"wp:attachment":[{"href":"https:\/\/www.lraloeverashop.eu\/es\/wp-json\/wp\/v2\/media?parent=9861"}],"wp:term":[{"taxonomy":"product_brand","embeddable":true,"href":"https:\/\/www.lraloeverashop.eu\/es\/wp-json\/wp\/v2\/product_brand?post=9861"},{"taxonomy":"product_cat","embeddable":true,"href":"https:\/\/www.lraloeverashop.eu\/es\/wp-json\/wp\/v2\/product_cat?post=9861"},{"taxonomy":"product_tag","embeddable":true,"href":"https:\/\/www.lraloeverashop.eu\/es\/wp-json\/wp\/v2\/product_tag?post=9861"}],"curies":[{"name":"wp","href":"https:\/\/api.w.org\/{rel}","templated":true}]}}