{"id":9835,"date":"2022-10-12T21:14:55","date_gmt":"2022-10-12T19:14:55","guid":{"rendered":"https:\/\/www.lraloeverashop.eu\/product\/ganoderma-en-capsulas\/"},"modified":"2026-02-09T05:09:16","modified_gmt":"2026-02-09T04:09:16","slug":"ganoderma-en-capsulas","status":"publish","type":"product","link":"https:\/\/www.lraloeverashop.eu\/es\/producto\/ganoderma-en-capsulas\/","title":{"rendered":"Ganoderma en Capsulas Set \u00abReishi\u00bb"},"content":{"rendered":"<p><img loading=\"lazy\" decoding=\"async\" class=\"aligncenter wp-image-2843 \" src=\"https:\/\/www.lraloeverashop.eu\/wp-content\/uploads\/2022\/10\/Red-Reishi-mushrom.jpg\" alt=\"Red-Reishi-mushrom\" width=\"1525\" height=\"477\" srcset=\"https:\/\/www.lraloeverashop.eu\/wp-content\/uploads\/2022\/10\/Red-Reishi-mushrom.jpg 960w, https:\/\/www.lraloeverashop.eu\/wp-content\/uploads\/2022\/10\/Red-Reishi-mushrom-600x188.jpg 600w, https:\/\/www.lraloeverashop.eu\/wp-content\/uploads\/2022\/10\/Red-Reishi-mushrom-300x94.jpg 300w, https:\/\/www.lraloeverashop.eu\/wp-content\/uploads\/2022\/10\/Red-Reishi-mushrom-768x240.jpg 768w\" sizes=\"auto, (max-width: 1525px) 100vw, 1525px\" \/><\/p>\n<h2><span style=\"font-size: 16pt;\"><strong>Ganoderma en Capsulas Set \u00abReishi\u00bb<\/strong><\/span><\/h2>\n<p><span style=\"font-size: 14pt;\"><strong>Ganoderma en Capsulas \u00abReishi\u00bb Contribuye a un metabolismo energ\u00e9tico normal<\/strong><\/span><\/p>\n<p>Las Ganoderma en Capsulas contienen extracto de alta calidad y polvo de hongos llamado Reishi. Reishi, llamado Ganoderma, es un hongo par\u00e1sito inconcebible que crece libremente en los bosques de robles y carpes en el sudeste asi\u00e1tico (Jap\u00f3n, China, Corea) y se llama \u00abel hongo divino de la inmortalidad\u00bb o \u00abesponja de poder espiritual\u00bb por sus fuertes efectos sobre la salud humana.<\/p>\n<p>Gracias a sus efectos, ocupa el primer lugar en Asia entre las plantas medicinales, incluso antes del ginseng m\u00e1s conocido, y se conoce como la Emperatriz de las plantas medicinales.<\/p>\n<p>Fue descubierto para el mundo occidental a principios del siglo XX, aunque la humanidad ha conocido y utilizado sus sorprendentes efectos durante m\u00e1s de 4000 a\u00f1os. En total hay alrededor de 2.000 tipos de hongos, seis de los cuales tienen <a href=\"https:\/\/www.lraloeverashop.eu\/es\/producto\/lr-aloe-vera-gel-bebible-sivera\/\">efectos terap\u00e9uticos<\/a>. Los mayores efectos se muestran en Reishi rojo, que se debe a la cantidad de polisac\u00e1ridos presentes.<\/p>\n<p>En Lr Ganoderma en Capsulas se usa solo Reishi rojo. Sus efectos terap\u00e9uticos han sido confirmados por estudios cient\u00edficos en los EE. UU. Y Jap\u00f3n y, por lo tanto, se han utilizado ampliamente como tratamiento complementario en el mundo occidental.<\/p>\n<p>Ahora en Jap\u00f3n, el rojo Reishi se cultiva en condiciones estrictas para mantener un alto contenido de sustancias activas y, por lo tanto, la eficiencia del producto.<\/p>\n<div class=\"entry-content-asset videofit\"><iframe loading=\"lazy\" title=\"Reishi En C\u00e1psulas \u2013 El Ganoderma Lucidum El Hongo De Larga Vida\" width=\"720\" height=\"405\" src=\"https:\/\/www.youtube.com\/embed\/yDa23klea3s?feature=oembed\" frameborder=\"0\" allow=\"accelerometer; autoplay; clipboard-write; encrypted-media; gyroscope; picture-in-picture; web-share\" referrerpolicy=\"strict-origin-when-cross-origin\" allowfullscreen><\/iframe><\/div>\n<p>&nbsp;<\/p>\n<p>Reishi contiene, adem\u00e1s de polisac\u00e1ridos altamente activos inmunol\u00f3gicamente (betaglucanos), otras sustancias y oligoelementos inmunes y metab\u00f3licamente activos. Estos incluyen 17 amino\u00e1cidos, todos los cuales son esenciales, tienen un alto contenido de hierro, selenio y <a href=\"https:\/\/es.wikipedia.org\/wiki\/Vitaminas_del_grupo_B\">vitamina B<\/a>; Apoya el sistema cardiovascular y contribuye a influir en la presi\u00f3n arterial y el metabolismo de las grasas.<\/p>\n<p>&nbsp;<\/p>\n<h3><strong><span style=\"font-size: 16pt;\">Los principales efectos de Reishi en las siguientes \u00e1reas:<\/span><\/strong><\/h3>\n<ul>\n<li>antitumoral: aumenta la inmunidad (reduce el PSA) Reishi reduce la fatiga<\/li>\n<li>antial\u00e9rgico, antiinflamatorio<\/li>\n<li>analg\u00e9sico<\/li>\n<li>uso mejorado de ox\u00edgeno por el m\u00fasculo card\u00edaco, flujo sangu\u00edneo<\/li>\n<li>Reduce los valores de colesterol, LDL, presi\u00f3n arterial<\/li>\n<li>antibacteriano, viral, <a href=\"https:\/\/www.lraloeverashop.eu\/es\/producto\/reishi-en-capsulas\/\">antioxidante<\/a><\/li>\n<li>mejora la proliferaci\u00f3n de la m\u00e9dula \u00f3sea, promoviendo la hematopoyesis<\/li>\n<li>mejora la funci\u00f3n adrenocortical &#8211; funci\u00f3n suprarrenal<\/li>\n<li>regenera el epitelio bronquial, el revestimiento de las v\u00edas respiratorias<\/li>\n<li>reduce la formaci\u00f3n de co\u00e1gulos sangu\u00edneos<\/li>\n<li>hepatoprotector &#8211; hepatitis, mononucleosis infecciosa<\/li>\n<\/ul>\n<p>&nbsp;<\/p>\n<p>Ganoderma en Capsulas se pueden usar solas o juntas, preferiblemente en combinaci\u00f3n con Gel Bebible de Aloe Vera. La dosis es individual y depende del tipo de enfermedad y su gravedad. Tambi\u00e9n se puede usar en combinaci\u00f3n con <a href=\"https:\/\/www.lraloeverashop.eu\/es\/tienda\/\">otros productos<\/a>.<\/p>\n<ol>\n<li>La vitamina C contribuye a un metabolismo energ\u00e9tico normal.<\/li>\n<li>La vitamina C protege contra el estr\u00e9s oxidativo y ayuda a reducir la fatiga y la fatiga.<\/li>\n<\/ol>\n<h2><strong><span style=\"font-size: 16pt;\">C\u00f3mo utilizar Ganoderma en Capsulas<\/span><\/strong><\/h2>\n<p><strong>D\u00f3sis recomendada:<\/strong>\u00a01 c\u00e1psula al d\u00eda<br \/>\nNo se debe exceder la dosis diaria recomendada. Los suplementos diet\u00e9ticos no son un sustituto de una dieta variada y equilibrada, que es importante junto con un estilo de vida saludable. Mantenga el producto fuera del alcance de los <a href=\"https:\/\/www.lraloeverashop.eu\/es\/categoria-producto\/aloe-vera-es\/cuidado-bebes\/\">ni\u00f1os peque\u00f1os<\/a>. Almacenar fresco y seco.<\/p>\n<h3><strong><span style=\"font-size: 16pt;\">Preguntas m\u00e1s frecuentes<\/span><\/strong><\/h3>\n<p><strong>\u00bfC\u00f3mo crece el hongo Reishi?<\/strong><br \/>\nEl reishi es un sapr\u00f3fito, es decir, un hongo que vive en madera muerta, que crece en tocones, ra\u00edces o en la base de robles y hayas y se alimenta de ellos. Como tuvo que depender exclusivamente de hongos silvestres durante mucho tiempo, encontrar un Ling Zhi fue un golpe de suerte y un buen augurio. En la d\u00e9cada de 1970 se desarroll\u00f3 un proceso para cultivar el Reishi en grandes granjas de cr\u00eda en todo el mundo. El hongo utilizado en el Ganoderma en Capsulas no proviene de colecciones silvestres.<\/p>\n","protected":false},"excerpt":{"rendered":"<ul>\n<li>Contribuye a un metabolismo energ\u00e9tico normal\u00b9<\/li>\n<li>Reduce la fatiga\u00b2<\/li>\n<li>Durante milenios, parte de la tradici\u00f3n del Lejano Oriente<\/li>\n<li>Con extractos y polvo de Reishi<\/li>\n<li>Con vitamina C<\/li>\n<li>Vegan y sin lactosa<\/li>\n<li>Contenido: 3 x 30 C\u00e1psulas<\/li>\n<\/ul>\n<p><span style=\"color: #ff0000;\"><a style=\"color: #ff0000;\" href=\"https:\/\/shop.lrworld.com\/openpao?PHP=0vFlt7jT938BEnBI3a6e9w%3D%3D\"><span style=\"font-size: 14pt;\"><strong>Reg\u00edstrate aqu\u00ed y ahorra 35% en cada compra<\/strong><\/span><\/a><\/span><\/p>\n","protected":false},"featured_media":5675,"comment_status":"open","ping_status":"closed","template":"","meta":{"_kad_blocks_custom_css":"","_kad_blocks_head_custom_js":"","_kad_blocks_body_custom_js":"","_kad_blocks_footer_custom_js":"","_kadence_starter_templates_imported_post":false,"_kad_post_transparent":"default","_kad_post_title":"","_kad_post_layout":"default","_kad_post_sidebar_id":"","_kad_post_content_style":"default","_kad_post_vertical_padding":"default","_kad_post_feature":"","_kad_post_feature_position":"","_kad_post_header":false,"_kad_post_footer":false,"_kad_post_classname":""},"product_brand":[],"product_cat":[458,403,427,469,415,350],"product_tag":[693],"class_list":{"0":"post-9835","1":"product","2":"type-product","3":"status-publish","4":"has-post-thumbnail","6":"product_cat-ahorra-en-los-sets","7":"product_cat-base-es","8":"product_cat-corazon-y-circulacion","9":"product_cat-especialistas","10":"product_cat-productos-especiales","11":"product_cat-sistema-inmunologico-y-equilibrio","12":"product_tag-para-refuerzo-inmunologico","14":"first","15":"instock","16":"taxable","17":"shipping-taxable","18":"purchasable","19":"product-type-simple","20":"entry","21":"content-bg","22":"loop-entry"},"yoast_head":"<!-- This site is optimized with the Yoast SEO Premium plugin v27.4 (Yoast SEO v27.4) - https:\/\/yoast.com\/product\/yoast-seo-premium-wordpress\/ -->\n<title>Ganoderma en Capsulas &quot;Reishi&quot; apoya el sistema cardiovascular.<\/title>\n<meta name=\"description\" content=\"Ganoderma en Capsulas con extractos y polvo de Reishi reduce la fatiga y apoya el metabolismo. Ganoderma contiene 17 amino\u00e1cidos esenciales\" \/>\n<meta name=\"robots\" content=\"index, follow, max-snippet:-1, max-image-preview:large, max-video-preview:-1\" \/>\n<link rel=\"canonical\" href=\"https:\/\/www.lraloeverashop.eu\/es\/producto\/ganoderma-en-capsulas\/\" \/>\n<meta property=\"og:locale\" content=\"es_ES\" \/>\n<meta property=\"og:type\" content=\"article\" \/>\n<meta property=\"og:title\" content=\"Ganoderma en Capsulas Set &quot;Reishi&quot;\" \/>\n<meta property=\"og:description\" content=\"Ganoderma en Capsulas con extractos y polvo de Reishi reduce la fatiga y apoya el metabolismo. Ganoderma contiene 17 amino\u00e1cidos esenciales\" \/>\n<meta property=\"og:url\" content=\"https:\/\/www.lraloeverashop.eu\/es\/producto\/ganoderma-en-capsulas\/\" \/>\n<meta property=\"og:site_name\" content=\"Lr Tienda Aloe Vera\" \/>\n<meta property=\"article:publisher\" content=\"https:\/\/www.facebook.com\/lraloeverashop.eu\" \/>\n<meta property=\"article:modified_time\" content=\"2026-02-09T04:09:16+00:00\" \/>\n<meta property=\"og:image\" content=\"https:\/\/www.lraloeverashop.eu\/wp-content\/uploads\/2022\/10\/Lr-Reishi-triple-pack-cost-less-money.jpg\" \/>\n\t<meta property=\"og:image:width\" content=\"1200\" \/>\n\t<meta property=\"og:image:height\" content=\"1200\" \/>\n\t<meta property=\"og:image:type\" content=\"image\/jpeg\" \/>\n<meta name=\"twitter:card\" content=\"summary_large_image\" \/>\n<meta name=\"twitter:site\" content=\"@natur__kosmetik\" \/>\n<script type=\"application\/ld+json\" class=\"yoast-schema-graph\">{\"@context\":\"https:\\\/\\\/schema.org\",\"@graph\":[{\"@type\":[\"WebPage\",\"ItemPage\"],\"@id\":\"https:\\\/\\\/www.lraloeverashop.eu\\\/es\\\/producto\\\/ganoderma-en-capsulas\\\/\",\"url\":\"https:\\\/\\\/www.lraloeverashop.eu\\\/es\\\/producto\\\/ganoderma-en-capsulas\\\/\",\"name\":\"Ganoderma en Capsulas \\\"Reishi\\\" apoya el sistema cardiovascular.\",\"isPartOf\":{\"@id\":\"https:\\\/\\\/www.lraloeverashop.eu\\\/es\\\/#website\"},\"primaryImageOfPage\":{\"@id\":\"https:\\\/\\\/www.lraloeverashop.eu\\\/es\\\/producto\\\/ganoderma-en-capsulas\\\/#primaryimage\"},\"image\":{\"@id\":\"https:\\\/\\\/www.lraloeverashop.eu\\\/es\\\/producto\\\/ganoderma-en-capsulas\\\/#primaryimage\"},\"thumbnailUrl\":\"https:\\\/\\\/www.lraloeverashop.eu\\\/wp-content\\\/uploads\\\/2022\\\/10\\\/Lr-Reishi-triple-pack-cost-less-money.jpg\",\"datePublished\":\"2022-10-12T19:14:55+00:00\",\"dateModified\":\"2026-02-09T04:09:16+00:00\",\"description\":\"Ganoderma en Capsulas con extractos y polvo de Reishi reduce la fatiga y apoya el metabolismo. Ganoderma contiene 17 amino\u00e1cidos esenciales\",\"breadcrumb\":{\"@id\":\"https:\\\/\\\/www.lraloeverashop.eu\\\/es\\\/producto\\\/ganoderma-en-capsulas\\\/#breadcrumb\"},\"inLanguage\":\"es\",\"potentialAction\":[{\"@type\":\"ReadAction\",\"target\":[\"https:\\\/\\\/www.lraloeverashop.eu\\\/es\\\/producto\\\/ganoderma-en-capsulas\\\/\"]}]},{\"@type\":\"ImageObject\",\"inLanguage\":\"es\",\"@id\":\"https:\\\/\\\/www.lraloeverashop.eu\\\/es\\\/producto\\\/ganoderma-en-capsulas\\\/#primaryimage\",\"url\":\"https:\\\/\\\/www.lraloeverashop.eu\\\/wp-content\\\/uploads\\\/2022\\\/10\\\/Lr-Reishi-triple-pack-cost-less-money.jpg\",\"contentUrl\":\"https:\\\/\\\/www.lraloeverashop.eu\\\/wp-content\\\/uploads\\\/2022\\\/10\\\/Lr-Reishi-triple-pack-cost-less-money.jpg\",\"width\":1200,\"height\":1200,\"caption\":\"Lr Reishi Plus paquete triple de c\u00e1psulas cuesta menos dinero\"},{\"@type\":\"BreadcrumbList\",\"@id\":\"https:\\\/\\\/www.lraloeverashop.eu\\\/es\\\/producto\\\/ganoderma-en-capsulas\\\/#breadcrumb\",\"itemListElement\":[{\"@type\":\"ListItem\",\"position\":1,\"name\":\"Home\",\"item\":\"https:\\\/\\\/www.lraloeverashop.eu\\\/es\\\/\"},{\"@type\":\"ListItem\",\"position\":2,\"name\":\"Tienda\",\"item\":\"https:\\\/\\\/www.lraloeverashop.eu\\\/es\\\/tienda\\\/\"},{\"@type\":\"ListItem\",\"position\":3,\"name\":\"Ganoderma en Capsulas Set &#8220;Reishi&#8221;\"}]},{\"@type\":\"WebSite\",\"@id\":\"https:\\\/\\\/www.lraloeverashop.eu\\\/es\\\/#website\",\"url\":\"https:\\\/\\\/www.lraloeverashop.eu\\\/es\\\/\",\"name\":\"Lr Tienda Aloe Vera\",\"description\":\"High Quality Lr Aloe Vera Gel, Aloe Vera Cream and Shampoo\",\"publisher\":{\"@id\":\"https:\\\/\\\/www.lraloeverashop.eu\\\/es\\\/#organization\"},\"potentialAction\":[{\"@type\":\"SearchAction\",\"target\":{\"@type\":\"EntryPoint\",\"urlTemplate\":\"https:\\\/\\\/www.lraloeverashop.eu\\\/es\\\/?s={search_term_string}\"},\"query-input\":{\"@type\":\"PropertyValueSpecification\",\"valueRequired\":true,\"valueName\":\"search_term_string\"}}],\"inLanguage\":\"es\"},{\"@type\":\"Organization\",\"@id\":\"https:\\\/\\\/www.lraloeverashop.eu\\\/es\\\/#organization\",\"name\":\"Lr Tienda Aloe Vera\",\"alternateName\":\"LR\",\"url\":\"https:\\\/\\\/www.lraloeverashop.eu\\\/es\\\/\",\"logo\":{\"@type\":\"ImageObject\",\"inLanguage\":\"es\",\"@id\":\"https:\\\/\\\/www.lraloeverashop.eu\\\/es\\\/#\\\/schema\\\/logo\\\/image\\\/\",\"url\":\"https:\\\/\\\/www.lraloeverashop.eu\\\/wp-content\\\/uploads\\\/2022\\\/09\\\/cropped-Lr-Aloe-Vera-Shop.jpg\",\"contentUrl\":\"https:\\\/\\\/www.lraloeverashop.eu\\\/wp-content\\\/uploads\\\/2022\\\/09\\\/cropped-Lr-Aloe-Vera-Shop.jpg\",\"width\":228,\"height\":76,\"caption\":\"Lr Tienda Aloe Vera\"},\"image\":{\"@id\":\"https:\\\/\\\/www.lraloeverashop.eu\\\/es\\\/#\\\/schema\\\/logo\\\/image\\\/\"},\"sameAs\":[\"https:\\\/\\\/www.facebook.com\\\/lraloeverashop.eu\",\"https:\\\/\\\/x.com\\\/natur__kosmetik\",\"https:\\\/\\\/www.youtube.com\\\/channel\\\/UC5oN7BJ8nfYb8RpVtjwDEBA\",\"https:\\\/\\\/www.instagram.com\\\/lrbeautyeu\\\/\"],\"description\":\"La tienda Lr Aloe Vera es tu destino de confianza para productos premium de salud y belleza LR, fabricados en Alemania. Ofrecemos soluciones de alta calidad para el cuidado de la piel, nutrici\u00f3n y antienvejecimiento con Aloe Vera, elaboradas con ingredientes puros y respaldadas por investigaci\u00f3n cient\u00edfica. Descubre un cuidado natural que regenera, protege y revitaliza tu piel, y disfruta de ofertas mensuales exclusivas en nuestros productos LR Aloe Vera m\u00e1s vendidos.\\n\\nComienza hoy mismo tu camino hacia el cuidado natural de la piel y siente la diferencia.\",\"email\":\"info@lraloeverashop.eu\",\"telephone\":\"+49 17670609653\",\"legalName\":\"Lr Aloe Vera Shop\",\"foundingDate\":\"2018-04-21\",\"numberOfEmployees\":{\"@type\":\"QuantitativeValue\",\"minValue\":\"1\",\"maxValue\":\"10\"}}]}<\/script>\n<meta property=\"product:price:amount\" content=\"142.99\" \/>\n<meta property=\"product:price:currency\" content=\"EUR\" \/>\n<meta property=\"og:availability\" content=\"instock\" \/>\n<meta property=\"product:availability\" content=\"instock\" \/>\n<meta property=\"product:retailer_item_id\" content=\"80147-401ES\" \/>\n<meta property=\"product:condition\" content=\"new\" \/>\n<!-- \/ Yoast SEO Premium plugin. -->","yoast_head_json":{"title":"Ganoderma en Capsulas \"Reishi\" apoya el sistema cardiovascular.","description":"Ganoderma en Capsulas con extractos y polvo de Reishi reduce la fatiga y apoya el metabolismo. Ganoderma contiene 17 amino\u00e1cidos esenciales","robots":{"index":"index","follow":"follow","max-snippet":"max-snippet:-1","max-image-preview":"max-image-preview:large","max-video-preview":"max-video-preview:-1"},"canonical":"https:\/\/www.lraloeverashop.eu\/es\/producto\/ganoderma-en-capsulas\/","og_locale":"es_ES","og_type":"article","og_title":"Ganoderma en Capsulas Set \"Reishi\"","og_description":"Ganoderma en Capsulas con extractos y polvo de Reishi reduce la fatiga y apoya el metabolismo. Ganoderma contiene 17 amino\u00e1cidos esenciales","og_url":"https:\/\/www.lraloeverashop.eu\/es\/producto\/ganoderma-en-capsulas\/","og_site_name":"Lr Tienda Aloe Vera","article_publisher":"https:\/\/www.facebook.com\/lraloeverashop.eu","article_modified_time":"2026-02-09T04:09:16+00:00","og_image":[{"width":1200,"height":1200,"url":"https:\/\/www.lraloeverashop.eu\/wp-content\/uploads\/2022\/10\/Lr-Reishi-triple-pack-cost-less-money.jpg","type":"image\/jpeg"}],"twitter_card":"summary_large_image","twitter_site":"@natur__kosmetik","schema":{"@context":"https:\/\/schema.org","@graph":[{"@type":["WebPage","ItemPage"],"@id":"https:\/\/www.lraloeverashop.eu\/es\/producto\/ganoderma-en-capsulas\/","url":"https:\/\/www.lraloeverashop.eu\/es\/producto\/ganoderma-en-capsulas\/","name":"Ganoderma en Capsulas \"Reishi\" apoya el sistema cardiovascular.","isPartOf":{"@id":"https:\/\/www.lraloeverashop.eu\/es\/#website"},"primaryImageOfPage":{"@id":"https:\/\/www.lraloeverashop.eu\/es\/producto\/ganoderma-en-capsulas\/#primaryimage"},"image":{"@id":"https:\/\/www.lraloeverashop.eu\/es\/producto\/ganoderma-en-capsulas\/#primaryimage"},"thumbnailUrl":"https:\/\/www.lraloeverashop.eu\/wp-content\/uploads\/2022\/10\/Lr-Reishi-triple-pack-cost-less-money.jpg","datePublished":"2022-10-12T19:14:55+00:00","dateModified":"2026-02-09T04:09:16+00:00","description":"Ganoderma en Capsulas con extractos y polvo de Reishi reduce la fatiga y apoya el metabolismo. Ganoderma contiene 17 amino\u00e1cidos esenciales","breadcrumb":{"@id":"https:\/\/www.lraloeverashop.eu\/es\/producto\/ganoderma-en-capsulas\/#breadcrumb"},"inLanguage":"es","potentialAction":[{"@type":"ReadAction","target":["https:\/\/www.lraloeverashop.eu\/es\/producto\/ganoderma-en-capsulas\/"]}]},{"@type":"ImageObject","inLanguage":"es","@id":"https:\/\/www.lraloeverashop.eu\/es\/producto\/ganoderma-en-capsulas\/#primaryimage","url":"https:\/\/www.lraloeverashop.eu\/wp-content\/uploads\/2022\/10\/Lr-Reishi-triple-pack-cost-less-money.jpg","contentUrl":"https:\/\/www.lraloeverashop.eu\/wp-content\/uploads\/2022\/10\/Lr-Reishi-triple-pack-cost-less-money.jpg","width":1200,"height":1200,"caption":"Lr Reishi Plus paquete triple de c\u00e1psulas cuesta menos dinero"},{"@type":"BreadcrumbList","@id":"https:\/\/www.lraloeverashop.eu\/es\/producto\/ganoderma-en-capsulas\/#breadcrumb","itemListElement":[{"@type":"ListItem","position":1,"name":"Home","item":"https:\/\/www.lraloeverashop.eu\/es\/"},{"@type":"ListItem","position":2,"name":"Tienda","item":"https:\/\/www.lraloeverashop.eu\/es\/tienda\/"},{"@type":"ListItem","position":3,"name":"Ganoderma en Capsulas Set &#8220;Reishi&#8221;"}]},{"@type":"WebSite","@id":"https:\/\/www.lraloeverashop.eu\/es\/#website","url":"https:\/\/www.lraloeverashop.eu\/es\/","name":"Lr Tienda Aloe Vera","description":"High Quality Lr Aloe Vera Gel, Aloe Vera Cream and Shampoo","publisher":{"@id":"https:\/\/www.lraloeverashop.eu\/es\/#organization"},"potentialAction":[{"@type":"SearchAction","target":{"@type":"EntryPoint","urlTemplate":"https:\/\/www.lraloeverashop.eu\/es\/?s={search_term_string}"},"query-input":{"@type":"PropertyValueSpecification","valueRequired":true,"valueName":"search_term_string"}}],"inLanguage":"es"},{"@type":"Organization","@id":"https:\/\/www.lraloeverashop.eu\/es\/#organization","name":"Lr Tienda Aloe Vera","alternateName":"LR","url":"https:\/\/www.lraloeverashop.eu\/es\/","logo":{"@type":"ImageObject","inLanguage":"es","@id":"https:\/\/www.lraloeverashop.eu\/es\/#\/schema\/logo\/image\/","url":"https:\/\/www.lraloeverashop.eu\/wp-content\/uploads\/2022\/09\/cropped-Lr-Aloe-Vera-Shop.jpg","contentUrl":"https:\/\/www.lraloeverashop.eu\/wp-content\/uploads\/2022\/09\/cropped-Lr-Aloe-Vera-Shop.jpg","width":228,"height":76,"caption":"Lr Tienda Aloe Vera"},"image":{"@id":"https:\/\/www.lraloeverashop.eu\/es\/#\/schema\/logo\/image\/"},"sameAs":["https:\/\/www.facebook.com\/lraloeverashop.eu","https:\/\/x.com\/natur__kosmetik","https:\/\/www.youtube.com\/channel\/UC5oN7BJ8nfYb8RpVtjwDEBA","https:\/\/www.instagram.com\/lrbeautyeu\/"],"description":"La tienda Lr Aloe Vera es tu destino de confianza para productos premium de salud y belleza LR, fabricados en Alemania. Ofrecemos soluciones de alta calidad para el cuidado de la piel, nutrici\u00f3n y antienvejecimiento con Aloe Vera, elaboradas con ingredientes puros y respaldadas por investigaci\u00f3n cient\u00edfica. Descubre un cuidado natural que regenera, protege y revitaliza tu piel, y disfruta de ofertas mensuales exclusivas en nuestros productos LR Aloe Vera m\u00e1s vendidos.\n\nComienza hoy mismo tu camino hacia el cuidado natural de la piel y siente la diferencia.","email":"info@lraloeverashop.eu","telephone":"+49 17670609653","legalName":"Lr Aloe Vera Shop","foundingDate":"2018-04-21","numberOfEmployees":{"@type":"QuantitativeValue","minValue":"1","maxValue":"10"}}]},"product_price_amount":"142.99","product_price_currency":"EUR","og_availability":"instock","product_availability":"instock","product_retailer_item_id":"80147-401ES","product_condition":"new"},"taxonomy_info":{"product_cat":[{"value":458,"label":"Ahorra en los sets"},{"value":403,"label":"Base"},{"value":427,"label":"Coraz\u00f3n y Circulaci\u00f3n"},{"value":469,"label":"Especialistas"},{"value":415,"label":"Productos Especiales"},{"value":350,"label":"Sistema inmunol\u00f3gico y equilibrio"}],"product_tag":[{"value":693,"label":"para refuerzo inmunol\u00f3gico"}]},"featured_image_src_large":["https:\/\/www.lraloeverashop.eu\/wp-content\/uploads\/2022\/10\/Lr-Reishi-triple-pack-cost-less-money-1024x1024.jpg",1024,1024,true],"author_info":[],"comment_info":0,"_links":{"self":[{"href":"https:\/\/www.lraloeverashop.eu\/es\/wp-json\/wp\/v2\/product\/9835","targetHints":{"allow":["GET"]}}],"collection":[{"href":"https:\/\/www.lraloeverashop.eu\/es\/wp-json\/wp\/v2\/product"}],"about":[{"href":"https:\/\/www.lraloeverashop.eu\/es\/wp-json\/wp\/v2\/types\/product"}],"replies":[{"embeddable":true,"href":"https:\/\/www.lraloeverashop.eu\/es\/wp-json\/wp\/v2\/comments?post=9835"}],"wp:featuredmedia":[{"embeddable":true,"href":"https:\/\/www.lraloeverashop.eu\/es\/wp-json\/wp\/v2\/media\/5675"}],"wp:attachment":[{"href":"https:\/\/www.lraloeverashop.eu\/es\/wp-json\/wp\/v2\/media?parent=9835"}],"wp:term":[{"taxonomy":"product_brand","embeddable":true,"href":"https:\/\/www.lraloeverashop.eu\/es\/wp-json\/wp\/v2\/product_brand?post=9835"},{"taxonomy":"product_cat","embeddable":true,"href":"https:\/\/www.lraloeverashop.eu\/es\/wp-json\/wp\/v2\/product_cat?post=9835"},{"taxonomy":"product_tag","embeddable":true,"href":"https:\/\/www.lraloeverashop.eu\/es\/wp-json\/wp\/v2\/product_tag?post=9835"}],"curies":[{"name":"wp","href":"https:\/\/api.w.org\/{rel}","templated":true}]}}