{"id":9833,"date":"2022-10-12T12:32:37","date_gmt":"2022-10-12T10:32:37","guid":{"rendered":"https:\/\/www.lraloeverashop.eu\/product\/reishi-en-capsulas\/"},"modified":"2026-02-09T05:09:26","modified_gmt":"2026-02-09T04:09:26","slug":"reishi-en-capsulas","status":"publish","type":"product","link":"https:\/\/www.lraloeverashop.eu\/es\/producto\/reishi-en-capsulas\/","title":{"rendered":"Reishi En C\u00e1psulas"},"content":{"rendered":"<p><img loading=\"lazy\" decoding=\"async\" class=\"aligncenter wp-image-2843 \" src=\"https:\/\/www.lraloeverashop.eu\/wp-content\/uploads\/2022\/10\/Red-Reishi-mushrom.jpg\" alt=\"Red-Reishi-mushrom\" width=\"1525\" height=\"477\" srcset=\"https:\/\/www.lraloeverashop.eu\/wp-content\/uploads\/2022\/10\/Red-Reishi-mushrom.jpg 960w, https:\/\/www.lraloeverashop.eu\/wp-content\/uploads\/2022\/10\/Red-Reishi-mushrom-600x188.jpg 600w, https:\/\/www.lraloeverashop.eu\/wp-content\/uploads\/2022\/10\/Red-Reishi-mushrom-300x94.jpg 300w, https:\/\/www.lraloeverashop.eu\/wp-content\/uploads\/2022\/10\/Red-Reishi-mushrom-768x240.jpg 768w\" sizes=\"auto, (max-width: 1525px) 100vw, 1525px\" \/><\/p>\n<h2><span style=\"font-size: 16pt;\"><strong>Reishi En C\u00e1psulas<\/strong><\/span><\/h2>\n<p><span style=\"font-size: 14pt;\"><strong>Reishi En C\u00e1psulas &#8211; El Ganoderma Lucidum El Hongo De Larga Vida<\/strong><\/span><\/p>\n<p>Las Lr Reishi en C\u00e1psulas contienen extracto de alta calidad y polvo de hongos llamado Reishi. Reishi, llamado <a href=\"https:\/\/www.lraloeverashop.eu\/es\/producto\/reishi-hongo-en-capsulas\/\">Ganoderma<\/a>, es un hongo par\u00e1sito inconcebible que crece libremente en los bosques de robles y carpes en el sudeste asi\u00e1tico (Jap\u00f3n, China, Corea) y se llama \u00abel hongo divino de la inmortalidad\u00bb o \u00abesponja de poder espiritual\u00bb por sus fuertes efectos sobre la salud humana.<\/p>\n<p>Gracias a sus efectos, ocupa el primer lugar en Asia entre las plantas medicinales, incluso antes del ginseng m\u00e1s conocido, y se conoce como la Emperatriz de las plantas medicinales.<\/p>\n<p>Fue descubierto para el mundo occidental a principios del siglo XX, aunque la humanidad ha conocido y utilizado sus sorprendentes efectos durante m\u00e1s de 4000 a\u00f1os. En total hay alrededor de 2.000 tipos de hongos, seis de los cuales tienen efectos terap\u00e9uticos. Los mayores efectos se muestran en <a href=\"https:\/\/www.lraloeverashop.eu\/es\/producto\/ganoderma-en-capsulas\/\">Reishi rojo<\/a>, que se debe a la cantidad de polisac\u00e1ridos presentes.<\/p>\n<p>En Lr Reishi en C\u00e1psulas se usa solo Reishi rojo. Sus efectos terap\u00e9uticos han sido confirmados por estudios cient\u00edficos en los EE. UU. Y Jap\u00f3n y, por lo tanto, se han utilizado ampliamente como tratamiento complementario en el mundo occidental.<\/p>\n<p>Ahora en Jap\u00f3n, el rojo Reishi se cultiva en condiciones estrictas para mantener un alto contenido de sustancias activas y, por lo tanto, la eficiencia del producto.<\/p>\n<div class=\"entry-content-asset videofit\"><iframe loading=\"lazy\" title=\"Reishi En C\u00e1psulas \u2013 El Ganoderma Lucidum El Hongo De Larga Vida\" width=\"720\" height=\"405\" src=\"https:\/\/www.youtube.com\/embed\/yDa23klea3s?feature=oembed\" frameborder=\"0\" allow=\"accelerometer; autoplay; clipboard-write; encrypted-media; gyroscope; picture-in-picture; web-share\" referrerpolicy=\"strict-origin-when-cross-origin\" allowfullscreen><\/iframe><\/div>\n<p>&nbsp;<\/p>\n<p>Reishi En C\u00e1psulas contiene, adem\u00e1s de polisac\u00e1ridos altamente activos inmunol\u00f3gicamente (betaglucanos), otras sustancias y oligoelementos inmunes y metab\u00f3licamente activos. Estos incluyen 17 amino\u00e1cidos, todos los cuales son esenciales, tienen un alto contenido de hierro, selenio y <a href=\"https:\/\/es.wikipedia.org\/wiki\/Vitaminas_del_grupo_B\">vitamina B<\/a>; Apoya el sistema cardiovascular y contribuye a influir en la presi\u00f3n arterial y el metabolismo de las grasas.<\/p>\n<p>&nbsp;<\/p>\n<h3><strong><span style=\"font-size: 16pt;\">Los principales efectos de Reishi en las siguientes \u00e1reas:<\/span><\/strong><\/h3>\n<ul>\n<li>antitumoral: <a href=\"https:\/\/www.lraloeverashop.eu\/es\/producto\/calostro-directo-liquido\/\">aumenta la inmunidad<\/a> (reduce el PSA) Reishi reduce la fatiga<\/li>\n<li>antial\u00e9rgico, antiinflamatorio<\/li>\n<li>analg\u00e9sico<\/li>\n<li>uso mejorado de ox\u00edgeno por el m\u00fasculo card\u00edaco, flujo sangu\u00edneo<\/li>\n<li>Reduce los valores de colesterol, LDL, presi\u00f3n arterial<\/li>\n<li>antibacteriano, viral, antioxidante<\/li>\n<li>Reishi En C\u00e1psulas mejorano la proliferaci\u00f3n de la m\u00e9dula \u00f3sea, promoviendo la hematopoyesis<\/li>\n<li>mejora la funci\u00f3n adrenocortical &#8211; funci\u00f3n suprarrenal<\/li>\n<li>regenera el epitelio bronquial, el revestimiento de las v\u00edas respiratorias<\/li>\n<li>reduce la formaci\u00f3n de co\u00e1gulos sangu\u00edneos<\/li>\n<li>hepatoprotector &#8211; hepatitis, mononucleosis infecciosa<\/li>\n<\/ul>\n<p>&nbsp;<\/p>\n<p>Las Lr Reishi En C\u00e1psulas se pueden usar solas o juntas, preferiblemente en combinaci\u00f3n con Gel Bebible de Aloe Vera. La dosis es individual y depende del tipo de enfermedad y su gravedad. Tambi\u00e9n se puede usar en combinaci\u00f3n con otros productos.<\/p>\n<ol>\n<li>La vitamina C contribuye a un metabolismo energ\u00e9tico normal.<\/li>\n<li>La vitamina C protege contra el estr\u00e9s oxidativo y ayuda a reducir la fatiga y la fatiga.<\/li>\n<\/ol>\n<p>&nbsp;<\/p>\n<h2><strong><span style=\"font-size: 16pt;\">C\u00f3mo utilizar Reishi en C\u00e1psulas<\/span><\/strong><\/h2>\n<p><strong>D\u00f3sis recomendada:<\/strong>\u00a01 c\u00e1psula al d\u00eda<br \/>\nNo se debe exceder la dosis diaria recomendada. Los <a href=\"https:\/\/www.lraloeverashop.eu\/es\/categoria-producto\/suplementos-dieteticos\/\">suplementos diet\u00e9ticos<\/a> no son un sustituto de una dieta variada y equilibrada, que es importante junto con un estilo de vida saludable. Mantenga el producto fuera del alcance de los ni\u00f1os peque\u00f1os. Almacenar fresco y seco.<\/p>\n<p>&nbsp;<\/p>\n<h3><strong><span style=\"font-size: 16pt;\">Preguntas m\u00e1s frecuentes<\/span><\/strong><\/h3>\n<p><strong>\u00bfC\u00f3mo crece el hongo Reishi?<\/strong><br \/>\nEl reishi es un sapr\u00f3fito, es decir, un hongo que vive en madera muerta, que crece en tocones, ra\u00edces o en la base de robles y hayas y se alimenta de ellos. Como tuvo que depender exclusivamente de hongos silvestres durante mucho tiempo, encontrar un Ling Zhi fue un golpe de suerte y un buen augurio. En la d\u00e9cada de 1970 se desarroll\u00f3 un proceso para cultivar el Reishi en grandes granjas de cr\u00eda en todo el mundo. El hongo utilizado en el Reishi Plus no proviene de colecciones silvestres.<\/p>\n<p>&nbsp;<\/p>\n","protected":false},"excerpt":{"rendered":"<ul>\n<li>Contribuye a un metabolismo energ\u00e9tico normal\u00b9<\/li>\n<li>Reduce la fatiga\u00b2<\/li>\n<li>Durante milenios, parte de la tradici\u00f3n del Lejano Oriente<\/li>\n<li>Con extractos y polvo de Reishi<\/li>\n<li>Con vitamina C<\/li>\n<li>Vegan y sin lactosa<\/li>\n<li>Contenido: 30 C\u00e1psulas<\/li>\n<\/ul>\n<p><span style=\"color: #ff0000;\"><a style=\"color: #ff0000;\" href=\"https:\/\/shop.lrworld.com\/openpao?PHP=0vFlt7jT938BEnBI3a6e9w%3D%3D\"><span style=\"font-size: 14pt;\"><strong>Reg\u00edstrate aqu\u00ed y ahorra 35% en cada compra<\/strong><\/span><\/a><\/span><\/p>\n","protected":false},"featured_media":5669,"comment_status":"open","ping_status":"closed","template":"","meta":{"_kad_blocks_custom_css":"","_kad_blocks_head_custom_js":"","_kad_blocks_body_custom_js":"","_kad_blocks_footer_custom_js":"","_kadence_starter_templates_imported_post":false,"_kad_post_transparent":"default","_kad_post_title":"","_kad_post_layout":"default","_kad_post_sidebar_id":"","_kad_post_content_style":"default","_kad_post_vertical_padding":"default","_kad_post_feature":"","_kad_post_feature_position":"","_kad_post_header":false,"_kad_post_footer":false,"_kad_post_classname":""},"product_brand":[],"product_cat":[403,427,469,415,350],"product_tag":[693],"class_list":{"0":"post-9833","1":"product","2":"type-product","3":"status-publish","4":"has-post-thumbnail","6":"product_cat-base-es","7":"product_cat-corazon-y-circulacion","8":"product_cat-especialistas","9":"product_cat-productos-especiales","10":"product_cat-sistema-inmunologico-y-equilibrio","11":"product_tag-para-refuerzo-inmunologico","13":"first","14":"instock","15":"taxable","16":"shipping-taxable","17":"purchasable","18":"product-type-simple","19":"entry","20":"content-bg","21":"loop-entry"},"yoast_head":"<!-- This site is optimized with the Yoast SEO Premium plugin v27.4 (Yoast SEO v27.4) - https:\/\/yoast.com\/product\/yoast-seo-premium-wordpress\/ -->\n<title>Reishi en C\u00e1psulas contribuye a un metabolismo energ\u00e9tico normal<\/title>\n<meta name=\"description\" content=\"Reishi En C\u00e1psulas favorecen el bienestar con vitamina C y adem\u00e1s no contienen lactosa y son veganas. Contiene amino\u00e1cidos, todos los cuales son esenciales\" \/>\n<meta name=\"robots\" content=\"index, follow, max-snippet:-1, max-image-preview:large, max-video-preview:-1\" \/>\n<link rel=\"canonical\" href=\"https:\/\/www.lraloeverashop.eu\/es\/producto\/reishi-en-capsulas\/\" \/>\n<meta property=\"og:locale\" content=\"es_ES\" \/>\n<meta property=\"og:type\" content=\"article\" \/>\n<meta property=\"og:title\" content=\"Reishi En C\u00e1psulas\" \/>\n<meta property=\"og:description\" content=\"Reishi En C\u00e1psulas favorecen el bienestar con vitamina C y adem\u00e1s no contienen lactosa y son veganas. Contiene amino\u00e1cidos, todos los cuales son esenciales\" \/>\n<meta property=\"og:url\" content=\"https:\/\/www.lraloeverashop.eu\/es\/producto\/reishi-en-capsulas\/\" \/>\n<meta property=\"og:site_name\" content=\"Lr Tienda Aloe Vera\" \/>\n<meta property=\"article:publisher\" content=\"https:\/\/www.facebook.com\/lraloeverashop.eu\" \/>\n<meta property=\"article:modified_time\" content=\"2026-02-09T04:09:26+00:00\" \/>\n<meta property=\"og:image\" content=\"https:\/\/www.lraloeverashop.eu\/wp-content\/uploads\/2022\/10\/Lr-Reishi-Plus-Capsules.jpg\" \/>\n\t<meta property=\"og:image:width\" content=\"1200\" \/>\n\t<meta property=\"og:image:height\" content=\"1200\" \/>\n\t<meta property=\"og:image:type\" content=\"image\/jpeg\" \/>\n<meta name=\"twitter:card\" content=\"summary_large_image\" \/>\n<meta name=\"twitter:site\" content=\"@natur__kosmetik\" \/>\n<script type=\"application\/ld+json\" class=\"yoast-schema-graph\">{\"@context\":\"https:\\\/\\\/schema.org\",\"@graph\":[{\"@type\":[\"WebPage\",\"ItemPage\"],\"@id\":\"https:\\\/\\\/www.lraloeverashop.eu\\\/es\\\/producto\\\/reishi-en-capsulas\\\/\",\"url\":\"https:\\\/\\\/www.lraloeverashop.eu\\\/es\\\/producto\\\/reishi-en-capsulas\\\/\",\"name\":\"Reishi en C\u00e1psulas contribuye a un metabolismo energ\u00e9tico normal\",\"isPartOf\":{\"@id\":\"https:\\\/\\\/www.lraloeverashop.eu\\\/es\\\/#website\"},\"primaryImageOfPage\":{\"@id\":\"https:\\\/\\\/www.lraloeverashop.eu\\\/es\\\/producto\\\/reishi-en-capsulas\\\/#primaryimage\"},\"image\":{\"@id\":\"https:\\\/\\\/www.lraloeverashop.eu\\\/es\\\/producto\\\/reishi-en-capsulas\\\/#primaryimage\"},\"thumbnailUrl\":\"https:\\\/\\\/www.lraloeverashop.eu\\\/wp-content\\\/uploads\\\/2022\\\/10\\\/Lr-Reishi-Plus-Capsules.jpg\",\"datePublished\":\"2022-10-12T10:32:37+00:00\",\"dateModified\":\"2026-02-09T04:09:26+00:00\",\"description\":\"Reishi En C\u00e1psulas favorecen el bienestar con vitamina C y adem\u00e1s no contienen lactosa y son veganas. Contiene amino\u00e1cidos, todos los cuales son esenciales\",\"breadcrumb\":{\"@id\":\"https:\\\/\\\/www.lraloeverashop.eu\\\/es\\\/producto\\\/reishi-en-capsulas\\\/#breadcrumb\"},\"inLanguage\":\"es\",\"potentialAction\":[{\"@type\":\"ReadAction\",\"target\":[\"https:\\\/\\\/www.lraloeverashop.eu\\\/es\\\/producto\\\/reishi-en-capsulas\\\/\"]}]},{\"@type\":\"ImageObject\",\"inLanguage\":\"es\",\"@id\":\"https:\\\/\\\/www.lraloeverashop.eu\\\/es\\\/producto\\\/reishi-en-capsulas\\\/#primaryimage\",\"url\":\"https:\\\/\\\/www.lraloeverashop.eu\\\/wp-content\\\/uploads\\\/2022\\\/10\\\/Lr-Reishi-Plus-Capsules.jpg\",\"contentUrl\":\"https:\\\/\\\/www.lraloeverashop.eu\\\/wp-content\\\/uploads\\\/2022\\\/10\\\/Lr-Reishi-Plus-Capsules.jpg\",\"width\":1200,\"height\":1200,\"caption\":\"Lr Reishi Plus C\u00e1psulas Ganoderma\"},{\"@type\":\"BreadcrumbList\",\"@id\":\"https:\\\/\\\/www.lraloeverashop.eu\\\/es\\\/producto\\\/reishi-en-capsulas\\\/#breadcrumb\",\"itemListElement\":[{\"@type\":\"ListItem\",\"position\":1,\"name\":\"Home\",\"item\":\"https:\\\/\\\/www.lraloeverashop.eu\\\/es\\\/\"},{\"@type\":\"ListItem\",\"position\":2,\"name\":\"Tienda\",\"item\":\"https:\\\/\\\/www.lraloeverashop.eu\\\/es\\\/tienda\\\/\"},{\"@type\":\"ListItem\",\"position\":3,\"name\":\"Reishi En C\u00e1psulas\"}]},{\"@type\":\"WebSite\",\"@id\":\"https:\\\/\\\/www.lraloeverashop.eu\\\/es\\\/#website\",\"url\":\"https:\\\/\\\/www.lraloeverashop.eu\\\/es\\\/\",\"name\":\"Lr Tienda Aloe Vera\",\"description\":\"High Quality Lr Aloe Vera Gel, Aloe Vera Cream and Shampoo\",\"publisher\":{\"@id\":\"https:\\\/\\\/www.lraloeverashop.eu\\\/es\\\/#organization\"},\"potentialAction\":[{\"@type\":\"SearchAction\",\"target\":{\"@type\":\"EntryPoint\",\"urlTemplate\":\"https:\\\/\\\/www.lraloeverashop.eu\\\/es\\\/?s={search_term_string}\"},\"query-input\":{\"@type\":\"PropertyValueSpecification\",\"valueRequired\":true,\"valueName\":\"search_term_string\"}}],\"inLanguage\":\"es\"},{\"@type\":\"Organization\",\"@id\":\"https:\\\/\\\/www.lraloeverashop.eu\\\/es\\\/#organization\",\"name\":\"Lr Tienda Aloe Vera\",\"alternateName\":\"LR\",\"url\":\"https:\\\/\\\/www.lraloeverashop.eu\\\/es\\\/\",\"logo\":{\"@type\":\"ImageObject\",\"inLanguage\":\"es\",\"@id\":\"https:\\\/\\\/www.lraloeverashop.eu\\\/es\\\/#\\\/schema\\\/logo\\\/image\\\/\",\"url\":\"https:\\\/\\\/www.lraloeverashop.eu\\\/wp-content\\\/uploads\\\/2022\\\/09\\\/cropped-Lr-Aloe-Vera-Shop.jpg\",\"contentUrl\":\"https:\\\/\\\/www.lraloeverashop.eu\\\/wp-content\\\/uploads\\\/2022\\\/09\\\/cropped-Lr-Aloe-Vera-Shop.jpg\",\"width\":228,\"height\":76,\"caption\":\"Lr Tienda Aloe Vera\"},\"image\":{\"@id\":\"https:\\\/\\\/www.lraloeverashop.eu\\\/es\\\/#\\\/schema\\\/logo\\\/image\\\/\"},\"sameAs\":[\"https:\\\/\\\/www.facebook.com\\\/lraloeverashop.eu\",\"https:\\\/\\\/x.com\\\/natur__kosmetik\",\"https:\\\/\\\/www.youtube.com\\\/channel\\\/UC5oN7BJ8nfYb8RpVtjwDEBA\",\"https:\\\/\\\/www.instagram.com\\\/lrbeautyeu\\\/\"],\"description\":\"La tienda Lr Aloe Vera es tu destino de confianza para productos premium de salud y belleza LR, fabricados en Alemania. Ofrecemos soluciones de alta calidad para el cuidado de la piel, nutrici\u00f3n y antienvejecimiento con Aloe Vera, elaboradas con ingredientes puros y respaldadas por investigaci\u00f3n cient\u00edfica. Descubre un cuidado natural que regenera, protege y revitaliza tu piel, y disfruta de ofertas mensuales exclusivas en nuestros productos LR Aloe Vera m\u00e1s vendidos.\\n\\nComienza hoy mismo tu camino hacia el cuidado natural de la piel y siente la diferencia.\",\"email\":\"info@lraloeverashop.eu\",\"telephone\":\"+49 17670609653\",\"legalName\":\"Lr Aloe Vera Shop\",\"foundingDate\":\"2018-04-21\",\"numberOfEmployees\":{\"@type\":\"QuantitativeValue\",\"minValue\":\"1\",\"maxValue\":\"10\"}}]}<\/script>\n<meta property=\"product:price:amount\" content=\"49.29\" \/>\n<meta property=\"product:price:currency\" content=\"EUR\" \/>\n<meta property=\"og:availability\" content=\"instock\" \/>\n<meta property=\"product:availability\" content=\"instock\" \/>\n<meta property=\"product:retailer_item_id\" content=\"80331-401ES\" \/>\n<meta property=\"product:condition\" content=\"new\" \/>\n<!-- \/ Yoast SEO Premium plugin. -->","yoast_head_json":{"title":"Reishi en C\u00e1psulas contribuye a un metabolismo energ\u00e9tico normal","description":"Reishi En C\u00e1psulas favorecen el bienestar con vitamina C y adem\u00e1s no contienen lactosa y son veganas. Contiene amino\u00e1cidos, todos los cuales son esenciales","robots":{"index":"index","follow":"follow","max-snippet":"max-snippet:-1","max-image-preview":"max-image-preview:large","max-video-preview":"max-video-preview:-1"},"canonical":"https:\/\/www.lraloeverashop.eu\/es\/producto\/reishi-en-capsulas\/","og_locale":"es_ES","og_type":"article","og_title":"Reishi En C\u00e1psulas","og_description":"Reishi En C\u00e1psulas favorecen el bienestar con vitamina C y adem\u00e1s no contienen lactosa y son veganas. Contiene amino\u00e1cidos, todos los cuales son esenciales","og_url":"https:\/\/www.lraloeverashop.eu\/es\/producto\/reishi-en-capsulas\/","og_site_name":"Lr Tienda Aloe Vera","article_publisher":"https:\/\/www.facebook.com\/lraloeverashop.eu","article_modified_time":"2026-02-09T04:09:26+00:00","og_image":[{"width":1200,"height":1200,"url":"https:\/\/www.lraloeverashop.eu\/wp-content\/uploads\/2022\/10\/Lr-Reishi-Plus-Capsules.jpg","type":"image\/jpeg"}],"twitter_card":"summary_large_image","twitter_site":"@natur__kosmetik","schema":{"@context":"https:\/\/schema.org","@graph":[{"@type":["WebPage","ItemPage"],"@id":"https:\/\/www.lraloeverashop.eu\/es\/producto\/reishi-en-capsulas\/","url":"https:\/\/www.lraloeverashop.eu\/es\/producto\/reishi-en-capsulas\/","name":"Reishi en C\u00e1psulas contribuye a un metabolismo energ\u00e9tico normal","isPartOf":{"@id":"https:\/\/www.lraloeverashop.eu\/es\/#website"},"primaryImageOfPage":{"@id":"https:\/\/www.lraloeverashop.eu\/es\/producto\/reishi-en-capsulas\/#primaryimage"},"image":{"@id":"https:\/\/www.lraloeverashop.eu\/es\/producto\/reishi-en-capsulas\/#primaryimage"},"thumbnailUrl":"https:\/\/www.lraloeverashop.eu\/wp-content\/uploads\/2022\/10\/Lr-Reishi-Plus-Capsules.jpg","datePublished":"2022-10-12T10:32:37+00:00","dateModified":"2026-02-09T04:09:26+00:00","description":"Reishi En C\u00e1psulas favorecen el bienestar con vitamina C y adem\u00e1s no contienen lactosa y son veganas. Contiene amino\u00e1cidos, todos los cuales son esenciales","breadcrumb":{"@id":"https:\/\/www.lraloeverashop.eu\/es\/producto\/reishi-en-capsulas\/#breadcrumb"},"inLanguage":"es","potentialAction":[{"@type":"ReadAction","target":["https:\/\/www.lraloeverashop.eu\/es\/producto\/reishi-en-capsulas\/"]}]},{"@type":"ImageObject","inLanguage":"es","@id":"https:\/\/www.lraloeverashop.eu\/es\/producto\/reishi-en-capsulas\/#primaryimage","url":"https:\/\/www.lraloeverashop.eu\/wp-content\/uploads\/2022\/10\/Lr-Reishi-Plus-Capsules.jpg","contentUrl":"https:\/\/www.lraloeverashop.eu\/wp-content\/uploads\/2022\/10\/Lr-Reishi-Plus-Capsules.jpg","width":1200,"height":1200,"caption":"Lr Reishi Plus C\u00e1psulas Ganoderma"},{"@type":"BreadcrumbList","@id":"https:\/\/www.lraloeverashop.eu\/es\/producto\/reishi-en-capsulas\/#breadcrumb","itemListElement":[{"@type":"ListItem","position":1,"name":"Home","item":"https:\/\/www.lraloeverashop.eu\/es\/"},{"@type":"ListItem","position":2,"name":"Tienda","item":"https:\/\/www.lraloeverashop.eu\/es\/tienda\/"},{"@type":"ListItem","position":3,"name":"Reishi En C\u00e1psulas"}]},{"@type":"WebSite","@id":"https:\/\/www.lraloeverashop.eu\/es\/#website","url":"https:\/\/www.lraloeverashop.eu\/es\/","name":"Lr Tienda Aloe Vera","description":"High Quality Lr Aloe Vera Gel, Aloe Vera Cream and Shampoo","publisher":{"@id":"https:\/\/www.lraloeverashop.eu\/es\/#organization"},"potentialAction":[{"@type":"SearchAction","target":{"@type":"EntryPoint","urlTemplate":"https:\/\/www.lraloeverashop.eu\/es\/?s={search_term_string}"},"query-input":{"@type":"PropertyValueSpecification","valueRequired":true,"valueName":"search_term_string"}}],"inLanguage":"es"},{"@type":"Organization","@id":"https:\/\/www.lraloeverashop.eu\/es\/#organization","name":"Lr Tienda Aloe Vera","alternateName":"LR","url":"https:\/\/www.lraloeverashop.eu\/es\/","logo":{"@type":"ImageObject","inLanguage":"es","@id":"https:\/\/www.lraloeverashop.eu\/es\/#\/schema\/logo\/image\/","url":"https:\/\/www.lraloeverashop.eu\/wp-content\/uploads\/2022\/09\/cropped-Lr-Aloe-Vera-Shop.jpg","contentUrl":"https:\/\/www.lraloeverashop.eu\/wp-content\/uploads\/2022\/09\/cropped-Lr-Aloe-Vera-Shop.jpg","width":228,"height":76,"caption":"Lr Tienda Aloe Vera"},"image":{"@id":"https:\/\/www.lraloeverashop.eu\/es\/#\/schema\/logo\/image\/"},"sameAs":["https:\/\/www.facebook.com\/lraloeverashop.eu","https:\/\/x.com\/natur__kosmetik","https:\/\/www.youtube.com\/channel\/UC5oN7BJ8nfYb8RpVtjwDEBA","https:\/\/www.instagram.com\/lrbeautyeu\/"],"description":"La tienda Lr Aloe Vera es tu destino de confianza para productos premium de salud y belleza LR, fabricados en Alemania. Ofrecemos soluciones de alta calidad para el cuidado de la piel, nutrici\u00f3n y antienvejecimiento con Aloe Vera, elaboradas con ingredientes puros y respaldadas por investigaci\u00f3n cient\u00edfica. Descubre un cuidado natural que regenera, protege y revitaliza tu piel, y disfruta de ofertas mensuales exclusivas en nuestros productos LR Aloe Vera m\u00e1s vendidos.\n\nComienza hoy mismo tu camino hacia el cuidado natural de la piel y siente la diferencia.","email":"info@lraloeverashop.eu","telephone":"+49 17670609653","legalName":"Lr Aloe Vera Shop","foundingDate":"2018-04-21","numberOfEmployees":{"@type":"QuantitativeValue","minValue":"1","maxValue":"10"}}]},"product_price_amount":"49.29","product_price_currency":"EUR","og_availability":"instock","product_availability":"instock","product_retailer_item_id":"80331-401ES","product_condition":"new"},"taxonomy_info":{"product_cat":[{"value":403,"label":"Base"},{"value":427,"label":"Coraz\u00f3n y Circulaci\u00f3n"},{"value":469,"label":"Especialistas"},{"value":415,"label":"Productos Especiales"},{"value":350,"label":"Sistema inmunol\u00f3gico y equilibrio"}],"product_tag":[{"value":693,"label":"para refuerzo inmunol\u00f3gico"}]},"featured_image_src_large":["https:\/\/www.lraloeverashop.eu\/wp-content\/uploads\/2022\/10\/Lr-Reishi-Plus-Capsules-1024x1024.jpg",1024,1024,true],"author_info":[],"comment_info":0,"_links":{"self":[{"href":"https:\/\/www.lraloeverashop.eu\/es\/wp-json\/wp\/v2\/product\/9833","targetHints":{"allow":["GET"]}}],"collection":[{"href":"https:\/\/www.lraloeverashop.eu\/es\/wp-json\/wp\/v2\/product"}],"about":[{"href":"https:\/\/www.lraloeverashop.eu\/es\/wp-json\/wp\/v2\/types\/product"}],"replies":[{"embeddable":true,"href":"https:\/\/www.lraloeverashop.eu\/es\/wp-json\/wp\/v2\/comments?post=9833"}],"wp:featuredmedia":[{"embeddable":true,"href":"https:\/\/www.lraloeverashop.eu\/es\/wp-json\/wp\/v2\/media\/5669"}],"wp:attachment":[{"href":"https:\/\/www.lraloeverashop.eu\/es\/wp-json\/wp\/v2\/media?parent=9833"}],"wp:term":[{"taxonomy":"product_brand","embeddable":true,"href":"https:\/\/www.lraloeverashop.eu\/es\/wp-json\/wp\/v2\/product_brand?post=9833"},{"taxonomy":"product_cat","embeddable":true,"href":"https:\/\/www.lraloeverashop.eu\/es\/wp-json\/wp\/v2\/product_cat?post=9833"},{"taxonomy":"product_tag","embeddable":true,"href":"https:\/\/www.lraloeverashop.eu\/es\/wp-json\/wp\/v2\/product_tag?post=9833"}],"curies":[{"name":"wp","href":"https:\/\/api.w.org\/{rel}","templated":true}]}}