{"id":9794,"date":"2022-10-13T05:32:32","date_gmt":"2022-10-13T03:32:32","guid":{"rendered":"https:\/\/www.lraloeverashop.eu\/product\/pro-balance-pastillas\/"},"modified":"2026-02-09T05:08:52","modified_gmt":"2026-02-09T04:08:52","slug":"pro-balance-pastillas","status":"publish","type":"product","link":"https:\/\/www.lraloeverashop.eu\/es\/producto\/pro-balance-pastillas\/","title":{"rendered":"Pro Balance Pastillas"},"content":{"rendered":"<h2><strong><span style=\"font-size: 16pt;\">Pro Balance Pastillas<\/span><\/strong><\/h2>\n<p><span style=\"font-size: 14pt;\"><strong>Pro Balance Pastillas Contribuye a Mantener El Equilibrio \u00e1cido-base<\/strong><\/span><\/p>\n<p>Una dieta desequilibrada sin variedad puede provocar la interrupci\u00f3n del equilibrio \u00e1cido-base de su cuerpo.<\/p>\n<p>Pro Balance Pastillas ofrece un soporte pr\u00e1ctico que puede integrarse f\u00e1cilmente en su dieta diaria y restablecer el equilibrio \u00e1cido-base del cuerpo.<\/p>\n<p>Pro Balance ofrece minerales saludables, oligoelementos para su <a href=\"https:\/\/www.lraloeverashop.eu\/es\/bebida-de-aloe-vera-de-lr-health-beauty\/\">equilibrio interno y mejora su bienestar<\/a>. No contiene lactosa y consiste en una valiosa mezcla de citratos, carbonatos y gluconatos.<\/p>\n<p>&nbsp;<\/p>\n<ol>\n<li>El magnesio reduce el cansancio y la <a href=\"https:\/\/www.lraloeverashop.eu\/es\/producto\/omega-3-pastillas\/\">fatiga<\/a> y contribuye al equilibrio del nivel de electrolitos.<\/li>\n<li>El potasio contribuye a un funcionamiento normal del sistema nervioso y los m\u00fasculos.<\/li>\n<li>El calcio en Pro Balance Pastillas ayuda a una correcta coagulaci\u00f3n sangu\u00ednea y contribuye a un metabolismo energ\u00e9tico normal.<\/li>\n<li>El cobre ayuda a proteger las c\u00e9lulas del <a href=\"https:\/\/www.lraloeverashop.eu\/es\/producto\/pro-balance-set-3-piezas\/\">estr\u00e9s oxidativo<\/a>.<\/li>\n<li>El cromo contribuye a un metabolismo de los macronutrientes normal y a mantener el nivel de glucosa en sangre normal.<\/li>\n<li>El molibdeno contribuye al metabolismo de amino\u00e1cidos sulfurados<\/li>\n<\/ol>\n<div class=\"entry-content-asset videofit\"><iframe loading=\"lazy\" title=\"Pro Balance Pastillas \u2013 Contribuye a Mantener El Equilibrio \u00e1cido-base\" width=\"720\" height=\"405\" src=\"https:\/\/www.youtube.com\/embed\/ZWepwH5c5NI?feature=oembed\" frameborder=\"0\" allow=\"accelerometer; autoplay; clipboard-write; encrypted-media; gyroscope; picture-in-picture; web-share\" referrerpolicy=\"strict-origin-when-cross-origin\" allowfullscreen><\/iframe><\/div>\n<p>&nbsp;<\/p>\n<h3><span style=\"font-size: 16pt;\"><strong>Modo de uso<\/strong><\/span><\/h3>\n<p><strong>Dosis diaria recomendada:<\/strong> 3 x 4 c\u00e1psulas.<\/p>\n<p>No exceda la dosis diaria recomendada de Pro Balance Pastillas.<br \/>\nLos suplementos diet\u00e9ticos no son <a href=\"https:\/\/www.lraloeverashop.eu\/es\/sustituto-de-la-comida-figu-active-la-dieta-muy-inteligente-para-bajar-de-peso\/\">sustitutos de una dieta rica<\/a> y equilibrada, en combinaci\u00f3n con un estilo de vida saludable.<\/p>\n<p>Mantenga el producto fuera del alcance de los ni\u00f1os. Cierre el paquete despu\u00e9s de su uso. Guardar en lugar fresco y seco. El consumo excesivo puede tener un efecto laxante.<\/p>\n<p>&nbsp;<\/p>\n<h4><span style=\"font-size: 16pt;\"><strong>\u00bfLo Sab\u00edas?<\/strong><\/span><\/h4>\n<p>Los minerales nunca aparecen en su forma pura, sino siempre en compuestos de sal. Particularmente importante para la biodisponibilidad de los elementos minerales es la proporci\u00f3n correcta de diferentes compuestos. Por esta raz\u00f3n, LR utiliza una mezcla de sales c\u00edtricas, de carbonato y gluconato.<\/p>\n<p>&nbsp;<\/p>\n<h5><span style=\"font-size: 16pt;\"><strong>Preguntas m\u00e1s frecuentes<\/strong><\/span><\/h5>\n<p><strong>\u00bfC\u00f3mo aumenta el nivel de \u00e1cido en nuestro cuerpo?<\/strong><br \/>\nHay muchos factores que aumentan la acidez en nuestro cuerpo. Nuestra dieta y nuestros h\u00e1bitos alimenticios son esenciales. El consumo frecuente o excesivo de ciertos alimentos puede tener un efecto negativo en nuestro equilibrio \u00e1cido-base: carne, agua mineral carbonatada, caf\u00e9, grasa, harina blanca, dulces, etc. El impacto negativo de estos alimentos aumenta cuando no consumimos suficientes frutas. y vegetales. Otros factores como la falta de ejercicio y el estr\u00e9s pueden afectar nuestro metabolismo. Pro Balance Pastillas resolverano este problema<\/p>\n<p><strong>\u00bfC\u00f3mo los minerales y oligoelementos equilibran la acidez de nuestro cuerpo?<\/strong><br \/>\nLos minerales ayudan a regular el equilibrio \u00e1cido-base del cuerpo en cada c\u00e9lula, para neutralizar los \u00e1cidos. Durante la acidez, p. Cuando nuestra nutrici\u00f3n no es equilibrada, el cuerpo pierde sus minerales. Como resultado, el cuerpo humano no tiene el nivel adecuado de minerales, por lo que no funciona correctamente.<\/p>\n","protected":false},"excerpt":{"rendered":"<ul>\n<li>Combinaci\u00f3n de minerales b\u00e1sicos y oligoelementos para su equilibrio interno<\/li>\n<li>Una excelente mezcla de citratos, carbonatos y gluconatos.<\/li>\n<li>Pro Balance Pastillas Sin lactosa<\/li>\n<li>Producto hecho en Alemania<\/li>\n<li>Cantidad: 252g<\/li>\n<\/ul>\n<p><span style=\"color: #ff0000;\"><a style=\"color: #ff0000;\" href=\"https:\/\/shop.lrworld.com\/openpao?PHP=0vFlt7jT938BEnBI3a6e9w%3D%3D\"><span style=\"font-size: 14pt;\"><strong>Reg\u00edstrate aqu\u00ed y ahorra 35% en cada compra<\/strong><\/span><\/a><\/span><\/p>\n","protected":false},"featured_media":5651,"comment_status":"open","ping_status":"closed","template":"","meta":{"_kad_blocks_custom_css":"","_kad_blocks_head_custom_js":"","_kad_blocks_body_custom_js":"","_kad_blocks_footer_custom_js":"","_kadence_starter_templates_imported_post":false,"_kad_post_transparent":"default","_kad_post_title":"","_kad_post_layout":"default","_kad_post_sidebar_id":"","_kad_post_content_style":"default","_kad_post_vertical_padding":"default","_kad_post_feature":"","_kad_post_feature_position":"","_kad_post_header":false,"_kad_post_footer":false,"_kad_post_classname":""},"product_brand":[],"product_cat":[403,469,421,457,415,350,302],"product_tag":[696,694],"class_list":{"0":"post-9794","1":"product","2":"type-product","3":"status-publish","4":"has-post-thumbnail","6":"product_cat-base-es","7":"product_cat-especialistas","8":"product_cat-huesos-articulaciones-y-musculos","9":"product_cat-pro-balance-es","10":"product_cat-productos-especiales","11":"product_cat-sistema-inmunologico-y-equilibrio","12":"product_cat-vitaminas-y-minerales","13":"product_tag-minerales-y-vitaminas","14":"product_tag-para-dolor-en-las-articulaciones","16":"first","17":"instock","18":"taxable","19":"shipping-taxable","20":"purchasable","21":"product-type-simple","22":"entry","23":"content-bg","24":"loop-entry"},"yoast_head":"<!-- This site is optimized with the Yoast SEO Premium plugin v27.4 (Yoast SEO v27.4) - https:\/\/yoast.com\/product\/yoast-seo-premium-wordpress\/ -->\n<title>Pro Balance Pastillas - Apoyo Pr\u00e1ctico Para su Dieta Diaria<\/title>\n<meta name=\"description\" content=\"Pro Balance Pastillas aportan al organismo minerales de alta calidad que el cuerpo no puede crear por s\u00ed mismo. Para acidosis latente, dolores articulares\" \/>\n<meta name=\"robots\" content=\"index, follow, max-snippet:-1, max-image-preview:large, max-video-preview:-1\" \/>\n<link rel=\"canonical\" href=\"https:\/\/www.lraloeverashop.eu\/es\/producto\/pro-balance-pastillas\/\" \/>\n<meta property=\"og:locale\" content=\"es_ES\" \/>\n<meta property=\"og:type\" content=\"article\" \/>\n<meta property=\"og:title\" content=\"Pro Balance Pastillas\" \/>\n<meta property=\"og:description\" content=\"Pro Balance Pastillas aportan al organismo minerales de alta calidad que el cuerpo no puede crear por s\u00ed mismo. Para acidosis latente, dolores articulares\" \/>\n<meta property=\"og:url\" content=\"https:\/\/www.lraloeverashop.eu\/es\/producto\/pro-balance-pastillas\/\" \/>\n<meta property=\"og:site_name\" content=\"Lr Tienda Aloe Vera\" \/>\n<meta property=\"article:publisher\" content=\"https:\/\/www.facebook.com\/lraloeverashop.eu\" \/>\n<meta property=\"article:modified_time\" content=\"2026-02-09T04:08:52+00:00\" \/>\n<meta property=\"og:image\" content=\"https:\/\/www.lraloeverashop.eu\/wp-content\/uploads\/2022\/10\/Lr-Pro-balance-Mminerals.jpg\" \/>\n\t<meta property=\"og:image:width\" content=\"1200\" \/>\n\t<meta property=\"og:image:height\" content=\"1200\" \/>\n\t<meta property=\"og:image:type\" content=\"image\/jpeg\" \/>\n<meta name=\"twitter:card\" content=\"summary_large_image\" \/>\n<meta name=\"twitter:site\" content=\"@natur__kosmetik\" \/>\n<script type=\"application\/ld+json\" class=\"yoast-schema-graph\">{\"@context\":\"https:\\\/\\\/schema.org\",\"@graph\":[{\"@type\":[\"WebPage\",\"ItemPage\"],\"@id\":\"https:\\\/\\\/www.lraloeverashop.eu\\\/es\\\/producto\\\/pro-balance-pastillas\\\/\",\"url\":\"https:\\\/\\\/www.lraloeverashop.eu\\\/es\\\/producto\\\/pro-balance-pastillas\\\/\",\"name\":\"Pro Balance Pastillas - Apoyo Pr\u00e1ctico Para su Dieta Diaria\",\"isPartOf\":{\"@id\":\"https:\\\/\\\/www.lraloeverashop.eu\\\/es\\\/#website\"},\"primaryImageOfPage\":{\"@id\":\"https:\\\/\\\/www.lraloeverashop.eu\\\/es\\\/producto\\\/pro-balance-pastillas\\\/#primaryimage\"},\"image\":{\"@id\":\"https:\\\/\\\/www.lraloeverashop.eu\\\/es\\\/producto\\\/pro-balance-pastillas\\\/#primaryimage\"},\"thumbnailUrl\":\"https:\\\/\\\/www.lraloeverashop.eu\\\/wp-content\\\/uploads\\\/2022\\\/10\\\/Lr-Pro-balance-Mminerals.jpg\",\"datePublished\":\"2022-10-13T03:32:32+00:00\",\"dateModified\":\"2026-02-09T04:08:52+00:00\",\"description\":\"Pro Balance Pastillas aportan al organismo minerales de alta calidad que el cuerpo no puede crear por s\u00ed mismo. Para acidosis latente, dolores articulares\",\"breadcrumb\":{\"@id\":\"https:\\\/\\\/www.lraloeverashop.eu\\\/es\\\/producto\\\/pro-balance-pastillas\\\/#breadcrumb\"},\"inLanguage\":\"es\",\"potentialAction\":[{\"@type\":\"ReadAction\",\"target\":[\"https:\\\/\\\/www.lraloeverashop.eu\\\/es\\\/producto\\\/pro-balance-pastillas\\\/\"]}]},{\"@type\":\"ImageObject\",\"inLanguage\":\"es\",\"@id\":\"https:\\\/\\\/www.lraloeverashop.eu\\\/es\\\/producto\\\/pro-balance-pastillas\\\/#primaryimage\",\"url\":\"https:\\\/\\\/www.lraloeverashop.eu\\\/wp-content\\\/uploads\\\/2022\\\/10\\\/Lr-Pro-balance-Mminerals.jpg\",\"contentUrl\":\"https:\\\/\\\/www.lraloeverashop.eu\\\/wp-content\\\/uploads\\\/2022\\\/10\\\/Lr-Pro-balance-Mminerals.jpg\",\"width\":1200,\"height\":1200,\"caption\":\"Lr Pro balance Minerales\"},{\"@type\":\"BreadcrumbList\",\"@id\":\"https:\\\/\\\/www.lraloeverashop.eu\\\/es\\\/producto\\\/pro-balance-pastillas\\\/#breadcrumb\",\"itemListElement\":[{\"@type\":\"ListItem\",\"position\":1,\"name\":\"Home\",\"item\":\"https:\\\/\\\/www.lraloeverashop.eu\\\/es\\\/\"},{\"@type\":\"ListItem\",\"position\":2,\"name\":\"Tienda\",\"item\":\"https:\\\/\\\/www.lraloeverashop.eu\\\/es\\\/tienda\\\/\"},{\"@type\":\"ListItem\",\"position\":3,\"name\":\"Pro Balance Pastillas\"}]},{\"@type\":\"WebSite\",\"@id\":\"https:\\\/\\\/www.lraloeverashop.eu\\\/es\\\/#website\",\"url\":\"https:\\\/\\\/www.lraloeverashop.eu\\\/es\\\/\",\"name\":\"Lr Tienda Aloe Vera\",\"description\":\"High Quality Lr Aloe Vera Gel, Aloe Vera Cream and Shampoo\",\"publisher\":{\"@id\":\"https:\\\/\\\/www.lraloeverashop.eu\\\/es\\\/#organization\"},\"potentialAction\":[{\"@type\":\"SearchAction\",\"target\":{\"@type\":\"EntryPoint\",\"urlTemplate\":\"https:\\\/\\\/www.lraloeverashop.eu\\\/es\\\/?s={search_term_string}\"},\"query-input\":{\"@type\":\"PropertyValueSpecification\",\"valueRequired\":true,\"valueName\":\"search_term_string\"}}],\"inLanguage\":\"es\"},{\"@type\":\"Organization\",\"@id\":\"https:\\\/\\\/www.lraloeverashop.eu\\\/es\\\/#organization\",\"name\":\"Lr Tienda Aloe Vera\",\"alternateName\":\"LR\",\"url\":\"https:\\\/\\\/www.lraloeverashop.eu\\\/es\\\/\",\"logo\":{\"@type\":\"ImageObject\",\"inLanguage\":\"es\",\"@id\":\"https:\\\/\\\/www.lraloeverashop.eu\\\/es\\\/#\\\/schema\\\/logo\\\/image\\\/\",\"url\":\"https:\\\/\\\/www.lraloeverashop.eu\\\/wp-content\\\/uploads\\\/2022\\\/09\\\/cropped-Lr-Aloe-Vera-Shop.jpg\",\"contentUrl\":\"https:\\\/\\\/www.lraloeverashop.eu\\\/wp-content\\\/uploads\\\/2022\\\/09\\\/cropped-Lr-Aloe-Vera-Shop.jpg\",\"width\":228,\"height\":76,\"caption\":\"Lr Tienda Aloe Vera\"},\"image\":{\"@id\":\"https:\\\/\\\/www.lraloeverashop.eu\\\/es\\\/#\\\/schema\\\/logo\\\/image\\\/\"},\"sameAs\":[\"https:\\\/\\\/www.facebook.com\\\/lraloeverashop.eu\",\"https:\\\/\\\/x.com\\\/natur__kosmetik\",\"https:\\\/\\\/www.youtube.com\\\/channel\\\/UC5oN7BJ8nfYb8RpVtjwDEBA\",\"https:\\\/\\\/www.instagram.com\\\/lrbeautyeu\\\/\"],\"description\":\"La tienda Lr Aloe Vera es tu destino de confianza para productos premium de salud y belleza LR, fabricados en Alemania. Ofrecemos soluciones de alta calidad para el cuidado de la piel, nutrici\u00f3n y antienvejecimiento con Aloe Vera, elaboradas con ingredientes puros y respaldadas por investigaci\u00f3n cient\u00edfica. Descubre un cuidado natural que regenera, protege y revitaliza tu piel, y disfruta de ofertas mensuales exclusivas en nuestros productos LR Aloe Vera m\u00e1s vendidos.\\n\\nComienza hoy mismo tu camino hacia el cuidado natural de la piel y siente la diferencia.\",\"email\":\"info@lraloeverashop.eu\",\"telephone\":\"+49 17670609653\",\"legalName\":\"Lr Aloe Vera Shop\",\"foundingDate\":\"2018-04-21\",\"numberOfEmployees\":{\"@type\":\"QuantitativeValue\",\"minValue\":\"1\",\"maxValue\":\"10\"}}]}<\/script>\n<meta property=\"product:price:amount\" content=\"36.99\" \/>\n<meta property=\"product:price:currency\" content=\"EUR\" \/>\n<meta property=\"og:availability\" content=\"instock\" \/>\n<meta property=\"product:availability\" content=\"instock\" \/>\n<meta property=\"product:retailer_item_id\" content=\"80102-401ES\" \/>\n<meta property=\"product:condition\" content=\"new\" \/>\n<!-- \/ Yoast SEO Premium plugin. -->","yoast_head_json":{"title":"Pro Balance Pastillas - Apoyo Pr\u00e1ctico Para su Dieta Diaria","description":"Pro Balance Pastillas aportan al organismo minerales de alta calidad que el cuerpo no puede crear por s\u00ed mismo. Para acidosis latente, dolores articulares","robots":{"index":"index","follow":"follow","max-snippet":"max-snippet:-1","max-image-preview":"max-image-preview:large","max-video-preview":"max-video-preview:-1"},"canonical":"https:\/\/www.lraloeverashop.eu\/es\/producto\/pro-balance-pastillas\/","og_locale":"es_ES","og_type":"article","og_title":"Pro Balance Pastillas","og_description":"Pro Balance Pastillas aportan al organismo minerales de alta calidad que el cuerpo no puede crear por s\u00ed mismo. Para acidosis latente, dolores articulares","og_url":"https:\/\/www.lraloeverashop.eu\/es\/producto\/pro-balance-pastillas\/","og_site_name":"Lr Tienda Aloe Vera","article_publisher":"https:\/\/www.facebook.com\/lraloeverashop.eu","article_modified_time":"2026-02-09T04:08:52+00:00","og_image":[{"width":1200,"height":1200,"url":"https:\/\/www.lraloeverashop.eu\/wp-content\/uploads\/2022\/10\/Lr-Pro-balance-Mminerals.jpg","type":"image\/jpeg"}],"twitter_card":"summary_large_image","twitter_site":"@natur__kosmetik","schema":{"@context":"https:\/\/schema.org","@graph":[{"@type":["WebPage","ItemPage"],"@id":"https:\/\/www.lraloeverashop.eu\/es\/producto\/pro-balance-pastillas\/","url":"https:\/\/www.lraloeverashop.eu\/es\/producto\/pro-balance-pastillas\/","name":"Pro Balance Pastillas - Apoyo Pr\u00e1ctico Para su Dieta Diaria","isPartOf":{"@id":"https:\/\/www.lraloeverashop.eu\/es\/#website"},"primaryImageOfPage":{"@id":"https:\/\/www.lraloeverashop.eu\/es\/producto\/pro-balance-pastillas\/#primaryimage"},"image":{"@id":"https:\/\/www.lraloeverashop.eu\/es\/producto\/pro-balance-pastillas\/#primaryimage"},"thumbnailUrl":"https:\/\/www.lraloeverashop.eu\/wp-content\/uploads\/2022\/10\/Lr-Pro-balance-Mminerals.jpg","datePublished":"2022-10-13T03:32:32+00:00","dateModified":"2026-02-09T04:08:52+00:00","description":"Pro Balance Pastillas aportan al organismo minerales de alta calidad que el cuerpo no puede crear por s\u00ed mismo. Para acidosis latente, dolores articulares","breadcrumb":{"@id":"https:\/\/www.lraloeverashop.eu\/es\/producto\/pro-balance-pastillas\/#breadcrumb"},"inLanguage":"es","potentialAction":[{"@type":"ReadAction","target":["https:\/\/www.lraloeverashop.eu\/es\/producto\/pro-balance-pastillas\/"]}]},{"@type":"ImageObject","inLanguage":"es","@id":"https:\/\/www.lraloeverashop.eu\/es\/producto\/pro-balance-pastillas\/#primaryimage","url":"https:\/\/www.lraloeverashop.eu\/wp-content\/uploads\/2022\/10\/Lr-Pro-balance-Mminerals.jpg","contentUrl":"https:\/\/www.lraloeverashop.eu\/wp-content\/uploads\/2022\/10\/Lr-Pro-balance-Mminerals.jpg","width":1200,"height":1200,"caption":"Lr Pro balance Minerales"},{"@type":"BreadcrumbList","@id":"https:\/\/www.lraloeverashop.eu\/es\/producto\/pro-balance-pastillas\/#breadcrumb","itemListElement":[{"@type":"ListItem","position":1,"name":"Home","item":"https:\/\/www.lraloeverashop.eu\/es\/"},{"@type":"ListItem","position":2,"name":"Tienda","item":"https:\/\/www.lraloeverashop.eu\/es\/tienda\/"},{"@type":"ListItem","position":3,"name":"Pro Balance Pastillas"}]},{"@type":"WebSite","@id":"https:\/\/www.lraloeverashop.eu\/es\/#website","url":"https:\/\/www.lraloeverashop.eu\/es\/","name":"Lr Tienda Aloe Vera","description":"High Quality Lr Aloe Vera Gel, Aloe Vera Cream and Shampoo","publisher":{"@id":"https:\/\/www.lraloeverashop.eu\/es\/#organization"},"potentialAction":[{"@type":"SearchAction","target":{"@type":"EntryPoint","urlTemplate":"https:\/\/www.lraloeverashop.eu\/es\/?s={search_term_string}"},"query-input":{"@type":"PropertyValueSpecification","valueRequired":true,"valueName":"search_term_string"}}],"inLanguage":"es"},{"@type":"Organization","@id":"https:\/\/www.lraloeverashop.eu\/es\/#organization","name":"Lr Tienda Aloe Vera","alternateName":"LR","url":"https:\/\/www.lraloeverashop.eu\/es\/","logo":{"@type":"ImageObject","inLanguage":"es","@id":"https:\/\/www.lraloeverashop.eu\/es\/#\/schema\/logo\/image\/","url":"https:\/\/www.lraloeverashop.eu\/wp-content\/uploads\/2022\/09\/cropped-Lr-Aloe-Vera-Shop.jpg","contentUrl":"https:\/\/www.lraloeverashop.eu\/wp-content\/uploads\/2022\/09\/cropped-Lr-Aloe-Vera-Shop.jpg","width":228,"height":76,"caption":"Lr Tienda Aloe Vera"},"image":{"@id":"https:\/\/www.lraloeverashop.eu\/es\/#\/schema\/logo\/image\/"},"sameAs":["https:\/\/www.facebook.com\/lraloeverashop.eu","https:\/\/x.com\/natur__kosmetik","https:\/\/www.youtube.com\/channel\/UC5oN7BJ8nfYb8RpVtjwDEBA","https:\/\/www.instagram.com\/lrbeautyeu\/"],"description":"La tienda Lr Aloe Vera es tu destino de confianza para productos premium de salud y belleza LR, fabricados en Alemania. Ofrecemos soluciones de alta calidad para el cuidado de la piel, nutrici\u00f3n y antienvejecimiento con Aloe Vera, elaboradas con ingredientes puros y respaldadas por investigaci\u00f3n cient\u00edfica. Descubre un cuidado natural que regenera, protege y revitaliza tu piel, y disfruta de ofertas mensuales exclusivas en nuestros productos LR Aloe Vera m\u00e1s vendidos.\n\nComienza hoy mismo tu camino hacia el cuidado natural de la piel y siente la diferencia.","email":"info@lraloeverashop.eu","telephone":"+49 17670609653","legalName":"Lr Aloe Vera Shop","foundingDate":"2018-04-21","numberOfEmployees":{"@type":"QuantitativeValue","minValue":"1","maxValue":"10"}}]},"product_price_amount":"36.99","product_price_currency":"EUR","og_availability":"instock","product_availability":"instock","product_retailer_item_id":"80102-401ES","product_condition":"new"},"taxonomy_info":{"product_cat":[{"value":403,"label":"Base"},{"value":469,"label":"Especialistas"},{"value":421,"label":"Huesos, Articulaciones y M\u00fasculos"},{"value":457,"label":"Pro Balance"},{"value":415,"label":"Productos Especiales"},{"value":350,"label":"Sistema inmunol\u00f3gico y equilibrio"},{"value":302,"label":"Vitaminas y Minerales"}],"product_tag":[{"value":696,"label":"Minerales y vitaminas"},{"value":694,"label":"para dolor en las articulaciones"}]},"featured_image_src_large":["https:\/\/www.lraloeverashop.eu\/wp-content\/uploads\/2022\/10\/Lr-Pro-balance-Mminerals-1024x1024.jpg",1024,1024,true],"author_info":[],"comment_info":0,"_links":{"self":[{"href":"https:\/\/www.lraloeverashop.eu\/es\/wp-json\/wp\/v2\/product\/9794","targetHints":{"allow":["GET"]}}],"collection":[{"href":"https:\/\/www.lraloeverashop.eu\/es\/wp-json\/wp\/v2\/product"}],"about":[{"href":"https:\/\/www.lraloeverashop.eu\/es\/wp-json\/wp\/v2\/types\/product"}],"replies":[{"embeddable":true,"href":"https:\/\/www.lraloeverashop.eu\/es\/wp-json\/wp\/v2\/comments?post=9794"}],"wp:featuredmedia":[{"embeddable":true,"href":"https:\/\/www.lraloeverashop.eu\/es\/wp-json\/wp\/v2\/media\/5651"}],"wp:attachment":[{"href":"https:\/\/www.lraloeverashop.eu\/es\/wp-json\/wp\/v2\/media?parent=9794"}],"wp:term":[{"taxonomy":"product_brand","embeddable":true,"href":"https:\/\/www.lraloeverashop.eu\/es\/wp-json\/wp\/v2\/product_brand?post=9794"},{"taxonomy":"product_cat","embeddable":true,"href":"https:\/\/www.lraloeverashop.eu\/es\/wp-json\/wp\/v2\/product_cat?post=9794"},{"taxonomy":"product_tag","embeddable":true,"href":"https:\/\/www.lraloeverashop.eu\/es\/wp-json\/wp\/v2\/product_tag?post=9794"}],"curies":[{"name":"wp","href":"https:\/\/api.w.org\/{rel}","templated":true}]}}