{"id":9691,"date":"2022-10-13T08:34:35","date_gmt":"2022-10-13T06:34:35","guid":{"rendered":"https:\/\/www.lraloeverashop.eu\/product\/vita-active-frutos-rojos\/"},"modified":"2026-04-05T22:23:25","modified_gmt":"2026-04-05T20:23:25","slug":"vita-active-frutos-rojos","status":"publish","type":"product","link":"https:\/\/www.lraloeverashop.eu\/es\/producto\/vita-active-frutos-rojos\/","title":{"rendered":"Vita Active Frutos Rojos"},"content":{"rendered":"<h2><span style=\"font-size: 16pt;\"><strong>Vita Active Frutos Rojos<\/strong><\/span><\/h2>\n<p><span style=\"font-size: 14pt;\"><strong>Vita Active Frutos Rojos &#8211; 100% De Suministro De Vitaminas Con Solo Una Cucharadita<\/strong><\/span><\/p>\n<p>Una dieta variada y equilibrada juega un papel importante en un estilo de vida saludable. Nuestro cuerpo absorbe diariamente una variedad de <a href=\"https:\/\/www.lraloeverashop.eu\/es\/producto\/bebida-con-aloe-vera-acai-pro\/\">nutrientes necesarios<\/a> a trav\u00e9s de los alimentos. Vita Active Frutos Rojos puede ser un aliado importante, debido al hecho de que te mantiene completamente abastecido en todo momento.<\/p>\n<p>Lr Vita Active Frutos Rojos es un concentrado de 21 frutas y verduras naturales que tiene un sabor delicioso y proporciona al cuerpo diez vitaminas esenciales.<\/p>\n<p>&nbsp;<\/p>\n<h3><span style=\"font-size: 16pt;\"><strong>Las vitaminas son verdaderas milagrosas:<\/strong><\/span><\/h3>\n<p>1. La vitamina ayuda al correcto funcionamiento del sistema inmunol\u00f3gico y a mantener los dientes sanos.<br \/>\n2. La vitamina E protegen las c\u00e9lulas del estr\u00e9s oxidativo.<br \/>\n3. La vitamina B1 contribuye al correcto funcionamiento del coraz\u00f3n.<br \/>\n4. La vitamina B2 ayuda a normalizar el funcionamiento del sistema nervioso y el <a href=\"https:\/\/www.lraloeverashop.eu\/es\/producto\/vita-active-frutos-rojos-set\/\">metabolismo energ\u00e9tico<\/a>.<br \/>\n5. La vitamina B6 ayuda a normalizar el metabolismo del az\u00facar y las prote\u00ednas, y el funcionamiento del sistema inmunol\u00f3gico.<br \/>\n6. La vitamina B12 ayuda a la correcta formaci\u00f3n de gl\u00f3bulos rojos y contribuye al <strong><a href=\"https:\/\/www.lraloeverashop.eu\/es\/calostro-bovino-para-humanos\/\">funcionamiento del sistema inmunol\u00f3gico<\/a><\/strong>.<br \/>\n7. La niacina ayuda a reducir la sensaci\u00f3n de cansancio y fatiga.<br \/>\n8. El \u00e1cido f\u00f3lico contribuye al funcionamiento normal del <a href=\"https:\/\/www.lraloeverashop.eu\/es\/producto\/calostro-directo-liquido\/\">sistema inmunol\u00f3gico<\/a>, y reduce el cansancio y la fatiga.<br \/>\n9. El \u00e1cido pantot\u00e9nico contribuye a un rendimiento intelectual normal, y ayuda a un metabolismo normal de las hormonas, <a href=\"https:\/\/www.lraloeverashop.eu\/es\/producto\/woman-phyto-capsulas-para-la-menopausia\/\">vitamina D<\/a> y algunos<br \/>\nneurotransmisores.<br \/>\n10. La biotina contribuye a un metabolismo energ\u00e9tico normal y tambi\u00e9n al funcionamiento normal del sistema nervioso.<\/p>\n<p><strong>CONFIRMADO CIENT\u00cdFICAMENTE POR EFSA*<\/strong><\/p>\n<div class=\"entry-content-asset videofit\"><iframe loading=\"lazy\" title=\"Vita Active Frutos Rojos\" width=\"720\" height=\"405\" src=\"https:\/\/www.youtube.com\/embed\/V0W8827mOJo?feature=oembed\" frameborder=\"0\" allow=\"accelerometer; autoplay; clipboard-write; encrypted-media; gyroscope; picture-in-picture; web-share\" referrerpolicy=\"strict-origin-when-cross-origin\" allowfullscreen><\/iframe><\/div>\n<p>&nbsp;<\/p>\n<h4><span style=\"font-size: 16pt;\"><strong>Dosis diaria recomendada de Vita Active Frutos Rojos<\/strong><\/span><\/h4>\n<p>5 ml una vez al d\u00eda durante o despu\u00e9s de una comida. Puede agregar Vita Active a un vaso de agua mineral, yogur o cereal. Se recomienda el consumo a largo plazo.<\/p>\n<p>No exceda la dosis diaria de Vita Active Frutos Rojos. Los suplementos diet\u00e9ticos no son <a href=\"https:\/\/www.lraloeverashop.eu\/es\/sustituto-de-la-comida-figu-active-la-dieta-muy-inteligente-para-bajar-de-peso\/\">sustitutos de una dieta rica<\/a> y equilibrada, en combinaci\u00f3n con un estilo de vida saludable. Mantenga el producto fuera del alcance de los ni\u00f1os.<br \/>\nNo conservar a temperatura superior a 25 \u00b0 C. Refrigerar despu\u00e9s de abrir. Agitar antes de usar.<\/p>\n<p>&nbsp;<\/p>\n<h5><span style=\"font-size: 16pt;\"><strong>\u00bfSabes que la vitamina D se llama la \u00abvitamina del sol\u00bb?<\/strong><\/span><\/h5>\n<p>La vitamina D es una vitamina especial compuesta por la exposici\u00f3n de la piel a la radiaci\u00f3n solar. Una dieta equilibrada proporciona al cuerpo todas las vitaminas necesarias para su correcto funcionamiento. Especialmente durante el invierno, <a href=\"https:\/\/www.lraloeverashop.eu\/es\/producto\/vita-active-vitaminas\/\">Vita Active<\/a> puede ser un complemento \u00fatil para su dieta.<\/p>\n<p>Una dieta equilibrada es de gran importancia, especialmente para las personas con mayores responsabilidades en el trabajo o en la familia. Durante los per\u00edodos de\u00a0mayor estr\u00e9s, cuide su dieta y complete con Vita Active.<\/p>\n","protected":false},"excerpt":{"rendered":"<ul>\n<li>Concentrado compacto compuesto de 21 frutas y verduras.<\/li>\n<li>Solo una cucharadita (5 ml) al d\u00eda cubre el 100% de las necesidades del cuerpo en 10 vitaminas *<\/li>\n<li>Sin conservantes ni colorantes a\u00f1adidos.<\/li>\n<li>Producto hecho en Alemania<\/li>\n<li>Cantidad: 150 ml<\/li>\n<\/ul>\n<p><span style=\"color: #ff0000;\"><a style=\"color: #ff0000;\" href=\"https:\/\/shop.lrworld.com\/openpao?PHP=0vFlt7jT938BEnBI3a6e9w%3D%3D\"><span style=\"font-size: 14pt;\"><strong>Reg\u00edstrate aqu\u00ed y ahorra 35% en cada compra<\/strong><\/span><\/a><\/span><\/p>\n","protected":false},"featured_media":14641,"comment_status":"open","ping_status":"closed","template":"","meta":{"_kad_blocks_custom_css":"","_kad_blocks_head_custom_js":"","_kad_blocks_body_custom_js":"","_kad_blocks_footer_custom_js":"","_kadence_starter_templates_imported_post":false,"_kad_post_transparent":"default","_kad_post_title":"","_kad_post_layout":"default","_kad_post_sidebar_id":"","_kad_post_content_style":"default","_kad_post_vertical_padding":"default","_kad_post_feature":"","_kad_post_feature_position":"","_kad_post_header":false,"_kad_post_footer":false,"_kad_post_classname":""},"product_brand":[],"product_cat":[403,302],"product_tag":[696],"class_list":{"0":"post-9691","1":"product","2":"type-product","3":"status-publish","4":"has-post-thumbnail","6":"product_cat-base-es","7":"product_cat-vitaminas-y-minerales","8":"product_tag-minerales-y-vitaminas","10":"first","11":"instock","12":"taxable","13":"shipping-taxable","14":"purchasable","15":"product-type-simple","16":"entry","17":"content-bg","18":"loop-entry"},"yoast_head":"<!-- This site is optimized with the Yoast SEO Premium plugin v27.4 (Yoast SEO v27.4) - https:\/\/yoast.com\/product\/yoast-seo-premium-wordpress\/ -->\n<title>Vita Active Frutos Rojos - 100% vitaminas con solo una cucharadita<\/title>\n<meta name=\"description\" content=\"Vita Active Frutos Rojos es un concentrado de 21 frutas y verduras naturales que tiene un sabor delicioso y aporta al organismo las vitaminas esenciales.\" \/>\n<meta name=\"robots\" content=\"index, follow, max-snippet:-1, max-image-preview:large, max-video-preview:-1\" \/>\n<link rel=\"canonical\" href=\"https:\/\/www.lraloeverashop.eu\/es\/producto\/vita-active-frutos-rojos\/\" \/>\n<meta property=\"og:locale\" content=\"es_ES\" \/>\n<meta property=\"og:type\" content=\"article\" \/>\n<meta property=\"og:title\" content=\"Vita Active Frutos Rojos\" \/>\n<meta property=\"og:description\" content=\"Vita Active Frutos Rojos es un concentrado de 21 frutas y verduras naturales que tiene un sabor delicioso y aporta al organismo las vitaminas esenciales.\" \/>\n<meta property=\"og:url\" content=\"https:\/\/www.lraloeverashop.eu\/es\/producto\/vita-active-frutos-rojos\/\" \/>\n<meta property=\"og:site_name\" content=\"Lr Tienda Aloe Vera\" \/>\n<meta property=\"article:publisher\" content=\"https:\/\/www.facebook.com\/lraloeverashop.eu\" \/>\n<meta property=\"article:modified_time\" content=\"2026-04-05T20:23:25+00:00\" \/>\n<meta property=\"og:image\" content=\"https:\/\/www.lraloeverashop.eu\/wp-content\/uploads\/2024\/03\/Vita-Active-Red-Fruits-Vitamins.jpeg\" \/>\n\t<meta property=\"og:image:width\" content=\"1200\" \/>\n\t<meta property=\"og:image:height\" content=\"1200\" \/>\n\t<meta property=\"og:image:type\" content=\"image\/jpeg\" \/>\n<meta name=\"twitter:card\" content=\"summary_large_image\" \/>\n<meta name=\"twitter:site\" content=\"@natur__kosmetik\" \/>\n<script type=\"application\/ld+json\" class=\"yoast-schema-graph\">{\"@context\":\"https:\\\/\\\/schema.org\",\"@graph\":[{\"@type\":[\"WebPage\",\"ItemPage\"],\"@id\":\"https:\\\/\\\/www.lraloeverashop.eu\\\/es\\\/producto\\\/vita-active-frutos-rojos\\\/\",\"url\":\"https:\\\/\\\/www.lraloeverashop.eu\\\/es\\\/producto\\\/vita-active-frutos-rojos\\\/\",\"name\":\"Vita Active Frutos Rojos - 100% vitaminas con solo una cucharadita\",\"isPartOf\":{\"@id\":\"https:\\\/\\\/www.lraloeverashop.eu\\\/es\\\/#website\"},\"primaryImageOfPage\":{\"@id\":\"https:\\\/\\\/www.lraloeverashop.eu\\\/es\\\/producto\\\/vita-active-frutos-rojos\\\/#primaryimage\"},\"image\":{\"@id\":\"https:\\\/\\\/www.lraloeverashop.eu\\\/es\\\/producto\\\/vita-active-frutos-rojos\\\/#primaryimage\"},\"thumbnailUrl\":\"https:\\\/\\\/www.lraloeverashop.eu\\\/wp-content\\\/uploads\\\/2024\\\/03\\\/Vita-Active-Red-Fruits-Vitamins.jpeg\",\"datePublished\":\"2022-10-13T06:34:35+00:00\",\"dateModified\":\"2026-04-05T20:23:25+00:00\",\"description\":\"Vita Active Frutos Rojos es un concentrado de 21 frutas y verduras naturales que tiene un sabor delicioso y aporta al organismo las vitaminas esenciales.\",\"breadcrumb\":{\"@id\":\"https:\\\/\\\/www.lraloeverashop.eu\\\/es\\\/producto\\\/vita-active-frutos-rojos\\\/#breadcrumb\"},\"inLanguage\":\"es\",\"potentialAction\":[{\"@type\":\"ReadAction\",\"target\":[\"https:\\\/\\\/www.lraloeverashop.eu\\\/es\\\/producto\\\/vita-active-frutos-rojos\\\/\"]}]},{\"@type\":\"ImageObject\",\"inLanguage\":\"es\",\"@id\":\"https:\\\/\\\/www.lraloeverashop.eu\\\/es\\\/producto\\\/vita-active-frutos-rojos\\\/#primaryimage\",\"url\":\"https:\\\/\\\/www.lraloeverashop.eu\\\/wp-content\\\/uploads\\\/2024\\\/03\\\/Vita-Active-Red-Fruits-Vitamins.jpeg\",\"contentUrl\":\"https:\\\/\\\/www.lraloeverashop.eu\\\/wp-content\\\/uploads\\\/2024\\\/03\\\/Vita-Active-Red-Fruits-Vitamins.jpeg\",\"width\":1200,\"height\":1200,\"caption\":\"Vita Active frutos rojos Vitaminas para ni\u00f1os y adultos\"},{\"@type\":\"BreadcrumbList\",\"@id\":\"https:\\\/\\\/www.lraloeverashop.eu\\\/es\\\/producto\\\/vita-active-frutos-rojos\\\/#breadcrumb\",\"itemListElement\":[{\"@type\":\"ListItem\",\"position\":1,\"name\":\"Home\",\"item\":\"https:\\\/\\\/www.lraloeverashop.eu\\\/es\\\/\"},{\"@type\":\"ListItem\",\"position\":2,\"name\":\"Tienda\",\"item\":\"https:\\\/\\\/www.lraloeverashop.eu\\\/es\\\/tienda\\\/\"},{\"@type\":\"ListItem\",\"position\":3,\"name\":\"Vita Active Frutos Rojos\"}]},{\"@type\":\"WebSite\",\"@id\":\"https:\\\/\\\/www.lraloeverashop.eu\\\/es\\\/#website\",\"url\":\"https:\\\/\\\/www.lraloeverashop.eu\\\/es\\\/\",\"name\":\"Lr Tienda Aloe Vera\",\"description\":\"High Quality Lr Aloe Vera Gel, Aloe Vera Cream and Shampoo\",\"publisher\":{\"@id\":\"https:\\\/\\\/www.lraloeverashop.eu\\\/es\\\/#organization\"},\"potentialAction\":[{\"@type\":\"SearchAction\",\"target\":{\"@type\":\"EntryPoint\",\"urlTemplate\":\"https:\\\/\\\/www.lraloeverashop.eu\\\/es\\\/?s={search_term_string}\"},\"query-input\":{\"@type\":\"PropertyValueSpecification\",\"valueRequired\":true,\"valueName\":\"search_term_string\"}}],\"inLanguage\":\"es\"},{\"@type\":\"Organization\",\"@id\":\"https:\\\/\\\/www.lraloeverashop.eu\\\/es\\\/#organization\",\"name\":\"Lr Tienda Aloe Vera\",\"alternateName\":\"LR\",\"url\":\"https:\\\/\\\/www.lraloeverashop.eu\\\/es\\\/\",\"logo\":{\"@type\":\"ImageObject\",\"inLanguage\":\"es\",\"@id\":\"https:\\\/\\\/www.lraloeverashop.eu\\\/es\\\/#\\\/schema\\\/logo\\\/image\\\/\",\"url\":\"https:\\\/\\\/www.lraloeverashop.eu\\\/wp-content\\\/uploads\\\/2022\\\/09\\\/cropped-Lr-Aloe-Vera-Shop.jpg\",\"contentUrl\":\"https:\\\/\\\/www.lraloeverashop.eu\\\/wp-content\\\/uploads\\\/2022\\\/09\\\/cropped-Lr-Aloe-Vera-Shop.jpg\",\"width\":228,\"height\":76,\"caption\":\"Lr Tienda Aloe Vera\"},\"image\":{\"@id\":\"https:\\\/\\\/www.lraloeverashop.eu\\\/es\\\/#\\\/schema\\\/logo\\\/image\\\/\"},\"sameAs\":[\"https:\\\/\\\/www.facebook.com\\\/lraloeverashop.eu\",\"https:\\\/\\\/x.com\\\/natur__kosmetik\",\"https:\\\/\\\/www.youtube.com\\\/channel\\\/UC5oN7BJ8nfYb8RpVtjwDEBA\",\"https:\\\/\\\/www.instagram.com\\\/lrbeautyeu\\\/\"],\"description\":\"La tienda Lr Aloe Vera es tu destino de confianza para productos premium de salud y belleza LR, fabricados en Alemania. Ofrecemos soluciones de alta calidad para el cuidado de la piel, nutrici\u00f3n y antienvejecimiento con Aloe Vera, elaboradas con ingredientes puros y respaldadas por investigaci\u00f3n cient\u00edfica. Descubre un cuidado natural que regenera, protege y revitaliza tu piel, y disfruta de ofertas mensuales exclusivas en nuestros productos LR Aloe Vera m\u00e1s vendidos.\\n\\nComienza hoy mismo tu camino hacia el cuidado natural de la piel y siente la diferencia.\",\"email\":\"info@lraloeverashop.eu\",\"telephone\":\"+49 17670609653\",\"legalName\":\"Lr Aloe Vera Shop\",\"foundingDate\":\"2018-04-21\",\"numberOfEmployees\":{\"@type\":\"QuantitativeValue\",\"minValue\":\"1\",\"maxValue\":\"10\"}}]}<\/script>\n<meta property=\"product:price:amount\" content=\"25.29\" \/>\n<meta property=\"product:price:currency\" content=\"EUR\" \/>\n<meta property=\"og:availability\" content=\"instock\" \/>\n<meta property=\"product:availability\" content=\"instock\" \/>\n<meta property=\"product:retailer_item_id\" content=\"80301-401ES\" \/>\n<meta property=\"product:condition\" content=\"new\" \/>\n<!-- \/ Yoast SEO Premium plugin. -->","yoast_head_json":{"title":"Vita Active Frutos Rojos - 100% vitaminas con solo una cucharadita","description":"Vita Active Frutos Rojos es un concentrado de 21 frutas y verduras naturales que tiene un sabor delicioso y aporta al organismo las vitaminas esenciales.","robots":{"index":"index","follow":"follow","max-snippet":"max-snippet:-1","max-image-preview":"max-image-preview:large","max-video-preview":"max-video-preview:-1"},"canonical":"https:\/\/www.lraloeverashop.eu\/es\/producto\/vita-active-frutos-rojos\/","og_locale":"es_ES","og_type":"article","og_title":"Vita Active Frutos Rojos","og_description":"Vita Active Frutos Rojos es un concentrado de 21 frutas y verduras naturales que tiene un sabor delicioso y aporta al organismo las vitaminas esenciales.","og_url":"https:\/\/www.lraloeverashop.eu\/es\/producto\/vita-active-frutos-rojos\/","og_site_name":"Lr Tienda Aloe Vera","article_publisher":"https:\/\/www.facebook.com\/lraloeverashop.eu","article_modified_time":"2026-04-05T20:23:25+00:00","og_image":[{"width":1200,"height":1200,"url":"https:\/\/www.lraloeverashop.eu\/wp-content\/uploads\/2024\/03\/Vita-Active-Red-Fruits-Vitamins.jpeg","type":"image\/jpeg"}],"twitter_card":"summary_large_image","twitter_site":"@natur__kosmetik","schema":{"@context":"https:\/\/schema.org","@graph":[{"@type":["WebPage","ItemPage"],"@id":"https:\/\/www.lraloeverashop.eu\/es\/producto\/vita-active-frutos-rojos\/","url":"https:\/\/www.lraloeverashop.eu\/es\/producto\/vita-active-frutos-rojos\/","name":"Vita Active Frutos Rojos - 100% vitaminas con solo una cucharadita","isPartOf":{"@id":"https:\/\/www.lraloeverashop.eu\/es\/#website"},"primaryImageOfPage":{"@id":"https:\/\/www.lraloeverashop.eu\/es\/producto\/vita-active-frutos-rojos\/#primaryimage"},"image":{"@id":"https:\/\/www.lraloeverashop.eu\/es\/producto\/vita-active-frutos-rojos\/#primaryimage"},"thumbnailUrl":"https:\/\/www.lraloeverashop.eu\/wp-content\/uploads\/2024\/03\/Vita-Active-Red-Fruits-Vitamins.jpeg","datePublished":"2022-10-13T06:34:35+00:00","dateModified":"2026-04-05T20:23:25+00:00","description":"Vita Active Frutos Rojos es un concentrado de 21 frutas y verduras naturales que tiene un sabor delicioso y aporta al organismo las vitaminas esenciales.","breadcrumb":{"@id":"https:\/\/www.lraloeverashop.eu\/es\/producto\/vita-active-frutos-rojos\/#breadcrumb"},"inLanguage":"es","potentialAction":[{"@type":"ReadAction","target":["https:\/\/www.lraloeverashop.eu\/es\/producto\/vita-active-frutos-rojos\/"]}]},{"@type":"ImageObject","inLanguage":"es","@id":"https:\/\/www.lraloeverashop.eu\/es\/producto\/vita-active-frutos-rojos\/#primaryimage","url":"https:\/\/www.lraloeverashop.eu\/wp-content\/uploads\/2024\/03\/Vita-Active-Red-Fruits-Vitamins.jpeg","contentUrl":"https:\/\/www.lraloeverashop.eu\/wp-content\/uploads\/2024\/03\/Vita-Active-Red-Fruits-Vitamins.jpeg","width":1200,"height":1200,"caption":"Vita Active frutos rojos Vitaminas para ni\u00f1os y adultos"},{"@type":"BreadcrumbList","@id":"https:\/\/www.lraloeverashop.eu\/es\/producto\/vita-active-frutos-rojos\/#breadcrumb","itemListElement":[{"@type":"ListItem","position":1,"name":"Home","item":"https:\/\/www.lraloeverashop.eu\/es\/"},{"@type":"ListItem","position":2,"name":"Tienda","item":"https:\/\/www.lraloeverashop.eu\/es\/tienda\/"},{"@type":"ListItem","position":3,"name":"Vita Active Frutos Rojos"}]},{"@type":"WebSite","@id":"https:\/\/www.lraloeverashop.eu\/es\/#website","url":"https:\/\/www.lraloeverashop.eu\/es\/","name":"Lr Tienda Aloe Vera","description":"High Quality Lr Aloe Vera Gel, Aloe Vera Cream and Shampoo","publisher":{"@id":"https:\/\/www.lraloeverashop.eu\/es\/#organization"},"potentialAction":[{"@type":"SearchAction","target":{"@type":"EntryPoint","urlTemplate":"https:\/\/www.lraloeverashop.eu\/es\/?s={search_term_string}"},"query-input":{"@type":"PropertyValueSpecification","valueRequired":true,"valueName":"search_term_string"}}],"inLanguage":"es"},{"@type":"Organization","@id":"https:\/\/www.lraloeverashop.eu\/es\/#organization","name":"Lr Tienda Aloe Vera","alternateName":"LR","url":"https:\/\/www.lraloeverashop.eu\/es\/","logo":{"@type":"ImageObject","inLanguage":"es","@id":"https:\/\/www.lraloeverashop.eu\/es\/#\/schema\/logo\/image\/","url":"https:\/\/www.lraloeverashop.eu\/wp-content\/uploads\/2022\/09\/cropped-Lr-Aloe-Vera-Shop.jpg","contentUrl":"https:\/\/www.lraloeverashop.eu\/wp-content\/uploads\/2022\/09\/cropped-Lr-Aloe-Vera-Shop.jpg","width":228,"height":76,"caption":"Lr Tienda Aloe Vera"},"image":{"@id":"https:\/\/www.lraloeverashop.eu\/es\/#\/schema\/logo\/image\/"},"sameAs":["https:\/\/www.facebook.com\/lraloeverashop.eu","https:\/\/x.com\/natur__kosmetik","https:\/\/www.youtube.com\/channel\/UC5oN7BJ8nfYb8RpVtjwDEBA","https:\/\/www.instagram.com\/lrbeautyeu\/"],"description":"La tienda Lr Aloe Vera es tu destino de confianza para productos premium de salud y belleza LR, fabricados en Alemania. Ofrecemos soluciones de alta calidad para el cuidado de la piel, nutrici\u00f3n y antienvejecimiento con Aloe Vera, elaboradas con ingredientes puros y respaldadas por investigaci\u00f3n cient\u00edfica. Descubre un cuidado natural que regenera, protege y revitaliza tu piel, y disfruta de ofertas mensuales exclusivas en nuestros productos LR Aloe Vera m\u00e1s vendidos.\n\nComienza hoy mismo tu camino hacia el cuidado natural de la piel y siente la diferencia.","email":"info@lraloeverashop.eu","telephone":"+49 17670609653","legalName":"Lr Aloe Vera Shop","foundingDate":"2018-04-21","numberOfEmployees":{"@type":"QuantitativeValue","minValue":"1","maxValue":"10"}}]},"product_price_amount":"25.29","product_price_currency":"EUR","og_availability":"instock","product_availability":"instock","product_retailer_item_id":"80301-401ES","product_condition":"new"},"taxonomy_info":{"product_cat":[{"value":403,"label":"Base"},{"value":302,"label":"Vitaminas y Minerales"}],"product_tag":[{"value":696,"label":"Minerales y vitaminas"}]},"featured_image_src_large":["https:\/\/www.lraloeverashop.eu\/wp-content\/uploads\/2024\/03\/Vita-Active-Red-Fruits-Vitamins-1024x1024.jpeg",1024,1024,true],"author_info":[],"comment_info":0,"_links":{"self":[{"href":"https:\/\/www.lraloeverashop.eu\/es\/wp-json\/wp\/v2\/product\/9691","targetHints":{"allow":["GET"]}}],"collection":[{"href":"https:\/\/www.lraloeverashop.eu\/es\/wp-json\/wp\/v2\/product"}],"about":[{"href":"https:\/\/www.lraloeverashop.eu\/es\/wp-json\/wp\/v2\/types\/product"}],"replies":[{"embeddable":true,"href":"https:\/\/www.lraloeverashop.eu\/es\/wp-json\/wp\/v2\/comments?post=9691"}],"wp:featuredmedia":[{"embeddable":true,"href":"https:\/\/www.lraloeverashop.eu\/es\/wp-json\/wp\/v2\/media\/14641"}],"wp:attachment":[{"href":"https:\/\/www.lraloeverashop.eu\/es\/wp-json\/wp\/v2\/media?parent=9691"}],"wp:term":[{"taxonomy":"product_brand","embeddable":true,"href":"https:\/\/www.lraloeverashop.eu\/es\/wp-json\/wp\/v2\/product_brand?post=9691"},{"taxonomy":"product_cat","embeddable":true,"href":"https:\/\/www.lraloeverashop.eu\/es\/wp-json\/wp\/v2\/product_cat?post=9691"},{"taxonomy":"product_tag","embeddable":true,"href":"https:\/\/www.lraloeverashop.eu\/es\/wp-json\/wp\/v2\/product_tag?post=9691"}],"curies":[{"name":"wp","href":"https:\/\/api.w.org\/{rel}","templated":true}]}}