{"id":9659,"date":"2022-10-13T09:27:45","date_gmt":"2022-10-13T07:27:45","guid":{"rendered":"https:\/\/www.lraloeverashop.eu\/product\/omega-3-pastillas\/"},"modified":"2026-02-09T05:07:33","modified_gmt":"2026-02-09T04:07:33","slug":"omega-3-pastillas","status":"publish","type":"product","link":"https:\/\/www.lraloeverashop.eu\/es\/producto\/omega-3-pastillas\/","title":{"rendered":"Omega 3 Pastillas Oferta Limitada"},"content":{"rendered":"<h2><span style=\"font-size: 16pt;\"><strong>Omega 3 Pastillas Oferta Limitada<\/strong><\/span><\/h2>\n<p><span style=\"font-size: 14pt;\"><strong>Omega 3 Pastillas Oferta Limitada con Valiosos \u00c1cidos Grasos Omega-3<\/strong><\/span><\/p>\n<p>Los \u00e1cidos grasos Omega 3 Pastillas tienen un efecto muy positivo en varios procesos corporales. Por lo tanto, debe tener cuidado de alcanzar siempre la cantidad diaria recomendada de \u00e1cidos grasos omega 3.<\/p>\n<p>Las c\u00e1psulas son ricas en \u00e1cidos grasos omega 3, y los altos niveles de EPA y DHA contribuyen a la funci\u00f3n card\u00edaca normal.<\/p>\n<p>La EPA es responsable de muchos procesos en el cuerpo, en particular, contribuye al apoyo de la <a href=\"https:\/\/www.lraloeverashop.eu\/es\/producto\/pastillas-con-omega-3\/\">funci\u00f3n card\u00edaca normal<\/a>. Para este prop\u00f3sito, la ingesta de al menos 250 mg de DHA por d\u00eda es suficiente. Esta necesidad est\u00e1 generosamente cubierta con la raci\u00f3n diaria de Omega 3 Pastillas. Adem\u00e1s, el DHA tambi\u00e9n ayuda a mantener nuestra funci\u00f3n cerebral normal.<\/p>\n<div class=\"entry-content-asset videofit\"><iframe loading=\"lazy\" title=\"Super Omega 3 C\u00e1psulas \u2013 La Contribuci\u00f3n Diaria A La Funci\u00f3n Card\u00edaca Normal\" width=\"720\" height=\"405\" src=\"https:\/\/www.youtube.com\/embed\/kBlFjnLBm3A?feature=oembed\" frameborder=\"0\" allow=\"accelerometer; autoplay; clipboard-write; encrypted-media; gyroscope; picture-in-picture; web-share\" referrerpolicy=\"strict-origin-when-cross-origin\" allowfullscreen><\/iframe><\/div>\n<p>&nbsp;<\/p>\n<p>Los valiosos \u00e1cidos grasos Omega 3 en Omega 3 Pastillas est\u00e1n hechos de aceite de pescado de alta calidad de sardinas, caballa y at\u00fan. LR utiliza solo peces vivos del Pac\u00edfico sudamericano para la producci\u00f3n de las c\u00e1psulas.<\/p>\n<p>La captura y el procesamiento est\u00e1n certificados como particularmente sostenibles, por lo que protegen el medio ambiente y las poblaciones de peces y, por lo tanto, todos llevan el sello de calidad de \u00abFriend of the Sea\u00bb.<\/p>\n<p>&nbsp;<\/p>\n<h2><strong><span style=\"font-size: 16pt;\">C\u00f3mo utilizar Omega 3 Pastillas<\/span><\/strong><\/h2>\n<p>Tomar 3 c\u00e1psulas al d\u00eda con un poco de l\u00edquido.<br \/>\nNo se debe exceder la dosis diaria recomendada. Los suplementos nutricionales no son un sustituto de una dieta variada y <a href=\"https:\/\/www.lraloeverashop.eu\/es\/producto\/pro-balance-pastillas\/\">equilibrada<\/a> que es importante junto con un estilo de vida saludable. Mantenga el producto fuera del alcance de los ni\u00f1os peque\u00f1os. Almacenar en seco y no m\u00e1s de 20 \u00b0 C. Contiene gluten.<\/p>\n<p>&nbsp;<\/p>\n<h3><strong><span style=\"font-size: 16pt;\">\u00bfLo Sab\u00edas?<\/span><\/strong><\/h3>\n<p>Los \u00e1cidos grasos Omega-3 son esenciales para los humanos. No pueden ser producidos por el metabolismo humano, sino que deben alimentarse a trav\u00e9s de los alimentos. Seg\u00fan la Autoridad Europea de Seguridad Alimentaria (EFSA), se recomienda la ingesta diaria de al menos 250 mg de DHA. La Sociedad Alemana para la Nutrici\u00f3n (DGE) confirma esta recomendaci\u00f3n.<\/p>\n<p>&nbsp;<\/p>\n<h4><strong><span style=\"font-size: 16pt;\">Preguntas m\u00e1s frecuentes<\/span><\/strong><\/h4>\n<p><strong>\u00bfC\u00f3mo se hacen las Omega 3 Pastillas?<\/strong><br \/>\nLas Omega 3 Pastillas contienen un concentrado hecho de aceite de pescado real. De esta manera, los \u00e1cidos grasos omega-3 se enriquecen y se ponen a disposici\u00f3n para la nutrici\u00f3n humana. Para las Pastillas, <strong><a href=\"https:\/\/lrworld.com\/join-me\">LR Health &amp; Beauty<\/a><\/strong> utiliza solo pescado de agua salada graso de vida libre como sardinas, caballa y at\u00fan, complementado con un valioso aceite de onagra.<\/p>\n<p><strong>\u00bfQu\u00e9 es el beta-glucano?<\/strong><br \/>\nEl beta-glucano es un polisac\u00e1rido natural (polisac\u00e1rido) de las fibras de cebada.<\/p>\n<p><strong>\u00bfQu\u00e9 se puede hacer para apoyar el sistema cardiovascular?<\/strong><br \/>\nAdem\u00e1s de nutrientes como los \u00e1cidos grasos omega-3, el ejercicio regular y una dieta equilibrada son la clave para <a href=\"https:\/\/www.lraloeverashop.eu\/es\/producto\/super-omega-3-capsulas\/\">mantener el coraz\u00f3n<\/a> y los vasos sangu\u00edneos.<\/p>\n","protected":false},"excerpt":{"rendered":"<ul>\n<li><span style=\"color: #ff0000;\"><strong>Oferta limitada<\/strong><\/span><\/li>\n<li>C\u00e1psulas para la salud del coraz\u00f3n\u00b9<\/li>\n<li>Alto contenido de EPA (\u00e1cido eicosapentaenoico) y DHA (\u00e1cido docosahexaenoico)<\/li>\n<li>S\u00f3lo de caballa, sardinas y at\u00fan de vida libre.<\/li>\n<li>Solo de pesca sostenible con sello \u00abFriend of the Sea\u00bb<\/li>\n<li>Producto hecho en Alemania<\/li>\n<li>Contenido: 2 x 60 c\u00e1psulas<\/li>\n<\/ul>\n<p><span style=\"color: #ff0000;\"><a style=\"color: #ff0000;\" href=\"https:\/\/shop.lrworld.com\/openpao?PHP=0vFlt7jT938BEnBI3a6e9w%3D%3D\"><span style=\"font-size: 14pt;\"><strong>Reg\u00edstrate aqu\u00ed y ahorra 35% en cada compra<\/strong><\/span><\/a><\/span><\/p>\n","protected":false},"featured_media":5159,"comment_status":"open","ping_status":"closed","template":"","meta":{"_kad_blocks_custom_css":"","_kad_blocks_head_custom_js":"","_kad_blocks_body_custom_js":"","_kad_blocks_footer_custom_js":"","_kadence_starter_templates_imported_post":false,"_kad_post_transparent":"default","_kad_post_title":"","_kad_post_layout":"default","_kad_post_sidebar_id":"","_kad_post_content_style":"default","_kad_post_vertical_padding":"default","_kad_post_feature":"","_kad_post_feature_position":"","_kad_post_header":false,"_kad_post_footer":false,"_kad_post_classname":""},"product_brand":[],"product_cat":[403,427,469,445,356,302],"product_tag":[696],"class_list":{"0":"post-9659","1":"product","2":"type-product","3":"status-publish","4":"has-post-thumbnail","6":"product_cat-base-es","7":"product_cat-corazon-y-circulacion","8":"product_cat-especialistas","9":"product_cat-rendimiento-y-energia","10":"product_cat-ventas","11":"product_cat-vitaminas-y-minerales","12":"product_tag-minerales-y-vitaminas","14":"first","15":"outofstock","16":"sale","17":"taxable","18":"shipping-taxable","19":"purchasable","20":"product-type-simple","21":"entry","22":"content-bg","23":"loop-entry"},"yoast_head":"<!-- This site is optimized with the Yoast SEO Premium plugin v27.4 (Yoast SEO v27.4) - https:\/\/yoast.com\/product\/yoast-seo-premium-wordpress\/ -->\n<title>Omega 3 Pastillas con valiosos acidos grasos Omega-3<\/title>\n<meta name=\"description\" content=\"Omega 3 Pastillas contienen un concentrado hecho de aceite de pescado real. Los \u00e1cidos grasos omega-3 se enriquecen y se ponen para la nutrici\u00f3n humana\" \/>\n<meta name=\"robots\" content=\"index, follow, max-snippet:-1, max-image-preview:large, max-video-preview:-1\" \/>\n<link rel=\"canonical\" href=\"https:\/\/www.lraloeverashop.eu\/es\/producto\/omega-3-pastillas\/\" \/>\n<meta property=\"og:locale\" content=\"es_ES\" \/>\n<meta property=\"og:type\" content=\"article\" \/>\n<meta property=\"og:title\" content=\"Omega 3 Pastillas Oferta Limitada\" \/>\n<meta property=\"og:description\" content=\"Omega 3 Pastillas contienen un concentrado hecho de aceite de pescado real. Los \u00e1cidos grasos omega-3 se enriquecen y se ponen para la nutrici\u00f3n humana\" \/>\n<meta property=\"og:url\" content=\"https:\/\/www.lraloeverashop.eu\/es\/producto\/omega-3-pastillas\/\" \/>\n<meta property=\"og:site_name\" content=\"Lr Tienda Aloe Vera\" \/>\n<meta property=\"article:publisher\" content=\"https:\/\/www.facebook.com\/lraloeverashop.eu\" \/>\n<meta property=\"article:modified_time\" content=\"2026-02-09T04:07:33+00:00\" \/>\n<meta property=\"og:image\" content=\"https:\/\/www.lraloeverashop.eu\/wp-content\/uploads\/2022\/10\/Omega-Capsules-Limited-Offer.jpg\" \/>\n\t<meta property=\"og:image:width\" content=\"1200\" \/>\n\t<meta property=\"og:image:height\" content=\"1200\" \/>\n\t<meta property=\"og:image:type\" content=\"image\/jpeg\" \/>\n<meta name=\"twitter:card\" content=\"summary_large_image\" \/>\n<meta name=\"twitter:site\" content=\"@natur__kosmetik\" \/>\n<script type=\"application\/ld+json\" class=\"yoast-schema-graph\">{\"@context\":\"https:\\\/\\\/schema.org\",\"@graph\":[{\"@type\":[\"WebPage\",\"ItemPage\"],\"@id\":\"https:\\\/\\\/www.lraloeverashop.eu\\\/es\\\/producto\\\/omega-3-pastillas\\\/\",\"url\":\"https:\\\/\\\/www.lraloeverashop.eu\\\/es\\\/producto\\\/omega-3-pastillas\\\/\",\"name\":\"Omega 3 Pastillas con valiosos acidos grasos Omega-3\",\"isPartOf\":{\"@id\":\"https:\\\/\\\/www.lraloeverashop.eu\\\/es\\\/#website\"},\"primaryImageOfPage\":{\"@id\":\"https:\\\/\\\/www.lraloeverashop.eu\\\/es\\\/producto\\\/omega-3-pastillas\\\/#primaryimage\"},\"image\":{\"@id\":\"https:\\\/\\\/www.lraloeverashop.eu\\\/es\\\/producto\\\/omega-3-pastillas\\\/#primaryimage\"},\"thumbnailUrl\":\"https:\\\/\\\/www.lraloeverashop.eu\\\/wp-content\\\/uploads\\\/2022\\\/10\\\/Omega-Capsules-Limited-Offer.jpg\",\"datePublished\":\"2022-10-13T07:27:45+00:00\",\"dateModified\":\"2026-02-09T04:07:33+00:00\",\"description\":\"Omega 3 Pastillas contienen un concentrado hecho de aceite de pescado real. Los \u00e1cidos grasos omega-3 se enriquecen y se ponen para la nutrici\u00f3n humana\",\"breadcrumb\":{\"@id\":\"https:\\\/\\\/www.lraloeverashop.eu\\\/es\\\/producto\\\/omega-3-pastillas\\\/#breadcrumb\"},\"inLanguage\":\"es\",\"potentialAction\":[{\"@type\":\"ReadAction\",\"target\":[\"https:\\\/\\\/www.lraloeverashop.eu\\\/es\\\/producto\\\/omega-3-pastillas\\\/\"]}]},{\"@type\":\"ImageObject\",\"inLanguage\":\"es\",\"@id\":\"https:\\\/\\\/www.lraloeverashop.eu\\\/es\\\/producto\\\/omega-3-pastillas\\\/#primaryimage\",\"url\":\"https:\\\/\\\/www.lraloeverashop.eu\\\/wp-content\\\/uploads\\\/2022\\\/10\\\/Omega-Capsules-Limited-Offer.jpg\",\"contentUrl\":\"https:\\\/\\\/www.lraloeverashop.eu\\\/wp-content\\\/uploads\\\/2022\\\/10\\\/Omega-Capsules-Limited-Offer.jpg\",\"width\":1200,\"height\":1200,\"caption\":\"Oferta Limitada de Omega 3 Pastillas\"},{\"@type\":\"BreadcrumbList\",\"@id\":\"https:\\\/\\\/www.lraloeverashop.eu\\\/es\\\/producto\\\/omega-3-pastillas\\\/#breadcrumb\",\"itemListElement\":[{\"@type\":\"ListItem\",\"position\":1,\"name\":\"Home\",\"item\":\"https:\\\/\\\/www.lraloeverashop.eu\\\/es\\\/\"},{\"@type\":\"ListItem\",\"position\":2,\"name\":\"Tienda\",\"item\":\"https:\\\/\\\/www.lraloeverashop.eu\\\/es\\\/tienda\\\/\"},{\"@type\":\"ListItem\",\"position\":3,\"name\":\"Omega 3 Pastillas Oferta Limitada\"}]},{\"@type\":\"WebSite\",\"@id\":\"https:\\\/\\\/www.lraloeverashop.eu\\\/es\\\/#website\",\"url\":\"https:\\\/\\\/www.lraloeverashop.eu\\\/es\\\/\",\"name\":\"Lr Tienda Aloe Vera\",\"description\":\"High Quality Lr Aloe Vera Gel, Aloe Vera Cream and Shampoo\",\"publisher\":{\"@id\":\"https:\\\/\\\/www.lraloeverashop.eu\\\/es\\\/#organization\"},\"potentialAction\":[{\"@type\":\"SearchAction\",\"target\":{\"@type\":\"EntryPoint\",\"urlTemplate\":\"https:\\\/\\\/www.lraloeverashop.eu\\\/es\\\/?s={search_term_string}\"},\"query-input\":{\"@type\":\"PropertyValueSpecification\",\"valueRequired\":true,\"valueName\":\"search_term_string\"}}],\"inLanguage\":\"es\"},{\"@type\":\"Organization\",\"@id\":\"https:\\\/\\\/www.lraloeverashop.eu\\\/es\\\/#organization\",\"name\":\"Lr Tienda Aloe Vera\",\"alternateName\":\"LR\",\"url\":\"https:\\\/\\\/www.lraloeverashop.eu\\\/es\\\/\",\"logo\":{\"@type\":\"ImageObject\",\"inLanguage\":\"es\",\"@id\":\"https:\\\/\\\/www.lraloeverashop.eu\\\/es\\\/#\\\/schema\\\/logo\\\/image\\\/\",\"url\":\"https:\\\/\\\/www.lraloeverashop.eu\\\/wp-content\\\/uploads\\\/2022\\\/09\\\/cropped-Lr-Aloe-Vera-Shop.jpg\",\"contentUrl\":\"https:\\\/\\\/www.lraloeverashop.eu\\\/wp-content\\\/uploads\\\/2022\\\/09\\\/cropped-Lr-Aloe-Vera-Shop.jpg\",\"width\":228,\"height\":76,\"caption\":\"Lr Tienda Aloe Vera\"},\"image\":{\"@id\":\"https:\\\/\\\/www.lraloeverashop.eu\\\/es\\\/#\\\/schema\\\/logo\\\/image\\\/\"},\"sameAs\":[\"https:\\\/\\\/www.facebook.com\\\/lraloeverashop.eu\",\"https:\\\/\\\/x.com\\\/natur__kosmetik\",\"https:\\\/\\\/www.youtube.com\\\/channel\\\/UC5oN7BJ8nfYb8RpVtjwDEBA\",\"https:\\\/\\\/www.instagram.com\\\/lrbeautyeu\\\/\"],\"description\":\"La tienda Lr Aloe Vera es tu destino de confianza para productos premium de salud y belleza LR, fabricados en Alemania. Ofrecemos soluciones de alta calidad para el cuidado de la piel, nutrici\u00f3n y antienvejecimiento con Aloe Vera, elaboradas con ingredientes puros y respaldadas por investigaci\u00f3n cient\u00edfica. Descubre un cuidado natural que regenera, protege y revitaliza tu piel, y disfruta de ofertas mensuales exclusivas en nuestros productos LR Aloe Vera m\u00e1s vendidos.\\n\\nComienza hoy mismo tu camino hacia el cuidado natural de la piel y siente la diferencia.\",\"email\":\"info@lraloeverashop.eu\",\"telephone\":\"+49 17670609653\",\"legalName\":\"Lr Aloe Vera Shop\",\"foundingDate\":\"2018-04-21\",\"numberOfEmployees\":{\"@type\":\"QuantitativeValue\",\"minValue\":\"1\",\"maxValue\":\"10\"}}]}<\/script>\n<meta property=\"product:price:amount\" content=\"64.99\" \/>\n<meta property=\"product:price:currency\" content=\"EUR\" \/>\n<meta property=\"og:availability\" content=\"out of stock\" \/>\n<meta property=\"product:availability\" content=\"out of stock\" \/>\n<meta property=\"product:retailer_item_id\" content=\"80124ES\" \/>\n<meta property=\"product:condition\" content=\"new\" \/>\n<!-- \/ Yoast SEO Premium plugin. -->","yoast_head_json":{"title":"Omega 3 Pastillas con valiosos acidos grasos Omega-3","description":"Omega 3 Pastillas contienen un concentrado hecho de aceite de pescado real. Los \u00e1cidos grasos omega-3 se enriquecen y se ponen para la nutrici\u00f3n humana","robots":{"index":"index","follow":"follow","max-snippet":"max-snippet:-1","max-image-preview":"max-image-preview:large","max-video-preview":"max-video-preview:-1"},"canonical":"https:\/\/www.lraloeverashop.eu\/es\/producto\/omega-3-pastillas\/","og_locale":"es_ES","og_type":"article","og_title":"Omega 3 Pastillas Oferta Limitada","og_description":"Omega 3 Pastillas contienen un concentrado hecho de aceite de pescado real. Los \u00e1cidos grasos omega-3 se enriquecen y se ponen para la nutrici\u00f3n humana","og_url":"https:\/\/www.lraloeverashop.eu\/es\/producto\/omega-3-pastillas\/","og_site_name":"Lr Tienda Aloe Vera","article_publisher":"https:\/\/www.facebook.com\/lraloeverashop.eu","article_modified_time":"2026-02-09T04:07:33+00:00","og_image":[{"width":1200,"height":1200,"url":"https:\/\/www.lraloeverashop.eu\/wp-content\/uploads\/2022\/10\/Omega-Capsules-Limited-Offer.jpg","type":"image\/jpeg"}],"twitter_card":"summary_large_image","twitter_site":"@natur__kosmetik","schema":{"@context":"https:\/\/schema.org","@graph":[{"@type":["WebPage","ItemPage"],"@id":"https:\/\/www.lraloeverashop.eu\/es\/producto\/omega-3-pastillas\/","url":"https:\/\/www.lraloeverashop.eu\/es\/producto\/omega-3-pastillas\/","name":"Omega 3 Pastillas con valiosos acidos grasos Omega-3","isPartOf":{"@id":"https:\/\/www.lraloeverashop.eu\/es\/#website"},"primaryImageOfPage":{"@id":"https:\/\/www.lraloeverashop.eu\/es\/producto\/omega-3-pastillas\/#primaryimage"},"image":{"@id":"https:\/\/www.lraloeverashop.eu\/es\/producto\/omega-3-pastillas\/#primaryimage"},"thumbnailUrl":"https:\/\/www.lraloeverashop.eu\/wp-content\/uploads\/2022\/10\/Omega-Capsules-Limited-Offer.jpg","datePublished":"2022-10-13T07:27:45+00:00","dateModified":"2026-02-09T04:07:33+00:00","description":"Omega 3 Pastillas contienen un concentrado hecho de aceite de pescado real. Los \u00e1cidos grasos omega-3 se enriquecen y se ponen para la nutrici\u00f3n humana","breadcrumb":{"@id":"https:\/\/www.lraloeverashop.eu\/es\/producto\/omega-3-pastillas\/#breadcrumb"},"inLanguage":"es","potentialAction":[{"@type":"ReadAction","target":["https:\/\/www.lraloeverashop.eu\/es\/producto\/omega-3-pastillas\/"]}]},{"@type":"ImageObject","inLanguage":"es","@id":"https:\/\/www.lraloeverashop.eu\/es\/producto\/omega-3-pastillas\/#primaryimage","url":"https:\/\/www.lraloeverashop.eu\/wp-content\/uploads\/2022\/10\/Omega-Capsules-Limited-Offer.jpg","contentUrl":"https:\/\/www.lraloeverashop.eu\/wp-content\/uploads\/2022\/10\/Omega-Capsules-Limited-Offer.jpg","width":1200,"height":1200,"caption":"Oferta Limitada de Omega 3 Pastillas"},{"@type":"BreadcrumbList","@id":"https:\/\/www.lraloeverashop.eu\/es\/producto\/omega-3-pastillas\/#breadcrumb","itemListElement":[{"@type":"ListItem","position":1,"name":"Home","item":"https:\/\/www.lraloeverashop.eu\/es\/"},{"@type":"ListItem","position":2,"name":"Tienda","item":"https:\/\/www.lraloeverashop.eu\/es\/tienda\/"},{"@type":"ListItem","position":3,"name":"Omega 3 Pastillas Oferta Limitada"}]},{"@type":"WebSite","@id":"https:\/\/www.lraloeverashop.eu\/es\/#website","url":"https:\/\/www.lraloeverashop.eu\/es\/","name":"Lr Tienda Aloe Vera","description":"High Quality Lr Aloe Vera Gel, Aloe Vera Cream and Shampoo","publisher":{"@id":"https:\/\/www.lraloeverashop.eu\/es\/#organization"},"potentialAction":[{"@type":"SearchAction","target":{"@type":"EntryPoint","urlTemplate":"https:\/\/www.lraloeverashop.eu\/es\/?s={search_term_string}"},"query-input":{"@type":"PropertyValueSpecification","valueRequired":true,"valueName":"search_term_string"}}],"inLanguage":"es"},{"@type":"Organization","@id":"https:\/\/www.lraloeverashop.eu\/es\/#organization","name":"Lr Tienda Aloe Vera","alternateName":"LR","url":"https:\/\/www.lraloeverashop.eu\/es\/","logo":{"@type":"ImageObject","inLanguage":"es","@id":"https:\/\/www.lraloeverashop.eu\/es\/#\/schema\/logo\/image\/","url":"https:\/\/www.lraloeverashop.eu\/wp-content\/uploads\/2022\/09\/cropped-Lr-Aloe-Vera-Shop.jpg","contentUrl":"https:\/\/www.lraloeverashop.eu\/wp-content\/uploads\/2022\/09\/cropped-Lr-Aloe-Vera-Shop.jpg","width":228,"height":76,"caption":"Lr Tienda Aloe Vera"},"image":{"@id":"https:\/\/www.lraloeverashop.eu\/es\/#\/schema\/logo\/image\/"},"sameAs":["https:\/\/www.facebook.com\/lraloeverashop.eu","https:\/\/x.com\/natur__kosmetik","https:\/\/www.youtube.com\/channel\/UC5oN7BJ8nfYb8RpVtjwDEBA","https:\/\/www.instagram.com\/lrbeautyeu\/"],"description":"La tienda Lr Aloe Vera es tu destino de confianza para productos premium de salud y belleza LR, fabricados en Alemania. Ofrecemos soluciones de alta calidad para el cuidado de la piel, nutrici\u00f3n y antienvejecimiento con Aloe Vera, elaboradas con ingredientes puros y respaldadas por investigaci\u00f3n cient\u00edfica. Descubre un cuidado natural que regenera, protege y revitaliza tu piel, y disfruta de ofertas mensuales exclusivas en nuestros productos LR Aloe Vera m\u00e1s vendidos.\n\nComienza hoy mismo tu camino hacia el cuidado natural de la piel y siente la diferencia.","email":"info@lraloeverashop.eu","telephone":"+49 17670609653","legalName":"Lr Aloe Vera Shop","foundingDate":"2018-04-21","numberOfEmployees":{"@type":"QuantitativeValue","minValue":"1","maxValue":"10"}}]},"product_price_amount":"64.99","product_price_currency":"EUR","og_availability":"out of stock","product_availability":"out of stock","product_retailer_item_id":"80124ES","product_condition":"new"},"taxonomy_info":{"product_cat":[{"value":403,"label":"Base"},{"value":427,"label":"Coraz\u00f3n y Circulaci\u00f3n"},{"value":469,"label":"Especialistas"},{"value":445,"label":"Rendimiento y Energ\u00eda"},{"value":356,"label":"Ventas"},{"value":302,"label":"Vitaminas y Minerales"}],"product_tag":[{"value":696,"label":"Minerales y vitaminas"}]},"featured_image_src_large":["https:\/\/www.lraloeverashop.eu\/wp-content\/uploads\/2022\/10\/Omega-Capsules-Limited-Offer-1024x1024.jpg",1024,1024,true],"author_info":[],"comment_info":0,"_links":{"self":[{"href":"https:\/\/www.lraloeverashop.eu\/es\/wp-json\/wp\/v2\/product\/9659","targetHints":{"allow":["GET"]}}],"collection":[{"href":"https:\/\/www.lraloeverashop.eu\/es\/wp-json\/wp\/v2\/product"}],"about":[{"href":"https:\/\/www.lraloeverashop.eu\/es\/wp-json\/wp\/v2\/types\/product"}],"replies":[{"embeddable":true,"href":"https:\/\/www.lraloeverashop.eu\/es\/wp-json\/wp\/v2\/comments?post=9659"}],"wp:featuredmedia":[{"embeddable":true,"href":"https:\/\/www.lraloeverashop.eu\/es\/wp-json\/wp\/v2\/media\/5159"}],"wp:attachment":[{"href":"https:\/\/www.lraloeverashop.eu\/es\/wp-json\/wp\/v2\/media?parent=9659"}],"wp:term":[{"taxonomy":"product_brand","embeddable":true,"href":"https:\/\/www.lraloeverashop.eu\/es\/wp-json\/wp\/v2\/product_brand?post=9659"},{"taxonomy":"product_cat","embeddable":true,"href":"https:\/\/www.lraloeverashop.eu\/es\/wp-json\/wp\/v2\/product_cat?post=9659"},{"taxonomy":"product_tag","embeddable":true,"href":"https:\/\/www.lraloeverashop.eu\/es\/wp-json\/wp\/v2\/product_tag?post=9659"}],"curies":[{"name":"wp","href":"https:\/\/api.w.org\/{rel}","templated":true}]}}