{"id":9635,"date":"2022-10-13T09:03:50","date_gmt":"2022-10-13T07:03:50","guid":{"rendered":"https:\/\/www.lraloeverashop.eu\/product\/super-omega-3-capsulas\/"},"modified":"2026-02-09T05:07:53","modified_gmt":"2026-02-09T04:07:53","slug":"super-omega-3-capsulas","status":"publish","type":"product","link":"https:\/\/www.lraloeverashop.eu\/es\/producto\/super-omega-3-capsulas\/","title":{"rendered":"Super Omega 3 C\u00e1psulas"},"content":{"rendered":"<h2><span style=\"font-size: 16pt;\"><strong>Super Omega 3 C\u00e1psulas<\/strong><\/span><\/h2>\n<p><span style=\"font-size: 14pt;\"><strong>Super Omega 3 C\u00e1psulas &#8211; La Contribuci\u00f3n Diaria A La Funci\u00f3n Card\u00edaca Normal<\/strong><\/span><\/p>\n<p>Los \u00e1cidos grasos Super Omega 3 C\u00e1psulas tienen un efecto muy positivo en varios procesos corporales. Es una f\u00f3rmula con pescado y aceite de onagra, con una alta concentraci\u00f3n de EPA, DHA y otros \u00e1cidos grasos insaturados y beta-glucano.<\/p>\n<p>Las C\u00e1psulas Super Omega 3 est\u00e1n hechas exclusivamente de sardinas silvestres, caballa y at\u00fan de Am\u00e9rica del Sur y el Pac\u00edfico, que es rico en plancton natural valioso.<\/p>\n<p>&nbsp;<\/p>\n<h3><span style=\"font-size: 16pt;\"><strong>\u00c1cidos grasos omega 3 y sus efectos<\/strong><\/span><\/h3>\n<p><span style=\"font-size: 14pt;\"><strong>\u00c1cidos grasos poliinsaturados<\/strong><\/span><\/p>\n<p><strong>1. Afectan al sistema cardiovascular (coraz\u00f3n, vasos sangu\u00edneos) y al s\u00edndrome metab\u00f3lico.<\/strong><br \/>\nReducen el nivel de colesterol LDL y grasas en la sangre. Aumentan el colesterol HDL y, por lo tanto, contribuyen a reducir el riesgo de arterioesclerosis. Reducen el nivel de az\u00facar en la sangre Suprimen las enfermedades de la civilizaci\u00f3n: sistema circulatorio, ataques card\u00edacos y cerebrales, c\u00e1ncer.<\/p>\n<p><strong>2. Afectan el sistema nervioso central y la actividad cerebral.<\/strong><br \/>\nMejoran la memoria, la concentraci\u00f3n y la capacidad de aprendizaje. Aseguran el correcto desarrollo del sistema nervioso superior.<\/p>\n<p>Mejoran la actividad cerebral, la memoria, la cognici\u00f3n, el aprendizaje y la memorizaci\u00f3n.<\/p>\n<p>(Prevenci\u00f3n de enfermedades como el Alzheimer, Parkinson&#8230;)<\/p>\n<p><strong>3. tener un impacto significativo en el sistema inmunol\u00f3gico.<\/strong><br \/>\nSuprimen los procesos inflamatorios (raz\u00f3n por la cual el aceite de pescado se usa para mejorar diversas afecciones inflamatorias, como la enfermedad de Crohn y la artritis reumatoide.<\/p>\n<p>Algunos informes indican que los productos de aceite de pescado han ayudado a las personas con enfermedad renal y que pueden proteger contra la enfermedad pulmonar obstructiva cr\u00f3nica).<\/p>\n<p>Las personas producen m\u00e1s sustancias inflamatorias cuando experimentan estr\u00e9s psicol\u00f3gico (por ejemplo, s\u00edndromes de fatiga gerencial, ex\u00e1menes escolares). Con un desequilibrio de \u00e1cidos grasos, aumenta la respuesta inflamatoria al estr\u00e9s.<\/p>\n<p><strong>\u00c1cidos Grasos SUPER Omega 3 (MK):<\/strong> \u00a1Una combinaci\u00f3n \u00fanica de <a href=\"https:\/\/www.lraloeverashop.eu\/es\/producto\/pastillas-con-omega-3\/\">grasas vegetales<\/a> y animales en uno! vegetal &#8211; aceite de linaza y colza (\u00e1cido linol\u00e9nico)<\/p>\n<div class=\"entry-content-asset videofit\"><iframe loading=\"lazy\" title=\"Super Omega 3 C\u00e1psulas \u2013 La Contribuci\u00f3n Diaria A La Funci\u00f3n Card\u00edaca Normal\" width=\"720\" height=\"405\" src=\"https:\/\/www.youtube.com\/embed\/kBlFjnLBm3A?feature=oembed\" frameborder=\"0\" allow=\"accelerometer; autoplay; clipboard-write; encrypted-media; gyroscope; picture-in-picture; web-share\" referrerpolicy=\"strict-origin-when-cross-origin\" allowfullscreen><\/iframe><\/div>\n<h2><span style=\"font-size: 16pt;\"><strong>\u00c1cidos grasos omega 3 EPA y DHA<\/strong><\/span><\/h2>\n<p><strong>DHA &#8211;<\/strong> afecta el desarrollo saludable del cerebro y el sistema nervioso. Ayuda a mantener la salud mental a cualquier edad, apoya la capacidad de aprendizaje, tiene un efecto preventivo contra la demencia senil y protege contra el desarrollo de la enfermedad de Alzheimer.<\/p>\n<p><strong>EPA &#8211;<\/strong> ayuda a mantener un coraz\u00f3n saludable y vasos sangu\u00edneos flexibles, ayuda a prevenir derrames cerebrales y ataques card\u00edacos. Mantiene las articulaciones y los cart\u00edlagos flexibles y sanos, act\u00faa como medida preventiva contra el desarrollo de la artrosis. Reduce la aparici\u00f3n de enfermedades al\u00e9rgicas, especialmente asma y eccema at\u00f3pico.<\/p>\n<p>&nbsp;<\/p>\n<h3><span style=\"font-size: 16pt;\"><strong>EPA + DHA <\/strong><\/span><span style=\"font-size: 16pt;\"><strong>\u00c1cidos grasos <\/strong><\/span><span style=\"font-size: 16pt;\"><strong>Omega 3 en el embarazo<\/strong><\/span><\/h3>\n<p>Estos \u00e1cidos tambi\u00e9n son aptos para ni\u00f1os y mujeres embarazadas y lactantes, donde participan en el correcto desarrollo de las funciones cerebrales del feto y del ni\u00f1o.<\/p>\n<p>Especialmente en los dos \u00faltimos meses del embarazo, cuando las funciones nerviosas superiores del feto se est\u00e1n desarrollando intensamente, el aporte de \u00e1cidos grasos poliinsaturados en la <a href=\"https:\/\/www.lraloeverashop.eu\/es\/producto\/omega-3-pastillas\/\">proporci\u00f3n correcta<\/a> al cuerpo de la madre es una condici\u00f3n necesaria para el correcto desarrollo del ni\u00f1o despu\u00e9s del nacimiento.<\/p>\n<p>Lo mismo se aplica al per\u00edodo posterior al nacimiento del ni\u00f1o, cuando el ni\u00f1o es amamantado y cuando todav\u00eda hay un r\u00e1pido aumento del tejido cerebral.<\/p>\n<p>DHA es esencial para la vista de los beb\u00e9s, reduce el riesgo de desarrollar un gran n\u00famero de enfermedades, no solo card\u00edacas, <a href=\"https:\/\/www.lraloeverashop.eu\/es\/producto\/caja-de-tratamientos-especiales-aloe-vera\/\">eccemas at\u00f3picos<\/a>, asma, sino tambi\u00e9n otras enfermedades autoinmunes.<\/p>\n<p><strong>La falta de EPA y DHA provoca cambios patol\u00f3gicos que conducen al desarrollo de enfermedades autoinmunes:<\/strong><\/p>\n<p><strong>Lupus &#8211;<\/strong> enfermedad cr\u00f3nica de la piel, enfermedad de Crohn, <a href=\"https:\/\/www.lraloeverashop.eu\/es\/producto\/jugo-de-aloe-vera\/\">artritis reumatoide<\/a>, eccema at\u00f3pico, colitis ulcerosa, esclerosis m\u00faltiple (esclerosis m\u00faltiple).<\/p>\n<h2><strong><span style=\"font-size: 16pt;\">C\u00f3mo usar Super Omega 3 Activ C\u00e1psulas<\/span><\/strong><\/h2>\n<p><strong>Dosis diaria recomendada:<\/strong> adultos + ni\u00f1os a partir de 12 a\u00f1os 1-3 c\u00e1psulas al d\u00eda (1 c\u00e1psula contiene 942 mg de \u00e1cidos grasos insaturados Omega 3 y Omega 6 en una proporci\u00f3n equilibrada). No muerdas, bebe agua.<\/p>\n<h3><strong><span style=\"font-size: 16pt;\">\u00bfLo Sab\u00edas?<\/span><\/strong><\/h3>\n<p>Los \u00e1cidos grasos omega 3 son esenciales para los humanos. No pueden ser producidos por el metabolismo humano, sino que deben ser alimentados a trav\u00e9s de los alimentos. Seg\u00fan la Autoridad Europea de Seguridad Alimentaria (EFSA), se recomienda una ingesta diaria de al menos 250 mg de DHA. La Asociaci\u00f3n Alemana de Nutrici\u00f3n (DGE) confirma esta recomendaci\u00f3n.<\/p>\n<h4><strong><span style=\"font-size: 16pt;\">Preguntas m\u00e1s frecuentes<\/span><\/strong><\/h4>\n<p><strong>\u00bfC\u00f3mo se hacen las Super Omega 3 C\u00e1psulas?<\/strong><br \/>\nLas c\u00e1psulas Super Omega contienen un concentrado hecho de aceite de pescado real. De esta manera, los \u00e1cidos grasos omega-3 se enriquecen y se ponen a disposici\u00f3n del consumo humano. Para las Super Omega Capsules, LR utiliza \u00fanicamente pescado salado graso salvaje, como sardinas, caballas y at\u00fan, complementado con valioso aceite de onagra.<\/p>\n<p><strong>\u00bfQu\u00e9 es el beta-glucano?<\/strong><br \/>\nEl beta-glucano es un polisac\u00e1rido natural de las fibras de cebada.<\/p>\n<p><strong>\u00bfQu\u00e9 se puede hacer para apoyar el sistema cardiovascular?<\/strong><br \/>\nAdem\u00e1s de nutrientes como los \u00e1cidos grasos omega-3, el ejercicio regular y una dieta balanceada son claves para mantener el coraz\u00f3n y los vasos sangu\u00edneos saludables.<\/p>\n<p>&nbsp;<\/p>\n","protected":false},"excerpt":{"rendered":"<ul>\n<li>C\u00e1psulas para la salud del coraz\u00f3n\u00b9<\/li>\n<li>Alto contenido de EPA (\u00e1cido eicosapentaenoico) y DHA (\u00e1cido docosahexaenoico)<\/li>\n<li>S\u00f3lo de caballa, sardinas y at\u00fan de vida libre.<\/li>\n<li>Solo de pesca sostenible con sello \u201cFriend of the Sea\u201d<\/li>\n<li>Producto hecho en Alemania<\/li>\n<li>Contenido: 60 c\u00e1psulas<\/li>\n<\/ul>\n<p><span style=\"color: #ff0000;\"><a style=\"color: #ff0000;\" href=\"https:\/\/shop.lrworld.com\/openpao?PHP=0vFlt7jT938BEnBI3a6e9w%3D%3D\"><span style=\"font-size: 14pt;\"><strong>Reg\u00edstrate aqu\u00ed y ahorra 35% en cada compra<\/strong><\/span><\/a><\/span><\/p>\n","protected":false},"featured_media":5639,"comment_status":"open","ping_status":"closed","template":"","meta":{"_kad_blocks_custom_css":"","_kad_blocks_head_custom_js":"","_kad_blocks_body_custom_js":"","_kad_blocks_footer_custom_js":"","_kadence_starter_templates_imported_post":false,"_kad_post_transparent":"default","_kad_post_title":"","_kad_post_layout":"default","_kad_post_sidebar_id":"","_kad_post_content_style":"default","_kad_post_vertical_padding":"default","_kad_post_feature":"","_kad_post_feature_position":"","_kad_post_header":false,"_kad_post_footer":false,"_kad_post_classname":""},"product_brand":[],"product_cat":[403,427,469,445,302],"product_tag":[696],"class_list":{"0":"post-9635","1":"product","2":"type-product","3":"status-publish","4":"has-post-thumbnail","6":"product_cat-base-es","7":"product_cat-corazon-y-circulacion","8":"product_cat-especialistas","9":"product_cat-rendimiento-y-energia","10":"product_cat-vitaminas-y-minerales","11":"product_tag-minerales-y-vitaminas","13":"first","14":"instock","15":"taxable","16":"shipping-taxable","17":"purchasable","18":"product-type-simple","19":"entry","20":"content-bg","21":"loop-entry"},"yoast_head":"<!-- This site is optimized with the Yoast SEO Premium plugin v27.4 (Yoast SEO v27.4) - https:\/\/yoast.com\/product\/yoast-seo-premium-wordpress\/ -->\n<title>Super Omega 3 C\u00e1psulas para la salud del coraz\u00f3n.<\/title>\n<meta name=\"description\" content=\"Los valiosos \u00e1cidos grasos omega-3 en las Super Omega 3 C\u00e1psulas est\u00e1n hechos de aceite de pescado de alta calidad de sardinas, caballas y at\u00fan.\" \/>\n<meta name=\"robots\" content=\"index, follow, max-snippet:-1, max-image-preview:large, max-video-preview:-1\" \/>\n<link rel=\"canonical\" href=\"https:\/\/www.lraloeverashop.eu\/es\/producto\/super-omega-3-capsulas\/\" \/>\n<meta property=\"og:locale\" content=\"es_ES\" \/>\n<meta property=\"og:type\" content=\"article\" \/>\n<meta property=\"og:title\" content=\"Super Omega 3 C\u00e1psulas\" \/>\n<meta property=\"og:description\" content=\"Los valiosos \u00e1cidos grasos omega-3 en las Super Omega 3 C\u00e1psulas est\u00e1n hechos de aceite de pescado de alta calidad de sardinas, caballas y at\u00fan.\" \/>\n<meta property=\"og:url\" content=\"https:\/\/www.lraloeverashop.eu\/es\/producto\/super-omega-3-capsulas\/\" \/>\n<meta property=\"og:site_name\" content=\"Lr Tienda Aloe Vera\" \/>\n<meta property=\"article:publisher\" content=\"https:\/\/www.facebook.com\/lraloeverashop.eu\" \/>\n<meta property=\"article:modified_time\" content=\"2026-02-09T04:07:53+00:00\" \/>\n<meta property=\"og:image\" content=\"https:\/\/www.lraloeverashop.eu\/wp-content\/uploads\/2022\/10\/Lr-Omega-3-Fatty-acids-contributes-to-normal-cardiac-function.jpg\" \/>\n\t<meta property=\"og:image:width\" content=\"1200\" \/>\n\t<meta property=\"og:image:height\" content=\"1200\" \/>\n\t<meta property=\"og:image:type\" content=\"image\/jpeg\" \/>\n<meta name=\"twitter:card\" content=\"summary_large_image\" \/>\n<meta name=\"twitter:site\" content=\"@natur__kosmetik\" \/>\n<script type=\"application\/ld+json\" class=\"yoast-schema-graph\">{\"@context\":\"https:\\\/\\\/schema.org\",\"@graph\":[{\"@type\":[\"WebPage\",\"ItemPage\"],\"@id\":\"https:\\\/\\\/www.lraloeverashop.eu\\\/es\\\/producto\\\/super-omega-3-capsulas\\\/\",\"url\":\"https:\\\/\\\/www.lraloeverashop.eu\\\/es\\\/producto\\\/super-omega-3-capsulas\\\/\",\"name\":\"Super Omega 3 C\u00e1psulas para la salud del coraz\u00f3n.\",\"isPartOf\":{\"@id\":\"https:\\\/\\\/www.lraloeverashop.eu\\\/es\\\/#website\"},\"primaryImageOfPage\":{\"@id\":\"https:\\\/\\\/www.lraloeverashop.eu\\\/es\\\/producto\\\/super-omega-3-capsulas\\\/#primaryimage\"},\"image\":{\"@id\":\"https:\\\/\\\/www.lraloeverashop.eu\\\/es\\\/producto\\\/super-omega-3-capsulas\\\/#primaryimage\"},\"thumbnailUrl\":\"https:\\\/\\\/www.lraloeverashop.eu\\\/wp-content\\\/uploads\\\/2022\\\/10\\\/Lr-Omega-3-Fatty-acids-contributes-to-normal-cardiac-function.jpg\",\"datePublished\":\"2022-10-13T07:03:50+00:00\",\"dateModified\":\"2026-02-09T04:07:53+00:00\",\"description\":\"Los valiosos \u00e1cidos grasos omega-3 en las Super Omega 3 C\u00e1psulas est\u00e1n hechos de aceite de pescado de alta calidad de sardinas, caballas y at\u00fan.\",\"breadcrumb\":{\"@id\":\"https:\\\/\\\/www.lraloeverashop.eu\\\/es\\\/producto\\\/super-omega-3-capsulas\\\/#breadcrumb\"},\"inLanguage\":\"es\",\"potentialAction\":[{\"@type\":\"ReadAction\",\"target\":[\"https:\\\/\\\/www.lraloeverashop.eu\\\/es\\\/producto\\\/super-omega-3-capsulas\\\/\"]}]},{\"@type\":\"ImageObject\",\"inLanguage\":\"es\",\"@id\":\"https:\\\/\\\/www.lraloeverashop.eu\\\/es\\\/producto\\\/super-omega-3-capsulas\\\/#primaryimage\",\"url\":\"https:\\\/\\\/www.lraloeverashop.eu\\\/wp-content\\\/uploads\\\/2022\\\/10\\\/Lr-Omega-3-Fatty-acids-contributes-to-normal-cardiac-function.jpg\",\"contentUrl\":\"https:\\\/\\\/www.lraloeverashop.eu\\\/wp-content\\\/uploads\\\/2022\\\/10\\\/Lr-Omega-3-Fatty-acids-contributes-to-normal-cardiac-function.jpg\",\"width\":1200,\"height\":1200,\"caption\":\"Lr Omega 3 \u00e1cidos grasos contribuyen a la funci\u00f3n card\u00edaca normal\"},{\"@type\":\"BreadcrumbList\",\"@id\":\"https:\\\/\\\/www.lraloeverashop.eu\\\/es\\\/producto\\\/super-omega-3-capsulas\\\/#breadcrumb\",\"itemListElement\":[{\"@type\":\"ListItem\",\"position\":1,\"name\":\"Home\",\"item\":\"https:\\\/\\\/www.lraloeverashop.eu\\\/es\\\/\"},{\"@type\":\"ListItem\",\"position\":2,\"name\":\"Tienda\",\"item\":\"https:\\\/\\\/www.lraloeverashop.eu\\\/es\\\/tienda\\\/\"},{\"@type\":\"ListItem\",\"position\":3,\"name\":\"Super Omega 3 C\u00e1psulas\"}]},{\"@type\":\"WebSite\",\"@id\":\"https:\\\/\\\/www.lraloeverashop.eu\\\/es\\\/#website\",\"url\":\"https:\\\/\\\/www.lraloeverashop.eu\\\/es\\\/\",\"name\":\"Lr Tienda Aloe Vera\",\"description\":\"High Quality Lr Aloe Vera Gel, Aloe Vera Cream and Shampoo\",\"publisher\":{\"@id\":\"https:\\\/\\\/www.lraloeverashop.eu\\\/es\\\/#organization\"},\"potentialAction\":[{\"@type\":\"SearchAction\",\"target\":{\"@type\":\"EntryPoint\",\"urlTemplate\":\"https:\\\/\\\/www.lraloeverashop.eu\\\/es\\\/?s={search_term_string}\"},\"query-input\":{\"@type\":\"PropertyValueSpecification\",\"valueRequired\":true,\"valueName\":\"search_term_string\"}}],\"inLanguage\":\"es\"},{\"@type\":\"Organization\",\"@id\":\"https:\\\/\\\/www.lraloeverashop.eu\\\/es\\\/#organization\",\"name\":\"Lr Tienda Aloe Vera\",\"alternateName\":\"LR\",\"url\":\"https:\\\/\\\/www.lraloeverashop.eu\\\/es\\\/\",\"logo\":{\"@type\":\"ImageObject\",\"inLanguage\":\"es\",\"@id\":\"https:\\\/\\\/www.lraloeverashop.eu\\\/es\\\/#\\\/schema\\\/logo\\\/image\\\/\",\"url\":\"https:\\\/\\\/www.lraloeverashop.eu\\\/wp-content\\\/uploads\\\/2022\\\/09\\\/cropped-Lr-Aloe-Vera-Shop.jpg\",\"contentUrl\":\"https:\\\/\\\/www.lraloeverashop.eu\\\/wp-content\\\/uploads\\\/2022\\\/09\\\/cropped-Lr-Aloe-Vera-Shop.jpg\",\"width\":228,\"height\":76,\"caption\":\"Lr Tienda Aloe Vera\"},\"image\":{\"@id\":\"https:\\\/\\\/www.lraloeverashop.eu\\\/es\\\/#\\\/schema\\\/logo\\\/image\\\/\"},\"sameAs\":[\"https:\\\/\\\/www.facebook.com\\\/lraloeverashop.eu\",\"https:\\\/\\\/x.com\\\/natur__kosmetik\",\"https:\\\/\\\/www.youtube.com\\\/channel\\\/UC5oN7BJ8nfYb8RpVtjwDEBA\",\"https:\\\/\\\/www.instagram.com\\\/lrbeautyeu\\\/\"],\"description\":\"La tienda Lr Aloe Vera es tu destino de confianza para productos premium de salud y belleza LR, fabricados en Alemania. Ofrecemos soluciones de alta calidad para el cuidado de la piel, nutrici\u00f3n y antienvejecimiento con Aloe Vera, elaboradas con ingredientes puros y respaldadas por investigaci\u00f3n cient\u00edfica. Descubre un cuidado natural que regenera, protege y revitaliza tu piel, y disfruta de ofertas mensuales exclusivas en nuestros productos LR Aloe Vera m\u00e1s vendidos.\\n\\nComienza hoy mismo tu camino hacia el cuidado natural de la piel y siente la diferencia.\",\"email\":\"info@lraloeverashop.eu\",\"telephone\":\"+49 17670609653\",\"legalName\":\"Lr Aloe Vera Shop\",\"foundingDate\":\"2018-04-21\",\"numberOfEmployees\":{\"@type\":\"QuantitativeValue\",\"minValue\":\"1\",\"maxValue\":\"10\"}}]}<\/script>\n<meta property=\"product:price:amount\" content=\"42.99\" \/>\n<meta property=\"product:price:currency\" content=\"EUR\" \/>\n<meta property=\"og:availability\" content=\"instock\" \/>\n<meta property=\"product:availability\" content=\"instock\" \/>\n<meta property=\"product:retailer_item_id\" content=\"80338-401ES\" \/>\n<meta property=\"product:condition\" content=\"new\" \/>\n<!-- \/ Yoast SEO Premium plugin. -->","yoast_head_json":{"title":"Super Omega 3 C\u00e1psulas para la salud del coraz\u00f3n.","description":"Los valiosos \u00e1cidos grasos omega-3 en las Super Omega 3 C\u00e1psulas est\u00e1n hechos de aceite de pescado de alta calidad de sardinas, caballas y at\u00fan.","robots":{"index":"index","follow":"follow","max-snippet":"max-snippet:-1","max-image-preview":"max-image-preview:large","max-video-preview":"max-video-preview:-1"},"canonical":"https:\/\/www.lraloeverashop.eu\/es\/producto\/super-omega-3-capsulas\/","og_locale":"es_ES","og_type":"article","og_title":"Super Omega 3 C\u00e1psulas","og_description":"Los valiosos \u00e1cidos grasos omega-3 en las Super Omega 3 C\u00e1psulas est\u00e1n hechos de aceite de pescado de alta calidad de sardinas, caballas y at\u00fan.","og_url":"https:\/\/www.lraloeverashop.eu\/es\/producto\/super-omega-3-capsulas\/","og_site_name":"Lr Tienda Aloe Vera","article_publisher":"https:\/\/www.facebook.com\/lraloeverashop.eu","article_modified_time":"2026-02-09T04:07:53+00:00","og_image":[{"width":1200,"height":1200,"url":"https:\/\/www.lraloeverashop.eu\/wp-content\/uploads\/2022\/10\/Lr-Omega-3-Fatty-acids-contributes-to-normal-cardiac-function.jpg","type":"image\/jpeg"}],"twitter_card":"summary_large_image","twitter_site":"@natur__kosmetik","schema":{"@context":"https:\/\/schema.org","@graph":[{"@type":["WebPage","ItemPage"],"@id":"https:\/\/www.lraloeverashop.eu\/es\/producto\/super-omega-3-capsulas\/","url":"https:\/\/www.lraloeverashop.eu\/es\/producto\/super-omega-3-capsulas\/","name":"Super Omega 3 C\u00e1psulas para la salud del coraz\u00f3n.","isPartOf":{"@id":"https:\/\/www.lraloeverashop.eu\/es\/#website"},"primaryImageOfPage":{"@id":"https:\/\/www.lraloeverashop.eu\/es\/producto\/super-omega-3-capsulas\/#primaryimage"},"image":{"@id":"https:\/\/www.lraloeverashop.eu\/es\/producto\/super-omega-3-capsulas\/#primaryimage"},"thumbnailUrl":"https:\/\/www.lraloeverashop.eu\/wp-content\/uploads\/2022\/10\/Lr-Omega-3-Fatty-acids-contributes-to-normal-cardiac-function.jpg","datePublished":"2022-10-13T07:03:50+00:00","dateModified":"2026-02-09T04:07:53+00:00","description":"Los valiosos \u00e1cidos grasos omega-3 en las Super Omega 3 C\u00e1psulas est\u00e1n hechos de aceite de pescado de alta calidad de sardinas, caballas y at\u00fan.","breadcrumb":{"@id":"https:\/\/www.lraloeverashop.eu\/es\/producto\/super-omega-3-capsulas\/#breadcrumb"},"inLanguage":"es","potentialAction":[{"@type":"ReadAction","target":["https:\/\/www.lraloeverashop.eu\/es\/producto\/super-omega-3-capsulas\/"]}]},{"@type":"ImageObject","inLanguage":"es","@id":"https:\/\/www.lraloeverashop.eu\/es\/producto\/super-omega-3-capsulas\/#primaryimage","url":"https:\/\/www.lraloeverashop.eu\/wp-content\/uploads\/2022\/10\/Lr-Omega-3-Fatty-acids-contributes-to-normal-cardiac-function.jpg","contentUrl":"https:\/\/www.lraloeverashop.eu\/wp-content\/uploads\/2022\/10\/Lr-Omega-3-Fatty-acids-contributes-to-normal-cardiac-function.jpg","width":1200,"height":1200,"caption":"Lr Omega 3 \u00e1cidos grasos contribuyen a la funci\u00f3n card\u00edaca normal"},{"@type":"BreadcrumbList","@id":"https:\/\/www.lraloeverashop.eu\/es\/producto\/super-omega-3-capsulas\/#breadcrumb","itemListElement":[{"@type":"ListItem","position":1,"name":"Home","item":"https:\/\/www.lraloeverashop.eu\/es\/"},{"@type":"ListItem","position":2,"name":"Tienda","item":"https:\/\/www.lraloeverashop.eu\/es\/tienda\/"},{"@type":"ListItem","position":3,"name":"Super Omega 3 C\u00e1psulas"}]},{"@type":"WebSite","@id":"https:\/\/www.lraloeverashop.eu\/es\/#website","url":"https:\/\/www.lraloeverashop.eu\/es\/","name":"Lr Tienda Aloe Vera","description":"High Quality Lr Aloe Vera Gel, Aloe Vera Cream and Shampoo","publisher":{"@id":"https:\/\/www.lraloeverashop.eu\/es\/#organization"},"potentialAction":[{"@type":"SearchAction","target":{"@type":"EntryPoint","urlTemplate":"https:\/\/www.lraloeverashop.eu\/es\/?s={search_term_string}"},"query-input":{"@type":"PropertyValueSpecification","valueRequired":true,"valueName":"search_term_string"}}],"inLanguage":"es"},{"@type":"Organization","@id":"https:\/\/www.lraloeverashop.eu\/es\/#organization","name":"Lr Tienda Aloe Vera","alternateName":"LR","url":"https:\/\/www.lraloeverashop.eu\/es\/","logo":{"@type":"ImageObject","inLanguage":"es","@id":"https:\/\/www.lraloeverashop.eu\/es\/#\/schema\/logo\/image\/","url":"https:\/\/www.lraloeverashop.eu\/wp-content\/uploads\/2022\/09\/cropped-Lr-Aloe-Vera-Shop.jpg","contentUrl":"https:\/\/www.lraloeverashop.eu\/wp-content\/uploads\/2022\/09\/cropped-Lr-Aloe-Vera-Shop.jpg","width":228,"height":76,"caption":"Lr Tienda Aloe Vera"},"image":{"@id":"https:\/\/www.lraloeverashop.eu\/es\/#\/schema\/logo\/image\/"},"sameAs":["https:\/\/www.facebook.com\/lraloeverashop.eu","https:\/\/x.com\/natur__kosmetik","https:\/\/www.youtube.com\/channel\/UC5oN7BJ8nfYb8RpVtjwDEBA","https:\/\/www.instagram.com\/lrbeautyeu\/"],"description":"La tienda Lr Aloe Vera es tu destino de confianza para productos premium de salud y belleza LR, fabricados en Alemania. Ofrecemos soluciones de alta calidad para el cuidado de la piel, nutrici\u00f3n y antienvejecimiento con Aloe Vera, elaboradas con ingredientes puros y respaldadas por investigaci\u00f3n cient\u00edfica. Descubre un cuidado natural que regenera, protege y revitaliza tu piel, y disfruta de ofertas mensuales exclusivas en nuestros productos LR Aloe Vera m\u00e1s vendidos.\n\nComienza hoy mismo tu camino hacia el cuidado natural de la piel y siente la diferencia.","email":"info@lraloeverashop.eu","telephone":"+49 17670609653","legalName":"Lr Aloe Vera Shop","foundingDate":"2018-04-21","numberOfEmployees":{"@type":"QuantitativeValue","minValue":"1","maxValue":"10"}}]},"product_price_amount":"42.99","product_price_currency":"EUR","og_availability":"instock","product_availability":"instock","product_retailer_item_id":"80338-401ES","product_condition":"new"},"taxonomy_info":{"product_cat":[{"value":403,"label":"Base"},{"value":427,"label":"Coraz\u00f3n y Circulaci\u00f3n"},{"value":469,"label":"Especialistas"},{"value":445,"label":"Rendimiento y Energ\u00eda"},{"value":302,"label":"Vitaminas y Minerales"}],"product_tag":[{"value":696,"label":"Minerales y vitaminas"}]},"featured_image_src_large":["https:\/\/www.lraloeverashop.eu\/wp-content\/uploads\/2022\/10\/Lr-Omega-3-Fatty-acids-contributes-to-normal-cardiac-function-1024x1024.jpg",1024,1024,true],"author_info":[],"comment_info":0,"_links":{"self":[{"href":"https:\/\/www.lraloeverashop.eu\/es\/wp-json\/wp\/v2\/product\/9635","targetHints":{"allow":["GET"]}}],"collection":[{"href":"https:\/\/www.lraloeverashop.eu\/es\/wp-json\/wp\/v2\/product"}],"about":[{"href":"https:\/\/www.lraloeverashop.eu\/es\/wp-json\/wp\/v2\/types\/product"}],"replies":[{"embeddable":true,"href":"https:\/\/www.lraloeverashop.eu\/es\/wp-json\/wp\/v2\/comments?post=9635"}],"wp:featuredmedia":[{"embeddable":true,"href":"https:\/\/www.lraloeverashop.eu\/es\/wp-json\/wp\/v2\/media\/5639"}],"wp:attachment":[{"href":"https:\/\/www.lraloeverashop.eu\/es\/wp-json\/wp\/v2\/media?parent=9635"}],"wp:term":[{"taxonomy":"product_brand","embeddable":true,"href":"https:\/\/www.lraloeverashop.eu\/es\/wp-json\/wp\/v2\/product_brand?post=9635"},{"taxonomy":"product_cat","embeddable":true,"href":"https:\/\/www.lraloeverashop.eu\/es\/wp-json\/wp\/v2\/product_cat?post=9635"},{"taxonomy":"product_tag","embeddable":true,"href":"https:\/\/www.lraloeverashop.eu\/es\/wp-json\/wp\/v2\/product_tag?post=9635"}],"curies":[{"name":"wp","href":"https:\/\/api.w.org\/{rel}","templated":true}]}}