{"id":9595,"date":"2022-10-13T10:31:27","date_gmt":"2022-10-13T08:31:27","guid":{"rendered":"https:\/\/www.lraloeverashop.eu\/product\/mind-master-extreme-con-guarana\/"},"modified":"2026-02-09T05:07:12","modified_gmt":"2026-02-09T04:07:12","slug":"mind-master-extreme-con-guarana","status":"publish","type":"product","link":"https:\/\/www.lraloeverashop.eu\/es\/producto\/mind-master-extreme-con-guarana\/","title":{"rendered":"Mind Master Extreme Con Guarana"},"content":{"rendered":"<h2><strong><span style=\"font-size: 16pt;\">Mind Master Extreme Con Guaran\u00e1<\/span><\/strong><\/h2>\n<p><strong><span style=\"font-size: 14pt;\">Mind Master Extreme Con Guaran\u00e1 Para m\u00e1s energ\u00eda y rendimiento<\/span><\/strong><\/p>\n<p>Mind Master Extreme Con Guaran\u00e1 en un c\u00f3modo formato para llevar. \u00a1Simplemente abra el palo, tome directamente sin agua y comience con poder! La f\u00f3rmula 2 en 1 te ofrece no solo potencia, sino tambi\u00e9n protecci\u00f3n contra el estr\u00e9s oxidativo, gracias a los eficaces antioxidantes.<\/p>\n<p>MindMaster Extreme brinda un impulso de energ\u00eda instant\u00e1neo, efectivo y saludable para la mente y el cuerpo<span style=\"font-size: 10pt;\"><sup>1,2,3,4<\/sup><\/span><br \/>\nEn un pr\u00e1ctico formato para llevar, el stick cabe en cualquier bolsillo y se puede consumir directamente, sin agua.<\/p>\n<p style=\"text-align: left;\"><strong><span style=\"font-size: 14pt;\">Impulso de energ\u00eda extrema para la mente<span style=\"font-size: 10pt;\"><sup>4,5<\/sup><\/span>:<\/span><\/strong><\/p>\n<p>Te despierta en muy poco tiempo<span style=\"font-size: 14pt;\"><span style=\"font-size: 10pt;\"><sup>1,2,3<\/sup><\/span><\/span><br \/>\nAumento de la concentraci\u00f3n y el <a href=\"https:\/\/www.lraloeverashop.eu\/es\/producto\/mind-master-bebida-de-rendimiento\/\">rendimiento<\/a><span style=\"font-size: 14pt;\"><span style=\"font-size: 10pt;\"><sup>1,2,4<\/sup><\/span><\/span><\/p>\n<p>&nbsp;<\/p>\n<p style=\"text-align: left;\"><strong><span style=\"font-size: 14pt;\">Impulso de energ\u00eda extrema para el cuerpo<span style=\"font-size: 10pt;\"><sup>1,2,3,5,6<\/sup><\/span><\/span><\/strong><\/p>\n<p>Estar\u00e1s en forma y vital en el menor tiempo posible<span style=\"font-size: 10pt;\"><sup>1,2<\/sup><\/span><br \/>\nAumenta la resistencia y el rendimiento<span style=\"font-size: 10pt;\"><sup>2,3<\/sup><\/span><\/p>\n<p>&nbsp;<\/p>\n<p>Mind Master Extreme Con Guaran\u00e1 consiste en una valiosa mezcla de s\u00faper refuerzos naturales, como cafe\u00edna, taurina, inositol, amino\u00e1cidos, vitaminas, minerales y coenzima Q10. Con edulcorantes. Sin gluten, sin lactosa, sabor granada. Un stick contiene m\u00e1s cafe\u00edna que una taza de espresso o una bebida energ\u00e9tica convencional. Cubre el 100% del requerimiento diario de 6 vitaminas importantes, incluidas D, E, B12.<\/p>\n<p><strong><span style=\"color: #0000ff;\">\u00a1Simplemente \u00e1bralo, consuma el contenido sin agua y comience con el poder!<\/span><\/strong><\/p>\n<h3><strong><span style=\"font-size: 16pt;\">MindMaster Sin az\u00facar y con sabor a granada afrutada.<\/span><\/strong><\/h3>\n<p>La cafe\u00edna del guaran\u00e1 y el extracto de t\u00e9 verde, as\u00ed como los amino\u00e1cidos (BCAA) estimulan el metabolismo y le dan energ\u00eda a tu cuerpo a corto plazo, para que puedas rendir directamente. Las vitaminas B reducen la fatiga y apoyan sus funciones mentales y cognitivas. Tu reactividad aumenta y puedes actuar m\u00e1s r\u00e1pido y est\u00e1s m\u00e1s alerta. Los <a href=\"https:\/\/www.lraloeverashop.eu\/es\/producto\/mind-master-bebida-de-rendimiento-verde\/\">antioxidantes<\/a> como la vitamina E y la vitamina C protegen contra el estr\u00e9s oxidativo.<\/p>\n<p>1) La vitamina B12 ayuda a reducir la fatiga y el cansancio.<br \/>\n2) La cafe\u00edna que se encuentra en el guaran\u00e1 ayuda a aumentar el <a href=\"https:\/\/www.lraloeverashop.eu\/es\/mind-master-extreme-polvo-de-rendimiento-para-mas-energia\/\">estado de alerta y la concentraci\u00f3n<\/a>. La cafe\u00edna contenida en el guaran\u00e1 ayuda a aumentar el rendimiento de resistencia.<br \/>\n3) La vitamina C contribuye al metabolismo energ\u00e9tico normal.<br \/>\n4) La tiamina, la vitamina B6 y la vitamina B12 contribuyen al funcionamiento mental normal.<br \/>\n5) La vitamina E, la vitamina C y el selenio de Mind Master Extreme Con Guarana ayudan a proteger las c\u00e9lulas del estr\u00e9s oxidativo.<br \/>\n6) La vitamina D contribuye al mantenimiento de la <a href=\"https:\/\/www.lraloeverashop.eu\/es\/producto\/mind-master-polvo-con-guarana\/\">funci\u00f3n muscular normal<\/a>.<\/p>\n","protected":false},"excerpt":{"rendered":"<ul>\n<li>Potenciador del rendimiento f\u00edsico y mental<span style=\"font-size: 10pt;\"><sup>2,3,4<\/sup><\/span><\/li>\n<li>Protecci\u00f3n contra el estr\u00e9s oxidativo<span style=\"font-size: 10pt;\"><sup>,1<\/sup><\/span><\/li>\n<li>Polvo de alto rendimiento en un pr\u00e1ctico formato para llevar<\/li>\n<li>Libre de az\u00facar<\/li>\n<li>Para consumo directo sin agua<\/li>\n<li>Cantidad: 5x35g<\/li>\n<\/ul>\n<p><span style=\"color: #ff0000;\"><a style=\"color: #ff0000;\" href=\"https:\/\/shop.lrworld.com\/openpao?PHP=0vFlt7jT938BEnBI3a6e9w%3D%3D\"><span style=\"font-size: 14pt;\"><strong>Reg\u00edstrate aqu\u00ed y ahorra 35% en cada compra<\/strong><\/span><\/a><\/span><\/p>\n","protected":false},"featured_media":5759,"comment_status":"open","ping_status":"closed","template":"","meta":{"_kad_blocks_custom_css":"","_kad_blocks_head_custom_js":"","_kad_blocks_body_custom_js":"","_kad_blocks_footer_custom_js":"","_kadence_starter_templates_imported_post":false,"_kad_post_transparent":"default","_kad_post_title":"","_kad_post_layout":"default","_kad_post_sidebar_id":"","_kad_post_content_style":"default","_kad_post_vertical_padding":"default","_kad_post_feature":"","_kad_post_feature_position":"","_kad_post_header":false,"_kad_post_footer":false,"_kad_post_classname":""},"product_brand":[],"product_cat":[458,469,505,415,445],"product_tag":[688],"class_list":{"0":"post-9595","1":"product","2":"type-product","3":"status-publish","4":"has-post-thumbnail","6":"product_cat-ahorra-en-los-sets","7":"product_cat-especialistas","8":"product_cat-mind-master-es","9":"product_cat-productos-especiales","10":"product_cat-rendimiento-y-energia","11":"product_tag-energia-es","13":"first","14":"outofstock","15":"taxable","16":"shipping-taxable","17":"purchasable","18":"product-type-simple","19":"entry","20":"content-bg","21":"loop-entry"},"yoast_head":"<!-- This site is optimized with the Yoast SEO Premium plugin v27.3 (Yoast SEO v27.3) - https:\/\/yoast.com\/product\/yoast-seo-premium-wordpress\/ -->\n<title>Mind Master Extreme con guaran\u00e1 Para m\u00e1s energ\u00eda y rendimiento<\/title>\n<meta name=\"description\" content=\"Mind Master Extreme con guaran\u00e1 brinda un impulso de energ\u00eda instant\u00e1neo, efectivo y saludable para la mente y el cuerpo. Con 6 vitaminas importantes.\" \/>\n<meta name=\"robots\" content=\"index, follow, max-snippet:-1, max-image-preview:large, max-video-preview:-1\" \/>\n<link rel=\"canonical\" href=\"https:\/\/www.lraloeverashop.eu\/es\/producto\/mind-master-extreme-con-guarana\/\" \/>\n<meta property=\"og:locale\" content=\"es_ES\" \/>\n<meta property=\"og:type\" content=\"article\" \/>\n<meta property=\"og:title\" content=\"Mind Master Extreme Con Guarana\" \/>\n<meta property=\"og:description\" content=\"Mind Master Extreme con guaran\u00e1 brinda un impulso de energ\u00eda instant\u00e1neo, efectivo y saludable para la mente y el cuerpo. Con 6 vitaminas importantes.\" \/>\n<meta property=\"og:url\" content=\"https:\/\/www.lraloeverashop.eu\/es\/producto\/mind-master-extreme-con-guarana\/\" \/>\n<meta property=\"og:site_name\" content=\"Lr Tienda Aloe Vera\" \/>\n<meta property=\"article:publisher\" content=\"https:\/\/www.facebook.com\/lraloeverashop.eu\" \/>\n<meta property=\"article:modified_time\" content=\"2026-02-09T04:07:12+00:00\" \/>\n<meta property=\"og:image\" content=\"https:\/\/www.lraloeverashop.eu\/wp-content\/uploads\/2022\/10\/Mind-Master-Performance-powder-with-quarana-set.jpg\" \/>\n\t<meta property=\"og:image:width\" content=\"1200\" \/>\n\t<meta property=\"og:image:height\" content=\"1200\" \/>\n\t<meta property=\"og:image:type\" content=\"image\/jpeg\" \/>\n<meta name=\"twitter:card\" content=\"summary_large_image\" \/>\n<meta name=\"twitter:site\" content=\"@natur__kosmetik\" \/>\n<script type=\"application\/ld+json\" class=\"yoast-schema-graph\">{\"@context\":\"https:\\\/\\\/schema.org\",\"@graph\":[{\"@type\":[\"WebPage\",\"ItemPage\"],\"@id\":\"https:\\\/\\\/www.lraloeverashop.eu\\\/es\\\/producto\\\/mind-master-extreme-con-guarana\\\/\",\"url\":\"https:\\\/\\\/www.lraloeverashop.eu\\\/es\\\/producto\\\/mind-master-extreme-con-guarana\\\/\",\"name\":\"Mind Master Extreme con guaran\u00e1 Para m\u00e1s energ\u00eda y rendimiento\",\"isPartOf\":{\"@id\":\"https:\\\/\\\/www.lraloeverashop.eu\\\/es\\\/#website\"},\"primaryImageOfPage\":{\"@id\":\"https:\\\/\\\/www.lraloeverashop.eu\\\/es\\\/producto\\\/mind-master-extreme-con-guarana\\\/#primaryimage\"},\"image\":{\"@id\":\"https:\\\/\\\/www.lraloeverashop.eu\\\/es\\\/producto\\\/mind-master-extreme-con-guarana\\\/#primaryimage\"},\"thumbnailUrl\":\"https:\\\/\\\/www.lraloeverashop.eu\\\/wp-content\\\/uploads\\\/2022\\\/10\\\/Mind-Master-Performance-powder-with-quarana-set.jpg\",\"datePublished\":\"2022-10-13T08:31:27+00:00\",\"dateModified\":\"2026-02-09T04:07:12+00:00\",\"description\":\"Mind Master Extreme con guaran\u00e1 brinda un impulso de energ\u00eda instant\u00e1neo, efectivo y saludable para la mente y el cuerpo. Con 6 vitaminas importantes.\",\"breadcrumb\":{\"@id\":\"https:\\\/\\\/www.lraloeverashop.eu\\\/es\\\/producto\\\/mind-master-extreme-con-guarana\\\/#breadcrumb\"},\"inLanguage\":\"es\",\"potentialAction\":[{\"@type\":\"ReadAction\",\"target\":[\"https:\\\/\\\/www.lraloeverashop.eu\\\/es\\\/producto\\\/mind-master-extreme-con-guarana\\\/\"]}]},{\"@type\":\"ImageObject\",\"inLanguage\":\"es\",\"@id\":\"https:\\\/\\\/www.lraloeverashop.eu\\\/es\\\/producto\\\/mind-master-extreme-con-guarana\\\/#primaryimage\",\"url\":\"https:\\\/\\\/www.lraloeverashop.eu\\\/wp-content\\\/uploads\\\/2022\\\/10\\\/Mind-Master-Performance-powder-with-quarana-set.jpg\",\"contentUrl\":\"https:\\\/\\\/www.lraloeverashop.eu\\\/wp-content\\\/uploads\\\/2022\\\/10\\\/Mind-Master-Performance-powder-with-quarana-set.jpg\",\"width\":1200,\"height\":1200,\"caption\":\"Conjunto de Mind Master Polvo de rendimiento con guaran\u00e1\"},{\"@type\":\"BreadcrumbList\",\"@id\":\"https:\\\/\\\/www.lraloeverashop.eu\\\/es\\\/producto\\\/mind-master-extreme-con-guarana\\\/#breadcrumb\",\"itemListElement\":[{\"@type\":\"ListItem\",\"position\":1,\"name\":\"Home\",\"item\":\"https:\\\/\\\/www.lraloeverashop.eu\\\/es\\\/\"},{\"@type\":\"ListItem\",\"position\":2,\"name\":\"Tienda\",\"item\":\"https:\\\/\\\/www.lraloeverashop.eu\\\/es\\\/tienda\\\/\"},{\"@type\":\"ListItem\",\"position\":3,\"name\":\"Mind Master Extreme Con Guarana\"}]},{\"@type\":\"WebSite\",\"@id\":\"https:\\\/\\\/www.lraloeverashop.eu\\\/es\\\/#website\",\"url\":\"https:\\\/\\\/www.lraloeverashop.eu\\\/es\\\/\",\"name\":\"Lr Tienda Aloe Vera\",\"description\":\"High Quality Lr Aloe Vera Gel, Aloe Vera Cream and Shampoo\",\"publisher\":{\"@id\":\"https:\\\/\\\/www.lraloeverashop.eu\\\/es\\\/#organization\"},\"potentialAction\":[{\"@type\":\"SearchAction\",\"target\":{\"@type\":\"EntryPoint\",\"urlTemplate\":\"https:\\\/\\\/www.lraloeverashop.eu\\\/es\\\/?s={search_term_string}\"},\"query-input\":{\"@type\":\"PropertyValueSpecification\",\"valueRequired\":true,\"valueName\":\"search_term_string\"}}],\"inLanguage\":\"es\"},{\"@type\":\"Organization\",\"@id\":\"https:\\\/\\\/www.lraloeverashop.eu\\\/es\\\/#organization\",\"name\":\"Lr Tienda Aloe Vera\",\"alternateName\":\"LR\",\"url\":\"https:\\\/\\\/www.lraloeverashop.eu\\\/es\\\/\",\"logo\":{\"@type\":\"ImageObject\",\"inLanguage\":\"es\",\"@id\":\"https:\\\/\\\/www.lraloeverashop.eu\\\/es\\\/#\\\/schema\\\/logo\\\/image\\\/\",\"url\":\"https:\\\/\\\/www.lraloeverashop.eu\\\/wp-content\\\/uploads\\\/2022\\\/09\\\/cropped-Lr-Aloe-Vera-Shop.jpg\",\"contentUrl\":\"https:\\\/\\\/www.lraloeverashop.eu\\\/wp-content\\\/uploads\\\/2022\\\/09\\\/cropped-Lr-Aloe-Vera-Shop.jpg\",\"width\":228,\"height\":76,\"caption\":\"Lr Tienda Aloe Vera\"},\"image\":{\"@id\":\"https:\\\/\\\/www.lraloeverashop.eu\\\/es\\\/#\\\/schema\\\/logo\\\/image\\\/\"},\"sameAs\":[\"https:\\\/\\\/www.facebook.com\\\/lraloeverashop.eu\",\"https:\\\/\\\/x.com\\\/natur__kosmetik\",\"https:\\\/\\\/www.youtube.com\\\/channel\\\/UC5oN7BJ8nfYb8RpVtjwDEBA\",\"https:\\\/\\\/www.instagram.com\\\/lrbeautyeu\\\/\"]}]}<\/script>\n<meta property=\"product:price:amount\" content=\"157.49\" \/>\n<meta property=\"product:price:currency\" content=\"EUR\" \/>\n<meta property=\"og:availability\" content=\"out of stock\" \/>\n<meta property=\"product:availability\" content=\"out of stock\" \/>\n<meta property=\"product:retailer_item_id\" content=\"80985-101ES\" \/>\n<meta property=\"product:condition\" content=\"new\" \/>\n<!-- \/ Yoast SEO Premium plugin. -->","yoast_head_json":{"title":"Mind Master Extreme con guaran\u00e1 Para m\u00e1s energ\u00eda y rendimiento","description":"Mind Master Extreme con guaran\u00e1 brinda un impulso de energ\u00eda instant\u00e1neo, efectivo y saludable para la mente y el cuerpo. Con 6 vitaminas importantes.","robots":{"index":"index","follow":"follow","max-snippet":"max-snippet:-1","max-image-preview":"max-image-preview:large","max-video-preview":"max-video-preview:-1"},"canonical":"https:\/\/www.lraloeverashop.eu\/es\/producto\/mind-master-extreme-con-guarana\/","og_locale":"es_ES","og_type":"article","og_title":"Mind Master Extreme Con Guarana","og_description":"Mind Master Extreme con guaran\u00e1 brinda un impulso de energ\u00eda instant\u00e1neo, efectivo y saludable para la mente y el cuerpo. Con 6 vitaminas importantes.","og_url":"https:\/\/www.lraloeverashop.eu\/es\/producto\/mind-master-extreme-con-guarana\/","og_site_name":"Lr Tienda Aloe Vera","article_publisher":"https:\/\/www.facebook.com\/lraloeverashop.eu","article_modified_time":"2026-02-09T04:07:12+00:00","og_image":[{"width":1200,"height":1200,"url":"https:\/\/www.lraloeverashop.eu\/wp-content\/uploads\/2022\/10\/Mind-Master-Performance-powder-with-quarana-set.jpg","type":"image\/jpeg"}],"twitter_card":"summary_large_image","twitter_site":"@natur__kosmetik","schema":{"@context":"https:\/\/schema.org","@graph":[{"@type":["WebPage","ItemPage"],"@id":"https:\/\/www.lraloeverashop.eu\/es\/producto\/mind-master-extreme-con-guarana\/","url":"https:\/\/www.lraloeverashop.eu\/es\/producto\/mind-master-extreme-con-guarana\/","name":"Mind Master Extreme con guaran\u00e1 Para m\u00e1s energ\u00eda y rendimiento","isPartOf":{"@id":"https:\/\/www.lraloeverashop.eu\/es\/#website"},"primaryImageOfPage":{"@id":"https:\/\/www.lraloeverashop.eu\/es\/producto\/mind-master-extreme-con-guarana\/#primaryimage"},"image":{"@id":"https:\/\/www.lraloeverashop.eu\/es\/producto\/mind-master-extreme-con-guarana\/#primaryimage"},"thumbnailUrl":"https:\/\/www.lraloeverashop.eu\/wp-content\/uploads\/2022\/10\/Mind-Master-Performance-powder-with-quarana-set.jpg","datePublished":"2022-10-13T08:31:27+00:00","dateModified":"2026-02-09T04:07:12+00:00","description":"Mind Master Extreme con guaran\u00e1 brinda un impulso de energ\u00eda instant\u00e1neo, efectivo y saludable para la mente y el cuerpo. Con 6 vitaminas importantes.","breadcrumb":{"@id":"https:\/\/www.lraloeverashop.eu\/es\/producto\/mind-master-extreme-con-guarana\/#breadcrumb"},"inLanguage":"es","potentialAction":[{"@type":"ReadAction","target":["https:\/\/www.lraloeverashop.eu\/es\/producto\/mind-master-extreme-con-guarana\/"]}]},{"@type":"ImageObject","inLanguage":"es","@id":"https:\/\/www.lraloeverashop.eu\/es\/producto\/mind-master-extreme-con-guarana\/#primaryimage","url":"https:\/\/www.lraloeverashop.eu\/wp-content\/uploads\/2022\/10\/Mind-Master-Performance-powder-with-quarana-set.jpg","contentUrl":"https:\/\/www.lraloeverashop.eu\/wp-content\/uploads\/2022\/10\/Mind-Master-Performance-powder-with-quarana-set.jpg","width":1200,"height":1200,"caption":"Conjunto de Mind Master Polvo de rendimiento con guaran\u00e1"},{"@type":"BreadcrumbList","@id":"https:\/\/www.lraloeverashop.eu\/es\/producto\/mind-master-extreme-con-guarana\/#breadcrumb","itemListElement":[{"@type":"ListItem","position":1,"name":"Home","item":"https:\/\/www.lraloeverashop.eu\/es\/"},{"@type":"ListItem","position":2,"name":"Tienda","item":"https:\/\/www.lraloeverashop.eu\/es\/tienda\/"},{"@type":"ListItem","position":3,"name":"Mind Master Extreme Con Guarana"}]},{"@type":"WebSite","@id":"https:\/\/www.lraloeverashop.eu\/es\/#website","url":"https:\/\/www.lraloeverashop.eu\/es\/","name":"Lr Tienda Aloe Vera","description":"High Quality Lr Aloe Vera Gel, Aloe Vera Cream and Shampoo","publisher":{"@id":"https:\/\/www.lraloeverashop.eu\/es\/#organization"},"potentialAction":[{"@type":"SearchAction","target":{"@type":"EntryPoint","urlTemplate":"https:\/\/www.lraloeverashop.eu\/es\/?s={search_term_string}"},"query-input":{"@type":"PropertyValueSpecification","valueRequired":true,"valueName":"search_term_string"}}],"inLanguage":"es"},{"@type":"Organization","@id":"https:\/\/www.lraloeverashop.eu\/es\/#organization","name":"Lr Tienda Aloe Vera","alternateName":"LR","url":"https:\/\/www.lraloeverashop.eu\/es\/","logo":{"@type":"ImageObject","inLanguage":"es","@id":"https:\/\/www.lraloeverashop.eu\/es\/#\/schema\/logo\/image\/","url":"https:\/\/www.lraloeverashop.eu\/wp-content\/uploads\/2022\/09\/cropped-Lr-Aloe-Vera-Shop.jpg","contentUrl":"https:\/\/www.lraloeverashop.eu\/wp-content\/uploads\/2022\/09\/cropped-Lr-Aloe-Vera-Shop.jpg","width":228,"height":76,"caption":"Lr Tienda Aloe Vera"},"image":{"@id":"https:\/\/www.lraloeverashop.eu\/es\/#\/schema\/logo\/image\/"},"sameAs":["https:\/\/www.facebook.com\/lraloeverashop.eu","https:\/\/x.com\/natur__kosmetik","https:\/\/www.youtube.com\/channel\/UC5oN7BJ8nfYb8RpVtjwDEBA","https:\/\/www.instagram.com\/lrbeautyeu\/"]}]},"product_price_amount":"157.49","product_price_currency":"EUR","og_availability":"out of stock","product_availability":"out of stock","product_retailer_item_id":"80985-101ES","product_condition":"new"},"taxonomy_info":{"product_cat":[{"value":458,"label":"Ahorra en los sets"},{"value":469,"label":"Especialistas"},{"value":505,"label":"Mind Master"},{"value":415,"label":"Productos Especiales"},{"value":445,"label":"Rendimiento y Energ\u00eda"}],"product_tag":[{"value":688,"label":"Energ\u00eda"}]},"featured_image_src_large":["https:\/\/www.lraloeverashop.eu\/wp-content\/uploads\/2022\/10\/Mind-Master-Performance-powder-with-quarana-set-1024x1024.jpg",1024,1024,true],"author_info":[],"comment_info":0,"_links":{"self":[{"href":"https:\/\/www.lraloeverashop.eu\/es\/wp-json\/wp\/v2\/product\/9595","targetHints":{"allow":["GET"]}}],"collection":[{"href":"https:\/\/www.lraloeverashop.eu\/es\/wp-json\/wp\/v2\/product"}],"about":[{"href":"https:\/\/www.lraloeverashop.eu\/es\/wp-json\/wp\/v2\/types\/product"}],"replies":[{"embeddable":true,"href":"https:\/\/www.lraloeverashop.eu\/es\/wp-json\/wp\/v2\/comments?post=9595"}],"wp:featuredmedia":[{"embeddable":true,"href":"https:\/\/www.lraloeverashop.eu\/es\/wp-json\/wp\/v2\/media\/5759"}],"wp:attachment":[{"href":"https:\/\/www.lraloeverashop.eu\/es\/wp-json\/wp\/v2\/media?parent=9595"}],"wp:term":[{"taxonomy":"product_brand","embeddable":true,"href":"https:\/\/www.lraloeverashop.eu\/es\/wp-json\/wp\/v2\/product_brand?post=9595"},{"taxonomy":"product_cat","embeddable":true,"href":"https:\/\/www.lraloeverashop.eu\/es\/wp-json\/wp\/v2\/product_cat?post=9595"},{"taxonomy":"product_tag","embeddable":true,"href":"https:\/\/www.lraloeverashop.eu\/es\/wp-json\/wp\/v2\/product_tag?post=9595"}],"curies":[{"name":"wp","href":"https:\/\/api.w.org\/{rel}","templated":true}]}}