{"id":9532,"date":"2022-10-13T18:52:54","date_gmt":"2022-10-13T16:52:54","guid":{"rendered":"https:\/\/www.lraloeverashop.eu\/product\/mind-master-bebida-de-rendimiento\/"},"modified":"2026-02-09T05:06:29","modified_gmt":"2026-02-09T04:06:29","slug":"mind-master-bebida-de-rendimiento","status":"publish","type":"product","link":"https:\/\/www.lraloeverashop.eu\/es\/producto\/mind-master-bebida-de-rendimiento\/","title":{"rendered":"Mind Master Bebida de Rendimiento Rojo"},"content":{"rendered":"<h2><span style=\"font-size: 16pt;\"><strong>Mind Master Bebida de Rendimiento Rojo<\/strong><\/span><\/h2>\n<p><span style=\"font-size: 14pt;\"><strong>Mind Master Bebida de Rendimiento Rojo Contribuye a un Metabolismo Energ\u00e9tico Normal<\/strong><\/span><\/p>\n<p>Trabajo, familia, deporte y ocio: tener las cosas bajo control a veces puede ser agotador. Esto hace que sea a\u00fan m\u00e1s importante proporcionar el equilibrio de nutrientes con <a href=\"https:\/\/www.lraloeverashop.eu\/es\/producto\/vita-active-frutos-rojos\/\">vitaminas<\/a> y oligoelementos \u00fatiles de manera \u00f3ptima.<\/p>\n<p><strong>Mind Master proporciona importantes micronutrientes que contribuyen a:<\/strong><\/p>\n<ul>\n<li>A un cambio de energ\u00eda normal,<\/li>\n<li>La funci\u00f3n normal del <a href=\"https:\/\/www.lraloeverashop.eu\/es\/producto\/mind-master-bebida-de-rendimiento-verde\/\">sistema nervioso<\/a>,<\/li>\n<li>A una funci\u00f3n mental normal,<\/li>\n<li>Para <a href=\"https:\/\/www.lraloeverashop.eu\/es\/mind-master-extreme-polvo-de-rendimiento-para-mas-energia\/\">reducir la fatiga<\/a>,<\/li>\n<li>A una funci\u00f3n cognitiva normal,<\/li>\n<li>Para proteger las c\u00e9lulas del estr\u00e9s oxidativo.<\/li>\n<\/ul>\n<p>&nbsp;<\/p>\n<p>Mind Master Bebida de Rendimiento te acompa\u00f1a durante todo el d\u00eda: al trabajo, a la escuela, al deporte, etc. \u00a1Tu contribuci\u00f3n diaria al suministro ideal de nutrientes con un estilo de vida activo!<\/p>\n<p><strong>Probado cient\u00edficamente por la EFSA*<\/strong><\/p>\n<ul>\n<li>La tiamina y la vitamina B12 contribuyen a un metabolismo energ\u00e9tico normal.<\/li>\n<li>La vitamina B12 contribuye al funcionamiento normal del sistema nervioso.<\/li>\n<li>La vitamina B12 contribuye a la funci\u00f3n mental normal.<\/li>\n<li>La vitamina B12 y el hierro contribuyen a reducir la fatiga.<\/li>\n<li>El hierro contribuye a una funci\u00f3n cognitiva normal.<\/li>\n<li>La vitamina E ayuda a proteger las c\u00e9lulas contra el estr\u00e9s oxidativo.<\/li>\n<\/ul>\n<div class=\"entry-content-asset videofit\"><iframe loading=\"lazy\" title=\"Mind Master Bebida de Rendimiento\" width=\"720\" height=\"405\" src=\"https:\/\/www.youtube.com\/embed\/aVyemJQo550?feature=oembed\" frameborder=\"0\" allow=\"accelerometer; autoplay; clipboard-write; encrypted-media; gyroscope; picture-in-picture; web-share\" referrerpolicy=\"strict-origin-when-cross-origin\" allowfullscreen><\/iframe><\/div>\n<h3><strong><span style=\"font-size: 16pt;\">C\u00f3mo utilizar <\/span><\/strong><\/h3>\n<p><strong>Dosis Diaria Recomendada:<\/strong><br \/>\nTome 80 ml de Mind Master Bebida de Rendimiento una vez al d\u00eda, preferiblemente despu\u00e9s de una comida. Dependiendo de tus preferencias, se puede consumir puro o disuelto en agua o jugo. Agitar antes de usar. Una vez abierto, se guarda en el frigor\u00edfico.<\/p>\n<p><strong>No exceda la dosis diaria recomendada.<\/strong><br \/>\nLos complementos alimenticios no sustituyen a una dieta variada y equilibrada, en combinaci\u00f3n con un estilo de <a href=\"https:\/\/www.lraloeverashop.eu\/es\/producto\/aloe-vera-bebida-immune-plus\/\">vida saludable<\/a>. Mantener fuera del alcance de los ni\u00f1os.<\/p>\n<p>&nbsp;<\/p>\n<h4><span style=\"font-size: 16pt;\"><strong>Preguntas m\u00e1s frecuentes<\/strong><\/span><\/h4>\n<p><strong>\u00bfDe d\u00f3nde viene el sabor especial de Mind Master Drink?<\/strong><br \/>\nEl sabor es completamente natural: proviene de la alta concentraci\u00f3n de extractos de plantas y, por lo tanto, tiene una nota ligeramente amarga. El sabor principal es jugo de uva roja como base. El sabor se completa con Stevia, una sustancia vegetal pura con un alto poder edulcorante.<\/p>\n<p><strong>Mind Master Bebida de Rendimiento Rojo \u00bfAdecuado para ni\u00f1os?<\/strong><br \/>\nLos escolares y adolescentes pueden consumir Mind Master.<\/p>\n<p><strong>\u00bfMind Master es adecuado para personas con diabetes?<\/strong><br \/>\nMind Master contiene solo una peque\u00f1a cantidad de az\u00facares simples en forma de dextrosa. La dosis diaria de 80 ml contiene 0,87 equivalentes de almid\u00f3n. En caso de duda sobre la idoneidad del producto, se aconseja informar al m\u00e9dico tratante.<\/p>\n","protected":false},"excerpt":{"rendered":"<ul>\n<li>Suplemento nutricional con importantes vitaminas y oligoelementos<\/li>\n<li>Proporciona micronutrientes de alta calidad para aquellos que dan forma activa a sus vidas.<\/li>\n<li>Con vitamina E para proteger las c\u00e9lulas del estr\u00e9s oxidativo<\/li>\n<li>Con sabor afrutado a uva<\/li>\n<li>Compa\u00f1ero diario En el trabajo, la escuela o ..<\/li>\n<li>Cantidad: 5x500ml<\/li>\n<\/ul>\n<p><span style=\"color: #ff0000;\"><a style=\"color: #ff0000;\" href=\"https:\/\/shop.lrworld.com\/openpao?PHP=0vFlt7jT938BEnBI3a6e9w%3D%3D\"><span style=\"font-size: 14pt;\"><strong>Reg\u00edstrate aqu\u00ed y ahorra 35% en cada compra<\/strong><\/span><\/a><\/span><\/p>\n","protected":false},"featured_media":5765,"comment_status":"open","ping_status":"closed","template":"","meta":{"_kad_blocks_custom_css":"","_kad_blocks_head_custom_js":"","_kad_blocks_body_custom_js":"","_kad_blocks_footer_custom_js":"","_kadence_starter_templates_imported_post":false,"_kad_post_transparent":"default","_kad_post_title":"","_kad_post_layout":"default","_kad_post_sidebar_id":"","_kad_post_content_style":"default","_kad_post_vertical_padding":"default","_kad_post_feature":"","_kad_post_feature_position":"","_kad_post_header":false,"_kad_post_footer":false,"_kad_post_classname":""},"product_brand":[],"product_cat":[458,469,505,415,445],"product_tag":[688],"class_list":{"0":"post-9532","1":"product","2":"type-product","3":"status-publish","4":"has-post-thumbnail","6":"product_cat-ahorra-en-los-sets","7":"product_cat-especialistas","8":"product_cat-mind-master-es","9":"product_cat-productos-especiales","10":"product_cat-rendimiento-y-energia","11":"product_tag-energia-es","13":"first","14":"instock","15":"taxable","16":"shipping-taxable","17":"purchasable","18":"product-type-simple","19":"entry","20":"content-bg","21":"loop-entry"},"yoast_head":"<!-- This site is optimized with the Yoast SEO Premium plugin v27.4 (Yoast SEO v27.4) - https:\/\/yoast.com\/product\/yoast-seo-premium-wordpress\/ -->\n<title>Mind Master Bebida de Rendimiento Rojo para reducir la fatiga<\/title>\n<meta name=\"description\" content=\"Mind Master Bebida de Rendimiento Rojo Contribuye a un Metabolismo Energ\u00e9tico Normal. Protege sistema nervioso y las c\u00e9lulas contra el estr\u00e9s oxidativo\" \/>\n<meta name=\"robots\" content=\"index, follow, max-snippet:-1, max-image-preview:large, max-video-preview:-1\" \/>\n<link rel=\"canonical\" href=\"https:\/\/www.lraloeverashop.eu\/es\/producto\/mind-master-bebida-de-rendimiento\/\" \/>\n<meta property=\"og:locale\" content=\"es_ES\" \/>\n<meta property=\"og:type\" content=\"article\" \/>\n<meta property=\"og:title\" content=\"Mind Master Bebida de Rendimiento Rojo\" \/>\n<meta property=\"og:description\" content=\"Mind Master Bebida de Rendimiento Rojo Contribuye a un Metabolismo Energ\u00e9tico Normal. Protege sistema nervioso y las c\u00e9lulas contra el estr\u00e9s oxidativo\" \/>\n<meta property=\"og:url\" content=\"https:\/\/www.lraloeverashop.eu\/es\/producto\/mind-master-bebida-de-rendimiento\/\" \/>\n<meta property=\"og:site_name\" content=\"Lr Tienda Aloe Vera\" \/>\n<meta property=\"article:publisher\" content=\"https:\/\/www.facebook.com\/lraloeverashop.eu\" \/>\n<meta property=\"article:modified_time\" content=\"2026-02-09T04:06:29+00:00\" \/>\n<meta property=\"og:image\" content=\"https:\/\/www.lraloeverashop.eu\/wp-content\/uploads\/2022\/10\/Mind-Master-Performance-Set-5-Red.jpg\" \/>\n\t<meta property=\"og:image:width\" content=\"1200\" \/>\n\t<meta property=\"og:image:height\" content=\"1200\" \/>\n\t<meta property=\"og:image:type\" content=\"image\/jpeg\" \/>\n<meta name=\"twitter:card\" content=\"summary_large_image\" \/>\n<meta name=\"twitter:site\" content=\"@natur__kosmetik\" \/>\n<script type=\"application\/ld+json\" class=\"yoast-schema-graph\">{\"@context\":\"https:\\\/\\\/schema.org\",\"@graph\":[{\"@type\":[\"WebPage\",\"ItemPage\"],\"@id\":\"https:\\\/\\\/www.lraloeverashop.eu\\\/es\\\/producto\\\/mind-master-bebida-de-rendimiento\\\/\",\"url\":\"https:\\\/\\\/www.lraloeverashop.eu\\\/es\\\/producto\\\/mind-master-bebida-de-rendimiento\\\/\",\"name\":\"Mind Master Bebida de Rendimiento Rojo para reducir la fatiga\",\"isPartOf\":{\"@id\":\"https:\\\/\\\/www.lraloeverashop.eu\\\/es\\\/#website\"},\"primaryImageOfPage\":{\"@id\":\"https:\\\/\\\/www.lraloeverashop.eu\\\/es\\\/producto\\\/mind-master-bebida-de-rendimiento\\\/#primaryimage\"},\"image\":{\"@id\":\"https:\\\/\\\/www.lraloeverashop.eu\\\/es\\\/producto\\\/mind-master-bebida-de-rendimiento\\\/#primaryimage\"},\"thumbnailUrl\":\"https:\\\/\\\/www.lraloeverashop.eu\\\/wp-content\\\/uploads\\\/2022\\\/10\\\/Mind-Master-Performance-Set-5-Red.jpg\",\"datePublished\":\"2022-10-13T16:52:54+00:00\",\"dateModified\":\"2026-02-09T04:06:29+00:00\",\"description\":\"Mind Master Bebida de Rendimiento Rojo Contribuye a un Metabolismo Energ\u00e9tico Normal. Protege sistema nervioso y las c\u00e9lulas contra el estr\u00e9s oxidativo\",\"breadcrumb\":{\"@id\":\"https:\\\/\\\/www.lraloeverashop.eu\\\/es\\\/producto\\\/mind-master-bebida-de-rendimiento\\\/#breadcrumb\"},\"inLanguage\":\"es\",\"potentialAction\":[{\"@type\":\"ReadAction\",\"target\":[\"https:\\\/\\\/www.lraloeverashop.eu\\\/es\\\/producto\\\/mind-master-bebida-de-rendimiento\\\/\"]}]},{\"@type\":\"ImageObject\",\"inLanguage\":\"es\",\"@id\":\"https:\\\/\\\/www.lraloeverashop.eu\\\/es\\\/producto\\\/mind-master-bebida-de-rendimiento\\\/#primaryimage\",\"url\":\"https:\\\/\\\/www.lraloeverashop.eu\\\/wp-content\\\/uploads\\\/2022\\\/10\\\/Mind-Master-Performance-Set-5-Red.jpg\",\"contentUrl\":\"https:\\\/\\\/www.lraloeverashop.eu\\\/wp-content\\\/uploads\\\/2022\\\/10\\\/Mind-Master-Performance-Set-5-Red.jpg\",\"width\":1200,\"height\":1200,\"caption\":\"Mind Master Bebida de Rendimiento Rojo Contribuye a un Metabolismo Energ\u00e9tico Normal\"},{\"@type\":\"BreadcrumbList\",\"@id\":\"https:\\\/\\\/www.lraloeverashop.eu\\\/es\\\/producto\\\/mind-master-bebida-de-rendimiento\\\/#breadcrumb\",\"itemListElement\":[{\"@type\":\"ListItem\",\"position\":1,\"name\":\"Home\",\"item\":\"https:\\\/\\\/www.lraloeverashop.eu\\\/es\\\/\"},{\"@type\":\"ListItem\",\"position\":2,\"name\":\"Tienda\",\"item\":\"https:\\\/\\\/www.lraloeverashop.eu\\\/es\\\/tienda\\\/\"},{\"@type\":\"ListItem\",\"position\":3,\"name\":\"Mind Master Bebida de Rendimiento Rojo\"}]},{\"@type\":\"WebSite\",\"@id\":\"https:\\\/\\\/www.lraloeverashop.eu\\\/es\\\/#website\",\"url\":\"https:\\\/\\\/www.lraloeverashop.eu\\\/es\\\/\",\"name\":\"Lr Tienda Aloe Vera\",\"description\":\"High Quality Lr Aloe Vera Gel, Aloe Vera Cream and Shampoo\",\"publisher\":{\"@id\":\"https:\\\/\\\/www.lraloeverashop.eu\\\/es\\\/#organization\"},\"potentialAction\":[{\"@type\":\"SearchAction\",\"target\":{\"@type\":\"EntryPoint\",\"urlTemplate\":\"https:\\\/\\\/www.lraloeverashop.eu\\\/es\\\/?s={search_term_string}\"},\"query-input\":{\"@type\":\"PropertyValueSpecification\",\"valueRequired\":true,\"valueName\":\"search_term_string\"}}],\"inLanguage\":\"es\"},{\"@type\":\"Organization\",\"@id\":\"https:\\\/\\\/www.lraloeverashop.eu\\\/es\\\/#organization\",\"name\":\"Lr Tienda Aloe Vera\",\"alternateName\":\"LR\",\"url\":\"https:\\\/\\\/www.lraloeverashop.eu\\\/es\\\/\",\"logo\":{\"@type\":\"ImageObject\",\"inLanguage\":\"es\",\"@id\":\"https:\\\/\\\/www.lraloeverashop.eu\\\/es\\\/#\\\/schema\\\/logo\\\/image\\\/\",\"url\":\"https:\\\/\\\/www.lraloeverashop.eu\\\/wp-content\\\/uploads\\\/2022\\\/09\\\/cropped-Lr-Aloe-Vera-Shop.jpg\",\"contentUrl\":\"https:\\\/\\\/www.lraloeverashop.eu\\\/wp-content\\\/uploads\\\/2022\\\/09\\\/cropped-Lr-Aloe-Vera-Shop.jpg\",\"width\":228,\"height\":76,\"caption\":\"Lr Tienda Aloe Vera\"},\"image\":{\"@id\":\"https:\\\/\\\/www.lraloeverashop.eu\\\/es\\\/#\\\/schema\\\/logo\\\/image\\\/\"},\"sameAs\":[\"https:\\\/\\\/www.facebook.com\\\/lraloeverashop.eu\",\"https:\\\/\\\/x.com\\\/natur__kosmetik\",\"https:\\\/\\\/www.youtube.com\\\/channel\\\/UC5oN7BJ8nfYb8RpVtjwDEBA\",\"https:\\\/\\\/www.instagram.com\\\/lrbeautyeu\\\/\"],\"description\":\"La tienda Lr Aloe Vera es tu destino de confianza para productos premium de salud y belleza LR, fabricados en Alemania. Ofrecemos soluciones de alta calidad para el cuidado de la piel, nutrici\u00f3n y antienvejecimiento con Aloe Vera, elaboradas con ingredientes puros y respaldadas por investigaci\u00f3n cient\u00edfica. Descubre un cuidado natural que regenera, protege y revitaliza tu piel, y disfruta de ofertas mensuales exclusivas en nuestros productos LR Aloe Vera m\u00e1s vendidos.\\n\\nComienza hoy mismo tu camino hacia el cuidado natural de la piel y siente la diferencia.\",\"email\":\"info@lraloeverashop.eu\",\"telephone\":\"+49 17670609653\",\"legalName\":\"Lr Aloe Vera Shop\",\"foundingDate\":\"2018-04-21\",\"numberOfEmployees\":{\"@type\":\"QuantitativeValue\",\"minValue\":\"1\",\"maxValue\":\"10\"}}]}<\/script>\n<meta property=\"product:price:amount\" content=\"96.49\" \/>\n<meta property=\"product:price:currency\" content=\"EUR\" \/>\n<meta property=\"og:availability\" content=\"instock\" \/>\n<meta property=\"product:availability\" content=\"instock\" \/>\n<meta property=\"product:retailer_item_id\" content=\"80905-RES\" \/>\n<meta property=\"product:condition\" content=\"new\" \/>\n<!-- \/ Yoast SEO Premium plugin. -->","yoast_head_json":{"title":"Mind Master Bebida de Rendimiento Rojo para reducir la fatiga","description":"Mind Master Bebida de Rendimiento Rojo Contribuye a un Metabolismo Energ\u00e9tico Normal. Protege sistema nervioso y las c\u00e9lulas contra el estr\u00e9s oxidativo","robots":{"index":"index","follow":"follow","max-snippet":"max-snippet:-1","max-image-preview":"max-image-preview:large","max-video-preview":"max-video-preview:-1"},"canonical":"https:\/\/www.lraloeverashop.eu\/es\/producto\/mind-master-bebida-de-rendimiento\/","og_locale":"es_ES","og_type":"article","og_title":"Mind Master Bebida de Rendimiento Rojo","og_description":"Mind Master Bebida de Rendimiento Rojo Contribuye a un Metabolismo Energ\u00e9tico Normal. Protege sistema nervioso y las c\u00e9lulas contra el estr\u00e9s oxidativo","og_url":"https:\/\/www.lraloeverashop.eu\/es\/producto\/mind-master-bebida-de-rendimiento\/","og_site_name":"Lr Tienda Aloe Vera","article_publisher":"https:\/\/www.facebook.com\/lraloeverashop.eu","article_modified_time":"2026-02-09T04:06:29+00:00","og_image":[{"width":1200,"height":1200,"url":"https:\/\/www.lraloeverashop.eu\/wp-content\/uploads\/2022\/10\/Mind-Master-Performance-Set-5-Red.jpg","type":"image\/jpeg"}],"twitter_card":"summary_large_image","twitter_site":"@natur__kosmetik","schema":{"@context":"https:\/\/schema.org","@graph":[{"@type":["WebPage","ItemPage"],"@id":"https:\/\/www.lraloeverashop.eu\/es\/producto\/mind-master-bebida-de-rendimiento\/","url":"https:\/\/www.lraloeverashop.eu\/es\/producto\/mind-master-bebida-de-rendimiento\/","name":"Mind Master Bebida de Rendimiento Rojo para reducir la fatiga","isPartOf":{"@id":"https:\/\/www.lraloeverashop.eu\/es\/#website"},"primaryImageOfPage":{"@id":"https:\/\/www.lraloeverashop.eu\/es\/producto\/mind-master-bebida-de-rendimiento\/#primaryimage"},"image":{"@id":"https:\/\/www.lraloeverashop.eu\/es\/producto\/mind-master-bebida-de-rendimiento\/#primaryimage"},"thumbnailUrl":"https:\/\/www.lraloeverashop.eu\/wp-content\/uploads\/2022\/10\/Mind-Master-Performance-Set-5-Red.jpg","datePublished":"2022-10-13T16:52:54+00:00","dateModified":"2026-02-09T04:06:29+00:00","description":"Mind Master Bebida de Rendimiento Rojo Contribuye a un Metabolismo Energ\u00e9tico Normal. Protege sistema nervioso y las c\u00e9lulas contra el estr\u00e9s oxidativo","breadcrumb":{"@id":"https:\/\/www.lraloeverashop.eu\/es\/producto\/mind-master-bebida-de-rendimiento\/#breadcrumb"},"inLanguage":"es","potentialAction":[{"@type":"ReadAction","target":["https:\/\/www.lraloeverashop.eu\/es\/producto\/mind-master-bebida-de-rendimiento\/"]}]},{"@type":"ImageObject","inLanguage":"es","@id":"https:\/\/www.lraloeverashop.eu\/es\/producto\/mind-master-bebida-de-rendimiento\/#primaryimage","url":"https:\/\/www.lraloeverashop.eu\/wp-content\/uploads\/2022\/10\/Mind-Master-Performance-Set-5-Red.jpg","contentUrl":"https:\/\/www.lraloeverashop.eu\/wp-content\/uploads\/2022\/10\/Mind-Master-Performance-Set-5-Red.jpg","width":1200,"height":1200,"caption":"Mind Master Bebida de Rendimiento Rojo Contribuye a un Metabolismo Energ\u00e9tico Normal"},{"@type":"BreadcrumbList","@id":"https:\/\/www.lraloeverashop.eu\/es\/producto\/mind-master-bebida-de-rendimiento\/#breadcrumb","itemListElement":[{"@type":"ListItem","position":1,"name":"Home","item":"https:\/\/www.lraloeverashop.eu\/es\/"},{"@type":"ListItem","position":2,"name":"Tienda","item":"https:\/\/www.lraloeverashop.eu\/es\/tienda\/"},{"@type":"ListItem","position":3,"name":"Mind Master Bebida de Rendimiento Rojo"}]},{"@type":"WebSite","@id":"https:\/\/www.lraloeverashop.eu\/es\/#website","url":"https:\/\/www.lraloeverashop.eu\/es\/","name":"Lr Tienda Aloe Vera","description":"High Quality Lr Aloe Vera Gel, Aloe Vera Cream and Shampoo","publisher":{"@id":"https:\/\/www.lraloeverashop.eu\/es\/#organization"},"potentialAction":[{"@type":"SearchAction","target":{"@type":"EntryPoint","urlTemplate":"https:\/\/www.lraloeverashop.eu\/es\/?s={search_term_string}"},"query-input":{"@type":"PropertyValueSpecification","valueRequired":true,"valueName":"search_term_string"}}],"inLanguage":"es"},{"@type":"Organization","@id":"https:\/\/www.lraloeverashop.eu\/es\/#organization","name":"Lr Tienda Aloe Vera","alternateName":"LR","url":"https:\/\/www.lraloeverashop.eu\/es\/","logo":{"@type":"ImageObject","inLanguage":"es","@id":"https:\/\/www.lraloeverashop.eu\/es\/#\/schema\/logo\/image\/","url":"https:\/\/www.lraloeverashop.eu\/wp-content\/uploads\/2022\/09\/cropped-Lr-Aloe-Vera-Shop.jpg","contentUrl":"https:\/\/www.lraloeverashop.eu\/wp-content\/uploads\/2022\/09\/cropped-Lr-Aloe-Vera-Shop.jpg","width":228,"height":76,"caption":"Lr Tienda Aloe Vera"},"image":{"@id":"https:\/\/www.lraloeverashop.eu\/es\/#\/schema\/logo\/image\/"},"sameAs":["https:\/\/www.facebook.com\/lraloeverashop.eu","https:\/\/x.com\/natur__kosmetik","https:\/\/www.youtube.com\/channel\/UC5oN7BJ8nfYb8RpVtjwDEBA","https:\/\/www.instagram.com\/lrbeautyeu\/"],"description":"La tienda Lr Aloe Vera es tu destino de confianza para productos premium de salud y belleza LR, fabricados en Alemania. Ofrecemos soluciones de alta calidad para el cuidado de la piel, nutrici\u00f3n y antienvejecimiento con Aloe Vera, elaboradas con ingredientes puros y respaldadas por investigaci\u00f3n cient\u00edfica. Descubre un cuidado natural que regenera, protege y revitaliza tu piel, y disfruta de ofertas mensuales exclusivas en nuestros productos LR Aloe Vera m\u00e1s vendidos.\n\nComienza hoy mismo tu camino hacia el cuidado natural de la piel y siente la diferencia.","email":"info@lraloeverashop.eu","telephone":"+49 17670609653","legalName":"Lr Aloe Vera Shop","foundingDate":"2018-04-21","numberOfEmployees":{"@type":"QuantitativeValue","minValue":"1","maxValue":"10"}}]},"product_price_amount":"96.49","product_price_currency":"EUR","og_availability":"instock","product_availability":"instock","product_retailer_item_id":"80905-RES","product_condition":"new"},"taxonomy_info":{"product_cat":[{"value":458,"label":"Ahorra en los sets"},{"value":469,"label":"Especialistas"},{"value":505,"label":"Mind Master"},{"value":415,"label":"Productos Especiales"},{"value":445,"label":"Rendimiento y Energ\u00eda"}],"product_tag":[{"value":688,"label":"Energ\u00eda"}]},"featured_image_src_large":["https:\/\/www.lraloeverashop.eu\/wp-content\/uploads\/2022\/10\/Mind-Master-Performance-Set-5-Red-1024x1024.jpg",1024,1024,true],"author_info":[],"comment_info":0,"_links":{"self":[{"href":"https:\/\/www.lraloeverashop.eu\/es\/wp-json\/wp\/v2\/product\/9532","targetHints":{"allow":["GET"]}}],"collection":[{"href":"https:\/\/www.lraloeverashop.eu\/es\/wp-json\/wp\/v2\/product"}],"about":[{"href":"https:\/\/www.lraloeverashop.eu\/es\/wp-json\/wp\/v2\/types\/product"}],"replies":[{"embeddable":true,"href":"https:\/\/www.lraloeverashop.eu\/es\/wp-json\/wp\/v2\/comments?post=9532"}],"wp:featuredmedia":[{"embeddable":true,"href":"https:\/\/www.lraloeverashop.eu\/es\/wp-json\/wp\/v2\/media\/5765"}],"wp:attachment":[{"href":"https:\/\/www.lraloeverashop.eu\/es\/wp-json\/wp\/v2\/media?parent=9532"}],"wp:term":[{"taxonomy":"product_brand","embeddable":true,"href":"https:\/\/www.lraloeverashop.eu\/es\/wp-json\/wp\/v2\/product_brand?post=9532"},{"taxonomy":"product_cat","embeddable":true,"href":"https:\/\/www.lraloeverashop.eu\/es\/wp-json\/wp\/v2\/product_cat?post=9532"},{"taxonomy":"product_tag","embeddable":true,"href":"https:\/\/www.lraloeverashop.eu\/es\/wp-json\/wp\/v2\/product_tag?post=9532"}],"curies":[{"name":"wp","href":"https:\/\/api.w.org\/{rel}","templated":true}]}}