{"id":9508,"date":"2022-10-14T07:51:55","date_gmt":"2022-10-14T05:51:55","guid":{"rendered":"https:\/\/www.lraloeverashop.eu\/product\/mejorador-del-sueno-night-master\/"},"modified":"2026-04-10T16:50:43","modified_gmt":"2026-04-10T14:50:43","slug":"mejorador-del-sueno-night-master","status":"publish","type":"product","link":"https:\/\/www.lraloeverashop.eu\/es\/producto\/mejorador-del-sueno-night-master\/","title":{"rendered":"Mejorador del Sue\u00f1o Night Master"},"content":{"rendered":"<h2><span style=\"font-size: 16pt;\"><strong>Mejorador del Sue\u00f1o Night Master<\/strong><\/span><\/h2>\n<p><span style=\"font-size: 14pt;\"><strong>Mejorador del Sue\u00f1o Night Master mejora su sue\u00f1o a largo plazo.<\/strong><\/span><\/p>\n<p>Mejorador del Sue\u00f1o Night Master proporciona un sue\u00f1o regenerativo a largo plazo y, por lo tanto, contribuye a la mejora de la calidad de vida.<\/p>\n<p>Mejorador del Sue\u00f1o Night Master relaja el cuerpo y el alma a largo plazo si se toma regularmente y te permite conciliar el sue\u00f1o m\u00e1s r\u00e1pido. La relajaci\u00f3n y la paz para el cuerpo y el alma son claves para conciliar el sue\u00f1o r\u00e1pidamente. Sin ellos, los pensamientos no descansan y los m\u00fasculos no pueden relajarse.<\/p>\n<p>Mejora la calidad del sue\u00f1o y apoya la producci\u00f3n natural de la hormona del sue\u00f1o melatonina en el cuerpo. Muchos factores contribuyen a un buen sue\u00f1o. El nivel de melatonina es crucial. La melatonina regula las fases de sue\u00f1o y vigilia. En una concentraci\u00f3n adecuada te cansa y te permite conciliar el sue\u00f1o r\u00e1pidamente y <a href=\"https:\/\/www.lraloeverashop.eu\/es\/producto\/night-master-set-para-dormir\/\">dormir toda la noche<\/a>.<\/p>\n<p>Mejorador del Sue\u00f1o Night Master mejora la recuperaci\u00f3n natural del cuerpo y el alma durante el sue\u00f1o para que te despiertes en forma y bien descansado y recargues las pilas para el d\u00eda. La regeneraci\u00f3n durante el sue\u00f1o es fundamental: Procesamos informaci\u00f3n, impresiones y est\u00edmulos mientras dormimos. Se liberan hormonas de crecimiento que <a href=\"https:\/\/www.lraloeverashop.eu\/es\/producto\/protein-power-bebida-de-vainilla-en-polvo\/\">estimulan el crecimiento muscular<\/a> y los mecanismos de reparaci\u00f3n. El sistema inmunol\u00f3gico tambi\u00e9n puede recuperarse.<\/p>\n<h3><\/h3>\n<h3><span style=\"font-size: 16pt;\"><strong>Mejorador del Sue\u00f1o Night Master &#8211; Recuperaci\u00f3n natural durante la noche<\/strong><\/span><\/h3>\n<p>Un sue\u00f1o reparador y regenerador es esencial para las personas, para el cuerpo y la mente. La combinaci\u00f3n correcta de nutrientes tambi\u00e9n puede apoyar el sue\u00f1o. Adem\u00e1s, incluso peque\u00f1os ajustes en la vida cotidiana pueden hacer muchas cosas buenas para un sue\u00f1o reparador.<\/p>\n<h4><span style=\"font-size: 16pt;\"><strong>Consejos de expertos:<\/strong><\/span><\/h4>\n<p><strong>Nutrici\u00f3n<\/strong><br \/>\nLos \u00f3rganos internos tambi\u00e9n tienen su ritmo. <a href=\"https:\/\/www.lraloeverashop.eu\/es\/producto\/pro-12-probioticos-capsulas\/\">P\u00e1ncreas e intestinos<\/a>, p. B. cambie a llama baja por la noche. Por lo tanto, el momento y la cantidad de comida tienen un impacto en la calidad del sue\u00f1o y el valor de recuperaci\u00f3n. Recuerda que despu\u00e9s de la \u00faltima comida, el cuerpo tiene muchas horas para digerir. Al menos durante la semana, planifique su cena para que est\u00e9 bien saturado pero no se vaya a la cama completamente. Tambi\u00e9n hay alimentos que nos pueden ayudar a dormir.<\/p>\n<p><strong>Estilo de vida<\/strong><br \/>\nCuanto m\u00e1s activo pase el d\u00eda, mejor podr\u00e1 dormir por la noche. No se siente por m\u00e1s de 20 minutos a la vez. Lev\u00e1ntate m\u00e1s a menudo. El viaje a la m\u00e1quina de caf\u00e9 o al ba\u00f1o tambi\u00e9n cuenta. Si no sale con regularidad o no puede hacer deporte, debe planificar peque\u00f1as unidades de movimiento de 1-2 minutos durante el d\u00eda. Entonces el estr\u00e9s no puede instalarse tan f\u00e1cilmente en el cuerpo.<\/p>\n<p><strong>Movimiento<\/strong><br \/>\nMuchas influencias internas y externas afectan nuestro sue\u00f1o. Vale la pena optimizarlos. Porque nuestra calidad de sue\u00f1o depende de nuestro bienestar inmediato y, a largo plazo, de nuestra salud. Las peque\u00f1as cosas pueden tener un gran impacto aqu\u00ed.<\/p>\n<h2><\/h2>\n<h2><span style=\"font-size: 16pt;\"><strong>Ingredientes y efectos de Night Master<\/strong><\/span><\/h2>\n<p>Mejorador del Sue\u00f1o Night Master contiene importantes ingredientes naturales como el aloe vera, el azafr\u00e1n y el extracto de l\u00fapulo. Adem\u00e1s, contiene L-tript\u00f3fano, magnesio, zinc y cuatro vitaminas del grupo B.<\/p>\n<p><strong>Aloe Vera<\/strong> apoya los procesos de acumulaci\u00f3n y regeneraci\u00f3n durante la noche y te ayuda a despertarte renovado. Tambi\u00e9n mejora la utilizaci\u00f3n de otros ingredientes activos en el cuerpo y, por lo tanto, aumenta la biodisponibilidad.<\/p>\n<p><strong>El azafr\u00e1n<\/strong> en Mejorador del Sue\u00f1o Night Master ayuda a conciliar el sue\u00f1o m\u00e1s r\u00e1pido, mejora la calidad del sue\u00f1o y la recuperaci\u00f3n durante la noche. Adem\u00e1s, reduce la ansiedad. El azafr\u00e1n contiene antioxidantes, entre otros ingredientes. Los responsables de esto son las sustancias vegetales secundarias del azafr\u00e1n, como los carotenoides. Se llaman crocina y crocetina y son las responsables del color amarillo del azafr\u00e1n.<\/p>\n<p><strong>El L-tript\u00f3fano<\/strong> pertenece a los <a href=\"https:\/\/www.lraloeverashop.eu\/es\/producto\/bebida-aloe-vera-con-miel-oferta-limitada\/\">amino\u00e1cidos esenciales<\/a> y no puede ser producido por el cuerpo humano, sino que debe ser absorbido a trav\u00e9s de los alimentos. El L-tript\u00f3fano es el precursor de la serotonina (tambi\u00e9n conocida como hormona de la felicidad), que a su vez se convierte en la hormona del sue\u00f1o melatonina.<\/p>\n<p><strong>El Magnesio<\/strong> est\u00e1 implicado en pr\u00e1cticamente todas las funciones corporales y, por lo tanto, influye, p. m\u00fasculos y c\u00e9lulas nerviosas. Adem\u00e1s, tambi\u00e9n es responsable de la conversi\u00f3n del amino\u00e1cido esencial L-tript\u00f3fano en serotonina, as\u00ed como de la producci\u00f3n de melatonina. La melatonina es la hormona del sue\u00f1o que controla el ritmo de sue\u00f1o y vigilia del cuerpo.<\/p>\n<p><strong>El zinc<\/strong> en Mejorador del Sue\u00f1o Night Master es un oligoelemento vital y el segundo m\u00e1s com\u00fan en el cuerpo humano. Es responsable de varios procesos metab\u00f3licos: el zinc, por ejemplo, juega un papel importante durante la regeneraci\u00f3n, como los procesos de crecimiento del cuerpo y el fortalecimiento del sistema inmunol\u00f3gico. El zinc tambi\u00e9n participa en la formaci\u00f3n de serotonina y su conversi\u00f3n en melatonina.<\/p>\n<p><strong>La vitamina B<\/strong> tambi\u00e9n se denominan vitaminas nerviosas o energ\u00e9ticas. Desempe\u00f1an un papel importante en la formaci\u00f3n de serotonina y melatonina y, por lo tanto, contribuyen al ritmo natural de sue\u00f1o y vigilia del cuerpo.<br \/>\nLa niacina (vitamina B3) regula el metabolismo energ\u00e9tico en las c\u00e9lulas (mitocondrias) y contribuye a la regeneraci\u00f3n.<br \/>\nLa vitamina B6 es importante para el metabolismo de los amino\u00e1cidos y participa en la producci\u00f3n de neurotransmisores como la serotonina y el sistema inmunitario.<\/p>\n<p><strong>La tiamina<\/strong> (vitamina B1) en Mejorador del Sue\u00f1o Night Master apoya la regeneraci\u00f3n del cuerpo y el alma.<br \/>\nLa vitamina B12 apoya la divisi\u00f3n celular y, por lo tanto, promueve la regeneraci\u00f3n natural. Reduce el cansancio y la fatiga a largo plazo.<\/p>\n<p>&nbsp;<\/p>\n<h3><span style=\"font-size: 16pt;\"><strong>\u00bfLo Sab\u00edas?<\/strong><\/span><\/h3>\n<p>Mejorador del Sue\u00f1o Night Master de <a href=\"https:\/\/www.lraloeverashop.eu\/es\/lr-productos-de-alta-calidad-que-puede-vender\/\">Lr<\/a> es 100% vegano, libre de gluten, lactosa y az\u00facar. Contiene importantes ingredientes naturales como Aloe vera, azafr\u00e1n y extracto de l\u00fapulo. Adem\u00e1s, contiene L-tript\u00f3fano, magnesio, zinc y cuatro vitaminas del grupo B. Night Master se puede tomar diariamente durante un per\u00edodo m\u00e1s largo sin ning\u00fan riesgo de adicci\u00f3n.<\/p>\n<p>&nbsp;<\/p>\n<h3><span style=\"font-size: 16pt;\"><strong>C\u00f3mo utilizar Mejorador del Sue\u00f1o Night Master<\/strong><\/span><\/h3>\n<p>Revuelva el contenido de una barra en 100 ml de agua y b\u00e9balo 30 minutos antes de acostarse. Night Master para dormir tambi\u00e9n se puede tomar despu\u00e9s de cepillarse los dientes ya que no contiene az\u00facar.<\/p>\n","protected":false},"excerpt":{"rendered":"<ul>\n<li>Conciliar el sue\u00f1o m\u00e1s f\u00e1cilmente gracias a su efecto relajante<\/li>\n<li>Con Aloe vera, azafr\u00e1n y extracto de l\u00fapulo.<\/li>\n<li>Contiene L-tript\u00f3fano, magnesio, zinc y vitaminas B.<\/li>\n<li>Libre de gluten, lactosa y az\u00facar.<\/li>\n<li>100% vegano<\/li>\n<li>Cantidad: 111g \u2013 30 Sticks de 3,7 g cada uno<\/li>\n<\/ul>\n<p><span style=\"color: #ff0000;\"><a style=\"color: #ff0000;\" href=\"https:\/\/shop.lrworld.com\/openpao?PHP=0vFlt7jT938BEnBI3a6e9w%3D%3D\"><span style=\"font-size: 14pt;\"><strong>Reg\u00edstrate aqu\u00ed y ahorra 35% en cada compra<\/strong><\/span><\/a><\/span><\/p>\n","protected":false},"featured_media":5195,"comment_status":"open","ping_status":"closed","template":"","meta":{"_kad_blocks_custom_css":"","_kad_blocks_head_custom_js":"","_kad_blocks_body_custom_js":"","_kad_blocks_footer_custom_js":"","_kadence_starter_templates_imported_post":false,"_kad_post_transparent":"default","_kad_post_title":"","_kad_post_layout":"default","_kad_post_sidebar_id":"","_kad_post_content_style":"default","_kad_post_vertical_padding":"default","_kad_post_feature":"","_kad_post_feature_position":"","_kad_post_header":false,"_kad_post_footer":false,"_kad_post_classname":""},"product_brand":[],"product_cat":[469,451],"product_tag":[],"class_list":{"0":"post-9508","1":"product","2":"type-product","3":"status-publish","4":"has-post-thumbnail","6":"product_cat-especialistas","7":"product_cat-relajacion","9":"first","10":"instock","11":"taxable","12":"shipping-taxable","13":"purchasable","14":"product-type-simple","15":"entry","16":"content-bg","17":"loop-entry"},"yoast_head":"<!-- This site is optimized with the Yoast SEO Premium plugin v27.5 (Yoast SEO v27.5) - https:\/\/yoast.com\/product\/yoast-seo-premium-wordpress\/ -->\n<title>Mejorador del Sue\u00f1o Night Master mejora su sue\u00f1o a largo plazo<\/title>\n<meta name=\"description\" content=\"El azafr\u00e1n en Mejorador del Sue\u00f1o Night Master ayuda a conciliar el sue\u00f1o m\u00e1s r\u00e1pido, mejora la calidad del sue\u00f1o y la recuperaci\u00f3n durante la noche.\" \/>\n<meta name=\"robots\" content=\"index, follow, max-snippet:-1, max-image-preview:large, max-video-preview:-1\" \/>\n<link rel=\"canonical\" href=\"https:\/\/www.lraloeverashop.eu\/es\/producto\/mejorador-del-sueno-night-master\/\" \/>\n<meta property=\"og:locale\" content=\"es_ES\" \/>\n<meta property=\"og:type\" content=\"article\" \/>\n<meta property=\"og:title\" content=\"Mejorador del Sue\u00f1o Night Master\" \/>\n<meta property=\"og:description\" content=\"El azafr\u00e1n en Mejorador del Sue\u00f1o Night Master ayuda a conciliar el sue\u00f1o m\u00e1s r\u00e1pido, mejora la calidad del sue\u00f1o y la recuperaci\u00f3n durante la noche.\" \/>\n<meta property=\"og:url\" content=\"https:\/\/www.lraloeverashop.eu\/es\/producto\/mejorador-del-sueno-night-master\/\" \/>\n<meta property=\"og:site_name\" content=\"Lr Tienda Aloe Vera\" \/>\n<meta property=\"article:publisher\" content=\"https:\/\/www.facebook.com\/lraloeverashop.eu\" \/>\n<meta property=\"article:modified_time\" content=\"2026-04-10T14:50:43+00:00\" \/>\n<meta property=\"og:image\" content=\"https:\/\/www.lraloeverashop.eu\/wp-content\/uploads\/2022\/10\/Night-master-powder-drink.jpg\" \/>\n\t<meta property=\"og:image:width\" content=\"1200\" \/>\n\t<meta property=\"og:image:height\" content=\"1200\" \/>\n\t<meta property=\"og:image:type\" content=\"image\/jpeg\" \/>\n<meta name=\"twitter:card\" content=\"summary_large_image\" \/>\n<meta name=\"twitter:site\" content=\"@natur__kosmetik\" \/>\n<script type=\"application\/ld+json\" class=\"yoast-schema-graph\">{\"@context\":\"https:\\\/\\\/schema.org\",\"@graph\":[{\"@type\":[\"WebPage\",\"ItemPage\"],\"@id\":\"https:\\\/\\\/www.lraloeverashop.eu\\\/es\\\/producto\\\/mejorador-del-sueno-night-master\\\/\",\"url\":\"https:\\\/\\\/www.lraloeverashop.eu\\\/es\\\/producto\\\/mejorador-del-sueno-night-master\\\/\",\"name\":\"Mejorador del Sue\u00f1o Night Master mejora su sue\u00f1o a largo plazo\",\"isPartOf\":{\"@id\":\"https:\\\/\\\/www.lraloeverashop.eu\\\/es\\\/#website\"},\"primaryImageOfPage\":{\"@id\":\"https:\\\/\\\/www.lraloeverashop.eu\\\/es\\\/producto\\\/mejorador-del-sueno-night-master\\\/#primaryimage\"},\"image\":{\"@id\":\"https:\\\/\\\/www.lraloeverashop.eu\\\/es\\\/producto\\\/mejorador-del-sueno-night-master\\\/#primaryimage\"},\"thumbnailUrl\":\"https:\\\/\\\/www.lraloeverashop.eu\\\/wp-content\\\/uploads\\\/2022\\\/10\\\/Night-master-powder-drink.jpg\",\"datePublished\":\"2022-10-14T05:51:55+00:00\",\"dateModified\":\"2026-04-10T14:50:43+00:00\",\"description\":\"El azafr\u00e1n en Mejorador del Sue\u00f1o Night Master ayuda a conciliar el sue\u00f1o m\u00e1s r\u00e1pido, mejora la calidad del sue\u00f1o y la recuperaci\u00f3n durante la noche.\",\"breadcrumb\":{\"@id\":\"https:\\\/\\\/www.lraloeverashop.eu\\\/es\\\/producto\\\/mejorador-del-sueno-night-master\\\/#breadcrumb\"},\"inLanguage\":\"es\",\"potentialAction\":[{\"@type\":\"ReadAction\",\"target\":[\"https:\\\/\\\/www.lraloeverashop.eu\\\/es\\\/producto\\\/mejorador-del-sueno-night-master\\\/\"]}]},{\"@type\":\"ImageObject\",\"inLanguage\":\"es\",\"@id\":\"https:\\\/\\\/www.lraloeverashop.eu\\\/es\\\/producto\\\/mejorador-del-sueno-night-master\\\/#primaryimage\",\"url\":\"https:\\\/\\\/www.lraloeverashop.eu\\\/wp-content\\\/uploads\\\/2022\\\/10\\\/Night-master-powder-drink.jpg\",\"contentUrl\":\"https:\\\/\\\/www.lraloeverashop.eu\\\/wp-content\\\/uploads\\\/2022\\\/10\\\/Night-master-powder-drink.jpg\",\"width\":1200,\"height\":1200,\"caption\":\"Bebida en polvo Night Master para mejorar la calidad del sue\u00f1o\"},{\"@type\":\"BreadcrumbList\",\"@id\":\"https:\\\/\\\/www.lraloeverashop.eu\\\/es\\\/producto\\\/mejorador-del-sueno-night-master\\\/#breadcrumb\",\"itemListElement\":[{\"@type\":\"ListItem\",\"position\":1,\"name\":\"Home\",\"item\":\"https:\\\/\\\/www.lraloeverashop.eu\\\/es\\\/tienda-aloe-vera-todo-para-tu-belleza-y-bienestar\\\/\"},{\"@type\":\"ListItem\",\"position\":2,\"name\":\"Tienda\",\"item\":\"https:\\\/\\\/www.lraloeverashop.eu\\\/es\\\/tienda\\\/\"},{\"@type\":\"ListItem\",\"position\":3,\"name\":\"Mejorador del Sue\u00f1o Night Master\"}]},{\"@type\":\"WebSite\",\"@id\":\"https:\\\/\\\/www.lraloeverashop.eu\\\/es\\\/#website\",\"url\":\"https:\\\/\\\/www.lraloeverashop.eu\\\/es\\\/\",\"name\":\"Lr Tienda Aloe Vera\",\"description\":\"High Quality Lr Aloe Vera Gel, Aloe Vera Cream and Shampoo\",\"publisher\":{\"@id\":\"https:\\\/\\\/www.lraloeverashop.eu\\\/es\\\/#organization\"},\"alternateName\":\"LR\",\"potentialAction\":[{\"@type\":\"SearchAction\",\"target\":{\"@type\":\"EntryPoint\",\"urlTemplate\":\"https:\\\/\\\/www.lraloeverashop.eu\\\/es\\\/?s={search_term_string}\"},\"query-input\":{\"@type\":\"PropertyValueSpecification\",\"valueRequired\":true,\"valueName\":\"search_term_string\"}}],\"inLanguage\":\"es\"},{\"@type\":\"Organization\",\"@id\":\"https:\\\/\\\/www.lraloeverashop.eu\\\/es\\\/#organization\",\"name\":\"Lr Tienda Aloe Vera\",\"alternateName\":\"LR\",\"url\":\"https:\\\/\\\/www.lraloeverashop.eu\\\/es\\\/\",\"logo\":{\"@type\":\"ImageObject\",\"inLanguage\":\"es\",\"@id\":\"https:\\\/\\\/www.lraloeverashop.eu\\\/es\\\/#\\\/schema\\\/logo\\\/image\\\/\",\"url\":\"https:\\\/\\\/www.lraloeverashop.eu\\\/wp-content\\\/uploads\\\/2022\\\/09\\\/cropped-Lr-Aloe-Vera-Shop.jpg\",\"contentUrl\":\"https:\\\/\\\/www.lraloeverashop.eu\\\/wp-content\\\/uploads\\\/2022\\\/09\\\/cropped-Lr-Aloe-Vera-Shop.jpg\",\"width\":228,\"height\":76,\"caption\":\"Lr Tienda Aloe Vera\"},\"image\":{\"@id\":\"https:\\\/\\\/www.lraloeverashop.eu\\\/es\\\/#\\\/schema\\\/logo\\\/image\\\/\"},\"sameAs\":[\"https:\\\/\\\/www.facebook.com\\\/lraloeverashop.eu\",\"https:\\\/\\\/x.com\\\/natur__kosmetik\",\"https:\\\/\\\/www.youtube.com\\\/channel\\\/UC5oN7BJ8nfYb8RpVtjwDEBA\",\"https:\\\/\\\/www.instagram.com\\\/lrbeautyeu\\\/\"],\"description\":\"La tienda Lr Aloe Vera es tu destino de confianza para productos premium de salud y belleza LR, fabricados en Alemania. Ofrecemos soluciones de alta calidad para el cuidado de la piel, nutrici\u00f3n y antienvejecimiento con Aloe Vera, elaboradas con ingredientes puros y respaldadas por investigaci\u00f3n cient\u00edfica. Descubre un cuidado natural que regenera, protege y revitaliza tu piel, y disfruta de ofertas mensuales exclusivas en nuestros productos LR Aloe Vera m\u00e1s vendidos.\\n\\nComienza hoy mismo tu camino hacia el cuidado natural de la piel y siente la diferencia.\",\"email\":\"info@lraloeverashop.eu\",\"telephone\":\"+49 17670609653\",\"legalName\":\"Lr Aloe Vera Shop\",\"foundingDate\":\"2018-04-21\",\"numberOfEmployees\":{\"@type\":\"QuantitativeValue\",\"minValue\":\"1\",\"maxValue\":\"10\"}}]}<\/script>\n<meta property=\"product:price:amount\" content=\"85.99\" \/>\n<meta property=\"product:price:currency\" content=\"EUR\" \/>\n<meta property=\"og:availability\" content=\"instock\" \/>\n<meta property=\"product:availability\" content=\"instock\" \/>\n<meta property=\"product:retailer_item_id\" content=\"81110-1ES\" \/>\n<meta property=\"product:condition\" content=\"new\" \/>\n<!-- \/ Yoast SEO Premium plugin. -->","yoast_head_json":{"title":"Mejorador del Sue\u00f1o Night Master mejora su sue\u00f1o a largo plazo","description":"El azafr\u00e1n en Mejorador del Sue\u00f1o Night Master ayuda a conciliar el sue\u00f1o m\u00e1s r\u00e1pido, mejora la calidad del sue\u00f1o y la recuperaci\u00f3n durante la noche.","robots":{"index":"index","follow":"follow","max-snippet":"max-snippet:-1","max-image-preview":"max-image-preview:large","max-video-preview":"max-video-preview:-1"},"canonical":"https:\/\/www.lraloeverashop.eu\/es\/producto\/mejorador-del-sueno-night-master\/","og_locale":"es_ES","og_type":"article","og_title":"Mejorador del Sue\u00f1o Night Master","og_description":"El azafr\u00e1n en Mejorador del Sue\u00f1o Night Master ayuda a conciliar el sue\u00f1o m\u00e1s r\u00e1pido, mejora la calidad del sue\u00f1o y la recuperaci\u00f3n durante la noche.","og_url":"https:\/\/www.lraloeverashop.eu\/es\/producto\/mejorador-del-sueno-night-master\/","og_site_name":"Lr Tienda Aloe Vera","article_publisher":"https:\/\/www.facebook.com\/lraloeverashop.eu","article_modified_time":"2026-04-10T14:50:43+00:00","og_image":[{"width":1200,"height":1200,"url":"https:\/\/www.lraloeverashop.eu\/wp-content\/uploads\/2022\/10\/Night-master-powder-drink.jpg","type":"image\/jpeg"}],"twitter_card":"summary_large_image","twitter_site":"@natur__kosmetik","schema":{"@context":"https:\/\/schema.org","@graph":[{"@type":["WebPage","ItemPage"],"@id":"https:\/\/www.lraloeverashop.eu\/es\/producto\/mejorador-del-sueno-night-master\/","url":"https:\/\/www.lraloeverashop.eu\/es\/producto\/mejorador-del-sueno-night-master\/","name":"Mejorador del Sue\u00f1o Night Master mejora su sue\u00f1o a largo plazo","isPartOf":{"@id":"https:\/\/www.lraloeverashop.eu\/es\/#website"},"primaryImageOfPage":{"@id":"https:\/\/www.lraloeverashop.eu\/es\/producto\/mejorador-del-sueno-night-master\/#primaryimage"},"image":{"@id":"https:\/\/www.lraloeverashop.eu\/es\/producto\/mejorador-del-sueno-night-master\/#primaryimage"},"thumbnailUrl":"https:\/\/www.lraloeverashop.eu\/wp-content\/uploads\/2022\/10\/Night-master-powder-drink.jpg","datePublished":"2022-10-14T05:51:55+00:00","dateModified":"2026-04-10T14:50:43+00:00","description":"El azafr\u00e1n en Mejorador del Sue\u00f1o Night Master ayuda a conciliar el sue\u00f1o m\u00e1s r\u00e1pido, mejora la calidad del sue\u00f1o y la recuperaci\u00f3n durante la noche.","breadcrumb":{"@id":"https:\/\/www.lraloeverashop.eu\/es\/producto\/mejorador-del-sueno-night-master\/#breadcrumb"},"inLanguage":"es","potentialAction":[{"@type":"ReadAction","target":["https:\/\/www.lraloeverashop.eu\/es\/producto\/mejorador-del-sueno-night-master\/"]}]},{"@type":"ImageObject","inLanguage":"es","@id":"https:\/\/www.lraloeverashop.eu\/es\/producto\/mejorador-del-sueno-night-master\/#primaryimage","url":"https:\/\/www.lraloeverashop.eu\/wp-content\/uploads\/2022\/10\/Night-master-powder-drink.jpg","contentUrl":"https:\/\/www.lraloeverashop.eu\/wp-content\/uploads\/2022\/10\/Night-master-powder-drink.jpg","width":1200,"height":1200,"caption":"Bebida en polvo Night Master para mejorar la calidad del sue\u00f1o"},{"@type":"BreadcrumbList","@id":"https:\/\/www.lraloeverashop.eu\/es\/producto\/mejorador-del-sueno-night-master\/#breadcrumb","itemListElement":[{"@type":"ListItem","position":1,"name":"Home","item":"https:\/\/www.lraloeverashop.eu\/es\/tienda-aloe-vera-todo-para-tu-belleza-y-bienestar\/"},{"@type":"ListItem","position":2,"name":"Tienda","item":"https:\/\/www.lraloeverashop.eu\/es\/tienda\/"},{"@type":"ListItem","position":3,"name":"Mejorador del Sue\u00f1o Night Master"}]},{"@type":"WebSite","@id":"https:\/\/www.lraloeverashop.eu\/es\/#website","url":"https:\/\/www.lraloeverashop.eu\/es\/","name":"Lr Tienda Aloe Vera","description":"High Quality Lr Aloe Vera Gel, Aloe Vera Cream and Shampoo","publisher":{"@id":"https:\/\/www.lraloeverashop.eu\/es\/#organization"},"alternateName":"LR","potentialAction":[{"@type":"SearchAction","target":{"@type":"EntryPoint","urlTemplate":"https:\/\/www.lraloeverashop.eu\/es\/?s={search_term_string}"},"query-input":{"@type":"PropertyValueSpecification","valueRequired":true,"valueName":"search_term_string"}}],"inLanguage":"es"},{"@type":"Organization","@id":"https:\/\/www.lraloeverashop.eu\/es\/#organization","name":"Lr Tienda Aloe Vera","alternateName":"LR","url":"https:\/\/www.lraloeverashop.eu\/es\/","logo":{"@type":"ImageObject","inLanguage":"es","@id":"https:\/\/www.lraloeverashop.eu\/es\/#\/schema\/logo\/image\/","url":"https:\/\/www.lraloeverashop.eu\/wp-content\/uploads\/2022\/09\/cropped-Lr-Aloe-Vera-Shop.jpg","contentUrl":"https:\/\/www.lraloeverashop.eu\/wp-content\/uploads\/2022\/09\/cropped-Lr-Aloe-Vera-Shop.jpg","width":228,"height":76,"caption":"Lr Tienda Aloe Vera"},"image":{"@id":"https:\/\/www.lraloeverashop.eu\/es\/#\/schema\/logo\/image\/"},"sameAs":["https:\/\/www.facebook.com\/lraloeverashop.eu","https:\/\/x.com\/natur__kosmetik","https:\/\/www.youtube.com\/channel\/UC5oN7BJ8nfYb8RpVtjwDEBA","https:\/\/www.instagram.com\/lrbeautyeu\/"],"description":"La tienda Lr Aloe Vera es tu destino de confianza para productos premium de salud y belleza LR, fabricados en Alemania. Ofrecemos soluciones de alta calidad para el cuidado de la piel, nutrici\u00f3n y antienvejecimiento con Aloe Vera, elaboradas con ingredientes puros y respaldadas por investigaci\u00f3n cient\u00edfica. Descubre un cuidado natural que regenera, protege y revitaliza tu piel, y disfruta de ofertas mensuales exclusivas en nuestros productos LR Aloe Vera m\u00e1s vendidos.\n\nComienza hoy mismo tu camino hacia el cuidado natural de la piel y siente la diferencia.","email":"info@lraloeverashop.eu","telephone":"+49 17670609653","legalName":"Lr Aloe Vera Shop","foundingDate":"2018-04-21","numberOfEmployees":{"@type":"QuantitativeValue","minValue":"1","maxValue":"10"}}]},"product_price_amount":"85.99","product_price_currency":"EUR","og_availability":"instock","product_availability":"instock","product_retailer_item_id":"81110-1ES","product_condition":"new"},"taxonomy_info":{"product_cat":[{"value":469,"label":"Especialistas"},{"value":451,"label":"Relajaci\u00f3n"}]},"featured_image_src_large":["https:\/\/www.lraloeverashop.eu\/wp-content\/uploads\/2022\/10\/Night-master-powder-drink-1024x1024.jpg",1024,1024,true],"author_info":[],"comment_info":0,"_links":{"self":[{"href":"https:\/\/www.lraloeverashop.eu\/es\/wp-json\/wp\/v2\/product\/9508","targetHints":{"allow":["GET"]}}],"collection":[{"href":"https:\/\/www.lraloeverashop.eu\/es\/wp-json\/wp\/v2\/product"}],"about":[{"href":"https:\/\/www.lraloeverashop.eu\/es\/wp-json\/wp\/v2\/types\/product"}],"replies":[{"embeddable":true,"href":"https:\/\/www.lraloeverashop.eu\/es\/wp-json\/wp\/v2\/comments?post=9508"}],"wp:featuredmedia":[{"embeddable":true,"href":"https:\/\/www.lraloeverashop.eu\/es\/wp-json\/wp\/v2\/media\/5195"}],"wp:attachment":[{"href":"https:\/\/www.lraloeverashop.eu\/es\/wp-json\/wp\/v2\/media?parent=9508"}],"wp:term":[{"taxonomy":"product_brand","embeddable":true,"href":"https:\/\/www.lraloeverashop.eu\/es\/wp-json\/wp\/v2\/product_brand?post=9508"},{"taxonomy":"product_cat","embeddable":true,"href":"https:\/\/www.lraloeverashop.eu\/es\/wp-json\/wp\/v2\/product_cat?post=9508"},{"taxonomy":"product_tag","embeddable":true,"href":"https:\/\/www.lraloeverashop.eu\/es\/wp-json\/wp\/v2\/product_tag?post=9508"}],"curies":[{"name":"wp","href":"https:\/\/api.w.org\/{rel}","templated":true}]}}