{"id":9483,"date":"2022-10-14T09:35:26","date_gmt":"2022-10-14T07:35:26","guid":{"rendered":"https:\/\/www.lraloeverashop.eu\/product\/lr-cannaloe-capsulas\/"},"modified":"2026-02-09T05:05:49","modified_gmt":"2026-02-09T04:05:49","slug":"lr-cannaloe-capsulas","status":"publish","type":"product","link":"https:\/\/www.lraloeverashop.eu\/es\/producto\/lr-cannaloe-capsulas\/","title":{"rendered":"Lr CannAloe C\u00e1psulas"},"content":{"rendered":"<h2><strong><span style=\"font-size: 16pt; color: #000000;\">Lr CannAloe C\u00e1psulas<\/span><\/strong><\/h2>\n<p><span style=\"font-size: 14pt;\"><strong>Lr CannAloe C\u00e1psulas &#8211; La Innovadora Simbiosis del Cannabis y el Aloe Vera<\/strong><\/span><\/p>\n<p>Lr CannAloe C\u00e1psulas combina el espectro completo de los cannabinoides, como CBD o CBD-A, de la planta de cannabis con aloe vera de alta calidad. Lr CannAloe CBD es una innovadora simbiosis de ingredientes activos naturales con una tradici\u00f3n centenaria: cannabinoides de la planta de cannabis, aloe vera, c\u00farcuma y ol\u00edbano.<\/p>\n<p>Adem\u00e1s de eso, est\u00e1 enriquecido con <a href=\"https:\/\/www.lraloeverashop.eu\/es\/producto\/vita-active-frutos-rojos\/\">vitaminas C<\/a>, D3 y K2, as\u00ed como minerales en forma de calcio, zinc y manganeso. El pr\u00e1ctico formato de c\u00e1psula garantiza un metabolismo eficaz. Como no existe efecto de habituaci\u00f3n, Lr CannAloe CBD es recomendado para su uso a largo plazo.<\/p>\n<p>&nbsp;<\/p>\n<h3><span style=\"font-size: 16pt; color: #000000;\"><strong>\u00bfQu\u00e9 son Lr Lifetakt CannAloe C\u00e1psulas?<\/strong><\/span><\/h3>\n<p>LR CannAloe C\u00e1psulas son un suplemento diet\u00e9tico. Combina todo el espectro de cannabinoides, como CBD y CBD-A, de la planta de cannabis con aloe vera y otros ingredientes tradicionales y cient\u00edficamente probados como la c\u00farcuma, el ol\u00edbano, vitaminas y minerales.<\/p>\n<p><img loading=\"lazy\" decoding=\"async\" class=\"alignright wp-image-2910\" src=\"https:\/\/www.lraloeverashop.eu\/wp-content\/uploads\/2022\/10\/Cannabis-Plant.jpg\" alt=\"Cannabis plant\" width=\"449\" height=\"329\" srcset=\"https:\/\/www.lraloeverashop.eu\/wp-content\/uploads\/2022\/10\/Cannabis-Plant.jpg 1024w, https:\/\/www.lraloeverashop.eu\/wp-content\/uploads\/2022\/10\/Cannabis-Plant-600x439.jpg 600w, https:\/\/www.lraloeverashop.eu\/wp-content\/uploads\/2022\/10\/Cannabis-Plant-300x219.jpg 300w, https:\/\/www.lraloeverashop.eu\/wp-content\/uploads\/2022\/10\/Cannabis-Plant-768x562.jpg 768w\" sizes=\"auto, (max-width: 449px) 100vw, 449px\" \/><\/p>\n<p>&nbsp;<\/p>\n<h4><span style=\"font-size: 16pt; color: #000000;\"><strong>\u00bfCu\u00e1l es el significado de los cannabinoides, CBD y CBD-A?<\/strong><\/span><\/h4>\n<p>Los cannabinoides CBD y CBD-A pertenecen al grupo de cannabinoides, que tienen una variedad de efectos en el cuerpo humano. El hemp utilizado en LR LIFETAKT CANNALOE no es embriagante, no lo hace dependiente y no est\u00e1 sujeto a la Ley de Estupefacientes (BTMG).<\/p>\n<p>&nbsp;<\/p>\n<h4><span style=\"font-size: 16pt; color: #000000;\"><strong>The term THC often appears in connection with cannabinoids on. What does that mean?<\/strong><\/span><\/h4>\n<p>El THC (tetrahidrocannabinol) es una sustancia psicoactiva que se encuentra en cantidades m\u00e1s altas en plantas de cannabis femeninas y tambi\u00e9n es uno de los cannabinoides. Se le atribuye la mayor parte del efecto embriagante.<\/p>\n<p>&nbsp;<\/p>\n<h3><span style=\"font-size: 16pt; color: #000000;\"><strong>\u00bfEs un producto legal?<\/strong><\/span><\/h3>\n<p>Fundamental para un producto legal es que el contenido de THC est\u00e9 por debajo del l\u00edmite legal de 0,2%. No confiar\u00eda en la informaci\u00f3n del fabricante aqu\u00ed, sino que solo usar\u00eda productos fabricados en Alemania. Estos est\u00e1n sujetos a las m\u00e1s estrictas normas y controles legales. Eso significa seguridad. Y por cierto, el carnet de conducir no corre peligro.<\/p>\n<p>El hemp empleado en las Lr CannAloe C\u00e1psulas se obtiene del hemp industrial certificado por la Uni\u00f3n Europea, Cannabis Sativa, y el ingrediente embriagante THC fue eliminado en gran parte.<\/p>\n<p>&nbsp;<\/p>\n<h3><span style=\"font-size: 16pt; color: #000000;\"><strong>Why is it not possible to declare \u201cTHC-free\u201d or \u201cfree of hallucinogens\u201d on the packaging?<\/strong><\/span><\/h3>\n<p>Este producto es un producto natural que est\u00e1 sujeto a requisitos reglamentarios. Por esa raz\u00f3n, no est\u00e1 permitida la afirmaci\u00f3n correspondiente. Dado que es un producto de espectro completo, todos los cannabinoides naturales provienen de la planta de cannabis.<\/p>\n<p>&nbsp;<\/p>\n<h4><span style=\"font-size: 16pt; color: #000000;\"><strong>\u00bfCu\u00e1l es el proceso de fabricaci\u00f3n de Lr CannAloe C\u00e1psulas?<\/strong><\/span><\/h4>\n<p>La planta de cannabis es cultivada al aire libre y se tritura primero despu\u00e9s de la cosecha. Para poder moler finamente las flores y hojas de la planta de cannabis y obtener un producto de cannabis homog\u00e9neo, el producto se seca.<\/p>\n<p>Este proceso de secado se realiza delicadamente bajo estrictos lineamientos para que se impida que los cannabinoides se conviertan en subproductos no deseados (Ejemplo: THC).<\/p>\n<p>La molienda extremadamente fina tambi\u00e9n es muy importante, ya que cada planta es diferente y tambi\u00e9n contienen diferentes cantidades de ingredientes activos. Esto logra un perfil equilibrado de ingrediente \/ ingrediente activo.<\/p>\n<p>&nbsp;<\/p>\n<h2><span style=\"font-size: 16pt; color: #000000;\"><strong>\u00bfPor qu\u00e9 Lr CannAloe C\u00e1psulas son tan especial?<\/strong><\/span><\/h2>\n<p>LR CannAloe C\u00e1psulas consisten en la combinaci\u00f3n de un ingrediente activo con polvo de hemp, c\u00farcuma, ol\u00edbano, aloe vera, y tambi\u00e9n minerales y vitaminas.<\/p>\n<p>Debido a que la dosis es en forma de c\u00e1psula, los ingredientes pueden ser procesados con mayor eficacia y de una manera dirigida por el organismo, es por esta raz\u00f3n que las bajas concentraciones de los ingredientes son suficientes. La alta proporci\u00f3n del portador, que consiste en aceite de soya, es usado para mantener la homogeneidad en la c\u00e1psula.<\/p>\n<p>&nbsp;<\/p>\n<ul>\n<li>La vitamina C contenida en Lr Lifetakt CannAloe CBD medical cbd favorece al metabolismo energ\u00e9tico normal, la funci\u00f3n psicol\u00f3gica normal, el funcionamiento normal del sistema inmunol\u00f3gico y la protecci\u00f3n de las c\u00e9lulas contra el <a href=\"https:\/\/www.lraloeverashop.eu\/es\/producto\/mind-master-verde\/\">estr\u00e9s oxidativo<\/a>.<\/li>\n<li>La vitamina D contenida en CannAloe favorece el funcionamiento normal del sistema inmunol\u00f3gico, al mantenimiento de huesos sanos y la funci\u00f3n muscular normal.<\/li>\n<li>La vitamina K contenida en Lr CannAloe C\u00e1psulas favorece el mantenimiento de <a href=\"https:\/\/www.lraloeverashop.eu\/es\/producto\/aloe-vera-gel-bebible-freedom\/\">huesos sanos<\/a>.<\/li>\n<li>El manganeso contenido en las p\u00edldoras CBD contribuye a un metabolismo energ\u00e9tico normal, a la protecci\u00f3n de las c\u00e9lulas contra el estr\u00e9s oxidativo y al mantenimiento de huesos sanos.<\/li>\n<li>El zinc contenido en las <a href=\"https:\/\/www.lraloeverashop.eu\/es\/producto\/cbd-pastillas\/\">c\u00e1psulas de Lr CBD<\/a> favorece el funcionamiento normal del sistema inmunitario, la protecci\u00f3n de las c\u00e9lulas contra el estr\u00e9s oxidativo, la funci\u00f3n cognitiva normal y al mantenimiento de huesos sanos.<\/li>\n<\/ul>\n<p>&nbsp;<\/p>\n<h3><span style=\"font-size: 16pt; color: #000000;\"><strong>C\u00f3mo utilizar Lr CannAloe C\u00e1psulas<\/strong><\/span><\/h3>\n<p>Personas de hasta 45 kg de peso corporal: 1 c\u00e1psula diaria, a partir de 45 kg de peso corporal: 2 c\u00e1psulas diarias, tragar enteras con un poco de l\u00edquido. Pr\u00e1ctico envase mensual (60 c\u00e1psulas).<\/p>\n<p><strong>Nota:<\/strong>\u00a0No se debe superar la ingesta diaria recomendada especificada. Los suplementos diet\u00e9ticos no sustituyen una dieta variada y equilibrada, que es importante junto con un estilo de vida saludable. Mantenga el producto fuera del alcance de los ni\u00f1os peque\u00f1os. Almacenar seco y a temperatura ambiente.<\/p>\n<p><span style=\"color: #ff0000;\"><strong>No apto para mujeres embarazadas, mujeres en per\u00edodo de lactancia, ni\u00f1os y adolescentes.<\/strong><\/span><\/p>\n<p>&nbsp;<\/p>\n<h4><span style=\"color: #000000;\"><strong><span style=\"font-size: 16pt;\">Aceite de CBD o Lr CannAloe C\u00e1psulas<\/span><\/strong><\/span><\/h4>\n<p>Tomar la decisi\u00f3n correcta aqu\u00ed no siempre es f\u00e1cil para el consumidor. A primera vista, el aceite parece una buena opci\u00f3n. Sin embargo, tiene algunas desventajas cruciales. Los aceites se absorben mal a trav\u00e9s de la digesti\u00f3n, por lo que los fabricantes recomiendan dejar las gotas en la boca durante un tiempo para que el CBD se absorba a trav\u00e9s de las mucosas.<\/p>\n<p>El sabor, que la mayor\u00eda de la gente encuentra extremadamente desagradable, significa que el aceite de CBD a menudo no permanece en la boca\/debajo de la lengua el tiempo suficiente y, por lo tanto, se pierde parte de su potencial. Adem\u00e1s, dado que el contenido de CBD de los aceites de espectro completo puede fluctuar, la dosificaci\u00f3n es dif\u00edcil.<\/p>\n<p>Cient\u00edficos israel\u00edes han desarrollado un proceso para una preparaci\u00f3n de espectro completo soluble en agua.<\/p>\n<p><strong>El resultado:<\/strong> un polvo de CBD de espectro completo en forma de c\u00e1psula Las ventajas son enormes: biodisponibilidad y absorci\u00f3n \u00f3ptimas, dosificaci\u00f3n precisa y la c\u00e1psula es ins\u00edpida.<\/p>\n<p><strong>C\u00farcuma e incienso &#8211; la simbiosis perfecta<\/strong><br \/>\nLa experiencia ha demostrado que el CBD en combinaci\u00f3n con la c\u00farcuma y el incienso logra un efecto antiinflamatorio y analg\u00e9sico significativamente mayor.<\/p>\n<p>&nbsp;<\/p>\n","protected":false},"excerpt":{"rendered":"<ul>\n<li>Combinaci\u00f3n de ingredientes naturales con una tradici\u00f3n centenaria<\/li>\n<li>El espectro completo de cannabinoides de la planta de cannabis, aloe vera, c\u00farcuma e incienso<\/li>\n<li>Enriquecido con minerales y vitaminas.<\/li>\n<li>Recomendado para uso prolongado<\/li>\n<li>Sin acostumbrarse, no es adictivo<\/li>\n<li>Sin gluten ni lactosa<\/li>\n<li>Contenido: 60 C\u00e1psulas<\/li>\n<\/ul>\n<p><span style=\"color: #ff0000;\"><a style=\"color: #ff0000;\" href=\"https:\/\/shop.lrworld.com\/openpao?PHP=0vFlt7jT938BEnBI3a6e9w%3D%3D\"><span style=\"font-size: 14pt;\"><strong>Reg\u00edstrate aqu\u00ed y ahorra 35% en cada compra<\/strong><\/span><\/a><\/span><\/p>\n","protected":false},"featured_media":5513,"comment_status":"open","ping_status":"closed","template":"","meta":{"_kad_blocks_custom_css":"","_kad_blocks_head_custom_js":"","_kad_blocks_body_custom_js":"","_kad_blocks_footer_custom_js":"","_kadence_starter_templates_imported_post":false,"_kad_post_transparent":"default","_kad_post_title":"","_kad_post_layout":"default","_kad_post_sidebar_id":"","_kad_post_content_style":"default","_kad_post_vertical_padding":"default","_kad_post_feature":"","_kad_post_feature_position":"","_kad_post_header":false,"_kad_post_footer":false,"_kad_post_classname":""},"product_brand":[],"product_cat":[487,469,421,415,451],"product_tag":[694],"class_list":{"0":"post-9483","1":"product","2":"type-product","3":"status-publish","4":"has-post-thumbnail","6":"product_cat-cannaloe-es","7":"product_cat-especialistas","8":"product_cat-huesos-articulaciones-y-musculos","9":"product_cat-productos-especiales","10":"product_cat-relajacion","11":"product_tag-para-dolor-en-las-articulaciones","13":"first","14":"instock","15":"taxable","16":"shipping-taxable","17":"purchasable","18":"product-type-simple","19":"entry","20":"content-bg","21":"loop-entry"},"yoast_head":"<!-- This site is optimized with the Yoast SEO Premium plugin v27.4 (Yoast SEO v27.4) - https:\/\/yoast.com\/product\/yoast-seo-premium-wordpress\/ -->\n<title>Lr CannAloe C\u00e1psulas con Cannabis y Aloe Vera. Producto \u00fanico<\/title>\n<meta name=\"description\" content=\"Lr CannAloe C\u00e1psulas enriquecido con vitaminas C, D3 y K2, as\u00ed como con los minerales calcio, zinc y manganeso. El pr\u00e1ctico formato de c\u00e1psula asegura\" \/>\n<meta name=\"robots\" content=\"index, follow, max-snippet:-1, max-image-preview:large, max-video-preview:-1\" \/>\n<link rel=\"canonical\" href=\"https:\/\/www.lraloeverashop.eu\/es\/producto\/lr-cannaloe-capsulas\/\" \/>\n<meta property=\"og:locale\" content=\"es_ES\" \/>\n<meta property=\"og:type\" content=\"article\" \/>\n<meta property=\"og:title\" content=\"Lr CannAloe C\u00e1psulas\" \/>\n<meta property=\"og:description\" content=\"Lr CannAloe C\u00e1psulas enriquecido con vitaminas C, D3 y K2, as\u00ed como con los minerales calcio, zinc y manganeso. El pr\u00e1ctico formato de c\u00e1psula asegura\" \/>\n<meta property=\"og:url\" content=\"https:\/\/www.lraloeverashop.eu\/es\/producto\/lr-cannaloe-capsulas\/\" \/>\n<meta property=\"og:site_name\" content=\"Lr Tienda Aloe Vera\" \/>\n<meta property=\"article:publisher\" content=\"https:\/\/www.facebook.com\/lraloeverashop.eu\" \/>\n<meta property=\"article:modified_time\" content=\"2026-02-09T04:05:49+00:00\" \/>\n<meta property=\"og:image\" content=\"https:\/\/www.lraloeverashop.eu\/wp-content\/uploads\/2022\/10\/Lr-CannAloe-single.jpg\" \/>\n\t<meta property=\"og:image:width\" content=\"1200\" \/>\n\t<meta property=\"og:image:height\" content=\"1200\" \/>\n\t<meta property=\"og:image:type\" content=\"image\/jpeg\" \/>\n<meta name=\"twitter:card\" content=\"summary_large_image\" \/>\n<meta name=\"twitter:site\" content=\"@natur__kosmetik\" \/>\n<script type=\"application\/ld+json\" class=\"yoast-schema-graph\">{\"@context\":\"https:\\\/\\\/schema.org\",\"@graph\":[{\"@type\":[\"WebPage\",\"ItemPage\"],\"@id\":\"https:\\\/\\\/www.lraloeverashop.eu\\\/es\\\/producto\\\/lr-cannaloe-capsulas\\\/\",\"url\":\"https:\\\/\\\/www.lraloeverashop.eu\\\/es\\\/producto\\\/lr-cannaloe-capsulas\\\/\",\"name\":\"Lr CannAloe C\u00e1psulas con Cannabis y Aloe Vera. Producto \u00fanico\",\"isPartOf\":{\"@id\":\"https:\\\/\\\/www.lraloeverashop.eu\\\/es\\\/#website\"},\"primaryImageOfPage\":{\"@id\":\"https:\\\/\\\/www.lraloeverashop.eu\\\/es\\\/producto\\\/lr-cannaloe-capsulas\\\/#primaryimage\"},\"image\":{\"@id\":\"https:\\\/\\\/www.lraloeverashop.eu\\\/es\\\/producto\\\/lr-cannaloe-capsulas\\\/#primaryimage\"},\"thumbnailUrl\":\"https:\\\/\\\/www.lraloeverashop.eu\\\/wp-content\\\/uploads\\\/2022\\\/10\\\/Lr-CannAloe-single.jpg\",\"datePublished\":\"2022-10-14T07:35:26+00:00\",\"dateModified\":\"2026-02-09T04:05:49+00:00\",\"description\":\"Lr CannAloe C\u00e1psulas enriquecido con vitaminas C, D3 y K2, as\u00ed como con los minerales calcio, zinc y manganeso. El pr\u00e1ctico formato de c\u00e1psula asegura\",\"breadcrumb\":{\"@id\":\"https:\\\/\\\/www.lraloeverashop.eu\\\/es\\\/producto\\\/lr-cannaloe-capsulas\\\/#breadcrumb\"},\"inLanguage\":\"es\",\"potentialAction\":[{\"@type\":\"ReadAction\",\"target\":[\"https:\\\/\\\/www.lraloeverashop.eu\\\/es\\\/producto\\\/lr-cannaloe-capsulas\\\/\"]}]},{\"@type\":\"ImageObject\",\"inLanguage\":\"es\",\"@id\":\"https:\\\/\\\/www.lraloeverashop.eu\\\/es\\\/producto\\\/lr-cannaloe-capsulas\\\/#primaryimage\",\"url\":\"https:\\\/\\\/www.lraloeverashop.eu\\\/wp-content\\\/uploads\\\/2022\\\/10\\\/Lr-CannAloe-single.jpg\",\"contentUrl\":\"https:\\\/\\\/www.lraloeverashop.eu\\\/wp-content\\\/uploads\\\/2022\\\/10\\\/Lr-CannAloe-single.jpg\",\"width\":1200,\"height\":1200,\"caption\":\"Lr CannAloe CBD con aloe vera de alta calidad\"},{\"@type\":\"BreadcrumbList\",\"@id\":\"https:\\\/\\\/www.lraloeverashop.eu\\\/es\\\/producto\\\/lr-cannaloe-capsulas\\\/#breadcrumb\",\"itemListElement\":[{\"@type\":\"ListItem\",\"position\":1,\"name\":\"Home\",\"item\":\"https:\\\/\\\/www.lraloeverashop.eu\\\/es\\\/\"},{\"@type\":\"ListItem\",\"position\":2,\"name\":\"Tienda\",\"item\":\"https:\\\/\\\/www.lraloeverashop.eu\\\/es\\\/tienda\\\/\"},{\"@type\":\"ListItem\",\"position\":3,\"name\":\"Lr CannAloe C\u00e1psulas\"}]},{\"@type\":\"WebSite\",\"@id\":\"https:\\\/\\\/www.lraloeverashop.eu\\\/es\\\/#website\",\"url\":\"https:\\\/\\\/www.lraloeverashop.eu\\\/es\\\/\",\"name\":\"Lr Tienda Aloe Vera\",\"description\":\"High Quality Lr Aloe Vera Gel, Aloe Vera Cream and Shampoo\",\"publisher\":{\"@id\":\"https:\\\/\\\/www.lraloeverashop.eu\\\/es\\\/#organization\"},\"potentialAction\":[{\"@type\":\"SearchAction\",\"target\":{\"@type\":\"EntryPoint\",\"urlTemplate\":\"https:\\\/\\\/www.lraloeverashop.eu\\\/es\\\/?s={search_term_string}\"},\"query-input\":{\"@type\":\"PropertyValueSpecification\",\"valueRequired\":true,\"valueName\":\"search_term_string\"}}],\"inLanguage\":\"es\"},{\"@type\":\"Organization\",\"@id\":\"https:\\\/\\\/www.lraloeverashop.eu\\\/es\\\/#organization\",\"name\":\"Lr Tienda Aloe Vera\",\"alternateName\":\"LR\",\"url\":\"https:\\\/\\\/www.lraloeverashop.eu\\\/es\\\/\",\"logo\":{\"@type\":\"ImageObject\",\"inLanguage\":\"es\",\"@id\":\"https:\\\/\\\/www.lraloeverashop.eu\\\/es\\\/#\\\/schema\\\/logo\\\/image\\\/\",\"url\":\"https:\\\/\\\/www.lraloeverashop.eu\\\/wp-content\\\/uploads\\\/2022\\\/09\\\/cropped-Lr-Aloe-Vera-Shop.jpg\",\"contentUrl\":\"https:\\\/\\\/www.lraloeverashop.eu\\\/wp-content\\\/uploads\\\/2022\\\/09\\\/cropped-Lr-Aloe-Vera-Shop.jpg\",\"width\":228,\"height\":76,\"caption\":\"Lr Tienda Aloe Vera\"},\"image\":{\"@id\":\"https:\\\/\\\/www.lraloeverashop.eu\\\/es\\\/#\\\/schema\\\/logo\\\/image\\\/\"},\"sameAs\":[\"https:\\\/\\\/www.facebook.com\\\/lraloeverashop.eu\",\"https:\\\/\\\/x.com\\\/natur__kosmetik\",\"https:\\\/\\\/www.youtube.com\\\/channel\\\/UC5oN7BJ8nfYb8RpVtjwDEBA\",\"https:\\\/\\\/www.instagram.com\\\/lrbeautyeu\\\/\"],\"description\":\"La tienda Lr Aloe Vera es tu destino de confianza para productos premium de salud y belleza LR, fabricados en Alemania. Ofrecemos soluciones de alta calidad para el cuidado de la piel, nutrici\u00f3n y antienvejecimiento con Aloe Vera, elaboradas con ingredientes puros y respaldadas por investigaci\u00f3n cient\u00edfica. Descubre un cuidado natural que regenera, protege y revitaliza tu piel, y disfruta de ofertas mensuales exclusivas en nuestros productos LR Aloe Vera m\u00e1s vendidos.\\n\\nComienza hoy mismo tu camino hacia el cuidado natural de la piel y siente la diferencia.\",\"email\":\"info@lraloeverashop.eu\",\"telephone\":\"+49 17670609653\",\"legalName\":\"Lr Aloe Vera Shop\",\"foundingDate\":\"2018-04-21\",\"numberOfEmployees\":{\"@type\":\"QuantitativeValue\",\"minValue\":\"1\",\"maxValue\":\"10\"}}]}<\/script>\n<meta property=\"product:price:amount\" content=\"122.49\" \/>\n<meta property=\"product:price:currency\" content=\"EUR\" \/>\n<meta property=\"og:availability\" content=\"instock\" \/>\n<meta property=\"product:availability\" content=\"instock\" \/>\n<meta property=\"product:retailer_item_id\" content=\"81090-1ES\" \/>\n<meta property=\"product:condition\" content=\"new\" \/>\n<!-- \/ Yoast SEO Premium plugin. -->","yoast_head_json":{"title":"Lr CannAloe C\u00e1psulas con Cannabis y Aloe Vera. Producto \u00fanico","description":"Lr CannAloe C\u00e1psulas enriquecido con vitaminas C, D3 y K2, as\u00ed como con los minerales calcio, zinc y manganeso. El pr\u00e1ctico formato de c\u00e1psula asegura","robots":{"index":"index","follow":"follow","max-snippet":"max-snippet:-1","max-image-preview":"max-image-preview:large","max-video-preview":"max-video-preview:-1"},"canonical":"https:\/\/www.lraloeverashop.eu\/es\/producto\/lr-cannaloe-capsulas\/","og_locale":"es_ES","og_type":"article","og_title":"Lr CannAloe C\u00e1psulas","og_description":"Lr CannAloe C\u00e1psulas enriquecido con vitaminas C, D3 y K2, as\u00ed como con los minerales calcio, zinc y manganeso. El pr\u00e1ctico formato de c\u00e1psula asegura","og_url":"https:\/\/www.lraloeverashop.eu\/es\/producto\/lr-cannaloe-capsulas\/","og_site_name":"Lr Tienda Aloe Vera","article_publisher":"https:\/\/www.facebook.com\/lraloeverashop.eu","article_modified_time":"2026-02-09T04:05:49+00:00","og_image":[{"width":1200,"height":1200,"url":"https:\/\/www.lraloeverashop.eu\/wp-content\/uploads\/2022\/10\/Lr-CannAloe-single.jpg","type":"image\/jpeg"}],"twitter_card":"summary_large_image","twitter_site":"@natur__kosmetik","schema":{"@context":"https:\/\/schema.org","@graph":[{"@type":["WebPage","ItemPage"],"@id":"https:\/\/www.lraloeverashop.eu\/es\/producto\/lr-cannaloe-capsulas\/","url":"https:\/\/www.lraloeverashop.eu\/es\/producto\/lr-cannaloe-capsulas\/","name":"Lr CannAloe C\u00e1psulas con Cannabis y Aloe Vera. Producto \u00fanico","isPartOf":{"@id":"https:\/\/www.lraloeverashop.eu\/es\/#website"},"primaryImageOfPage":{"@id":"https:\/\/www.lraloeverashop.eu\/es\/producto\/lr-cannaloe-capsulas\/#primaryimage"},"image":{"@id":"https:\/\/www.lraloeverashop.eu\/es\/producto\/lr-cannaloe-capsulas\/#primaryimage"},"thumbnailUrl":"https:\/\/www.lraloeverashop.eu\/wp-content\/uploads\/2022\/10\/Lr-CannAloe-single.jpg","datePublished":"2022-10-14T07:35:26+00:00","dateModified":"2026-02-09T04:05:49+00:00","description":"Lr CannAloe C\u00e1psulas enriquecido con vitaminas C, D3 y K2, as\u00ed como con los minerales calcio, zinc y manganeso. El pr\u00e1ctico formato de c\u00e1psula asegura","breadcrumb":{"@id":"https:\/\/www.lraloeverashop.eu\/es\/producto\/lr-cannaloe-capsulas\/#breadcrumb"},"inLanguage":"es","potentialAction":[{"@type":"ReadAction","target":["https:\/\/www.lraloeverashop.eu\/es\/producto\/lr-cannaloe-capsulas\/"]}]},{"@type":"ImageObject","inLanguage":"es","@id":"https:\/\/www.lraloeverashop.eu\/es\/producto\/lr-cannaloe-capsulas\/#primaryimage","url":"https:\/\/www.lraloeverashop.eu\/wp-content\/uploads\/2022\/10\/Lr-CannAloe-single.jpg","contentUrl":"https:\/\/www.lraloeverashop.eu\/wp-content\/uploads\/2022\/10\/Lr-CannAloe-single.jpg","width":1200,"height":1200,"caption":"Lr CannAloe CBD con aloe vera de alta calidad"},{"@type":"BreadcrumbList","@id":"https:\/\/www.lraloeverashop.eu\/es\/producto\/lr-cannaloe-capsulas\/#breadcrumb","itemListElement":[{"@type":"ListItem","position":1,"name":"Home","item":"https:\/\/www.lraloeverashop.eu\/es\/"},{"@type":"ListItem","position":2,"name":"Tienda","item":"https:\/\/www.lraloeverashop.eu\/es\/tienda\/"},{"@type":"ListItem","position":3,"name":"Lr CannAloe C\u00e1psulas"}]},{"@type":"WebSite","@id":"https:\/\/www.lraloeverashop.eu\/es\/#website","url":"https:\/\/www.lraloeverashop.eu\/es\/","name":"Lr Tienda Aloe Vera","description":"High Quality Lr Aloe Vera Gel, Aloe Vera Cream and Shampoo","publisher":{"@id":"https:\/\/www.lraloeverashop.eu\/es\/#organization"},"potentialAction":[{"@type":"SearchAction","target":{"@type":"EntryPoint","urlTemplate":"https:\/\/www.lraloeverashop.eu\/es\/?s={search_term_string}"},"query-input":{"@type":"PropertyValueSpecification","valueRequired":true,"valueName":"search_term_string"}}],"inLanguage":"es"},{"@type":"Organization","@id":"https:\/\/www.lraloeverashop.eu\/es\/#organization","name":"Lr Tienda Aloe Vera","alternateName":"LR","url":"https:\/\/www.lraloeverashop.eu\/es\/","logo":{"@type":"ImageObject","inLanguage":"es","@id":"https:\/\/www.lraloeverashop.eu\/es\/#\/schema\/logo\/image\/","url":"https:\/\/www.lraloeverashop.eu\/wp-content\/uploads\/2022\/09\/cropped-Lr-Aloe-Vera-Shop.jpg","contentUrl":"https:\/\/www.lraloeverashop.eu\/wp-content\/uploads\/2022\/09\/cropped-Lr-Aloe-Vera-Shop.jpg","width":228,"height":76,"caption":"Lr Tienda Aloe Vera"},"image":{"@id":"https:\/\/www.lraloeverashop.eu\/es\/#\/schema\/logo\/image\/"},"sameAs":["https:\/\/www.facebook.com\/lraloeverashop.eu","https:\/\/x.com\/natur__kosmetik","https:\/\/www.youtube.com\/channel\/UC5oN7BJ8nfYb8RpVtjwDEBA","https:\/\/www.instagram.com\/lrbeautyeu\/"],"description":"La tienda Lr Aloe Vera es tu destino de confianza para productos premium de salud y belleza LR, fabricados en Alemania. Ofrecemos soluciones de alta calidad para el cuidado de la piel, nutrici\u00f3n y antienvejecimiento con Aloe Vera, elaboradas con ingredientes puros y respaldadas por investigaci\u00f3n cient\u00edfica. Descubre un cuidado natural que regenera, protege y revitaliza tu piel, y disfruta de ofertas mensuales exclusivas en nuestros productos LR Aloe Vera m\u00e1s vendidos.\n\nComienza hoy mismo tu camino hacia el cuidado natural de la piel y siente la diferencia.","email":"info@lraloeverashop.eu","telephone":"+49 17670609653","legalName":"Lr Aloe Vera Shop","foundingDate":"2018-04-21","numberOfEmployees":{"@type":"QuantitativeValue","minValue":"1","maxValue":"10"}}]},"product_price_amount":"122.49","product_price_currency":"EUR","og_availability":"instock","product_availability":"instock","product_retailer_item_id":"81090-1ES","product_condition":"new"},"taxonomy_info":{"product_cat":[{"value":487,"label":"CannAloe"},{"value":469,"label":"Especialistas"},{"value":421,"label":"Huesos, Articulaciones y M\u00fasculos"},{"value":415,"label":"Productos Especiales"},{"value":451,"label":"Relajaci\u00f3n"}],"product_tag":[{"value":694,"label":"para dolor en las articulaciones"}]},"featured_image_src_large":["https:\/\/www.lraloeverashop.eu\/wp-content\/uploads\/2022\/10\/Lr-CannAloe-single-1024x1024.jpg",1024,1024,true],"author_info":[],"comment_info":0,"_links":{"self":[{"href":"https:\/\/www.lraloeverashop.eu\/es\/wp-json\/wp\/v2\/product\/9483","targetHints":{"allow":["GET"]}}],"collection":[{"href":"https:\/\/www.lraloeverashop.eu\/es\/wp-json\/wp\/v2\/product"}],"about":[{"href":"https:\/\/www.lraloeverashop.eu\/es\/wp-json\/wp\/v2\/types\/product"}],"replies":[{"embeddable":true,"href":"https:\/\/www.lraloeverashop.eu\/es\/wp-json\/wp\/v2\/comments?post=9483"}],"wp:featuredmedia":[{"embeddable":true,"href":"https:\/\/www.lraloeverashop.eu\/es\/wp-json\/wp\/v2\/media\/5513"}],"wp:attachment":[{"href":"https:\/\/www.lraloeverashop.eu\/es\/wp-json\/wp\/v2\/media?parent=9483"}],"wp:term":[{"taxonomy":"product_brand","embeddable":true,"href":"https:\/\/www.lraloeverashop.eu\/es\/wp-json\/wp\/v2\/product_brand?post=9483"},{"taxonomy":"product_cat","embeddable":true,"href":"https:\/\/www.lraloeverashop.eu\/es\/wp-json\/wp\/v2\/product_cat?post=9483"},{"taxonomy":"product_tag","embeddable":true,"href":"https:\/\/www.lraloeverashop.eu\/es\/wp-json\/wp\/v2\/product_tag?post=9483"}],"curies":[{"name":"wp","href":"https:\/\/api.w.org\/{rel}","templated":true}]}}