{"id":9471,"date":"2022-10-14T10:51:54","date_gmt":"2022-10-14T08:51:54","guid":{"rendered":"https:\/\/www.lraloeverashop.eu\/product\/fiber-boost-bebida-en-polvo-set\/"},"modified":"2026-02-09T05:05:15","modified_gmt":"2026-02-09T04:05:15","slug":"fiber-boost-bebida-en-polvo-set","status":"publish","type":"product","link":"https:\/\/www.lraloeverashop.eu\/es\/producto\/fiber-boost-bebida-en-polvo-set\/","title":{"rendered":"Fiber Boost Bebida en Polvo Set"},"content":{"rendered":"<h2><span style=\"font-size: 16pt;\"><strong>Fiber Boost Bebida en Polvo Set<\/strong><\/span><\/h2>\n<p><span style=\"font-size: 14pt;\"><strong>Fiber Boost Bebida en Polvo Set de alta calidad contra el hambre<\/strong><\/span><\/p>\n<p>En la agitada vida cotidiana, a menudo se consume muy poca fibra en una dieta desequilibrada *. Fiber Boost Bebida en Polvo Set apoya al cuerpo con su alto contenido de fibra de 3 fuentes de fibra diferentes y sabe delicioso.<\/p>\n<p>Todo el mundo lo sabe: El desayuno o el almuerzo es s\u00f3lo unas horas atr\u00e1s y de nuevo nuestro est\u00f3mago est\u00e1 informando &#8211; pero todav\u00eda son unas horas hasta la pr\u00f3xima comida. R\u00e1pidamente tomamos bocadillos llenos de calor\u00edas. Comienza con Fiber Boost Set, el <a href=\"https:\/\/www.lraloeverashop.eu\/es\/producto\/batido-para-adelgazar-sabor-fresa-platano\/\">suplemento diet\u00e9tico<\/a> bajo en calor\u00edas y con alto contenido de fibra.<\/p>\n<p>Fiber Boost Bebida no solo ayuda con la <a href=\"https:\/\/www.lraloeverashop.eu\/es\/producto\/fiber-boost-bebida-en-polvo\/\">primera sensaci\u00f3n de hambre<\/a>. Tambi\u00e9n nos proporciona fibra y adem\u00e1s proporciona al cuerpo el importante oligoelemento cromo para el metabolismo regulado de nutrientes\u00b9 y az\u00facar en la sangre m\u00e1s estable\u00b2.<\/p>\n<p>La sustancia vegetal natural Stevia proporciona un sabor dulce &#8211; sin az\u00facar adicional y calor\u00edas adicionales.<\/p>\n<ol>\n<li>El cromo contribuye a un metabolismo normal de los macronutrientes.<\/li>\n<li>El cromo contribuye al mantenimiento de los niveles normales de az\u00facar en sangre.<\/li>\n<\/ol>\n<p><strong>* El 69 por ciento de los hombres y el 75 por ciento de las mujeres no alcanzan el peso objetivo de fibra del DGE de 30 gramos al d\u00eda. 2008. Instituto Max Rubner, Instituto Federal de Investigaci\u00f3n en Nutrici\u00f3n y Alimentaci\u00f3n.<\/strong><\/p>\n<p>&nbsp;<\/p>\n<h3><strong><span style=\"font-size: 16pt;\">C\u00f3mo utilizar Bebida en Polvo<\/span><\/strong><\/h3>\n<p>Tome una vez al d\u00eda una porci\u00f3n preparada de Fiber Boost Set. Se recomienda tomar entre comidas.<\/p>\n<p>Preparaci\u00f3n: Mezcle dos cucharadas niveladas (una cucharada = aproximadamente 3.5 g) en 200 ml de leche baja en grasa y sin lactosa (1.5% de grasa) o agua para consumo inmediato. Use al menos un vaso de 300 ml. Para esto recomendamos la preparaci\u00f3n en el LR Shaker.<\/p>\n<p>Nota: aseg\u00farese de beber lo suficiente. No se debe exceder la dosis diaria recomendada. Los <a href=\"https:\/\/www.lraloeverashop.eu\/es\/categoria-producto\/suplementos-dieteticos\/\">suplementos nutricionales<\/a> no son un sustituto de una dieta variada y equilibrada que es importante junto con un estilo de vida saludable. Mantenga el producto fuera del alcance de los ni\u00f1os peque\u00f1os. Mant\u00e9ngalo bien cerrado, seco y gu\u00e1rdelo a temperatura ambiente. Cierre nuevamente despu\u00e9s de abrir.<\/p>\n<p>&nbsp;<\/p>\n<h4><strong><span style=\"font-size: 16pt;\">\u00bfLo Sab\u00edas?<\/span><\/strong><\/h4>\n<p><strong>Nota importante:<\/strong> si se desv\u00eda de la preparaci\u00f3n de acuerdo con las instrucciones del paquete, el valor nutricional de la porci\u00f3n preparada cambia. La forma m\u00e1s efectiva de usar Fiber Boost Bebida en Polvo Set es apegarse a las instrucciones de <a href=\"https:\/\/lrworld.com\/join-me\">LR Health &amp; Beauty<\/a> en el empaque del producto cuando se prepara.<\/p>\n","protected":false},"excerpt":{"rendered":"<ul>\n<li>Fibra contra el hambre<\/li>\n<li>Para el bienestar general en la vida cotidiana<\/li>\n<li>Bajo en calor\u00edas con la dulzura natural de Stevia<\/li>\n<li>Rico en fibra de 3 fuentes diferentes<\/li>\n<li>Con el importante oligoelemento cromo para los niveles regulados de az\u00facar en sangre y el metabolismo de nutrientes<\/li>\n<li>Cantidad: 3 x 210g<\/li>\n<\/ul>\n<p><span style=\"color: #ff0000;\"><a style=\"color: #ff0000;\" href=\"https:\/\/shop.lrworld.com\/openpao?PHP=0vFlt7jT938BEnBI3a6e9w%3D%3D\"><span style=\"font-size: 14pt;\"><strong>Reg\u00edstrate aqu\u00ed y ahorra 35% en cada compra<\/strong><\/span><\/a><\/span><\/p>\n","protected":false},"featured_media":5447,"comment_status":"open","ping_status":"closed","template":"","meta":{"_kad_blocks_custom_css":"","_kad_blocks_head_custom_js":"","_kad_blocks_body_custom_js":"","_kad_blocks_footer_custom_js":"","_kadence_starter_templates_imported_post":false,"_kad_post_transparent":"default","_kad_post_title":"","_kad_post_layout":"default","_kad_post_sidebar_id":"","_kad_post_content_style":"default","_kad_post_vertical_padding":"default","_kad_post_feature":"","_kad_post_feature_position":"","_kad_post_header":false,"_kad_post_footer":false,"_kad_post_classname":""},"product_brand":[],"product_cat":[458,344,469,439,338],"product_tag":[633],"class_list":{"0":"post-9471","1":"product","2":"type-product","3":"status-publish","4":"has-post-thumbnail","6":"product_cat-ahorra-en-los-sets","7":"product_cat-companero-de-dieta","8":"product_cat-especialistas","9":"product_cat-intestinos-y-digestion","10":"product_cat-suplementos-dieteticos","11":"product_tag-dieta-es","13":"first","14":"instock","15":"taxable","16":"shipping-taxable","17":"purchasable","18":"product-type-simple","19":"entry","20":"content-bg","21":"loop-entry"},"yoast_head":"<!-- This site is optimized with the Yoast SEO Premium plugin v27.5 (Yoast SEO v27.5) - https:\/\/yoast.com\/product\/yoast-seo-premium-wordpress\/ -->\n<title>Fiber Boost Bebida en Polvo Set de alta calidad contra el hambre<\/title>\n<meta name=\"description\" content=\"Fiber Boost Bebida en Polvo Set no solo ayuda con la primera sensaci\u00f3n de hambre. Tambi\u00e9n nos proporciona fibra y cromo para el metabolismo regulado\" \/>\n<meta name=\"robots\" content=\"index, follow, max-snippet:-1, max-image-preview:large, max-video-preview:-1\" \/>\n<link rel=\"canonical\" href=\"https:\/\/www.lraloeverashop.eu\/es\/producto\/fiber-boost-bebida-en-polvo-set\/\" \/>\n<meta property=\"og:locale\" content=\"es_ES\" \/>\n<meta property=\"og:type\" content=\"article\" \/>\n<meta property=\"og:title\" content=\"Fiber Boost Bebida en Polvo Set\" \/>\n<meta property=\"og:description\" content=\"Fiber Boost Bebida en Polvo Set no solo ayuda con la primera sensaci\u00f3n de hambre. Tambi\u00e9n nos proporciona fibra y cromo para el metabolismo regulado\" \/>\n<meta property=\"og:url\" content=\"https:\/\/www.lraloeverashop.eu\/es\/producto\/fiber-boost-bebida-en-polvo-set\/\" \/>\n<meta property=\"og:site_name\" content=\"Lr Tienda Aloe Vera\" \/>\n<meta property=\"article:publisher\" content=\"https:\/\/www.facebook.com\/lraloeverashop.eu\" \/>\n<meta property=\"article:modified_time\" content=\"2026-02-09T04:05:15+00:00\" \/>\n<meta property=\"og:image\" content=\"https:\/\/www.lraloeverashop.eu\/wp-content\/uploads\/2022\/10\/Fiber-Boost-Drink-Powder-set.jpg\" \/>\n\t<meta property=\"og:image:width\" content=\"1200\" \/>\n\t<meta property=\"og:image:height\" content=\"1200\" \/>\n\t<meta property=\"og:image:type\" content=\"image\/jpeg\" \/>\n<meta name=\"twitter:card\" content=\"summary_large_image\" \/>\n<meta name=\"twitter:site\" content=\"@natur__kosmetik\" \/>\n<script type=\"application\/ld+json\" class=\"yoast-schema-graph\">{\"@context\":\"https:\\\/\\\/schema.org\",\"@graph\":[{\"@type\":[\"WebPage\",\"ItemPage\"],\"@id\":\"https:\\\/\\\/www.lraloeverashop.eu\\\/es\\\/producto\\\/fiber-boost-bebida-en-polvo-set\\\/\",\"url\":\"https:\\\/\\\/www.lraloeverashop.eu\\\/es\\\/producto\\\/fiber-boost-bebida-en-polvo-set\\\/\",\"name\":\"Fiber Boost Bebida en Polvo Set de alta calidad contra el hambre\",\"isPartOf\":{\"@id\":\"https:\\\/\\\/www.lraloeverashop.eu\\\/es\\\/#website\"},\"primaryImageOfPage\":{\"@id\":\"https:\\\/\\\/www.lraloeverashop.eu\\\/es\\\/producto\\\/fiber-boost-bebida-en-polvo-set\\\/#primaryimage\"},\"image\":{\"@id\":\"https:\\\/\\\/www.lraloeverashop.eu\\\/es\\\/producto\\\/fiber-boost-bebida-en-polvo-set\\\/#primaryimage\"},\"thumbnailUrl\":\"https:\\\/\\\/www.lraloeverashop.eu\\\/wp-content\\\/uploads\\\/2022\\\/10\\\/Fiber-Boost-Drink-Powder-set.jpg\",\"datePublished\":\"2022-10-14T08:51:54+00:00\",\"dateModified\":\"2026-02-09T04:05:15+00:00\",\"description\":\"Fiber Boost Bebida en Polvo Set no solo ayuda con la primera sensaci\u00f3n de hambre. Tambi\u00e9n nos proporciona fibra y cromo para el metabolismo regulado\",\"breadcrumb\":{\"@id\":\"https:\\\/\\\/www.lraloeverashop.eu\\\/es\\\/producto\\\/fiber-boost-bebida-en-polvo-set\\\/#breadcrumb\"},\"inLanguage\":\"es\",\"potentialAction\":[{\"@type\":\"ReadAction\",\"target\":[\"https:\\\/\\\/www.lraloeverashop.eu\\\/es\\\/producto\\\/fiber-boost-bebida-en-polvo-set\\\/\"]}]},{\"@type\":\"ImageObject\",\"inLanguage\":\"es\",\"@id\":\"https:\\\/\\\/www.lraloeverashop.eu\\\/es\\\/producto\\\/fiber-boost-bebida-en-polvo-set\\\/#primaryimage\",\"url\":\"https:\\\/\\\/www.lraloeverashop.eu\\\/wp-content\\\/uploads\\\/2022\\\/10\\\/Fiber-Boost-Drink-Powder-set.jpg\",\"contentUrl\":\"https:\\\/\\\/www.lraloeverashop.eu\\\/wp-content\\\/uploads\\\/2022\\\/10\\\/Fiber-Boost-Drink-Powder-set.jpg\",\"width\":1200,\"height\":1200,\"caption\":\"Fiber-Boost bebida en polvo conjunto para grandes hambres\"},{\"@type\":\"BreadcrumbList\",\"@id\":\"https:\\\/\\\/www.lraloeverashop.eu\\\/es\\\/producto\\\/fiber-boost-bebida-en-polvo-set\\\/#breadcrumb\",\"itemListElement\":[{\"@type\":\"ListItem\",\"position\":1,\"name\":\"Home\",\"item\":\"https:\\\/\\\/www.lraloeverashop.eu\\\/es\\\/tienda-aloe-vera-todo-para-tu-belleza-y-bienestar\\\/\"},{\"@type\":\"ListItem\",\"position\":2,\"name\":\"Tienda\",\"item\":\"https:\\\/\\\/www.lraloeverashop.eu\\\/es\\\/tienda\\\/\"},{\"@type\":\"ListItem\",\"position\":3,\"name\":\"Fiber Boost Bebida en Polvo Set\"}]},{\"@type\":\"WebSite\",\"@id\":\"https:\\\/\\\/www.lraloeverashop.eu\\\/es\\\/#website\",\"url\":\"https:\\\/\\\/www.lraloeverashop.eu\\\/es\\\/\",\"name\":\"Lr Tienda Aloe Vera\",\"description\":\"High Quality Lr Aloe Vera Gel, Aloe Vera Cream and Shampoo\",\"publisher\":{\"@id\":\"https:\\\/\\\/www.lraloeverashop.eu\\\/es\\\/#organization\"},\"alternateName\":\"LR\",\"potentialAction\":[{\"@type\":\"SearchAction\",\"target\":{\"@type\":\"EntryPoint\",\"urlTemplate\":\"https:\\\/\\\/www.lraloeverashop.eu\\\/es\\\/?s={search_term_string}\"},\"query-input\":{\"@type\":\"PropertyValueSpecification\",\"valueRequired\":true,\"valueName\":\"search_term_string\"}}],\"inLanguage\":\"es\"},{\"@type\":\"Organization\",\"@id\":\"https:\\\/\\\/www.lraloeverashop.eu\\\/es\\\/#organization\",\"name\":\"Lr Tienda Aloe Vera\",\"alternateName\":\"LR\",\"url\":\"https:\\\/\\\/www.lraloeverashop.eu\\\/es\\\/\",\"logo\":{\"@type\":\"ImageObject\",\"inLanguage\":\"es\",\"@id\":\"https:\\\/\\\/www.lraloeverashop.eu\\\/es\\\/#\\\/schema\\\/logo\\\/image\\\/\",\"url\":\"https:\\\/\\\/www.lraloeverashop.eu\\\/wp-content\\\/uploads\\\/2022\\\/09\\\/cropped-Lr-Aloe-Vera-Shop.jpg\",\"contentUrl\":\"https:\\\/\\\/www.lraloeverashop.eu\\\/wp-content\\\/uploads\\\/2022\\\/09\\\/cropped-Lr-Aloe-Vera-Shop.jpg\",\"width\":228,\"height\":76,\"caption\":\"Lr Tienda Aloe Vera\"},\"image\":{\"@id\":\"https:\\\/\\\/www.lraloeverashop.eu\\\/es\\\/#\\\/schema\\\/logo\\\/image\\\/\"},\"sameAs\":[\"https:\\\/\\\/www.facebook.com\\\/lraloeverashop.eu\",\"https:\\\/\\\/x.com\\\/natur__kosmetik\",\"https:\\\/\\\/www.youtube.com\\\/channel\\\/UC5oN7BJ8nfYb8RpVtjwDEBA\",\"https:\\\/\\\/www.instagram.com\\\/lrbeautyeu\\\/\"],\"description\":\"La tienda Lr Aloe Vera es tu destino de confianza para productos premium de salud y belleza LR, fabricados en Alemania. Ofrecemos soluciones de alta calidad para el cuidado de la piel, nutrici\u00f3n y antienvejecimiento con Aloe Vera, elaboradas con ingredientes puros y respaldadas por investigaci\u00f3n cient\u00edfica. Descubre un cuidado natural que regenera, protege y revitaliza tu piel, y disfruta de ofertas mensuales exclusivas en nuestros productos LR Aloe Vera m\u00e1s vendidos.\\n\\nComienza hoy mismo tu camino hacia el cuidado natural de la piel y siente la diferencia.\",\"email\":\"info@lraloeverashop.eu\",\"telephone\":\"+49 17670609653\",\"legalName\":\"Lr Aloe Vera Shop\",\"foundingDate\":\"2018-04-21\",\"numberOfEmployees\":{\"@type\":\"QuantitativeValue\",\"minValue\":\"1\",\"maxValue\":\"10\"}}]}<\/script>\n<meta property=\"product:price:amount\" content=\"90.99\" \/>\n<meta property=\"product:price:currency\" content=\"EUR\" \/>\n<meta property=\"og:availability\" content=\"instock\" \/>\n<meta property=\"product:availability\" content=\"instock\" \/>\n<meta property=\"product:retailer_item_id\" content=\"80633-499ES\" \/>\n<meta property=\"product:condition\" content=\"new\" \/>\n<!-- \/ Yoast SEO Premium plugin. -->","yoast_head_json":{"title":"Fiber Boost Bebida en Polvo Set de alta calidad contra el hambre","description":"Fiber Boost Bebida en Polvo Set no solo ayuda con la primera sensaci\u00f3n de hambre. Tambi\u00e9n nos proporciona fibra y cromo para el metabolismo regulado","robots":{"index":"index","follow":"follow","max-snippet":"max-snippet:-1","max-image-preview":"max-image-preview:large","max-video-preview":"max-video-preview:-1"},"canonical":"https:\/\/www.lraloeverashop.eu\/es\/producto\/fiber-boost-bebida-en-polvo-set\/","og_locale":"es_ES","og_type":"article","og_title":"Fiber Boost Bebida en Polvo Set","og_description":"Fiber Boost Bebida en Polvo Set no solo ayuda con la primera sensaci\u00f3n de hambre. Tambi\u00e9n nos proporciona fibra y cromo para el metabolismo regulado","og_url":"https:\/\/www.lraloeverashop.eu\/es\/producto\/fiber-boost-bebida-en-polvo-set\/","og_site_name":"Lr Tienda Aloe Vera","article_publisher":"https:\/\/www.facebook.com\/lraloeverashop.eu","article_modified_time":"2026-02-09T04:05:15+00:00","og_image":[{"width":1200,"height":1200,"url":"https:\/\/www.lraloeverashop.eu\/wp-content\/uploads\/2022\/10\/Fiber-Boost-Drink-Powder-set.jpg","type":"image\/jpeg"}],"twitter_card":"summary_large_image","twitter_site":"@natur__kosmetik","schema":{"@context":"https:\/\/schema.org","@graph":[{"@type":["WebPage","ItemPage"],"@id":"https:\/\/www.lraloeverashop.eu\/es\/producto\/fiber-boost-bebida-en-polvo-set\/","url":"https:\/\/www.lraloeverashop.eu\/es\/producto\/fiber-boost-bebida-en-polvo-set\/","name":"Fiber Boost Bebida en Polvo Set de alta calidad contra el hambre","isPartOf":{"@id":"https:\/\/www.lraloeverashop.eu\/es\/#website"},"primaryImageOfPage":{"@id":"https:\/\/www.lraloeverashop.eu\/es\/producto\/fiber-boost-bebida-en-polvo-set\/#primaryimage"},"image":{"@id":"https:\/\/www.lraloeverashop.eu\/es\/producto\/fiber-boost-bebida-en-polvo-set\/#primaryimage"},"thumbnailUrl":"https:\/\/www.lraloeverashop.eu\/wp-content\/uploads\/2022\/10\/Fiber-Boost-Drink-Powder-set.jpg","datePublished":"2022-10-14T08:51:54+00:00","dateModified":"2026-02-09T04:05:15+00:00","description":"Fiber Boost Bebida en Polvo Set no solo ayuda con la primera sensaci\u00f3n de hambre. Tambi\u00e9n nos proporciona fibra y cromo para el metabolismo regulado","breadcrumb":{"@id":"https:\/\/www.lraloeverashop.eu\/es\/producto\/fiber-boost-bebida-en-polvo-set\/#breadcrumb"},"inLanguage":"es","potentialAction":[{"@type":"ReadAction","target":["https:\/\/www.lraloeverashop.eu\/es\/producto\/fiber-boost-bebida-en-polvo-set\/"]}]},{"@type":"ImageObject","inLanguage":"es","@id":"https:\/\/www.lraloeverashop.eu\/es\/producto\/fiber-boost-bebida-en-polvo-set\/#primaryimage","url":"https:\/\/www.lraloeverashop.eu\/wp-content\/uploads\/2022\/10\/Fiber-Boost-Drink-Powder-set.jpg","contentUrl":"https:\/\/www.lraloeverashop.eu\/wp-content\/uploads\/2022\/10\/Fiber-Boost-Drink-Powder-set.jpg","width":1200,"height":1200,"caption":"Fiber-Boost bebida en polvo conjunto para grandes hambres"},{"@type":"BreadcrumbList","@id":"https:\/\/www.lraloeverashop.eu\/es\/producto\/fiber-boost-bebida-en-polvo-set\/#breadcrumb","itemListElement":[{"@type":"ListItem","position":1,"name":"Home","item":"https:\/\/www.lraloeverashop.eu\/es\/tienda-aloe-vera-todo-para-tu-belleza-y-bienestar\/"},{"@type":"ListItem","position":2,"name":"Tienda","item":"https:\/\/www.lraloeverashop.eu\/es\/tienda\/"},{"@type":"ListItem","position":3,"name":"Fiber Boost Bebida en Polvo Set"}]},{"@type":"WebSite","@id":"https:\/\/www.lraloeverashop.eu\/es\/#website","url":"https:\/\/www.lraloeverashop.eu\/es\/","name":"Lr Tienda Aloe Vera","description":"High Quality Lr Aloe Vera Gel, Aloe Vera Cream and Shampoo","publisher":{"@id":"https:\/\/www.lraloeverashop.eu\/es\/#organization"},"alternateName":"LR","potentialAction":[{"@type":"SearchAction","target":{"@type":"EntryPoint","urlTemplate":"https:\/\/www.lraloeverashop.eu\/es\/?s={search_term_string}"},"query-input":{"@type":"PropertyValueSpecification","valueRequired":true,"valueName":"search_term_string"}}],"inLanguage":"es"},{"@type":"Organization","@id":"https:\/\/www.lraloeverashop.eu\/es\/#organization","name":"Lr Tienda Aloe Vera","alternateName":"LR","url":"https:\/\/www.lraloeverashop.eu\/es\/","logo":{"@type":"ImageObject","inLanguage":"es","@id":"https:\/\/www.lraloeverashop.eu\/es\/#\/schema\/logo\/image\/","url":"https:\/\/www.lraloeverashop.eu\/wp-content\/uploads\/2022\/09\/cropped-Lr-Aloe-Vera-Shop.jpg","contentUrl":"https:\/\/www.lraloeverashop.eu\/wp-content\/uploads\/2022\/09\/cropped-Lr-Aloe-Vera-Shop.jpg","width":228,"height":76,"caption":"Lr Tienda Aloe Vera"},"image":{"@id":"https:\/\/www.lraloeverashop.eu\/es\/#\/schema\/logo\/image\/"},"sameAs":["https:\/\/www.facebook.com\/lraloeverashop.eu","https:\/\/x.com\/natur__kosmetik","https:\/\/www.youtube.com\/channel\/UC5oN7BJ8nfYb8RpVtjwDEBA","https:\/\/www.instagram.com\/lrbeautyeu\/"],"description":"La tienda Lr Aloe Vera es tu destino de confianza para productos premium de salud y belleza LR, fabricados en Alemania. Ofrecemos soluciones de alta calidad para el cuidado de la piel, nutrici\u00f3n y antienvejecimiento con Aloe Vera, elaboradas con ingredientes puros y respaldadas por investigaci\u00f3n cient\u00edfica. Descubre un cuidado natural que regenera, protege y revitaliza tu piel, y disfruta de ofertas mensuales exclusivas en nuestros productos LR Aloe Vera m\u00e1s vendidos.\n\nComienza hoy mismo tu camino hacia el cuidado natural de la piel y siente la diferencia.","email":"info@lraloeverashop.eu","telephone":"+49 17670609653","legalName":"Lr Aloe Vera Shop","foundingDate":"2018-04-21","numberOfEmployees":{"@type":"QuantitativeValue","minValue":"1","maxValue":"10"}}]},"product_price_amount":"90.99","product_price_currency":"EUR","og_availability":"instock","product_availability":"instock","product_retailer_item_id":"80633-499ES","product_condition":"new"},"taxonomy_info":{"product_cat":[{"value":458,"label":"Ahorra en los sets"},{"value":344,"label":"Compa\u00f1ero de dieta"},{"value":469,"label":"Especialistas"},{"value":439,"label":"Intestinos y Digesti\u00f3n"},{"value":338,"label":"Sustituto de la comida"}],"product_tag":[{"value":633,"label":"Dieta"}]},"featured_image_src_large":["https:\/\/www.lraloeverashop.eu\/wp-content\/uploads\/2022\/10\/Fiber-Boost-Drink-Powder-set-1024x1024.jpg",1024,1024,true],"author_info":[],"comment_info":0,"_links":{"self":[{"href":"https:\/\/www.lraloeverashop.eu\/es\/wp-json\/wp\/v2\/product\/9471","targetHints":{"allow":["GET"]}}],"collection":[{"href":"https:\/\/www.lraloeverashop.eu\/es\/wp-json\/wp\/v2\/product"}],"about":[{"href":"https:\/\/www.lraloeverashop.eu\/es\/wp-json\/wp\/v2\/types\/product"}],"replies":[{"embeddable":true,"href":"https:\/\/www.lraloeverashop.eu\/es\/wp-json\/wp\/v2\/comments?post=9471"}],"wp:featuredmedia":[{"embeddable":true,"href":"https:\/\/www.lraloeverashop.eu\/es\/wp-json\/wp\/v2\/media\/5447"}],"wp:attachment":[{"href":"https:\/\/www.lraloeverashop.eu\/es\/wp-json\/wp\/v2\/media?parent=9471"}],"wp:term":[{"taxonomy":"product_brand","embeddable":true,"href":"https:\/\/www.lraloeverashop.eu\/es\/wp-json\/wp\/v2\/product_brand?post=9471"},{"taxonomy":"product_cat","embeddable":true,"href":"https:\/\/www.lraloeverashop.eu\/es\/wp-json\/wp\/v2\/product_cat?post=9471"},{"taxonomy":"product_tag","embeddable":true,"href":"https:\/\/www.lraloeverashop.eu\/es\/wp-json\/wp\/v2\/product_tag?post=9471"}],"curies":[{"name":"wp","href":"https:\/\/api.w.org\/{rel}","templated":true}]}}