{"id":9423,"date":"2022-10-14T11:27:51","date_gmt":"2022-10-14T09:27:51","guid":{"rendered":"https:\/\/www.lraloeverashop.eu\/product\/woman-phyto-capsulas-set\/"},"modified":"2026-02-09T05:04:43","modified_gmt":"2026-02-09T04:04:43","slug":"woman-phyto-capsulas-set","status":"publish","type":"product","link":"https:\/\/www.lraloeverashop.eu\/es\/producto\/woman-phyto-capsulas-set\/","title":{"rendered":"Woman Phyto C\u00e1psulas Set Para La Menopausia"},"content":{"rendered":"<h2><span style=\"font-size: 16pt;\"><strong>Woman Phyto C\u00e1psulas Set Para La Menopausia<\/strong><\/span><\/h2>\n<p><span style=\"font-size: 14pt;\"><strong>Woman Phyto C\u00e1psulas Set Para El Apoyo En La Menopausia<\/strong><\/span><\/p>\n<p>Woman Phyto C\u00e1psulas Set &#8211; Ayuda natural durante el per\u00edodo del climaterio. Contiene magnesio, calcio, <a href=\"https:\/\/www.lraloeverashop.eu\/es\/producto\/active-freedom-capsulas\/\">vitamina D3<\/a>, que ayuda a almacenar calcio en la masa \u00f3sea. Con extracto de tr\u00e9bol rojo. \u00a1Solo de los Alpes! Sin lactosa y sin gluten.<\/p>\n<p><strong>Las Woman Phyto C\u00e1psulas Set para la menopausia suprime los s\u00edntomas de la menopausia:<\/strong><\/p>\n<ul>\n<li>Sofocos, sudoraci\u00f3n, irritabilidad, nerviosismo, cansancio, trastornos del sue\u00f1o, dolores de cabeza, <a href=\"https:\/\/www.lraloeverashop.eu\/es\/producto\/woman-phyto-capsulas-para-la-menopausia\/\">tensiones en los senos<\/a> &#8230;<\/li>\n<li>Prevenci\u00f3n de la osteoporosis!<\/li>\n<li>\u00a1Reduce el riesgo de c\u00e1ncer de mama, colon, ovario (endometriosis) y ovario!<\/li>\n<li>Prevenci\u00f3n cardiovascular!<\/li>\n<li>\u00a1Reduzca la presi\u00f3n arterial! \u00a1Reduce tu colesterol!<\/li>\n<\/ul>\n<p>&nbsp;<\/p>\n<p><strong>Dosis recomendada:<\/strong> 1 c\u00e1psula 2-3 veces al d\u00eda antes o despu\u00e9s de una comida.<\/p>\n<p>3 piezas de Woman Phyto C\u00e1psulas para la menopausia contienen 250 mg de extracto de tr\u00e9bol rojo, equivalente a 50 mg de isoflavonas de tr\u00e9bol rojo, sustancias similares a los fitoestr\u00f3genos, pero de forma natural.<\/p>\n<p>Es ideal para usar Phyto Activ para la menopausia con el gel de Aloe Vera, que puede ajustar el sistema hormonal femenino y, gracias a la sinergia, se multiplica el efecto preventivo y terap\u00e9utico.<br \/>\nLas isoflavonas (fitoestr\u00f3genos) son mol\u00e9culas similares al estr\u00f3geno y act\u00faan como antioxidantes en las plantas libres. Cumplen la protecci\u00f3n celular constructiva. Protegen los <a href=\"https:\/\/www.lraloeverashop.eu\/es\/producto\/woman-phyto-para-la-menopausia\/\">vasos sangu\u00edneos<\/a> de la aterosclerosis.<\/p>\n<p><strong>Atenci\u00f3n:<\/strong> \u00a1incluso los anticonceptivos hormonales usados \u200b\u200bincorrectamente o el tratamiento con preparaciones hormonales sint\u00e9ticas pueden, por supuesto, contribuir a la interrupci\u00f3n de la proporci\u00f3n \u00f3ptima de hormonas sexuales!<\/p>\n<p>&nbsp;<\/p>\n<h2><span style=\"font-size: 16pt;\"><strong>\u00bfQui\u00e9n deber\u00eda tomar Woman Phyto Activ C\u00e1psulas Set?<\/strong><\/span><\/h2>\n<p>Las Woman Phyto C\u00e1psulas Set &#8211; pastillas para la menopausia deben ser utilizadas por mujeres en edad premenop\u00e1usica que quieran disfrutar activamente de a\u00f1os de madurez adulta y prevenir complicaciones de salud como medida de precauci\u00f3n. Adem\u00e1s, las mujeres f\u00e9rtiles que desarrollan problemas de salud inducidos por el dominio del estr\u00f3geno.<\/p>\n<p>Las madres embarazadas y lactantes deben consultar a su m\u00e9dico para su posible uso. Las mujeres que tienen o han tenido algunas enfermedades graves relacionadas con la transici\u00f3n deben tomar este producto regularmente, posiblemente con tratamiento farmacol\u00f3gico y otros remedios naturales como. <a href=\"https:\/\/www.lraloeverashop.eu\/es\/producto\/aloe-vera-gel-bebible-freedom\/\">Gel de Aloe Vera<\/a>, Reishi, Vita Aktiv, etc.<\/p>\n<p>No recomendamos el uso de Woman Phyto C\u00e1psulas para la menopausia en adolescentes cuyas isoflavonas en cantidades m\u00e1s altas pueden debilitar el sistema inmunitario. En particular, las madres que llevan beb\u00e9s para f\u00f3rmulas infantiles deben asegurarse de que no est\u00e9n hechas de soya.<\/p>\n<p>&nbsp;<\/p>\n<h3><span style=\"font-size: 16pt;\"><strong>C\u00f3mo utilizar Phyto C\u00e1psulas<\/strong><\/span><\/h3>\n<p><strong>Dosis recomendada:<\/strong>\u00a0tomar 3 x 1 c\u00e1psula al d\u00eda con un poco de l\u00edquido.<\/p>\n<p>No se debe exceder la dosis diaria recomendada. Los suplementos diet\u00e9ticos no deben usarse como sustitutos de una dieta equilibrada y variada. Mantenga el producto fuera del alcance de los ni\u00f1os peque\u00f1os. Almacenar en lugar fresco y seco.<\/p>\n<p>&nbsp;<\/p>\n<h4>Preguntas m\u00e1s frecuentes<\/h4>\n<p><strong>\u00bfQu\u00e9 se puede hacer por sus huesos?<\/strong><br \/>\nEl ejercicio regular y el ejercicio fortalecen el m\u00fasculo esquel\u00e9tico y son extremadamente importantes para desarrollar y mantener una estructura \u00f3sea estable. Correr, andar en bicicleta, nadar o incluso el entrenamiento de fuerza dirigido toma los huesos, por lo que se genera m\u00e1s sustancia \u00f3sea como resultado.<\/p>\n<p>Especialmente en invierno, tambi\u00e9n debemos asegurarnos de tomar al menos un poco de sol todos los d\u00edas. Porque el sol ayuda al cuerpo a formar vitamina D, que i.a. juega un papel en muchos procesos hormonales.<\/p>\n<p><strong>\u00bfC\u00f3mo puede ayudar la nutrici\u00f3n a promover el bienestar femenino?<\/strong><br \/>\nUna dieta vegetal saludable y variada es de gran importancia: adem\u00e1s de las vitaminas, minerales y oligoelementos importantes, las frutas, verduras, legumbres y granos integrales tambi\u00e9n contienen fitoqu\u00edmicos que previenen el envejecimiento prematuro.<\/p>\n<p>&nbsp;<\/p>\n","protected":false},"excerpt":{"rendered":"<ul>\n<li>Con calcio y vitamina D, mantiene la salud \u00f3sea.<\/li>\n<li>Por el bienestar del cuerpo femenino<\/li>\n<li>Prevenci\u00f3n de osteoporosis<\/li>\n<li>Contiene extracto de tr\u00e9bol rojo<\/li>\n<li>Sin lactosa y sin gluten<\/li>\n<li>Producto hecho en Alemania<\/li>\n<li>Cantidad: 3 x 90 C\u00e1psulas<\/li>\n<\/ul>\n<p><span style=\"color: #ff0000;\"><a style=\"color: #ff0000;\" href=\"https:\/\/shop.lrworld.com\/openpao?PHP=0vFlt7jT938BEnBI3a6e9w%3D%3D\"><span style=\"font-size: 14pt;\"><strong>Reg\u00edstrate aqu\u00ed y ahorra 35% en cada compra<\/strong><\/span><\/a><\/span><\/p>\n","protected":false},"featured_media":5279,"comment_status":"open","ping_status":"closed","template":"","meta":{"_kad_blocks_custom_css":"","_kad_blocks_head_custom_js":"","_kad_blocks_body_custom_js":"","_kad_blocks_footer_custom_js":"","_kadence_starter_templates_imported_post":false,"_kad_post_transparent":"default","_kad_post_title":"","_kad_post_layout":"default","_kad_post_sidebar_id":"","_kad_post_content_style":"default","_kad_post_vertical_padding":"default","_kad_post_feature":"","_kad_post_feature_position":"","_kad_post_header":false,"_kad_post_footer":false,"_kad_post_classname":""},"product_brand":[],"product_cat":[458,433,469],"product_tag":[],"class_list":{"0":"post-9423","1":"product","2":"type-product","3":"status-publish","4":"has-post-thumbnail","6":"product_cat-ahorra-en-los-sets","7":"product_cat-equilibrio-hormonal-es","8":"product_cat-especialistas","10":"first","11":"outofstock","12":"taxable","13":"shipping-taxable","14":"purchasable","15":"product-type-simple","16":"entry","17":"content-bg","18":"loop-entry"},"yoast_head":"<!-- This site is optimized with the Yoast SEO Premium plugin v27.3 (Yoast SEO v27.3) - https:\/\/yoast.com\/product\/yoast-seo-premium-wordpress\/ -->\n<title>Woman Phyto C\u00e1psulas Set suprime s\u00edntomas de la menopausia<\/title>\n<meta name=\"description\" content=\"Woman Phyto C\u00e1psulas Set para la menopausia deben ser utilizadas por mujeres en edad premenop\u00e1usica que quieran disfrutar activamente de a\u00f1os de madurez\" \/>\n<meta name=\"robots\" content=\"index, follow, max-snippet:-1, max-image-preview:large, max-video-preview:-1\" \/>\n<link rel=\"canonical\" href=\"https:\/\/www.lraloeverashop.eu\/es\/producto\/woman-phyto-capsulas-set\/\" \/>\n<meta property=\"og:locale\" content=\"es_ES\" \/>\n<meta property=\"og:type\" content=\"article\" \/>\n<meta property=\"og:title\" content=\"Woman Phyto C\u00e1psulas Set Para La Menopausia\" \/>\n<meta property=\"og:description\" content=\"Woman Phyto C\u00e1psulas Set para la menopausia deben ser utilizadas por mujeres en edad premenop\u00e1usica que quieran disfrutar activamente de a\u00f1os de madurez\" \/>\n<meta property=\"og:url\" content=\"https:\/\/www.lraloeverashop.eu\/es\/producto\/woman-phyto-capsulas-set\/\" \/>\n<meta property=\"og:site_name\" content=\"Lr Tienda Aloe Vera\" \/>\n<meta property=\"article:publisher\" content=\"https:\/\/www.facebook.com\/lraloeverashop.eu\" \/>\n<meta property=\"article:modified_time\" content=\"2026-02-09T04:04:43+00:00\" \/>\n<meta property=\"og:image\" content=\"https:\/\/www.lraloeverashop.eu\/wp-content\/uploads\/2022\/10\/Woman-phyto-capsules-3-set.jpg\" \/>\n\t<meta property=\"og:image:width\" content=\"1200\" \/>\n\t<meta property=\"og:image:height\" content=\"1200\" \/>\n\t<meta property=\"og:image:type\" content=\"image\/jpeg\" \/>\n<meta name=\"twitter:card\" content=\"summary_large_image\" \/>\n<meta name=\"twitter:site\" content=\"@natur__kosmetik\" \/>\n<script type=\"application\/ld+json\" class=\"yoast-schema-graph\">{\"@context\":\"https:\\\/\\\/schema.org\",\"@graph\":[{\"@type\":[\"WebPage\",\"ItemPage\"],\"@id\":\"https:\\\/\\\/www.lraloeverashop.eu\\\/es\\\/producto\\\/woman-phyto-capsulas-set\\\/\",\"url\":\"https:\\\/\\\/www.lraloeverashop.eu\\\/es\\\/producto\\\/woman-phyto-capsulas-set\\\/\",\"name\":\"Woman Phyto C\u00e1psulas Set suprime s\u00edntomas de la menopausia\",\"isPartOf\":{\"@id\":\"https:\\\/\\\/www.lraloeverashop.eu\\\/es\\\/#website\"},\"primaryImageOfPage\":{\"@id\":\"https:\\\/\\\/www.lraloeverashop.eu\\\/es\\\/producto\\\/woman-phyto-capsulas-set\\\/#primaryimage\"},\"image\":{\"@id\":\"https:\\\/\\\/www.lraloeverashop.eu\\\/es\\\/producto\\\/woman-phyto-capsulas-set\\\/#primaryimage\"},\"thumbnailUrl\":\"https:\\\/\\\/www.lraloeverashop.eu\\\/wp-content\\\/uploads\\\/2022\\\/10\\\/Woman-phyto-capsules-3-set.jpg\",\"datePublished\":\"2022-10-14T09:27:51+00:00\",\"dateModified\":\"2026-02-09T04:04:43+00:00\",\"description\":\"Woman Phyto C\u00e1psulas Set para la menopausia deben ser utilizadas por mujeres en edad premenop\u00e1usica que quieran disfrutar activamente de a\u00f1os de madurez\",\"breadcrumb\":{\"@id\":\"https:\\\/\\\/www.lraloeverashop.eu\\\/es\\\/producto\\\/woman-phyto-capsulas-set\\\/#breadcrumb\"},\"inLanguage\":\"es\",\"potentialAction\":[{\"@type\":\"ReadAction\",\"target\":[\"https:\\\/\\\/www.lraloeverashop.eu\\\/es\\\/producto\\\/woman-phyto-capsulas-set\\\/\"]}]},{\"@type\":\"ImageObject\",\"inLanguage\":\"es\",\"@id\":\"https:\\\/\\\/www.lraloeverashop.eu\\\/es\\\/producto\\\/woman-phyto-capsulas-set\\\/#primaryimage\",\"url\":\"https:\\\/\\\/www.lraloeverashop.eu\\\/wp-content\\\/uploads\\\/2022\\\/10\\\/Woman-phyto-capsules-3-set.jpg\",\"contentUrl\":\"https:\\\/\\\/www.lraloeverashop.eu\\\/wp-content\\\/uploads\\\/2022\\\/10\\\/Woman-phyto-capsules-3-set.jpg\",\"width\":1200,\"height\":1200,\"caption\":\"Woman phyto capsulas 3 piezas\"},{\"@type\":\"BreadcrumbList\",\"@id\":\"https:\\\/\\\/www.lraloeverashop.eu\\\/es\\\/producto\\\/woman-phyto-capsulas-set\\\/#breadcrumb\",\"itemListElement\":[{\"@type\":\"ListItem\",\"position\":1,\"name\":\"Home\",\"item\":\"https:\\\/\\\/www.lraloeverashop.eu\\\/es\\\/\"},{\"@type\":\"ListItem\",\"position\":2,\"name\":\"Tienda\",\"item\":\"https:\\\/\\\/www.lraloeverashop.eu\\\/es\\\/tienda\\\/\"},{\"@type\":\"ListItem\",\"position\":3,\"name\":\"Woman Phyto C\u00e1psulas Set Para La Menopausia\"}]},{\"@type\":\"WebSite\",\"@id\":\"https:\\\/\\\/www.lraloeverashop.eu\\\/es\\\/#website\",\"url\":\"https:\\\/\\\/www.lraloeverashop.eu\\\/es\\\/\",\"name\":\"Lr Tienda Aloe Vera\",\"description\":\"High Quality Lr Aloe Vera Gel, Aloe Vera Cream and Shampoo\",\"publisher\":{\"@id\":\"https:\\\/\\\/www.lraloeverashop.eu\\\/es\\\/#organization\"},\"potentialAction\":[{\"@type\":\"SearchAction\",\"target\":{\"@type\":\"EntryPoint\",\"urlTemplate\":\"https:\\\/\\\/www.lraloeverashop.eu\\\/es\\\/?s={search_term_string}\"},\"query-input\":{\"@type\":\"PropertyValueSpecification\",\"valueRequired\":true,\"valueName\":\"search_term_string\"}}],\"inLanguage\":\"es\"},{\"@type\":\"Organization\",\"@id\":\"https:\\\/\\\/www.lraloeverashop.eu\\\/es\\\/#organization\",\"name\":\"Lr Tienda Aloe Vera\",\"alternateName\":\"LR\",\"url\":\"https:\\\/\\\/www.lraloeverashop.eu\\\/es\\\/\",\"logo\":{\"@type\":\"ImageObject\",\"inLanguage\":\"es\",\"@id\":\"https:\\\/\\\/www.lraloeverashop.eu\\\/es\\\/#\\\/schema\\\/logo\\\/image\\\/\",\"url\":\"https:\\\/\\\/www.lraloeverashop.eu\\\/wp-content\\\/uploads\\\/2022\\\/09\\\/cropped-Lr-Aloe-Vera-Shop.jpg\",\"contentUrl\":\"https:\\\/\\\/www.lraloeverashop.eu\\\/wp-content\\\/uploads\\\/2022\\\/09\\\/cropped-Lr-Aloe-Vera-Shop.jpg\",\"width\":228,\"height\":76,\"caption\":\"Lr Tienda Aloe Vera\"},\"image\":{\"@id\":\"https:\\\/\\\/www.lraloeverashop.eu\\\/es\\\/#\\\/schema\\\/logo\\\/image\\\/\"},\"sameAs\":[\"https:\\\/\\\/www.facebook.com\\\/lraloeverashop.eu\",\"https:\\\/\\\/x.com\\\/natur__kosmetik\",\"https:\\\/\\\/www.youtube.com\\\/channel\\\/UC5oN7BJ8nfYb8RpVtjwDEBA\",\"https:\\\/\\\/www.instagram.com\\\/lrbeautyeu\\\/\"]}]}<\/script>\n<meta property=\"product:price:amount\" content=\"101.49\" \/>\n<meta property=\"product:price:currency\" content=\"EUR\" \/>\n<meta property=\"og:availability\" content=\"out of stock\" \/>\n<meta property=\"product:availability\" content=\"out of stock\" \/>\n<meta property=\"product:retailer_item_id\" content=\"80352-499ES\" \/>\n<meta property=\"product:condition\" content=\"new\" \/>\n<!-- \/ Yoast SEO Premium plugin. -->","yoast_head_json":{"title":"Woman Phyto C\u00e1psulas Set suprime s\u00edntomas de la menopausia","description":"Woman Phyto C\u00e1psulas Set para la menopausia deben ser utilizadas por mujeres en edad premenop\u00e1usica que quieran disfrutar activamente de a\u00f1os de madurez","robots":{"index":"index","follow":"follow","max-snippet":"max-snippet:-1","max-image-preview":"max-image-preview:large","max-video-preview":"max-video-preview:-1"},"canonical":"https:\/\/www.lraloeverashop.eu\/es\/producto\/woman-phyto-capsulas-set\/","og_locale":"es_ES","og_type":"article","og_title":"Woman Phyto C\u00e1psulas Set Para La Menopausia","og_description":"Woman Phyto C\u00e1psulas Set para la menopausia deben ser utilizadas por mujeres en edad premenop\u00e1usica que quieran disfrutar activamente de a\u00f1os de madurez","og_url":"https:\/\/www.lraloeverashop.eu\/es\/producto\/woman-phyto-capsulas-set\/","og_site_name":"Lr Tienda Aloe Vera","article_publisher":"https:\/\/www.facebook.com\/lraloeverashop.eu","article_modified_time":"2026-02-09T04:04:43+00:00","og_image":[{"width":1200,"height":1200,"url":"https:\/\/www.lraloeverashop.eu\/wp-content\/uploads\/2022\/10\/Woman-phyto-capsules-3-set.jpg","type":"image\/jpeg"}],"twitter_card":"summary_large_image","twitter_site":"@natur__kosmetik","schema":{"@context":"https:\/\/schema.org","@graph":[{"@type":["WebPage","ItemPage"],"@id":"https:\/\/www.lraloeverashop.eu\/es\/producto\/woman-phyto-capsulas-set\/","url":"https:\/\/www.lraloeverashop.eu\/es\/producto\/woman-phyto-capsulas-set\/","name":"Woman Phyto C\u00e1psulas Set suprime s\u00edntomas de la menopausia","isPartOf":{"@id":"https:\/\/www.lraloeverashop.eu\/es\/#website"},"primaryImageOfPage":{"@id":"https:\/\/www.lraloeverashop.eu\/es\/producto\/woman-phyto-capsulas-set\/#primaryimage"},"image":{"@id":"https:\/\/www.lraloeverashop.eu\/es\/producto\/woman-phyto-capsulas-set\/#primaryimage"},"thumbnailUrl":"https:\/\/www.lraloeverashop.eu\/wp-content\/uploads\/2022\/10\/Woman-phyto-capsules-3-set.jpg","datePublished":"2022-10-14T09:27:51+00:00","dateModified":"2026-02-09T04:04:43+00:00","description":"Woman Phyto C\u00e1psulas Set para la menopausia deben ser utilizadas por mujeres en edad premenop\u00e1usica que quieran disfrutar activamente de a\u00f1os de madurez","breadcrumb":{"@id":"https:\/\/www.lraloeverashop.eu\/es\/producto\/woman-phyto-capsulas-set\/#breadcrumb"},"inLanguage":"es","potentialAction":[{"@type":"ReadAction","target":["https:\/\/www.lraloeverashop.eu\/es\/producto\/woman-phyto-capsulas-set\/"]}]},{"@type":"ImageObject","inLanguage":"es","@id":"https:\/\/www.lraloeverashop.eu\/es\/producto\/woman-phyto-capsulas-set\/#primaryimage","url":"https:\/\/www.lraloeverashop.eu\/wp-content\/uploads\/2022\/10\/Woman-phyto-capsules-3-set.jpg","contentUrl":"https:\/\/www.lraloeverashop.eu\/wp-content\/uploads\/2022\/10\/Woman-phyto-capsules-3-set.jpg","width":1200,"height":1200,"caption":"Woman phyto capsulas 3 piezas"},{"@type":"BreadcrumbList","@id":"https:\/\/www.lraloeverashop.eu\/es\/producto\/woman-phyto-capsulas-set\/#breadcrumb","itemListElement":[{"@type":"ListItem","position":1,"name":"Home","item":"https:\/\/www.lraloeverashop.eu\/es\/"},{"@type":"ListItem","position":2,"name":"Tienda","item":"https:\/\/www.lraloeverashop.eu\/es\/tienda\/"},{"@type":"ListItem","position":3,"name":"Woman Phyto C\u00e1psulas Set Para La Menopausia"}]},{"@type":"WebSite","@id":"https:\/\/www.lraloeverashop.eu\/es\/#website","url":"https:\/\/www.lraloeverashop.eu\/es\/","name":"Lr Tienda Aloe Vera","description":"High Quality Lr Aloe Vera Gel, Aloe Vera Cream and Shampoo","publisher":{"@id":"https:\/\/www.lraloeverashop.eu\/es\/#organization"},"potentialAction":[{"@type":"SearchAction","target":{"@type":"EntryPoint","urlTemplate":"https:\/\/www.lraloeverashop.eu\/es\/?s={search_term_string}"},"query-input":{"@type":"PropertyValueSpecification","valueRequired":true,"valueName":"search_term_string"}}],"inLanguage":"es"},{"@type":"Organization","@id":"https:\/\/www.lraloeverashop.eu\/es\/#organization","name":"Lr Tienda Aloe Vera","alternateName":"LR","url":"https:\/\/www.lraloeverashop.eu\/es\/","logo":{"@type":"ImageObject","inLanguage":"es","@id":"https:\/\/www.lraloeverashop.eu\/es\/#\/schema\/logo\/image\/","url":"https:\/\/www.lraloeverashop.eu\/wp-content\/uploads\/2022\/09\/cropped-Lr-Aloe-Vera-Shop.jpg","contentUrl":"https:\/\/www.lraloeverashop.eu\/wp-content\/uploads\/2022\/09\/cropped-Lr-Aloe-Vera-Shop.jpg","width":228,"height":76,"caption":"Lr Tienda Aloe Vera"},"image":{"@id":"https:\/\/www.lraloeverashop.eu\/es\/#\/schema\/logo\/image\/"},"sameAs":["https:\/\/www.facebook.com\/lraloeverashop.eu","https:\/\/x.com\/natur__kosmetik","https:\/\/www.youtube.com\/channel\/UC5oN7BJ8nfYb8RpVtjwDEBA","https:\/\/www.instagram.com\/lrbeautyeu\/"]}]},"product_price_amount":"101.49","product_price_currency":"EUR","og_availability":"out of stock","product_availability":"out of stock","product_retailer_item_id":"80352-499ES","product_condition":"new"},"taxonomy_info":{"product_cat":[{"value":458,"label":"Ahorra en los sets"},{"value":433,"label":"Equilibrio Hormonal"},{"value":469,"label":"Especialistas"}]},"featured_image_src_large":["https:\/\/www.lraloeverashop.eu\/wp-content\/uploads\/2022\/10\/Woman-phyto-capsules-3-set-1024x1024.jpg",1024,1024,true],"author_info":[],"comment_info":0,"_links":{"self":[{"href":"https:\/\/www.lraloeverashop.eu\/es\/wp-json\/wp\/v2\/product\/9423","targetHints":{"allow":["GET"]}}],"collection":[{"href":"https:\/\/www.lraloeverashop.eu\/es\/wp-json\/wp\/v2\/product"}],"about":[{"href":"https:\/\/www.lraloeverashop.eu\/es\/wp-json\/wp\/v2\/types\/product"}],"replies":[{"embeddable":true,"href":"https:\/\/www.lraloeverashop.eu\/es\/wp-json\/wp\/v2\/comments?post=9423"}],"wp:featuredmedia":[{"embeddable":true,"href":"https:\/\/www.lraloeverashop.eu\/es\/wp-json\/wp\/v2\/media\/5279"}],"wp:attachment":[{"href":"https:\/\/www.lraloeverashop.eu\/es\/wp-json\/wp\/v2\/media?parent=9423"}],"wp:term":[{"taxonomy":"product_brand","embeddable":true,"href":"https:\/\/www.lraloeverashop.eu\/es\/wp-json\/wp\/v2\/product_brand?post=9423"},{"taxonomy":"product_cat","embeddable":true,"href":"https:\/\/www.lraloeverashop.eu\/es\/wp-json\/wp\/v2\/product_cat?post=9423"},{"taxonomy":"product_tag","embeddable":true,"href":"https:\/\/www.lraloeverashop.eu\/es\/wp-json\/wp\/v2\/product_tag?post=9423"}],"curies":[{"name":"wp","href":"https:\/\/api.w.org\/{rel}","templated":true}]}}