{"id":9359,"date":"2022-10-15T12:43:38","date_gmt":"2022-10-15T10:43:38","guid":{"rendered":"https:\/\/www.lraloeverashop.eu\/product\/proteina-en-polvo-vainilla\/"},"modified":"2026-02-09T05:03:38","modified_gmt":"2026-02-09T04:03:38","slug":"proteina-en-polvo-vainilla","status":"publish","type":"product","link":"https:\/\/www.lraloeverashop.eu\/es\/producto\/proteina-en-polvo-vainilla\/","title":{"rendered":"Proteina en Polvo Vainilla"},"content":{"rendered":"<h2><span style=\"font-size: 16pt;\"><strong>Proteina en Polvo Vainilla<\/strong><\/span><\/h2>\n<p><span style=\"font-size: 14pt;\"><strong>Proteina en Polvo Vainilla de 5 Fuentes Diferentes<\/strong><\/span><\/p>\n<p>Proteina en Polvo Vainilla apoya eficazmente la preservaci\u00f3n y el aumento de la masa muscular. Contribuye al metabolismo normal de las prote\u00ednas, con prote\u00ednas de 5 fuentes diferentes, magnesio y vitamina B6.<\/p>\n<p><strong>Cient\u00edficamente probado por la EFSA (Autoridad Europea de Seguridad Alimentaria):<\/strong><\/p>\n<p>1. Las prote\u00ednas contribuyen a la preservaci\u00f3n y el aumento de la masa muscular<br \/>\n2. El magnesio contribuye a la s\u00edntesis normal de prote\u00ednas y a la funci\u00f3n muscular normal<br \/>\n3. La vitamina B6 contribuye a la funci\u00f3n normal del <a href=\"https:\/\/www.lraloeverashop.eu\/es\/producto\/fiber-boost-bebida-en-polvo\/\">metabolismo<\/a> de las prote\u00ednas y el gluc\u00f3geno<\/p>\n<p>&nbsp;<\/p>\n<h3><span style=\"font-size: 16pt;\"><strong>C\u00f3mo utilizar<\/strong><\/span><\/h3>\n<p><strong>Dosis diaria recomendada:<br \/>\n<\/strong>Mezcle una cucharada peque\u00f1a (12.5 g de Proteina en Polvo Vainilla con 125 ml de leche baja en grasa (1.5% de grasa) o 100 ml de agua.<br \/>\nSe recomienda preparar la bebida con leche y consumirla por la noche. Tambi\u00e9n se recomienda usar un agitador.<\/p>\n<p>Asegure una dieta rica y equilibrada, en combinaci\u00f3n con un estilo de vida saludable. Puede contener trazas de gluten y lupino. Agitar antes de usar.<br \/>\nEl volumen de llenado de Proteina en Polvo est\u00e1 sujeto a especificaciones t\u00e9cnicas.<br \/>\nAlmacenar en un lugar fresco y seco y consumir poco despu\u00e9s de abrir.<\/p>\n<p>&nbsp;<\/p>\n<h4><span style=\"font-size: 16pt;\"><strong>\u00bfLo Sab\u00edas?<\/strong><\/span><\/h4>\n<p>Los m\u00fasculos juegan un papel importante en la quema de grasa. Aquellos que participan activamente en deportes y aquellos que intentan perder peso deben prestar especial atenci\u00f3n a preservar (e incluso aumentar) su masa muscular a medida que los m\u00fasculos consumen energ\u00eda, lo que conduce a la p\u00e9rdida de peso.<br \/>\nEsta combinaci\u00f3n especial de 5 componentes proteicos es \u00fanica en el mercado. Apoya el metabolismo de las prote\u00ednas necesarias.<\/p>\n<p>Proteina en Polvo Vainilla es un <a href=\"https:\/\/www.lraloeverashop.eu\/es\/producto\/batido-para-adelgazar-sabor-vainilla\/\">producto de alta calidad<\/a>, creado por nutricionistas l\u00edderes de acuerdo con los principios de la ciencia moderna de la salud.<br \/>\n<a href=\"https:\/\/www.lraloeverashop.eu\/es\/producto\/protein-power-bebida-de-vainilla-en-polvo\/\">Proteina<\/a> se fabrica en Alemania: cada etapa de producci\u00f3n, desde la selecci\u00f3n de las materias primas hasta el embalaje, est\u00e1 sujeta a estrictos controles de acuerdo con los est\u00e1ndares de calidad de LR.<\/p>\n","protected":false},"excerpt":{"rendered":"<ul>\n<li>Bebida proteica para el apoyo de la masa muscular<\/li>\n<li>Contiene prote\u00ednas y nutrientes valiosos que ayudan a preservar y aumentar la masa muscular<\/li>\n<li>Con 80 prote\u00ednas de 5 fuentes diferentes<\/li>\n<li>Con magnesio y vitamina B6<\/li>\n<li>Cantidad: 3 x 375 g<\/li>\n<\/ul>\n<p><span style=\"color: #ff0000;\"><a style=\"color: #ff0000;\" href=\"https:\/\/shop.lrworld.com\/openpao?PHP=0vFlt7jT938BEnBI3a6e9w%3D%3D\"><span style=\"font-size: 14pt;\"><strong>Reg\u00edstrate aqu\u00ed y ahorra 35% en cada compra<\/strong><\/span><\/a><\/span><\/p>\n","protected":false},"featured_media":5705,"comment_status":"open","ping_status":"closed","template":"","meta":{"_kad_blocks_custom_css":"","_kad_blocks_head_custom_js":"","_kad_blocks_body_custom_js":"","_kad_blocks_footer_custom_js":"","_kadence_starter_templates_imported_post":false,"_kad_post_transparent":"default","_kad_post_title":"","_kad_post_layout":"default","_kad_post_sidebar_id":"","_kad_post_content_style":"default","_kad_post_vertical_padding":"default","_kad_post_feature":"","_kad_post_feature_position":"","_kad_post_header":false,"_kad_post_footer":false,"_kad_post_classname":""},"product_brand":[],"product_cat":[458,344,469,421,338],"product_tag":[633],"class_list":{"0":"post-9359","1":"product","2":"type-product","3":"status-publish","4":"has-post-thumbnail","6":"product_cat-ahorra-en-los-sets","7":"product_cat-companero-de-dieta","8":"product_cat-especialistas","9":"product_cat-huesos-articulaciones-y-musculos","10":"product_cat-suplementos-dieteticos","11":"product_tag-dieta-es","13":"first","14":"outofstock","15":"taxable","16":"shipping-taxable","17":"purchasable","18":"product-type-simple","19":"entry","20":"content-bg","21":"loop-entry"},"yoast_head":"<!-- This site is optimized with the Yoast SEO Premium plugin v27.3 (Yoast SEO v27.3) - https:\/\/yoast.com\/product\/yoast-seo-premium-wordpress\/ -->\n<title>Proteina en Polvo Vainilla para aumentar la masa muscular.<\/title>\n<meta name=\"description\" content=\"Proteina en Polvo Vainilla contiene prote\u00ednas y nutrientes valiosos que ayudan a preservar y aumentar la masa muscular. 80 prote\u00ednas de 5 fuentes diferentes\" \/>\n<meta name=\"robots\" content=\"index, follow, max-snippet:-1, max-image-preview:large, max-video-preview:-1\" \/>\n<link rel=\"canonical\" href=\"https:\/\/www.lraloeverashop.eu\/es\/producto\/proteina-en-polvo-vainilla\/\" \/>\n<meta property=\"og:locale\" content=\"es_ES\" \/>\n<meta property=\"og:type\" content=\"article\" \/>\n<meta property=\"og:title\" content=\"Proteina en Polvo Vainilla\" \/>\n<meta property=\"og:description\" content=\"Proteina en Polvo Vainilla contiene prote\u00ednas y nutrientes valiosos que ayudan a preservar y aumentar la masa muscular. 80 prote\u00ednas de 5 fuentes diferentes\" \/>\n<meta property=\"og:url\" content=\"https:\/\/www.lraloeverashop.eu\/es\/producto\/proteina-en-polvo-vainilla\/\" \/>\n<meta property=\"og:site_name\" content=\"Lr Tienda Aloe Vera\" \/>\n<meta property=\"article:publisher\" content=\"https:\/\/www.facebook.com\/lraloeverashop.eu\" \/>\n<meta property=\"article:modified_time\" content=\"2026-02-09T04:03:38+00:00\" \/>\n<meta property=\"og:image\" content=\"https:\/\/www.lraloeverashop.eu\/wp-content\/uploads\/2022\/10\/Muscle-Protein-Drink-Set-3pcs.jpg\" \/>\n\t<meta property=\"og:image:width\" content=\"1200\" \/>\n\t<meta property=\"og:image:height\" content=\"1200\" \/>\n\t<meta property=\"og:image:type\" content=\"image\/jpeg\" \/>\n<meta name=\"twitter:card\" content=\"summary_large_image\" \/>\n<meta name=\"twitter:site\" content=\"@natur__kosmetik\" \/>\n<script type=\"application\/ld+json\" class=\"yoast-schema-graph\">{\"@context\":\"https:\\\/\\\/schema.org\",\"@graph\":[{\"@type\":[\"WebPage\",\"ItemPage\"],\"@id\":\"https:\\\/\\\/www.lraloeverashop.eu\\\/es\\\/producto\\\/proteina-en-polvo-vainilla\\\/\",\"url\":\"https:\\\/\\\/www.lraloeverashop.eu\\\/es\\\/producto\\\/proteina-en-polvo-vainilla\\\/\",\"name\":\"Proteina en Polvo Vainilla para aumentar la masa muscular.\",\"isPartOf\":{\"@id\":\"https:\\\/\\\/www.lraloeverashop.eu\\\/es\\\/#website\"},\"primaryImageOfPage\":{\"@id\":\"https:\\\/\\\/www.lraloeverashop.eu\\\/es\\\/producto\\\/proteina-en-polvo-vainilla\\\/#primaryimage\"},\"image\":{\"@id\":\"https:\\\/\\\/www.lraloeverashop.eu\\\/es\\\/producto\\\/proteina-en-polvo-vainilla\\\/#primaryimage\"},\"thumbnailUrl\":\"https:\\\/\\\/www.lraloeverashop.eu\\\/wp-content\\\/uploads\\\/2022\\\/10\\\/Muscle-Protein-Drink-Set-3pcs.jpg\",\"datePublished\":\"2022-10-15T10:43:38+00:00\",\"dateModified\":\"2026-02-09T04:03:38+00:00\",\"description\":\"Proteina en Polvo Vainilla contiene prote\u00ednas y nutrientes valiosos que ayudan a preservar y aumentar la masa muscular. 80 prote\u00ednas de 5 fuentes diferentes\",\"breadcrumb\":{\"@id\":\"https:\\\/\\\/www.lraloeverashop.eu\\\/es\\\/producto\\\/proteina-en-polvo-vainilla\\\/#breadcrumb\"},\"inLanguage\":\"es\",\"potentialAction\":[{\"@type\":\"ReadAction\",\"target\":[\"https:\\\/\\\/www.lraloeverashop.eu\\\/es\\\/producto\\\/proteina-en-polvo-vainilla\\\/\"]}]},{\"@type\":\"ImageObject\",\"inLanguage\":\"es\",\"@id\":\"https:\\\/\\\/www.lraloeverashop.eu\\\/es\\\/producto\\\/proteina-en-polvo-vainilla\\\/#primaryimage\",\"url\":\"https:\\\/\\\/www.lraloeverashop.eu\\\/wp-content\\\/uploads\\\/2022\\\/10\\\/Muscle-Protein-Drink-Set-3pcs.jpg\",\"contentUrl\":\"https:\\\/\\\/www.lraloeverashop.eu\\\/wp-content\\\/uploads\\\/2022\\\/10\\\/Muscle-Protein-Drink-Set-3pcs.jpg\",\"width\":1200,\"height\":1200,\"caption\":\"Prote\u00edna en Polvo Vainilla de 5 Fuentes Diferentes\"},{\"@type\":\"BreadcrumbList\",\"@id\":\"https:\\\/\\\/www.lraloeverashop.eu\\\/es\\\/producto\\\/proteina-en-polvo-vainilla\\\/#breadcrumb\",\"itemListElement\":[{\"@type\":\"ListItem\",\"position\":1,\"name\":\"Home\",\"item\":\"https:\\\/\\\/www.lraloeverashop.eu\\\/es\\\/\"},{\"@type\":\"ListItem\",\"position\":2,\"name\":\"Tienda\",\"item\":\"https:\\\/\\\/www.lraloeverashop.eu\\\/es\\\/tienda\\\/\"},{\"@type\":\"ListItem\",\"position\":3,\"name\":\"Proteina en Polvo Vainilla\"}]},{\"@type\":\"WebSite\",\"@id\":\"https:\\\/\\\/www.lraloeverashop.eu\\\/es\\\/#website\",\"url\":\"https:\\\/\\\/www.lraloeverashop.eu\\\/es\\\/\",\"name\":\"Lr Tienda Aloe Vera\",\"description\":\"High Quality Lr Aloe Vera Gel, Aloe Vera Cream and Shampoo\",\"publisher\":{\"@id\":\"https:\\\/\\\/www.lraloeverashop.eu\\\/es\\\/#organization\"},\"potentialAction\":[{\"@type\":\"SearchAction\",\"target\":{\"@type\":\"EntryPoint\",\"urlTemplate\":\"https:\\\/\\\/www.lraloeverashop.eu\\\/es\\\/?s={search_term_string}\"},\"query-input\":{\"@type\":\"PropertyValueSpecification\",\"valueRequired\":true,\"valueName\":\"search_term_string\"}}],\"inLanguage\":\"es\"},{\"@type\":\"Organization\",\"@id\":\"https:\\\/\\\/www.lraloeverashop.eu\\\/es\\\/#organization\",\"name\":\"Lr Tienda Aloe Vera\",\"alternateName\":\"LR\",\"url\":\"https:\\\/\\\/www.lraloeverashop.eu\\\/es\\\/\",\"logo\":{\"@type\":\"ImageObject\",\"inLanguage\":\"es\",\"@id\":\"https:\\\/\\\/www.lraloeverashop.eu\\\/es\\\/#\\\/schema\\\/logo\\\/image\\\/\",\"url\":\"https:\\\/\\\/www.lraloeverashop.eu\\\/wp-content\\\/uploads\\\/2022\\\/09\\\/cropped-Lr-Aloe-Vera-Shop.jpg\",\"contentUrl\":\"https:\\\/\\\/www.lraloeverashop.eu\\\/wp-content\\\/uploads\\\/2022\\\/09\\\/cropped-Lr-Aloe-Vera-Shop.jpg\",\"width\":228,\"height\":76,\"caption\":\"Lr Tienda Aloe Vera\"},\"image\":{\"@id\":\"https:\\\/\\\/www.lraloeverashop.eu\\\/es\\\/#\\\/schema\\\/logo\\\/image\\\/\"},\"sameAs\":[\"https:\\\/\\\/www.facebook.com\\\/lraloeverashop.eu\",\"https:\\\/\\\/x.com\\\/natur__kosmetik\",\"https:\\\/\\\/www.youtube.com\\\/channel\\\/UC5oN7BJ8nfYb8RpVtjwDEBA\",\"https:\\\/\\\/www.instagram.com\\\/lrbeautyeu\\\/\"]}]}<\/script>\n<meta property=\"product:price:amount\" content=\"131.89\" \/>\n<meta property=\"product:price:currency\" content=\"EUR\" \/>\n<meta property=\"og:availability\" content=\"out of stock\" \/>\n<meta property=\"product:availability\" content=\"out of stock\" \/>\n<meta property=\"product:retailer_item_id\" content=\"80561-401ES\" \/>\n<meta property=\"product:condition\" content=\"new\" \/>\n<!-- \/ Yoast SEO Premium plugin. -->","yoast_head_json":{"title":"Proteina en Polvo Vainilla para aumentar la masa muscular.","description":"Proteina en Polvo Vainilla contiene prote\u00ednas y nutrientes valiosos que ayudan a preservar y aumentar la masa muscular. 80 prote\u00ednas de 5 fuentes diferentes","robots":{"index":"index","follow":"follow","max-snippet":"max-snippet:-1","max-image-preview":"max-image-preview:large","max-video-preview":"max-video-preview:-1"},"canonical":"https:\/\/www.lraloeverashop.eu\/es\/producto\/proteina-en-polvo-vainilla\/","og_locale":"es_ES","og_type":"article","og_title":"Proteina en Polvo Vainilla","og_description":"Proteina en Polvo Vainilla contiene prote\u00ednas y nutrientes valiosos que ayudan a preservar y aumentar la masa muscular. 80 prote\u00ednas de 5 fuentes diferentes","og_url":"https:\/\/www.lraloeverashop.eu\/es\/producto\/proteina-en-polvo-vainilla\/","og_site_name":"Lr Tienda Aloe Vera","article_publisher":"https:\/\/www.facebook.com\/lraloeverashop.eu","article_modified_time":"2026-02-09T04:03:38+00:00","og_image":[{"width":1200,"height":1200,"url":"https:\/\/www.lraloeverashop.eu\/wp-content\/uploads\/2022\/10\/Muscle-Protein-Drink-Set-3pcs.jpg","type":"image\/jpeg"}],"twitter_card":"summary_large_image","twitter_site":"@natur__kosmetik","schema":{"@context":"https:\/\/schema.org","@graph":[{"@type":["WebPage","ItemPage"],"@id":"https:\/\/www.lraloeverashop.eu\/es\/producto\/proteina-en-polvo-vainilla\/","url":"https:\/\/www.lraloeverashop.eu\/es\/producto\/proteina-en-polvo-vainilla\/","name":"Proteina en Polvo Vainilla para aumentar la masa muscular.","isPartOf":{"@id":"https:\/\/www.lraloeverashop.eu\/es\/#website"},"primaryImageOfPage":{"@id":"https:\/\/www.lraloeverashop.eu\/es\/producto\/proteina-en-polvo-vainilla\/#primaryimage"},"image":{"@id":"https:\/\/www.lraloeverashop.eu\/es\/producto\/proteina-en-polvo-vainilla\/#primaryimage"},"thumbnailUrl":"https:\/\/www.lraloeverashop.eu\/wp-content\/uploads\/2022\/10\/Muscle-Protein-Drink-Set-3pcs.jpg","datePublished":"2022-10-15T10:43:38+00:00","dateModified":"2026-02-09T04:03:38+00:00","description":"Proteina en Polvo Vainilla contiene prote\u00ednas y nutrientes valiosos que ayudan a preservar y aumentar la masa muscular. 80 prote\u00ednas de 5 fuentes diferentes","breadcrumb":{"@id":"https:\/\/www.lraloeverashop.eu\/es\/producto\/proteina-en-polvo-vainilla\/#breadcrumb"},"inLanguage":"es","potentialAction":[{"@type":"ReadAction","target":["https:\/\/www.lraloeverashop.eu\/es\/producto\/proteina-en-polvo-vainilla\/"]}]},{"@type":"ImageObject","inLanguage":"es","@id":"https:\/\/www.lraloeverashop.eu\/es\/producto\/proteina-en-polvo-vainilla\/#primaryimage","url":"https:\/\/www.lraloeverashop.eu\/wp-content\/uploads\/2022\/10\/Muscle-Protein-Drink-Set-3pcs.jpg","contentUrl":"https:\/\/www.lraloeverashop.eu\/wp-content\/uploads\/2022\/10\/Muscle-Protein-Drink-Set-3pcs.jpg","width":1200,"height":1200,"caption":"Prote\u00edna en Polvo Vainilla de 5 Fuentes Diferentes"},{"@type":"BreadcrumbList","@id":"https:\/\/www.lraloeverashop.eu\/es\/producto\/proteina-en-polvo-vainilla\/#breadcrumb","itemListElement":[{"@type":"ListItem","position":1,"name":"Home","item":"https:\/\/www.lraloeverashop.eu\/es\/"},{"@type":"ListItem","position":2,"name":"Tienda","item":"https:\/\/www.lraloeverashop.eu\/es\/tienda\/"},{"@type":"ListItem","position":3,"name":"Proteina en Polvo Vainilla"}]},{"@type":"WebSite","@id":"https:\/\/www.lraloeverashop.eu\/es\/#website","url":"https:\/\/www.lraloeverashop.eu\/es\/","name":"Lr Tienda Aloe Vera","description":"High Quality Lr Aloe Vera Gel, Aloe Vera Cream and Shampoo","publisher":{"@id":"https:\/\/www.lraloeverashop.eu\/es\/#organization"},"potentialAction":[{"@type":"SearchAction","target":{"@type":"EntryPoint","urlTemplate":"https:\/\/www.lraloeverashop.eu\/es\/?s={search_term_string}"},"query-input":{"@type":"PropertyValueSpecification","valueRequired":true,"valueName":"search_term_string"}}],"inLanguage":"es"},{"@type":"Organization","@id":"https:\/\/www.lraloeverashop.eu\/es\/#organization","name":"Lr Tienda Aloe Vera","alternateName":"LR","url":"https:\/\/www.lraloeverashop.eu\/es\/","logo":{"@type":"ImageObject","inLanguage":"es","@id":"https:\/\/www.lraloeverashop.eu\/es\/#\/schema\/logo\/image\/","url":"https:\/\/www.lraloeverashop.eu\/wp-content\/uploads\/2022\/09\/cropped-Lr-Aloe-Vera-Shop.jpg","contentUrl":"https:\/\/www.lraloeverashop.eu\/wp-content\/uploads\/2022\/09\/cropped-Lr-Aloe-Vera-Shop.jpg","width":228,"height":76,"caption":"Lr Tienda Aloe Vera"},"image":{"@id":"https:\/\/www.lraloeverashop.eu\/es\/#\/schema\/logo\/image\/"},"sameAs":["https:\/\/www.facebook.com\/lraloeverashop.eu","https:\/\/x.com\/natur__kosmetik","https:\/\/www.youtube.com\/channel\/UC5oN7BJ8nfYb8RpVtjwDEBA","https:\/\/www.instagram.com\/lrbeautyeu\/"]}]},"product_price_amount":"131.89","product_price_currency":"EUR","og_availability":"out of stock","product_availability":"out of stock","product_retailer_item_id":"80561-401ES","product_condition":"new"},"taxonomy_info":{"product_cat":[{"value":458,"label":"Ahorra en los sets"},{"value":344,"label":"Compa\u00f1ero de dieta"},{"value":469,"label":"Especialistas"},{"value":421,"label":"Huesos, Articulaciones y M\u00fasculos"},{"value":338,"label":"Sustituto de la comida"}],"product_tag":[{"value":633,"label":"Dieta"}]},"featured_image_src_large":["https:\/\/www.lraloeverashop.eu\/wp-content\/uploads\/2022\/10\/Muscle-Protein-Drink-Set-3pcs-1024x1024.jpg",1024,1024,true],"author_info":[],"comment_info":0,"_links":{"self":[{"href":"https:\/\/www.lraloeverashop.eu\/es\/wp-json\/wp\/v2\/product\/9359","targetHints":{"allow":["GET"]}}],"collection":[{"href":"https:\/\/www.lraloeverashop.eu\/es\/wp-json\/wp\/v2\/product"}],"about":[{"href":"https:\/\/www.lraloeverashop.eu\/es\/wp-json\/wp\/v2\/types\/product"}],"replies":[{"embeddable":true,"href":"https:\/\/www.lraloeverashop.eu\/es\/wp-json\/wp\/v2\/comments?post=9359"}],"wp:featuredmedia":[{"embeddable":true,"href":"https:\/\/www.lraloeverashop.eu\/es\/wp-json\/wp\/v2\/media\/5705"}],"wp:attachment":[{"href":"https:\/\/www.lraloeverashop.eu\/es\/wp-json\/wp\/v2\/media?parent=9359"}],"wp:term":[{"taxonomy":"product_brand","embeddable":true,"href":"https:\/\/www.lraloeverashop.eu\/es\/wp-json\/wp\/v2\/product_brand?post=9359"},{"taxonomy":"product_cat","embeddable":true,"href":"https:\/\/www.lraloeverashop.eu\/es\/wp-json\/wp\/v2\/product_cat?post=9359"},{"taxonomy":"product_tag","embeddable":true,"href":"https:\/\/www.lraloeverashop.eu\/es\/wp-json\/wp\/v2\/product_tag?post=9359"}],"curies":[{"name":"wp","href":"https:\/\/api.w.org\/{rel}","templated":true}]}}