{"id":9335,"date":"2022-10-15T12:59:08","date_gmt":"2022-10-15T10:59:08","guid":{"rendered":"https:\/\/www.lraloeverashop.eu\/product\/elixir-de-belleza-lr\/"},"modified":"2026-04-10T16:51:23","modified_gmt":"2026-04-10T14:51:23","slug":"elixir-de-belleza-lr","status":"publish","type":"product","link":"https:\/\/www.lraloeverashop.eu\/es\/producto\/elixir-de-belleza-lr\/","title":{"rendered":"Elixir de Belleza Lr"},"content":{"rendered":"<h2><span style=\"font-size: 16pt;\"><strong>Elixir de Belleza Lr<\/strong><\/span><\/h2>\n<p><span style=\"font-size: 14pt;\"><strong>Elixir de Belleza Lr &#8211; Bebe la Poci\u00f3n de Belleza M\u00e1gica<\/strong><\/span><\/p>\n<p>Con su innovador complejo de ingredientes duales, el 5in1 Elixir de Belleza Lr cumple tus mayores deseos de belleza a la vez: un aspecto juvenil, una <a href=\"https:\/\/www.lraloeverashop.eu\/es\/\">piel clara<\/a>, un cuerpo firme, un cabello delicioso y u\u00f1as fuertes!<span style=\"font-size: 14px;\"><sup>1-4<\/sup><\/span> Solo una toma diaria activa eficazmente los procesos de belleza del cuerpo y protege de las principales causas del envejecimiento, ofreci\u00e9ndote una belleza da la cabeza a los dedos de los ojos en todas las edades<span style=\"font-size: 14px;\"><sup>1-4<\/sup><\/span>.<\/p>\n<h3><span style=\"font-size: 16pt;\"><strong>1.<\/strong> Elixir de <strong>belleza Lr &#8211; Look Juvenil con Menos Arrugas<\/strong><\/span><\/h3>\n<p>&#8211; <a href=\"https:\/\/www.lraloeverashop.eu\/es\/producto\/set-cuidado-de-piel-zeitgard-pro\/\">Reducci\u00f3n de arrugas gracias<\/a> a la vitamina C1 y a los p\u00e9ptidos de col\u00e1geno profundamente penetrantes<span style=\"font-size: 14px;\"><sup>6<\/sup><\/span><br \/>\n15% mayor elasticidad de la piel gracias a los p\u00e9ptidos de col\u00e1geno efectivos<span style=\"font-size: 14px;\"><sup>7<\/sup><\/span><br \/>\n&#8211; <a href=\"https:\/\/www.lraloeverashop.eu\/es\/gel-aloe-vera-puro-para-rosto-el-cabello-y-el-cuerpo\/\">Gel de aloe vera<\/a>,naranja sangre, ra\u00edz dorada y extracto de t\u00e9 verde protegen su piel de las principales causas del envejecimiento, como la radiaci\u00f3n UV.<\/p>\n<h4><span style=\"font-size: 16pt;\"><strong>2<\/strong>. <strong>Una tez clara y saludable sin irritaciones<\/strong><\/span><\/h4>\n<p>&#8211; Protecci\u00f3n contra agresores externos gracias al extracto de ar\u00e1ndano y vitamina E5<br \/>\n&#8211; Elixir de Belleza Lr Mejora de la funci\u00f3n de la piel y pigmentaci\u00f3n a trav\u00e9s de vitaminas altamente concentradas A, E, tiamina, riboflavina, niacina, B6, biotina, B12, C, as\u00ed como zinc como elemento traza esencial<span style=\"font-size: 14px;\"><sup>1<\/sup><\/span><\/p>\n<h2><span style=\"font-size: 16pt;\"><strong>3. Un cuerpo firme con menos celulitis<\/strong><\/span><\/h2>\n<p>&#8211; Los p\u00e9ptidos de col\u00e1geno aumentan la densidad de la piel y reducen de forma demostrable la celulitis<span style=\"font-size: 14px;\"><sup>8<\/sup><\/span><br \/>\n&#8211; Zinc<span style=\"font-size: 14px;\"><sup>2<\/sup><\/span> y el gel de Aloe vera fortalecen el tejido conectivo<\/p>\n<h3><span style=\"font-size: 16pt;\"><strong>4. Cabello delicioso y brillante<\/strong><\/span><\/h3>\n<p>&#8211; La biotina <a href=\"https:\/\/www.lraloeverashop.eu\/es\/lr-aloe-vera-nutri-repair-mejor-cuidado-del-cabello-danado\/\">fortalece el cabello<\/a> y lo nutre desde el interior<span style=\"font-size: 14px;\"><sup>3<\/sup><\/span><br \/>\n&#8211; El cobre asegura la pigmentaci\u00f3n normal del cabello para un brillo saludable<span style=\"font-size: 14px;\"><sup>3<\/sup><\/span><\/p>\n<h4><span style=\"font-size: 16pt;\"><strong>5. U\u00f1as fuertes y saludables<\/strong><\/span><\/h4>\n<p>&#8211; Los p\u00e9ptidos de col\u00e1geno aceleran de manera demostrable el crecimiento de las u\u00f1as. La rotura de las u\u00f1as se puede reducir hasta 42<span style=\"font-size: 14px;\"><sup>9<\/sup><\/span><br \/>\n&#8211; Zinc fortalece las u\u00f1as<span style=\"font-size: 14px;\"><sup>4<\/sup><\/span><\/p>\n<p>&nbsp;<\/p>\n<p><span style=\"font-size: 16pt;\"><strong>Exclusivo en el mercado: Complejo doble<\/strong><\/span><\/p>\n<p><strong><span style=\"font-size: 14pt;\">Complejo Activo<\/span><\/strong><\/p>\n<p>El complejo de ingredientes activos activa los procesos de belleza del cuerpo y combate los signos del envejecimiento<span style=\"font-size: 14px;\"><sup>1-5.<\/sup><\/span> Contiene los ingredientes de <a href=\"https:\/\/www.lraloeverashop.eu\/es\/elixir-de-belleza-natural-para-una-apariencia-juvenil\/\">belleza m\u00e1s importantes<\/a> en alta concentraci\u00f3n:<\/p>\n<p>&#8211; 2.5 g p\u00e9ptidos de col\u00e1geno<br \/>\n&#8211; 50 mg de \u00e1cido hialur\u00f3nicoprecioso<br \/>\n&#8211; Con cobre y zinc<\/p>\n<p>9 vitaminas en alta concentraci\u00f3n: 100 vitamina, 6, 12, C, tiamina, riboflavina, niacina, biotina por dosis diaria* y 75 vitamina s por dosis diaria*<\/p>\n<p>&nbsp;<\/p>\n<p><strong><span style=\"font-size: 14pt;\">Complejo Preventivo<\/span><\/strong><\/p>\n<p>El complejo de ingredientes preventivos protege de los agresores ambientales y evita la aparici\u00f3n de los signos del envejecimiento. Combina los ingredientes naturales m\u00e1s valiosos:<\/p>\n<p>&#8211; 20% Gel de Aloe Vera<br \/>\n&#8211; Extracto de naranja sangre<br \/>\n&#8211; Extracto de ar\u00e1ndano<br \/>\n&#8211; Ra\u00edz dorada (rhodiola rosea) Extracto<br \/>\n&#8211; Extracto de t\u00e9 verde<\/p>\n<p>&nbsp;<\/p>\n<h2><strong><span style=\"font-size: 16pt;\">C\u00f3mo utilizar Elixir de Belleza Lr<\/span><\/strong><\/h2>\n<p><strong>Ingesta recomendada:<\/strong>\u00a0una ampolla de bebida por d\u00eda. Agitar antes de usar.<\/p>\n<p>No exceda la ingesta diaria recomendada. Los suplementos diet\u00e9ticos no son un <strong><a href=\"https:\/\/www.lraloeverashop.eu\/es\/sustituto-de-la-comida-figu-active-la-dieta-muy-inteligente-para-bajar-de-peso\/\">sustituto de la dieta<\/a><\/strong> variada y equilibrada y un estilo de vida saludable. Mantener fuera del alcance de los ni\u00f1os. Contiene cafe\u00edna. No recomendado para ni\u00f1os y mujeres embarazadas (contenido de cafe\u00edna 0,8 mg por 25 ml).<\/p>\n<p>Instrucciones de almacenamiento: Proteger de la luz solar directa. Almacenar en un lugar seco a temperatura ambiente.<br \/>\n\u00a1No es necesario enfriar!<\/p>\n<p>* El valor de referencia para la ingesta diaria de conformidad con el Reglamento de informaci\u00f3n alimentaria<\/p>\n<p><span style=\"font-size: 14px;\"><sup>1<\/sup><\/span> La biotina, el zinc, la vitamina A, la riboflavina y la niacina en Elixir de Belleza Lr ayudan a preservar la piel normal. El cobre ayuda a mantener la pigmentaci\u00f3n regular de la piel. La vitamina C apoya la formaci\u00f3n regular de col\u00e1geno para mantener la funci\u00f3n natural de la piel.<br \/>\n<span style=\"font-size: 14px;\"><sup>2<\/sup><\/span> El cobre ayuda a apoyar el tejido conectivo.<br \/>\n<span style=\"font-size: 14px;\"><sup>3<\/sup><\/span> La biotina y el zinc contribuyen a mantener un cabello saludable. El cobre ayuda a apoyar la pigmentaci\u00f3n regular del cabello.<br \/>\n<span style=\"font-size: 14px;\"><sup>4<\/sup><\/span> El zinc apoya la preservaci\u00f3n de u\u00f1as sanas.<br \/>\n<span style=\"font-size: 14px;\"><sup>5<\/sup><\/span> La vitamina E ayuda a proteger las c\u00e9lulas del estr\u00e9s oxidativo. La tiamina contribuye al metabolismo energ\u00e9tico normal. La vitamina B6 y B12 ayudan a reducir la fatiga y el agotamiento.<br \/>\n<span style=\"font-size: 14px;\"><sup>6<\/sup><\/span> Proksch et al., 2014, Skin Pharmacol Physiol; 27:113-119. Reducci\u00f3n significativa de las arrugas y aumento de la concentraci\u00f3n de col\u00e1geno en la piel despu\u00e9s de 4 semanas de aplicaci\u00f3n. Evaluaci\u00f3n en 100 mujeres de entre 45 y 65 a\u00f1os<br \/>\n<span style=\"font-size: 14px;\"><sup>7<\/sup><\/span> Proksch et al., 2014, Skin Pharmacol Physiol; 27:47-55. 15 mayor elasticidad de la piel despu\u00e9s de 4 semanas de aplicaci\u00f3n. Evaluaci\u00f3n en 69 mujeres de 35 a 55 a\u00f1os<br \/>\n<span style=\"font-size: 14px;\"><sup>8<\/sup><\/span> Schunck et al., 2015, Journal of Medicinal Food; 18 (12) 1340-1348. Reducci\u00f3n significativa de la celulitis despu\u00e9s de s\u00f3lo 3 meses y aumento notable de la densidad de la piel despu\u00e9s de 6 meses de aplicaci\u00f3n. Evaluado en 105 mujeres de entre 25 y 50 a\u00f1os<br \/>\n<span style=\"font-size: 14px;\"><sup>9<\/sup><\/span> Hexsel et al., 2017, Journal of Cosmetic Dermatology; <span style=\"font-size: 14px;\"><sup>1-7<\/sup><\/span>. Reducci\u00f3n significativa de la rotura de la u\u00f1a despu\u00e9s de 2 meses de aplicaci\u00f3n y aumento del crecimiento de las u\u00f1as despu\u00e9s de 3 meses. Evaluaci\u00f3n en 25 mujeres de entre 18 y 50 a\u00f1os<\/p>\n<p>* El valor de referencia para la ingesta diaria de conformidad con el Reglamento de Informaci\u00f3n Alimentaria<\/p>\n","protected":false},"excerpt":{"rendered":"<ul>\n<li>\u00a1Innovaci\u00f3n!<\/li>\n<li>Elixir de belleza \u00fanico con complejo de doble ingrediente<\/li>\n<li>Cumple 5 deseos de belleza a la vez: aspecto juvenil, piel clara, cuerpo firme, cabello delicioso y u\u00f1as fuertes <span style=\"font-size: 14px;\"><sup>1-4<\/sup><\/span><\/li>\n<li>Con acci\u00f3n activa y preventiva<\/li>\n<li>No contiene edulcorantes, colorantes artificiales, lactosa y gluten<\/li>\n<li>30 ampollas x 25 ml cada una<\/li>\n<\/ul>\n<p><span style=\"color: #ff0000;\"><a style=\"color: #ff0000;\" href=\"https:\/\/shop.lrworld.com\/openpao?PHP=0vFlt7jT938BEnBI3a6e9w%3D%3D\"><span style=\"font-size: 14pt;\"><strong>Reg\u00edstrate aqu\u00ed y ahorra 35% en cada compra<\/strong><\/span><\/a><\/span><\/p>\n","protected":false},"featured_media":5723,"comment_status":"open","ping_status":"closed","template":"","meta":{"_kad_blocks_custom_css":"","_kad_blocks_head_custom_js":"","_kad_blocks_body_custom_js":"","_kad_blocks_footer_custom_js":"","_kadence_starter_templates_imported_post":false,"_kad_post_transparent":"default","_kad_post_title":"","_kad_post_layout":"default","_kad_post_sidebar_id":"","_kad_post_content_style":"default","_kad_post_vertical_padding":"default","_kad_post_feature":"","_kad_post_feature_position":"","_kad_post_header":false,"_kad_post_footer":false,"_kad_post_classname":""},"product_brand":[],"product_cat":[481,475,469,415],"product_tag":[],"class_list":{"0":"post-9335","1":"product","2":"type-product","3":"status-publish","4":"has-post-thumbnail","6":"product_cat-beauty-shot-es","7":"product_cat-belleza-desde-dentro","8":"product_cat-especialistas","9":"product_cat-productos-especiales","11":"first","12":"instock","13":"taxable","14":"shipping-taxable","15":"purchasable","16":"product-type-simple","17":"entry","18":"content-bg","19":"loop-entry"},"yoast_head":"<!-- This site is optimized with the Yoast SEO Premium plugin v27.4 (Yoast SEO v27.4) - https:\/\/yoast.com\/product\/yoast-seo-premium-wordpress\/ -->\n<title>Elixir de Belleza Lr - La \u00fanica cosa que una mujer necesita<\/title>\n<meta name=\"description\" content=\"Elixir de Belleza Lr apoya una apariencia juvenil con menos arrugas y un cuerpo firme con menos celulitis. cabello brillante y u\u00f1as fuertes y saludables.\" \/>\n<meta name=\"robots\" content=\"index, follow, max-snippet:-1, max-image-preview:large, max-video-preview:-1\" \/>\n<link rel=\"canonical\" href=\"https:\/\/www.lraloeverashop.eu\/es\/producto\/elixir-de-belleza-lr\/\" \/>\n<meta property=\"og:locale\" content=\"es_ES\" \/>\n<meta property=\"og:type\" content=\"article\" \/>\n<meta property=\"og:title\" content=\"Elixir de Belleza Lr\" \/>\n<meta property=\"og:description\" content=\"Elixir de Belleza Lr apoya una apariencia juvenil con menos arrugas y un cuerpo firme con menos celulitis. cabello brillante y u\u00f1as fuertes y saludables.\" \/>\n<meta property=\"og:url\" content=\"https:\/\/www.lraloeverashop.eu\/es\/producto\/elixir-de-belleza-lr\/\" \/>\n<meta property=\"og:site_name\" content=\"Lr Tienda Aloe Vera\" \/>\n<meta property=\"article:publisher\" content=\"https:\/\/www.facebook.com\/lraloeverashop.eu\" \/>\n<meta property=\"article:modified_time\" content=\"2026-04-10T14:51:23+00:00\" \/>\n<meta property=\"og:image\" content=\"https:\/\/www.lraloeverashop.eu\/wp-content\/uploads\/2022\/10\/Natural-Beauty-Elixir-Drink.jpg\" \/>\n\t<meta property=\"og:image:width\" content=\"1200\" \/>\n\t<meta property=\"og:image:height\" content=\"1200\" \/>\n\t<meta property=\"og:image:type\" content=\"image\/jpeg\" \/>\n<meta name=\"twitter:card\" content=\"summary_large_image\" \/>\n<meta name=\"twitter:site\" content=\"@natur__kosmetik\" \/>\n<script type=\"application\/ld+json\" class=\"yoast-schema-graph\">{\"@context\":\"https:\\\/\\\/schema.org\",\"@graph\":[{\"@type\":[\"WebPage\",\"ItemPage\"],\"@id\":\"https:\\\/\\\/www.lraloeverashop.eu\\\/es\\\/producto\\\/elixir-de-belleza-lr\\\/\",\"url\":\"https:\\\/\\\/www.lraloeverashop.eu\\\/es\\\/producto\\\/elixir-de-belleza-lr\\\/\",\"name\":\"Elixir de Belleza Lr - La \u00fanica cosa que una mujer necesita\",\"isPartOf\":{\"@id\":\"https:\\\/\\\/www.lraloeverashop.eu\\\/es\\\/#website\"},\"primaryImageOfPage\":{\"@id\":\"https:\\\/\\\/www.lraloeverashop.eu\\\/es\\\/producto\\\/elixir-de-belleza-lr\\\/#primaryimage\"},\"image\":{\"@id\":\"https:\\\/\\\/www.lraloeverashop.eu\\\/es\\\/producto\\\/elixir-de-belleza-lr\\\/#primaryimage\"},\"thumbnailUrl\":\"https:\\\/\\\/www.lraloeverashop.eu\\\/wp-content\\\/uploads\\\/2022\\\/10\\\/Natural-Beauty-Elixir-Drink.jpg\",\"datePublished\":\"2022-10-15T10:59:08+00:00\",\"dateModified\":\"2026-04-10T14:51:23+00:00\",\"description\":\"Elixir de Belleza Lr apoya una apariencia juvenil con menos arrugas y un cuerpo firme con menos celulitis. cabello brillante y u\u00f1as fuertes y saludables.\",\"breadcrumb\":{\"@id\":\"https:\\\/\\\/www.lraloeverashop.eu\\\/es\\\/producto\\\/elixir-de-belleza-lr\\\/#breadcrumb\"},\"inLanguage\":\"es\",\"potentialAction\":[{\"@type\":\"ReadAction\",\"target\":[\"https:\\\/\\\/www.lraloeverashop.eu\\\/es\\\/producto\\\/elixir-de-belleza-lr\\\/\"]}]},{\"@type\":\"ImageObject\",\"inLanguage\":\"es\",\"@id\":\"https:\\\/\\\/www.lraloeverashop.eu\\\/es\\\/producto\\\/elixir-de-belleza-lr\\\/#primaryimage\",\"url\":\"https:\\\/\\\/www.lraloeverashop.eu\\\/wp-content\\\/uploads\\\/2022\\\/10\\\/Natural-Beauty-Elixir-Drink.jpg\",\"contentUrl\":\"https:\\\/\\\/www.lraloeverashop.eu\\\/wp-content\\\/uploads\\\/2022\\\/10\\\/Natural-Beauty-Elixir-Drink.jpg\",\"width\":1200,\"height\":1200,\"caption\":\"Elixir de belleza natural para una apariencia juvenil con menos arrugas\"},{\"@type\":\"BreadcrumbList\",\"@id\":\"https:\\\/\\\/www.lraloeverashop.eu\\\/es\\\/producto\\\/elixir-de-belleza-lr\\\/#breadcrumb\",\"itemListElement\":[{\"@type\":\"ListItem\",\"position\":1,\"name\":\"Home\",\"item\":\"https:\\\/\\\/www.lraloeverashop.eu\\\/es\\\/\"},{\"@type\":\"ListItem\",\"position\":2,\"name\":\"Tienda\",\"item\":\"https:\\\/\\\/www.lraloeverashop.eu\\\/es\\\/tienda\\\/\"},{\"@type\":\"ListItem\",\"position\":3,\"name\":\"Elixir de Belleza Lr\"}]},{\"@type\":\"WebSite\",\"@id\":\"https:\\\/\\\/www.lraloeverashop.eu\\\/es\\\/#website\",\"url\":\"https:\\\/\\\/www.lraloeverashop.eu\\\/es\\\/\",\"name\":\"Lr Tienda Aloe Vera\",\"description\":\"High Quality Lr Aloe Vera Gel, Aloe Vera Cream and Shampoo\",\"publisher\":{\"@id\":\"https:\\\/\\\/www.lraloeverashop.eu\\\/es\\\/#organization\"},\"potentialAction\":[{\"@type\":\"SearchAction\",\"target\":{\"@type\":\"EntryPoint\",\"urlTemplate\":\"https:\\\/\\\/www.lraloeverashop.eu\\\/es\\\/?s={search_term_string}\"},\"query-input\":{\"@type\":\"PropertyValueSpecification\",\"valueRequired\":true,\"valueName\":\"search_term_string\"}}],\"inLanguage\":\"es\"},{\"@type\":\"Organization\",\"@id\":\"https:\\\/\\\/www.lraloeverashop.eu\\\/es\\\/#organization\",\"name\":\"Lr Tienda Aloe Vera\",\"alternateName\":\"LR\",\"url\":\"https:\\\/\\\/www.lraloeverashop.eu\\\/es\\\/\",\"logo\":{\"@type\":\"ImageObject\",\"inLanguage\":\"es\",\"@id\":\"https:\\\/\\\/www.lraloeverashop.eu\\\/es\\\/#\\\/schema\\\/logo\\\/image\\\/\",\"url\":\"https:\\\/\\\/www.lraloeverashop.eu\\\/wp-content\\\/uploads\\\/2022\\\/09\\\/cropped-Lr-Aloe-Vera-Shop.jpg\",\"contentUrl\":\"https:\\\/\\\/www.lraloeverashop.eu\\\/wp-content\\\/uploads\\\/2022\\\/09\\\/cropped-Lr-Aloe-Vera-Shop.jpg\",\"width\":228,\"height\":76,\"caption\":\"Lr Tienda Aloe Vera\"},\"image\":{\"@id\":\"https:\\\/\\\/www.lraloeverashop.eu\\\/es\\\/#\\\/schema\\\/logo\\\/image\\\/\"},\"sameAs\":[\"https:\\\/\\\/www.facebook.com\\\/lraloeverashop.eu\",\"https:\\\/\\\/x.com\\\/natur__kosmetik\",\"https:\\\/\\\/www.youtube.com\\\/channel\\\/UC5oN7BJ8nfYb8RpVtjwDEBA\",\"https:\\\/\\\/www.instagram.com\\\/lrbeautyeu\\\/\"],\"description\":\"La tienda Lr Aloe Vera es tu destino de confianza para productos premium de salud y belleza LR, fabricados en Alemania. Ofrecemos soluciones de alta calidad para el cuidado de la piel, nutrici\u00f3n y antienvejecimiento con Aloe Vera, elaboradas con ingredientes puros y respaldadas por investigaci\u00f3n cient\u00edfica. Descubre un cuidado natural que regenera, protege y revitaliza tu piel, y disfruta de ofertas mensuales exclusivas en nuestros productos LR Aloe Vera m\u00e1s vendidos.\\n\\nComienza hoy mismo tu camino hacia el cuidado natural de la piel y siente la diferencia.\",\"email\":\"info@lraloeverashop.eu\",\"telephone\":\"+49 17670609653\",\"legalName\":\"Lr Aloe Vera Shop\",\"foundingDate\":\"2018-04-21\",\"numberOfEmployees\":{\"@type\":\"QuantitativeValue\",\"minValue\":\"1\",\"maxValue\":\"10\"}}]}<\/script>\n<meta property=\"product:price:amount\" content=\"172.99\" \/>\n<meta property=\"product:price:currency\" content=\"EUR\" \/>\n<meta property=\"og:availability\" content=\"instock\" \/>\n<meta property=\"product:availability\" content=\"instock\" \/>\n<meta property=\"product:retailer_item_id\" content=\"81030-1ES\" \/>\n<meta property=\"product:condition\" content=\"new\" \/>\n<!-- \/ Yoast SEO Premium plugin. -->","yoast_head_json":{"title":"Elixir de Belleza Lr - La \u00fanica cosa que una mujer necesita","description":"Elixir de Belleza Lr apoya una apariencia juvenil con menos arrugas y un cuerpo firme con menos celulitis. cabello brillante y u\u00f1as fuertes y saludables.","robots":{"index":"index","follow":"follow","max-snippet":"max-snippet:-1","max-image-preview":"max-image-preview:large","max-video-preview":"max-video-preview:-1"},"canonical":"https:\/\/www.lraloeverashop.eu\/es\/producto\/elixir-de-belleza-lr\/","og_locale":"es_ES","og_type":"article","og_title":"Elixir de Belleza Lr","og_description":"Elixir de Belleza Lr apoya una apariencia juvenil con menos arrugas y un cuerpo firme con menos celulitis. cabello brillante y u\u00f1as fuertes y saludables.","og_url":"https:\/\/www.lraloeverashop.eu\/es\/producto\/elixir-de-belleza-lr\/","og_site_name":"Lr Tienda Aloe Vera","article_publisher":"https:\/\/www.facebook.com\/lraloeverashop.eu","article_modified_time":"2026-04-10T14:51:23+00:00","og_image":[{"width":1200,"height":1200,"url":"https:\/\/www.lraloeverashop.eu\/wp-content\/uploads\/2022\/10\/Natural-Beauty-Elixir-Drink.jpg","type":"image\/jpeg"}],"twitter_card":"summary_large_image","twitter_site":"@natur__kosmetik","schema":{"@context":"https:\/\/schema.org","@graph":[{"@type":["WebPage","ItemPage"],"@id":"https:\/\/www.lraloeverashop.eu\/es\/producto\/elixir-de-belleza-lr\/","url":"https:\/\/www.lraloeverashop.eu\/es\/producto\/elixir-de-belleza-lr\/","name":"Elixir de Belleza Lr - La \u00fanica cosa que una mujer necesita","isPartOf":{"@id":"https:\/\/www.lraloeverashop.eu\/es\/#website"},"primaryImageOfPage":{"@id":"https:\/\/www.lraloeverashop.eu\/es\/producto\/elixir-de-belleza-lr\/#primaryimage"},"image":{"@id":"https:\/\/www.lraloeverashop.eu\/es\/producto\/elixir-de-belleza-lr\/#primaryimage"},"thumbnailUrl":"https:\/\/www.lraloeverashop.eu\/wp-content\/uploads\/2022\/10\/Natural-Beauty-Elixir-Drink.jpg","datePublished":"2022-10-15T10:59:08+00:00","dateModified":"2026-04-10T14:51:23+00:00","description":"Elixir de Belleza Lr apoya una apariencia juvenil con menos arrugas y un cuerpo firme con menos celulitis. cabello brillante y u\u00f1as fuertes y saludables.","breadcrumb":{"@id":"https:\/\/www.lraloeverashop.eu\/es\/producto\/elixir-de-belleza-lr\/#breadcrumb"},"inLanguage":"es","potentialAction":[{"@type":"ReadAction","target":["https:\/\/www.lraloeverashop.eu\/es\/producto\/elixir-de-belleza-lr\/"]}]},{"@type":"ImageObject","inLanguage":"es","@id":"https:\/\/www.lraloeverashop.eu\/es\/producto\/elixir-de-belleza-lr\/#primaryimage","url":"https:\/\/www.lraloeverashop.eu\/wp-content\/uploads\/2022\/10\/Natural-Beauty-Elixir-Drink.jpg","contentUrl":"https:\/\/www.lraloeverashop.eu\/wp-content\/uploads\/2022\/10\/Natural-Beauty-Elixir-Drink.jpg","width":1200,"height":1200,"caption":"Elixir de belleza natural para una apariencia juvenil con menos arrugas"},{"@type":"BreadcrumbList","@id":"https:\/\/www.lraloeverashop.eu\/es\/producto\/elixir-de-belleza-lr\/#breadcrumb","itemListElement":[{"@type":"ListItem","position":1,"name":"Home","item":"https:\/\/www.lraloeverashop.eu\/es\/"},{"@type":"ListItem","position":2,"name":"Tienda","item":"https:\/\/www.lraloeverashop.eu\/es\/tienda\/"},{"@type":"ListItem","position":3,"name":"Elixir de Belleza Lr"}]},{"@type":"WebSite","@id":"https:\/\/www.lraloeverashop.eu\/es\/#website","url":"https:\/\/www.lraloeverashop.eu\/es\/","name":"Lr Tienda Aloe Vera","description":"High Quality Lr Aloe Vera Gel, Aloe Vera Cream and Shampoo","publisher":{"@id":"https:\/\/www.lraloeverashop.eu\/es\/#organization"},"potentialAction":[{"@type":"SearchAction","target":{"@type":"EntryPoint","urlTemplate":"https:\/\/www.lraloeverashop.eu\/es\/?s={search_term_string}"},"query-input":{"@type":"PropertyValueSpecification","valueRequired":true,"valueName":"search_term_string"}}],"inLanguage":"es"},{"@type":"Organization","@id":"https:\/\/www.lraloeverashop.eu\/es\/#organization","name":"Lr Tienda Aloe Vera","alternateName":"LR","url":"https:\/\/www.lraloeverashop.eu\/es\/","logo":{"@type":"ImageObject","inLanguage":"es","@id":"https:\/\/www.lraloeverashop.eu\/es\/#\/schema\/logo\/image\/","url":"https:\/\/www.lraloeverashop.eu\/wp-content\/uploads\/2022\/09\/cropped-Lr-Aloe-Vera-Shop.jpg","contentUrl":"https:\/\/www.lraloeverashop.eu\/wp-content\/uploads\/2022\/09\/cropped-Lr-Aloe-Vera-Shop.jpg","width":228,"height":76,"caption":"Lr Tienda Aloe Vera"},"image":{"@id":"https:\/\/www.lraloeverashop.eu\/es\/#\/schema\/logo\/image\/"},"sameAs":["https:\/\/www.facebook.com\/lraloeverashop.eu","https:\/\/x.com\/natur__kosmetik","https:\/\/www.youtube.com\/channel\/UC5oN7BJ8nfYb8RpVtjwDEBA","https:\/\/www.instagram.com\/lrbeautyeu\/"],"description":"La tienda Lr Aloe Vera es tu destino de confianza para productos premium de salud y belleza LR, fabricados en Alemania. Ofrecemos soluciones de alta calidad para el cuidado de la piel, nutrici\u00f3n y antienvejecimiento con Aloe Vera, elaboradas con ingredientes puros y respaldadas por investigaci\u00f3n cient\u00edfica. Descubre un cuidado natural que regenera, protege y revitaliza tu piel, y disfruta de ofertas mensuales exclusivas en nuestros productos LR Aloe Vera m\u00e1s vendidos.\n\nComienza hoy mismo tu camino hacia el cuidado natural de la piel y siente la diferencia.","email":"info@lraloeverashop.eu","telephone":"+49 17670609653","legalName":"Lr Aloe Vera Shop","foundingDate":"2018-04-21","numberOfEmployees":{"@type":"QuantitativeValue","minValue":"1","maxValue":"10"}}]},"product_price_amount":"172.99","product_price_currency":"EUR","og_availability":"instock","product_availability":"instock","product_retailer_item_id":"81030-1ES","product_condition":"new"},"taxonomy_info":{"product_cat":[{"value":481,"label":"Beauty Shot"},{"value":475,"label":"Belleza desde dentro"},{"value":469,"label":"Especialistas"},{"value":415,"label":"Productos Especiales"}]},"featured_image_src_large":["https:\/\/www.lraloeverashop.eu\/wp-content\/uploads\/2022\/10\/Natural-Beauty-Elixir-Drink-1024x1024.jpg",1024,1024,true],"author_info":[],"comment_info":0,"_links":{"self":[{"href":"https:\/\/www.lraloeverashop.eu\/es\/wp-json\/wp\/v2\/product\/9335","targetHints":{"allow":["GET"]}}],"collection":[{"href":"https:\/\/www.lraloeverashop.eu\/es\/wp-json\/wp\/v2\/product"}],"about":[{"href":"https:\/\/www.lraloeverashop.eu\/es\/wp-json\/wp\/v2\/types\/product"}],"replies":[{"embeddable":true,"href":"https:\/\/www.lraloeverashop.eu\/es\/wp-json\/wp\/v2\/comments?post=9335"}],"wp:featuredmedia":[{"embeddable":true,"href":"https:\/\/www.lraloeverashop.eu\/es\/wp-json\/wp\/v2\/media\/5723"}],"wp:attachment":[{"href":"https:\/\/www.lraloeverashop.eu\/es\/wp-json\/wp\/v2\/media?parent=9335"}],"wp:term":[{"taxonomy":"product_brand","embeddable":true,"href":"https:\/\/www.lraloeverashop.eu\/es\/wp-json\/wp\/v2\/product_brand?post=9335"},{"taxonomy":"product_cat","embeddable":true,"href":"https:\/\/www.lraloeverashop.eu\/es\/wp-json\/wp\/v2\/product_cat?post=9335"},{"taxonomy":"product_tag","embeddable":true,"href":"https:\/\/www.lraloeverashop.eu\/es\/wp-json\/wp\/v2\/product_tag?post=9335"}],"curies":[{"name":"wp","href":"https:\/\/api.w.org\/{rel}","templated":true}]}}