{"id":9304,"date":"2022-10-15T13:49:48","date_gmt":"2022-10-15T11:49:48","guid":{"rendered":"https:\/\/www.lraloeverashop.eu\/product\/beauty-shot-5en1-para-hombres\/"},"modified":"2026-04-18T20:46:44","modified_gmt":"2026-04-18T18:46:44","slug":"beauty-shot-5en1-para-hombres","status":"publish","type":"product","link":"https:\/\/www.lraloeverashop.eu\/es\/producto\/beauty-shot-5en1-para-hombres\/","title":{"rendered":"Beauty Shot 5en1 Para Hombres"},"content":{"rendered":"<h2><strong><span style=\"font-size: 16pt;\">Beauty Shot 5en1 Para Hombres<\/span><\/strong><\/h2>\n<p><span style=\"font-size: 14pt;\"><strong>Beauty Shot 5en1 Para Hombres &#8211; Todo en uno lo que tu cuerpo necesita<\/strong><\/span><\/p>\n<p>Beauty Shot 5en1 Para Hombres contiene el poder concentrado de ingredientes activos seleccionados de la naturaleza y el mundo de la ciencia, espec\u00edficamente adaptados a las necesidades de los hombres.<\/p>\n<p>El complejo activo activa los cinco procesos de construcci\u00f3n de la masculinidad pura dentro del cuerpo:<br \/>\nuna combinaci\u00f3n innovadora de ingredientes potentes le brinda elementos esenciales como el col\u00e1geno y la L-arginina.<\/p>\n<p>Con cinco refuerzos minerales efectivos: zinc, cobre, magnesio, manganeso y selenio, y 10 vitaminas concentradas para:<\/p>\n<p><strong>1. ENERG\u00cdA PURA:<\/strong> Aumenta tu energ\u00eda y apoya tu metabolismo energ\u00e9tico para obtener <a href=\"https:\/\/www.lraloeverashop.eu\/es\/producto\/beauty-shot-para-hombres-set\/\">m\u00e1s potencia<\/a> durante todo el d\u00eda.<sup>1,2<\/sup><\/p>\n<p><strong>2. PIEL SALUDABLE:<\/strong> Refuerza la estructura de la piel y <a href=\"https:\/\/www.lraloeverashop.eu\/es\/producto\/aloe-vera-crema-de-dia-multi-activa\/\">previene las arrugas<\/a> con valiosos nutrientes como la biotina, el zinc y el cobre.<sup>3<\/sup><\/p>\n<p><strong>3. CABELLO FUERTE:<\/strong> Los efectivos principios activos van directamente a la <a href=\"https:\/\/www.lraloeverashop.eu\/es\/producto\/aloe-vera-champu-masculino-esencial\/\">ra\u00edz del cabello<\/a> desde el interior y le aportan los nutrientes que necesita. La estructura del cabello aparece nutrida para m\u00e1s brillo y grosor.<sup>4<\/sup><\/p>\n<p><strong>4. M\u00daSCULOS ATRACTIVOS:<\/strong> Favorece la formaci\u00f3n de prote\u00ednas y el crecimiento muscular.<sup>1,5<\/sup><\/p>\n<p><strong>5. FUERTE POTENCIA:<\/strong> Fomenta la formaci\u00f3n natural de testosterona e influye positivamente en la masculinidad.<sup>6<\/sup><\/p>\n<p>&nbsp;<\/p>\n<p>El complejo doble altamente efectivo de Lr Lifetakt Beauty Shot 5en1 Para Hombres incluye todo lo que un hombre necesita: ingredientes poderosos basados \u200b\u200ben la ciencia y la naturaleza.<\/p>\n<p>&nbsp;<\/p>\n<h3><strong><span style=\"font-size: 16pt;\">COMPLEJO ACTIVO en el Beauty Shot 5en1 Para Hombres<\/span><\/strong><\/h3>\n<p>Activa cinco importantes procesos del cuerpo masculino gracias a su innovadora combinaci\u00f3n de ingredientes:<\/p>\n<p>\u2022 Col\u00e1geno y L-arginina<br \/>\n\u2022 5 minerales efectivos como zinc, cobre, magnesio, manganeso y selenio<br \/>\n\u2022 10 vitaminas en alta concentraci\u00f3n<\/p>\n<p>&nbsp;<\/p>\n<h3><span style=\"font-size: 16pt;\">COMPLEJO PREVENTIVO<\/span><\/h3>\n<p>Protecci\u00f3n y prevenci\u00f3n gracias a una combinaci\u00f3n altamente eficaz de ingredientes naturales:<\/p>\n<p>\u2022 Extracto de pimienta negra<br \/>\n\u2022 Cafe\u00edna del t\u00e9 verde<br \/>\n\u2022 Grosella negra<br \/>\n\u2022 Sangre naranja<\/p>\n<p>&nbsp;<\/p>\n<p>LR ha desarrollado otro gran producto para hombres: LR LIFETAKT Beauty Shot 5en1 Para Hombres. El metabolismo del cuerpo masculino tiene sus propias cualidades distintivas.<\/p>\n<p>Es por eso que 5en1 Men&#8217;s Shot combina ingredientes de la ciencia y la naturaleza, que est\u00e1n dirigidos a las necesidades de los hombres. Una soluci\u00f3n pr\u00e1ctica y sencilla que puede integrarse f\u00e1cil y permanentemente en la vida cotidiana.<\/p>\n<p>1. La tiamina, la vitamina B6, la vitamina B12 y el magnesio contribuyen al metabolismo energ\u00e9tico normal.<\/p>\n<p>2. La vitamina B6, la vitamina B12 y el magnesio ayudan a reducir el cansancio y la fatiga.<\/p>\n<p>3. La riboflavina, la vitamina A, la niacina, la biotina y el zinc ayudan a mantener la piel normal. La <a href=\"https:\/\/www.lraloeverashop.eu\/es\/producto\/vita-active-frutos-rojos\/\">vitamina C<\/a> contribuye a la formaci\u00f3n normal de col\u00e1geno para el funcionamiento normal de la piel.<\/p>\n<p>4. La biotina y el zinc ayudan a mantener el cabello normal. La vitamina E, la vitamina C, el selenio y el zinc ayudan a proteger las c\u00e9lulas del estr\u00e9s oxidativo. El cobre ayuda a mantener la pigmentaci\u00f3n normal del cabello.<\/p>\n<p>5. El magnesio ayuda a mantener los m\u00fasculos normales. La vitamina D ayuda a mantener la funci\u00f3n muscular normal. El zinc contribuye a la s\u00edntesis normal de prote\u00ednas.<\/p>\n<p>6. El zinc ayuda a mantener los niveles normales de testosterona en la sangre. El selenio contribuye a la formaci\u00f3n normal de espermatozoides. El zinc contribuye a la fertilidad normal y la reproducci\u00f3n normal.<\/p>\n<p>&nbsp;<\/p>\n<h4><strong><span style=\"font-size: 16pt;\">C\u00f3mo utilizar<\/span><\/strong><\/h4>\n<p>Una ampolla de Beauty Shot 5en1 Para Hombres por d\u00eda. Agitar antes de usar. No exceda la ingesta diaria recomendada. Los complementos alimenticios no sustituyen a una <a href=\"https:\/\/www.lraloeverashop.eu\/es\/sustituto-de-la-comida-figu-active-la-dieta-muy-inteligente-para-bajar-de-peso\/\">dieta<\/a> variada y equilibrada ni a un estilo de vida saludable. Mantenga el producto fuera del alcance de los ni\u00f1os peque\u00f1os. Contiene cafe\u00edna. No recomendado para ni\u00f1os y mujeres embarazadas (contenido de cafe\u00edna 7,5 mg por 25 ml).<\/p>\n<p><strong>Recomendaci\u00f3n:<\/strong> proteger de la luz solar directa. Conservar en un lugar seco a temperatura ambiente.<\/p>\n<p>&nbsp;<\/p>\n","protected":false},"excerpt":{"rendered":"<ul>\n<li>La nueva soluci\u00f3n 5en1 con doble complejo<\/li>\n<li>Cubre 5 necesidades b\u00e1sicas: m\u00e1s energ\u00eda, piel sana, cabello grueso, m\u00fasculos atractivos y fuerte potencia<\/li>\n<li>Activa y brinda protecci\u00f3n preventiva<\/li>\n<li>Libre de az\u00facar, colorantes artificiales, lactosa y gluten.<\/li>\n<li>Contiene 30 ampollas x 25ml cada una<\/li>\n<\/ul>\n<p><span style=\"color: #ff0000;\"><a style=\"color: #ff0000;\" href=\"https:\/\/shop.lrworld.com\/openpao?PHP=0vFlt7jT938BEnBI3a6e9w%3D%3D\"><span style=\"font-size: 14pt;\"><strong>Reg\u00edstrate aqu\u00ed y ahorra 35% en cada compra<\/strong><\/span><\/a><\/span><\/p>\n","protected":false},"featured_media":30435,"comment_status":"open","ping_status":"closed","template":"","meta":{"_kad_blocks_custom_css":"","_kad_blocks_head_custom_js":"","_kad_blocks_body_custom_js":"","_kad_blocks_footer_custom_js":"","_kadence_starter_templates_imported_post":false,"_kad_post_transparent":"default","_kad_post_title":"","_kad_post_layout":"default","_kad_post_sidebar_id":"","_kad_post_content_style":"default","_kad_post_vertical_padding":"default","_kad_post_feature":"","_kad_post_feature_position":"","_kad_post_header":false,"_kad_post_footer":false,"_kad_post_classname":""},"product_brand":[],"product_cat":[481,475,469,415],"product_tag":[],"class_list":{"0":"post-9304","1":"product","2":"type-product","3":"status-publish","4":"has-post-thumbnail","6":"product_cat-beauty-shot-es","7":"product_cat-belleza-desde-dentro","8":"product_cat-especialistas","9":"product_cat-productos-especiales","11":"first","12":"instock","13":"taxable","14":"shipping-taxable","15":"purchasable","16":"product-type-simple","17":"entry","18":"content-bg","19":"loop-entry"},"yoast_head":"<!-- This site is optimized with the Yoast SEO Premium plugin v27.4 (Yoast SEO v27.4) - https:\/\/yoast.com\/product\/yoast-seo-premium-wordpress\/ -->\n<title>Beauty Shot 5en1 Para Hombres Cubre 5 necesidades b\u00e1sicas<\/title>\n<meta name=\"description\" content=\"Beauty Shot 5en1 Para Hombres para m\u00e1s energ\u00eda, piel sana, cabello grueso, m\u00fasculos atractivos y fuerte potencia activa. Libre de az\u00facar, lactosa y gluten.\" \/>\n<meta name=\"robots\" content=\"index, follow, max-snippet:-1, max-image-preview:large, max-video-preview:-1\" \/>\n<link rel=\"canonical\" href=\"https:\/\/www.lraloeverashop.eu\/es\/producto\/beauty-shot-5en1-para-hombres\/\" \/>\n<meta property=\"og:locale\" content=\"es_ES\" \/>\n<meta property=\"og:type\" content=\"article\" \/>\n<meta property=\"og:title\" content=\"Beauty Shot 5en1 Para Hombres\" \/>\n<meta property=\"og:description\" content=\"Beauty Shot 5en1 Para Hombres para m\u00e1s energ\u00eda, piel sana, cabello grueso, m\u00fasculos atractivos y fuerte potencia activa. Libre de az\u00facar, lactosa y gluten.\" \/>\n<meta property=\"og:url\" content=\"https:\/\/www.lraloeverashop.eu\/es\/producto\/beauty-shot-5en1-para-hombres\/\" \/>\n<meta property=\"og:site_name\" content=\"Lr Tienda Aloe Vera\" \/>\n<meta property=\"article:publisher\" content=\"https:\/\/www.facebook.com\/lraloeverashop.eu\" \/>\n<meta property=\"article:modified_time\" content=\"2026-04-18T18:46:44+00:00\" \/>\n<meta property=\"og:image\" content=\"https:\/\/www.lraloeverashop.eu\/wp-content\/uploads\/2026\/04\/Lr-5in1-Mens-Shot-with-collagen.jpeg\" \/>\n\t<meta property=\"og:image:width\" content=\"1200\" \/>\n\t<meta property=\"og:image:height\" content=\"1200\" \/>\n\t<meta property=\"og:image:type\" content=\"image\/jpeg\" \/>\n<meta name=\"twitter:card\" content=\"summary_large_image\" \/>\n<meta name=\"twitter:site\" content=\"@natur__kosmetik\" \/>\n<script type=\"application\/ld+json\" class=\"yoast-schema-graph\">{\"@context\":\"https:\\\/\\\/schema.org\",\"@graph\":[{\"@type\":[\"WebPage\",\"ItemPage\"],\"@id\":\"https:\\\/\\\/www.lraloeverashop.eu\\\/es\\\/producto\\\/beauty-shot-5en1-para-hombres\\\/\",\"url\":\"https:\\\/\\\/www.lraloeverashop.eu\\\/es\\\/producto\\\/beauty-shot-5en1-para-hombres\\\/\",\"name\":\"Beauty Shot 5en1 Para Hombres Cubre 5 necesidades b\u00e1sicas\",\"isPartOf\":{\"@id\":\"https:\\\/\\\/www.lraloeverashop.eu\\\/es\\\/#website\"},\"primaryImageOfPage\":{\"@id\":\"https:\\\/\\\/www.lraloeverashop.eu\\\/es\\\/producto\\\/beauty-shot-5en1-para-hombres\\\/#primaryimage\"},\"image\":{\"@id\":\"https:\\\/\\\/www.lraloeverashop.eu\\\/es\\\/producto\\\/beauty-shot-5en1-para-hombres\\\/#primaryimage\"},\"thumbnailUrl\":\"https:\\\/\\\/www.lraloeverashop.eu\\\/wp-content\\\/uploads\\\/2026\\\/04\\\/Lr-5in1-Mens-Shot-with-collagen.jpeg\",\"datePublished\":\"2022-10-15T11:49:48+00:00\",\"dateModified\":\"2026-04-18T18:46:44+00:00\",\"description\":\"Beauty Shot 5en1 Para Hombres para m\u00e1s energ\u00eda, piel sana, cabello grueso, m\u00fasculos atractivos y fuerte potencia activa. Libre de az\u00facar, lactosa y gluten.\",\"breadcrumb\":{\"@id\":\"https:\\\/\\\/www.lraloeverashop.eu\\\/es\\\/producto\\\/beauty-shot-5en1-para-hombres\\\/#breadcrumb\"},\"inLanguage\":\"es\",\"potentialAction\":[{\"@type\":\"ReadAction\",\"target\":[\"https:\\\/\\\/www.lraloeverashop.eu\\\/es\\\/producto\\\/beauty-shot-5en1-para-hombres\\\/\"]}]},{\"@type\":\"ImageObject\",\"inLanguage\":\"es\",\"@id\":\"https:\\\/\\\/www.lraloeverashop.eu\\\/es\\\/producto\\\/beauty-shot-5en1-para-hombres\\\/#primaryimage\",\"url\":\"https:\\\/\\\/www.lraloeverashop.eu\\\/wp-content\\\/uploads\\\/2026\\\/04\\\/Lr-5in1-Mens-Shot-with-collagen.jpeg\",\"contentUrl\":\"https:\\\/\\\/www.lraloeverashop.eu\\\/wp-content\\\/uploads\\\/2026\\\/04\\\/Lr-5in1-Mens-Shot-with-collagen.jpeg\",\"width\":1200,\"height\":1200,\"caption\":\"Lr 5in1 Men's Shot con col\u00e1geno\"},{\"@type\":\"BreadcrumbList\",\"@id\":\"https:\\\/\\\/www.lraloeverashop.eu\\\/es\\\/producto\\\/beauty-shot-5en1-para-hombres\\\/#breadcrumb\",\"itemListElement\":[{\"@type\":\"ListItem\",\"position\":1,\"name\":\"Home\",\"item\":\"https:\\\/\\\/www.lraloeverashop.eu\\\/es\\\/\"},{\"@type\":\"ListItem\",\"position\":2,\"name\":\"Tienda\",\"item\":\"https:\\\/\\\/www.lraloeverashop.eu\\\/es\\\/tienda\\\/\"},{\"@type\":\"ListItem\",\"position\":3,\"name\":\"Beauty Shot 5en1 Para Hombres\"}]},{\"@type\":\"WebSite\",\"@id\":\"https:\\\/\\\/www.lraloeverashop.eu\\\/es\\\/#website\",\"url\":\"https:\\\/\\\/www.lraloeverashop.eu\\\/es\\\/\",\"name\":\"Lr Tienda Aloe Vera\",\"description\":\"High Quality Lr Aloe Vera Gel, Aloe Vera Cream and Shampoo\",\"publisher\":{\"@id\":\"https:\\\/\\\/www.lraloeverashop.eu\\\/es\\\/#organization\"},\"potentialAction\":[{\"@type\":\"SearchAction\",\"target\":{\"@type\":\"EntryPoint\",\"urlTemplate\":\"https:\\\/\\\/www.lraloeverashop.eu\\\/es\\\/?s={search_term_string}\"},\"query-input\":{\"@type\":\"PropertyValueSpecification\",\"valueRequired\":true,\"valueName\":\"search_term_string\"}}],\"inLanguage\":\"es\"},{\"@type\":\"Organization\",\"@id\":\"https:\\\/\\\/www.lraloeverashop.eu\\\/es\\\/#organization\",\"name\":\"Lr Tienda Aloe Vera\",\"alternateName\":\"LR\",\"url\":\"https:\\\/\\\/www.lraloeverashop.eu\\\/es\\\/\",\"logo\":{\"@type\":\"ImageObject\",\"inLanguage\":\"es\",\"@id\":\"https:\\\/\\\/www.lraloeverashop.eu\\\/es\\\/#\\\/schema\\\/logo\\\/image\\\/\",\"url\":\"https:\\\/\\\/www.lraloeverashop.eu\\\/wp-content\\\/uploads\\\/2022\\\/09\\\/cropped-Lr-Aloe-Vera-Shop.jpg\",\"contentUrl\":\"https:\\\/\\\/www.lraloeverashop.eu\\\/wp-content\\\/uploads\\\/2022\\\/09\\\/cropped-Lr-Aloe-Vera-Shop.jpg\",\"width\":228,\"height\":76,\"caption\":\"Lr Tienda Aloe Vera\"},\"image\":{\"@id\":\"https:\\\/\\\/www.lraloeverashop.eu\\\/es\\\/#\\\/schema\\\/logo\\\/image\\\/\"},\"sameAs\":[\"https:\\\/\\\/www.facebook.com\\\/lraloeverashop.eu\",\"https:\\\/\\\/x.com\\\/natur__kosmetik\",\"https:\\\/\\\/www.youtube.com\\\/channel\\\/UC5oN7BJ8nfYb8RpVtjwDEBA\",\"https:\\\/\\\/www.instagram.com\\\/lrbeautyeu\\\/\"],\"description\":\"La tienda Lr Aloe Vera es tu destino de confianza para productos premium de salud y belleza LR, fabricados en Alemania. Ofrecemos soluciones de alta calidad para el cuidado de la piel, nutrici\u00f3n y antienvejecimiento con Aloe Vera, elaboradas con ingredientes puros y respaldadas por investigaci\u00f3n cient\u00edfica. Descubre un cuidado natural que regenera, protege y revitaliza tu piel, y disfruta de ofertas mensuales exclusivas en nuestros productos LR Aloe Vera m\u00e1s vendidos.\\n\\nComienza hoy mismo tu camino hacia el cuidado natural de la piel y siente la diferencia.\",\"email\":\"info@lraloeverashop.eu\",\"telephone\":\"+49 17670609653\",\"legalName\":\"Lr Aloe Vera Shop\",\"foundingDate\":\"2018-04-21\",\"numberOfEmployees\":{\"@type\":\"QuantitativeValue\",\"minValue\":\"1\",\"maxValue\":\"10\"}}]}<\/script>\n<meta property=\"product:price:amount\" content=\"172.99\" \/>\n<meta property=\"product:price:currency\" content=\"EUR\" \/>\n<meta property=\"og:availability\" content=\"instock\" \/>\n<meta property=\"product:availability\" content=\"instock\" \/>\n<meta property=\"product:retailer_item_id\" content=\"81170-1ES\" \/>\n<meta property=\"product:condition\" content=\"new\" \/>\n<!-- \/ Yoast SEO Premium plugin. -->","yoast_head_json":{"title":"Beauty Shot 5en1 Para Hombres Cubre 5 necesidades b\u00e1sicas","description":"Beauty Shot 5en1 Para Hombres para m\u00e1s energ\u00eda, piel sana, cabello grueso, m\u00fasculos atractivos y fuerte potencia activa. Libre de az\u00facar, lactosa y gluten.","robots":{"index":"index","follow":"follow","max-snippet":"max-snippet:-1","max-image-preview":"max-image-preview:large","max-video-preview":"max-video-preview:-1"},"canonical":"https:\/\/www.lraloeverashop.eu\/es\/producto\/beauty-shot-5en1-para-hombres\/","og_locale":"es_ES","og_type":"article","og_title":"Beauty Shot 5en1 Para Hombres","og_description":"Beauty Shot 5en1 Para Hombres para m\u00e1s energ\u00eda, piel sana, cabello grueso, m\u00fasculos atractivos y fuerte potencia activa. Libre de az\u00facar, lactosa y gluten.","og_url":"https:\/\/www.lraloeverashop.eu\/es\/producto\/beauty-shot-5en1-para-hombres\/","og_site_name":"Lr Tienda Aloe Vera","article_publisher":"https:\/\/www.facebook.com\/lraloeverashop.eu","article_modified_time":"2026-04-18T18:46:44+00:00","og_image":[{"width":1200,"height":1200,"url":"https:\/\/www.lraloeverashop.eu\/wp-content\/uploads\/2026\/04\/Lr-5in1-Mens-Shot-with-collagen.jpeg","type":"image\/jpeg"}],"twitter_card":"summary_large_image","twitter_site":"@natur__kosmetik","schema":{"@context":"https:\/\/schema.org","@graph":[{"@type":["WebPage","ItemPage"],"@id":"https:\/\/www.lraloeverashop.eu\/es\/producto\/beauty-shot-5en1-para-hombres\/","url":"https:\/\/www.lraloeverashop.eu\/es\/producto\/beauty-shot-5en1-para-hombres\/","name":"Beauty Shot 5en1 Para Hombres Cubre 5 necesidades b\u00e1sicas","isPartOf":{"@id":"https:\/\/www.lraloeverashop.eu\/es\/#website"},"primaryImageOfPage":{"@id":"https:\/\/www.lraloeverashop.eu\/es\/producto\/beauty-shot-5en1-para-hombres\/#primaryimage"},"image":{"@id":"https:\/\/www.lraloeverashop.eu\/es\/producto\/beauty-shot-5en1-para-hombres\/#primaryimage"},"thumbnailUrl":"https:\/\/www.lraloeverashop.eu\/wp-content\/uploads\/2026\/04\/Lr-5in1-Mens-Shot-with-collagen.jpeg","datePublished":"2022-10-15T11:49:48+00:00","dateModified":"2026-04-18T18:46:44+00:00","description":"Beauty Shot 5en1 Para Hombres para m\u00e1s energ\u00eda, piel sana, cabello grueso, m\u00fasculos atractivos y fuerte potencia activa. Libre de az\u00facar, lactosa y gluten.","breadcrumb":{"@id":"https:\/\/www.lraloeverashop.eu\/es\/producto\/beauty-shot-5en1-para-hombres\/#breadcrumb"},"inLanguage":"es","potentialAction":[{"@type":"ReadAction","target":["https:\/\/www.lraloeverashop.eu\/es\/producto\/beauty-shot-5en1-para-hombres\/"]}]},{"@type":"ImageObject","inLanguage":"es","@id":"https:\/\/www.lraloeverashop.eu\/es\/producto\/beauty-shot-5en1-para-hombres\/#primaryimage","url":"https:\/\/www.lraloeverashop.eu\/wp-content\/uploads\/2026\/04\/Lr-5in1-Mens-Shot-with-collagen.jpeg","contentUrl":"https:\/\/www.lraloeverashop.eu\/wp-content\/uploads\/2026\/04\/Lr-5in1-Mens-Shot-with-collagen.jpeg","width":1200,"height":1200,"caption":"Lr 5in1 Men's Shot con col\u00e1geno"},{"@type":"BreadcrumbList","@id":"https:\/\/www.lraloeverashop.eu\/es\/producto\/beauty-shot-5en1-para-hombres\/#breadcrumb","itemListElement":[{"@type":"ListItem","position":1,"name":"Home","item":"https:\/\/www.lraloeverashop.eu\/es\/"},{"@type":"ListItem","position":2,"name":"Tienda","item":"https:\/\/www.lraloeverashop.eu\/es\/tienda\/"},{"@type":"ListItem","position":3,"name":"Beauty Shot 5en1 Para Hombres"}]},{"@type":"WebSite","@id":"https:\/\/www.lraloeverashop.eu\/es\/#website","url":"https:\/\/www.lraloeverashop.eu\/es\/","name":"Lr Tienda Aloe Vera","description":"High Quality Lr Aloe Vera Gel, Aloe Vera Cream and Shampoo","publisher":{"@id":"https:\/\/www.lraloeverashop.eu\/es\/#organization"},"potentialAction":[{"@type":"SearchAction","target":{"@type":"EntryPoint","urlTemplate":"https:\/\/www.lraloeverashop.eu\/es\/?s={search_term_string}"},"query-input":{"@type":"PropertyValueSpecification","valueRequired":true,"valueName":"search_term_string"}}],"inLanguage":"es"},{"@type":"Organization","@id":"https:\/\/www.lraloeverashop.eu\/es\/#organization","name":"Lr Tienda Aloe Vera","alternateName":"LR","url":"https:\/\/www.lraloeverashop.eu\/es\/","logo":{"@type":"ImageObject","inLanguage":"es","@id":"https:\/\/www.lraloeverashop.eu\/es\/#\/schema\/logo\/image\/","url":"https:\/\/www.lraloeverashop.eu\/wp-content\/uploads\/2022\/09\/cropped-Lr-Aloe-Vera-Shop.jpg","contentUrl":"https:\/\/www.lraloeverashop.eu\/wp-content\/uploads\/2022\/09\/cropped-Lr-Aloe-Vera-Shop.jpg","width":228,"height":76,"caption":"Lr Tienda Aloe Vera"},"image":{"@id":"https:\/\/www.lraloeverashop.eu\/es\/#\/schema\/logo\/image\/"},"sameAs":["https:\/\/www.facebook.com\/lraloeverashop.eu","https:\/\/x.com\/natur__kosmetik","https:\/\/www.youtube.com\/channel\/UC5oN7BJ8nfYb8RpVtjwDEBA","https:\/\/www.instagram.com\/lrbeautyeu\/"],"description":"La tienda Lr Aloe Vera es tu destino de confianza para productos premium de salud y belleza LR, fabricados en Alemania. Ofrecemos soluciones de alta calidad para el cuidado de la piel, nutrici\u00f3n y antienvejecimiento con Aloe Vera, elaboradas con ingredientes puros y respaldadas por investigaci\u00f3n cient\u00edfica. Descubre un cuidado natural que regenera, protege y revitaliza tu piel, y disfruta de ofertas mensuales exclusivas en nuestros productos LR Aloe Vera m\u00e1s vendidos.\n\nComienza hoy mismo tu camino hacia el cuidado natural de la piel y siente la diferencia.","email":"info@lraloeverashop.eu","telephone":"+49 17670609653","legalName":"Lr Aloe Vera Shop","foundingDate":"2018-04-21","numberOfEmployees":{"@type":"QuantitativeValue","minValue":"1","maxValue":"10"}}]},"product_price_amount":"172.99","product_price_currency":"EUR","og_availability":"instock","product_availability":"instock","product_retailer_item_id":"81170-1ES","product_condition":"new"},"taxonomy_info":{"product_cat":[{"value":481,"label":"Beauty Shot"},{"value":475,"label":"Belleza desde dentro"},{"value":469,"label":"Especialistas"},{"value":415,"label":"Productos Especiales"}]},"featured_image_src_large":["https:\/\/www.lraloeverashop.eu\/wp-content\/uploads\/2026\/04\/Lr-5in1-Mens-Shot-with-collagen-1024x1024.jpeg",1024,1024,true],"author_info":[],"comment_info":0,"_links":{"self":[{"href":"https:\/\/www.lraloeverashop.eu\/es\/wp-json\/wp\/v2\/product\/9304","targetHints":{"allow":["GET"]}}],"collection":[{"href":"https:\/\/www.lraloeverashop.eu\/es\/wp-json\/wp\/v2\/product"}],"about":[{"href":"https:\/\/www.lraloeverashop.eu\/es\/wp-json\/wp\/v2\/types\/product"}],"replies":[{"embeddable":true,"href":"https:\/\/www.lraloeverashop.eu\/es\/wp-json\/wp\/v2\/comments?post=9304"}],"wp:featuredmedia":[{"embeddable":true,"href":"https:\/\/www.lraloeverashop.eu\/es\/wp-json\/wp\/v2\/media\/30435"}],"wp:attachment":[{"href":"https:\/\/www.lraloeverashop.eu\/es\/wp-json\/wp\/v2\/media?parent=9304"}],"wp:term":[{"taxonomy":"product_brand","embeddable":true,"href":"https:\/\/www.lraloeverashop.eu\/es\/wp-json\/wp\/v2\/product_brand?post=9304"},{"taxonomy":"product_cat","embeddable":true,"href":"https:\/\/www.lraloeverashop.eu\/es\/wp-json\/wp\/v2\/product_cat?post=9304"},{"taxonomy":"product_tag","embeddable":true,"href":"https:\/\/www.lraloeverashop.eu\/es\/wp-json\/wp\/v2\/product_tag?post=9304"}],"curies":[{"name":"wp","href":"https:\/\/api.w.org\/{rel}","templated":true}]}}