{"id":9200,"date":"2022-10-15T20:27:21","date_gmt":"2022-10-15T18:27:21","guid":{"rendered":"https:\/\/www.lraloeverashop.eu\/product\/batido-para-adelgazar-sabor-latte-macchiato\/"},"modified":"2026-02-09T05:02:06","modified_gmt":"2026-02-09T04:02:06","slug":"batido-para-adelgazar-sabor-latte-macchiato","status":"publish","type":"product","link":"https:\/\/www.lraloeverashop.eu\/es\/producto\/batido-para-adelgazar-sabor-latte-macchiato\/","title":{"rendered":"Caf\u00e9 Adelgazante Batido Figu Active"},"content":{"rendered":"<h2><span style=\"font-size: 16pt;\"><strong>Caf\u00e9 Adelgazante Batido Figu Active <\/strong><\/span><\/h2>\n<p><strong><span style=\"font-size: 14pt;\">Caf\u00e9 Adelgazante Batido Figu Active con solo 218 calor\u00edas por porci\u00f3n<\/span><\/strong><\/p>\n<p>Olv\u00eddate de contar calor\u00edas y reemplaza dos de tus comidas diarias con un delicioso Batido. Para los amantes del caf\u00e9, el Batido Adelgazante de Caf\u00e9 es una excelente opci\u00f3n.<\/p>\n<p>Simplemente reemplace su desayuno, su almuerzo o su cena con un <a href=\"https:\/\/www.lraloeverashop.eu\/es\/producto\/batido-para-adelgazar-de-chocolate-cremoso\/\">delicioso Batido<\/a>. Proporciona a su cuerpo todos los nutrientes necesarios, como vitaminas, minerales y oligoelementos. \u00a1La forma m\u00e1s f\u00e1cil de perder peso es disfrutando de los diferentes sabores de los productos Figu Active!<\/p>\n<p>Caf\u00e9 Adelgazante Batido Figu Active contiene inulina. Dado que la inulina tiene un <strong><a href=\"https:\/\/www.lraloeverashop.eu\/es\/producto\/probioticos-pro-12-plus\/\">efecto estimulante<\/a><\/strong> sobre la funci\u00f3n intestinal y la flora intestinal, un aumento de la ingesta puede provocar problemas digestivos (flatulencia, diarrea).<\/p>\n<p>&nbsp;<\/p>\n<p><a style=\"transition-property: all; outline: 0px;\" href=\"https:\/\/www.lraloeverashop.eu\/wp-content\/uploads\/2024\/09\/weight-loss-diet-review-300x300.jpeg\"><img loading=\"lazy\" decoding=\"async\" class=\"alignleft wp-image-16354 size-medium\" style=\"margin-right: var(--global-md-spacing);\" src=\"https:\/\/www.lraloeverashop.eu\/wp-content\/uploads\/2024\/09\/weight-loss-diet-review-300x300.jpeg\" alt=\"Rese\u00f1a de dieta para bajar de peso\" width=\"300\" height=\"300\" srcset=\"https:\/\/www.lraloeverashop.eu\/wp-content\/uploads\/2024\/09\/weight-loss-diet-review-300x300.jpeg 300w, https:\/\/www.lraloeverashop.eu\/wp-content\/uploads\/2024\/09\/weight-loss-diet-review-1024x1024.jpeg 1024w, https:\/\/www.lraloeverashop.eu\/wp-content\/uploads\/2024\/09\/weight-loss-diet-review-150x150.jpeg 150w, https:\/\/www.lraloeverashop.eu\/wp-content\/uploads\/2024\/09\/weight-loss-diet-review-768x768.jpeg 768w, https:\/\/www.lraloeverashop.eu\/wp-content\/uploads\/2024\/09\/weight-loss-diet-review-600x600.jpeg 600w, https:\/\/www.lraloeverashop.eu\/wp-content\/uploads\/2024\/09\/weight-loss-diet-review-100x100.jpeg 100w, https:\/\/www.lraloeverashop.eu\/wp-content\/uploads\/2024\/09\/weight-loss-diet-review.jpeg 1200w\" sizes=\"auto, (max-width: 300px) 100vw, 300px\" \/><\/a><\/p>\n<p>Las personas con un tracto gastrointestinal sensible deben consultar a su m\u00e9dico antes de consumir el producto.<\/p>\n<p>\u00bfHas alcanzado el peso deseado? \u00a1Felicitaciones! Ahora reemplace una de sus tres comidas diarias con un <a href=\"https:\/\/www.lraloeverashop.eu\/es\/categoria-producto\/suplementos-dieteticos\/\">Producto Figu Active<\/a>, con el fin de mantener su nuevo peso sin esfuerzo.<\/p>\n<p>1. Reemplazar dos de sus comidas diarias dentro de una dieta baja en calor\u00edas con el <a href=\"https:\/\/www.lraloeverashop.eu\/es\/producto\/batido-para-adelgazar-sabor-vainilla\/\">Batido Figu Active<\/a> contribuye a la p\u00e9rdida de peso.<\/p>\n<p>2. Reemplazar una de sus comidas diarias dentro de una dieta baja en calor\u00edas con el Caf\u00e9 Adelgazante Batido Figu Active ayuda a mantener su peso deseado despu\u00e9s de la p\u00e9rdida de peso..<\/p>\n<p>&nbsp;<\/p>\n<p>&nbsp;<\/p>\n<h3><span style=\"font-size: 16pt;\"><strong><a href=\"https:\/\/www.lraloeverashop.eu\/wp-content\/uploads\/2024\/09\/man-weight-loss-before-and-after-300x300.jpeg\"><img loading=\"lazy\" decoding=\"async\" class=\"alignleft wp-image-16361 size-medium\" src=\"https:\/\/www.lraloeverashop.eu\/wp-content\/uploads\/2024\/09\/man-weight-loss-before-and-after-300x300.jpeg\" alt=\"Dieta para bajar de peso antes y despu\u00e9s\" width=\"300\" height=\"300\" srcset=\"https:\/\/www.lraloeverashop.eu\/wp-content\/uploads\/2024\/09\/man-weight-loss-before-and-after-300x300.jpeg 300w, https:\/\/www.lraloeverashop.eu\/wp-content\/uploads\/2024\/09\/man-weight-loss-before-and-after-1024x1024.jpeg 1024w, https:\/\/www.lraloeverashop.eu\/wp-content\/uploads\/2024\/09\/man-weight-loss-before-and-after-150x150.jpeg 150w, https:\/\/www.lraloeverashop.eu\/wp-content\/uploads\/2024\/09\/man-weight-loss-before-and-after-768x768.jpeg 768w, https:\/\/www.lraloeverashop.eu\/wp-content\/uploads\/2024\/09\/man-weight-loss-before-and-after-600x600.jpeg 600w, https:\/\/www.lraloeverashop.eu\/wp-content\/uploads\/2024\/09\/man-weight-loss-before-and-after-100x100.jpeg 100w, https:\/\/www.lraloeverashop.eu\/wp-content\/uploads\/2024\/09\/man-weight-loss-before-and-after.jpeg 1200w\" sizes=\"auto, (max-width: 300px) 100vw, 300px\" \/><\/a>Preparaci\u00f3n<\/strong><\/span><\/h3>\n<p>Mezcle 3 cucharadas (28 g de polvo) en 300 ml de leche baja en grasa y sin lactosa (1,5% de grasa) en un vaso grande de al menos 350 ml de capacidad. Tambi\u00e9n se recomienda usar el LR Shaker. D\u00e9jelo descansar un poco, revuelva nuevamente y \u00a1su desayuno, almuerzo o cena estar\u00e1 listo! Consumir inmediatamente despu\u00e9s de la preparaci\u00f3n.<\/p>\n<p>Aseg\u00farese de tomar muchos l\u00edquidos durante la dieta. Beba preferiblemente 2-3 litros de <a href=\"https:\/\/www.lraloeverashop.eu\/es\/puede-el-te-de-hierbas-adelgazantes-ayudarte-a-perder-peso\/\">t\u00e9 sin calor\u00edas<\/a> o sin az\u00facar.<\/p>\n<p>El producto cumple su prop\u00f3sito solo en el contexto de una dieta baja en calor\u00edas o baja en calor\u00edas. Asegure una <strong><a href=\"https:\/\/www.lraloeverashop.eu\/es\/producto\/sopa-de-patata\/\">dieta rica y equilibrada<\/a><\/strong> y un estilo de vida saludable.<\/p>\n<p>&nbsp;<\/p>\n<p>Su <strong><a href=\"https:\/\/www.lraloeverashop.eu\/es\/sustituto-de-la-comida-figu-active-la-dieta-muy-inteligente-para-bajar-de-peso\/\">dieta para bajar de peso<\/a><\/strong> debe incluir otros alimentos. La comida preparada contiene todos los nutrientes necesarios en cantidades suficientes. Caf\u00e9 Adelgazante Batido Figu Active contiene az\u00facares naturales.<\/p>\n<p><strong>Observe las instrucciones de preparaci\u00f3n.\u00a0<\/strong><\/p>\n<p>Agite el paquete antes de usar. El volumen de llenado del producto est\u00e1 sujeto a variaciones de naturaleza t\u00e9cnica. Almacenar en un lugar fresco y seco y consumir poco despu\u00e9s de abrir.<\/p>\n<p>&nbsp;<\/p>\n","protected":false},"excerpt":{"rendered":"<ul>\n<li>Batido cremoso con caf\u00e9<\/li>\n<li>Cada porci\u00f3n sustituye una comida completa<\/li>\n<li>Para perder y mantener el peso.<\/li>\n<li>Apoya la p\u00e9rdida de peso con solo 218 calor\u00edas por porci\u00f3n<\/li>\n<li>100% vegano, endulzado con stevia, solo sabores naturales<\/li>\n<li>Alto contenido en fibra y prote\u00edna<\/li>\n<li>Libre de gluten, lactosa y colorantes artificiales<\/li>\n<li>Cantidad: 496g<\/li>\n<\/ul>\n<p><span style=\"color: #ff0000;\"><a style=\"color: #ff0000;\" href=\"https:\/\/shop.lrworld.com\/openpao?PHP=0vFlt7jT938BEnBI3a6e9w%3D%3D\"><span style=\"font-size: 14pt;\"><strong>Reg\u00edstrate aqu\u00ed y ahorra 35% en cada compra<\/strong><\/span><\/a><\/span><\/p>\n","protected":false},"featured_media":9775,"comment_status":"open","ping_status":"closed","template":"","meta":{"_kad_blocks_custom_css":"","_kad_blocks_head_custom_js":"","_kad_blocks_body_custom_js":"","_kad_blocks_footer_custom_js":"","_kadence_starter_templates_imported_post":false,"_kad_post_transparent":"default","_kad_post_title":"","_kad_post_layout":"default","_kad_post_sidebar_id":"","_kad_post_content_style":"default","_kad_post_vertical_padding":"default","_kad_post_feature":"","_kad_post_feature_position":"","_kad_post_header":false,"_kad_post_footer":false,"_kad_post_classname":""},"product_brand":[],"product_cat":[314,338],"product_tag":[633],"class_list":{"0":"post-9200","1":"product","2":"type-product","3":"status-publish","4":"has-post-thumbnail","6":"product_cat-body-mission-batidos","7":"product_cat-suplementos-dieteticos","8":"product_tag-dieta-es","10":"first","11":"instock","12":"taxable","13":"shipping-taxable","14":"purchasable","15":"product-type-simple","16":"entry","17":"content-bg","18":"loop-entry"},"yoast_head":"<!-- This site is optimized with the Yoast SEO Premium plugin v27.4 (Yoast SEO v27.4) - https:\/\/yoast.com\/product\/yoast-seo-premium-wordpress\/ -->\n<title>Caf\u00e9 Adelgazante Batido Figu Active con solo 218 cal. por porci\u00f3n<\/title>\n<meta name=\"description\" content=\"Caf\u00e9 Adelgazante Batido Figu Active para perder y mantener el peso. 100% vegano, endulzado con stevia, solo sabores naturales. Con fibra y prote\u00edna\" \/>\n<meta name=\"robots\" content=\"index, follow, max-snippet:-1, max-image-preview:large, max-video-preview:-1\" \/>\n<link rel=\"canonical\" href=\"https:\/\/www.lraloeverashop.eu\/es\/producto\/batido-para-adelgazar-sabor-latte-macchiato\/\" \/>\n<meta property=\"og:locale\" content=\"es_ES\" \/>\n<meta property=\"og:type\" content=\"article\" \/>\n<meta property=\"og:title\" content=\"Caf\u00e9 Adelgazante Batido Figu Active\" \/>\n<meta property=\"og:description\" content=\"Caf\u00e9 Adelgazante Batido Figu Active para perder y mantener el peso. 100% vegano, endulzado con stevia, solo sabores naturales. Con fibra y prote\u00edna\" \/>\n<meta property=\"og:url\" content=\"https:\/\/www.lraloeverashop.eu\/es\/producto\/batido-para-adelgazar-sabor-latte-macchiato\/\" \/>\n<meta property=\"og:site_name\" content=\"Lr Tienda Aloe Vera\" \/>\n<meta property=\"article:publisher\" content=\"https:\/\/www.facebook.com\/lraloeverashop.eu\" \/>\n<meta property=\"article:modified_time\" content=\"2026-02-09T04:02:06+00:00\" \/>\n<meta property=\"og:image\" content=\"https:\/\/www.lraloeverashop.eu\/wp-content\/uploads\/2023\/01\/Figuactive-Weight-Loss-Shake-Coffee.jpg\" \/>\n\t<meta property=\"og:image:width\" content=\"1200\" \/>\n\t<meta property=\"og:image:height\" content=\"1200\" \/>\n\t<meta property=\"og:image:type\" content=\"image\/jpeg\" \/>\n<meta name=\"twitter:card\" content=\"summary_large_image\" \/>\n<meta name=\"twitter:site\" content=\"@natur__kosmetik\" \/>\n<script type=\"application\/ld+json\" class=\"yoast-schema-graph\">{\"@context\":\"https:\\\/\\\/schema.org\",\"@graph\":[{\"@type\":[\"WebPage\",\"ItemPage\"],\"@id\":\"https:\\\/\\\/www.lraloeverashop.eu\\\/es\\\/producto\\\/batido-para-adelgazar-sabor-latte-macchiato\\\/\",\"url\":\"https:\\\/\\\/www.lraloeverashop.eu\\\/es\\\/producto\\\/batido-para-adelgazar-sabor-latte-macchiato\\\/\",\"name\":\"Caf\u00e9 Adelgazante Batido Figu Active con solo 218 cal. por porci\u00f3n\",\"isPartOf\":{\"@id\":\"https:\\\/\\\/www.lraloeverashop.eu\\\/es\\\/#website\"},\"primaryImageOfPage\":{\"@id\":\"https:\\\/\\\/www.lraloeverashop.eu\\\/es\\\/producto\\\/batido-para-adelgazar-sabor-latte-macchiato\\\/#primaryimage\"},\"image\":{\"@id\":\"https:\\\/\\\/www.lraloeverashop.eu\\\/es\\\/producto\\\/batido-para-adelgazar-sabor-latte-macchiato\\\/#primaryimage\"},\"thumbnailUrl\":\"https:\\\/\\\/www.lraloeverashop.eu\\\/wp-content\\\/uploads\\\/2023\\\/01\\\/Figuactive-Weight-Loss-Shake-Coffee.jpg\",\"datePublished\":\"2022-10-15T18:27:21+00:00\",\"dateModified\":\"2026-02-09T04:02:06+00:00\",\"description\":\"Caf\u00e9 Adelgazante Batido Figu Active para perder y mantener el peso. 100% vegano, endulzado con stevia, solo sabores naturales. Con fibra y prote\u00edna\",\"breadcrumb\":{\"@id\":\"https:\\\/\\\/www.lraloeverashop.eu\\\/es\\\/producto\\\/batido-para-adelgazar-sabor-latte-macchiato\\\/#breadcrumb\"},\"inLanguage\":\"es\",\"potentialAction\":[{\"@type\":\"ReadAction\",\"target\":[\"https:\\\/\\\/www.lraloeverashop.eu\\\/es\\\/producto\\\/batido-para-adelgazar-sabor-latte-macchiato\\\/\"]}]},{\"@type\":\"ImageObject\",\"inLanguage\":\"es\",\"@id\":\"https:\\\/\\\/www.lraloeverashop.eu\\\/es\\\/producto\\\/batido-para-adelgazar-sabor-latte-macchiato\\\/#primaryimage\",\"url\":\"https:\\\/\\\/www.lraloeverashop.eu\\\/wp-content\\\/uploads\\\/2023\\\/01\\\/Figuactive-Weight-Loss-Shake-Coffee.jpg\",\"contentUrl\":\"https:\\\/\\\/www.lraloeverashop.eu\\\/wp-content\\\/uploads\\\/2023\\\/01\\\/Figuactive-Weight-Loss-Shake-Coffee.jpg\",\"width\":1200,\"height\":1200,\"caption\":\"Caf\u00e9 Adelgazante Batido Figu Active para perder y mantener el peso\"},{\"@type\":\"BreadcrumbList\",\"@id\":\"https:\\\/\\\/www.lraloeverashop.eu\\\/es\\\/producto\\\/batido-para-adelgazar-sabor-latte-macchiato\\\/#breadcrumb\",\"itemListElement\":[{\"@type\":\"ListItem\",\"position\":1,\"name\":\"Home\",\"item\":\"https:\\\/\\\/www.lraloeverashop.eu\\\/es\\\/\"},{\"@type\":\"ListItem\",\"position\":2,\"name\":\"Tienda\",\"item\":\"https:\\\/\\\/www.lraloeverashop.eu\\\/es\\\/tienda\\\/\"},{\"@type\":\"ListItem\",\"position\":3,\"name\":\"Caf\u00e9 Adelgazante Batido Figu Active\"}]},{\"@type\":\"WebSite\",\"@id\":\"https:\\\/\\\/www.lraloeverashop.eu\\\/es\\\/#website\",\"url\":\"https:\\\/\\\/www.lraloeverashop.eu\\\/es\\\/\",\"name\":\"Lr Tienda Aloe Vera\",\"description\":\"High Quality Lr Aloe Vera Gel, Aloe Vera Cream and Shampoo\",\"publisher\":{\"@id\":\"https:\\\/\\\/www.lraloeverashop.eu\\\/es\\\/#organization\"},\"potentialAction\":[{\"@type\":\"SearchAction\",\"target\":{\"@type\":\"EntryPoint\",\"urlTemplate\":\"https:\\\/\\\/www.lraloeverashop.eu\\\/es\\\/?s={search_term_string}\"},\"query-input\":{\"@type\":\"PropertyValueSpecification\",\"valueRequired\":true,\"valueName\":\"search_term_string\"}}],\"inLanguage\":\"es\"},{\"@type\":\"Organization\",\"@id\":\"https:\\\/\\\/www.lraloeverashop.eu\\\/es\\\/#organization\",\"name\":\"Lr Tienda Aloe Vera\",\"alternateName\":\"LR\",\"url\":\"https:\\\/\\\/www.lraloeverashop.eu\\\/es\\\/\",\"logo\":{\"@type\":\"ImageObject\",\"inLanguage\":\"es\",\"@id\":\"https:\\\/\\\/www.lraloeverashop.eu\\\/es\\\/#\\\/schema\\\/logo\\\/image\\\/\",\"url\":\"https:\\\/\\\/www.lraloeverashop.eu\\\/wp-content\\\/uploads\\\/2022\\\/09\\\/cropped-Lr-Aloe-Vera-Shop.jpg\",\"contentUrl\":\"https:\\\/\\\/www.lraloeverashop.eu\\\/wp-content\\\/uploads\\\/2022\\\/09\\\/cropped-Lr-Aloe-Vera-Shop.jpg\",\"width\":228,\"height\":76,\"caption\":\"Lr Tienda Aloe Vera\"},\"image\":{\"@id\":\"https:\\\/\\\/www.lraloeverashop.eu\\\/es\\\/#\\\/schema\\\/logo\\\/image\\\/\"},\"sameAs\":[\"https:\\\/\\\/www.facebook.com\\\/lraloeverashop.eu\",\"https:\\\/\\\/x.com\\\/natur__kosmetik\",\"https:\\\/\\\/www.youtube.com\\\/channel\\\/UC5oN7BJ8nfYb8RpVtjwDEBA\",\"https:\\\/\\\/www.instagram.com\\\/lrbeautyeu\\\/\"],\"description\":\"La tienda Lr Aloe Vera es tu destino de confianza para productos premium de salud y belleza LR, fabricados en Alemania. Ofrecemos soluciones de alta calidad para el cuidado de la piel, nutrici\u00f3n y antienvejecimiento con Aloe Vera, elaboradas con ingredientes puros y respaldadas por investigaci\u00f3n cient\u00edfica. Descubre un cuidado natural que regenera, protege y revitaliza tu piel, y disfruta de ofertas mensuales exclusivas en nuestros productos LR Aloe Vera m\u00e1s vendidos.\\n\\nComienza hoy mismo tu camino hacia el cuidado natural de la piel y siente la diferencia.\",\"email\":\"info@lraloeverashop.eu\",\"telephone\":\"+49 17670609653\",\"legalName\":\"Lr Aloe Vera Shop\",\"foundingDate\":\"2018-04-21\",\"numberOfEmployees\":{\"@type\":\"QuantitativeValue\",\"minValue\":\"1\",\"maxValue\":\"10\"}}]}<\/script>\n<meta property=\"product:price:amount\" content=\"48.59\" \/>\n<meta property=\"product:price:currency\" content=\"EUR\" \/>\n<meta property=\"og:availability\" content=\"instock\" \/>\n<meta property=\"product:availability\" content=\"instock\" \/>\n<meta property=\"product:retailer_item_id\" content=\"81242-1ES\" \/>\n<meta property=\"product:condition\" content=\"new\" \/>\n<!-- \/ Yoast SEO Premium plugin. -->","yoast_head_json":{"title":"Caf\u00e9 Adelgazante Batido Figu Active con solo 218 cal. por porci\u00f3n","description":"Caf\u00e9 Adelgazante Batido Figu Active para perder y mantener el peso. 100% vegano, endulzado con stevia, solo sabores naturales. Con fibra y prote\u00edna","robots":{"index":"index","follow":"follow","max-snippet":"max-snippet:-1","max-image-preview":"max-image-preview:large","max-video-preview":"max-video-preview:-1"},"canonical":"https:\/\/www.lraloeverashop.eu\/es\/producto\/batido-para-adelgazar-sabor-latte-macchiato\/","og_locale":"es_ES","og_type":"article","og_title":"Caf\u00e9 Adelgazante Batido Figu Active","og_description":"Caf\u00e9 Adelgazante Batido Figu Active para perder y mantener el peso. 100% vegano, endulzado con stevia, solo sabores naturales. Con fibra y prote\u00edna","og_url":"https:\/\/www.lraloeverashop.eu\/es\/producto\/batido-para-adelgazar-sabor-latte-macchiato\/","og_site_name":"Lr Tienda Aloe Vera","article_publisher":"https:\/\/www.facebook.com\/lraloeverashop.eu","article_modified_time":"2026-02-09T04:02:06+00:00","og_image":[{"width":1200,"height":1200,"url":"https:\/\/www.lraloeverashop.eu\/wp-content\/uploads\/2023\/01\/Figuactive-Weight-Loss-Shake-Coffee.jpg","type":"image\/jpeg"}],"twitter_card":"summary_large_image","twitter_site":"@natur__kosmetik","schema":{"@context":"https:\/\/schema.org","@graph":[{"@type":["WebPage","ItemPage"],"@id":"https:\/\/www.lraloeverashop.eu\/es\/producto\/batido-para-adelgazar-sabor-latte-macchiato\/","url":"https:\/\/www.lraloeverashop.eu\/es\/producto\/batido-para-adelgazar-sabor-latte-macchiato\/","name":"Caf\u00e9 Adelgazante Batido Figu Active con solo 218 cal. por porci\u00f3n","isPartOf":{"@id":"https:\/\/www.lraloeverashop.eu\/es\/#website"},"primaryImageOfPage":{"@id":"https:\/\/www.lraloeverashop.eu\/es\/producto\/batido-para-adelgazar-sabor-latte-macchiato\/#primaryimage"},"image":{"@id":"https:\/\/www.lraloeverashop.eu\/es\/producto\/batido-para-adelgazar-sabor-latte-macchiato\/#primaryimage"},"thumbnailUrl":"https:\/\/www.lraloeverashop.eu\/wp-content\/uploads\/2023\/01\/Figuactive-Weight-Loss-Shake-Coffee.jpg","datePublished":"2022-10-15T18:27:21+00:00","dateModified":"2026-02-09T04:02:06+00:00","description":"Caf\u00e9 Adelgazante Batido Figu Active para perder y mantener el peso. 100% vegano, endulzado con stevia, solo sabores naturales. Con fibra y prote\u00edna","breadcrumb":{"@id":"https:\/\/www.lraloeverashop.eu\/es\/producto\/batido-para-adelgazar-sabor-latte-macchiato\/#breadcrumb"},"inLanguage":"es","potentialAction":[{"@type":"ReadAction","target":["https:\/\/www.lraloeverashop.eu\/es\/producto\/batido-para-adelgazar-sabor-latte-macchiato\/"]}]},{"@type":"ImageObject","inLanguage":"es","@id":"https:\/\/www.lraloeverashop.eu\/es\/producto\/batido-para-adelgazar-sabor-latte-macchiato\/#primaryimage","url":"https:\/\/www.lraloeverashop.eu\/wp-content\/uploads\/2023\/01\/Figuactive-Weight-Loss-Shake-Coffee.jpg","contentUrl":"https:\/\/www.lraloeverashop.eu\/wp-content\/uploads\/2023\/01\/Figuactive-Weight-Loss-Shake-Coffee.jpg","width":1200,"height":1200,"caption":"Caf\u00e9 Adelgazante Batido Figu Active para perder y mantener el peso"},{"@type":"BreadcrumbList","@id":"https:\/\/www.lraloeverashop.eu\/es\/producto\/batido-para-adelgazar-sabor-latte-macchiato\/#breadcrumb","itemListElement":[{"@type":"ListItem","position":1,"name":"Home","item":"https:\/\/www.lraloeverashop.eu\/es\/"},{"@type":"ListItem","position":2,"name":"Tienda","item":"https:\/\/www.lraloeverashop.eu\/es\/tienda\/"},{"@type":"ListItem","position":3,"name":"Caf\u00e9 Adelgazante Batido Figu Active"}]},{"@type":"WebSite","@id":"https:\/\/www.lraloeverashop.eu\/es\/#website","url":"https:\/\/www.lraloeverashop.eu\/es\/","name":"Lr Tienda Aloe Vera","description":"High Quality Lr Aloe Vera Gel, Aloe Vera Cream and Shampoo","publisher":{"@id":"https:\/\/www.lraloeverashop.eu\/es\/#organization"},"potentialAction":[{"@type":"SearchAction","target":{"@type":"EntryPoint","urlTemplate":"https:\/\/www.lraloeverashop.eu\/es\/?s={search_term_string}"},"query-input":{"@type":"PropertyValueSpecification","valueRequired":true,"valueName":"search_term_string"}}],"inLanguage":"es"},{"@type":"Organization","@id":"https:\/\/www.lraloeverashop.eu\/es\/#organization","name":"Lr Tienda Aloe Vera","alternateName":"LR","url":"https:\/\/www.lraloeverashop.eu\/es\/","logo":{"@type":"ImageObject","inLanguage":"es","@id":"https:\/\/www.lraloeverashop.eu\/es\/#\/schema\/logo\/image\/","url":"https:\/\/www.lraloeverashop.eu\/wp-content\/uploads\/2022\/09\/cropped-Lr-Aloe-Vera-Shop.jpg","contentUrl":"https:\/\/www.lraloeverashop.eu\/wp-content\/uploads\/2022\/09\/cropped-Lr-Aloe-Vera-Shop.jpg","width":228,"height":76,"caption":"Lr Tienda Aloe Vera"},"image":{"@id":"https:\/\/www.lraloeverashop.eu\/es\/#\/schema\/logo\/image\/"},"sameAs":["https:\/\/www.facebook.com\/lraloeverashop.eu","https:\/\/x.com\/natur__kosmetik","https:\/\/www.youtube.com\/channel\/UC5oN7BJ8nfYb8RpVtjwDEBA","https:\/\/www.instagram.com\/lrbeautyeu\/"],"description":"La tienda Lr Aloe Vera es tu destino de confianza para productos premium de salud y belleza LR, fabricados en Alemania. Ofrecemos soluciones de alta calidad para el cuidado de la piel, nutrici\u00f3n y antienvejecimiento con Aloe Vera, elaboradas con ingredientes puros y respaldadas por investigaci\u00f3n cient\u00edfica. Descubre un cuidado natural que regenera, protege y revitaliza tu piel, y disfruta de ofertas mensuales exclusivas en nuestros productos LR Aloe Vera m\u00e1s vendidos.\n\nComienza hoy mismo tu camino hacia el cuidado natural de la piel y siente la diferencia.","email":"info@lraloeverashop.eu","telephone":"+49 17670609653","legalName":"Lr Aloe Vera Shop","foundingDate":"2018-04-21","numberOfEmployees":{"@type":"QuantitativeValue","minValue":"1","maxValue":"10"}}]},"product_price_amount":"48.59","product_price_currency":"EUR","og_availability":"instock","product_availability":"instock","product_retailer_item_id":"81242-1ES","product_condition":"new"},"taxonomy_info":{"product_cat":[{"value":314,"label":"Batidos"},{"value":338,"label":"Sustituto de la comida"}],"product_tag":[{"value":633,"label":"Dieta"}]},"featured_image_src_large":["https:\/\/www.lraloeverashop.eu\/wp-content\/uploads\/2023\/01\/Figuactive-Weight-Loss-Shake-Coffee-1024x1024.jpg",1024,1024,true],"author_info":[],"comment_info":0,"_links":{"self":[{"href":"https:\/\/www.lraloeverashop.eu\/es\/wp-json\/wp\/v2\/product\/9200","targetHints":{"allow":["GET"]}}],"collection":[{"href":"https:\/\/www.lraloeverashop.eu\/es\/wp-json\/wp\/v2\/product"}],"about":[{"href":"https:\/\/www.lraloeverashop.eu\/es\/wp-json\/wp\/v2\/types\/product"}],"replies":[{"embeddable":true,"href":"https:\/\/www.lraloeverashop.eu\/es\/wp-json\/wp\/v2\/comments?post=9200"}],"wp:featuredmedia":[{"embeddable":true,"href":"https:\/\/www.lraloeverashop.eu\/es\/wp-json\/wp\/v2\/media\/9775"}],"wp:attachment":[{"href":"https:\/\/www.lraloeverashop.eu\/es\/wp-json\/wp\/v2\/media?parent=9200"}],"wp:term":[{"taxonomy":"product_brand","embeddable":true,"href":"https:\/\/www.lraloeverashop.eu\/es\/wp-json\/wp\/v2\/product_brand?post=9200"},{"taxonomy":"product_cat","embeddable":true,"href":"https:\/\/www.lraloeverashop.eu\/es\/wp-json\/wp\/v2\/product_cat?post=9200"},{"taxonomy":"product_tag","embeddable":true,"href":"https:\/\/www.lraloeverashop.eu\/es\/wp-json\/wp\/v2\/product_tag?post=9200"}],"curies":[{"name":"wp","href":"https:\/\/api.w.org\/{rel}","templated":true}]}}