{"id":9188,"date":"2022-10-15T20:36:59","date_gmt":"2022-10-15T18:36:59","guid":{"rendered":"https:\/\/www.lraloeverashop.eu\/product\/batido-para-adelgazar-sabor-vainilla\/"},"modified":"2026-02-09T05:01:54","modified_gmt":"2026-02-09T04:01:54","slug":"batido-para-adelgazar-sabor-vainilla","status":"publish","type":"product","link":"https:\/\/www.lraloeverashop.eu\/es\/producto\/batido-para-adelgazar-sabor-vainilla\/","title":{"rendered":"Batido Para Adelgazar Sabor Vainilla"},"content":{"rendered":"<h2><span style=\"font-size: 16pt;\"><strong>Batido Para Adelgazar Sabor Vainilla<\/strong><\/span><\/h2>\n<p><span style=\"font-size: 14pt;\"><strong>Batido Para Adelgazar Sabor Vainilla con solo 216 calor\u00edas por porci\u00f3n<\/strong><\/span><\/p>\n<p>Ya sea para perder peso, mantener el peso o simplemente ahorrar tiempo. Nuestro Batido Para Adelgazar Sabor Vainilla es irresistiblemente delicioso, reemplaza una comida completa y contiene muchos ingredientes naturales valiosos. El batido es una comida saludable con un equilibrio perfecto entre la <a href=\"https:\/\/www.lraloeverashop.eu\/es\/producto\/batido-para-adelgazar-de-chocolate-cremoso\/\">reducci\u00f3n de calor\u00edas<\/a> y el suministro de todos los nutrientes que el cuerpo necesita.<\/p>\n<p>Este Figu Active Batido Para Adelgazar Sabor Vainilla contiene inulina. Dado que la inulina tiene un efecto estimulante sobre la funci\u00f3n intestinal y la flora intestinal, un aumento de la ingesta puede provocar <strong><a href=\"https:\/\/www.lraloeverashop.eu\/es\/producto\/probioticos-pro-12-plus\/\">problemas digestivos<\/a><\/strong> (flatulencia, diarrea). Las personas con un tracto gastrointestinal sensible deben consultar a su m\u00e9dico antes de consumir el producto.<\/p>\n<p>&nbsp;<\/p>\n<p><a href=\"https:\/\/www.lraloeverashop.eu\/wp-content\/uploads\/2024\/09\/weight-loss-diet-review-300x300.jpeg\"><img loading=\"lazy\" decoding=\"async\" class=\"alignleft wp-image-16354 size-medium\" src=\"https:\/\/www.lraloeverashop.eu\/wp-content\/uploads\/2024\/09\/weight-loss-diet-review-300x300.jpeg\" alt=\"Rese\u00f1a de dieta para bajar de peso\" width=\"300\" height=\"300\" srcset=\"https:\/\/www.lraloeverashop.eu\/wp-content\/uploads\/2024\/09\/weight-loss-diet-review-300x300.jpeg 300w, https:\/\/www.lraloeverashop.eu\/wp-content\/uploads\/2024\/09\/weight-loss-diet-review-1024x1024.jpeg 1024w, https:\/\/www.lraloeverashop.eu\/wp-content\/uploads\/2024\/09\/weight-loss-diet-review-150x150.jpeg 150w, https:\/\/www.lraloeverashop.eu\/wp-content\/uploads\/2024\/09\/weight-loss-diet-review-768x768.jpeg 768w, https:\/\/www.lraloeverashop.eu\/wp-content\/uploads\/2024\/09\/weight-loss-diet-review-600x600.jpeg 600w, https:\/\/www.lraloeverashop.eu\/wp-content\/uploads\/2024\/09\/weight-loss-diet-review-100x100.jpeg 100w, https:\/\/www.lraloeverashop.eu\/wp-content\/uploads\/2024\/09\/weight-loss-diet-review.jpeg 1200w\" sizes=\"auto, (max-width: 300px) 100vw, 300px\" \/><\/a> Comidas particularmente deliciosas, variadas y 100% veganas con sabores naturales aseguran una gran variedad en el men\u00fa. Un alto contenido de fibras diet\u00e9ticas valiosas y una mezcla cuidadosamente seleccionada de <a href=\"https:\/\/www.lraloeverashop.eu\/es\/producto\/protein-power-bebida-de-vainilla-en-polvo\/\">prote\u00ednas vegetales<\/a> lo apoyan en su dieta de forma natural.<\/p>\n<p>Los batidos de Figu Active son f\u00e1ciles de mezclar y pueden sustituir el desayuno, el almuerzo o la cena, proporcionando todos los nutrientes necesarios, como <a href=\"https:\/\/www.lraloeverashop.eu\/es\/producto\/vita-active-frutos-rojos\/\">vitaminas<\/a>, minerales y oligoelementos.<\/p>\n<p>\u00a1Ahorre tiempo y consuma menos calor\u00edas!<\/p>\n<p>Los productos Figu Active hacen que la <a href=\"https:\/\/www.lraloeverashop.eu\/es\/sustituto-de-la-comida-figu-active-la-dieta-muy-inteligente-para-bajar-de-peso\/\">p\u00e9rdida de peso<\/a> sea una experiencia equilibrada, f\u00e1cil y divertida\u00b9.<\/p>\n<p>&nbsp;<\/p>\n<p>&nbsp;<\/p>\n<p><a href=\"https:\/\/www.lraloeverashop.eu\/wp-content\/uploads\/2024\/09\/man-weight-loss-before-and-after-300x300.jpeg\"><img loading=\"lazy\" decoding=\"async\" class=\"alignleft wp-image-16361 size-medium\" src=\"https:\/\/www.lraloeverashop.eu\/wp-content\/uploads\/2024\/09\/man-weight-loss-before-and-after-300x300.jpeg\" alt=\"Dieta para bajar de peso antes y despu\u00e9s\" width=\"300\" height=\"300\" srcset=\"https:\/\/www.lraloeverashop.eu\/wp-content\/uploads\/2024\/09\/man-weight-loss-before-and-after-300x300.jpeg 300w, https:\/\/www.lraloeverashop.eu\/wp-content\/uploads\/2024\/09\/man-weight-loss-before-and-after-1024x1024.jpeg 1024w, https:\/\/www.lraloeverashop.eu\/wp-content\/uploads\/2024\/09\/man-weight-loss-before-and-after-150x150.jpeg 150w, https:\/\/www.lraloeverashop.eu\/wp-content\/uploads\/2024\/09\/man-weight-loss-before-and-after-768x768.jpeg 768w, https:\/\/www.lraloeverashop.eu\/wp-content\/uploads\/2024\/09\/man-weight-loss-before-and-after-600x600.jpeg 600w, https:\/\/www.lraloeverashop.eu\/wp-content\/uploads\/2024\/09\/man-weight-loss-before-and-after-100x100.jpeg 100w, https:\/\/www.lraloeverashop.eu\/wp-content\/uploads\/2024\/09\/man-weight-loss-before-and-after.jpeg 1200w\" sizes=\"auto, (max-width: 300px) 100vw, 300px\" \/><\/a>Disfrute del delicioso Figu Active Batido Para Adelgazar <a href=\"https:\/\/www.lraloeverashop.eu\/es\/producto\/proteina-en-polvo-vainilla\/\">Sabor Vainilla<\/a> como un desayuno nutritivo, como un almuerzo satisfactorio al mediod\u00eda o por la noche. \u00a1Depende completamente de ti!<\/p>\n<p>Use los productos Figu Active todo el tiempo que desee: gracias a su composici\u00f3n especial que contiene todos los <a href=\"https:\/\/www.lraloeverashop.eu\/es\/producto\/batido-para-adelgazar-sabor-fresa-platano\/\">nutrientes importantes<\/a>, Figu Active es un sustituto de comida que puede usarse durante largos per\u00edodos de tiempo.<\/p>\n<p>1. Reemplazar dos de tus comidas diarias dentro de una dieta baja en calor\u00edas contribuye a la p\u00e9rdida de peso.<\/p>\n<p>2. Reemplazar una de tus comidas diarias dentro de una dieta baja en calor\u00edas ayuda a mantener el peso deseado despu\u00e9s de la p\u00e9rdida de peso.<\/p>\n<p>&nbsp;<\/p>\n<h3><span style=\"font-size: 16pt;\"><strong>C\u00f3mo preparar<\/strong><\/span><\/h3>\n<p>El Figu Active Batido Sabor Vainilla apoya la p\u00e9rdida de peso y ayuda a mantener el peso deseado.<\/p>\n<p>Preparaci\u00f3n: mezcle 3 cucharadas (28 g de polvo) en 300 ml de leche baja en grasa y sin lactosa (1,5% de grasa) en un vaso grande de al menos 350 ml de capacidad. Tambi\u00e9n se recomienda usar el LR Shaker. D\u00e9jelo descansar un poco, revuelva nuevamente y \u00a1su desayuno, almuerzo o cena estar\u00e1 listo! Consumir Batido Para Adelgazar inmediatamente despu\u00e9s de la preparaci\u00f3n.<\/p>\n<p>Aseg\u00farese de <a href=\"https:\/\/www.lraloeverashop.eu\/es\/producto\/te-de-hierbas-para-adelgazar\/\">tomar muchos l\u00edquidos<\/a> durante su dieta. Beba preferiblemente 2-3 litros de t\u00e9 sin calor\u00edas o sin az\u00facar. El producto cumple su prop\u00f3sito solo en el contexto de una <a href=\"https:\/\/www.lraloeverashop.eu\/es\/producto\/sopa-de-patata\/\">dieta baja en calor\u00edas<\/a>. Asegure una dieta rica y equilibrada y un estilo de vida saludable.<\/p>\n<p>Su dieta debe incluir otros alimentos. La comida preparada contiene todos los nutrientes necesarios en cantidades suficientes. Contiene az\u00facares naturales.<\/p>\n<p><strong>Observe las instrucciones de preparaci\u00f3n.<\/strong><\/p>\n<p>Agite el paquete de Batido Para Adelgazar antes de usar. El volumen de llenado del producto est\u00e1 sujeto a variaciones de naturaleza t\u00e9cnica. Almacenar en un lugar fresco y seco y consumir poco despu\u00e9s de abrir.<\/p>\n","protected":false},"excerpt":{"rendered":"<ul>\n<li>Cada porci\u00f3n sustituye una comida completa<\/li>\n<li>Para perder y mantener el peso<\/li>\n<li>Apoya la p\u00e9rdida de peso con solo 216 calor\u00edas por porci\u00f3n<\/li>\n<li>100% vegano, endulzado con stevia, solo sabores naturales<\/li>\n<li>Alto contenido en fibra y prote\u00edna<\/li>\n<li>Libre de gluten, lactosa y aceite de palma<\/li>\n<li>Cantidad: 496g<\/li>\n<\/ul>\n<p><span style=\"color: #ff0000;\"><a style=\"color: #ff0000;\" href=\"https:\/\/shop.lrworld.com\/openpao?PHP=0vFlt7jT938BEnBI3a6e9w%3D%3D\"><span style=\"font-size: 14pt;\"><strong>Reg\u00edstrate aqu\u00ed y ahorra 35% en cada compra<\/strong><\/span><\/a><\/span><\/p>\n","protected":false},"featured_media":9747,"comment_status":"open","ping_status":"closed","template":"","meta":{"_kad_blocks_custom_css":"","_kad_blocks_head_custom_js":"","_kad_blocks_body_custom_js":"","_kad_blocks_footer_custom_js":"","_kadence_starter_templates_imported_post":false,"_kad_post_transparent":"default","_kad_post_title":"","_kad_post_layout":"default","_kad_post_sidebar_id":"","_kad_post_content_style":"default","_kad_post_vertical_padding":"default","_kad_post_feature":"","_kad_post_feature_position":"","_kad_post_header":false,"_kad_post_footer":false,"_kad_post_classname":""},"product_brand":[],"product_cat":[314,338],"product_tag":[633],"class_list":{"0":"post-9188","1":"product","2":"type-product","3":"status-publish","4":"has-post-thumbnail","6":"product_cat-body-mission-batidos","7":"product_cat-suplementos-dieteticos","8":"product_tag-dieta-es","10":"first","11":"instock","12":"taxable","13":"shipping-taxable","14":"purchasable","15":"product-type-simple","16":"entry","17":"content-bg","18":"loop-entry"},"yoast_head":"<!-- This site is optimized with the Yoast SEO Premium plugin v27.4 (Yoast SEO v27.4) - https:\/\/yoast.com\/product\/yoast-seo-premium-wordpress\/ -->\n<title>Batido Para Adelgazar Sabor Vainilla con solo 216 cal. por porci\u00f3n<\/title>\n<meta name=\"description\" content=\"Batido Para Adelgazar Sabor Vainilla con alto contenido en fibra y prote\u00edna. Cada porci\u00f3n sustituye una comida completa. 100% vegano, endulzado con stevia\" \/>\n<meta name=\"robots\" content=\"index, follow, max-snippet:-1, max-image-preview:large, max-video-preview:-1\" \/>\n<link rel=\"canonical\" href=\"https:\/\/www.lraloeverashop.eu\/es\/producto\/batido-para-adelgazar-sabor-vainilla\/\" \/>\n<meta property=\"og:locale\" content=\"es_ES\" \/>\n<meta property=\"og:type\" content=\"article\" \/>\n<meta property=\"og:title\" content=\"Batido Para Adelgazar Sabor Vainilla\" \/>\n<meta property=\"og:description\" content=\"Batido Para Adelgazar Sabor Vainilla con alto contenido en fibra y prote\u00edna. Cada porci\u00f3n sustituye una comida completa. 100% vegano, endulzado con stevia\" \/>\n<meta property=\"og:url\" content=\"https:\/\/www.lraloeverashop.eu\/es\/producto\/batido-para-adelgazar-sabor-vainilla\/\" \/>\n<meta property=\"og:site_name\" content=\"Lr Tienda Aloe Vera\" \/>\n<meta property=\"article:publisher\" content=\"https:\/\/www.facebook.com\/lraloeverashop.eu\" \/>\n<meta property=\"article:modified_time\" content=\"2026-02-09T04:01:54+00:00\" \/>\n<meta property=\"og:image\" content=\"https:\/\/www.lraloeverashop.eu\/wp-content\/uploads\/2023\/01\/FiguActive-Shake-Vanilla.jpg\" \/>\n\t<meta property=\"og:image:width\" content=\"1200\" \/>\n\t<meta property=\"og:image:height\" content=\"1200\" \/>\n\t<meta property=\"og:image:type\" content=\"image\/jpeg\" \/>\n<meta name=\"twitter:card\" content=\"summary_large_image\" \/>\n<meta name=\"twitter:site\" content=\"@natur__kosmetik\" \/>\n<script type=\"application\/ld+json\" class=\"yoast-schema-graph\">{\"@context\":\"https:\\\/\\\/schema.org\",\"@graph\":[{\"@type\":[\"WebPage\",\"ItemPage\"],\"@id\":\"https:\\\/\\\/www.lraloeverashop.eu\\\/es\\\/producto\\\/batido-para-adelgazar-sabor-vainilla\\\/\",\"url\":\"https:\\\/\\\/www.lraloeverashop.eu\\\/es\\\/producto\\\/batido-para-adelgazar-sabor-vainilla\\\/\",\"name\":\"Batido Para Adelgazar Sabor Vainilla con solo 216 cal. por porci\u00f3n\",\"isPartOf\":{\"@id\":\"https:\\\/\\\/www.lraloeverashop.eu\\\/es\\\/#website\"},\"primaryImageOfPage\":{\"@id\":\"https:\\\/\\\/www.lraloeverashop.eu\\\/es\\\/producto\\\/batido-para-adelgazar-sabor-vainilla\\\/#primaryimage\"},\"image\":{\"@id\":\"https:\\\/\\\/www.lraloeverashop.eu\\\/es\\\/producto\\\/batido-para-adelgazar-sabor-vainilla\\\/#primaryimage\"},\"thumbnailUrl\":\"https:\\\/\\\/www.lraloeverashop.eu\\\/wp-content\\\/uploads\\\/2023\\\/01\\\/FiguActive-Shake-Vanilla.jpg\",\"datePublished\":\"2022-10-15T18:36:59+00:00\",\"dateModified\":\"2026-02-09T04:01:54+00:00\",\"description\":\"Batido Para Adelgazar Sabor Vainilla con alto contenido en fibra y prote\u00edna. Cada porci\u00f3n sustituye una comida completa. 100% vegano, endulzado con stevia\",\"breadcrumb\":{\"@id\":\"https:\\\/\\\/www.lraloeverashop.eu\\\/es\\\/producto\\\/batido-para-adelgazar-sabor-vainilla\\\/#breadcrumb\"},\"inLanguage\":\"es\",\"potentialAction\":[{\"@type\":\"ReadAction\",\"target\":[\"https:\\\/\\\/www.lraloeverashop.eu\\\/es\\\/producto\\\/batido-para-adelgazar-sabor-vainilla\\\/\"]}]},{\"@type\":\"ImageObject\",\"inLanguage\":\"es\",\"@id\":\"https:\\\/\\\/www.lraloeverashop.eu\\\/es\\\/producto\\\/batido-para-adelgazar-sabor-vainilla\\\/#primaryimage\",\"url\":\"https:\\\/\\\/www.lraloeverashop.eu\\\/wp-content\\\/uploads\\\/2023\\\/01\\\/FiguActive-Shake-Vanilla.jpg\",\"contentUrl\":\"https:\\\/\\\/www.lraloeverashop.eu\\\/wp-content\\\/uploads\\\/2023\\\/01\\\/FiguActive-Shake-Vanilla.jpg\",\"width\":1200,\"height\":1200,\"caption\":\"FiguActive Batido Para Adelgazar Sabor Vainilla\"},{\"@type\":\"BreadcrumbList\",\"@id\":\"https:\\\/\\\/www.lraloeverashop.eu\\\/es\\\/producto\\\/batido-para-adelgazar-sabor-vainilla\\\/#breadcrumb\",\"itemListElement\":[{\"@type\":\"ListItem\",\"position\":1,\"name\":\"Home\",\"item\":\"https:\\\/\\\/www.lraloeverashop.eu\\\/es\\\/\"},{\"@type\":\"ListItem\",\"position\":2,\"name\":\"Tienda\",\"item\":\"https:\\\/\\\/www.lraloeverashop.eu\\\/es\\\/tienda\\\/\"},{\"@type\":\"ListItem\",\"position\":3,\"name\":\"Batido Para Adelgazar Sabor Vainilla\"}]},{\"@type\":\"WebSite\",\"@id\":\"https:\\\/\\\/www.lraloeverashop.eu\\\/es\\\/#website\",\"url\":\"https:\\\/\\\/www.lraloeverashop.eu\\\/es\\\/\",\"name\":\"Lr Tienda Aloe Vera\",\"description\":\"High Quality Lr Aloe Vera Gel, Aloe Vera Cream and Shampoo\",\"publisher\":{\"@id\":\"https:\\\/\\\/www.lraloeverashop.eu\\\/es\\\/#organization\"},\"potentialAction\":[{\"@type\":\"SearchAction\",\"target\":{\"@type\":\"EntryPoint\",\"urlTemplate\":\"https:\\\/\\\/www.lraloeverashop.eu\\\/es\\\/?s={search_term_string}\"},\"query-input\":{\"@type\":\"PropertyValueSpecification\",\"valueRequired\":true,\"valueName\":\"search_term_string\"}}],\"inLanguage\":\"es\"},{\"@type\":\"Organization\",\"@id\":\"https:\\\/\\\/www.lraloeverashop.eu\\\/es\\\/#organization\",\"name\":\"Lr Tienda Aloe Vera\",\"alternateName\":\"LR\",\"url\":\"https:\\\/\\\/www.lraloeverashop.eu\\\/es\\\/\",\"logo\":{\"@type\":\"ImageObject\",\"inLanguage\":\"es\",\"@id\":\"https:\\\/\\\/www.lraloeverashop.eu\\\/es\\\/#\\\/schema\\\/logo\\\/image\\\/\",\"url\":\"https:\\\/\\\/www.lraloeverashop.eu\\\/wp-content\\\/uploads\\\/2022\\\/09\\\/cropped-Lr-Aloe-Vera-Shop.jpg\",\"contentUrl\":\"https:\\\/\\\/www.lraloeverashop.eu\\\/wp-content\\\/uploads\\\/2022\\\/09\\\/cropped-Lr-Aloe-Vera-Shop.jpg\",\"width\":228,\"height\":76,\"caption\":\"Lr Tienda Aloe Vera\"},\"image\":{\"@id\":\"https:\\\/\\\/www.lraloeverashop.eu\\\/es\\\/#\\\/schema\\\/logo\\\/image\\\/\"},\"sameAs\":[\"https:\\\/\\\/www.facebook.com\\\/lraloeverashop.eu\",\"https:\\\/\\\/x.com\\\/natur__kosmetik\",\"https:\\\/\\\/www.youtube.com\\\/channel\\\/UC5oN7BJ8nfYb8RpVtjwDEBA\",\"https:\\\/\\\/www.instagram.com\\\/lrbeautyeu\\\/\"],\"description\":\"La tienda Lr Aloe Vera es tu destino de confianza para productos premium de salud y belleza LR, fabricados en Alemania. Ofrecemos soluciones de alta calidad para el cuidado de la piel, nutrici\u00f3n y antienvejecimiento con Aloe Vera, elaboradas con ingredientes puros y respaldadas por investigaci\u00f3n cient\u00edfica. Descubre un cuidado natural que regenera, protege y revitaliza tu piel, y disfruta de ofertas mensuales exclusivas en nuestros productos LR Aloe Vera m\u00e1s vendidos.\\n\\nComienza hoy mismo tu camino hacia el cuidado natural de la piel y siente la diferencia.\",\"email\":\"info@lraloeverashop.eu\",\"telephone\":\"+49 17670609653\",\"legalName\":\"Lr Aloe Vera Shop\",\"foundingDate\":\"2018-04-21\",\"numberOfEmployees\":{\"@type\":\"QuantitativeValue\",\"minValue\":\"1\",\"maxValue\":\"10\"}}]}<\/script>\n<meta property=\"product:price:amount\" content=\"48.59\" \/>\n<meta property=\"product:price:currency\" content=\"EUR\" \/>\n<meta property=\"og:availability\" content=\"instock\" \/>\n<meta property=\"product:availability\" content=\"instock\" \/>\n<meta property=\"product:retailer_item_id\" content=\"81240-1ES\" \/>\n<meta property=\"product:condition\" content=\"new\" \/>\n<!-- \/ Yoast SEO Premium plugin. -->","yoast_head_json":{"title":"Batido Para Adelgazar Sabor Vainilla con solo 216 cal. por porci\u00f3n","description":"Batido Para Adelgazar Sabor Vainilla con alto contenido en fibra y prote\u00edna. Cada porci\u00f3n sustituye una comida completa. 100% vegano, endulzado con stevia","robots":{"index":"index","follow":"follow","max-snippet":"max-snippet:-1","max-image-preview":"max-image-preview:large","max-video-preview":"max-video-preview:-1"},"canonical":"https:\/\/www.lraloeverashop.eu\/es\/producto\/batido-para-adelgazar-sabor-vainilla\/","og_locale":"es_ES","og_type":"article","og_title":"Batido Para Adelgazar Sabor Vainilla","og_description":"Batido Para Adelgazar Sabor Vainilla con alto contenido en fibra y prote\u00edna. Cada porci\u00f3n sustituye una comida completa. 100% vegano, endulzado con stevia","og_url":"https:\/\/www.lraloeverashop.eu\/es\/producto\/batido-para-adelgazar-sabor-vainilla\/","og_site_name":"Lr Tienda Aloe Vera","article_publisher":"https:\/\/www.facebook.com\/lraloeverashop.eu","article_modified_time":"2026-02-09T04:01:54+00:00","og_image":[{"width":1200,"height":1200,"url":"https:\/\/www.lraloeverashop.eu\/wp-content\/uploads\/2023\/01\/FiguActive-Shake-Vanilla.jpg","type":"image\/jpeg"}],"twitter_card":"summary_large_image","twitter_site":"@natur__kosmetik","schema":{"@context":"https:\/\/schema.org","@graph":[{"@type":["WebPage","ItemPage"],"@id":"https:\/\/www.lraloeverashop.eu\/es\/producto\/batido-para-adelgazar-sabor-vainilla\/","url":"https:\/\/www.lraloeverashop.eu\/es\/producto\/batido-para-adelgazar-sabor-vainilla\/","name":"Batido Para Adelgazar Sabor Vainilla con solo 216 cal. por porci\u00f3n","isPartOf":{"@id":"https:\/\/www.lraloeverashop.eu\/es\/#website"},"primaryImageOfPage":{"@id":"https:\/\/www.lraloeverashop.eu\/es\/producto\/batido-para-adelgazar-sabor-vainilla\/#primaryimage"},"image":{"@id":"https:\/\/www.lraloeverashop.eu\/es\/producto\/batido-para-adelgazar-sabor-vainilla\/#primaryimage"},"thumbnailUrl":"https:\/\/www.lraloeverashop.eu\/wp-content\/uploads\/2023\/01\/FiguActive-Shake-Vanilla.jpg","datePublished":"2022-10-15T18:36:59+00:00","dateModified":"2026-02-09T04:01:54+00:00","description":"Batido Para Adelgazar Sabor Vainilla con alto contenido en fibra y prote\u00edna. Cada porci\u00f3n sustituye una comida completa. 100% vegano, endulzado con stevia","breadcrumb":{"@id":"https:\/\/www.lraloeverashop.eu\/es\/producto\/batido-para-adelgazar-sabor-vainilla\/#breadcrumb"},"inLanguage":"es","potentialAction":[{"@type":"ReadAction","target":["https:\/\/www.lraloeverashop.eu\/es\/producto\/batido-para-adelgazar-sabor-vainilla\/"]}]},{"@type":"ImageObject","inLanguage":"es","@id":"https:\/\/www.lraloeverashop.eu\/es\/producto\/batido-para-adelgazar-sabor-vainilla\/#primaryimage","url":"https:\/\/www.lraloeverashop.eu\/wp-content\/uploads\/2023\/01\/FiguActive-Shake-Vanilla.jpg","contentUrl":"https:\/\/www.lraloeverashop.eu\/wp-content\/uploads\/2023\/01\/FiguActive-Shake-Vanilla.jpg","width":1200,"height":1200,"caption":"FiguActive Batido Para Adelgazar Sabor Vainilla"},{"@type":"BreadcrumbList","@id":"https:\/\/www.lraloeverashop.eu\/es\/producto\/batido-para-adelgazar-sabor-vainilla\/#breadcrumb","itemListElement":[{"@type":"ListItem","position":1,"name":"Home","item":"https:\/\/www.lraloeverashop.eu\/es\/"},{"@type":"ListItem","position":2,"name":"Tienda","item":"https:\/\/www.lraloeverashop.eu\/es\/tienda\/"},{"@type":"ListItem","position":3,"name":"Batido Para Adelgazar Sabor Vainilla"}]},{"@type":"WebSite","@id":"https:\/\/www.lraloeverashop.eu\/es\/#website","url":"https:\/\/www.lraloeverashop.eu\/es\/","name":"Lr Tienda Aloe Vera","description":"High Quality Lr Aloe Vera Gel, Aloe Vera Cream and Shampoo","publisher":{"@id":"https:\/\/www.lraloeverashop.eu\/es\/#organization"},"potentialAction":[{"@type":"SearchAction","target":{"@type":"EntryPoint","urlTemplate":"https:\/\/www.lraloeverashop.eu\/es\/?s={search_term_string}"},"query-input":{"@type":"PropertyValueSpecification","valueRequired":true,"valueName":"search_term_string"}}],"inLanguage":"es"},{"@type":"Organization","@id":"https:\/\/www.lraloeverashop.eu\/es\/#organization","name":"Lr Tienda Aloe Vera","alternateName":"LR","url":"https:\/\/www.lraloeverashop.eu\/es\/","logo":{"@type":"ImageObject","inLanguage":"es","@id":"https:\/\/www.lraloeverashop.eu\/es\/#\/schema\/logo\/image\/","url":"https:\/\/www.lraloeverashop.eu\/wp-content\/uploads\/2022\/09\/cropped-Lr-Aloe-Vera-Shop.jpg","contentUrl":"https:\/\/www.lraloeverashop.eu\/wp-content\/uploads\/2022\/09\/cropped-Lr-Aloe-Vera-Shop.jpg","width":228,"height":76,"caption":"Lr Tienda Aloe Vera"},"image":{"@id":"https:\/\/www.lraloeverashop.eu\/es\/#\/schema\/logo\/image\/"},"sameAs":["https:\/\/www.facebook.com\/lraloeverashop.eu","https:\/\/x.com\/natur__kosmetik","https:\/\/www.youtube.com\/channel\/UC5oN7BJ8nfYb8RpVtjwDEBA","https:\/\/www.instagram.com\/lrbeautyeu\/"],"description":"La tienda Lr Aloe Vera es tu destino de confianza para productos premium de salud y belleza LR, fabricados en Alemania. Ofrecemos soluciones de alta calidad para el cuidado de la piel, nutrici\u00f3n y antienvejecimiento con Aloe Vera, elaboradas con ingredientes puros y respaldadas por investigaci\u00f3n cient\u00edfica. Descubre un cuidado natural que regenera, protege y revitaliza tu piel, y disfruta de ofertas mensuales exclusivas en nuestros productos LR Aloe Vera m\u00e1s vendidos.\n\nComienza hoy mismo tu camino hacia el cuidado natural de la piel y siente la diferencia.","email":"info@lraloeverashop.eu","telephone":"+49 17670609653","legalName":"Lr Aloe Vera Shop","foundingDate":"2018-04-21","numberOfEmployees":{"@type":"QuantitativeValue","minValue":"1","maxValue":"10"}}]},"product_price_amount":"48.59","product_price_currency":"EUR","og_availability":"instock","product_availability":"instock","product_retailer_item_id":"81240-1ES","product_condition":"new"},"taxonomy_info":{"product_cat":[{"value":314,"label":"Batidos"},{"value":338,"label":"Sustituto de la comida"}],"product_tag":[{"value":633,"label":"Dieta"}]},"featured_image_src_large":["https:\/\/www.lraloeverashop.eu\/wp-content\/uploads\/2023\/01\/FiguActive-Shake-Vanilla-1024x1024.jpg",1024,1024,true],"author_info":[],"comment_info":0,"_links":{"self":[{"href":"https:\/\/www.lraloeverashop.eu\/es\/wp-json\/wp\/v2\/product\/9188","targetHints":{"allow":["GET"]}}],"collection":[{"href":"https:\/\/www.lraloeverashop.eu\/es\/wp-json\/wp\/v2\/product"}],"about":[{"href":"https:\/\/www.lraloeverashop.eu\/es\/wp-json\/wp\/v2\/types\/product"}],"replies":[{"embeddable":true,"href":"https:\/\/www.lraloeverashop.eu\/es\/wp-json\/wp\/v2\/comments?post=9188"}],"wp:featuredmedia":[{"embeddable":true,"href":"https:\/\/www.lraloeverashop.eu\/es\/wp-json\/wp\/v2\/media\/9747"}],"wp:attachment":[{"href":"https:\/\/www.lraloeverashop.eu\/es\/wp-json\/wp\/v2\/media?parent=9188"}],"wp:term":[{"taxonomy":"product_brand","embeddable":true,"href":"https:\/\/www.lraloeverashop.eu\/es\/wp-json\/wp\/v2\/product_brand?post=9188"},{"taxonomy":"product_cat","embeddable":true,"href":"https:\/\/www.lraloeverashop.eu\/es\/wp-json\/wp\/v2\/product_cat?post=9188"},{"taxonomy":"product_tag","embeddable":true,"href":"https:\/\/www.lraloeverashop.eu\/es\/wp-json\/wp\/v2\/product_tag?post=9188"}],"curies":[{"name":"wp","href":"https:\/\/api.w.org\/{rel}","templated":true}]}}