{"id":9018,"date":"2022-10-17T16:51:18","date_gmt":"2022-10-17T14:51:18","guid":{"rendered":"https:\/\/www.lraloeverashop.eu\/product\/colageno-para-piel-q10-racine-serum\/"},"modified":"2026-02-09T04:46:04","modified_gmt":"2026-02-09T03:46:04","slug":"colageno-para-piel-q10-racine-serum","status":"publish","type":"product","link":"https:\/\/www.lraloeverashop.eu\/es\/producto\/colageno-para-piel-q10-racine-serum\/","title":{"rendered":"Col\u00e1geno Para Piel Q10 Racine Serum"},"content":{"rendered":"<h2><span style=\"font-size: 16pt;\"><strong>Col\u00e1geno Para Piel Q10 Racine Serum<\/strong><\/span><\/h2>\n<p><span style=\"font-size: 14pt;\"><strong>Col\u00e1geno Para Piel Q10 Racine Serum para una piel fresca, joven y suave<\/strong><\/span><\/p>\n<p>Hidrataci\u00f3n intensa con un efecto especial: El col\u00e1geno fue desarrollado para suavizar las arrugas y fortalecer la estructura de la piel. Los rasgos faciales pueden estar m\u00e1s relajados despu\u00e9s de su uso. Los ingredientes activos concentrados nutren intensamente la piel y favorecen su <a href=\"https:\/\/www.lraloeverashop.eu\/es\/producto\/aloe-vera-gel-bebible-freedom\/\">regeneraci\u00f3n natural<\/a>.<\/p>\n<p>El col\u00e1geno es una prote\u00edna corporal que mantiene la piel tersa y el\u00e1stica. Utilizado como ingrediente en cosm\u00e9tica, el col\u00e1geno <a href=\"https:\/\/www.lraloeverashop.eu\/es\/producto\/serum-facial-lr-skin-balance\/\">hidrata r\u00e1pidamente la piel<\/a>, que se vuelve firme y tersa.<\/p>\n<p>&nbsp;<\/p>\n<h3><strong><span style=\"font-size: 16pt;\">C\u00f3mo utilizar<\/span><\/strong><\/h3>\n<p>Aplica Q10 Racine Serum por la ma\u00f1ana despu\u00e9s de la limpieza sobre rostro, cuello y escote. A continuaci\u00f3n, elige la crema de tratamiento adecuada para el tipo de piel.<\/p>\n<p>&nbsp;<\/p>\n<h4><strong><span style=\"font-size: 16pt;\">\u00bfLo Sab\u00edas?<\/span><\/strong><\/h4>\n<p>Si sientes que la piel luce un poco cansada y seca, despu\u00e9s de una larga noche de fiesta o por aire caliente en invierno. El Suero de Racine Q10 es muy adecuado como soporte para <a href=\"https:\/\/www.lraloeverashop.eu\/es\/producto\/aloe-vera-crema-dermaintense-reguladora\/\">regenerar la piel<\/a>.<\/p>\n<p>Producto hecho en Alemania da <a href=\"https:\/\/lrworld.com\/join-me\">Lr Health &amp; Beauty<\/a><\/p>\n","protected":false},"excerpt":{"rendered":"<ul>\n<li>Impulsor de la humedad para la piel de la cara<\/li>\n<li>Suero altamente concentrado<\/li>\n<li>Proporciona m\u00e1s resistencia y elasticidad.<\/li>\n<li>Tambi\u00e9n es adecuado para pieles cansadas y secas.<\/li>\n<li>Producto hecho en Alemania<\/li>\n<li>Contenido: 30ml<\/li>\n<\/ul>\n<p><span style=\"color: #ff0000;\"><a style=\"color: #ff0000;\" href=\"https:\/\/shop.lrworld.com\/openpao?PHP=0vFlt7jT938BEnBI3a6e9w%3D%3D\"><span style=\"font-size: 14pt;\"><strong>Reg\u00edstrate aqu\u00ed y ahorra 35% en cada compra<\/strong><\/span><\/a><\/span><\/p>\n","protected":false},"featured_media":5891,"comment_status":"open","ping_status":"closed","template":"","meta":{"_kad_blocks_custom_css":"","_kad_blocks_head_custom_js":"","_kad_blocks_body_custom_js":"","_kad_blocks_footer_custom_js":"","_kadence_starter_templates_imported_post":false,"_kad_post_transparent":"default","_kad_post_title":"","_kad_post_layout":"default","_kad_post_sidebar_id":"","_kad_post_content_style":"default","_kad_post_vertical_padding":"default","_kad_post_feature":"","_kad_post_feature_position":"","_kad_post_header":false,"_kad_post_footer":false,"_kad_post_classname":""},"product_brand":[],"product_cat":[271,289,332,385],"product_tag":[],"class_list":{"0":"post-9018","1":"product","2":"type-product","3":"status-publish","4":"has-post-thumbnail","6":"product_cat-cuidado-antiedad","7":"product_cat-mujeres-hasta-40","8":"product_cat-productos-antiedad","9":"product_cat-racine-es","11":"first","12":"instock","13":"taxable","14":"shipping-taxable","15":"purchasable","16":"product-type-simple","17":"entry","18":"content-bg","19":"loop-entry"},"yoast_head":"<!-- This site is optimized with the Yoast SEO Premium plugin v27.3 (Yoast SEO v27.3) - https:\/\/yoast.com\/product\/yoast-seo-premium-wordpress\/ -->\n<title>Col\u00e1geno Para Piel Q10 Racine Serum para una piel joven y suave<\/title>\n<meta name=\"description\" content=\"Col\u00e1geno Para Piel Q10 Racine Serum proporciona m\u00e1s resistencia y elasticidad. Tambi\u00e9n es adecuado para pieles cansadas y secas. Producto hecho en Alemania\" \/>\n<meta name=\"robots\" content=\"index, follow, max-snippet:-1, max-image-preview:large, max-video-preview:-1\" \/>\n<link rel=\"canonical\" href=\"https:\/\/www.lraloeverashop.eu\/es\/producto\/colageno-para-piel-q10-racine-serum\/\" \/>\n<meta property=\"og:locale\" content=\"es_ES\" \/>\n<meta property=\"og:type\" content=\"article\" \/>\n<meta property=\"og:title\" content=\"Col\u00e1geno Para Piel Q10 Racine Serum\" \/>\n<meta property=\"og:description\" content=\"Col\u00e1geno Para Piel Q10 Racine Serum proporciona m\u00e1s resistencia y elasticidad. Tambi\u00e9n es adecuado para pieles cansadas y secas. Producto hecho en Alemania\" \/>\n<meta property=\"og:url\" content=\"https:\/\/www.lraloeverashop.eu\/es\/producto\/colageno-para-piel-q10-racine-serum\/\" \/>\n<meta property=\"og:site_name\" content=\"Lr Tienda Aloe Vera\" \/>\n<meta property=\"article:publisher\" content=\"https:\/\/www.facebook.com\/lraloeverashop.eu\" \/>\n<meta property=\"article:modified_time\" content=\"2026-02-09T03:46:04+00:00\" \/>\n<meta property=\"og:image\" content=\"https:\/\/www.lraloeverashop.eu\/wp-content\/uploads\/2022\/10\/Racine-Collagen-Serum.jpg\" \/>\n\t<meta property=\"og:image:width\" content=\"1200\" \/>\n\t<meta property=\"og:image:height\" content=\"1200\" \/>\n\t<meta property=\"og:image:type\" content=\"image\/jpeg\" \/>\n<meta name=\"twitter:card\" content=\"summary_large_image\" \/>\n<meta name=\"twitter:site\" content=\"@natur__kosmetik\" \/>\n<script type=\"application\/ld+json\" class=\"yoast-schema-graph\">{\"@context\":\"https:\\\/\\\/schema.org\",\"@graph\":[{\"@type\":[\"WebPage\",\"ItemPage\"],\"@id\":\"https:\\\/\\\/www.lraloeverashop.eu\\\/es\\\/producto\\\/colageno-para-piel-q10-racine-serum\\\/\",\"url\":\"https:\\\/\\\/www.lraloeverashop.eu\\\/es\\\/producto\\\/colageno-para-piel-q10-racine-serum\\\/\",\"name\":\"Col\u00e1geno Para Piel Q10 Racine Serum para una piel joven y suave\",\"isPartOf\":{\"@id\":\"https:\\\/\\\/www.lraloeverashop.eu\\\/es\\\/#website\"},\"primaryImageOfPage\":{\"@id\":\"https:\\\/\\\/www.lraloeverashop.eu\\\/es\\\/producto\\\/colageno-para-piel-q10-racine-serum\\\/#primaryimage\"},\"image\":{\"@id\":\"https:\\\/\\\/www.lraloeverashop.eu\\\/es\\\/producto\\\/colageno-para-piel-q10-racine-serum\\\/#primaryimage\"},\"thumbnailUrl\":\"https:\\\/\\\/www.lraloeverashop.eu\\\/wp-content\\\/uploads\\\/2022\\\/10\\\/Racine-Collagen-Serum.jpg\",\"datePublished\":\"2022-10-17T14:51:18+00:00\",\"dateModified\":\"2026-02-09T03:46:04+00:00\",\"description\":\"Col\u00e1geno Para Piel Q10 Racine Serum proporciona m\u00e1s resistencia y elasticidad. Tambi\u00e9n es adecuado para pieles cansadas y secas. Producto hecho en Alemania\",\"breadcrumb\":{\"@id\":\"https:\\\/\\\/www.lraloeverashop.eu\\\/es\\\/producto\\\/colageno-para-piel-q10-racine-serum\\\/#breadcrumb\"},\"inLanguage\":\"es\",\"potentialAction\":[{\"@type\":\"ReadAction\",\"target\":[\"https:\\\/\\\/www.lraloeverashop.eu\\\/es\\\/producto\\\/colageno-para-piel-q10-racine-serum\\\/\"]}]},{\"@type\":\"ImageObject\",\"inLanguage\":\"es\",\"@id\":\"https:\\\/\\\/www.lraloeverashop.eu\\\/es\\\/producto\\\/colageno-para-piel-q10-racine-serum\\\/#primaryimage\",\"url\":\"https:\\\/\\\/www.lraloeverashop.eu\\\/wp-content\\\/uploads\\\/2022\\\/10\\\/Racine-Collagen-Serum.jpg\",\"contentUrl\":\"https:\\\/\\\/www.lraloeverashop.eu\\\/wp-content\\\/uploads\\\/2022\\\/10\\\/Racine-Collagen-Serum.jpg\",\"width\":1200,\"height\":1200,\"caption\":\"Col\u00e1geno Para Piel Q10 Racine Serum mantiene la piel tersa y el\u00e1stica\"},{\"@type\":\"BreadcrumbList\",\"@id\":\"https:\\\/\\\/www.lraloeverashop.eu\\\/es\\\/producto\\\/colageno-para-piel-q10-racine-serum\\\/#breadcrumb\",\"itemListElement\":[{\"@type\":\"ListItem\",\"position\":1,\"name\":\"Home\",\"item\":\"https:\\\/\\\/www.lraloeverashop.eu\\\/es\\\/\"},{\"@type\":\"ListItem\",\"position\":2,\"name\":\"Tienda\",\"item\":\"https:\\\/\\\/www.lraloeverashop.eu\\\/es\\\/tienda\\\/\"},{\"@type\":\"ListItem\",\"position\":3,\"name\":\"Col\u00e1geno Para Piel Q10 Racine Serum\"}]},{\"@type\":\"WebSite\",\"@id\":\"https:\\\/\\\/www.lraloeverashop.eu\\\/es\\\/#website\",\"url\":\"https:\\\/\\\/www.lraloeverashop.eu\\\/es\\\/\",\"name\":\"Lr Tienda Aloe Vera\",\"description\":\"High Quality Lr Aloe Vera Gel, Aloe Vera Cream and Shampoo\",\"publisher\":{\"@id\":\"https:\\\/\\\/www.lraloeverashop.eu\\\/es\\\/#organization\"},\"potentialAction\":[{\"@type\":\"SearchAction\",\"target\":{\"@type\":\"EntryPoint\",\"urlTemplate\":\"https:\\\/\\\/www.lraloeverashop.eu\\\/es\\\/?s={search_term_string}\"},\"query-input\":{\"@type\":\"PropertyValueSpecification\",\"valueRequired\":true,\"valueName\":\"search_term_string\"}}],\"inLanguage\":\"es\"},{\"@type\":\"Organization\",\"@id\":\"https:\\\/\\\/www.lraloeverashop.eu\\\/es\\\/#organization\",\"name\":\"Lr Tienda Aloe Vera\",\"alternateName\":\"LR\",\"url\":\"https:\\\/\\\/www.lraloeverashop.eu\\\/es\\\/\",\"logo\":{\"@type\":\"ImageObject\",\"inLanguage\":\"es\",\"@id\":\"https:\\\/\\\/www.lraloeverashop.eu\\\/es\\\/#\\\/schema\\\/logo\\\/image\\\/\",\"url\":\"https:\\\/\\\/www.lraloeverashop.eu\\\/wp-content\\\/uploads\\\/2022\\\/09\\\/cropped-Lr-Aloe-Vera-Shop.jpg\",\"contentUrl\":\"https:\\\/\\\/www.lraloeverashop.eu\\\/wp-content\\\/uploads\\\/2022\\\/09\\\/cropped-Lr-Aloe-Vera-Shop.jpg\",\"width\":228,\"height\":76,\"caption\":\"Lr Tienda Aloe Vera\"},\"image\":{\"@id\":\"https:\\\/\\\/www.lraloeverashop.eu\\\/es\\\/#\\\/schema\\\/logo\\\/image\\\/\"},\"sameAs\":[\"https:\\\/\\\/www.facebook.com\\\/lraloeverashop.eu\",\"https:\\\/\\\/x.com\\\/natur__kosmetik\",\"https:\\\/\\\/www.youtube.com\\\/channel\\\/UC5oN7BJ8nfYb8RpVtjwDEBA\",\"https:\\\/\\\/www.instagram.com\\\/lrbeautyeu\\\/\"]}]}<\/script>\n<meta property=\"product:price:amount\" content=\"29.29\" \/>\n<meta property=\"product:price:currency\" content=\"EUR\" \/>\n<meta property=\"og:availability\" content=\"instock\" \/>\n<meta property=\"product:availability\" content=\"instock\" \/>\n<meta property=\"product:retailer_item_id\" content=\"28504-1ES\" \/>\n<meta property=\"product:condition\" content=\"new\" \/>\n<!-- \/ Yoast SEO Premium plugin. -->","yoast_head_json":{"title":"Col\u00e1geno Para Piel Q10 Racine Serum para una piel joven y suave","description":"Col\u00e1geno Para Piel Q10 Racine Serum proporciona m\u00e1s resistencia y elasticidad. Tambi\u00e9n es adecuado para pieles cansadas y secas. Producto hecho en Alemania","robots":{"index":"index","follow":"follow","max-snippet":"max-snippet:-1","max-image-preview":"max-image-preview:large","max-video-preview":"max-video-preview:-1"},"canonical":"https:\/\/www.lraloeverashop.eu\/es\/producto\/colageno-para-piel-q10-racine-serum\/","og_locale":"es_ES","og_type":"article","og_title":"Col\u00e1geno Para Piel Q10 Racine Serum","og_description":"Col\u00e1geno Para Piel Q10 Racine Serum proporciona m\u00e1s resistencia y elasticidad. Tambi\u00e9n es adecuado para pieles cansadas y secas. Producto hecho en Alemania","og_url":"https:\/\/www.lraloeverashop.eu\/es\/producto\/colageno-para-piel-q10-racine-serum\/","og_site_name":"Lr Tienda Aloe Vera","article_publisher":"https:\/\/www.facebook.com\/lraloeverashop.eu","article_modified_time":"2026-02-09T03:46:04+00:00","og_image":[{"width":1200,"height":1200,"url":"https:\/\/www.lraloeverashop.eu\/wp-content\/uploads\/2022\/10\/Racine-Collagen-Serum.jpg","type":"image\/jpeg"}],"twitter_card":"summary_large_image","twitter_site":"@natur__kosmetik","schema":{"@context":"https:\/\/schema.org","@graph":[{"@type":["WebPage","ItemPage"],"@id":"https:\/\/www.lraloeverashop.eu\/es\/producto\/colageno-para-piel-q10-racine-serum\/","url":"https:\/\/www.lraloeverashop.eu\/es\/producto\/colageno-para-piel-q10-racine-serum\/","name":"Col\u00e1geno Para Piel Q10 Racine Serum para una piel joven y suave","isPartOf":{"@id":"https:\/\/www.lraloeverashop.eu\/es\/#website"},"primaryImageOfPage":{"@id":"https:\/\/www.lraloeverashop.eu\/es\/producto\/colageno-para-piel-q10-racine-serum\/#primaryimage"},"image":{"@id":"https:\/\/www.lraloeverashop.eu\/es\/producto\/colageno-para-piel-q10-racine-serum\/#primaryimage"},"thumbnailUrl":"https:\/\/www.lraloeverashop.eu\/wp-content\/uploads\/2022\/10\/Racine-Collagen-Serum.jpg","datePublished":"2022-10-17T14:51:18+00:00","dateModified":"2026-02-09T03:46:04+00:00","description":"Col\u00e1geno Para Piel Q10 Racine Serum proporciona m\u00e1s resistencia y elasticidad. Tambi\u00e9n es adecuado para pieles cansadas y secas. Producto hecho en Alemania","breadcrumb":{"@id":"https:\/\/www.lraloeverashop.eu\/es\/producto\/colageno-para-piel-q10-racine-serum\/#breadcrumb"},"inLanguage":"es","potentialAction":[{"@type":"ReadAction","target":["https:\/\/www.lraloeverashop.eu\/es\/producto\/colageno-para-piel-q10-racine-serum\/"]}]},{"@type":"ImageObject","inLanguage":"es","@id":"https:\/\/www.lraloeverashop.eu\/es\/producto\/colageno-para-piel-q10-racine-serum\/#primaryimage","url":"https:\/\/www.lraloeverashop.eu\/wp-content\/uploads\/2022\/10\/Racine-Collagen-Serum.jpg","contentUrl":"https:\/\/www.lraloeverashop.eu\/wp-content\/uploads\/2022\/10\/Racine-Collagen-Serum.jpg","width":1200,"height":1200,"caption":"Col\u00e1geno Para Piel Q10 Racine Serum mantiene la piel tersa y el\u00e1stica"},{"@type":"BreadcrumbList","@id":"https:\/\/www.lraloeverashop.eu\/es\/producto\/colageno-para-piel-q10-racine-serum\/#breadcrumb","itemListElement":[{"@type":"ListItem","position":1,"name":"Home","item":"https:\/\/www.lraloeverashop.eu\/es\/"},{"@type":"ListItem","position":2,"name":"Tienda","item":"https:\/\/www.lraloeverashop.eu\/es\/tienda\/"},{"@type":"ListItem","position":3,"name":"Col\u00e1geno Para Piel Q10 Racine Serum"}]},{"@type":"WebSite","@id":"https:\/\/www.lraloeverashop.eu\/es\/#website","url":"https:\/\/www.lraloeverashop.eu\/es\/","name":"Lr Tienda Aloe Vera","description":"High Quality Lr Aloe Vera Gel, Aloe Vera Cream and Shampoo","publisher":{"@id":"https:\/\/www.lraloeverashop.eu\/es\/#organization"},"potentialAction":[{"@type":"SearchAction","target":{"@type":"EntryPoint","urlTemplate":"https:\/\/www.lraloeverashop.eu\/es\/?s={search_term_string}"},"query-input":{"@type":"PropertyValueSpecification","valueRequired":true,"valueName":"search_term_string"}}],"inLanguage":"es"},{"@type":"Organization","@id":"https:\/\/www.lraloeverashop.eu\/es\/#organization","name":"Lr Tienda Aloe Vera","alternateName":"LR","url":"https:\/\/www.lraloeverashop.eu\/es\/","logo":{"@type":"ImageObject","inLanguage":"es","@id":"https:\/\/www.lraloeverashop.eu\/es\/#\/schema\/logo\/image\/","url":"https:\/\/www.lraloeverashop.eu\/wp-content\/uploads\/2022\/09\/cropped-Lr-Aloe-Vera-Shop.jpg","contentUrl":"https:\/\/www.lraloeverashop.eu\/wp-content\/uploads\/2022\/09\/cropped-Lr-Aloe-Vera-Shop.jpg","width":228,"height":76,"caption":"Lr Tienda Aloe Vera"},"image":{"@id":"https:\/\/www.lraloeverashop.eu\/es\/#\/schema\/logo\/image\/"},"sameAs":["https:\/\/www.facebook.com\/lraloeverashop.eu","https:\/\/x.com\/natur__kosmetik","https:\/\/www.youtube.com\/channel\/UC5oN7BJ8nfYb8RpVtjwDEBA","https:\/\/www.instagram.com\/lrbeautyeu\/"]}]},"product_price_amount":"29.29","product_price_currency":"EUR","og_availability":"instock","product_availability":"instock","product_retailer_item_id":"28504-1ES","product_condition":"new"},"taxonomy_info":{"product_cat":[{"value":271,"label":"Cuidado antiedad"},{"value":289,"label":"Mujeres hasta 40"},{"value":332,"label":"Productos Antiedad"},{"value":385,"label":"Racine"}]},"featured_image_src_large":["https:\/\/www.lraloeverashop.eu\/wp-content\/uploads\/2022\/10\/Racine-Collagen-Serum-1024x1024.jpg",1024,1024,true],"author_info":[],"comment_info":0,"_links":{"self":[{"href":"https:\/\/www.lraloeverashop.eu\/es\/wp-json\/wp\/v2\/product\/9018","targetHints":{"allow":["GET"]}}],"collection":[{"href":"https:\/\/www.lraloeverashop.eu\/es\/wp-json\/wp\/v2\/product"}],"about":[{"href":"https:\/\/www.lraloeverashop.eu\/es\/wp-json\/wp\/v2\/types\/product"}],"replies":[{"embeddable":true,"href":"https:\/\/www.lraloeverashop.eu\/es\/wp-json\/wp\/v2\/comments?post=9018"}],"wp:featuredmedia":[{"embeddable":true,"href":"https:\/\/www.lraloeverashop.eu\/es\/wp-json\/wp\/v2\/media\/5891"}],"wp:attachment":[{"href":"https:\/\/www.lraloeverashop.eu\/es\/wp-json\/wp\/v2\/media?parent=9018"}],"wp:term":[{"taxonomy":"product_brand","embeddable":true,"href":"https:\/\/www.lraloeverashop.eu\/es\/wp-json\/wp\/v2\/product_brand?post=9018"},{"taxonomy":"product_cat","embeddable":true,"href":"https:\/\/www.lraloeverashop.eu\/es\/wp-json\/wp\/v2\/product_cat?post=9018"},{"taxonomy":"product_tag","embeddable":true,"href":"https:\/\/www.lraloeverashop.eu\/es\/wp-json\/wp\/v2\/product_tag?post=9018"}],"curies":[{"name":"wp","href":"https:\/\/api.w.org\/{rel}","templated":true}]}}