{"id":8970,"date":"2022-10-17T22:14:49","date_gmt":"2022-10-17T20:14:49","guid":{"rendered":"https:\/\/www.lraloeverashop.eu\/product\/contorno-de-ojos-anti-arrugas-nanogold\/"},"modified":"2026-02-09T04:45:15","modified_gmt":"2026-02-09T03:45:15","slug":"contorno-de-ojos-anti-arrugas-nanogold","status":"publish","type":"product","link":"https:\/\/www.lraloeverashop.eu\/es\/producto\/contorno-de-ojos-anti-arrugas-nanogold\/","title":{"rendered":"Contorno de Ojos Anti Arrugas Nanogold"},"content":{"rendered":"<h2><span style=\"font-size: 16pt;\"><strong>Contorno de Ojos Anti Arrugas Nanogold<\/strong><\/span><\/h2>\n<p><span style=\"font-size: 14pt;\"><strong>Contorno de Ojos Anti Arrugas Nanogold &#8211; El mejor tratamiento para las arrugas debajo de los ojos<\/strong><\/span><\/p>\n<p>\u00bfTu vida cotidiana deja huellas, de modo que el \u00e1rea de tus ojos se ve cansada y agotada? El cuidado de ojos suavizante y reafirmante <a href=\"https:\/\/www.lraloeverashop.eu\/es\/producto\/crema-de-noche-antiedad-nanogold\/\">protege y fortalece la piel<\/a> sensible debajo de los ojos. Los p\u00e9ptidos de soja y arroz reducen visiblemente las l\u00edneas finas y las arrugas y reducen las ojeras y la hinchaz\u00f3n, p. bolsas debajo de los ojos. La delicada zona de los ojos parece m\u00e1s suave y flexible, de modo que los ojos cansados parecen m\u00e1s despiertos en poco tiempo. Para una mirada fresca y alerta y <a href=\"https:\/\/www.lraloeverashop.eu\/es\/producto\/crema-de-contorno-de-ojos-beauty-diamonds\/\">una tez mejorada<\/a>.<\/p>\n<p>Contorno de Ojos Anti Arrugas Nanogold con part\u00edculas de oro y seda para pieles hasta los 40 a\u00f1os reduce visiblemente las arrugas. Las part\u00edculas de oro a base de un refuerzo de col\u00e1geno mejoran la elasticidad de la piel. Las prote\u00ednas de seda aseguran una sensaci\u00f3n de piel notablemente suave y protegen la piel de las influencias ambientales.<\/p>\n<p>Ahora reformulado con el innovador sistema de transporte de principios activos y un principio activo encapsulado especial que <a href=\"https:\/\/www.lraloeverashop.eu\/es\/producto\/aloe-vera-crema-para-ojos-perfeccionadora\/\">reduce las l\u00edneas de expresi\u00f3n<\/a>. Para una m\u00e1xima eficacia en combinaci\u00f3n con Kit Antiarrugas Zeitgard Pro.<\/p>\n<p>&nbsp;<\/p>\n<h3><strong><span style=\"font-size: 16pt;\">C\u00f3mo Utilizar<\/span><\/strong><\/h3>\n<p>La crema y mascarilla para ojos 2 en 1 Nanogold se debe aplicar generosamente despu\u00e9s de limpiar alrededor de los ojos y masajear suavemente la piel.<\/p>\n<p><strong>Para una m\u00e1xima eficacia en combinaci\u00f3n con lel Kit Antiarrugas Zeitgard Pro:<\/strong><\/p>\n<p><strong>PASO 1:<\/strong> Limpie la piel de la cara con agua o use el Cepillo Facial Electrico Zeitgard Pro o el Accesorio de Exfoliaci\u00f3n<\/p>\n<p><strong>PASO 2:<\/strong> Aplique su Crema Contorno de Ojos Anti Arrugas Nanogold y masajee con las manos o con el Dispositivo Antiarrugas Zeitgard Pro. Trate los lados izquierdo y derecho de la cara y la frente durante 30 segundos cada uno. Preste atenci\u00f3n a los movimientos circulares de adentro hacia afuera y de abajo hacia arriba.<\/p>\n","protected":false},"excerpt":{"rendered":"<ul>\n<li>Cuidado de ojos suavizante, reafirmante y antiarrugas<\/li>\n<li>Los p\u00e9ptidos de soja y arroz reducen visiblemente las ojeras y la hinchaz\u00f3n.<\/li>\n<li>El \u00e1rea de los ojos parece m\u00e1s suave, para una mirada fresca y alerta.<\/li>\n<li>Recomendado para usar con la herramienta de suavizado facial<\/li>\n<li>Hecho en Alemania<\/li>\n<li>Cantidad: 30ml<\/li>\n<\/ul>\n<p><span style=\"color: #ff0000;\"><a style=\"color: #ff0000;\" href=\"https:\/\/shop.lrworld.com\/openpao?PHP=0vFlt7jT938BEnBI3a6e9w%3D%3D\"><span style=\"font-size: 14pt;\"><strong>Reg\u00edstrate aqu\u00ed y ahorra 35% en cada compra<\/strong><\/span><\/a><\/span><\/p>\n","protected":false},"featured_media":5939,"comment_status":"open","ping_status":"closed","template":"","meta":{"_kad_blocks_custom_css":"","_kad_blocks_head_custom_js":"","_kad_blocks_body_custom_js":"","_kad_blocks_footer_custom_js":"","_kadence_starter_templates_imported_post":false,"_kad_post_transparent":"default","_kad_post_title":"","_kad_post_layout":"default","_kad_post_sidebar_id":"","_kad_post_content_style":"default","_kad_post_vertical_padding":"default","_kad_post_feature":"","_kad_post_feature_position":"","_kad_post_header":false,"_kad_post_footer":false,"_kad_post_classname":""},"product_brand":[],"product_cat":[271,289,373,332],"product_tag":[709],"class_list":{"0":"post-8970","1":"product","2":"type-product","3":"status-publish","4":"has-post-thumbnail","6":"product_cat-cuidado-antiedad","7":"product_cat-mujeres-hasta-40","8":"product_cat-nano-gold-es","9":"product_cat-productos-antiedad","10":"product_tag-para-las-arrugas-debajo-de-los-ojos","12":"first","13":"instock","14":"taxable","15":"shipping-taxable","16":"purchasable","17":"product-type-simple","18":"entry","19":"content-bg","20":"loop-entry"},"yoast_head":"<!-- This site is optimized with the Yoast SEO Premium plugin v27.4 (Yoast SEO v27.4) - https:\/\/yoast.com\/product\/yoast-seo-premium-wordpress\/ -->\n<title>Contorno de Ojos Anti Arrugas Nanogold para una mirada fresca<\/title>\n<meta name=\"description\" content=\"Contorno de Ojos Anti Arrugas Nanogold con part\u00edculas de oro y seda para pieles hasta los 40 a\u00f1os reduce visiblemente las arrugas. Para una mirada fresca\" \/>\n<meta name=\"robots\" content=\"index, follow, max-snippet:-1, max-image-preview:large, max-video-preview:-1\" \/>\n<link rel=\"canonical\" href=\"https:\/\/www.lraloeverashop.eu\/es\/producto\/contorno-de-ojos-anti-arrugas-nanogold\/\" \/>\n<meta property=\"og:locale\" content=\"es_ES\" \/>\n<meta property=\"og:type\" content=\"article\" \/>\n<meta property=\"og:title\" content=\"Contorno de Ojos Anti Arrugas Nanogold\" \/>\n<meta property=\"og:description\" content=\"Contorno de Ojos Anti Arrugas Nanogold con part\u00edculas de oro y seda para pieles hasta los 40 a\u00f1os reduce visiblemente las arrugas. Para una mirada fresca\" \/>\n<meta property=\"og:url\" content=\"https:\/\/www.lraloeverashop.eu\/es\/producto\/contorno-de-ojos-anti-arrugas-nanogold\/\" \/>\n<meta property=\"og:site_name\" content=\"Lr Tienda Aloe Vera\" \/>\n<meta property=\"article:publisher\" content=\"https:\/\/www.facebook.com\/lraloeverashop.eu\" \/>\n<meta property=\"article:modified_time\" content=\"2026-02-09T03:45:15+00:00\" \/>\n<meta property=\"og:image\" content=\"https:\/\/www.lraloeverashop.eu\/wp-content\/uploads\/2022\/10\/Nanogold-Eye-Cream-and-Mask.jpg\" \/>\n\t<meta property=\"og:image:width\" content=\"1200\" \/>\n\t<meta property=\"og:image:height\" content=\"1200\" \/>\n\t<meta property=\"og:image:type\" content=\"image\/jpeg\" \/>\n<meta name=\"twitter:card\" content=\"summary_large_image\" \/>\n<meta name=\"twitter:site\" content=\"@natur__kosmetik\" \/>\n<script type=\"application\/ld+json\" class=\"yoast-schema-graph\">{\"@context\":\"https:\\\/\\\/schema.org\",\"@graph\":[{\"@type\":[\"WebPage\",\"ItemPage\"],\"@id\":\"https:\\\/\\\/www.lraloeverashop.eu\\\/es\\\/producto\\\/contorno-de-ojos-anti-arrugas-nanogold\\\/\",\"url\":\"https:\\\/\\\/www.lraloeverashop.eu\\\/es\\\/producto\\\/contorno-de-ojos-anti-arrugas-nanogold\\\/\",\"name\":\"Contorno de Ojos Anti Arrugas Nanogold para una mirada fresca\",\"isPartOf\":{\"@id\":\"https:\\\/\\\/www.lraloeverashop.eu\\\/es\\\/#website\"},\"primaryImageOfPage\":{\"@id\":\"https:\\\/\\\/www.lraloeverashop.eu\\\/es\\\/producto\\\/contorno-de-ojos-anti-arrugas-nanogold\\\/#primaryimage\"},\"image\":{\"@id\":\"https:\\\/\\\/www.lraloeverashop.eu\\\/es\\\/producto\\\/contorno-de-ojos-anti-arrugas-nanogold\\\/#primaryimage\"},\"thumbnailUrl\":\"https:\\\/\\\/www.lraloeverashop.eu\\\/wp-content\\\/uploads\\\/2022\\\/10\\\/Nanogold-Eye-Cream-and-Mask.jpg\",\"datePublished\":\"2022-10-17T20:14:49+00:00\",\"dateModified\":\"2026-02-09T03:45:15+00:00\",\"description\":\"Contorno de Ojos Anti Arrugas Nanogold con part\u00edculas de oro y seda para pieles hasta los 40 a\u00f1os reduce visiblemente las arrugas. Para una mirada fresca\",\"breadcrumb\":{\"@id\":\"https:\\\/\\\/www.lraloeverashop.eu\\\/es\\\/producto\\\/contorno-de-ojos-anti-arrugas-nanogold\\\/#breadcrumb\"},\"inLanguage\":\"es\",\"potentialAction\":[{\"@type\":\"ReadAction\",\"target\":[\"https:\\\/\\\/www.lraloeverashop.eu\\\/es\\\/producto\\\/contorno-de-ojos-anti-arrugas-nanogold\\\/\"]}]},{\"@type\":\"ImageObject\",\"inLanguage\":\"es\",\"@id\":\"https:\\\/\\\/www.lraloeverashop.eu\\\/es\\\/producto\\\/contorno-de-ojos-anti-arrugas-nanogold\\\/#primaryimage\",\"url\":\"https:\\\/\\\/www.lraloeverashop.eu\\\/wp-content\\\/uploads\\\/2022\\\/10\\\/Nanogold-Eye-Cream-and-Mask.jpg\",\"contentUrl\":\"https:\\\/\\\/www.lraloeverashop.eu\\\/wp-content\\\/uploads\\\/2022\\\/10\\\/Nanogold-Eye-Cream-and-Mask.jpg\",\"width\":1200,\"height\":1200,\"caption\":\"Crema y m\u00e1scara para ojos Nano Gold para las arrugas debajo de los ojos\"},{\"@type\":\"BreadcrumbList\",\"@id\":\"https:\\\/\\\/www.lraloeverashop.eu\\\/es\\\/producto\\\/contorno-de-ojos-anti-arrugas-nanogold\\\/#breadcrumb\",\"itemListElement\":[{\"@type\":\"ListItem\",\"position\":1,\"name\":\"Home\",\"item\":\"https:\\\/\\\/www.lraloeverashop.eu\\\/es\\\/\"},{\"@type\":\"ListItem\",\"position\":2,\"name\":\"Tienda\",\"item\":\"https:\\\/\\\/www.lraloeverashop.eu\\\/es\\\/tienda\\\/\"},{\"@type\":\"ListItem\",\"position\":3,\"name\":\"Contorno de Ojos Anti Arrugas Nanogold\"}]},{\"@type\":\"WebSite\",\"@id\":\"https:\\\/\\\/www.lraloeverashop.eu\\\/es\\\/#website\",\"url\":\"https:\\\/\\\/www.lraloeverashop.eu\\\/es\\\/\",\"name\":\"Lr Tienda Aloe Vera\",\"description\":\"High Quality Lr Aloe Vera Gel, Aloe Vera Cream and Shampoo\",\"publisher\":{\"@id\":\"https:\\\/\\\/www.lraloeverashop.eu\\\/es\\\/#organization\"},\"potentialAction\":[{\"@type\":\"SearchAction\",\"target\":{\"@type\":\"EntryPoint\",\"urlTemplate\":\"https:\\\/\\\/www.lraloeverashop.eu\\\/es\\\/?s={search_term_string}\"},\"query-input\":{\"@type\":\"PropertyValueSpecification\",\"valueRequired\":true,\"valueName\":\"search_term_string\"}}],\"inLanguage\":\"es\"},{\"@type\":\"Organization\",\"@id\":\"https:\\\/\\\/www.lraloeverashop.eu\\\/es\\\/#organization\",\"name\":\"Lr Tienda Aloe Vera\",\"alternateName\":\"LR\",\"url\":\"https:\\\/\\\/www.lraloeverashop.eu\\\/es\\\/\",\"logo\":{\"@type\":\"ImageObject\",\"inLanguage\":\"es\",\"@id\":\"https:\\\/\\\/www.lraloeverashop.eu\\\/es\\\/#\\\/schema\\\/logo\\\/image\\\/\",\"url\":\"https:\\\/\\\/www.lraloeverashop.eu\\\/wp-content\\\/uploads\\\/2022\\\/09\\\/cropped-Lr-Aloe-Vera-Shop.jpg\",\"contentUrl\":\"https:\\\/\\\/www.lraloeverashop.eu\\\/wp-content\\\/uploads\\\/2022\\\/09\\\/cropped-Lr-Aloe-Vera-Shop.jpg\",\"width\":228,\"height\":76,\"caption\":\"Lr Tienda Aloe Vera\"},\"image\":{\"@id\":\"https:\\\/\\\/www.lraloeverashop.eu\\\/es\\\/#\\\/schema\\\/logo\\\/image\\\/\"},\"sameAs\":[\"https:\\\/\\\/www.facebook.com\\\/lraloeverashop.eu\",\"https:\\\/\\\/x.com\\\/natur__kosmetik\",\"https:\\\/\\\/www.youtube.com\\\/channel\\\/UC5oN7BJ8nfYb8RpVtjwDEBA\",\"https:\\\/\\\/www.instagram.com\\\/lrbeautyeu\\\/\"],\"description\":\"La tienda Lr Aloe Vera es tu destino de confianza para productos premium de salud y belleza LR, fabricados en Alemania. Ofrecemos soluciones de alta calidad para el cuidado de la piel, nutrici\u00f3n y antienvejecimiento con Aloe Vera, elaboradas con ingredientes puros y respaldadas por investigaci\u00f3n cient\u00edfica. Descubre un cuidado natural que regenera, protege y revitaliza tu piel, y disfruta de ofertas mensuales exclusivas en nuestros productos LR Aloe Vera m\u00e1s vendidos.\\n\\nComienza hoy mismo tu camino hacia el cuidado natural de la piel y siente la diferencia.\",\"email\":\"info@lraloeverashop.eu\",\"telephone\":\"+49 17670609653\",\"legalName\":\"Lr Aloe Vera Shop\",\"foundingDate\":\"2018-04-21\",\"numberOfEmployees\":{\"@type\":\"QuantitativeValue\",\"minValue\":\"1\",\"maxValue\":\"10\"}}]}<\/script>\n<meta property=\"product:price:amount\" content=\"42.99\" \/>\n<meta property=\"product:price:currency\" content=\"EUR\" \/>\n<meta property=\"og:availability\" content=\"instock\" \/>\n<meta property=\"product:availability\" content=\"instock\" \/>\n<meta property=\"product:retailer_item_id\" content=\"28194-1ES\" \/>\n<meta property=\"product:condition\" content=\"new\" \/>\n<!-- \/ Yoast SEO Premium plugin. -->","yoast_head_json":{"title":"Contorno de Ojos Anti Arrugas Nanogold para una mirada fresca","description":"Contorno de Ojos Anti Arrugas Nanogold con part\u00edculas de oro y seda para pieles hasta los 40 a\u00f1os reduce visiblemente las arrugas. Para una mirada fresca","robots":{"index":"index","follow":"follow","max-snippet":"max-snippet:-1","max-image-preview":"max-image-preview:large","max-video-preview":"max-video-preview:-1"},"canonical":"https:\/\/www.lraloeverashop.eu\/es\/producto\/contorno-de-ojos-anti-arrugas-nanogold\/","og_locale":"es_ES","og_type":"article","og_title":"Contorno de Ojos Anti Arrugas Nanogold","og_description":"Contorno de Ojos Anti Arrugas Nanogold con part\u00edculas de oro y seda para pieles hasta los 40 a\u00f1os reduce visiblemente las arrugas. Para una mirada fresca","og_url":"https:\/\/www.lraloeverashop.eu\/es\/producto\/contorno-de-ojos-anti-arrugas-nanogold\/","og_site_name":"Lr Tienda Aloe Vera","article_publisher":"https:\/\/www.facebook.com\/lraloeverashop.eu","article_modified_time":"2026-02-09T03:45:15+00:00","og_image":[{"width":1200,"height":1200,"url":"https:\/\/www.lraloeverashop.eu\/wp-content\/uploads\/2022\/10\/Nanogold-Eye-Cream-and-Mask.jpg","type":"image\/jpeg"}],"twitter_card":"summary_large_image","twitter_site":"@natur__kosmetik","schema":{"@context":"https:\/\/schema.org","@graph":[{"@type":["WebPage","ItemPage"],"@id":"https:\/\/www.lraloeverashop.eu\/es\/producto\/contorno-de-ojos-anti-arrugas-nanogold\/","url":"https:\/\/www.lraloeverashop.eu\/es\/producto\/contorno-de-ojos-anti-arrugas-nanogold\/","name":"Contorno de Ojos Anti Arrugas Nanogold para una mirada fresca","isPartOf":{"@id":"https:\/\/www.lraloeverashop.eu\/es\/#website"},"primaryImageOfPage":{"@id":"https:\/\/www.lraloeverashop.eu\/es\/producto\/contorno-de-ojos-anti-arrugas-nanogold\/#primaryimage"},"image":{"@id":"https:\/\/www.lraloeverashop.eu\/es\/producto\/contorno-de-ojos-anti-arrugas-nanogold\/#primaryimage"},"thumbnailUrl":"https:\/\/www.lraloeverashop.eu\/wp-content\/uploads\/2022\/10\/Nanogold-Eye-Cream-and-Mask.jpg","datePublished":"2022-10-17T20:14:49+00:00","dateModified":"2026-02-09T03:45:15+00:00","description":"Contorno de Ojos Anti Arrugas Nanogold con part\u00edculas de oro y seda para pieles hasta los 40 a\u00f1os reduce visiblemente las arrugas. Para una mirada fresca","breadcrumb":{"@id":"https:\/\/www.lraloeverashop.eu\/es\/producto\/contorno-de-ojos-anti-arrugas-nanogold\/#breadcrumb"},"inLanguage":"es","potentialAction":[{"@type":"ReadAction","target":["https:\/\/www.lraloeverashop.eu\/es\/producto\/contorno-de-ojos-anti-arrugas-nanogold\/"]}]},{"@type":"ImageObject","inLanguage":"es","@id":"https:\/\/www.lraloeverashop.eu\/es\/producto\/contorno-de-ojos-anti-arrugas-nanogold\/#primaryimage","url":"https:\/\/www.lraloeverashop.eu\/wp-content\/uploads\/2022\/10\/Nanogold-Eye-Cream-and-Mask.jpg","contentUrl":"https:\/\/www.lraloeverashop.eu\/wp-content\/uploads\/2022\/10\/Nanogold-Eye-Cream-and-Mask.jpg","width":1200,"height":1200,"caption":"Crema y m\u00e1scara para ojos Nano Gold para las arrugas debajo de los ojos"},{"@type":"BreadcrumbList","@id":"https:\/\/www.lraloeverashop.eu\/es\/producto\/contorno-de-ojos-anti-arrugas-nanogold\/#breadcrumb","itemListElement":[{"@type":"ListItem","position":1,"name":"Home","item":"https:\/\/www.lraloeverashop.eu\/es\/"},{"@type":"ListItem","position":2,"name":"Tienda","item":"https:\/\/www.lraloeverashop.eu\/es\/tienda\/"},{"@type":"ListItem","position":3,"name":"Contorno de Ojos Anti Arrugas Nanogold"}]},{"@type":"WebSite","@id":"https:\/\/www.lraloeverashop.eu\/es\/#website","url":"https:\/\/www.lraloeverashop.eu\/es\/","name":"Lr Tienda Aloe Vera","description":"High Quality Lr Aloe Vera Gel, Aloe Vera Cream and Shampoo","publisher":{"@id":"https:\/\/www.lraloeverashop.eu\/es\/#organization"},"potentialAction":[{"@type":"SearchAction","target":{"@type":"EntryPoint","urlTemplate":"https:\/\/www.lraloeverashop.eu\/es\/?s={search_term_string}"},"query-input":{"@type":"PropertyValueSpecification","valueRequired":true,"valueName":"search_term_string"}}],"inLanguage":"es"},{"@type":"Organization","@id":"https:\/\/www.lraloeverashop.eu\/es\/#organization","name":"Lr Tienda Aloe Vera","alternateName":"LR","url":"https:\/\/www.lraloeverashop.eu\/es\/","logo":{"@type":"ImageObject","inLanguage":"es","@id":"https:\/\/www.lraloeverashop.eu\/es\/#\/schema\/logo\/image\/","url":"https:\/\/www.lraloeverashop.eu\/wp-content\/uploads\/2022\/09\/cropped-Lr-Aloe-Vera-Shop.jpg","contentUrl":"https:\/\/www.lraloeverashop.eu\/wp-content\/uploads\/2022\/09\/cropped-Lr-Aloe-Vera-Shop.jpg","width":228,"height":76,"caption":"Lr Tienda Aloe Vera"},"image":{"@id":"https:\/\/www.lraloeverashop.eu\/es\/#\/schema\/logo\/image\/"},"sameAs":["https:\/\/www.facebook.com\/lraloeverashop.eu","https:\/\/x.com\/natur__kosmetik","https:\/\/www.youtube.com\/channel\/UC5oN7BJ8nfYb8RpVtjwDEBA","https:\/\/www.instagram.com\/lrbeautyeu\/"],"description":"La tienda Lr Aloe Vera es tu destino de confianza para productos premium de salud y belleza LR, fabricados en Alemania. Ofrecemos soluciones de alta calidad para el cuidado de la piel, nutrici\u00f3n y antienvejecimiento con Aloe Vera, elaboradas con ingredientes puros y respaldadas por investigaci\u00f3n cient\u00edfica. Descubre un cuidado natural que regenera, protege y revitaliza tu piel, y disfruta de ofertas mensuales exclusivas en nuestros productos LR Aloe Vera m\u00e1s vendidos.\n\nComienza hoy mismo tu camino hacia el cuidado natural de la piel y siente la diferencia.","email":"info@lraloeverashop.eu","telephone":"+49 17670609653","legalName":"Lr Aloe Vera Shop","foundingDate":"2018-04-21","numberOfEmployees":{"@type":"QuantitativeValue","minValue":"1","maxValue":"10"}}]},"product_price_amount":"42.99","product_price_currency":"EUR","og_availability":"instock","product_availability":"instock","product_retailer_item_id":"28194-1ES","product_condition":"new"},"taxonomy_info":{"product_cat":[{"value":271,"label":"Cuidado antiedad"},{"value":289,"label":"Mujeres hasta 40"},{"value":373,"label":"Nano Gold"},{"value":332,"label":"Productos Antiedad"}],"product_tag":[{"value":709,"label":"para las arrugas debajo de los ojos"}]},"featured_image_src_large":["https:\/\/www.lraloeverashop.eu\/wp-content\/uploads\/2022\/10\/Nanogold-Eye-Cream-and-Mask-1024x1024.jpg",1024,1024,true],"author_info":[],"comment_info":0,"_links":{"self":[{"href":"https:\/\/www.lraloeverashop.eu\/es\/wp-json\/wp\/v2\/product\/8970","targetHints":{"allow":["GET"]}}],"collection":[{"href":"https:\/\/www.lraloeverashop.eu\/es\/wp-json\/wp\/v2\/product"}],"about":[{"href":"https:\/\/www.lraloeverashop.eu\/es\/wp-json\/wp\/v2\/types\/product"}],"replies":[{"embeddable":true,"href":"https:\/\/www.lraloeverashop.eu\/es\/wp-json\/wp\/v2\/comments?post=8970"}],"wp:featuredmedia":[{"embeddable":true,"href":"https:\/\/www.lraloeverashop.eu\/es\/wp-json\/wp\/v2\/media\/5939"}],"wp:attachment":[{"href":"https:\/\/www.lraloeverashop.eu\/es\/wp-json\/wp\/v2\/media?parent=8970"}],"wp:term":[{"taxonomy":"product_brand","embeddable":true,"href":"https:\/\/www.lraloeverashop.eu\/es\/wp-json\/wp\/v2\/product_brand?post=8970"},{"taxonomy":"product_cat","embeddable":true,"href":"https:\/\/www.lraloeverashop.eu\/es\/wp-json\/wp\/v2\/product_cat?post=8970"},{"taxonomy":"product_tag","embeddable":true,"href":"https:\/\/www.lraloeverashop.eu\/es\/wp-json\/wp\/v2\/product_tag?post=8970"}],"curies":[{"name":"wp","href":"https:\/\/api.w.org\/{rel}","templated":true}]}}