{"id":8958,"date":"2022-10-19T16:26:32","date_gmt":"2022-10-19T14:26:32","guid":{"rendered":"https:\/\/www.lraloeverashop.eu\/product\/crema-corporal-reafirmante-zeitgard-pro\/"},"modified":"2026-02-09T04:45:06","modified_gmt":"2026-02-09T03:45:06","slug":"crema-corporal-reafirmante-zeitgard-pro","status":"publish","type":"product","link":"https:\/\/www.lraloeverashop.eu\/es\/producto\/crema-corporal-reafirmante-zeitgard-pro\/","title":{"rendered":"Crema Corporal Reafirmante Zeitgard Pro"},"content":{"rendered":"<h2><span style=\"font-size: 16pt;\"><strong>Crema Corporal Reafirmante Zeitgard Pro<\/strong><\/span><\/h2>\n<p><span style=\"font-size: 14pt;\"><strong>Crema Corporal Reafirmante Zeitgard Pro con pantenol, vitamina E y \u00e1cido hialur\u00f3nico<\/strong><\/span><\/p>\n<p>La Crema Corporal Reafirmante Zeitgard Pro con sistema de transporte de sustancias activas contiene una sustancia activa encapsulada que reafirma la piel y reduce la aspereza de la piel. Fue desarrollado especialmente para ser utilizado con el <a href=\"https:\/\/www.lraloeverashop.eu\/es\/producto\/kit-masaje-corporal-zeitgard-pro\/\">Kit de masaje corporal Zeitgard Pro<\/a>. Tiene una textura cremosa, ligera y suave y deja la piel con una sensaci\u00f3n sedosa y sin pegar.<\/p>\n<p>La combinaci\u00f3n de <a href=\"https:\/\/www.lraloeverashop.eu\/es\/producto\/crema-reafirmante-powerlift\/\">ingredientes activos<\/a> probados y probados que tienen un efecto antienvejecimiento, como el pantenol y la vitamina E, promueve la producci\u00f3n de c\u00e9lulas de la piel y protege contra los radicales libres, lo que le da a su piel luminosidad.<\/p>\n<p>Adem\u00e1s, se estimula la producci\u00f3n de col\u00e1geno y se reforma la estructura de col\u00e1geno natural de la piel. Se optimiza la barrera cut\u00e1nea as\u00ed como el contorno cut\u00e1neo, mejorando el microrrelieve.<\/p>\n<p>La cera de girasol, jojoba y mimosa tambi\u00e9n mejoran la <a href=\"https:\/\/www.lraloeverashop.eu\/es\/producto\/aloe-vera-crema-corporal-suave\/\">barrera cut\u00e1nea<\/a>. Mientras que el \u00e1cido hialur\u00f3nico act\u00faa como un reservorio de agua y promueve la elasticidad y el tono.<\/p>\n<p>&nbsp;<\/p>\n<h3><strong><span style=\"font-size: 16pt;\">C\u00f3mo utilizar<\/span><\/strong><\/h3>\n<p>Aplicar la Crema Corporal Reafirmante 1-2 veces al d\u00eda. Uso del kit de masaje corporal Zeitgard Pro. Masajee la crema en las partes individuales del cuerpo durante aprox. 2 minutos uno tras otro. Gu\u00ede el dispositivo Zeitgard Pro con suaves movimientos circulares en direcci\u00f3n a los ganglios linf\u00e1ticos: en las piernas en direcci\u00f3n a la ingle, en el abdomen en direcci\u00f3n a la ingle, en las nalgas en direcci\u00f3n a la parte posterior de la rodilla y en los brazos en direcci\u00f3n a las axilas.<\/p>\n<p><img loading=\"lazy\" decoding=\"async\" class=\"aligncenter size-full wp-image-3129\" src=\"https:\/\/www.lraloeverashop.eu\/wp-content\/uploads\/2022\/10\/Lr-Zeitgard-Pro-Body-massage-Device-in-use.jpg\" alt=\"Lr Zeitgard Pro Body massage Device in use\" width=\"2050\" height=\"1073\" srcset=\"https:\/\/www.lraloeverashop.eu\/wp-content\/uploads\/2022\/10\/Lr-Zeitgard-Pro-Body-massage-Device-in-use.jpg 2050w, https:\/\/www.lraloeverashop.eu\/wp-content\/uploads\/2022\/10\/Lr-Zeitgard-Pro-Body-massage-Device-in-use-600x314.jpg 600w, https:\/\/www.lraloeverashop.eu\/wp-content\/uploads\/2022\/10\/Lr-Zeitgard-Pro-Body-massage-Device-in-use-300x157.jpg 300w, https:\/\/www.lraloeverashop.eu\/wp-content\/uploads\/2022\/10\/Lr-Zeitgard-Pro-Body-massage-Device-in-use-1024x536.jpg 1024w, https:\/\/www.lraloeverashop.eu\/wp-content\/uploads\/2022\/10\/Lr-Zeitgard-Pro-Body-massage-Device-in-use-768x402.jpg 768w, https:\/\/www.lraloeverashop.eu\/wp-content\/uploads\/2022\/10\/Lr-Zeitgard-Pro-Body-massage-Device-in-use-1536x804.jpg 1536w, https:\/\/www.lraloeverashop.eu\/wp-content\/uploads\/2022\/10\/Lr-Zeitgard-Pro-Body-massage-Device-in-use-2048x1072.jpg 2048w\" sizes=\"auto, (max-width: 2050px) 100vw, 2050px\" \/><\/p>\n","protected":false},"excerpt":{"rendered":"<ul>\n<li>Crema corporal activadora y reafirmante con sistema de transporte de sustancias activas<\/li>\n<li>Con pantenol, vitamina E y \u00e1cido hialur\u00f3nico<\/li>\n<li>Para m\u00e1s elasticidad y resiliencia<\/li>\n<li>Para usar con el Kit Masaje Corporal Zeitgard Pro<\/li>\n<li>Contenido: 200ml<\/li>\n<\/ul>\n<p><span style=\"color: #ff0000;\"><a style=\"color: #ff0000;\" href=\"https:\/\/shop.lrworld.com\/openpao?PHP=0vFlt7jT938BEnBI3a6e9w%3D%3D\"><span style=\"font-size: 14pt;\"><strong>Reg\u00edstrate aqu\u00ed y ahorra 35% en cada compra<\/strong><\/span><\/a><\/span><\/p>\n","protected":false},"featured_media":5987,"comment_status":"open","ping_status":"closed","template":"","meta":{"_kad_blocks_custom_css":"","_kad_blocks_head_custom_js":"","_kad_blocks_body_custom_js":"","_kad_blocks_footer_custom_js":"","_kadence_starter_templates_imported_post":false,"_kad_post_transparent":"default","_kad_post_title":"","_kad_post_layout":"default","_kad_post_sidebar_id":"","_kad_post_content_style":"default","_kad_post_vertical_padding":"default","_kad_post_feature":"","_kad_post_feature_position":"","_kad_post_header":false,"_kad_post_footer":false,"_kad_post_classname":""},"product_brand":[],"product_cat":[271,277,289,283,332,397,361],"product_tag":[],"class_list":{"0":"post-8958","1":"product","2":"type-product","3":"status-publish","4":"has-post-thumbnail","6":"product_cat-cuidado-antiedad","7":"product_cat-hombres-a-partir-de-25-anos","8":"product_cat-mujeres-hasta-40","9":"product_cat-mujeres-mayores-de-40","10":"product_cat-productos-antiedad","11":"product_cat-zeitgard-es","12":"product_cat-zeitgard-pro-es","14":"first","15":"instock","16":"taxable","17":"shipping-taxable","18":"purchasable","19":"product-type-simple","20":"entry","21":"content-bg","22":"loop-entry"},"yoast_head":"<!-- This site is optimized with the Yoast SEO Premium plugin v27.4 (Yoast SEO v27.4) - https:\/\/yoast.com\/product\/yoast-seo-premium-wordpress\/ -->\n<title>Crema Corporal Reafirmante Zeitgard Pro con \u00e1cido hialur\u00f3nico<\/title>\n<meta name=\"description\" content=\"Crema Corporal Reafirmante Zeitgard Pro para usar con el Kit Masaje Corporal Zeitgard Pro. Con pantenol, vitamina E y \u00e1cido hialur\u00f3nico para m\u00e1s elasticidad\" \/>\n<meta name=\"robots\" content=\"index, follow, max-snippet:-1, max-image-preview:large, max-video-preview:-1\" \/>\n<link rel=\"canonical\" href=\"https:\/\/www.lraloeverashop.eu\/es\/producto\/crema-corporal-reafirmante-zeitgard-pro\/\" \/>\n<meta property=\"og:locale\" content=\"es_ES\" \/>\n<meta property=\"og:type\" content=\"article\" \/>\n<meta property=\"og:title\" content=\"Crema Corporal Reafirmante Zeitgard Pro\" \/>\n<meta property=\"og:description\" content=\"Crema Corporal Reafirmante Zeitgard Pro para usar con el Kit Masaje Corporal Zeitgard Pro. Con pantenol, vitamina E y \u00e1cido hialur\u00f3nico para m\u00e1s elasticidad\" \/>\n<meta property=\"og:url\" content=\"https:\/\/www.lraloeverashop.eu\/es\/producto\/crema-corporal-reafirmante-zeitgard-pro\/\" \/>\n<meta property=\"og:site_name\" content=\"Lr Tienda Aloe Vera\" \/>\n<meta property=\"article:publisher\" content=\"https:\/\/www.facebook.com\/lraloeverashop.eu\" \/>\n<meta property=\"article:modified_time\" content=\"2026-02-09T03:45:06+00:00\" \/>\n<meta property=\"og:image\" content=\"https:\/\/www.lraloeverashop.eu\/wp-content\/uploads\/2022\/10\/Zeitgard-Pro-Body-Cream.jpg\" \/>\n\t<meta property=\"og:image:width\" content=\"1200\" \/>\n\t<meta property=\"og:image:height\" content=\"1200\" \/>\n\t<meta property=\"og:image:type\" content=\"image\/jpeg\" \/>\n<meta name=\"twitter:card\" content=\"summary_large_image\" \/>\n<meta name=\"twitter:site\" content=\"@natur__kosmetik\" \/>\n<script type=\"application\/ld+json\" class=\"yoast-schema-graph\">{\"@context\":\"https:\\\/\\\/schema.org\",\"@graph\":[{\"@type\":[\"WebPage\",\"ItemPage\"],\"@id\":\"https:\\\/\\\/www.lraloeverashop.eu\\\/es\\\/producto\\\/crema-corporal-reafirmante-zeitgard-pro\\\/\",\"url\":\"https:\\\/\\\/www.lraloeverashop.eu\\\/es\\\/producto\\\/crema-corporal-reafirmante-zeitgard-pro\\\/\",\"name\":\"Crema Corporal Reafirmante Zeitgard Pro con \u00e1cido hialur\u00f3nico\",\"isPartOf\":{\"@id\":\"https:\\\/\\\/www.lraloeverashop.eu\\\/es\\\/#website\"},\"primaryImageOfPage\":{\"@id\":\"https:\\\/\\\/www.lraloeverashop.eu\\\/es\\\/producto\\\/crema-corporal-reafirmante-zeitgard-pro\\\/#primaryimage\"},\"image\":{\"@id\":\"https:\\\/\\\/www.lraloeverashop.eu\\\/es\\\/producto\\\/crema-corporal-reafirmante-zeitgard-pro\\\/#primaryimage\"},\"thumbnailUrl\":\"https:\\\/\\\/www.lraloeverashop.eu\\\/wp-content\\\/uploads\\\/2022\\\/10\\\/Zeitgard-Pro-Body-Cream.jpg\",\"datePublished\":\"2022-10-19T14:26:32+00:00\",\"dateModified\":\"2026-02-09T03:45:06+00:00\",\"description\":\"Crema Corporal Reafirmante Zeitgard Pro para usar con el Kit Masaje Corporal Zeitgard Pro. Con pantenol, vitamina E y \u00e1cido hialur\u00f3nico para m\u00e1s elasticidad\",\"breadcrumb\":{\"@id\":\"https:\\\/\\\/www.lraloeverashop.eu\\\/es\\\/producto\\\/crema-corporal-reafirmante-zeitgard-pro\\\/#breadcrumb\"},\"inLanguage\":\"es\",\"potentialAction\":[{\"@type\":\"ReadAction\",\"target\":[\"https:\\\/\\\/www.lraloeverashop.eu\\\/es\\\/producto\\\/crema-corporal-reafirmante-zeitgard-pro\\\/\"]}]},{\"@type\":\"ImageObject\",\"inLanguage\":\"es\",\"@id\":\"https:\\\/\\\/www.lraloeverashop.eu\\\/es\\\/producto\\\/crema-corporal-reafirmante-zeitgard-pro\\\/#primaryimage\",\"url\":\"https:\\\/\\\/www.lraloeverashop.eu\\\/wp-content\\\/uploads\\\/2022\\\/10\\\/Zeitgard-Pro-Body-Cream.jpg\",\"contentUrl\":\"https:\\\/\\\/www.lraloeverashop.eu\\\/wp-content\\\/uploads\\\/2022\\\/10\\\/Zeitgard-Pro-Body-Cream.jpg\",\"width\":1200,\"height\":1200,\"caption\":\"Crema corporal reafirmante Zeitgard Pro\"},{\"@type\":\"BreadcrumbList\",\"@id\":\"https:\\\/\\\/www.lraloeverashop.eu\\\/es\\\/producto\\\/crema-corporal-reafirmante-zeitgard-pro\\\/#breadcrumb\",\"itemListElement\":[{\"@type\":\"ListItem\",\"position\":1,\"name\":\"Home\",\"item\":\"https:\\\/\\\/www.lraloeverashop.eu\\\/es\\\/\"},{\"@type\":\"ListItem\",\"position\":2,\"name\":\"Tienda\",\"item\":\"https:\\\/\\\/www.lraloeverashop.eu\\\/es\\\/tienda\\\/\"},{\"@type\":\"ListItem\",\"position\":3,\"name\":\"Crema Corporal Reafirmante Zeitgard Pro\"}]},{\"@type\":\"WebSite\",\"@id\":\"https:\\\/\\\/www.lraloeverashop.eu\\\/es\\\/#website\",\"url\":\"https:\\\/\\\/www.lraloeverashop.eu\\\/es\\\/\",\"name\":\"Lr Tienda Aloe Vera\",\"description\":\"High Quality Lr Aloe Vera Gel, Aloe Vera Cream and Shampoo\",\"publisher\":{\"@id\":\"https:\\\/\\\/www.lraloeverashop.eu\\\/es\\\/#organization\"},\"potentialAction\":[{\"@type\":\"SearchAction\",\"target\":{\"@type\":\"EntryPoint\",\"urlTemplate\":\"https:\\\/\\\/www.lraloeverashop.eu\\\/es\\\/?s={search_term_string}\"},\"query-input\":{\"@type\":\"PropertyValueSpecification\",\"valueRequired\":true,\"valueName\":\"search_term_string\"}}],\"inLanguage\":\"es\"},{\"@type\":\"Organization\",\"@id\":\"https:\\\/\\\/www.lraloeverashop.eu\\\/es\\\/#organization\",\"name\":\"Lr Tienda Aloe Vera\",\"alternateName\":\"LR\",\"url\":\"https:\\\/\\\/www.lraloeverashop.eu\\\/es\\\/\",\"logo\":{\"@type\":\"ImageObject\",\"inLanguage\":\"es\",\"@id\":\"https:\\\/\\\/www.lraloeverashop.eu\\\/es\\\/#\\\/schema\\\/logo\\\/image\\\/\",\"url\":\"https:\\\/\\\/www.lraloeverashop.eu\\\/wp-content\\\/uploads\\\/2022\\\/09\\\/cropped-Lr-Aloe-Vera-Shop.jpg\",\"contentUrl\":\"https:\\\/\\\/www.lraloeverashop.eu\\\/wp-content\\\/uploads\\\/2022\\\/09\\\/cropped-Lr-Aloe-Vera-Shop.jpg\",\"width\":228,\"height\":76,\"caption\":\"Lr Tienda Aloe Vera\"},\"image\":{\"@id\":\"https:\\\/\\\/www.lraloeverashop.eu\\\/es\\\/#\\\/schema\\\/logo\\\/image\\\/\"},\"sameAs\":[\"https:\\\/\\\/www.facebook.com\\\/lraloeverashop.eu\",\"https:\\\/\\\/x.com\\\/natur__kosmetik\",\"https:\\\/\\\/www.youtube.com\\\/channel\\\/UC5oN7BJ8nfYb8RpVtjwDEBA\",\"https:\\\/\\\/www.instagram.com\\\/lrbeautyeu\\\/\"],\"description\":\"La tienda Lr Aloe Vera es tu destino de confianza para productos premium de salud y belleza LR, fabricados en Alemania. Ofrecemos soluciones de alta calidad para el cuidado de la piel, nutrici\u00f3n y antienvejecimiento con Aloe Vera, elaboradas con ingredientes puros y respaldadas por investigaci\u00f3n cient\u00edfica. Descubre un cuidado natural que regenera, protege y revitaliza tu piel, y disfruta de ofertas mensuales exclusivas en nuestros productos LR Aloe Vera m\u00e1s vendidos.\\n\\nComienza hoy mismo tu camino hacia el cuidado natural de la piel y siente la diferencia.\",\"email\":\"info@lraloeverashop.eu\",\"telephone\":\"+49 17670609653\",\"legalName\":\"Lr Aloe Vera Shop\",\"foundingDate\":\"2018-04-21\",\"numberOfEmployees\":{\"@type\":\"QuantitativeValue\",\"minValue\":\"1\",\"maxValue\":\"10\"}}]}<\/script>\n<meta property=\"product:price:amount\" content=\"39.89\" \/>\n<meta property=\"product:price:currency\" content=\"EUR\" \/>\n<meta property=\"og:availability\" content=\"instock\" \/>\n<meta property=\"product:availability\" content=\"instock\" \/>\n<meta property=\"product:retailer_item_id\" content=\"28002-1ES\" \/>\n<meta property=\"product:condition\" content=\"new\" \/>\n<!-- \/ Yoast SEO Premium plugin. -->","yoast_head_json":{"title":"Crema Corporal Reafirmante Zeitgard Pro con \u00e1cido hialur\u00f3nico","description":"Crema Corporal Reafirmante Zeitgard Pro para usar con el Kit Masaje Corporal Zeitgard Pro. Con pantenol, vitamina E y \u00e1cido hialur\u00f3nico para m\u00e1s elasticidad","robots":{"index":"index","follow":"follow","max-snippet":"max-snippet:-1","max-image-preview":"max-image-preview:large","max-video-preview":"max-video-preview:-1"},"canonical":"https:\/\/www.lraloeverashop.eu\/es\/producto\/crema-corporal-reafirmante-zeitgard-pro\/","og_locale":"es_ES","og_type":"article","og_title":"Crema Corporal Reafirmante Zeitgard Pro","og_description":"Crema Corporal Reafirmante Zeitgard Pro para usar con el Kit Masaje Corporal Zeitgard Pro. Con pantenol, vitamina E y \u00e1cido hialur\u00f3nico para m\u00e1s elasticidad","og_url":"https:\/\/www.lraloeverashop.eu\/es\/producto\/crema-corporal-reafirmante-zeitgard-pro\/","og_site_name":"Lr Tienda Aloe Vera","article_publisher":"https:\/\/www.facebook.com\/lraloeverashop.eu","article_modified_time":"2026-02-09T03:45:06+00:00","og_image":[{"width":1200,"height":1200,"url":"https:\/\/www.lraloeverashop.eu\/wp-content\/uploads\/2022\/10\/Zeitgard-Pro-Body-Cream.jpg","type":"image\/jpeg"}],"twitter_card":"summary_large_image","twitter_site":"@natur__kosmetik","schema":{"@context":"https:\/\/schema.org","@graph":[{"@type":["WebPage","ItemPage"],"@id":"https:\/\/www.lraloeverashop.eu\/es\/producto\/crema-corporal-reafirmante-zeitgard-pro\/","url":"https:\/\/www.lraloeverashop.eu\/es\/producto\/crema-corporal-reafirmante-zeitgard-pro\/","name":"Crema Corporal Reafirmante Zeitgard Pro con \u00e1cido hialur\u00f3nico","isPartOf":{"@id":"https:\/\/www.lraloeverashop.eu\/es\/#website"},"primaryImageOfPage":{"@id":"https:\/\/www.lraloeverashop.eu\/es\/producto\/crema-corporal-reafirmante-zeitgard-pro\/#primaryimage"},"image":{"@id":"https:\/\/www.lraloeverashop.eu\/es\/producto\/crema-corporal-reafirmante-zeitgard-pro\/#primaryimage"},"thumbnailUrl":"https:\/\/www.lraloeverashop.eu\/wp-content\/uploads\/2022\/10\/Zeitgard-Pro-Body-Cream.jpg","datePublished":"2022-10-19T14:26:32+00:00","dateModified":"2026-02-09T03:45:06+00:00","description":"Crema Corporal Reafirmante Zeitgard Pro para usar con el Kit Masaje Corporal Zeitgard Pro. Con pantenol, vitamina E y \u00e1cido hialur\u00f3nico para m\u00e1s elasticidad","breadcrumb":{"@id":"https:\/\/www.lraloeverashop.eu\/es\/producto\/crema-corporal-reafirmante-zeitgard-pro\/#breadcrumb"},"inLanguage":"es","potentialAction":[{"@type":"ReadAction","target":["https:\/\/www.lraloeverashop.eu\/es\/producto\/crema-corporal-reafirmante-zeitgard-pro\/"]}]},{"@type":"ImageObject","inLanguage":"es","@id":"https:\/\/www.lraloeverashop.eu\/es\/producto\/crema-corporal-reafirmante-zeitgard-pro\/#primaryimage","url":"https:\/\/www.lraloeverashop.eu\/wp-content\/uploads\/2022\/10\/Zeitgard-Pro-Body-Cream.jpg","contentUrl":"https:\/\/www.lraloeverashop.eu\/wp-content\/uploads\/2022\/10\/Zeitgard-Pro-Body-Cream.jpg","width":1200,"height":1200,"caption":"Crema corporal reafirmante Zeitgard Pro"},{"@type":"BreadcrumbList","@id":"https:\/\/www.lraloeverashop.eu\/es\/producto\/crema-corporal-reafirmante-zeitgard-pro\/#breadcrumb","itemListElement":[{"@type":"ListItem","position":1,"name":"Home","item":"https:\/\/www.lraloeverashop.eu\/es\/"},{"@type":"ListItem","position":2,"name":"Tienda","item":"https:\/\/www.lraloeverashop.eu\/es\/tienda\/"},{"@type":"ListItem","position":3,"name":"Crema Corporal Reafirmante Zeitgard Pro"}]},{"@type":"WebSite","@id":"https:\/\/www.lraloeverashop.eu\/es\/#website","url":"https:\/\/www.lraloeverashop.eu\/es\/","name":"Lr Tienda Aloe Vera","description":"High Quality Lr Aloe Vera Gel, Aloe Vera Cream and Shampoo","publisher":{"@id":"https:\/\/www.lraloeverashop.eu\/es\/#organization"},"potentialAction":[{"@type":"SearchAction","target":{"@type":"EntryPoint","urlTemplate":"https:\/\/www.lraloeverashop.eu\/es\/?s={search_term_string}"},"query-input":{"@type":"PropertyValueSpecification","valueRequired":true,"valueName":"search_term_string"}}],"inLanguage":"es"},{"@type":"Organization","@id":"https:\/\/www.lraloeverashop.eu\/es\/#organization","name":"Lr Tienda Aloe Vera","alternateName":"LR","url":"https:\/\/www.lraloeverashop.eu\/es\/","logo":{"@type":"ImageObject","inLanguage":"es","@id":"https:\/\/www.lraloeverashop.eu\/es\/#\/schema\/logo\/image\/","url":"https:\/\/www.lraloeverashop.eu\/wp-content\/uploads\/2022\/09\/cropped-Lr-Aloe-Vera-Shop.jpg","contentUrl":"https:\/\/www.lraloeverashop.eu\/wp-content\/uploads\/2022\/09\/cropped-Lr-Aloe-Vera-Shop.jpg","width":228,"height":76,"caption":"Lr Tienda Aloe Vera"},"image":{"@id":"https:\/\/www.lraloeverashop.eu\/es\/#\/schema\/logo\/image\/"},"sameAs":["https:\/\/www.facebook.com\/lraloeverashop.eu","https:\/\/x.com\/natur__kosmetik","https:\/\/www.youtube.com\/channel\/UC5oN7BJ8nfYb8RpVtjwDEBA","https:\/\/www.instagram.com\/lrbeautyeu\/"],"description":"La tienda Lr Aloe Vera es tu destino de confianza para productos premium de salud y belleza LR, fabricados en Alemania. Ofrecemos soluciones de alta calidad para el cuidado de la piel, nutrici\u00f3n y antienvejecimiento con Aloe Vera, elaboradas con ingredientes puros y respaldadas por investigaci\u00f3n cient\u00edfica. Descubre un cuidado natural que regenera, protege y revitaliza tu piel, y disfruta de ofertas mensuales exclusivas en nuestros productos LR Aloe Vera m\u00e1s vendidos.\n\nComienza hoy mismo tu camino hacia el cuidado natural de la piel y siente la diferencia.","email":"info@lraloeverashop.eu","telephone":"+49 17670609653","legalName":"Lr Aloe Vera Shop","foundingDate":"2018-04-21","numberOfEmployees":{"@type":"QuantitativeValue","minValue":"1","maxValue":"10"}}]},"product_price_amount":"39.89","product_price_currency":"EUR","og_availability":"instock","product_availability":"instock","product_retailer_item_id":"28002-1ES","product_condition":"new"},"taxonomy_info":{"product_cat":[{"value":271,"label":"Cuidado antiedad"},{"value":277,"label":"Hombres a partir de 25 a\u00f1os"},{"value":289,"label":"Mujeres hasta 40"},{"value":283,"label":"Mujeres mayores de 40"},{"value":332,"label":"Productos Antiedad"},{"value":397,"label":"Zeitgard"},{"value":361,"label":"Zeitgard Pro"}]},"featured_image_src_large":["https:\/\/www.lraloeverashop.eu\/wp-content\/uploads\/2022\/10\/Zeitgard-Pro-Body-Cream-1024x1024.jpg",1024,1024,true],"author_info":[],"comment_info":0,"_links":{"self":[{"href":"https:\/\/www.lraloeverashop.eu\/es\/wp-json\/wp\/v2\/product\/8958","targetHints":{"allow":["GET"]}}],"collection":[{"href":"https:\/\/www.lraloeverashop.eu\/es\/wp-json\/wp\/v2\/product"}],"about":[{"href":"https:\/\/www.lraloeverashop.eu\/es\/wp-json\/wp\/v2\/types\/product"}],"replies":[{"embeddable":true,"href":"https:\/\/www.lraloeverashop.eu\/es\/wp-json\/wp\/v2\/comments?post=8958"}],"wp:featuredmedia":[{"embeddable":true,"href":"https:\/\/www.lraloeverashop.eu\/es\/wp-json\/wp\/v2\/media\/5987"}],"wp:attachment":[{"href":"https:\/\/www.lraloeverashop.eu\/es\/wp-json\/wp\/v2\/media?parent=8958"}],"wp:term":[{"taxonomy":"product_brand","embeddable":true,"href":"https:\/\/www.lraloeverashop.eu\/es\/wp-json\/wp\/v2\/product_brand?post=8958"},{"taxonomy":"product_cat","embeddable":true,"href":"https:\/\/www.lraloeverashop.eu\/es\/wp-json\/wp\/v2\/product_cat?post=8958"},{"taxonomy":"product_tag","embeddable":true,"href":"https:\/\/www.lraloeverashop.eu\/es\/wp-json\/wp\/v2\/product_tag?post=8958"}],"curies":[{"name":"wp","href":"https:\/\/api.w.org\/{rel}","templated":true}]}}