{"id":8888,"date":"2022-10-19T20:05:25","date_gmt":"2022-10-19T18:05:25","guid":{"rendered":"https:\/\/www.lraloeverashop.eu\/product\/perfeccionador-de-piel-instantaneo-serox\/"},"modified":"2026-02-09T04:44:10","modified_gmt":"2026-02-09T03:44:10","slug":"perfeccionador-de-piel-instantaneo-serox","status":"publish","type":"product","link":"https:\/\/www.lraloeverashop.eu\/es\/producto\/perfeccionador-de-piel-instantaneo-serox\/","title":{"rendered":"Perfeccionador de piel instant\u00e1neo Serox"},"content":{"rendered":"<h2><span style=\"font-size: 16pt;\"><strong>Perfeccionador de piel instant\u00e1neo Serox<\/strong><\/span><\/h2>\n<p><span style=\"font-size: 14pt;\"><strong>Perfeccionador de piel instant\u00e1neo Serox para Cuidado antiedad de uso diario<\/strong><\/span><\/p>\n<p>Para mujeres, para quienes la edad es un asunto menor, pero la buena apariencia no.<br \/>\nPara quienes desean un cuidado de la piel en el d\u00eda a d\u00eda, que asegure en segundos un aspecto perfecto de la piel y haga desaparecer las peque\u00f1as arrugas y bultos.<\/p>\n<p>Una piel impecable, con pocas arrugas y bellamente tersa, estos son <a href=\"https:\/\/www.lraloeverashop.eu\/es\/producto\/aloe-vera-exfoliante-facial-perfeccionador\/\">signos de apariencia juvenil<\/a>, que queremos preservar o restaurar.<\/p>\n<p>La apariencia de la piel cambia con la edad, las irregularidades de la piel aumentan y los poros se agrandan. Adem\u00e1s, la piel pierde cada vez m\u00e1s elasticidad y firmeza. Para contrarrestar los signos del envejecimiento de la piel, el Perfeccionador de piel instant\u00e1neo Serox es el compa\u00f1ero ideal para el cuidado diario del rostro.<\/p>\n<p>La tecnolog\u00eda de efectos con el doble efecto antienvejecimiento impresiona con una perfecci\u00f3n inmediata: \u00a1un rejuvenecimiento visual de la piel en segundos! La f\u00f3rmula perfeccionadora laminada, suave como el terciopelo, con sutiles pigmentos de color, deja la piel como transformada.<\/p>\n<p>Con el Perfeccionador de piel instant\u00e1neo Serox, los poros, los bultos y las arrugas se minimizan y la piel brillante se matifica. Por otro lado, a trav\u00e9s de la perfecci\u00f3n sostenible: \u00a1una regeneraci\u00f3n de la estructura de la piel d\u00eda tras d\u00eda!<\/p>\n<p>Esto se logra a trav\u00e9s de los ingredientes activos antienvejecimiento de acci\u00f3n profunda Gatuline\u00ae In-Tense y Ultra Filling SpheresTM. Refuerzan de forma sostenible la firmeza y la elasticidad de la piel, haci\u00e9ndola m\u00e1s suave y flexible, con un aspecto m\u00e1s firme.<\/p>\n<p>Para apoyar el efecto antienvejecimiento, se recomienda el siguiente ritual de cuidado: Comience con el Serum Antiarrugas Serox, siga con la <a href=\"https:\/\/www.lraloeverashop.eu\/es\/producto\/crema-antiarrugas-serox\/\">Crema Antiarrugas intensiva<\/a> y finalice con el Perfeccionador de piel instant\u00e1neo.<\/p>\n<p>&nbsp;<\/p>\n<h3><span style=\"font-size: 16pt;\"><strong>C\u00f3mo utilizar<\/strong><\/span><\/h3>\n<p>Perfeccionador de piel instant\u00e1neo Serox se puede utilizar en cualquier momento del d\u00eda. Aplica tu crema de d\u00eda habitual y luego aplica una nuez Instant Skin Perfector repartiendo bien por todo el rostro. Espera unos segundos antes de continuar con el maquillaje.<\/p>\n<p>&nbsp;<\/p>\n<h4><span style=\"font-size: 16pt;\"><strong>\u00bfLo Sab\u00edas?<\/strong><\/span><\/h4>\n<p><strong>Gatuline\u00ae In-Tense<\/strong><\/p>\n<p><strong>Gatuline\u00ae In-Tense<\/strong><br \/>\nEste es un extracto aceitoso concentrado de la planta Spilanthes Acmella, tambi\u00e9n llamada Paracress.<br \/>\nGatuline\u00ae In-Tense act\u00faa estimulando los fibroblastos (c\u00e9lulas del tejido conjuntivo), reorganizando la estructura y densidad de la capa d\u00e9rmica. La densidad y la firmeza de la piel aumentan y hacen que la piel brille uniformemente.<\/p>\n<p><strong>Ultra Filling Spheres<\/strong><br \/>\nEsta tecnolog\u00eda aprovecha la capacidad de las esferas deshidratadas y entrecruzadas (constituidas por biopol\u00edmeros), que penetran en la capa superior de la piel (epidermis) para absorber el agua que se evapora de la capa subyacente de la piel (dermis). El volumen de las bolas aumenta y la piel se tensa, alisa e hidrata.<\/p>\n","protected":false},"excerpt":{"rendered":"<ul>\n<li>Tecnolog\u00eda innovadora con doble efecto antiedad<\/li>\n<li>Perfecci\u00f3n sostenible de la estructura de la piel.<\/li>\n<li>Adecuado en combinaci\u00f3n con maquillaje.<\/li>\n<li>Perfeccionamiento inmediato de la piel<\/li>\n<li>Cuidado antiedad de uso diario<\/li>\n<li>Ingredientes de alta calidad<\/li>\n<li>Cantidad: 30ml<\/li>\n<\/ul>\n<p><span style=\"color: #ff0000;\"><a style=\"color: #ff0000;\" href=\"https:\/\/shop.lrworld.com\/openpao?PHP=0vFlt7jT938BEnBI3a6e9w%3D%3D\"><span style=\"font-size: 14pt;\"><strong>Reg\u00edstrate aqu\u00ed y ahorra 35% en cada compra<\/strong><\/span><\/a><\/span><\/p>\n","protected":false},"featured_media":5861,"comment_status":"open","ping_status":"closed","template":"","meta":{"_kad_blocks_custom_css":"","_kad_blocks_head_custom_js":"","_kad_blocks_body_custom_js":"","_kad_blocks_footer_custom_js":"","_kadence_starter_templates_imported_post":false,"_kad_post_transparent":"default","_kad_post_title":"","_kad_post_layout":"default","_kad_post_sidebar_id":"","_kad_post_content_style":"default","_kad_post_vertical_padding":"default","_kad_post_feature":"","_kad_post_feature_position":"","_kad_post_header":false,"_kad_post_footer":false,"_kad_post_classname":""},"product_brand":[],"product_cat":[271,289,283,332,391],"product_tag":[708],"class_list":{"0":"post-8888","1":"product","2":"type-product","3":"status-publish","4":"has-post-thumbnail","6":"product_cat-cuidado-antiedad","7":"product_cat-mujeres-hasta-40","8":"product_cat-mujeres-mayores-de-40","9":"product_cat-productos-antiedad","10":"product_cat-serox-es","11":"product_tag-para-las-arrugas-en-la-cara","13":"first","14":"instock","15":"taxable","16":"shipping-taxable","17":"purchasable","18":"product-type-simple","19":"entry","20":"content-bg","21":"loop-entry"},"yoast_head":"<!-- This site is optimized with the Yoast SEO Premium plugin v27.4 (Yoast SEO v27.4) - https:\/\/yoast.com\/product\/yoast-seo-premium-wordpress\/ -->\n<title>Perfeccionador de piel instant\u00e1neo Serox para Cuidado antiedad<\/title>\n<meta name=\"description\" content=\"Perfeccionador de piel instant\u00e1neo Serox para cuidado antiedad de uso diario. Adecuado tambien en combinaci\u00f3n con maquillaje. Mejora estructura de la piel\" \/>\n<meta name=\"robots\" content=\"index, follow, max-snippet:-1, max-image-preview:large, max-video-preview:-1\" \/>\n<link rel=\"canonical\" href=\"https:\/\/www.lraloeverashop.eu\/es\/producto\/perfeccionador-de-piel-instantaneo-serox\/\" \/>\n<meta property=\"og:locale\" content=\"es_ES\" \/>\n<meta property=\"og:type\" content=\"article\" \/>\n<meta property=\"og:title\" content=\"Perfeccionador de piel instant\u00e1neo Serox\" \/>\n<meta property=\"og:description\" content=\"Perfeccionador de piel instant\u00e1neo Serox para cuidado antiedad de uso diario. Adecuado tambien en combinaci\u00f3n con maquillaje. Mejora estructura de la piel\" \/>\n<meta property=\"og:url\" content=\"https:\/\/www.lraloeverashop.eu\/es\/producto\/perfeccionador-de-piel-instantaneo-serox\/\" \/>\n<meta property=\"og:site_name\" content=\"Lr Tienda Aloe Vera\" \/>\n<meta property=\"article:publisher\" content=\"https:\/\/www.facebook.com\/lraloeverashop.eu\" \/>\n<meta property=\"article:modified_time\" content=\"2026-02-09T03:44:10+00:00\" \/>\n<meta property=\"og:image\" content=\"https:\/\/www.lraloeverashop.eu\/wp-content\/uploads\/2022\/10\/Serox-Instant-Skin-Perfector.jpg\" \/>\n\t<meta property=\"og:image:width\" content=\"1200\" \/>\n\t<meta property=\"og:image:height\" content=\"1200\" \/>\n\t<meta property=\"og:image:type\" content=\"image\/jpeg\" \/>\n<meta name=\"twitter:card\" content=\"summary_large_image\" \/>\n<meta name=\"twitter:site\" content=\"@natur__kosmetik\" \/>\n<script type=\"application\/ld+json\" class=\"yoast-schema-graph\">{\"@context\":\"https:\\\/\\\/schema.org\",\"@graph\":[{\"@type\":[\"WebPage\",\"ItemPage\"],\"@id\":\"https:\\\/\\\/www.lraloeverashop.eu\\\/es\\\/producto\\\/perfeccionador-de-piel-instantaneo-serox\\\/\",\"url\":\"https:\\\/\\\/www.lraloeverashop.eu\\\/es\\\/producto\\\/perfeccionador-de-piel-instantaneo-serox\\\/\",\"name\":\"Perfeccionador de piel instant\u00e1neo Serox para Cuidado antiedad\",\"isPartOf\":{\"@id\":\"https:\\\/\\\/www.lraloeverashop.eu\\\/es\\\/#website\"},\"primaryImageOfPage\":{\"@id\":\"https:\\\/\\\/www.lraloeverashop.eu\\\/es\\\/producto\\\/perfeccionador-de-piel-instantaneo-serox\\\/#primaryimage\"},\"image\":{\"@id\":\"https:\\\/\\\/www.lraloeverashop.eu\\\/es\\\/producto\\\/perfeccionador-de-piel-instantaneo-serox\\\/#primaryimage\"},\"thumbnailUrl\":\"https:\\\/\\\/www.lraloeverashop.eu\\\/wp-content\\\/uploads\\\/2022\\\/10\\\/Serox-Instant-Skin-Perfector.jpg\",\"datePublished\":\"2022-10-19T18:05:25+00:00\",\"dateModified\":\"2026-02-09T03:44:10+00:00\",\"description\":\"Perfeccionador de piel instant\u00e1neo Serox para cuidado antiedad de uso diario. Adecuado tambien en combinaci\u00f3n con maquillaje. Mejora estructura de la piel\",\"breadcrumb\":{\"@id\":\"https:\\\/\\\/www.lraloeverashop.eu\\\/es\\\/producto\\\/perfeccionador-de-piel-instantaneo-serox\\\/#breadcrumb\"},\"inLanguage\":\"es\",\"potentialAction\":[{\"@type\":\"ReadAction\",\"target\":[\"https:\\\/\\\/www.lraloeverashop.eu\\\/es\\\/producto\\\/perfeccionador-de-piel-instantaneo-serox\\\/\"]}]},{\"@type\":\"ImageObject\",\"inLanguage\":\"es\",\"@id\":\"https:\\\/\\\/www.lraloeverashop.eu\\\/es\\\/producto\\\/perfeccionador-de-piel-instantaneo-serox\\\/#primaryimage\",\"url\":\"https:\\\/\\\/www.lraloeverashop.eu\\\/wp-content\\\/uploads\\\/2022\\\/10\\\/Serox-Instant-Skin-Perfector.jpg\",\"contentUrl\":\"https:\\\/\\\/www.lraloeverashop.eu\\\/wp-content\\\/uploads\\\/2022\\\/10\\\/Serox-Instant-Skin-Perfector.jpg\",\"width\":1200,\"height\":1200,\"caption\":\"Serox Perfeccionador de piel instant\u00e1neo\"},{\"@type\":\"BreadcrumbList\",\"@id\":\"https:\\\/\\\/www.lraloeverashop.eu\\\/es\\\/producto\\\/perfeccionador-de-piel-instantaneo-serox\\\/#breadcrumb\",\"itemListElement\":[{\"@type\":\"ListItem\",\"position\":1,\"name\":\"Home\",\"item\":\"https:\\\/\\\/www.lraloeverashop.eu\\\/es\\\/\"},{\"@type\":\"ListItem\",\"position\":2,\"name\":\"Tienda\",\"item\":\"https:\\\/\\\/www.lraloeverashop.eu\\\/es\\\/tienda\\\/\"},{\"@type\":\"ListItem\",\"position\":3,\"name\":\"Perfeccionador de piel instant\u00e1neo Serox\"}]},{\"@type\":\"WebSite\",\"@id\":\"https:\\\/\\\/www.lraloeverashop.eu\\\/es\\\/#website\",\"url\":\"https:\\\/\\\/www.lraloeverashop.eu\\\/es\\\/\",\"name\":\"Lr Tienda Aloe Vera\",\"description\":\"High Quality Lr Aloe Vera Gel, Aloe Vera Cream and Shampoo\",\"publisher\":{\"@id\":\"https:\\\/\\\/www.lraloeverashop.eu\\\/es\\\/#organization\"},\"potentialAction\":[{\"@type\":\"SearchAction\",\"target\":{\"@type\":\"EntryPoint\",\"urlTemplate\":\"https:\\\/\\\/www.lraloeverashop.eu\\\/es\\\/?s={search_term_string}\"},\"query-input\":{\"@type\":\"PropertyValueSpecification\",\"valueRequired\":true,\"valueName\":\"search_term_string\"}}],\"inLanguage\":\"es\"},{\"@type\":\"Organization\",\"@id\":\"https:\\\/\\\/www.lraloeverashop.eu\\\/es\\\/#organization\",\"name\":\"Lr Tienda Aloe Vera\",\"alternateName\":\"LR\",\"url\":\"https:\\\/\\\/www.lraloeverashop.eu\\\/es\\\/\",\"logo\":{\"@type\":\"ImageObject\",\"inLanguage\":\"es\",\"@id\":\"https:\\\/\\\/www.lraloeverashop.eu\\\/es\\\/#\\\/schema\\\/logo\\\/image\\\/\",\"url\":\"https:\\\/\\\/www.lraloeverashop.eu\\\/wp-content\\\/uploads\\\/2022\\\/09\\\/cropped-Lr-Aloe-Vera-Shop.jpg\",\"contentUrl\":\"https:\\\/\\\/www.lraloeverashop.eu\\\/wp-content\\\/uploads\\\/2022\\\/09\\\/cropped-Lr-Aloe-Vera-Shop.jpg\",\"width\":228,\"height\":76,\"caption\":\"Lr Tienda Aloe Vera\"},\"image\":{\"@id\":\"https:\\\/\\\/www.lraloeverashop.eu\\\/es\\\/#\\\/schema\\\/logo\\\/image\\\/\"},\"sameAs\":[\"https:\\\/\\\/www.facebook.com\\\/lraloeverashop.eu\",\"https:\\\/\\\/x.com\\\/natur__kosmetik\",\"https:\\\/\\\/www.youtube.com\\\/channel\\\/UC5oN7BJ8nfYb8RpVtjwDEBA\",\"https:\\\/\\\/www.instagram.com\\\/lrbeautyeu\\\/\"],\"description\":\"La tienda Lr Aloe Vera es tu destino de confianza para productos premium de salud y belleza LR, fabricados en Alemania. Ofrecemos soluciones de alta calidad para el cuidado de la piel, nutrici\u00f3n y antienvejecimiento con Aloe Vera, elaboradas con ingredientes puros y respaldadas por investigaci\u00f3n cient\u00edfica. Descubre un cuidado natural que regenera, protege y revitaliza tu piel, y disfruta de ofertas mensuales exclusivas en nuestros productos LR Aloe Vera m\u00e1s vendidos.\\n\\nComienza hoy mismo tu camino hacia el cuidado natural de la piel y siente la diferencia.\",\"email\":\"info@lraloeverashop.eu\",\"telephone\":\"+49 17670609653\",\"legalName\":\"Lr Aloe Vera Shop\",\"foundingDate\":\"2018-04-21\",\"numberOfEmployees\":{\"@type\":\"QuantitativeValue\",\"minValue\":\"1\",\"maxValue\":\"10\"}}]}<\/script>\n<meta property=\"product:price:amount\" content=\"58.10\" \/>\n<meta property=\"product:price:currency\" content=\"EUR\" \/>\n<meta property=\"og:availability\" content=\"instock\" \/>\n<meta property=\"product:availability\" content=\"instock\" \/>\n<meta property=\"product:retailer_item_id\" content=\"28250-1ES\" \/>\n<meta property=\"product:condition\" content=\"new\" \/>\n<!-- \/ Yoast SEO Premium plugin. -->","yoast_head_json":{"title":"Perfeccionador de piel instant\u00e1neo Serox para Cuidado antiedad","description":"Perfeccionador de piel instant\u00e1neo Serox para cuidado antiedad de uso diario. Adecuado tambien en combinaci\u00f3n con maquillaje. Mejora estructura de la piel","robots":{"index":"index","follow":"follow","max-snippet":"max-snippet:-1","max-image-preview":"max-image-preview:large","max-video-preview":"max-video-preview:-1"},"canonical":"https:\/\/www.lraloeverashop.eu\/es\/producto\/perfeccionador-de-piel-instantaneo-serox\/","og_locale":"es_ES","og_type":"article","og_title":"Perfeccionador de piel instant\u00e1neo Serox","og_description":"Perfeccionador de piel instant\u00e1neo Serox para cuidado antiedad de uso diario. Adecuado tambien en combinaci\u00f3n con maquillaje. Mejora estructura de la piel","og_url":"https:\/\/www.lraloeverashop.eu\/es\/producto\/perfeccionador-de-piel-instantaneo-serox\/","og_site_name":"Lr Tienda Aloe Vera","article_publisher":"https:\/\/www.facebook.com\/lraloeverashop.eu","article_modified_time":"2026-02-09T03:44:10+00:00","og_image":[{"width":1200,"height":1200,"url":"https:\/\/www.lraloeverashop.eu\/wp-content\/uploads\/2022\/10\/Serox-Instant-Skin-Perfector.jpg","type":"image\/jpeg"}],"twitter_card":"summary_large_image","twitter_site":"@natur__kosmetik","schema":{"@context":"https:\/\/schema.org","@graph":[{"@type":["WebPage","ItemPage"],"@id":"https:\/\/www.lraloeverashop.eu\/es\/producto\/perfeccionador-de-piel-instantaneo-serox\/","url":"https:\/\/www.lraloeverashop.eu\/es\/producto\/perfeccionador-de-piel-instantaneo-serox\/","name":"Perfeccionador de piel instant\u00e1neo Serox para Cuidado antiedad","isPartOf":{"@id":"https:\/\/www.lraloeverashop.eu\/es\/#website"},"primaryImageOfPage":{"@id":"https:\/\/www.lraloeverashop.eu\/es\/producto\/perfeccionador-de-piel-instantaneo-serox\/#primaryimage"},"image":{"@id":"https:\/\/www.lraloeverashop.eu\/es\/producto\/perfeccionador-de-piel-instantaneo-serox\/#primaryimage"},"thumbnailUrl":"https:\/\/www.lraloeverashop.eu\/wp-content\/uploads\/2022\/10\/Serox-Instant-Skin-Perfector.jpg","datePublished":"2022-10-19T18:05:25+00:00","dateModified":"2026-02-09T03:44:10+00:00","description":"Perfeccionador de piel instant\u00e1neo Serox para cuidado antiedad de uso diario. Adecuado tambien en combinaci\u00f3n con maquillaje. Mejora estructura de la piel","breadcrumb":{"@id":"https:\/\/www.lraloeverashop.eu\/es\/producto\/perfeccionador-de-piel-instantaneo-serox\/#breadcrumb"},"inLanguage":"es","potentialAction":[{"@type":"ReadAction","target":["https:\/\/www.lraloeverashop.eu\/es\/producto\/perfeccionador-de-piel-instantaneo-serox\/"]}]},{"@type":"ImageObject","inLanguage":"es","@id":"https:\/\/www.lraloeverashop.eu\/es\/producto\/perfeccionador-de-piel-instantaneo-serox\/#primaryimage","url":"https:\/\/www.lraloeverashop.eu\/wp-content\/uploads\/2022\/10\/Serox-Instant-Skin-Perfector.jpg","contentUrl":"https:\/\/www.lraloeverashop.eu\/wp-content\/uploads\/2022\/10\/Serox-Instant-Skin-Perfector.jpg","width":1200,"height":1200,"caption":"Serox Perfeccionador de piel instant\u00e1neo"},{"@type":"BreadcrumbList","@id":"https:\/\/www.lraloeverashop.eu\/es\/producto\/perfeccionador-de-piel-instantaneo-serox\/#breadcrumb","itemListElement":[{"@type":"ListItem","position":1,"name":"Home","item":"https:\/\/www.lraloeverashop.eu\/es\/"},{"@type":"ListItem","position":2,"name":"Tienda","item":"https:\/\/www.lraloeverashop.eu\/es\/tienda\/"},{"@type":"ListItem","position":3,"name":"Perfeccionador de piel instant\u00e1neo Serox"}]},{"@type":"WebSite","@id":"https:\/\/www.lraloeverashop.eu\/es\/#website","url":"https:\/\/www.lraloeverashop.eu\/es\/","name":"Lr Tienda Aloe Vera","description":"High Quality Lr Aloe Vera Gel, Aloe Vera Cream and Shampoo","publisher":{"@id":"https:\/\/www.lraloeverashop.eu\/es\/#organization"},"potentialAction":[{"@type":"SearchAction","target":{"@type":"EntryPoint","urlTemplate":"https:\/\/www.lraloeverashop.eu\/es\/?s={search_term_string}"},"query-input":{"@type":"PropertyValueSpecification","valueRequired":true,"valueName":"search_term_string"}}],"inLanguage":"es"},{"@type":"Organization","@id":"https:\/\/www.lraloeverashop.eu\/es\/#organization","name":"Lr Tienda Aloe Vera","alternateName":"LR","url":"https:\/\/www.lraloeverashop.eu\/es\/","logo":{"@type":"ImageObject","inLanguage":"es","@id":"https:\/\/www.lraloeverashop.eu\/es\/#\/schema\/logo\/image\/","url":"https:\/\/www.lraloeverashop.eu\/wp-content\/uploads\/2022\/09\/cropped-Lr-Aloe-Vera-Shop.jpg","contentUrl":"https:\/\/www.lraloeverashop.eu\/wp-content\/uploads\/2022\/09\/cropped-Lr-Aloe-Vera-Shop.jpg","width":228,"height":76,"caption":"Lr Tienda Aloe Vera"},"image":{"@id":"https:\/\/www.lraloeverashop.eu\/es\/#\/schema\/logo\/image\/"},"sameAs":["https:\/\/www.facebook.com\/lraloeverashop.eu","https:\/\/x.com\/natur__kosmetik","https:\/\/www.youtube.com\/channel\/UC5oN7BJ8nfYb8RpVtjwDEBA","https:\/\/www.instagram.com\/lrbeautyeu\/"],"description":"La tienda Lr Aloe Vera es tu destino de confianza para productos premium de salud y belleza LR, fabricados en Alemania. Ofrecemos soluciones de alta calidad para el cuidado de la piel, nutrici\u00f3n y antienvejecimiento con Aloe Vera, elaboradas con ingredientes puros y respaldadas por investigaci\u00f3n cient\u00edfica. Descubre un cuidado natural que regenera, protege y revitaliza tu piel, y disfruta de ofertas mensuales exclusivas en nuestros productos LR Aloe Vera m\u00e1s vendidos.\n\nComienza hoy mismo tu camino hacia el cuidado natural de la piel y siente la diferencia.","email":"info@lraloeverashop.eu","telephone":"+49 17670609653","legalName":"Lr Aloe Vera Shop","foundingDate":"2018-04-21","numberOfEmployees":{"@type":"QuantitativeValue","minValue":"1","maxValue":"10"}}]},"product_price_amount":"58.10","product_price_currency":"EUR","og_availability":"instock","product_availability":"instock","product_retailer_item_id":"28250-1ES","product_condition":"new"},"taxonomy_info":{"product_cat":[{"value":271,"label":"Cuidado antiedad"},{"value":289,"label":"Mujeres hasta 40"},{"value":283,"label":"Mujeres mayores de 40"},{"value":332,"label":"Productos Antiedad"},{"value":391,"label":"Serox"}],"product_tag":[{"value":708,"label":"para las arrugas en la cara"}]},"featured_image_src_large":["https:\/\/www.lraloeverashop.eu\/wp-content\/uploads\/2022\/10\/Serox-Instant-Skin-Perfector-1024x1024.jpg",1024,1024,true],"author_info":[],"comment_info":0,"_links":{"self":[{"href":"https:\/\/www.lraloeverashop.eu\/es\/wp-json\/wp\/v2\/product\/8888","targetHints":{"allow":["GET"]}}],"collection":[{"href":"https:\/\/www.lraloeverashop.eu\/es\/wp-json\/wp\/v2\/product"}],"about":[{"href":"https:\/\/www.lraloeverashop.eu\/es\/wp-json\/wp\/v2\/types\/product"}],"replies":[{"embeddable":true,"href":"https:\/\/www.lraloeverashop.eu\/es\/wp-json\/wp\/v2\/comments?post=8888"}],"wp:featuredmedia":[{"embeddable":true,"href":"https:\/\/www.lraloeverashop.eu\/es\/wp-json\/wp\/v2\/media\/5861"}],"wp:attachment":[{"href":"https:\/\/www.lraloeverashop.eu\/es\/wp-json\/wp\/v2\/media?parent=8888"}],"wp:term":[{"taxonomy":"product_brand","embeddable":true,"href":"https:\/\/www.lraloeverashop.eu\/es\/wp-json\/wp\/v2\/product_brand?post=8888"},{"taxonomy":"product_cat","embeddable":true,"href":"https:\/\/www.lraloeverashop.eu\/es\/wp-json\/wp\/v2\/product_cat?post=8888"},{"taxonomy":"product_tag","embeddable":true,"href":"https:\/\/www.lraloeverashop.eu\/es\/wp-json\/wp\/v2\/product_tag?post=8888"}],"curies":[{"name":"wp","href":"https:\/\/api.w.org\/{rel}","templated":true}]}}