{"id":8878,"date":"2022-10-20T04:38:20","date_gmt":"2022-10-20T02:38:20","guid":{"rendered":"https:\/\/www.lraloeverashop.eu\/product\/serum-antiarrugas-serox\/"},"modified":"2026-02-09T04:43:59","modified_gmt":"2026-02-09T03:43:59","slug":"serum-antiarrugas-serox","status":"publish","type":"product","link":"https:\/\/www.lraloeverashop.eu\/es\/producto\/serum-antiarrugas-serox\/","title":{"rendered":"Serum Antiarrugas Serox"},"content":{"rendered":"<h2><span style=\"font-size: 16pt;\"><strong>Serum Antiarrugas Serox<\/strong><\/span><\/h2>\n<p><span style=\"font-size: 14pt;\"><strong>Serum Antiarrugas Serox reduce significativamente la apariencia de arrugas y l\u00edneas<\/strong><\/span><\/p>\n<p>S\u00e9rum Antiedad Serox aporta a la piel activos exclusivos. La piel se vuelve m\u00e1s el\u00e1stica y mantiene un <a href=\"https:\/\/www.lraloeverashop.eu\/es\/producto\/crema-noche-antiarrugas-beauty-diamonds\/\">aspecto fresco<\/a>. El suero calma la piel con ingredientes activos innovadores.<\/p>\n<p>El suero intensivo es parte del concepto antienvejecimiento Lr Serox, la serie de cuidado con calidad de estudio de belleza. Su textura sedosa invade inmediatamente la piel, dej\u00e1ndola con una sensaci\u00f3n fresca. La f\u00f3rmula especial antienvejecimiento con Argireline\u00ae, con el uso regular, reduce significativamente la <a href=\"https:\/\/www.lraloeverashop.eu\/es\/producto\/kit-antiarrugas-zeitgard-pro\/\">aparici\u00f3n de arrugas<\/a> y l\u00edneas. Los contornos faciales aparecen visiblemente relajados y alisados.<\/p>\n<p>&nbsp;<\/p>\n<h3><span style=\"font-size: 16pt;\"><strong>C\u00f3mo utilizar<\/strong><\/span><\/h3>\n<p>Aplicar Serum Antiarrugas Serox dos veces al d\u00eda despu\u00e9s de la limpieza, especialmente en las zonas de las arrugas de expresi\u00f3n, y masajear ligeramente.<\/p>\n<p>Para un aspecto \u00f3ptimo recomendamos el S\u00e9rum Antiedad siempre en combinaci\u00f3n con la <a href=\"https:\/\/www.lraloeverashop.eu\/es\/producto\/crema-antiarrugas-serox\/\">Crema Antiarrugas Serox<\/a>. El suero calma la piel con ingredientes activos innovadores, la crema asegura una sensaci\u00f3n de <a href=\"https:\/\/www.lraloeverashop.eu\/es\/producto\/serum-facial-lr-skin-balance\/\">piel relajada<\/a> y suave.<\/p>\n","protected":false},"excerpt":{"rendered":"<ul>\n<li>F\u00f3rmula intensiva antiarrugas con composici\u00f3n de suero sedoso.<\/li>\n<li>Con ingredientes de alta calidad: Argireline\u00ae, Ameliox\u00ae y Polylift\u00ae<\/li>\n<li>Con un efecto relajante e hidratante para una piel m\u00e1s suave y uniforme<\/li>\n<li>Ideal en combinaci\u00f3n con Serox Intensive Result Cream<\/li>\n<li>Hecho en Alemania<\/li>\n<li>Contenido: 30ml<\/li>\n<\/ul>\n<p><span style=\"color: #ff0000;\"><a style=\"color: #ff0000;\" href=\"https:\/\/shop.lrworld.com\/openpao?PHP=0vFlt7jT938BEnBI3a6e9w%3D%3D\"><span style=\"font-size: 14pt;\"><strong>Reg\u00edstrate aqu\u00ed y ahorra 35% en cada compra<\/strong><\/span><\/a><\/span><\/p>\n","protected":false},"featured_media":5855,"comment_status":"open","ping_status":"closed","template":"","meta":{"_kad_blocks_custom_css":"","_kad_blocks_head_custom_js":"","_kad_blocks_body_custom_js":"","_kad_blocks_footer_custom_js":"","_kadence_starter_templates_imported_post":false,"_kad_post_transparent":"default","_kad_post_title":"","_kad_post_layout":"default","_kad_post_sidebar_id":"","_kad_post_content_style":"default","_kad_post_vertical_padding":"default","_kad_post_feature":"","_kad_post_feature_position":"","_kad_post_header":false,"_kad_post_footer":false,"_kad_post_classname":""},"product_brand":[],"product_cat":[271,283,332,391],"product_tag":[708],"class_list":{"0":"post-8878","1":"product","2":"type-product","3":"status-publish","4":"has-post-thumbnail","6":"product_cat-cuidado-antiedad","7":"product_cat-mujeres-mayores-de-40","8":"product_cat-productos-antiedad","9":"product_cat-serox-es","10":"product_tag-para-las-arrugas-en-la-cara","12":"first","13":"instock","14":"taxable","15":"shipping-taxable","16":"purchasable","17":"product-type-simple","18":"entry","19":"content-bg","20":"loop-entry"},"yoast_head":"<!-- This site is optimized with the Yoast SEO Premium plugin v27.4 (Yoast SEO v27.4) - https:\/\/yoast.com\/product\/yoast-seo-premium-wordpress\/ -->\n<title>Serum Antiarrugas Serox reduce la apariencia de arrugas y l\u00edneas<\/title>\n<meta name=\"description\" content=\"Serum Antiarrugas Serox con un efecto hidratante para una piel m\u00e1s suave y uniforme. Con ingredientes de alta calidad: Argireline\u00ae, Ameliox\u00ae y Polylift\u00ae\" \/>\n<meta name=\"robots\" content=\"index, follow, max-snippet:-1, max-image-preview:large, max-video-preview:-1\" \/>\n<link rel=\"canonical\" href=\"https:\/\/www.lraloeverashop.eu\/es\/producto\/serum-antiarrugas-serox\/\" \/>\n<meta property=\"og:locale\" content=\"es_ES\" \/>\n<meta property=\"og:type\" content=\"article\" \/>\n<meta property=\"og:title\" content=\"Serum Antiarrugas Serox\" \/>\n<meta property=\"og:description\" content=\"Serum Antiarrugas Serox con un efecto hidratante para una piel m\u00e1s suave y uniforme. Con ingredientes de alta calidad: Argireline\u00ae, Ameliox\u00ae y Polylift\u00ae\" \/>\n<meta property=\"og:url\" content=\"https:\/\/www.lraloeverashop.eu\/es\/producto\/serum-antiarrugas-serox\/\" \/>\n<meta property=\"og:site_name\" content=\"Lr Tienda Aloe Vera\" \/>\n<meta property=\"article:publisher\" content=\"https:\/\/www.facebook.com\/lraloeverashop.eu\" \/>\n<meta property=\"article:modified_time\" content=\"2026-02-09T03:43:59+00:00\" \/>\n<meta property=\"og:image\" content=\"https:\/\/www.lraloeverashop.eu\/wp-content\/uploads\/2022\/10\/Serox-Instant-Result-Serum.jpg\" \/>\n\t<meta property=\"og:image:width\" content=\"1200\" \/>\n\t<meta property=\"og:image:height\" content=\"1200\" \/>\n\t<meta property=\"og:image:type\" content=\"image\/jpeg\" \/>\n<meta name=\"twitter:card\" content=\"summary_large_image\" \/>\n<meta name=\"twitter:site\" content=\"@natur__kosmetik\" \/>\n<script type=\"application\/ld+json\" class=\"yoast-schema-graph\">{\"@context\":\"https:\\\/\\\/schema.org\",\"@graph\":[{\"@type\":[\"WebPage\",\"ItemPage\"],\"@id\":\"https:\\\/\\\/www.lraloeverashop.eu\\\/es\\\/producto\\\/serum-antiarrugas-serox\\\/\",\"url\":\"https:\\\/\\\/www.lraloeverashop.eu\\\/es\\\/producto\\\/serum-antiarrugas-serox\\\/\",\"name\":\"Serum Antiarrugas Serox reduce la apariencia de arrugas y l\u00edneas\",\"isPartOf\":{\"@id\":\"https:\\\/\\\/www.lraloeverashop.eu\\\/es\\\/#website\"},\"primaryImageOfPage\":{\"@id\":\"https:\\\/\\\/www.lraloeverashop.eu\\\/es\\\/producto\\\/serum-antiarrugas-serox\\\/#primaryimage\"},\"image\":{\"@id\":\"https:\\\/\\\/www.lraloeverashop.eu\\\/es\\\/producto\\\/serum-antiarrugas-serox\\\/#primaryimage\"},\"thumbnailUrl\":\"https:\\\/\\\/www.lraloeverashop.eu\\\/wp-content\\\/uploads\\\/2022\\\/10\\\/Serox-Instant-Result-Serum.jpg\",\"datePublished\":\"2022-10-20T02:38:20+00:00\",\"dateModified\":\"2026-02-09T03:43:59+00:00\",\"description\":\"Serum Antiarrugas Serox con un efecto hidratante para una piel m\u00e1s suave y uniforme. Con ingredientes de alta calidad: Argireline\u00ae, Ameliox\u00ae y Polylift\u00ae\",\"breadcrumb\":{\"@id\":\"https:\\\/\\\/www.lraloeverashop.eu\\\/es\\\/producto\\\/serum-antiarrugas-serox\\\/#breadcrumb\"},\"inLanguage\":\"es\",\"potentialAction\":[{\"@type\":\"ReadAction\",\"target\":[\"https:\\\/\\\/www.lraloeverashop.eu\\\/es\\\/producto\\\/serum-antiarrugas-serox\\\/\"]}]},{\"@type\":\"ImageObject\",\"inLanguage\":\"es\",\"@id\":\"https:\\\/\\\/www.lraloeverashop.eu\\\/es\\\/producto\\\/serum-antiarrugas-serox\\\/#primaryimage\",\"url\":\"https:\\\/\\\/www.lraloeverashop.eu\\\/wp-content\\\/uploads\\\/2022\\\/10\\\/Serox-Instant-Result-Serum.jpg\",\"contentUrl\":\"https:\\\/\\\/www.lraloeverashop.eu\\\/wp-content\\\/uploads\\\/2022\\\/10\\\/Serox-Instant-Result-Serum.jpg\",\"width\":1200,\"height\":1200,\"caption\":\"Serum Antiarrugas Serox con Argireline, Ameliox y Polylift\"},{\"@type\":\"BreadcrumbList\",\"@id\":\"https:\\\/\\\/www.lraloeverashop.eu\\\/es\\\/producto\\\/serum-antiarrugas-serox\\\/#breadcrumb\",\"itemListElement\":[{\"@type\":\"ListItem\",\"position\":1,\"name\":\"Home\",\"item\":\"https:\\\/\\\/www.lraloeverashop.eu\\\/es\\\/\"},{\"@type\":\"ListItem\",\"position\":2,\"name\":\"Tienda\",\"item\":\"https:\\\/\\\/www.lraloeverashop.eu\\\/es\\\/tienda\\\/\"},{\"@type\":\"ListItem\",\"position\":3,\"name\":\"Serum Antiarrugas Serox\"}]},{\"@type\":\"WebSite\",\"@id\":\"https:\\\/\\\/www.lraloeverashop.eu\\\/es\\\/#website\",\"url\":\"https:\\\/\\\/www.lraloeverashop.eu\\\/es\\\/\",\"name\":\"Lr Tienda Aloe Vera\",\"description\":\"High Quality Lr Aloe Vera Gel, Aloe Vera Cream and Shampoo\",\"publisher\":{\"@id\":\"https:\\\/\\\/www.lraloeverashop.eu\\\/es\\\/#organization\"},\"potentialAction\":[{\"@type\":\"SearchAction\",\"target\":{\"@type\":\"EntryPoint\",\"urlTemplate\":\"https:\\\/\\\/www.lraloeverashop.eu\\\/es\\\/?s={search_term_string}\"},\"query-input\":{\"@type\":\"PropertyValueSpecification\",\"valueRequired\":true,\"valueName\":\"search_term_string\"}}],\"inLanguage\":\"es\"},{\"@type\":\"Organization\",\"@id\":\"https:\\\/\\\/www.lraloeverashop.eu\\\/es\\\/#organization\",\"name\":\"Lr Tienda Aloe Vera\",\"alternateName\":\"LR\",\"url\":\"https:\\\/\\\/www.lraloeverashop.eu\\\/es\\\/\",\"logo\":{\"@type\":\"ImageObject\",\"inLanguage\":\"es\",\"@id\":\"https:\\\/\\\/www.lraloeverashop.eu\\\/es\\\/#\\\/schema\\\/logo\\\/image\\\/\",\"url\":\"https:\\\/\\\/www.lraloeverashop.eu\\\/wp-content\\\/uploads\\\/2022\\\/09\\\/cropped-Lr-Aloe-Vera-Shop.jpg\",\"contentUrl\":\"https:\\\/\\\/www.lraloeverashop.eu\\\/wp-content\\\/uploads\\\/2022\\\/09\\\/cropped-Lr-Aloe-Vera-Shop.jpg\",\"width\":228,\"height\":76,\"caption\":\"Lr Tienda Aloe Vera\"},\"image\":{\"@id\":\"https:\\\/\\\/www.lraloeverashop.eu\\\/es\\\/#\\\/schema\\\/logo\\\/image\\\/\"},\"sameAs\":[\"https:\\\/\\\/www.facebook.com\\\/lraloeverashop.eu\",\"https:\\\/\\\/x.com\\\/natur__kosmetik\",\"https:\\\/\\\/www.youtube.com\\\/channel\\\/UC5oN7BJ8nfYb8RpVtjwDEBA\",\"https:\\\/\\\/www.instagram.com\\\/lrbeautyeu\\\/\"],\"description\":\"La tienda Lr Aloe Vera es tu destino de confianza para productos premium de salud y belleza LR, fabricados en Alemania. Ofrecemos soluciones de alta calidad para el cuidado de la piel, nutrici\u00f3n y antienvejecimiento con Aloe Vera, elaboradas con ingredientes puros y respaldadas por investigaci\u00f3n cient\u00edfica. Descubre un cuidado natural que regenera, protege y revitaliza tu piel, y disfruta de ofertas mensuales exclusivas en nuestros productos LR Aloe Vera m\u00e1s vendidos.\\n\\nComienza hoy mismo tu camino hacia el cuidado natural de la piel y siente la diferencia.\",\"email\":\"info@lraloeverashop.eu\",\"telephone\":\"+49 17670609653\",\"legalName\":\"Lr Aloe Vera Shop\",\"foundingDate\":\"2018-04-21\",\"numberOfEmployees\":{\"@type\":\"QuantitativeValue\",\"minValue\":\"1\",\"maxValue\":\"10\"}}]}<\/script>\n<meta property=\"product:price:amount\" content=\"85.99\" \/>\n<meta property=\"product:price:currency\" content=\"EUR\" \/>\n<meta property=\"og:availability\" content=\"instock\" \/>\n<meta property=\"product:availability\" content=\"instock\" \/>\n<meta property=\"product:retailer_item_id\" content=\"28251-1ES\" \/>\n<meta property=\"product:condition\" content=\"new\" \/>\n<!-- \/ Yoast SEO Premium plugin. -->","yoast_head_json":{"title":"Serum Antiarrugas Serox reduce la apariencia de arrugas y l\u00edneas","description":"Serum Antiarrugas Serox con un efecto hidratante para una piel m\u00e1s suave y uniforme. Con ingredientes de alta calidad: Argireline\u00ae, Ameliox\u00ae y Polylift\u00ae","robots":{"index":"index","follow":"follow","max-snippet":"max-snippet:-1","max-image-preview":"max-image-preview:large","max-video-preview":"max-video-preview:-1"},"canonical":"https:\/\/www.lraloeverashop.eu\/es\/producto\/serum-antiarrugas-serox\/","og_locale":"es_ES","og_type":"article","og_title":"Serum Antiarrugas Serox","og_description":"Serum Antiarrugas Serox con un efecto hidratante para una piel m\u00e1s suave y uniforme. Con ingredientes de alta calidad: Argireline\u00ae, Ameliox\u00ae y Polylift\u00ae","og_url":"https:\/\/www.lraloeverashop.eu\/es\/producto\/serum-antiarrugas-serox\/","og_site_name":"Lr Tienda Aloe Vera","article_publisher":"https:\/\/www.facebook.com\/lraloeverashop.eu","article_modified_time":"2026-02-09T03:43:59+00:00","og_image":[{"width":1200,"height":1200,"url":"https:\/\/www.lraloeverashop.eu\/wp-content\/uploads\/2022\/10\/Serox-Instant-Result-Serum.jpg","type":"image\/jpeg"}],"twitter_card":"summary_large_image","twitter_site":"@natur__kosmetik","schema":{"@context":"https:\/\/schema.org","@graph":[{"@type":["WebPage","ItemPage"],"@id":"https:\/\/www.lraloeverashop.eu\/es\/producto\/serum-antiarrugas-serox\/","url":"https:\/\/www.lraloeverashop.eu\/es\/producto\/serum-antiarrugas-serox\/","name":"Serum Antiarrugas Serox reduce la apariencia de arrugas y l\u00edneas","isPartOf":{"@id":"https:\/\/www.lraloeverashop.eu\/es\/#website"},"primaryImageOfPage":{"@id":"https:\/\/www.lraloeverashop.eu\/es\/producto\/serum-antiarrugas-serox\/#primaryimage"},"image":{"@id":"https:\/\/www.lraloeverashop.eu\/es\/producto\/serum-antiarrugas-serox\/#primaryimage"},"thumbnailUrl":"https:\/\/www.lraloeverashop.eu\/wp-content\/uploads\/2022\/10\/Serox-Instant-Result-Serum.jpg","datePublished":"2022-10-20T02:38:20+00:00","dateModified":"2026-02-09T03:43:59+00:00","description":"Serum Antiarrugas Serox con un efecto hidratante para una piel m\u00e1s suave y uniforme. Con ingredientes de alta calidad: Argireline\u00ae, Ameliox\u00ae y Polylift\u00ae","breadcrumb":{"@id":"https:\/\/www.lraloeverashop.eu\/es\/producto\/serum-antiarrugas-serox\/#breadcrumb"},"inLanguage":"es","potentialAction":[{"@type":"ReadAction","target":["https:\/\/www.lraloeverashop.eu\/es\/producto\/serum-antiarrugas-serox\/"]}]},{"@type":"ImageObject","inLanguage":"es","@id":"https:\/\/www.lraloeverashop.eu\/es\/producto\/serum-antiarrugas-serox\/#primaryimage","url":"https:\/\/www.lraloeverashop.eu\/wp-content\/uploads\/2022\/10\/Serox-Instant-Result-Serum.jpg","contentUrl":"https:\/\/www.lraloeverashop.eu\/wp-content\/uploads\/2022\/10\/Serox-Instant-Result-Serum.jpg","width":1200,"height":1200,"caption":"Serum Antiarrugas Serox con Argireline, Ameliox y Polylift"},{"@type":"BreadcrumbList","@id":"https:\/\/www.lraloeverashop.eu\/es\/producto\/serum-antiarrugas-serox\/#breadcrumb","itemListElement":[{"@type":"ListItem","position":1,"name":"Home","item":"https:\/\/www.lraloeverashop.eu\/es\/"},{"@type":"ListItem","position":2,"name":"Tienda","item":"https:\/\/www.lraloeverashop.eu\/es\/tienda\/"},{"@type":"ListItem","position":3,"name":"Serum Antiarrugas Serox"}]},{"@type":"WebSite","@id":"https:\/\/www.lraloeverashop.eu\/es\/#website","url":"https:\/\/www.lraloeverashop.eu\/es\/","name":"Lr Tienda Aloe Vera","description":"High Quality Lr Aloe Vera Gel, Aloe Vera Cream and Shampoo","publisher":{"@id":"https:\/\/www.lraloeverashop.eu\/es\/#organization"},"potentialAction":[{"@type":"SearchAction","target":{"@type":"EntryPoint","urlTemplate":"https:\/\/www.lraloeverashop.eu\/es\/?s={search_term_string}"},"query-input":{"@type":"PropertyValueSpecification","valueRequired":true,"valueName":"search_term_string"}}],"inLanguage":"es"},{"@type":"Organization","@id":"https:\/\/www.lraloeverashop.eu\/es\/#organization","name":"Lr Tienda Aloe Vera","alternateName":"LR","url":"https:\/\/www.lraloeverashop.eu\/es\/","logo":{"@type":"ImageObject","inLanguage":"es","@id":"https:\/\/www.lraloeverashop.eu\/es\/#\/schema\/logo\/image\/","url":"https:\/\/www.lraloeverashop.eu\/wp-content\/uploads\/2022\/09\/cropped-Lr-Aloe-Vera-Shop.jpg","contentUrl":"https:\/\/www.lraloeverashop.eu\/wp-content\/uploads\/2022\/09\/cropped-Lr-Aloe-Vera-Shop.jpg","width":228,"height":76,"caption":"Lr Tienda Aloe Vera"},"image":{"@id":"https:\/\/www.lraloeverashop.eu\/es\/#\/schema\/logo\/image\/"},"sameAs":["https:\/\/www.facebook.com\/lraloeverashop.eu","https:\/\/x.com\/natur__kosmetik","https:\/\/www.youtube.com\/channel\/UC5oN7BJ8nfYb8RpVtjwDEBA","https:\/\/www.instagram.com\/lrbeautyeu\/"],"description":"La tienda Lr Aloe Vera es tu destino de confianza para productos premium de salud y belleza LR, fabricados en Alemania. Ofrecemos soluciones de alta calidad para el cuidado de la piel, nutrici\u00f3n y antienvejecimiento con Aloe Vera, elaboradas con ingredientes puros y respaldadas por investigaci\u00f3n cient\u00edfica. Descubre un cuidado natural que regenera, protege y revitaliza tu piel, y disfruta de ofertas mensuales exclusivas en nuestros productos LR Aloe Vera m\u00e1s vendidos.\n\nComienza hoy mismo tu camino hacia el cuidado natural de la piel y siente la diferencia.","email":"info@lraloeverashop.eu","telephone":"+49 17670609653","legalName":"Lr Aloe Vera Shop","foundingDate":"2018-04-21","numberOfEmployees":{"@type":"QuantitativeValue","minValue":"1","maxValue":"10"}}]},"product_price_amount":"85.99","product_price_currency":"EUR","og_availability":"instock","product_availability":"instock","product_retailer_item_id":"28251-1ES","product_condition":"new"},"taxonomy_info":{"product_cat":[{"value":271,"label":"Cuidado antiedad"},{"value":283,"label":"Mujeres mayores de 40"},{"value":332,"label":"Productos Antiedad"},{"value":391,"label":"Serox"}],"product_tag":[{"value":708,"label":"para las arrugas en la cara"}]},"featured_image_src_large":["https:\/\/www.lraloeverashop.eu\/wp-content\/uploads\/2022\/10\/Serox-Instant-Result-Serum-1024x1024.jpg",1024,1024,true],"author_info":[],"comment_info":0,"_links":{"self":[{"href":"https:\/\/www.lraloeverashop.eu\/es\/wp-json\/wp\/v2\/product\/8878","targetHints":{"allow":["GET"]}}],"collection":[{"href":"https:\/\/www.lraloeverashop.eu\/es\/wp-json\/wp\/v2\/product"}],"about":[{"href":"https:\/\/www.lraloeverashop.eu\/es\/wp-json\/wp\/v2\/types\/product"}],"replies":[{"embeddable":true,"href":"https:\/\/www.lraloeverashop.eu\/es\/wp-json\/wp\/v2\/comments?post=8878"}],"wp:featuredmedia":[{"embeddable":true,"href":"https:\/\/www.lraloeverashop.eu\/es\/wp-json\/wp\/v2\/media\/5855"}],"wp:attachment":[{"href":"https:\/\/www.lraloeverashop.eu\/es\/wp-json\/wp\/v2\/media?parent=8878"}],"wp:term":[{"taxonomy":"product_brand","embeddable":true,"href":"https:\/\/www.lraloeverashop.eu\/es\/wp-json\/wp\/v2\/product_brand?post=8878"},{"taxonomy":"product_cat","embeddable":true,"href":"https:\/\/www.lraloeverashop.eu\/es\/wp-json\/wp\/v2\/product_cat?post=8878"},{"taxonomy":"product_tag","embeddable":true,"href":"https:\/\/www.lraloeverashop.eu\/es\/wp-json\/wp\/v2\/product_tag?post=8878"}],"curies":[{"name":"wp","href":"https:\/\/api.w.org\/{rel}","templated":true}]}}