{"id":8858,"date":"2022-10-20T04:56:24","date_gmt":"2022-10-20T02:56:24","guid":{"rendered":"https:\/\/www.lraloeverashop.eu\/product\/parches-ojos-antiarrugas-serox\/"},"modified":"2025-03-29T19:42:14","modified_gmt":"2025-03-29T18:42:14","slug":"parches-ojos-antiarrugas-serox","status":"publish","type":"product","link":"https:\/\/www.lraloeverashop.eu\/es\/producto\/parches-ojos-antiarrugas-serox\/","title":{"rendered":"Parches Ojos Antiarrugas Serox"},"content":{"rendered":"<h2><span style=\"font-size: 16pt;\"><strong>Parches Ojos Antiarrugas Serox<\/strong><\/span><\/h2>\n<p><span style=\"font-size: 14pt;\"><strong>Parches Ojos Antiarrugas Serox &#8211; cuidado intensivo, igual a la calidad de un centro de est\u00e9tica<\/strong><\/span><\/p>\n<p>Las Parches Ojos Antiarrugas Serox son un innovador producto antiedad para el cuidado de los ojos. Las mol\u00e9culas de col\u00e1geno ayudan a la piel a retener la hidrataci\u00f3n y los p\u00e9ptidos propios de la piel estimulan la regeneraci\u00f3n. Por lo que reduce las arrugas de sequedad y combate la formaci\u00f3n de l\u00edneas de expresi\u00f3n. Las Parches Ojos est\u00e1n hechas de col\u00e1geno puro liofilizado y se humedecen con el l\u00edquido de activaci\u00f3n. Contiene una soluci\u00f3n activa de Argireline\u00ae, Gatuline Expression\u00ae y \u00e1cido hialur\u00f3nico.<\/p>\n<p>Coloque parches suavemente en los ojos por la noche frente al televisor o cuando hable por tel\u00e9fono, y d\u00e9se un cuidado intensivo, igual a la calidad de un centro est\u00e9tico.<br \/>\nEl embalaje contiene 4 x 2 Almohadillas<\/p>\n<p>Las Parches Ojos Antiarrugas Serox est\u00e1n hechas de col\u00e1geno liofilizado y desarrollan su efecto en conjunto con el fluido de activaci\u00f3n. La aplicaci\u00f3n es ideal en combinaci\u00f3n con el Serox Instant Result Serum.<\/p>\n<p>&nbsp;<\/p>\n<h3><span style=\"font-size: 16pt;\"><strong>C\u00f3mo utilizar<\/strong><\/span><\/h3>\n<p>Presione el l\u00edquido en la c\u00e1mara de la almohadilla y \u00e1bralo cuando las almohadillas est\u00e9n completamente mojadas. Coloque las almohadillas con el lado liso sobre la piel y d\u00e9jelas por 15 min. Actuar. La piel se cuida despu\u00e9s de la Aplicaci\u00f3n mantenida y refrescada. Repita esa aplicaci\u00f3n semanalmente.<\/p>\n<p><img loading=\"lazy\" decoding=\"async\" class=\"aligncenter size-full wp-image-3088\" src=\"https:\/\/www.lraloeverashop.eu\/wp-content\/uploads\/2022\/10\/How-to-use-serox-eye-pads.jpg\" alt=\"How to use serox eye pads\" width=\"966\" height=\"463\" srcset=\"https:\/\/www.lraloeverashop.eu\/wp-content\/uploads\/2022\/10\/How-to-use-serox-eye-pads.jpg 966w, https:\/\/www.lraloeverashop.eu\/wp-content\/uploads\/2022\/10\/How-to-use-serox-eye-pads-600x288.jpg 600w, https:\/\/www.lraloeverashop.eu\/wp-content\/uploads\/2022\/10\/How-to-use-serox-eye-pads-300x144.jpg 300w, https:\/\/www.lraloeverashop.eu\/wp-content\/uploads\/2022\/10\/How-to-use-serox-eye-pads-768x368.jpg 768w\" sizes=\"auto, (max-width: 966px) 100vw, 966px\" \/><\/p>\n<p>&nbsp;<\/p>\n<h4><span style=\"font-size: 16pt;\"><strong>\u00bfC\u00f3mo funcionan los Parches Ojos Antiarrugas?<\/strong><\/span><\/h4>\n<p>1. Los parches est\u00e1n hechos b\u00e1sicamente de Col\u00e1geno puro liofilizado. Cuando se activan, ofrecen una hidrataci\u00f3n concentrada en el contorno de los ojos.<br \/>\n2. La hidrataci\u00f3n intensiva y los ingredientes innovadores reducen la profundidad de las arrugas y suavizan el aspecto de la piel.<br \/>\n3. La soluci\u00f3n activadora, con sus ingredientes activos especializados, da soporte a la piel.<\/p>\n","protected":false},"excerpt":{"rendered":"<ul>\n<li>4 x 2 parches para los ojos profesionales en calidad de estudio de belleza<\/li>\n<li>Hecho de col\u00e1geno liofilizado.<\/li>\n<li>Con soluci\u00f3n activa de Argireline\u00ae, Gatuline Expression\u00ae y \u00e1cido hialur\u00f3nico<\/li>\n<li>Hace que las l\u00edneas faciales de 35 a\u00f1os parezcan m\u00e1s suaves<\/li>\n<li>Como cuidado intensivo para la zona de las arrugas de los ojos una vez por semana<\/li>\n<li>Producto hecho en Alemania<\/li>\n<\/ul>\n<p>&nbsp;<\/p>\n","protected":false},"featured_media":5849,"comment_status":"open","ping_status":"closed","template":"","meta":{"_kad_blocks_custom_css":"","_kad_blocks_head_custom_js":"","_kad_blocks_body_custom_js":"","_kad_blocks_footer_custom_js":"","_kadence_starter_templates_imported_post":false,"_kad_post_transparent":"default","_kad_post_title":"","_kad_post_layout":"default","_kad_post_sidebar_id":"","_kad_post_content_style":"default","_kad_post_vertical_padding":"default","_kad_post_feature":"","_kad_post_feature_position":"","_kad_post_header":false,"_kad_post_footer":false,"_kad_post_classname":""},"product_brand":[],"product_cat":[271,283,332,391],"product_tag":[709],"class_list":{"0":"post-8858","1":"product","2":"type-product","3":"status-publish","4":"has-post-thumbnail","6":"product_cat-cuidado-antiedad","7":"product_cat-mujeres-mayores-de-40","8":"product_cat-productos-antiedad","9":"product_cat-serox-es","10":"product_tag-para-las-arrugas-debajo-de-los-ojos","12":"first","13":"outofstock","14":"taxable","15":"shipping-taxable","16":"purchasable","17":"product-type-simple","18":"entry","19":"content-bg","20":"loop-entry"},"yoast_head":"<!-- This site is optimized with the Yoast SEO Premium plugin v27.4 (Yoast SEO v27.4) - https:\/\/yoast.com\/product\/yoast-seo-premium-wordpress\/ -->\n<title>Parches Ojos Antiarrugas Serox - Lr Tienda Aloe Vera<\/title>\n<meta name=\"robots\" content=\"index, follow, max-snippet:-1, max-image-preview:large, max-video-preview:-1\" \/>\n<link rel=\"canonical\" href=\"https:\/\/www.lraloeverashop.eu\/es\/producto\/parches-ojos-antiarrugas-serox\/\" \/>\n<meta property=\"og:locale\" content=\"es_ES\" \/>\n<meta property=\"og:type\" content=\"article\" \/>\n<meta property=\"og:title\" content=\"Parches Ojos Antiarrugas Serox\" \/>\n<meta property=\"og:description\" content=\"4 x 2 parches para los ojos profesionales en calidad de estudio de belleza  Hecho de col\u00e1geno liofilizado.  Con soluci\u00f3n activa de Argireline\u00ae, Gatuline Expression\u00ae y \u00e1cido hialur\u00f3nico  Hace que las l\u00edneas faciales de 35 a\u00f1os parezcan m\u00e1s suaves  Como cuidado intensivo para la zona de las arrugas de los ojos una vez por semana  Producto hecho en Alemania  &nbsp;\" \/>\n<meta property=\"og:url\" content=\"https:\/\/www.lraloeverashop.eu\/es\/producto\/parches-ojos-antiarrugas-serox\/\" \/>\n<meta property=\"og:site_name\" content=\"Lr Tienda Aloe Vera\" \/>\n<meta property=\"article:publisher\" content=\"https:\/\/www.facebook.com\/lraloeverashop.eu\" \/>\n<meta property=\"article:modified_time\" content=\"2025-03-29T18:42:14+00:00\" \/>\n<meta property=\"og:image\" content=\"https:\/\/www.lraloeverashop.eu\/wp-content\/uploads\/2022\/10\/Serox-Eye-Pads.jpg\" \/>\n\t<meta property=\"og:image:width\" content=\"1200\" \/>\n\t<meta property=\"og:image:height\" content=\"1200\" \/>\n\t<meta property=\"og:image:type\" content=\"image\/jpeg\" \/>\n<meta name=\"twitter:card\" content=\"summary_large_image\" \/>\n<meta name=\"twitter:site\" content=\"@natur__kosmetik\" \/>\n<script type=\"application\/ld+json\" class=\"yoast-schema-graph\">{\"@context\":\"https:\\\/\\\/schema.org\",\"@graph\":[{\"@type\":[\"WebPage\",\"ItemPage\"],\"@id\":\"https:\\\/\\\/www.lraloeverashop.eu\\\/es\\\/producto\\\/parches-ojos-antiarrugas-serox\\\/\",\"url\":\"https:\\\/\\\/www.lraloeverashop.eu\\\/es\\\/producto\\\/parches-ojos-antiarrugas-serox\\\/\",\"name\":\"Parches Ojos Antiarrugas Serox - Lr Tienda Aloe Vera\",\"isPartOf\":{\"@id\":\"https:\\\/\\\/www.lraloeverashop.eu\\\/es\\\/#website\"},\"primaryImageOfPage\":{\"@id\":\"https:\\\/\\\/www.lraloeverashop.eu\\\/es\\\/producto\\\/parches-ojos-antiarrugas-serox\\\/#primaryimage\"},\"image\":{\"@id\":\"https:\\\/\\\/www.lraloeverashop.eu\\\/es\\\/producto\\\/parches-ojos-antiarrugas-serox\\\/#primaryimage\"},\"thumbnailUrl\":\"https:\\\/\\\/www.lraloeverashop.eu\\\/wp-content\\\/uploads\\\/2022\\\/10\\\/Serox-Eye-Pads.jpg\",\"datePublished\":\"2022-10-20T02:56:24+00:00\",\"dateModified\":\"2025-03-29T18:42:14+00:00\",\"breadcrumb\":{\"@id\":\"https:\\\/\\\/www.lraloeverashop.eu\\\/es\\\/producto\\\/parches-ojos-antiarrugas-serox\\\/#breadcrumb\"},\"inLanguage\":\"es\",\"potentialAction\":[{\"@type\":\"ReadAction\",\"target\":[\"https:\\\/\\\/www.lraloeverashop.eu\\\/es\\\/producto\\\/parches-ojos-antiarrugas-serox\\\/\"]}]},{\"@type\":\"ImageObject\",\"inLanguage\":\"es\",\"@id\":\"https:\\\/\\\/www.lraloeverashop.eu\\\/es\\\/producto\\\/parches-ojos-antiarrugas-serox\\\/#primaryimage\",\"url\":\"https:\\\/\\\/www.lraloeverashop.eu\\\/wp-content\\\/uploads\\\/2022\\\/10\\\/Serox-Eye-Pads.jpg\",\"contentUrl\":\"https:\\\/\\\/www.lraloeverashop.eu\\\/wp-content\\\/uploads\\\/2022\\\/10\\\/Serox-Eye-Pads.jpg\",\"width\":1200,\"height\":1200,\"caption\":\"Almohadillas oculares antiedad serox\"},{\"@type\":\"BreadcrumbList\",\"@id\":\"https:\\\/\\\/www.lraloeverashop.eu\\\/es\\\/producto\\\/parches-ojos-antiarrugas-serox\\\/#breadcrumb\",\"itemListElement\":[{\"@type\":\"ListItem\",\"position\":1,\"name\":\"Home\",\"item\":\"https:\\\/\\\/www.lraloeverashop.eu\\\/es\\\/\"},{\"@type\":\"ListItem\",\"position\":2,\"name\":\"Tienda\",\"item\":\"https:\\\/\\\/www.lraloeverashop.eu\\\/es\\\/tienda\\\/\"},{\"@type\":\"ListItem\",\"position\":3,\"name\":\"Parches Ojos Antiarrugas Serox\"}]},{\"@type\":\"WebSite\",\"@id\":\"https:\\\/\\\/www.lraloeverashop.eu\\\/es\\\/#website\",\"url\":\"https:\\\/\\\/www.lraloeverashop.eu\\\/es\\\/\",\"name\":\"Lr Tienda Aloe Vera\",\"description\":\"High Quality Lr Aloe Vera Gel, Aloe Vera Cream and Shampoo\",\"publisher\":{\"@id\":\"https:\\\/\\\/www.lraloeverashop.eu\\\/es\\\/#organization\"},\"potentialAction\":[{\"@type\":\"SearchAction\",\"target\":{\"@type\":\"EntryPoint\",\"urlTemplate\":\"https:\\\/\\\/www.lraloeverashop.eu\\\/es\\\/?s={search_term_string}\"},\"query-input\":{\"@type\":\"PropertyValueSpecification\",\"valueRequired\":true,\"valueName\":\"search_term_string\"}}],\"inLanguage\":\"es\"},{\"@type\":\"Organization\",\"@id\":\"https:\\\/\\\/www.lraloeverashop.eu\\\/es\\\/#organization\",\"name\":\"Lr Tienda Aloe Vera\",\"alternateName\":\"LR\",\"url\":\"https:\\\/\\\/www.lraloeverashop.eu\\\/es\\\/\",\"logo\":{\"@type\":\"ImageObject\",\"inLanguage\":\"es\",\"@id\":\"https:\\\/\\\/www.lraloeverashop.eu\\\/es\\\/#\\\/schema\\\/logo\\\/image\\\/\",\"url\":\"https:\\\/\\\/www.lraloeverashop.eu\\\/wp-content\\\/uploads\\\/2022\\\/09\\\/cropped-Lr-Aloe-Vera-Shop.jpg\",\"contentUrl\":\"https:\\\/\\\/www.lraloeverashop.eu\\\/wp-content\\\/uploads\\\/2022\\\/09\\\/cropped-Lr-Aloe-Vera-Shop.jpg\",\"width\":228,\"height\":76,\"caption\":\"Lr Tienda Aloe Vera\"},\"image\":{\"@id\":\"https:\\\/\\\/www.lraloeverashop.eu\\\/es\\\/#\\\/schema\\\/logo\\\/image\\\/\"},\"sameAs\":[\"https:\\\/\\\/www.facebook.com\\\/lraloeverashop.eu\",\"https:\\\/\\\/x.com\\\/natur__kosmetik\",\"https:\\\/\\\/www.youtube.com\\\/channel\\\/UC5oN7BJ8nfYb8RpVtjwDEBA\",\"https:\\\/\\\/www.instagram.com\\\/lrbeautyeu\\\/\"],\"description\":\"La tienda Lr Aloe Vera es tu destino de confianza para productos premium de salud y belleza LR, fabricados en Alemania. Ofrecemos soluciones de alta calidad para el cuidado de la piel, nutrici\u00f3n y antienvejecimiento con Aloe Vera, elaboradas con ingredientes puros y respaldadas por investigaci\u00f3n cient\u00edfica. Descubre un cuidado natural que regenera, protege y revitaliza tu piel, y disfruta de ofertas mensuales exclusivas en nuestros productos LR Aloe Vera m\u00e1s vendidos.\\n\\nComienza hoy mismo tu camino hacia el cuidado natural de la piel y siente la diferencia.\",\"email\":\"info@lraloeverashop.eu\",\"telephone\":\"+49 17670609653\",\"legalName\":\"Lr Aloe Vera Shop\",\"foundingDate\":\"2018-04-21\",\"numberOfEmployees\":{\"@type\":\"QuantitativeValue\",\"minValue\":\"1\",\"maxValue\":\"10\"}}]}<\/script>\n<meta property=\"product:price:amount\" content=\"45.49\" \/>\n<meta property=\"product:price:currency\" content=\"EUR\" \/>\n<meta property=\"og:availability\" content=\"out of stock\" \/>\n<meta property=\"product:availability\" content=\"out of stock\" \/>\n<meta property=\"product:retailer_item_id\" content=\"28235ES\" \/>\n<meta property=\"product:condition\" content=\"new\" \/>\n<!-- \/ Yoast SEO Premium plugin. -->","yoast_head_json":{"title":"Parches Ojos Antiarrugas Serox - Lr Tienda Aloe Vera","robots":{"index":"index","follow":"follow","max-snippet":"max-snippet:-1","max-image-preview":"max-image-preview:large","max-video-preview":"max-video-preview:-1"},"canonical":"https:\/\/www.lraloeverashop.eu\/es\/producto\/parches-ojos-antiarrugas-serox\/","og_locale":"es_ES","og_type":"article","og_title":"Parches Ojos Antiarrugas Serox","og_description":"4 x 2 parches para los ojos profesionales en calidad de estudio de belleza  Hecho de col\u00e1geno liofilizado.  Con soluci\u00f3n activa de Argireline\u00ae, Gatuline Expression\u00ae y \u00e1cido hialur\u00f3nico  Hace que las l\u00edneas faciales de 35 a\u00f1os parezcan m\u00e1s suaves  Como cuidado intensivo para la zona de las arrugas de los ojos una vez por semana  Producto hecho en Alemania  &nbsp;","og_url":"https:\/\/www.lraloeverashop.eu\/es\/producto\/parches-ojos-antiarrugas-serox\/","og_site_name":"Lr Tienda Aloe Vera","article_publisher":"https:\/\/www.facebook.com\/lraloeverashop.eu","article_modified_time":"2025-03-29T18:42:14+00:00","og_image":[{"width":1200,"height":1200,"url":"https:\/\/www.lraloeverashop.eu\/wp-content\/uploads\/2022\/10\/Serox-Eye-Pads.jpg","type":"image\/jpeg"}],"twitter_card":"summary_large_image","twitter_site":"@natur__kosmetik","schema":{"@context":"https:\/\/schema.org","@graph":[{"@type":["WebPage","ItemPage"],"@id":"https:\/\/www.lraloeverashop.eu\/es\/producto\/parches-ojos-antiarrugas-serox\/","url":"https:\/\/www.lraloeverashop.eu\/es\/producto\/parches-ojos-antiarrugas-serox\/","name":"Parches Ojos Antiarrugas Serox - Lr Tienda Aloe Vera","isPartOf":{"@id":"https:\/\/www.lraloeverashop.eu\/es\/#website"},"primaryImageOfPage":{"@id":"https:\/\/www.lraloeverashop.eu\/es\/producto\/parches-ojos-antiarrugas-serox\/#primaryimage"},"image":{"@id":"https:\/\/www.lraloeverashop.eu\/es\/producto\/parches-ojos-antiarrugas-serox\/#primaryimage"},"thumbnailUrl":"https:\/\/www.lraloeverashop.eu\/wp-content\/uploads\/2022\/10\/Serox-Eye-Pads.jpg","datePublished":"2022-10-20T02:56:24+00:00","dateModified":"2025-03-29T18:42:14+00:00","breadcrumb":{"@id":"https:\/\/www.lraloeverashop.eu\/es\/producto\/parches-ojos-antiarrugas-serox\/#breadcrumb"},"inLanguage":"es","potentialAction":[{"@type":"ReadAction","target":["https:\/\/www.lraloeverashop.eu\/es\/producto\/parches-ojos-antiarrugas-serox\/"]}]},{"@type":"ImageObject","inLanguage":"es","@id":"https:\/\/www.lraloeverashop.eu\/es\/producto\/parches-ojos-antiarrugas-serox\/#primaryimage","url":"https:\/\/www.lraloeverashop.eu\/wp-content\/uploads\/2022\/10\/Serox-Eye-Pads.jpg","contentUrl":"https:\/\/www.lraloeverashop.eu\/wp-content\/uploads\/2022\/10\/Serox-Eye-Pads.jpg","width":1200,"height":1200,"caption":"Almohadillas oculares antiedad serox"},{"@type":"BreadcrumbList","@id":"https:\/\/www.lraloeverashop.eu\/es\/producto\/parches-ojos-antiarrugas-serox\/#breadcrumb","itemListElement":[{"@type":"ListItem","position":1,"name":"Home","item":"https:\/\/www.lraloeverashop.eu\/es\/"},{"@type":"ListItem","position":2,"name":"Tienda","item":"https:\/\/www.lraloeverashop.eu\/es\/tienda\/"},{"@type":"ListItem","position":3,"name":"Parches Ojos Antiarrugas Serox"}]},{"@type":"WebSite","@id":"https:\/\/www.lraloeverashop.eu\/es\/#website","url":"https:\/\/www.lraloeverashop.eu\/es\/","name":"Lr Tienda Aloe Vera","description":"High Quality Lr Aloe Vera Gel, Aloe Vera Cream and Shampoo","publisher":{"@id":"https:\/\/www.lraloeverashop.eu\/es\/#organization"},"potentialAction":[{"@type":"SearchAction","target":{"@type":"EntryPoint","urlTemplate":"https:\/\/www.lraloeverashop.eu\/es\/?s={search_term_string}"},"query-input":{"@type":"PropertyValueSpecification","valueRequired":true,"valueName":"search_term_string"}}],"inLanguage":"es"},{"@type":"Organization","@id":"https:\/\/www.lraloeverashop.eu\/es\/#organization","name":"Lr Tienda Aloe Vera","alternateName":"LR","url":"https:\/\/www.lraloeverashop.eu\/es\/","logo":{"@type":"ImageObject","inLanguage":"es","@id":"https:\/\/www.lraloeverashop.eu\/es\/#\/schema\/logo\/image\/","url":"https:\/\/www.lraloeverashop.eu\/wp-content\/uploads\/2022\/09\/cropped-Lr-Aloe-Vera-Shop.jpg","contentUrl":"https:\/\/www.lraloeverashop.eu\/wp-content\/uploads\/2022\/09\/cropped-Lr-Aloe-Vera-Shop.jpg","width":228,"height":76,"caption":"Lr Tienda Aloe Vera"},"image":{"@id":"https:\/\/www.lraloeverashop.eu\/es\/#\/schema\/logo\/image\/"},"sameAs":["https:\/\/www.facebook.com\/lraloeverashop.eu","https:\/\/x.com\/natur__kosmetik","https:\/\/www.youtube.com\/channel\/UC5oN7BJ8nfYb8RpVtjwDEBA","https:\/\/www.instagram.com\/lrbeautyeu\/"],"description":"La tienda Lr Aloe Vera es tu destino de confianza para productos premium de salud y belleza LR, fabricados en Alemania. Ofrecemos soluciones de alta calidad para el cuidado de la piel, nutrici\u00f3n y antienvejecimiento con Aloe Vera, elaboradas con ingredientes puros y respaldadas por investigaci\u00f3n cient\u00edfica. Descubre un cuidado natural que regenera, protege y revitaliza tu piel, y disfruta de ofertas mensuales exclusivas en nuestros productos LR Aloe Vera m\u00e1s vendidos.\n\nComienza hoy mismo tu camino hacia el cuidado natural de la piel y siente la diferencia.","email":"info@lraloeverashop.eu","telephone":"+49 17670609653","legalName":"Lr Aloe Vera Shop","foundingDate":"2018-04-21","numberOfEmployees":{"@type":"QuantitativeValue","minValue":"1","maxValue":"10"}}]},"product_price_amount":"45.49","product_price_currency":"EUR","og_availability":"out of stock","product_availability":"out of stock","product_retailer_item_id":"28235ES","product_condition":"new"},"taxonomy_info":{"product_cat":[{"value":271,"label":"Cuidado antiedad"},{"value":283,"label":"Mujeres mayores de 40"},{"value":332,"label":"Productos Antiedad"},{"value":391,"label":"Serox"}],"product_tag":[{"value":709,"label":"para las arrugas debajo de los ojos"}]},"featured_image_src_large":["https:\/\/www.lraloeverashop.eu\/wp-content\/uploads\/2022\/10\/Serox-Eye-Pads-1024x1024.jpg",1024,1024,true],"author_info":[],"comment_info":0,"_links":{"self":[{"href":"https:\/\/www.lraloeverashop.eu\/es\/wp-json\/wp\/v2\/product\/8858","targetHints":{"allow":["GET"]}}],"collection":[{"href":"https:\/\/www.lraloeverashop.eu\/es\/wp-json\/wp\/v2\/product"}],"about":[{"href":"https:\/\/www.lraloeverashop.eu\/es\/wp-json\/wp\/v2\/types\/product"}],"replies":[{"embeddable":true,"href":"https:\/\/www.lraloeverashop.eu\/es\/wp-json\/wp\/v2\/comments?post=8858"}],"wp:featuredmedia":[{"embeddable":true,"href":"https:\/\/www.lraloeverashop.eu\/es\/wp-json\/wp\/v2\/media\/5849"}],"wp:attachment":[{"href":"https:\/\/www.lraloeverashop.eu\/es\/wp-json\/wp\/v2\/media?parent=8858"}],"wp:term":[{"taxonomy":"product_brand","embeddable":true,"href":"https:\/\/www.lraloeverashop.eu\/es\/wp-json\/wp\/v2\/product_brand?post=8858"},{"taxonomy":"product_cat","embeddable":true,"href":"https:\/\/www.lraloeverashop.eu\/es\/wp-json\/wp\/v2\/product_cat?post=8858"},{"taxonomy":"product_tag","embeddable":true,"href":"https:\/\/www.lraloeverashop.eu\/es\/wp-json\/wp\/v2\/product_tag?post=8858"}],"curies":[{"name":"wp","href":"https:\/\/api.w.org\/{rel}","templated":true}]}}