{"id":8848,"date":"2022-10-20T06:47:50","date_gmt":"2022-10-20T04:47:50","guid":{"rendered":"https:\/\/www.lraloeverashop.eu\/product\/aceite-facial-beauty-diamonds\/"},"modified":"2026-02-09T04:43:43","modified_gmt":"2026-02-09T03:43:43","slug":"aceite-facial-beauty-diamonds","status":"publish","type":"product","link":"https:\/\/www.lraloeverashop.eu\/es\/producto\/aceite-facial-beauty-diamonds\/","title":{"rendered":"Aceite Facial Beauty Diamonds"},"content":{"rendered":"<h2><span style=\"font-size: 16pt;\"><strong>Aceite Facial Beauty Diamonds<\/strong><\/span><\/h2>\n<p><span style=\"font-size: 14pt;\"><strong>Aceite Facial Beauty Diamonds &#8211; 3 en 1 Cuidado Facial Intensivo Anti-Edad<\/strong><\/span><\/p>\n<p>Para mujeres que quieren hacer algo realmente bueno para su piel facial seca. Pero incluso la piel madura y plagada de invierno necesita atenci\u00f3n. Consiga una piel suave y aterciopelada. \u00a1Ha llegado el momento del carisma juvenil!<\/p>\n<p>Debido a las influencias ambientales, nuestra piel est\u00e1 particularmente estresada. En los meses de invierno llega todav\u00eda fr\u00edo y se a\u00f1ade aire de calefacci\u00f3n. A menudo, la piel se siente d\u00e9bil y seca y la tez se ve p\u00e1lida. Debido a las influencias externas, la <a href=\"https:\/\/www.lraloeverashop.eu\/es\/producto\/cuidado-facial-mujer-intensivo\/\">piel pierde humedad<\/a> y las arrugas pueden desarrollarse m\u00e1s r\u00e1pido. Un cuidado de d\u00eda normal a menudo no es suficiente para mantener la piel flexible y prevenir las arrugas. Sobre todo, la piel madura necesita alg\u00fan apoyo para soportar las adversidades diarias. El Aceite Facial Beauty Diamonds es un cuidado facial antienvejecimiento intensivo y el compa\u00f1ero perfecto a tu lado.<\/p>\n<p>La innovadora combinaci\u00f3n de 6 valiosos aceites de origen natural y vitaminas seleccionadas, regenera la piel seca, quebradiza y d\u00e9bil y le da un brillo juvenil. Los aceites de acci\u00f3n profunda nutren intensamente la piel y previenen la p\u00e9rdida de humedad a trav\u00e9s de una barrera lip\u00eddica fortalecida. As\u00ed la piel se siente tersa, flexible y aterciopelada. Las vitaminas A, E y F en Aceite Facial Beauty Diamonds aportan nutrientes a la piel.<\/p>\n<p>Hacen que la piel luzca m\u00e1s joven y favorecen su regeneraci\u00f3n. La piel luce m\u00e1s tersa, firme y joven. Los ricos aceites utilizados para suavizar la aspereza de la <a href=\"https:\/\/www.lraloeverashop.eu\/es\/producto\/aloe-vera-crema-protectora-con-propoleo\/\">piel seca<\/a> y dar una tez radiante y uniforme juvenil, sin brillo.<\/p>\n<p><strong>Aceite Para la Cara te da tres grandes usos:<\/strong><\/p>\n<p><strong>Aceite antienvejecimiento<\/strong><br \/>\nEl cuidado b\u00e1sico ideal para una tez radiante. Justo despu\u00e9s de la limpieza, aplique de 3 a 5 gotas por la ma\u00f1ana o por la noche. Luego aplique el cuidado diario LR.<\/p>\n<p><strong>Impulso de aceite anti-edad<\/strong><br \/>\nUn rico cuidado-plus para una piel suave y flexible. Aplicar unas gotas de Aceite Facial Beauty Diamonds Para la Cara sobre la crema de d\u00eda o de noche en la mano, mezclar todo y aplicar en el rostro.<\/p>\n<p><strong>Mascarilla de aceite antiedad<\/strong><br \/>\nEl cuidado de regeneraci\u00f3n intensivo y rico para una piel suave y firme.<\/p>\n<p>&nbsp;<\/p>\n<h3><span style=\"font-size: 16pt;\"><strong>C\u00f3mo utilizar<\/strong><\/span><\/h3>\n<p>Distribuya unas 10 gotas de Aceite Facial Beauty Diamonds generosamente en la cara, el cuello y el escote. D\u00e9jelo actuar durante 10 minutos, luego masajee y luego retire la textura restante.<\/p>\n<p>Un maravilloso apoyo tambi\u00e9n en combinaci\u00f3n directa con el aceite es la <a href=\"https:\/\/www.lraloeverashop.eu\/es\/categoria-producto\/productos-antiedad\/beauty-diamonds-es\/\">crema de d\u00eda y de noche de Beauty Diamonds<\/a>.<\/p>\n<p>&nbsp;<\/p>\n<h4><span style=\"font-size: 16pt;\"><strong>\u00bfLo Sab\u00edas?<\/strong><\/span><\/h4>\n<p>Debido a sus maravillosas propiedades, los aceites son una parte indispensable de los cosm\u00e9ticos. Los diferentes aceites protegen nuestra piel, son nutritivos, brindan protecci\u00f3n de barrera y retienen la humedad. Combinado, esto da como resultado productos de cuidado equilibrados. En Aceite Facial Beauty Diamonds utilizamos aceite de almendras, <a href=\"https:\/\/www.lraloeverashop.eu\/es\/lr-aloe-vera-nutri-repair-mejor-cuidado-del-cabello-danado\/\">aceite de arg\u00e1n<\/a>, aceite de aguacate, aceite de semilla de uva, aceite de nuez de macadamia y aceite de jojoba.<\/p>\n","protected":false},"excerpt":{"rendered":"<ul>\n<li>Aceite facial a base de mezcla de aceite de almendras, arg\u00e1n, aguacate, semilla de uva, macadamia y jojoba.<\/li>\n<li>Nutre y regenera la piel con vitaminas A, E y F.<\/li>\n<li>Protege contra la p\u00e9rdida de humedad.<\/li>\n<li>El 95% de los evaluadores recomendar\u00eda el producto a su novia.<\/li>\n<li>Cantidad: 30ml<\/li>\n<\/ul>\n<p><span style=\"color: #ff0000;\"><a style=\"color: #ff0000;\" href=\"https:\/\/shop.lrworld.com\/openpao?PHP=0vFlt7jT938BEnBI3a6e9w%3D%3D\"><span style=\"font-size: 14pt;\"><strong>Reg\u00edstrate aqu\u00ed y ahorra 35% en cada compra<\/strong><\/span><\/a><\/span><\/p>\n","protected":false},"featured_media":5963,"comment_status":"open","ping_status":"closed","template":"","meta":{"_kad_blocks_custom_css":"","_kad_blocks_head_custom_js":"","_kad_blocks_body_custom_js":"","_kad_blocks_footer_custom_js":"","_kadence_starter_templates_imported_post":false,"_kad_post_transparent":"default","_kad_post_title":"","_kad_post_layout":"default","_kad_post_sidebar_id":"","_kad_post_content_style":"default","_kad_post_vertical_padding":"default","_kad_post_feature":"","_kad_post_feature_position":"","_kad_post_header":false,"_kad_post_footer":false,"_kad_post_classname":""},"product_brand":[],"product_cat":[367,271,283,332],"product_tag":[],"class_list":{"0":"post-8848","1":"product","2":"type-product","3":"status-publish","4":"has-post-thumbnail","6":"product_cat-beauty-diamonds-es","7":"product_cat-cuidado-antiedad","8":"product_cat-mujeres-mayores-de-40","9":"product_cat-productos-antiedad","11":"first","12":"instock","13":"taxable","14":"shipping-taxable","15":"purchasable","16":"product-type-simple","17":"entry","18":"content-bg","19":"loop-entry"},"yoast_head":"<!-- This site is optimized with the Yoast SEO Premium plugin v27.4 (Yoast SEO v27.4) - https:\/\/yoast.com\/product\/yoast-seo-premium-wordpress\/ -->\n<title>Aceite Facial Beauty Diamonds - 3en1 Cuidado Intensivo Anti-Edad<\/title>\n<meta name=\"description\" content=\"Aceite Facial Beauty Diamonds a base de mezcla de aceite de almendras, arg\u00e1n, aguacate, semilla de uva, macadamia y jojoba. Nutre y regenera la piel.\" \/>\n<meta name=\"robots\" content=\"index, follow, max-snippet:-1, max-image-preview:large, max-video-preview:-1\" \/>\n<link rel=\"canonical\" href=\"https:\/\/www.lraloeverashop.eu\/es\/producto\/aceite-facial-beauty-diamonds\/\" \/>\n<meta property=\"og:locale\" content=\"es_ES\" \/>\n<meta property=\"og:type\" content=\"article\" \/>\n<meta property=\"og:title\" content=\"Aceite Facial Beauty Diamonds\" \/>\n<meta property=\"og:description\" content=\"Aceite Facial Beauty Diamonds a base de mezcla de aceite de almendras, arg\u00e1n, aguacate, semilla de uva, macadamia y jojoba. Nutre y regenera la piel.\" \/>\n<meta property=\"og:url\" content=\"https:\/\/www.lraloeverashop.eu\/es\/producto\/aceite-facial-beauty-diamonds\/\" \/>\n<meta property=\"og:site_name\" content=\"Lr Tienda Aloe Vera\" \/>\n<meta property=\"article:publisher\" content=\"https:\/\/www.facebook.com\/lraloeverashop.eu\" \/>\n<meta property=\"article:modified_time\" content=\"2026-02-09T03:43:43+00:00\" \/>\n<meta property=\"og:image\" content=\"https:\/\/www.lraloeverashop.eu\/wp-content\/uploads\/2022\/10\/Beauty-Diamonds-Radiant-Youth-Oil.jpg\" \/>\n\t<meta property=\"og:image:width\" content=\"1200\" \/>\n\t<meta property=\"og:image:height\" content=\"1200\" \/>\n\t<meta property=\"og:image:type\" content=\"image\/jpeg\" \/>\n<meta name=\"twitter:card\" content=\"summary_large_image\" \/>\n<meta name=\"twitter:site\" content=\"@natur__kosmetik\" \/>\n<script type=\"application\/ld+json\" class=\"yoast-schema-graph\">{\"@context\":\"https:\\\/\\\/schema.org\",\"@graph\":[{\"@type\":[\"WebPage\",\"ItemPage\"],\"@id\":\"https:\\\/\\\/www.lraloeverashop.eu\\\/es\\\/producto\\\/aceite-facial-beauty-diamonds\\\/\",\"url\":\"https:\\\/\\\/www.lraloeverashop.eu\\\/es\\\/producto\\\/aceite-facial-beauty-diamonds\\\/\",\"name\":\"Aceite Facial Beauty Diamonds - 3en1 Cuidado Intensivo Anti-Edad\",\"isPartOf\":{\"@id\":\"https:\\\/\\\/www.lraloeverashop.eu\\\/es\\\/#website\"},\"primaryImageOfPage\":{\"@id\":\"https:\\\/\\\/www.lraloeverashop.eu\\\/es\\\/producto\\\/aceite-facial-beauty-diamonds\\\/#primaryimage\"},\"image\":{\"@id\":\"https:\\\/\\\/www.lraloeverashop.eu\\\/es\\\/producto\\\/aceite-facial-beauty-diamonds\\\/#primaryimage\"},\"thumbnailUrl\":\"https:\\\/\\\/www.lraloeverashop.eu\\\/wp-content\\\/uploads\\\/2022\\\/10\\\/Beauty-Diamonds-Radiant-Youth-Oil.jpg\",\"datePublished\":\"2022-10-20T04:47:50+00:00\",\"dateModified\":\"2026-02-09T03:43:43+00:00\",\"description\":\"Aceite Facial Beauty Diamonds a base de mezcla de aceite de almendras, arg\u00e1n, aguacate, semilla de uva, macadamia y jojoba. Nutre y regenera la piel.\",\"breadcrumb\":{\"@id\":\"https:\\\/\\\/www.lraloeverashop.eu\\\/es\\\/producto\\\/aceite-facial-beauty-diamonds\\\/#breadcrumb\"},\"inLanguage\":\"es\",\"potentialAction\":[{\"@type\":\"ReadAction\",\"target\":[\"https:\\\/\\\/www.lraloeverashop.eu\\\/es\\\/producto\\\/aceite-facial-beauty-diamonds\\\/\"]}]},{\"@type\":\"ImageObject\",\"inLanguage\":\"es\",\"@id\":\"https:\\\/\\\/www.lraloeverashop.eu\\\/es\\\/producto\\\/aceite-facial-beauty-diamonds\\\/#primaryimage\",\"url\":\"https:\\\/\\\/www.lraloeverashop.eu\\\/wp-content\\\/uploads\\\/2022\\\/10\\\/Beauty-Diamonds-Radiant-Youth-Oil.jpg\",\"contentUrl\":\"https:\\\/\\\/www.lraloeverashop.eu\\\/wp-content\\\/uploads\\\/2022\\\/10\\\/Beauty-Diamonds-Radiant-Youth-Oil.jpg\",\"width\":1200,\"height\":1200,\"caption\":\"Aceite de juventud radiante Beauty Diamonds\"},{\"@type\":\"BreadcrumbList\",\"@id\":\"https:\\\/\\\/www.lraloeverashop.eu\\\/es\\\/producto\\\/aceite-facial-beauty-diamonds\\\/#breadcrumb\",\"itemListElement\":[{\"@type\":\"ListItem\",\"position\":1,\"name\":\"Home\",\"item\":\"https:\\\/\\\/www.lraloeverashop.eu\\\/es\\\/\"},{\"@type\":\"ListItem\",\"position\":2,\"name\":\"Tienda\",\"item\":\"https:\\\/\\\/www.lraloeverashop.eu\\\/es\\\/tienda\\\/\"},{\"@type\":\"ListItem\",\"position\":3,\"name\":\"Aceite Facial Beauty Diamonds\"}]},{\"@type\":\"WebSite\",\"@id\":\"https:\\\/\\\/www.lraloeverashop.eu\\\/es\\\/#website\",\"url\":\"https:\\\/\\\/www.lraloeverashop.eu\\\/es\\\/\",\"name\":\"Lr Tienda Aloe Vera\",\"description\":\"High Quality Lr Aloe Vera Gel, Aloe Vera Cream and Shampoo\",\"publisher\":{\"@id\":\"https:\\\/\\\/www.lraloeverashop.eu\\\/es\\\/#organization\"},\"potentialAction\":[{\"@type\":\"SearchAction\",\"target\":{\"@type\":\"EntryPoint\",\"urlTemplate\":\"https:\\\/\\\/www.lraloeverashop.eu\\\/es\\\/?s={search_term_string}\"},\"query-input\":{\"@type\":\"PropertyValueSpecification\",\"valueRequired\":true,\"valueName\":\"search_term_string\"}}],\"inLanguage\":\"es\"},{\"@type\":\"Organization\",\"@id\":\"https:\\\/\\\/www.lraloeverashop.eu\\\/es\\\/#organization\",\"name\":\"Lr Tienda Aloe Vera\",\"alternateName\":\"LR\",\"url\":\"https:\\\/\\\/www.lraloeverashop.eu\\\/es\\\/\",\"logo\":{\"@type\":\"ImageObject\",\"inLanguage\":\"es\",\"@id\":\"https:\\\/\\\/www.lraloeverashop.eu\\\/es\\\/#\\\/schema\\\/logo\\\/image\\\/\",\"url\":\"https:\\\/\\\/www.lraloeverashop.eu\\\/wp-content\\\/uploads\\\/2022\\\/09\\\/cropped-Lr-Aloe-Vera-Shop.jpg\",\"contentUrl\":\"https:\\\/\\\/www.lraloeverashop.eu\\\/wp-content\\\/uploads\\\/2022\\\/09\\\/cropped-Lr-Aloe-Vera-Shop.jpg\",\"width\":228,\"height\":76,\"caption\":\"Lr Tienda Aloe Vera\"},\"image\":{\"@id\":\"https:\\\/\\\/www.lraloeverashop.eu\\\/es\\\/#\\\/schema\\\/logo\\\/image\\\/\"},\"sameAs\":[\"https:\\\/\\\/www.facebook.com\\\/lraloeverashop.eu\",\"https:\\\/\\\/x.com\\\/natur__kosmetik\",\"https:\\\/\\\/www.youtube.com\\\/channel\\\/UC5oN7BJ8nfYb8RpVtjwDEBA\",\"https:\\\/\\\/www.instagram.com\\\/lrbeautyeu\\\/\"],\"description\":\"La tienda Lr Aloe Vera es tu destino de confianza para productos premium de salud y belleza LR, fabricados en Alemania. Ofrecemos soluciones de alta calidad para el cuidado de la piel, nutrici\u00f3n y antienvejecimiento con Aloe Vera, elaboradas con ingredientes puros y respaldadas por investigaci\u00f3n cient\u00edfica. Descubre un cuidado natural que regenera, protege y revitaliza tu piel, y disfruta de ofertas mensuales exclusivas en nuestros productos LR Aloe Vera m\u00e1s vendidos.\\n\\nComienza hoy mismo tu camino hacia el cuidado natural de la piel y siente la diferencia.\",\"email\":\"info@lraloeverashop.eu\",\"telephone\":\"+49 17670609653\",\"legalName\":\"Lr Aloe Vera Shop\",\"foundingDate\":\"2018-04-21\",\"numberOfEmployees\":{\"@type\":\"QuantitativeValue\",\"minValue\":\"1\",\"maxValue\":\"10\"}}]}<\/script>\n<meta property=\"product:price:amount\" content=\"48.59\" \/>\n<meta property=\"product:price:currency\" content=\"EUR\" \/>\n<meta property=\"og:availability\" content=\"instock\" \/>\n<meta property=\"product:availability\" content=\"instock\" \/>\n<meta property=\"product:retailer_item_id\" content=\"28314-1ES\" \/>\n<meta property=\"product:condition\" content=\"new\" \/>\n<!-- \/ Yoast SEO Premium plugin. -->","yoast_head_json":{"title":"Aceite Facial Beauty Diamonds - 3en1 Cuidado Intensivo Anti-Edad","description":"Aceite Facial Beauty Diamonds a base de mezcla de aceite de almendras, arg\u00e1n, aguacate, semilla de uva, macadamia y jojoba. Nutre y regenera la piel.","robots":{"index":"index","follow":"follow","max-snippet":"max-snippet:-1","max-image-preview":"max-image-preview:large","max-video-preview":"max-video-preview:-1"},"canonical":"https:\/\/www.lraloeverashop.eu\/es\/producto\/aceite-facial-beauty-diamonds\/","og_locale":"es_ES","og_type":"article","og_title":"Aceite Facial Beauty Diamonds","og_description":"Aceite Facial Beauty Diamonds a base de mezcla de aceite de almendras, arg\u00e1n, aguacate, semilla de uva, macadamia y jojoba. Nutre y regenera la piel.","og_url":"https:\/\/www.lraloeverashop.eu\/es\/producto\/aceite-facial-beauty-diamonds\/","og_site_name":"Lr Tienda Aloe Vera","article_publisher":"https:\/\/www.facebook.com\/lraloeverashop.eu","article_modified_time":"2026-02-09T03:43:43+00:00","og_image":[{"width":1200,"height":1200,"url":"https:\/\/www.lraloeverashop.eu\/wp-content\/uploads\/2022\/10\/Beauty-Diamonds-Radiant-Youth-Oil.jpg","type":"image\/jpeg"}],"twitter_card":"summary_large_image","twitter_site":"@natur__kosmetik","schema":{"@context":"https:\/\/schema.org","@graph":[{"@type":["WebPage","ItemPage"],"@id":"https:\/\/www.lraloeverashop.eu\/es\/producto\/aceite-facial-beauty-diamonds\/","url":"https:\/\/www.lraloeverashop.eu\/es\/producto\/aceite-facial-beauty-diamonds\/","name":"Aceite Facial Beauty Diamonds - 3en1 Cuidado Intensivo Anti-Edad","isPartOf":{"@id":"https:\/\/www.lraloeverashop.eu\/es\/#website"},"primaryImageOfPage":{"@id":"https:\/\/www.lraloeverashop.eu\/es\/producto\/aceite-facial-beauty-diamonds\/#primaryimage"},"image":{"@id":"https:\/\/www.lraloeverashop.eu\/es\/producto\/aceite-facial-beauty-diamonds\/#primaryimage"},"thumbnailUrl":"https:\/\/www.lraloeverashop.eu\/wp-content\/uploads\/2022\/10\/Beauty-Diamonds-Radiant-Youth-Oil.jpg","datePublished":"2022-10-20T04:47:50+00:00","dateModified":"2026-02-09T03:43:43+00:00","description":"Aceite Facial Beauty Diamonds a base de mezcla de aceite de almendras, arg\u00e1n, aguacate, semilla de uva, macadamia y jojoba. Nutre y regenera la piel.","breadcrumb":{"@id":"https:\/\/www.lraloeverashop.eu\/es\/producto\/aceite-facial-beauty-diamonds\/#breadcrumb"},"inLanguage":"es","potentialAction":[{"@type":"ReadAction","target":["https:\/\/www.lraloeverashop.eu\/es\/producto\/aceite-facial-beauty-diamonds\/"]}]},{"@type":"ImageObject","inLanguage":"es","@id":"https:\/\/www.lraloeverashop.eu\/es\/producto\/aceite-facial-beauty-diamonds\/#primaryimage","url":"https:\/\/www.lraloeverashop.eu\/wp-content\/uploads\/2022\/10\/Beauty-Diamonds-Radiant-Youth-Oil.jpg","contentUrl":"https:\/\/www.lraloeverashop.eu\/wp-content\/uploads\/2022\/10\/Beauty-Diamonds-Radiant-Youth-Oil.jpg","width":1200,"height":1200,"caption":"Aceite de juventud radiante Beauty Diamonds"},{"@type":"BreadcrumbList","@id":"https:\/\/www.lraloeverashop.eu\/es\/producto\/aceite-facial-beauty-diamonds\/#breadcrumb","itemListElement":[{"@type":"ListItem","position":1,"name":"Home","item":"https:\/\/www.lraloeverashop.eu\/es\/"},{"@type":"ListItem","position":2,"name":"Tienda","item":"https:\/\/www.lraloeverashop.eu\/es\/tienda\/"},{"@type":"ListItem","position":3,"name":"Aceite Facial Beauty Diamonds"}]},{"@type":"WebSite","@id":"https:\/\/www.lraloeverashop.eu\/es\/#website","url":"https:\/\/www.lraloeverashop.eu\/es\/","name":"Lr Tienda Aloe Vera","description":"High Quality Lr Aloe Vera Gel, Aloe Vera Cream and Shampoo","publisher":{"@id":"https:\/\/www.lraloeverashop.eu\/es\/#organization"},"potentialAction":[{"@type":"SearchAction","target":{"@type":"EntryPoint","urlTemplate":"https:\/\/www.lraloeverashop.eu\/es\/?s={search_term_string}"},"query-input":{"@type":"PropertyValueSpecification","valueRequired":true,"valueName":"search_term_string"}}],"inLanguage":"es"},{"@type":"Organization","@id":"https:\/\/www.lraloeverashop.eu\/es\/#organization","name":"Lr Tienda Aloe Vera","alternateName":"LR","url":"https:\/\/www.lraloeverashop.eu\/es\/","logo":{"@type":"ImageObject","inLanguage":"es","@id":"https:\/\/www.lraloeverashop.eu\/es\/#\/schema\/logo\/image\/","url":"https:\/\/www.lraloeverashop.eu\/wp-content\/uploads\/2022\/09\/cropped-Lr-Aloe-Vera-Shop.jpg","contentUrl":"https:\/\/www.lraloeverashop.eu\/wp-content\/uploads\/2022\/09\/cropped-Lr-Aloe-Vera-Shop.jpg","width":228,"height":76,"caption":"Lr Tienda Aloe Vera"},"image":{"@id":"https:\/\/www.lraloeverashop.eu\/es\/#\/schema\/logo\/image\/"},"sameAs":["https:\/\/www.facebook.com\/lraloeverashop.eu","https:\/\/x.com\/natur__kosmetik","https:\/\/www.youtube.com\/channel\/UC5oN7BJ8nfYb8RpVtjwDEBA","https:\/\/www.instagram.com\/lrbeautyeu\/"],"description":"La tienda Lr Aloe Vera es tu destino de confianza para productos premium de salud y belleza LR, fabricados en Alemania. Ofrecemos soluciones de alta calidad para el cuidado de la piel, nutrici\u00f3n y antienvejecimiento con Aloe Vera, elaboradas con ingredientes puros y respaldadas por investigaci\u00f3n cient\u00edfica. Descubre un cuidado natural que regenera, protege y revitaliza tu piel, y disfruta de ofertas mensuales exclusivas en nuestros productos LR Aloe Vera m\u00e1s vendidos.\n\nComienza hoy mismo tu camino hacia el cuidado natural de la piel y siente la diferencia.","email":"info@lraloeverashop.eu","telephone":"+49 17670609653","legalName":"Lr Aloe Vera Shop","foundingDate":"2018-04-21","numberOfEmployees":{"@type":"QuantitativeValue","minValue":"1","maxValue":"10"}}]},"product_price_amount":"48.59","product_price_currency":"EUR","og_availability":"instock","product_availability":"instock","product_retailer_item_id":"28314-1ES","product_condition":"new"},"taxonomy_info":{"product_cat":[{"value":367,"label":"Beauty Diamonds"},{"value":271,"label":"Cuidado antiedad"},{"value":283,"label":"Mujeres mayores de 40"},{"value":332,"label":"Productos Antiedad"}]},"featured_image_src_large":["https:\/\/www.lraloeverashop.eu\/wp-content\/uploads\/2022\/10\/Beauty-Diamonds-Radiant-Youth-Oil-1024x1024.jpg",1024,1024,true],"author_info":[],"comment_info":1,"_links":{"self":[{"href":"https:\/\/www.lraloeverashop.eu\/es\/wp-json\/wp\/v2\/product\/8848","targetHints":{"allow":["GET"]}}],"collection":[{"href":"https:\/\/www.lraloeverashop.eu\/es\/wp-json\/wp\/v2\/product"}],"about":[{"href":"https:\/\/www.lraloeverashop.eu\/es\/wp-json\/wp\/v2\/types\/product"}],"replies":[{"embeddable":true,"href":"https:\/\/www.lraloeverashop.eu\/es\/wp-json\/wp\/v2\/comments?post=8848"}],"wp:featuredmedia":[{"embeddable":true,"href":"https:\/\/www.lraloeverashop.eu\/es\/wp-json\/wp\/v2\/media\/5963"}],"wp:attachment":[{"href":"https:\/\/www.lraloeverashop.eu\/es\/wp-json\/wp\/v2\/media?parent=8848"}],"wp:term":[{"taxonomy":"product_brand","embeddable":true,"href":"https:\/\/www.lraloeverashop.eu\/es\/wp-json\/wp\/v2\/product_brand?post=8848"},{"taxonomy":"product_cat","embeddable":true,"href":"https:\/\/www.lraloeverashop.eu\/es\/wp-json\/wp\/v2\/product_cat?post=8848"},{"taxonomy":"product_tag","embeddable":true,"href":"https:\/\/www.lraloeverashop.eu\/es\/wp-json\/wp\/v2\/product_tag?post=8848"}],"curies":[{"name":"wp","href":"https:\/\/api.w.org\/{rel}","templated":true}]}}