{"id":8809,"date":"2022-10-20T11:57:25","date_gmt":"2022-10-20T09:57:25","guid":{"rendered":"https:\/\/www.lraloeverashop.eu\/product\/cremas-antiarrugas-set-beauty-diamonds\/"},"modified":"2026-02-09T04:43:06","modified_gmt":"2026-02-09T03:43:06","slug":"cremas-antiarrugas-set-beauty-diamonds","status":"publish","type":"product","link":"https:\/\/www.lraloeverashop.eu\/es\/producto\/cremas-antiarrugas-set-beauty-diamonds\/","title":{"rendered":"Cremas Antiarrugas Mujer Beauty Diamonds"},"content":{"rendered":"<h2><span style=\"font-size: 16pt;\"><strong>Cremas Antiarrugas Mujer Beauty Diamonds<\/strong><\/span><\/h2>\n<p><span style=\"font-size: 14pt;\"><strong>Cremas Antiarrugas Mujer Beauty Diamonds para Pieles Exigentes<\/strong><\/span><\/p>\n<p>Mejores Cremas Antiarrugas Mujer Beauty Diamonds proporciona a tu piel un brillo y un cuidado \u00f3ptimo a diario.<\/p>\n<p>La Nutritiva Crema de Noche Beauty Diamonds ayuda a tu piel a reducir los signos visibles del envejecimiento durante la noche. Mientras duerme, el mecanismo de protecci\u00f3n celular natural de su piel es estimulado por un complejo sin\u00e9rgico de dos p\u00e9ptidos patentados (Replexium\u2122), para que su <a href=\"https:\/\/www.lraloeverashop.eu\/es\/producto\/cremas-antiarrugas-nanogold-set\/\">piel se sienta firme<\/a>, flexible y suave a la ma\u00f1ana siguiente.<\/p>\n<p>La Crema de d\u00eda Anti Edad Beauty Diamonds nutre la piel intensamente y la fortalece d\u00eda tras d\u00eda estimulando la producci\u00f3n de col\u00e1geno: la piel parece tersa. Tambi\u00e9n hace que la piel se sienta suave como la seda y reduce las arrugas. El extracto de espino amarillo reafirma la piel y asegura <a href=\"https:\/\/www.lraloeverashop.eu\/es\/producto\/crema-noche-antiarrugas-beauty-diamonds\/\">contornos faciales<\/a> armoniosos. Para una piel firme y una sensaci\u00f3n de piel suave como la seda.<\/p>\n<p><strong>Cremas Antiarrugas Para mujeres\u2026<\/strong><br \/>\n\u2026 desde unos 40 a\u00f1os<br \/>\n\u2026 con pieles secas y exigentes<br \/>\n\u2026 poner \u00e9nfasis en el cuidado de lujo<br \/>\n\u2026 que quieren un gran carisma<br \/>\n\u2026 que quieren reducir las arrugas<br \/>\n\u2026 que quieren m\u00e1s elasticidad en la piel<\/p>\n<p>Cremas Antiarrugas fortalece la piel a partir de los 40 a\u00f1os y reduce visiblemente las arrugas. Basado en las propiedades de los diamantes en combinaci\u00f3n con las prote\u00ednas, consigue que el <a href=\"https:\/\/www.lraloeverashop.eu\/es\/producto\/lr-aloe-vera-set-cuidado-facial\/\">proceso de envejecimiento<\/a> de la piel se ralentice y se refuerce el mecanismo de protecci\u00f3n celular. Ahora reformulado con el innovador sistema de transporte de ingredientes activos y un ingrediente activo encapsulado que reduce las arrugas y la profundidad de las arrugas.<\/p>\n<p>Para obtener la m\u00e1xima eficacia, util\u00edcelo en combinaci\u00f3n con el Kit Antiarrugas Zeitgard Pro<\/p>\n<h3><span style=\"font-size: 16pt;\"><strong>C\u00f3mo utilizar<\/strong><\/span><\/h3>\n<p><strong>PASO 1:<\/strong> Limpie la piel de la cara con agua o use el cepillo de limpieza facial Zeitgard Pro o la herramienta de exfoliaci\u00f3n facial Zeitgard Pro.<\/p>\n<p><strong>PASO 2:<\/strong> Aplique sus Cremas Antiarrugas Mujer Beauty Diamonds y masajee con las manos o con <a href=\"https:\/\/www.lraloeverashop.eu\/es\/producto\/kit-antiarrugas-zeitgard-pro\/\">Kit Antiarrugas Zeitgard Pro<\/a>. Trate los lados izquierdo y derecho de la cara y la frente durante 30 segundos cada uno. Preste atenci\u00f3n a los movimientos circulares de adentro hacia afuera y de abajo hacia arriba.<\/p>\n","protected":false},"excerpt":{"rendered":"<ul>\n<li>Set para pieles exigentes<\/li>\n<li>Set incluyen 1 x crema de d\u00eda, 1 x crema de noche<\/li>\n<li>Combinaci\u00f3n de principios activos a base de diamante y p\u00e9ptidos<\/li>\n<li>Con un innovador sistema de transporte de sustancias activas<\/li>\n<li>Recomendado para usar con Dispositivo Antiarrugas Zeitgard Pro<\/li>\n<\/ul>\n<p><span style=\"color: #ff0000;\"><a style=\"color: #ff0000;\" href=\"https:\/\/shop.lrworld.com\/openpao?PHP=0vFlt7jT938BEnBI3a6e9w%3D%3D\"><span style=\"font-size: 14pt;\"><strong>Reg\u00edstrate aqu\u00ed y ahorra 35% en cada compra<\/strong><\/span><\/a><\/span><\/p>\n","protected":false},"featured_media":6077,"comment_status":"open","ping_status":"closed","template":"","meta":{"_kad_blocks_custom_css":"","_kad_blocks_head_custom_js":"","_kad_blocks_body_custom_js":"","_kad_blocks_footer_custom_js":"","_kadence_starter_templates_imported_post":false,"_kad_post_transparent":"default","_kad_post_title":"","_kad_post_layout":"default","_kad_post_sidebar_id":"","_kad_post_content_style":"default","_kad_post_vertical_padding":"default","_kad_post_feature":"","_kad_post_feature_position":"","_kad_post_header":false,"_kad_post_footer":false,"_kad_post_classname":""},"product_brand":[],"product_cat":[367,271,283,332,356],"product_tag":[708],"class_list":{"0":"post-8809","1":"product","2":"type-product","3":"status-publish","4":"has-post-thumbnail","6":"product_cat-beauty-diamonds-es","7":"product_cat-cuidado-antiedad","8":"product_cat-mujeres-mayores-de-40","9":"product_cat-productos-antiedad","10":"product_cat-ventas","11":"product_tag-para-las-arrugas-en-la-cara","13":"first","14":"instock","15":"sale","16":"taxable","17":"shipping-taxable","18":"purchasable","19":"product-type-simple","20":"entry","21":"content-bg","22":"loop-entry"},"yoast_head":"<!-- This site is optimized with the Yoast SEO Premium plugin v27.6 (Yoast SEO v27.6) - https:\/\/yoast.com\/product\/yoast-seo-premium-wordpress\/ -->\n<title>Cremas Antiarrugas Mujer Beauty Diamonds para Pieles Exigentes<\/title>\n<meta name=\"description\" content=\"Cremas Antiarrugas Mujer Beauty Diamonds para mujeres que quieren reducir las arrugas. Combinaci\u00f3n de principios activos a base de diamante y p\u00e9ptidos.\" \/>\n<meta name=\"robots\" content=\"index, follow, max-snippet:-1, max-image-preview:large, max-video-preview:-1\" \/>\n<link rel=\"canonical\" href=\"https:\/\/www.lraloeverashop.eu\/es\/producto\/cremas-antiarrugas-set-beauty-diamonds\/\" \/>\n<meta property=\"og:locale\" content=\"es_ES\" \/>\n<meta property=\"og:type\" content=\"article\" \/>\n<meta property=\"og:title\" content=\"Cremas Antiarrugas Mujer Beauty Diamonds\" \/>\n<meta property=\"og:description\" content=\"Cremas Antiarrugas Mujer Beauty Diamonds para mujeres que quieren reducir las arrugas. Combinaci\u00f3n de principios activos a base de diamante y p\u00e9ptidos.\" \/>\n<meta property=\"og:url\" content=\"https:\/\/www.lraloeverashop.eu\/es\/producto\/cremas-antiarrugas-set-beauty-diamonds\/\" \/>\n<meta property=\"og:site_name\" content=\"Lr Tienda Aloe Vera\" \/>\n<meta property=\"article:publisher\" content=\"https:\/\/www.facebook.com\/lraloeverashop.eu\" \/>\n<meta property=\"article:modified_time\" content=\"2026-02-09T03:43:06+00:00\" \/>\n<meta property=\"og:image\" content=\"https:\/\/www.lraloeverashop.eu\/wp-content\/uploads\/2022\/10\/Beauty-Diamonds-Anti-Aging-Set.jpg\" \/>\n\t<meta property=\"og:image:width\" content=\"1200\" \/>\n\t<meta property=\"og:image:height\" content=\"1200\" \/>\n\t<meta property=\"og:image:type\" content=\"image\/jpeg\" \/>\n<meta name=\"twitter:card\" content=\"summary_large_image\" \/>\n<meta name=\"twitter:site\" content=\"@natur__kosmetik\" \/>\n<script type=\"application\/ld+json\" class=\"yoast-schema-graph\">{\"@context\":\"https:\\\/\\\/schema.org\",\"@graph\":[{\"@type\":[\"WebPage\",\"ItemPage\"],\"@id\":\"https:\\\/\\\/www.lraloeverashop.eu\\\/es\\\/producto\\\/cremas-antiarrugas-set-beauty-diamonds\\\/\",\"url\":\"https:\\\/\\\/www.lraloeverashop.eu\\\/es\\\/producto\\\/cremas-antiarrugas-set-beauty-diamonds\\\/\",\"name\":\"Cremas Antiarrugas Mujer Beauty Diamonds para Pieles Exigentes\",\"isPartOf\":{\"@id\":\"https:\\\/\\\/www.lraloeverashop.eu\\\/es\\\/#website\"},\"primaryImageOfPage\":{\"@id\":\"https:\\\/\\\/www.lraloeverashop.eu\\\/es\\\/producto\\\/cremas-antiarrugas-set-beauty-diamonds\\\/#primaryimage\"},\"image\":{\"@id\":\"https:\\\/\\\/www.lraloeverashop.eu\\\/es\\\/producto\\\/cremas-antiarrugas-set-beauty-diamonds\\\/#primaryimage\"},\"thumbnailUrl\":\"https:\\\/\\\/www.lraloeverashop.eu\\\/wp-content\\\/uploads\\\/2022\\\/10\\\/Beauty-Diamonds-Anti-Aging-Set.jpg\",\"datePublished\":\"2022-10-20T09:57:25+00:00\",\"dateModified\":\"2026-02-09T03:43:06+00:00\",\"description\":\"Cremas Antiarrugas Mujer Beauty Diamonds para mujeres que quieren reducir las arrugas. Combinaci\u00f3n de principios activos a base de diamante y p\u00e9ptidos.\",\"breadcrumb\":{\"@id\":\"https:\\\/\\\/www.lraloeverashop.eu\\\/es\\\/producto\\\/cremas-antiarrugas-set-beauty-diamonds\\\/#breadcrumb\"},\"inLanguage\":\"es\",\"potentialAction\":[{\"@type\":\"ReadAction\",\"target\":[\"https:\\\/\\\/www.lraloeverashop.eu\\\/es\\\/producto\\\/cremas-antiarrugas-set-beauty-diamonds\\\/\"]}]},{\"@type\":\"ImageObject\",\"inLanguage\":\"es\",\"@id\":\"https:\\\/\\\/www.lraloeverashop.eu\\\/es\\\/producto\\\/cremas-antiarrugas-set-beauty-diamonds\\\/#primaryimage\",\"url\":\"https:\\\/\\\/www.lraloeverashop.eu\\\/wp-content\\\/uploads\\\/2022\\\/10\\\/Beauty-Diamonds-Anti-Aging-Set.jpg\",\"contentUrl\":\"https:\\\/\\\/www.lraloeverashop.eu\\\/wp-content\\\/uploads\\\/2022\\\/10\\\/Beauty-Diamonds-Anti-Aging-Set.jpg\",\"width\":1200,\"height\":1200,\"caption\":\"Cremas Antiarrugas Mujer Beauty Diamonds para Pieles Exigentes desde 40 a\u00f1os\"},{\"@type\":\"BreadcrumbList\",\"@id\":\"https:\\\/\\\/www.lraloeverashop.eu\\\/es\\\/producto\\\/cremas-antiarrugas-set-beauty-diamonds\\\/#breadcrumb\",\"itemListElement\":[{\"@type\":\"ListItem\",\"position\":1,\"name\":\"Home\",\"item\":\"https:\\\/\\\/www.lraloeverashop.eu\\\/es\\\/tienda-aloe-vera-todo-para-tu-belleza-y-bienestar\\\/\"},{\"@type\":\"ListItem\",\"position\":2,\"name\":\"Tienda\",\"item\":\"https:\\\/\\\/www.lraloeverashop.eu\\\/es\\\/tienda\\\/\"},{\"@type\":\"ListItem\",\"position\":3,\"name\":\"Cremas Antiarrugas Mujer Beauty Diamonds\"}]},{\"@type\":\"WebSite\",\"@id\":\"https:\\\/\\\/www.lraloeverashop.eu\\\/es\\\/#website\",\"url\":\"https:\\\/\\\/www.lraloeverashop.eu\\\/es\\\/\",\"name\":\"Lr Tienda Aloe Vera\",\"description\":\"High Quality Lr Aloe Vera Gel, Aloe Vera Cream and Shampoo\",\"publisher\":{\"@id\":\"https:\\\/\\\/www.lraloeverashop.eu\\\/es\\\/#organization\"},\"alternateName\":\"LR\",\"potentialAction\":[{\"@type\":\"SearchAction\",\"target\":{\"@type\":\"EntryPoint\",\"urlTemplate\":\"https:\\\/\\\/www.lraloeverashop.eu\\\/es\\\/?s={search_term_string}\"},\"query-input\":{\"@type\":\"PropertyValueSpecification\",\"valueRequired\":true,\"valueName\":\"search_term_string\"}}],\"inLanguage\":\"es\"},{\"@type\":\"Organization\",\"@id\":\"https:\\\/\\\/www.lraloeverashop.eu\\\/es\\\/#organization\",\"name\":\"Lr Tienda Aloe Vera\",\"alternateName\":\"LR\",\"url\":\"https:\\\/\\\/www.lraloeverashop.eu\\\/es\\\/\",\"logo\":{\"@type\":\"ImageObject\",\"inLanguage\":\"es\",\"@id\":\"https:\\\/\\\/www.lraloeverashop.eu\\\/es\\\/#\\\/schema\\\/logo\\\/image\\\/\",\"url\":\"https:\\\/\\\/www.lraloeverashop.eu\\\/wp-content\\\/uploads\\\/2022\\\/09\\\/cropped-Lr-Aloe-Vera-Shop.jpg\",\"contentUrl\":\"https:\\\/\\\/www.lraloeverashop.eu\\\/wp-content\\\/uploads\\\/2022\\\/09\\\/cropped-Lr-Aloe-Vera-Shop.jpg\",\"width\":228,\"height\":76,\"caption\":\"Lr Tienda Aloe Vera\"},\"image\":{\"@id\":\"https:\\\/\\\/www.lraloeverashop.eu\\\/es\\\/#\\\/schema\\\/logo\\\/image\\\/\"},\"sameAs\":[\"https:\\\/\\\/www.facebook.com\\\/lraloeverashop.eu\",\"https:\\\/\\\/x.com\\\/natur__kosmetik\",\"https:\\\/\\\/www.youtube.com\\\/channel\\\/UC5oN7BJ8nfYb8RpVtjwDEBA\",\"https:\\\/\\\/www.instagram.com\\\/lrbeautyeu\\\/\"],\"description\":\"La tienda Lr Aloe Vera es tu destino de confianza para productos premium de salud y belleza LR, fabricados en Alemania. Ofrecemos soluciones de alta calidad para el cuidado de la piel, nutrici\u00f3n y antienvejecimiento con Aloe Vera, elaboradas con ingredientes puros y respaldadas por investigaci\u00f3n cient\u00edfica. Descubre un cuidado natural que regenera, protege y revitaliza tu piel, y disfruta de ofertas mensuales exclusivas en nuestros productos LR Aloe Vera m\u00e1s vendidos.\\n\\nComienza hoy mismo tu camino hacia el cuidado natural de la piel y siente la diferencia.\",\"email\":\"info@lraloeverashop.eu\",\"telephone\":\"+49 17670609653\",\"legalName\":\"Lr Aloe Vera Shop\",\"foundingDate\":\"2018-04-21\",\"numberOfEmployees\":{\"@type\":\"QuantitativeValue\",\"minValue\":\"1\",\"maxValue\":\"10\"}}]}<\/script>\n<meta property=\"product:price:amount\" content=\"78.99\" \/>\n<meta property=\"product:price:currency\" content=\"EUR\" \/>\n<meta property=\"og:availability\" content=\"instock\" \/>\n<meta property=\"product:availability\" content=\"instock\" \/>\n<meta property=\"product:retailer_item_id\" content=\"28326ES\" \/>\n<meta property=\"product:condition\" content=\"new\" \/>\n<!-- \/ Yoast SEO Premium plugin. -->","yoast_head_json":{"title":"Cremas Antiarrugas Mujer Beauty Diamonds para Pieles Exigentes","description":"Cremas Antiarrugas Mujer Beauty Diamonds para mujeres que quieren reducir las arrugas. Combinaci\u00f3n de principios activos a base de diamante y p\u00e9ptidos.","robots":{"index":"index","follow":"follow","max-snippet":"max-snippet:-1","max-image-preview":"max-image-preview:large","max-video-preview":"max-video-preview:-1"},"canonical":"https:\/\/www.lraloeverashop.eu\/es\/producto\/cremas-antiarrugas-set-beauty-diamonds\/","og_locale":"es_ES","og_type":"article","og_title":"Cremas Antiarrugas Mujer Beauty Diamonds","og_description":"Cremas Antiarrugas Mujer Beauty Diamonds para mujeres que quieren reducir las arrugas. Combinaci\u00f3n de principios activos a base de diamante y p\u00e9ptidos.","og_url":"https:\/\/www.lraloeverashop.eu\/es\/producto\/cremas-antiarrugas-set-beauty-diamonds\/","og_site_name":"Lr Tienda Aloe Vera","article_publisher":"https:\/\/www.facebook.com\/lraloeverashop.eu","article_modified_time":"2026-02-09T03:43:06+00:00","og_image":[{"width":1200,"height":1200,"url":"https:\/\/www.lraloeverashop.eu\/wp-content\/uploads\/2022\/10\/Beauty-Diamonds-Anti-Aging-Set.jpg","type":"image\/jpeg"}],"twitter_card":"summary_large_image","twitter_site":"@natur__kosmetik","schema":{"@context":"https:\/\/schema.org","@graph":[{"@type":["WebPage","ItemPage"],"@id":"https:\/\/www.lraloeverashop.eu\/es\/producto\/cremas-antiarrugas-set-beauty-diamonds\/","url":"https:\/\/www.lraloeverashop.eu\/es\/producto\/cremas-antiarrugas-set-beauty-diamonds\/","name":"Cremas Antiarrugas Mujer Beauty Diamonds para Pieles Exigentes","isPartOf":{"@id":"https:\/\/www.lraloeverashop.eu\/es\/#website"},"primaryImageOfPage":{"@id":"https:\/\/www.lraloeverashop.eu\/es\/producto\/cremas-antiarrugas-set-beauty-diamonds\/#primaryimage"},"image":{"@id":"https:\/\/www.lraloeverashop.eu\/es\/producto\/cremas-antiarrugas-set-beauty-diamonds\/#primaryimage"},"thumbnailUrl":"https:\/\/www.lraloeverashop.eu\/wp-content\/uploads\/2022\/10\/Beauty-Diamonds-Anti-Aging-Set.jpg","datePublished":"2022-10-20T09:57:25+00:00","dateModified":"2026-02-09T03:43:06+00:00","description":"Cremas Antiarrugas Mujer Beauty Diamonds para mujeres que quieren reducir las arrugas. Combinaci\u00f3n de principios activos a base de diamante y p\u00e9ptidos.","breadcrumb":{"@id":"https:\/\/www.lraloeverashop.eu\/es\/producto\/cremas-antiarrugas-set-beauty-diamonds\/#breadcrumb"},"inLanguage":"es","potentialAction":[{"@type":"ReadAction","target":["https:\/\/www.lraloeverashop.eu\/es\/producto\/cremas-antiarrugas-set-beauty-diamonds\/"]}]},{"@type":"ImageObject","inLanguage":"es","@id":"https:\/\/www.lraloeverashop.eu\/es\/producto\/cremas-antiarrugas-set-beauty-diamonds\/#primaryimage","url":"https:\/\/www.lraloeverashop.eu\/wp-content\/uploads\/2022\/10\/Beauty-Diamonds-Anti-Aging-Set.jpg","contentUrl":"https:\/\/www.lraloeverashop.eu\/wp-content\/uploads\/2022\/10\/Beauty-Diamonds-Anti-Aging-Set.jpg","width":1200,"height":1200,"caption":"Cremas Antiarrugas Mujer Beauty Diamonds para Pieles Exigentes desde 40 a\u00f1os"},{"@type":"BreadcrumbList","@id":"https:\/\/www.lraloeverashop.eu\/es\/producto\/cremas-antiarrugas-set-beauty-diamonds\/#breadcrumb","itemListElement":[{"@type":"ListItem","position":1,"name":"Home","item":"https:\/\/www.lraloeverashop.eu\/es\/tienda-aloe-vera-todo-para-tu-belleza-y-bienestar\/"},{"@type":"ListItem","position":2,"name":"Tienda","item":"https:\/\/www.lraloeverashop.eu\/es\/tienda\/"},{"@type":"ListItem","position":3,"name":"Cremas Antiarrugas Mujer Beauty Diamonds"}]},{"@type":"WebSite","@id":"https:\/\/www.lraloeverashop.eu\/es\/#website","url":"https:\/\/www.lraloeverashop.eu\/es\/","name":"Lr Tienda Aloe Vera","description":"High Quality Lr Aloe Vera Gel, Aloe Vera Cream and Shampoo","publisher":{"@id":"https:\/\/www.lraloeverashop.eu\/es\/#organization"},"alternateName":"LR","potentialAction":[{"@type":"SearchAction","target":{"@type":"EntryPoint","urlTemplate":"https:\/\/www.lraloeverashop.eu\/es\/?s={search_term_string}"},"query-input":{"@type":"PropertyValueSpecification","valueRequired":true,"valueName":"search_term_string"}}],"inLanguage":"es"},{"@type":"Organization","@id":"https:\/\/www.lraloeverashop.eu\/es\/#organization","name":"Lr Tienda Aloe Vera","alternateName":"LR","url":"https:\/\/www.lraloeverashop.eu\/es\/","logo":{"@type":"ImageObject","inLanguage":"es","@id":"https:\/\/www.lraloeverashop.eu\/es\/#\/schema\/logo\/image\/","url":"https:\/\/www.lraloeverashop.eu\/wp-content\/uploads\/2022\/09\/cropped-Lr-Aloe-Vera-Shop.jpg","contentUrl":"https:\/\/www.lraloeverashop.eu\/wp-content\/uploads\/2022\/09\/cropped-Lr-Aloe-Vera-Shop.jpg","width":228,"height":76,"caption":"Lr Tienda Aloe Vera"},"image":{"@id":"https:\/\/www.lraloeverashop.eu\/es\/#\/schema\/logo\/image\/"},"sameAs":["https:\/\/www.facebook.com\/lraloeverashop.eu","https:\/\/x.com\/natur__kosmetik","https:\/\/www.youtube.com\/channel\/UC5oN7BJ8nfYb8RpVtjwDEBA","https:\/\/www.instagram.com\/lrbeautyeu\/"],"description":"La tienda Lr Aloe Vera es tu destino de confianza para productos premium de salud y belleza LR, fabricados en Alemania. Ofrecemos soluciones de alta calidad para el cuidado de la piel, nutrici\u00f3n y antienvejecimiento con Aloe Vera, elaboradas con ingredientes puros y respaldadas por investigaci\u00f3n cient\u00edfica. Descubre un cuidado natural que regenera, protege y revitaliza tu piel, y disfruta de ofertas mensuales exclusivas en nuestros productos LR Aloe Vera m\u00e1s vendidos.\n\nComienza hoy mismo tu camino hacia el cuidado natural de la piel y siente la diferencia.","email":"info@lraloeverashop.eu","telephone":"+49 17670609653","legalName":"Lr Aloe Vera Shop","foundingDate":"2018-04-21","numberOfEmployees":{"@type":"QuantitativeValue","minValue":"1","maxValue":"10"}}]},"product_price_amount":"78.99","product_price_currency":"EUR","og_availability":"instock","product_availability":"instock","product_retailer_item_id":"28326ES","product_condition":"new"},"taxonomy_info":{"product_cat":[{"value":367,"label":"Beauty Diamonds"},{"value":271,"label":"Cuidado antiedad"},{"value":283,"label":"Mujeres mayores de 40"},{"value":332,"label":"Productos Antiedad"},{"value":356,"label":"Ventas"}],"product_tag":[{"value":708,"label":"para las arrugas en la cara"}]},"featured_image_src_large":["https:\/\/www.lraloeverashop.eu\/wp-content\/uploads\/2022\/10\/Beauty-Diamonds-Anti-Aging-Set-1024x1024.jpg",1024,1024,true],"author_info":[],"comment_info":0,"_links":{"self":[{"href":"https:\/\/www.lraloeverashop.eu\/es\/wp-json\/wp\/v2\/product\/8809","targetHints":{"allow":["GET"]}}],"collection":[{"href":"https:\/\/www.lraloeverashop.eu\/es\/wp-json\/wp\/v2\/product"}],"about":[{"href":"https:\/\/www.lraloeverashop.eu\/es\/wp-json\/wp\/v2\/types\/product"}],"replies":[{"embeddable":true,"href":"https:\/\/www.lraloeverashop.eu\/es\/wp-json\/wp\/v2\/comments?post=8809"}],"wp:featuredmedia":[{"embeddable":true,"href":"https:\/\/www.lraloeverashop.eu\/es\/wp-json\/wp\/v2\/media\/6077"}],"wp:attachment":[{"href":"https:\/\/www.lraloeverashop.eu\/es\/wp-json\/wp\/v2\/media?parent=8809"}],"wp:term":[{"taxonomy":"product_brand","embeddable":true,"href":"https:\/\/www.lraloeverashop.eu\/es\/wp-json\/wp\/v2\/product_brand?post=8809"},{"taxonomy":"product_cat","embeddable":true,"href":"https:\/\/www.lraloeverashop.eu\/es\/wp-json\/wp\/v2\/product_cat?post=8809"},{"taxonomy":"product_tag","embeddable":true,"href":"https:\/\/www.lraloeverashop.eu\/es\/wp-json\/wp\/v2\/product_tag?post=8809"}],"curies":[{"name":"wp","href":"https:\/\/api.w.org\/{rel}","templated":true}]}}