{"id":8761,"date":"2022-10-21T14:17:50","date_gmt":"2022-10-21T12:17:50","guid":{"rendered":"https:\/\/www.lraloeverashop.eu\/product\/kit-antiarrugas-zeitgard-pro\/"},"modified":"2026-02-09T04:42:27","modified_gmt":"2026-02-09T03:42:27","slug":"kit-antiarrugas-zeitgard-pro","status":"publish","type":"product","link":"https:\/\/www.lraloeverashop.eu\/es\/producto\/kit-antiarrugas-zeitgard-pro\/","title":{"rendered":"Kit Antiarrugas Zeitgard Pro"},"content":{"rendered":"<h2><span style=\"font-size: 16pt;\"><strong>Kit Antiarrugas Zeitgard Pro<\/strong><\/span><\/h2>\n<p><span style=\"font-size: 14pt;\"><strong>Kit Antiarrugas Zeitgard Pro para el tratamiento anti edad<\/strong><\/span><\/p>\n<p>Con la edad, los resultados de la falta de limpieza facial, el mal cuidado facial, la insuficiente protecci\u00f3n solar, la mala nutrici\u00f3n o el estr\u00e9s oxidativo se hacen cada vez m\u00e1s evidentes. Adem\u00e1s, los efectos biol\u00f3gicos de los procesos que ya no son completamente funcionales o se ralentizan se vuelven visibles. La \u201cmateria org\u00e1nica\u201d se encoge, la estructura de la piel pierde tensi\u00f3n y las expresiones faciales aparecen hundidas.<\/p>\n<p>Las vibraciones ultras\u00f3nicas del Kit Antiarrugas Zeitgard Pro act\u00faan como un entrenamiento pasivo del contorno de los m\u00fasculos faciales, recuperan la forma de las zonas hundidas de la piel, promueven el flujo sangu\u00edneo, estimulan activamente los bioprocesos lentos del tejido y duplican la formaci\u00f3n de col\u00e1geno y elastina del propio cuerpo. .<br \/>\nTu piel se vuelve m\u00e1s firme y tonificada. La elasticidad de la piel aumenta y el tejido conectivo se tensa. Las l\u00edneas de expresi\u00f3n y las <a href=\"https:\/\/www.lraloeverashop.eu\/es\/producto\/mascarilla-de-noche-anti-edad\/\">arrugas secas se reducen<\/a>.<\/p>\n<h3><span style=\"font-size: 16pt;\"><strong>C\u00f3mo usar el Kit Anti Edad Zeitgard Pro<\/strong><\/span><\/h3>\n<p>Despu\u00e9s de haber limpiado a fondo su rostro con el kit de limpieza facial o el accesorio de exfoliaci\u00f3n facial y el t\u00f3nico facial Zeitgard, su rostro est\u00e1 listo para recibir su <a href=\"https:\/\/www.lraloeverashop.eu\/es\/producto\/serum-antiarrugas-serox\/\">cuidado individual<\/a>.<\/p>\n<p>Comienza aplicando tu suero preferido y luego tu crema de d\u00eda. Use el Kit Antiarrugas Zeitgard Pro para masajear lentamente la crema en las mejillas y la zona T.<\/p>\n<p>Luego aplica tu crema para los ojos. Una vez m\u00e1s, puede usar el Kit Antiarrugas para masajearlo en su piel.<\/p>\n<p>Le recomendamos que utilice la <a href=\"https:\/\/www.lraloeverashop.eu\/es\/producto\/crema-de-dia-antiarrugas-beauty-diamonds\/\">Crema de D\u00eda Beauty Diamonds<\/a> si tiene m\u00e1s de 40 a\u00f1os. La crema reafirmante antiedad de la gama Beauty Diamonds fortalece la piel de las personas a partir de 40 a\u00f1os estimulando la formaci\u00f3n de col\u00e1geno, reduciendo las arrugas y asegurando un contorno facial armonioso.<\/p>\n<p>La gama <a href=\"https:\/\/www.lraloeverashop.eu\/es\/categoria-producto\/productos-antiedad\/beauty-diamonds-es\/\">Beauty Diamonds<\/a> garantiza una piel tersa, contornos firmes y una piel hidratada y nutrida, y con el exclusivo sistema de transporte de ingredientes activos, su efecto puede canalizarse directamente en cada c\u00e9lula de la piel.<\/p>\n<p><span style=\"font-family: var(--global-body-font-family);\">.<\/span><\/p>\n<p><img loading=\"lazy\" decoding=\"async\" class=\"aligncenter wp-image-3131\" src=\"https:\/\/www.lraloeverashop.eu\/wp-content\/uploads\/2022\/10\/Lr-Zeitgard-Pro-Anti-Aging-Device-in-use-1024x337.jpg\" alt=\"Lr Zeitgard Pro Anti Aging Device in use\" width=\"1170\" height=\"385\" srcset=\"https:\/\/www.lraloeverashop.eu\/wp-content\/uploads\/2022\/10\/Lr-Zeitgard-Pro-Anti-Aging-Device-in-use-1024x337.jpg 1024w, https:\/\/www.lraloeverashop.eu\/wp-content\/uploads\/2022\/10\/Lr-Zeitgard-Pro-Anti-Aging-Device-in-use-600x198.jpg 600w, https:\/\/www.lraloeverashop.eu\/wp-content\/uploads\/2022\/10\/Lr-Zeitgard-Pro-Anti-Aging-Device-in-use-300x99.jpg 300w, https:\/\/www.lraloeverashop.eu\/wp-content\/uploads\/2022\/10\/Lr-Zeitgard-Pro-Anti-Aging-Device-in-use-768x253.jpg 768w, https:\/\/www.lraloeverashop.eu\/wp-content\/uploads\/2022\/10\/Lr-Zeitgard-Pro-Anti-Aging-Device-in-use-1536x506.jpg 1536w, https:\/\/www.lraloeverashop.eu\/wp-content\/uploads\/2022\/10\/Lr-Zeitgard-Pro-Anti-Aging-Device-in-use-2048x674.jpg 2048w\" sizes=\"auto, (max-width: 1170px) 100vw, 1170px\" \/><\/p>\n<p>&nbsp;<\/p>\n<h3><span style=\"font-size: 16pt;\"><strong>Consejo de uso hasta 40 a\u00f1os<\/strong><\/span><\/h3>\n<p>Aplica tu Crema Nanogold o Platinum. Distribuya peque\u00f1as gotas de Crema en su rostro y masajee con el Kit Antiarrugas Zeitgard Pro. Trate los lados izquierdo y derecho de la cara y la frente durante 30 segundos cada uno.<br \/>\nPreste atenci\u00f3n a los movimientos circulares de adentro hacia afuera y de abajo hacia arriba.<\/p>\n","protected":false},"excerpt":{"rendered":"<ul>\n<li>Kit para el tratamiento antiedad<\/li>\n<li>1 x Zeitgard Pro, 1 x accesorio de Antiarrugas Zeitgard<\/li>\n<li>Apoya los contornos de la cara y la piel se ve uniforme.<\/li>\n<li>Para todo tipo de pieles con signos de envejecimiento<\/li>\n<li>Estudio de belleza en casa<\/li>\n<li>Hecho en Alemania<\/li>\n<\/ul>\n<p><span style=\"color: #ff0000;\"><a style=\"color: #ff0000;\" href=\"https:\/\/shop.lrworld.com\/openpao?PHP=0vFlt7jT938BEnBI3a6e9w%3D%3D\"><span style=\"font-size: 14pt;\"><strong>Reg\u00edstrate aqu\u00ed y ahorra 35% en cada compra<\/strong><\/span><\/a><\/span><\/p>\n","protected":false},"featured_media":6017,"comment_status":"open","ping_status":"closed","template":"","meta":{"_kad_blocks_custom_css":"","_kad_blocks_head_custom_js":"","_kad_blocks_body_custom_js":"","_kad_blocks_footer_custom_js":"","_kadence_starter_templates_imported_post":false,"_kad_post_transparent":"default","_kad_post_title":"","_kad_post_layout":"default","_kad_post_sidebar_id":"","_kad_post_content_style":"default","_kad_post_vertical_padding":"default","_kad_post_feature":"","_kad_post_feature_position":"","_kad_post_header":false,"_kad_post_footer":false,"_kad_post_classname":""},"product_brand":[],"product_cat":[271,277,289,283,361],"product_tag":[709,708],"class_list":{"0":"post-8761","1":"product","2":"type-product","3":"status-publish","4":"has-post-thumbnail","6":"product_cat-cuidado-antiedad","7":"product_cat-hombres-a-partir-de-25-anos","8":"product_cat-mujeres-hasta-40","9":"product_cat-mujeres-mayores-de-40","10":"product_cat-zeitgard-pro-es","11":"product_tag-para-las-arrugas-debajo-de-los-ojos","12":"product_tag-para-las-arrugas-en-la-cara","14":"first","15":"instock","16":"taxable","17":"shipping-taxable","18":"purchasable","19":"product-type-simple","20":"entry","21":"content-bg","22":"loop-entry"},"yoast_head":"<!-- This site is optimized with the Yoast SEO Premium plugin v27.4 (Yoast SEO v27.4) - https:\/\/yoast.com\/product\/yoast-seo-premium-wordpress\/ -->\n<title>Kit Antiarrugas Zeitgard Pro para el tratamiento anti edad<\/title>\n<meta name=\"description\" content=\"Kit Antiarrugas Zeitgard Pro es tu nuevo Estudio de belleza en casa. Para todo tipo de pieles con signos de envejecimiento. Para piel m\u00e1s firme y tonificada\" \/>\n<meta name=\"robots\" content=\"index, follow, max-snippet:-1, max-image-preview:large, max-video-preview:-1\" \/>\n<link rel=\"canonical\" href=\"https:\/\/www.lraloeverashop.eu\/es\/producto\/kit-antiarrugas-zeitgard-pro\/\" \/>\n<meta property=\"og:locale\" content=\"es_ES\" \/>\n<meta property=\"og:type\" content=\"article\" \/>\n<meta property=\"og:title\" content=\"Kit Antiarrugas Zeitgard Pro\" \/>\n<meta property=\"og:description\" content=\"Kit Antiarrugas Zeitgard Pro es tu nuevo Estudio de belleza en casa. Para todo tipo de pieles con signos de envejecimiento. Para piel m\u00e1s firme y tonificada\" \/>\n<meta property=\"og:url\" content=\"https:\/\/www.lraloeverashop.eu\/es\/producto\/kit-antiarrugas-zeitgard-pro\/\" \/>\n<meta property=\"og:site_name\" content=\"Lr Tienda Aloe Vera\" \/>\n<meta property=\"article:publisher\" content=\"https:\/\/www.facebook.com\/lraloeverashop.eu\" \/>\n<meta property=\"article:modified_time\" content=\"2026-02-09T03:42:27+00:00\" \/>\n<meta property=\"og:image\" content=\"https:\/\/www.lraloeverashop.eu\/wp-content\/uploads\/2022\/10\/Zeitgard-Anti-Aging-Kit.jpg\" \/>\n\t<meta property=\"og:image:width\" content=\"1200\" \/>\n\t<meta property=\"og:image:height\" content=\"1200\" \/>\n\t<meta property=\"og:image:type\" content=\"image\/jpeg\" \/>\n<meta name=\"twitter:card\" content=\"summary_large_image\" \/>\n<meta name=\"twitter:site\" content=\"@natur__kosmetik\" \/>\n<script type=\"application\/ld+json\" class=\"yoast-schema-graph\">{\"@context\":\"https:\\\/\\\/schema.org\",\"@graph\":[{\"@type\":[\"WebPage\",\"ItemPage\"],\"@id\":\"https:\\\/\\\/www.lraloeverashop.eu\\\/es\\\/producto\\\/kit-antiarrugas-zeitgard-pro\\\/\",\"url\":\"https:\\\/\\\/www.lraloeverashop.eu\\\/es\\\/producto\\\/kit-antiarrugas-zeitgard-pro\\\/\",\"name\":\"Kit Antiarrugas Zeitgard Pro para el tratamiento anti edad\",\"isPartOf\":{\"@id\":\"https:\\\/\\\/www.lraloeverashop.eu\\\/es\\\/#website\"},\"primaryImageOfPage\":{\"@id\":\"https:\\\/\\\/www.lraloeverashop.eu\\\/es\\\/producto\\\/kit-antiarrugas-zeitgard-pro\\\/#primaryimage\"},\"image\":{\"@id\":\"https:\\\/\\\/www.lraloeverashop.eu\\\/es\\\/producto\\\/kit-antiarrugas-zeitgard-pro\\\/#primaryimage\"},\"thumbnailUrl\":\"https:\\\/\\\/www.lraloeverashop.eu\\\/wp-content\\\/uploads\\\/2022\\\/10\\\/Zeitgard-Anti-Aging-Kit.jpg\",\"datePublished\":\"2022-10-21T12:17:50+00:00\",\"dateModified\":\"2026-02-09T03:42:27+00:00\",\"description\":\"Kit Antiarrugas Zeitgard Pro es tu nuevo Estudio de belleza en casa. Para todo tipo de pieles con signos de envejecimiento. Para piel m\u00e1s firme y tonificada\",\"breadcrumb\":{\"@id\":\"https:\\\/\\\/www.lraloeverashop.eu\\\/es\\\/producto\\\/kit-antiarrugas-zeitgard-pro\\\/#breadcrumb\"},\"inLanguage\":\"es\",\"potentialAction\":[{\"@type\":\"ReadAction\",\"target\":[\"https:\\\/\\\/www.lraloeverashop.eu\\\/es\\\/producto\\\/kit-antiarrugas-zeitgard-pro\\\/\"]}]},{\"@type\":\"ImageObject\",\"inLanguage\":\"es\",\"@id\":\"https:\\\/\\\/www.lraloeverashop.eu\\\/es\\\/producto\\\/kit-antiarrugas-zeitgard-pro\\\/#primaryimage\",\"url\":\"https:\\\/\\\/www.lraloeverashop.eu\\\/wp-content\\\/uploads\\\/2022\\\/10\\\/Zeitgard-Anti-Aging-Kit.jpg\",\"contentUrl\":\"https:\\\/\\\/www.lraloeverashop.eu\\\/wp-content\\\/uploads\\\/2022\\\/10\\\/Zeitgard-Anti-Aging-Kit.jpg\",\"width\":1200,\"height\":1200,\"caption\":\"Kit antiedad Zeitgard Pro\"},{\"@type\":\"BreadcrumbList\",\"@id\":\"https:\\\/\\\/www.lraloeverashop.eu\\\/es\\\/producto\\\/kit-antiarrugas-zeitgard-pro\\\/#breadcrumb\",\"itemListElement\":[{\"@type\":\"ListItem\",\"position\":1,\"name\":\"Home\",\"item\":\"https:\\\/\\\/www.lraloeverashop.eu\\\/es\\\/\"},{\"@type\":\"ListItem\",\"position\":2,\"name\":\"Tienda\",\"item\":\"https:\\\/\\\/www.lraloeverashop.eu\\\/es\\\/tienda\\\/\"},{\"@type\":\"ListItem\",\"position\":3,\"name\":\"Kit Antiarrugas Zeitgard Pro\"}]},{\"@type\":\"WebSite\",\"@id\":\"https:\\\/\\\/www.lraloeverashop.eu\\\/es\\\/#website\",\"url\":\"https:\\\/\\\/www.lraloeverashop.eu\\\/es\\\/\",\"name\":\"Lr Tienda Aloe Vera\",\"description\":\"High Quality Lr Aloe Vera Gel, Aloe Vera Cream and Shampoo\",\"publisher\":{\"@id\":\"https:\\\/\\\/www.lraloeverashop.eu\\\/es\\\/#organization\"},\"potentialAction\":[{\"@type\":\"SearchAction\",\"target\":{\"@type\":\"EntryPoint\",\"urlTemplate\":\"https:\\\/\\\/www.lraloeverashop.eu\\\/es\\\/?s={search_term_string}\"},\"query-input\":{\"@type\":\"PropertyValueSpecification\",\"valueRequired\":true,\"valueName\":\"search_term_string\"}}],\"inLanguage\":\"es\"},{\"@type\":\"Organization\",\"@id\":\"https:\\\/\\\/www.lraloeverashop.eu\\\/es\\\/#organization\",\"name\":\"Lr Tienda Aloe Vera\",\"alternateName\":\"LR\",\"url\":\"https:\\\/\\\/www.lraloeverashop.eu\\\/es\\\/\",\"logo\":{\"@type\":\"ImageObject\",\"inLanguage\":\"es\",\"@id\":\"https:\\\/\\\/www.lraloeverashop.eu\\\/es\\\/#\\\/schema\\\/logo\\\/image\\\/\",\"url\":\"https:\\\/\\\/www.lraloeverashop.eu\\\/wp-content\\\/uploads\\\/2022\\\/09\\\/cropped-Lr-Aloe-Vera-Shop.jpg\",\"contentUrl\":\"https:\\\/\\\/www.lraloeverashop.eu\\\/wp-content\\\/uploads\\\/2022\\\/09\\\/cropped-Lr-Aloe-Vera-Shop.jpg\",\"width\":228,\"height\":76,\"caption\":\"Lr Tienda Aloe Vera\"},\"image\":{\"@id\":\"https:\\\/\\\/www.lraloeverashop.eu\\\/es\\\/#\\\/schema\\\/logo\\\/image\\\/\"},\"sameAs\":[\"https:\\\/\\\/www.facebook.com\\\/lraloeverashop.eu\",\"https:\\\/\\\/x.com\\\/natur__kosmetik\",\"https:\\\/\\\/www.youtube.com\\\/channel\\\/UC5oN7BJ8nfYb8RpVtjwDEBA\",\"https:\\\/\\\/www.instagram.com\\\/lrbeautyeu\\\/\"],\"description\":\"La tienda Lr Aloe Vera es tu destino de confianza para productos premium de salud y belleza LR, fabricados en Alemania. Ofrecemos soluciones de alta calidad para el cuidado de la piel, nutrici\u00f3n y antienvejecimiento con Aloe Vera, elaboradas con ingredientes puros y respaldadas por investigaci\u00f3n cient\u00edfica. Descubre un cuidado natural que regenera, protege y revitaliza tu piel, y disfruta de ofertas mensuales exclusivas en nuestros productos LR Aloe Vera m\u00e1s vendidos.\\n\\nComienza hoy mismo tu camino hacia el cuidado natural de la piel y siente la diferencia.\",\"email\":\"info@lraloeverashop.eu\",\"telephone\":\"+49 17670609653\",\"legalName\":\"Lr Aloe Vera Shop\",\"foundingDate\":\"2018-04-21\",\"numberOfEmployees\":{\"@type\":\"QuantitativeValue\",\"minValue\":\"1\",\"maxValue\":\"10\"}}]}<\/script>\n<meta property=\"product:price:amount\" content=\"335.99\" \/>\n<meta property=\"product:price:currency\" content=\"EUR\" \/>\n<meta property=\"og:availability\" content=\"instock\" \/>\n<meta property=\"product:availability\" content=\"instock\" \/>\n<meta property=\"product:retailer_item_id\" content=\"70110-3ES\" \/>\n<meta property=\"product:condition\" content=\"new\" \/>\n<!-- \/ Yoast SEO Premium plugin. -->","yoast_head_json":{"title":"Kit Antiarrugas Zeitgard Pro para el tratamiento anti edad","description":"Kit Antiarrugas Zeitgard Pro es tu nuevo Estudio de belleza en casa. Para todo tipo de pieles con signos de envejecimiento. Para piel m\u00e1s firme y tonificada","robots":{"index":"index","follow":"follow","max-snippet":"max-snippet:-1","max-image-preview":"max-image-preview:large","max-video-preview":"max-video-preview:-1"},"canonical":"https:\/\/www.lraloeverashop.eu\/es\/producto\/kit-antiarrugas-zeitgard-pro\/","og_locale":"es_ES","og_type":"article","og_title":"Kit Antiarrugas Zeitgard Pro","og_description":"Kit Antiarrugas Zeitgard Pro es tu nuevo Estudio de belleza en casa. Para todo tipo de pieles con signos de envejecimiento. Para piel m\u00e1s firme y tonificada","og_url":"https:\/\/www.lraloeverashop.eu\/es\/producto\/kit-antiarrugas-zeitgard-pro\/","og_site_name":"Lr Tienda Aloe Vera","article_publisher":"https:\/\/www.facebook.com\/lraloeverashop.eu","article_modified_time":"2026-02-09T03:42:27+00:00","og_image":[{"width":1200,"height":1200,"url":"https:\/\/www.lraloeverashop.eu\/wp-content\/uploads\/2022\/10\/Zeitgard-Anti-Aging-Kit.jpg","type":"image\/jpeg"}],"twitter_card":"summary_large_image","twitter_site":"@natur__kosmetik","schema":{"@context":"https:\/\/schema.org","@graph":[{"@type":["WebPage","ItemPage"],"@id":"https:\/\/www.lraloeverashop.eu\/es\/producto\/kit-antiarrugas-zeitgard-pro\/","url":"https:\/\/www.lraloeverashop.eu\/es\/producto\/kit-antiarrugas-zeitgard-pro\/","name":"Kit Antiarrugas Zeitgard Pro para el tratamiento anti edad","isPartOf":{"@id":"https:\/\/www.lraloeverashop.eu\/es\/#website"},"primaryImageOfPage":{"@id":"https:\/\/www.lraloeverashop.eu\/es\/producto\/kit-antiarrugas-zeitgard-pro\/#primaryimage"},"image":{"@id":"https:\/\/www.lraloeverashop.eu\/es\/producto\/kit-antiarrugas-zeitgard-pro\/#primaryimage"},"thumbnailUrl":"https:\/\/www.lraloeverashop.eu\/wp-content\/uploads\/2022\/10\/Zeitgard-Anti-Aging-Kit.jpg","datePublished":"2022-10-21T12:17:50+00:00","dateModified":"2026-02-09T03:42:27+00:00","description":"Kit Antiarrugas Zeitgard Pro es tu nuevo Estudio de belleza en casa. Para todo tipo de pieles con signos de envejecimiento. Para piel m\u00e1s firme y tonificada","breadcrumb":{"@id":"https:\/\/www.lraloeverashop.eu\/es\/producto\/kit-antiarrugas-zeitgard-pro\/#breadcrumb"},"inLanguage":"es","potentialAction":[{"@type":"ReadAction","target":["https:\/\/www.lraloeverashop.eu\/es\/producto\/kit-antiarrugas-zeitgard-pro\/"]}]},{"@type":"ImageObject","inLanguage":"es","@id":"https:\/\/www.lraloeverashop.eu\/es\/producto\/kit-antiarrugas-zeitgard-pro\/#primaryimage","url":"https:\/\/www.lraloeverashop.eu\/wp-content\/uploads\/2022\/10\/Zeitgard-Anti-Aging-Kit.jpg","contentUrl":"https:\/\/www.lraloeverashop.eu\/wp-content\/uploads\/2022\/10\/Zeitgard-Anti-Aging-Kit.jpg","width":1200,"height":1200,"caption":"Kit antiedad Zeitgard Pro"},{"@type":"BreadcrumbList","@id":"https:\/\/www.lraloeverashop.eu\/es\/producto\/kit-antiarrugas-zeitgard-pro\/#breadcrumb","itemListElement":[{"@type":"ListItem","position":1,"name":"Home","item":"https:\/\/www.lraloeverashop.eu\/es\/"},{"@type":"ListItem","position":2,"name":"Tienda","item":"https:\/\/www.lraloeverashop.eu\/es\/tienda\/"},{"@type":"ListItem","position":3,"name":"Kit Antiarrugas Zeitgard Pro"}]},{"@type":"WebSite","@id":"https:\/\/www.lraloeverashop.eu\/es\/#website","url":"https:\/\/www.lraloeverashop.eu\/es\/","name":"Lr Tienda Aloe Vera","description":"High Quality Lr Aloe Vera Gel, Aloe Vera Cream and Shampoo","publisher":{"@id":"https:\/\/www.lraloeverashop.eu\/es\/#organization"},"potentialAction":[{"@type":"SearchAction","target":{"@type":"EntryPoint","urlTemplate":"https:\/\/www.lraloeverashop.eu\/es\/?s={search_term_string}"},"query-input":{"@type":"PropertyValueSpecification","valueRequired":true,"valueName":"search_term_string"}}],"inLanguage":"es"},{"@type":"Organization","@id":"https:\/\/www.lraloeverashop.eu\/es\/#organization","name":"Lr Tienda Aloe Vera","alternateName":"LR","url":"https:\/\/www.lraloeverashop.eu\/es\/","logo":{"@type":"ImageObject","inLanguage":"es","@id":"https:\/\/www.lraloeverashop.eu\/es\/#\/schema\/logo\/image\/","url":"https:\/\/www.lraloeverashop.eu\/wp-content\/uploads\/2022\/09\/cropped-Lr-Aloe-Vera-Shop.jpg","contentUrl":"https:\/\/www.lraloeverashop.eu\/wp-content\/uploads\/2022\/09\/cropped-Lr-Aloe-Vera-Shop.jpg","width":228,"height":76,"caption":"Lr Tienda Aloe Vera"},"image":{"@id":"https:\/\/www.lraloeverashop.eu\/es\/#\/schema\/logo\/image\/"},"sameAs":["https:\/\/www.facebook.com\/lraloeverashop.eu","https:\/\/x.com\/natur__kosmetik","https:\/\/www.youtube.com\/channel\/UC5oN7BJ8nfYb8RpVtjwDEBA","https:\/\/www.instagram.com\/lrbeautyeu\/"],"description":"La tienda Lr Aloe Vera es tu destino de confianza para productos premium de salud y belleza LR, fabricados en Alemania. Ofrecemos soluciones de alta calidad para el cuidado de la piel, nutrici\u00f3n y antienvejecimiento con Aloe Vera, elaboradas con ingredientes puros y respaldadas por investigaci\u00f3n cient\u00edfica. Descubre un cuidado natural que regenera, protege y revitaliza tu piel, y disfruta de ofertas mensuales exclusivas en nuestros productos LR Aloe Vera m\u00e1s vendidos.\n\nComienza hoy mismo tu camino hacia el cuidado natural de la piel y siente la diferencia.","email":"info@lraloeverashop.eu","telephone":"+49 17670609653","legalName":"Lr Aloe Vera Shop","foundingDate":"2018-04-21","numberOfEmployees":{"@type":"QuantitativeValue","minValue":"1","maxValue":"10"}}]},"product_price_amount":"335.99","product_price_currency":"EUR","og_availability":"instock","product_availability":"instock","product_retailer_item_id":"70110-3ES","product_condition":"new"},"taxonomy_info":{"product_cat":[{"value":271,"label":"Cuidado antiedad"},{"value":277,"label":"Hombres a partir de 25 a\u00f1os"},{"value":289,"label":"Mujeres hasta 40"},{"value":283,"label":"Mujeres mayores de 40"},{"value":361,"label":"Zeitgard Pro"}],"product_tag":[{"value":709,"label":"para las arrugas debajo de los ojos"},{"value":708,"label":"para las arrugas en la cara"}]},"featured_image_src_large":["https:\/\/www.lraloeverashop.eu\/wp-content\/uploads\/2022\/10\/Zeitgard-Anti-Aging-Kit-1024x1024.jpg",1024,1024,true],"author_info":[],"comment_info":0,"_links":{"self":[{"href":"https:\/\/www.lraloeverashop.eu\/es\/wp-json\/wp\/v2\/product\/8761","targetHints":{"allow":["GET"]}}],"collection":[{"href":"https:\/\/www.lraloeverashop.eu\/es\/wp-json\/wp\/v2\/product"}],"about":[{"href":"https:\/\/www.lraloeverashop.eu\/es\/wp-json\/wp\/v2\/types\/product"}],"replies":[{"embeddable":true,"href":"https:\/\/www.lraloeverashop.eu\/es\/wp-json\/wp\/v2\/comments?post=8761"}],"wp:featuredmedia":[{"embeddable":true,"href":"https:\/\/www.lraloeverashop.eu\/es\/wp-json\/wp\/v2\/media\/6017"}],"wp:attachment":[{"href":"https:\/\/www.lraloeverashop.eu\/es\/wp-json\/wp\/v2\/media?parent=8761"}],"wp:term":[{"taxonomy":"product_brand","embeddable":true,"href":"https:\/\/www.lraloeverashop.eu\/es\/wp-json\/wp\/v2\/product_brand?post=8761"},{"taxonomy":"product_cat","embeddable":true,"href":"https:\/\/www.lraloeverashop.eu\/es\/wp-json\/wp\/v2\/product_cat?post=8761"},{"taxonomy":"product_tag","embeddable":true,"href":"https:\/\/www.lraloeverashop.eu\/es\/wp-json\/wp\/v2\/product_tag?post=8761"}],"curies":[{"name":"wp","href":"https:\/\/api.w.org\/{rel}","templated":true}]}}