{"id":8729,"date":"2022-10-22T07:09:06","date_gmt":"2022-10-22T05:09:06","guid":{"rendered":"https:\/\/www.lraloeverashop.eu\/product\/zeitgard-pro-set-de-limpieza-facial\/"},"modified":"2026-02-09T04:41:55","modified_gmt":"2026-02-09T03:41:55","slug":"zeitgard-pro-set-de-limpieza-facial","status":"publish","type":"product","link":"https:\/\/www.lraloeverashop.eu\/es\/producto\/zeitgard-pro-set-de-limpieza-facial\/","title":{"rendered":"Zeitgard Pro Set de Limpieza Facial"},"content":{"rendered":"<h2><span style=\"font-size: 16pt; color: #000000;\"><strong>Zeitgard Pro Set de Limpieza Facial<\/strong><\/span><\/h2>\n<p><span style=\"font-size: 14pt;\"><strong>Zeitgard Pro Set de Limpieza Facial Limpia hasta 10 veces m\u00e1s eficazmente que la limpieza manual<\/strong><\/span><\/p>\n<p>La limpieza manual convencional suele dejar las part\u00edculas m\u00e1s finas de suciedad y restos de maquillaje en nuestro rostro. El Zeitgard Pro Set de Limpieza Facial optimiza nuestra limpieza facial diaria, dejando solo la piel limpia hasta los poros con un efecto &#8220;wow&#8221;.<\/p>\n<p>Cientos de innovadores <a href=\"https:\/\/www.lraloeverashop.eu\/es\/producto\/adaptador-con-cepillo-zeitgard-pro\/\">cepillos de filamentos<\/a> (cerdas) se deslizan sobre la piel, eliminando los residuos que pueden obstruir los poros y hacer que la tez luzca p\u00e1lida. El tratamiento diario limpia eficazmente la piel y refresca la tez. Se ha demostrado que su eficacia es hasta 10 veces mayor que la limpieza manual. *<\/p>\n<p>&nbsp;<\/p>\n<h3><span style=\"font-size: 16pt;\"><strong>C\u00f3mo utilizar<\/strong><\/span><\/h3>\n<p>Idealmente, debe comenzar el d\u00eda con el jZeitgard Pro Set de Limpieza Facial. Comienza humedeciendo tu rostro y aplicando tu Crema Limpiadora Lr Zeitgard. La Crema Limpiadora Lr Zeitgard ha sido dise\u00f1ada para funcionar perfectamente con el Cepillo Limpiador Facial. Los <a href=\"https:\/\/www.lraloeverashop.eu\/es\/producto\/cepillo-facial-electrico-zeitgard-pro\/\">movimientos oscilantes<\/a> del dispositivo crean una espuma suave que elimina con suavidad y eficacia la suciedad y el exceso de sebo. La crema limpiadora Lr Zeitgard no da\u00f1a la capa protectora natural de la piel y, en combinaci\u00f3n con el cepillo limpiador facial, es 10 veces m\u00e1s eficaz que la limpieza manual.<\/p>\n<p>Coloque el adaptador del cepillo de limpieza y luego el cepillo de limpieza facial en su dispositivo. Los filamentos redondeados y antibacterianos del cepillo de limpieza facial se mueven hacia adelante y hacia atr\u00e1s a la velocidad del rayo, de forma similar a un cepillo de dientes el\u00e9ctrico, y brindan a su piel una limpieza profunda que, sin embargo, es suave. Encienda su Zeitgard Pro y use el cepillo de limpieza facial para tratar suavemente las secciones deseadas de su rostro.<\/p>\n<p>Depende de ti por cu\u00e1nto tiempo y con cu\u00e1nta presi\u00f3n mueves el cepillo sobre tu cara. Si la sensaci\u00f3n es desagradable, reduzca la presi\u00f3n o pase a la siguiente secci\u00f3n de su rostro. El movimiento oscilante y vibratorio del cepillo de limpieza facial Zeitgard Pro estimula el flujo sangu\u00edneo, haciendo que su piel brille y luzca saludable. Completa tu rutina de limpieza con el T\u00f3nico Facial Lr Zeitgard. Su piel est\u00e1 despierta ahora y lista para su rutina de cuidado diario.<\/p>\n<p>Por la noche, debes limpiar cada secci\u00f3n de tu rostro durante 20-30 segundos, dependiendo del maquillaje que hayas usado. Una vez m\u00e1s completa tu rutina de limpieza con el <a href=\"https:\/\/www.lraloeverashop.eu\/es\/producto\/tonico-facial-zeitgard-pro\/\">T\u00f3nico Facial Lr Zeitgard<\/a>, que permitir\u00e1 que cualquier crema de noche que utilices haga pleno efecto sobre tu piel completamente limpia. Recomendamos cambiar el cepillo de limpieza facial por el <a href=\"https:\/\/www.lraloeverashop.eu\/es\/producto\/accesorio-de-exfoliacion-zeitgard-pro\/\">accesorio de exfoliaci\u00f3n facial<\/a> para una desintoxicaci\u00f3n intensa dos veces por semana.<\/p>\n<p>&nbsp;<\/p>\n<p><img loading=\"lazy\" decoding=\"async\" class=\"aligncenter size-large wp-image-6107\" src=\"https:\/\/www.lraloeverashop.eu\/wp-content\/uploads\/2022\/10\/Lr-Zeitgard-Pro-Face-Cleansing-Brush-in-use-1024x360.jpg\" alt=\"Lr Zeitgard Pro cepillo de limpieza facial en uso\" width=\"1024\" height=\"360\" srcset=\"https:\/\/www.lraloeverashop.eu\/wp-content\/uploads\/2022\/10\/Lr-Zeitgard-Pro-Face-Cleansing-Brush-in-use-1024x360.jpg 1024w, https:\/\/www.lraloeverashop.eu\/wp-content\/uploads\/2022\/10\/Lr-Zeitgard-Pro-Face-Cleansing-Brush-in-use-600x211.jpg 600w, https:\/\/www.lraloeverashop.eu\/wp-content\/uploads\/2022\/10\/Lr-Zeitgard-Pro-Face-Cleansing-Brush-in-use-300x105.jpg 300w, https:\/\/www.lraloeverashop.eu\/wp-content\/uploads\/2022\/10\/Lr-Zeitgard-Pro-Face-Cleansing-Brush-in-use-768x270.jpg 768w, https:\/\/www.lraloeverashop.eu\/wp-content\/uploads\/2022\/10\/Lr-Zeitgard-Pro-Face-Cleansing-Brush-in-use-1536x540.jpg 1536w, https:\/\/www.lraloeverashop.eu\/wp-content\/uploads\/2022\/10\/Lr-Zeitgard-Pro-Face-Cleansing-Brush-in-use-2048x720.jpg 2048w\" sizes=\"auto, (max-width: 1024px) 100vw, 1024px\" \/><\/p>\n<h3><span style=\"font-size: 16pt;\"><strong>El resultado:<\/strong><\/span><\/h3>\n<ul>\n<li>Mejora de la textura de la piel a trav\u00e9s de una <a href=\"https:\/\/www.lraloeverashop.eu\/es\/producto\/cepillo-limpieza-facial-zeitgard-pro\/\">limpieza profunda<\/a><\/li>\n<li>Mejor preparaci\u00f3n para los siguientes pasos del cuidado de la piel<\/li>\n<li>Tez fresca despu\u00e9s de la estimulaci\u00f3n de la circulaci\u00f3n sangu\u00ednea.<\/li>\n<\/ul>\n<p>La tecnolog\u00eda antibacteriana Microsilver en los filamentos del cepillo es \u00fanica: mantiene el cepillo higi\u00e9nicamente limpio hasta por 3 meses<\/p>\n<p>Experimente el efecto de una limpieza eficaz con el cepillo limpiador Zeitgard Pro para una belleza atemporal.<\/p>\n<p>*Seg\u00fan un estudio cient\u00edfico realizado por el renombrado Dermatest Institute GmbH. Per\u00edodo de solicitud: 6 semanas (finales de enero a principios de marzo de 2015), n\u00famero de asignaturas: 40<\/p>\n","protected":false},"excerpt":{"rendered":"<ul>\n<li>El Set incluye un Zeitgard Pro, un adaptador, un cepillo y una crema limpiadora<\/li>\n<li>Limpia hasta 10 veces m\u00e1s eficazmente que la limpieza manual<\/li>\n<li>Consigue una tez afinada y alisada<\/li>\n<li>Adecuado para la limpieza facial diaria.<\/li>\n<li>Ideal para todo tipo de piel<\/li>\n<li>Hecho en Alemania<\/li>\n<\/ul>\n<p><span style=\"color: #ff0000;\"><a style=\"color: #ff0000;\" href=\"https:\/\/shop.lrworld.com\/openpao?PHP=0vFlt7jT938BEnBI3a6e9w%3D%3D\"><span style=\"font-size: 14pt;\"><strong>Reg\u00edstrate aqu\u00ed y ahorra 35% en cada compra<\/strong><\/span><\/a><\/span><\/p>\n","protected":false},"featured_media":6047,"comment_status":"open","ping_status":"closed","template":"","meta":{"_kad_blocks_custom_css":"","_kad_blocks_head_custom_js":"","_kad_blocks_body_custom_js":"","_kad_blocks_footer_custom_js":"","_kadence_starter_templates_imported_post":false,"_kad_post_transparent":"default","_kad_post_title":"","_kad_post_layout":"default","_kad_post_sidebar_id":"","_kad_post_content_style":"default","_kad_post_vertical_padding":"default","_kad_post_feature":"","_kad_post_feature_position":"","_kad_post_header":false,"_kad_post_footer":false,"_kad_post_classname":""},"product_brand":[],"product_cat":[271,277,289,283,356,397,361],"product_tag":[690],"class_list":{"0":"post-8729","1":"product","2":"type-product","3":"status-publish","4":"has-post-thumbnail","6":"product_cat-cuidado-antiedad","7":"product_cat-hombres-a-partir-de-25-anos","8":"product_cat-mujeres-hasta-40","9":"product_cat-mujeres-mayores-de-40","10":"product_cat-ventas","11":"product_cat-zeitgard-es","12":"product_cat-zeitgard-pro-es","13":"product_tag-para-limpieza-de-rostro","15":"first","16":"instock","17":"sale","18":"taxable","19":"shipping-taxable","20":"purchasable","21":"product-type-simple","22":"entry","23":"content-bg","24":"loop-entry"},"yoast_head":"<!-- This site is optimized with the Yoast SEO Premium plugin v27.5 (Yoast SEO v27.5) - https:\/\/yoast.com\/product\/yoast-seo-premium-wordpress\/ -->\n<title>Zeitgard Pro Set de Limpieza Facial ideal para todo tipo de piel<\/title>\n<meta name=\"description\" content=\"Zeitgard Pro Set de Limpieza Facial Limpia hasta 10 veces m\u00e1s eficazmente que la limpieza manual. Con Zeitgard Pro, adaptador, cepillo y crema limpiadora\" \/>\n<meta name=\"robots\" content=\"index, follow, max-snippet:-1, max-image-preview:large, max-video-preview:-1\" \/>\n<link rel=\"canonical\" href=\"https:\/\/www.lraloeverashop.eu\/es\/producto\/zeitgard-pro-set-de-limpieza-facial\/\" \/>\n<meta property=\"og:locale\" content=\"es_ES\" \/>\n<meta property=\"og:type\" content=\"article\" \/>\n<meta property=\"og:title\" content=\"Zeitgard Pro Set de Limpieza Facial\" \/>\n<meta property=\"og:description\" content=\"Zeitgard Pro Set de Limpieza Facial Limpia hasta 10 veces m\u00e1s eficazmente que la limpieza manual. Con Zeitgard Pro, adaptador, cepillo y crema limpiadora\" \/>\n<meta property=\"og:url\" content=\"https:\/\/www.lraloeverashop.eu\/es\/producto\/zeitgard-pro-set-de-limpieza-facial\/\" \/>\n<meta property=\"og:site_name\" content=\"Lr Tienda Aloe Vera\" \/>\n<meta property=\"article:publisher\" content=\"https:\/\/www.facebook.com\/lraloeverashop.eu\" \/>\n<meta property=\"article:modified_time\" content=\"2026-02-09T03:41:55+00:00\" \/>\n<meta property=\"og:image\" content=\"https:\/\/www.lraloeverashop.eu\/wp-content\/uploads\/2022\/10\/Zeitgard-Pro-Cleansing-Set.jpg\" \/>\n\t<meta property=\"og:image:width\" content=\"1200\" \/>\n\t<meta property=\"og:image:height\" content=\"1200\" \/>\n\t<meta property=\"og:image:type\" content=\"image\/jpeg\" \/>\n<meta name=\"twitter:card\" content=\"summary_large_image\" \/>\n<meta name=\"twitter:site\" content=\"@natur__kosmetik\" \/>\n<script type=\"application\/ld+json\" class=\"yoast-schema-graph\">{\"@context\":\"https:\\\/\\\/schema.org\",\"@graph\":[{\"@type\":[\"WebPage\",\"ItemPage\"],\"@id\":\"https:\\\/\\\/www.lraloeverashop.eu\\\/es\\\/producto\\\/zeitgard-pro-set-de-limpieza-facial\\\/\",\"url\":\"https:\\\/\\\/www.lraloeverashop.eu\\\/es\\\/producto\\\/zeitgard-pro-set-de-limpieza-facial\\\/\",\"name\":\"Zeitgard Pro Set de Limpieza Facial ideal para todo tipo de piel\",\"isPartOf\":{\"@id\":\"https:\\\/\\\/www.lraloeverashop.eu\\\/es\\\/#website\"},\"primaryImageOfPage\":{\"@id\":\"https:\\\/\\\/www.lraloeverashop.eu\\\/es\\\/producto\\\/zeitgard-pro-set-de-limpieza-facial\\\/#primaryimage\"},\"image\":{\"@id\":\"https:\\\/\\\/www.lraloeverashop.eu\\\/es\\\/producto\\\/zeitgard-pro-set-de-limpieza-facial\\\/#primaryimage\"},\"thumbnailUrl\":\"https:\\\/\\\/www.lraloeverashop.eu\\\/wp-content\\\/uploads\\\/2022\\\/10\\\/Zeitgard-Pro-Cleansing-Set.jpg\",\"datePublished\":\"2022-10-22T05:09:06+00:00\",\"dateModified\":\"2026-02-09T03:41:55+00:00\",\"description\":\"Zeitgard Pro Set de Limpieza Facial Limpia hasta 10 veces m\u00e1s eficazmente que la limpieza manual. Con Zeitgard Pro, adaptador, cepillo y crema limpiadora\",\"breadcrumb\":{\"@id\":\"https:\\\/\\\/www.lraloeverashop.eu\\\/es\\\/producto\\\/zeitgard-pro-set-de-limpieza-facial\\\/#breadcrumb\"},\"inLanguage\":\"es\",\"potentialAction\":[{\"@type\":\"ReadAction\",\"target\":[\"https:\\\/\\\/www.lraloeverashop.eu\\\/es\\\/producto\\\/zeitgard-pro-set-de-limpieza-facial\\\/\"]}]},{\"@type\":\"ImageObject\",\"inLanguage\":\"es\",\"@id\":\"https:\\\/\\\/www.lraloeverashop.eu\\\/es\\\/producto\\\/zeitgard-pro-set-de-limpieza-facial\\\/#primaryimage\",\"url\":\"https:\\\/\\\/www.lraloeverashop.eu\\\/wp-content\\\/uploads\\\/2022\\\/10\\\/Zeitgard-Pro-Cleansing-Set.jpg\",\"contentUrl\":\"https:\\\/\\\/www.lraloeverashop.eu\\\/wp-content\\\/uploads\\\/2022\\\/10\\\/Zeitgard-Pro-Cleansing-Set.jpg\",\"width\":1200,\"height\":1200,\"caption\":\"Set de limpieza facial Zeitgard Pro\"},{\"@type\":\"BreadcrumbList\",\"@id\":\"https:\\\/\\\/www.lraloeverashop.eu\\\/es\\\/producto\\\/zeitgard-pro-set-de-limpieza-facial\\\/#breadcrumb\",\"itemListElement\":[{\"@type\":\"ListItem\",\"position\":1,\"name\":\"Home\",\"item\":\"https:\\\/\\\/www.lraloeverashop.eu\\\/es\\\/tienda-aloe-vera-todo-para-tu-belleza-y-bienestar\\\/\"},{\"@type\":\"ListItem\",\"position\":2,\"name\":\"Tienda\",\"item\":\"https:\\\/\\\/www.lraloeverashop.eu\\\/es\\\/tienda\\\/\"},{\"@type\":\"ListItem\",\"position\":3,\"name\":\"Zeitgard Pro Set de Limpieza Facial\"}]},{\"@type\":\"WebSite\",\"@id\":\"https:\\\/\\\/www.lraloeverashop.eu\\\/es\\\/#website\",\"url\":\"https:\\\/\\\/www.lraloeverashop.eu\\\/es\\\/\",\"name\":\"Lr Tienda Aloe Vera\",\"description\":\"High Quality Lr Aloe Vera Gel, Aloe Vera Cream and Shampoo\",\"publisher\":{\"@id\":\"https:\\\/\\\/www.lraloeverashop.eu\\\/es\\\/#organization\"},\"alternateName\":\"LR\",\"potentialAction\":[{\"@type\":\"SearchAction\",\"target\":{\"@type\":\"EntryPoint\",\"urlTemplate\":\"https:\\\/\\\/www.lraloeverashop.eu\\\/es\\\/?s={search_term_string}\"},\"query-input\":{\"@type\":\"PropertyValueSpecification\",\"valueRequired\":true,\"valueName\":\"search_term_string\"}}],\"inLanguage\":\"es\"},{\"@type\":\"Organization\",\"@id\":\"https:\\\/\\\/www.lraloeverashop.eu\\\/es\\\/#organization\",\"name\":\"Lr Tienda Aloe Vera\",\"alternateName\":\"LR\",\"url\":\"https:\\\/\\\/www.lraloeverashop.eu\\\/es\\\/\",\"logo\":{\"@type\":\"ImageObject\",\"inLanguage\":\"es\",\"@id\":\"https:\\\/\\\/www.lraloeverashop.eu\\\/es\\\/#\\\/schema\\\/logo\\\/image\\\/\",\"url\":\"https:\\\/\\\/www.lraloeverashop.eu\\\/wp-content\\\/uploads\\\/2022\\\/09\\\/cropped-Lr-Aloe-Vera-Shop.jpg\",\"contentUrl\":\"https:\\\/\\\/www.lraloeverashop.eu\\\/wp-content\\\/uploads\\\/2022\\\/09\\\/cropped-Lr-Aloe-Vera-Shop.jpg\",\"width\":228,\"height\":76,\"caption\":\"Lr Tienda Aloe Vera\"},\"image\":{\"@id\":\"https:\\\/\\\/www.lraloeverashop.eu\\\/es\\\/#\\\/schema\\\/logo\\\/image\\\/\"},\"sameAs\":[\"https:\\\/\\\/www.facebook.com\\\/lraloeverashop.eu\",\"https:\\\/\\\/x.com\\\/natur__kosmetik\",\"https:\\\/\\\/www.youtube.com\\\/channel\\\/UC5oN7BJ8nfYb8RpVtjwDEBA\",\"https:\\\/\\\/www.instagram.com\\\/lrbeautyeu\\\/\"],\"description\":\"La tienda Lr Aloe Vera es tu destino de confianza para productos premium de salud y belleza LR, fabricados en Alemania. Ofrecemos soluciones de alta calidad para el cuidado de la piel, nutrici\u00f3n y antienvejecimiento con Aloe Vera, elaboradas con ingredientes puros y respaldadas por investigaci\u00f3n cient\u00edfica. Descubre un cuidado natural que regenera, protege y revitaliza tu piel, y disfruta de ofertas mensuales exclusivas en nuestros productos LR Aloe Vera m\u00e1s vendidos.\\n\\nComienza hoy mismo tu camino hacia el cuidado natural de la piel y siente la diferencia.\",\"email\":\"info@lraloeverashop.eu\",\"telephone\":\"+49 17670609653\",\"legalName\":\"Lr Aloe Vera Shop\",\"foundingDate\":\"2018-04-21\",\"numberOfEmployees\":{\"@type\":\"QuantitativeValue\",\"minValue\":\"1\",\"maxValue\":\"10\"}}]}<\/script>\n<meta property=\"product:price:amount\" content=\"179.99\" \/>\n<meta property=\"product:price:currency\" content=\"EUR\" \/>\n<meta property=\"og:availability\" content=\"instock\" \/>\n<meta property=\"product:availability\" content=\"instock\" \/>\n<meta property=\"product:retailer_item_id\" content=\"70106-1ES\" \/>\n<meta property=\"product:condition\" content=\"new\" \/>\n<!-- \/ Yoast SEO Premium plugin. -->","yoast_head_json":{"title":"Zeitgard Pro Set de Limpieza Facial ideal para todo tipo de piel","description":"Zeitgard Pro Set de Limpieza Facial Limpia hasta 10 veces m\u00e1s eficazmente que la limpieza manual. Con Zeitgard Pro, adaptador, cepillo y crema limpiadora","robots":{"index":"index","follow":"follow","max-snippet":"max-snippet:-1","max-image-preview":"max-image-preview:large","max-video-preview":"max-video-preview:-1"},"canonical":"https:\/\/www.lraloeverashop.eu\/es\/producto\/zeitgard-pro-set-de-limpieza-facial\/","og_locale":"es_ES","og_type":"article","og_title":"Zeitgard Pro Set de Limpieza Facial","og_description":"Zeitgard Pro Set de Limpieza Facial Limpia hasta 10 veces m\u00e1s eficazmente que la limpieza manual. Con Zeitgard Pro, adaptador, cepillo y crema limpiadora","og_url":"https:\/\/www.lraloeverashop.eu\/es\/producto\/zeitgard-pro-set-de-limpieza-facial\/","og_site_name":"Lr Tienda Aloe Vera","article_publisher":"https:\/\/www.facebook.com\/lraloeverashop.eu","article_modified_time":"2026-02-09T03:41:55+00:00","og_image":[{"width":1200,"height":1200,"url":"https:\/\/www.lraloeverashop.eu\/wp-content\/uploads\/2022\/10\/Zeitgard-Pro-Cleansing-Set.jpg","type":"image\/jpeg"}],"twitter_card":"summary_large_image","twitter_site":"@natur__kosmetik","schema":{"@context":"https:\/\/schema.org","@graph":[{"@type":["WebPage","ItemPage"],"@id":"https:\/\/www.lraloeverashop.eu\/es\/producto\/zeitgard-pro-set-de-limpieza-facial\/","url":"https:\/\/www.lraloeverashop.eu\/es\/producto\/zeitgard-pro-set-de-limpieza-facial\/","name":"Zeitgard Pro Set de Limpieza Facial ideal para todo tipo de piel","isPartOf":{"@id":"https:\/\/www.lraloeverashop.eu\/es\/#website"},"primaryImageOfPage":{"@id":"https:\/\/www.lraloeverashop.eu\/es\/producto\/zeitgard-pro-set-de-limpieza-facial\/#primaryimage"},"image":{"@id":"https:\/\/www.lraloeverashop.eu\/es\/producto\/zeitgard-pro-set-de-limpieza-facial\/#primaryimage"},"thumbnailUrl":"https:\/\/www.lraloeverashop.eu\/wp-content\/uploads\/2022\/10\/Zeitgard-Pro-Cleansing-Set.jpg","datePublished":"2022-10-22T05:09:06+00:00","dateModified":"2026-02-09T03:41:55+00:00","description":"Zeitgard Pro Set de Limpieza Facial Limpia hasta 10 veces m\u00e1s eficazmente que la limpieza manual. Con Zeitgard Pro, adaptador, cepillo y crema limpiadora","breadcrumb":{"@id":"https:\/\/www.lraloeverashop.eu\/es\/producto\/zeitgard-pro-set-de-limpieza-facial\/#breadcrumb"},"inLanguage":"es","potentialAction":[{"@type":"ReadAction","target":["https:\/\/www.lraloeverashop.eu\/es\/producto\/zeitgard-pro-set-de-limpieza-facial\/"]}]},{"@type":"ImageObject","inLanguage":"es","@id":"https:\/\/www.lraloeverashop.eu\/es\/producto\/zeitgard-pro-set-de-limpieza-facial\/#primaryimage","url":"https:\/\/www.lraloeverashop.eu\/wp-content\/uploads\/2022\/10\/Zeitgard-Pro-Cleansing-Set.jpg","contentUrl":"https:\/\/www.lraloeverashop.eu\/wp-content\/uploads\/2022\/10\/Zeitgard-Pro-Cleansing-Set.jpg","width":1200,"height":1200,"caption":"Set de limpieza facial Zeitgard Pro"},{"@type":"BreadcrumbList","@id":"https:\/\/www.lraloeverashop.eu\/es\/producto\/zeitgard-pro-set-de-limpieza-facial\/#breadcrumb","itemListElement":[{"@type":"ListItem","position":1,"name":"Home","item":"https:\/\/www.lraloeverashop.eu\/es\/tienda-aloe-vera-todo-para-tu-belleza-y-bienestar\/"},{"@type":"ListItem","position":2,"name":"Tienda","item":"https:\/\/www.lraloeverashop.eu\/es\/tienda\/"},{"@type":"ListItem","position":3,"name":"Zeitgard Pro Set de Limpieza Facial"}]},{"@type":"WebSite","@id":"https:\/\/www.lraloeverashop.eu\/es\/#website","url":"https:\/\/www.lraloeverashop.eu\/es\/","name":"Lr Tienda Aloe Vera","description":"High Quality Lr Aloe Vera Gel, Aloe Vera Cream and Shampoo","publisher":{"@id":"https:\/\/www.lraloeverashop.eu\/es\/#organization"},"alternateName":"LR","potentialAction":[{"@type":"SearchAction","target":{"@type":"EntryPoint","urlTemplate":"https:\/\/www.lraloeverashop.eu\/es\/?s={search_term_string}"},"query-input":{"@type":"PropertyValueSpecification","valueRequired":true,"valueName":"search_term_string"}}],"inLanguage":"es"},{"@type":"Organization","@id":"https:\/\/www.lraloeverashop.eu\/es\/#organization","name":"Lr Tienda Aloe Vera","alternateName":"LR","url":"https:\/\/www.lraloeverashop.eu\/es\/","logo":{"@type":"ImageObject","inLanguage":"es","@id":"https:\/\/www.lraloeverashop.eu\/es\/#\/schema\/logo\/image\/","url":"https:\/\/www.lraloeverashop.eu\/wp-content\/uploads\/2022\/09\/cropped-Lr-Aloe-Vera-Shop.jpg","contentUrl":"https:\/\/www.lraloeverashop.eu\/wp-content\/uploads\/2022\/09\/cropped-Lr-Aloe-Vera-Shop.jpg","width":228,"height":76,"caption":"Lr Tienda Aloe Vera"},"image":{"@id":"https:\/\/www.lraloeverashop.eu\/es\/#\/schema\/logo\/image\/"},"sameAs":["https:\/\/www.facebook.com\/lraloeverashop.eu","https:\/\/x.com\/natur__kosmetik","https:\/\/www.youtube.com\/channel\/UC5oN7BJ8nfYb8RpVtjwDEBA","https:\/\/www.instagram.com\/lrbeautyeu\/"],"description":"La tienda Lr Aloe Vera es tu destino de confianza para productos premium de salud y belleza LR, fabricados en Alemania. Ofrecemos soluciones de alta calidad para el cuidado de la piel, nutrici\u00f3n y antienvejecimiento con Aloe Vera, elaboradas con ingredientes puros y respaldadas por investigaci\u00f3n cient\u00edfica. Descubre un cuidado natural que regenera, protege y revitaliza tu piel, y disfruta de ofertas mensuales exclusivas en nuestros productos LR Aloe Vera m\u00e1s vendidos.\n\nComienza hoy mismo tu camino hacia el cuidado natural de la piel y siente la diferencia.","email":"info@lraloeverashop.eu","telephone":"+49 17670609653","legalName":"Lr Aloe Vera Shop","foundingDate":"2018-04-21","numberOfEmployees":{"@type":"QuantitativeValue","minValue":"1","maxValue":"10"}}]},"product_price_amount":"179.99","product_price_currency":"EUR","og_availability":"instock","product_availability":"instock","product_retailer_item_id":"70106-1ES","product_condition":"new"},"taxonomy_info":{"product_cat":[{"value":271,"label":"Cuidado antiedad"},{"value":277,"label":"Hombres a partir de 25 a\u00f1os"},{"value":289,"label":"Mujeres hasta 40"},{"value":283,"label":"Mujeres mayores de 40"},{"value":356,"label":"Ventas"},{"value":397,"label":"Zeitgard"},{"value":361,"label":"Zeitgard Pro"}],"product_tag":[{"value":690,"label":"para limpieza de rostro"}]},"featured_image_src_large":["https:\/\/www.lraloeverashop.eu\/wp-content\/uploads\/2022\/10\/Zeitgard-Pro-Cleansing-Set-1024x1024.jpg",1024,1024,true],"author_info":[],"comment_info":0,"_links":{"self":[{"href":"https:\/\/www.lraloeverashop.eu\/es\/wp-json\/wp\/v2\/product\/8729","targetHints":{"allow":["GET"]}}],"collection":[{"href":"https:\/\/www.lraloeverashop.eu\/es\/wp-json\/wp\/v2\/product"}],"about":[{"href":"https:\/\/www.lraloeverashop.eu\/es\/wp-json\/wp\/v2\/types\/product"}],"replies":[{"embeddable":true,"href":"https:\/\/www.lraloeverashop.eu\/es\/wp-json\/wp\/v2\/comments?post=8729"}],"wp:featuredmedia":[{"embeddable":true,"href":"https:\/\/www.lraloeverashop.eu\/es\/wp-json\/wp\/v2\/media\/6047"}],"wp:attachment":[{"href":"https:\/\/www.lraloeverashop.eu\/es\/wp-json\/wp\/v2\/media?parent=8729"}],"wp:term":[{"taxonomy":"product_brand","embeddable":true,"href":"https:\/\/www.lraloeverashop.eu\/es\/wp-json\/wp\/v2\/product_brand?post=8729"},{"taxonomy":"product_cat","embeddable":true,"href":"https:\/\/www.lraloeverashop.eu\/es\/wp-json\/wp\/v2\/product_cat?post=8729"},{"taxonomy":"product_tag","embeddable":true,"href":"https:\/\/www.lraloeverashop.eu\/es\/wp-json\/wp\/v2\/product_tag?post=8729"}],"curies":[{"name":"wp","href":"https:\/\/api.w.org\/{rel}","templated":true}]}}