{"id":8695,"date":"2022-10-23T09:07:39","date_gmt":"2022-10-23T07:07:39","guid":{"rendered":"https:\/\/www.lraloeverashop.eu\/product\/accesorio-antiedad-zeitgard-pro\/"},"modified":"2026-02-09T04:40:13","modified_gmt":"2026-02-09T03:40:13","slug":"accesorio-antiedad-zeitgard-pro","status":"publish","type":"product","link":"https:\/\/www.lraloeverashop.eu\/es\/producto\/accesorio-antiedad-zeitgard-pro\/","title":{"rendered":"Accesorio antiedad Zeitgard Pro"},"content":{"rendered":"<h2><span style=\"font-size: 16pt; color: #000000;\"><strong>Accesorio antiedad Zeitgard Pro<\/strong><\/span><\/h2>\n<p><span style=\"font-size: 14pt;\"><strong>Accesorio Antiedad Zeitgard Pro para una piel m\u00e1s firme, el\u00e1stica y con menos arrugas<\/strong><\/span><\/p>\n<p>El eficaz Accesorio Antiedad Zeitgard Pro proporciona visiblemente m\u00e1s elasticidad y puede reducir los signos del envejecimiento. La tecnolog\u00eda ultras\u00f3nica de la herramienta de alisado facial estimula el metabolismo celular y la s\u00edntesis de col\u00e1geno en la piel y asegura que los ingredientes activos en los productos para el cuidado penetren m\u00e1s profundamente en la piel.<br \/>\nSe vuelve m\u00e1s firme, tiene m\u00e1s resistencia y elasticidad. Las arrugas se reducen significativamente. Para uso diario, ma\u00f1ana y noche.<\/p>\n<p>&nbsp;<\/p>\n<h3><span style=\"font-size: 16pt;\"><strong>C\u00f3mo utilizar<\/strong><\/span><\/h3>\n<p><strong>PASO 1:<\/strong> Limpia la piel de tu rostro con el cepillo de limpieza facial o el <a href=\"https:\/\/www.lraloeverashop.eu\/es\/producto\/accesorio-de-exfoliacion-zeitgard-pro\/\">accesorio de exfoliaci\u00f3n facial<\/a>.<\/p>\n<p><strong>PASO 2:<\/strong> Aplique uno de los productos de cuidado Lr Zeitgard compatibles. Distribuya peque\u00f1as gotas de crema en su rostro y masajee con el dispositivo e . Trate los lados izquierdo y derecho de la cara y la frente durante 30 segundos cada uno. Preste atenci\u00f3n a los movimientos circulares de adentro hacia afuera y de abajo hacia arriba.<\/p>\n<p>&nbsp;<\/p>\n<p><img loading=\"lazy\" decoding=\"async\" class=\"aligncenter wp-image-3131\" src=\"https:\/\/www.lraloeverashop.eu\/wp-content\/uploads\/2022\/10\/Lr-Zeitgard-Pro-Anti-Aging-Device-in-use-1024x337.jpg\" alt=\"Lr Zeitgard Pro Anti Aging Device in use\" width=\"1197\" height=\"394\" srcset=\"https:\/\/www.lraloeverashop.eu\/wp-content\/uploads\/2022\/10\/Lr-Zeitgard-Pro-Anti-Aging-Device-in-use-1024x337.jpg 1024w, https:\/\/www.lraloeverashop.eu\/wp-content\/uploads\/2022\/10\/Lr-Zeitgard-Pro-Anti-Aging-Device-in-use-600x198.jpg 600w, https:\/\/www.lraloeverashop.eu\/wp-content\/uploads\/2022\/10\/Lr-Zeitgard-Pro-Anti-Aging-Device-in-use-300x99.jpg 300w, https:\/\/www.lraloeverashop.eu\/wp-content\/uploads\/2022\/10\/Lr-Zeitgard-Pro-Anti-Aging-Device-in-use-768x253.jpg 768w, https:\/\/www.lraloeverashop.eu\/wp-content\/uploads\/2022\/10\/Lr-Zeitgard-Pro-Anti-Aging-Device-in-use-1536x506.jpg 1536w, https:\/\/www.lraloeverashop.eu\/wp-content\/uploads\/2022\/10\/Lr-Zeitgard-Pro-Anti-Aging-Device-in-use-2048x674.jpg 2048w\" sizes=\"auto, (max-width: 1197px) 100vw, 1197px\" \/><\/p>\n<p>&nbsp;<\/p>\n<h4><span style=\"font-size: 16pt;\"><strong>\u00bfLo Sab\u00edas?<\/strong><\/span><\/h4>\n<p>Para el lanzamiento del nuevo <a href=\"https:\/\/www.lraloeverashop.eu\/es\/producto\/set-cuidado-de-piel-zeitgard-pro\/\">dispositivo cosm\u00e9tico Zeitgard Pro<\/a>, las formulaciones de productos de cuidado seleccionados se enriquecieron con el innovador sistema de transporte de ingredientes activos. Este sistema funciona como un refuerzo antienvejecimiento. Junto con Face Smoothing Tool, aumenta la eficacia cosm\u00e9tica de valiosos ingredientes transport\u00e1ndolos en primer lugar a la c\u00e9lula de la piel y, en segundo lugar, directamente a la c\u00e9lula.<\/p>\n<p>Solo despu\u00e9s de que el transportador se haya acoplado, los ingredientes activos se liberan dentro de la celda para desplegar all\u00ed todo su poder. De esta manera, es posible llegar directamente a la fuente del envejecimiento de la piel y frenarlo mediante el suministro de nutrientes espec\u00edficos.<\/p>\n","protected":false},"excerpt":{"rendered":"<ul>\n<li>Accesorio suavizante antiedad para Zeitgard Pro<\/li>\n<li>Para una piel m\u00e1s firme, el\u00e1stica y con menos arrugas<\/li>\n<li>Tecnolog\u00eda ultras\u00f3nica innovadora<\/li>\n<li>Para usar con los productos de cuidado Lr Zeitgard<\/li>\n<li>Con sistema de transporte de principio activo<\/li>\n<li>Cantidad: 1 pieza<\/li>\n<\/ul>\n<p><span style=\"color: #ff0000;\"><a style=\"color: #ff0000;\" href=\"https:\/\/shop.lrworld.com\/openpao?PHP=0vFlt7jT938BEnBI3a6e9w%3D%3D\"><span style=\"font-size: 14pt;\"><strong>Reg\u00edstrate aqu\u00ed y ahorra 35% en cada compra<\/strong><\/span><\/a><\/span><\/p>\n","protected":false},"featured_media":6029,"comment_status":"open","ping_status":"closed","template":"","meta":{"_kad_blocks_custom_css":"","_kad_blocks_head_custom_js":"","_kad_blocks_body_custom_js":"","_kad_blocks_footer_custom_js":"","_kadence_starter_templates_imported_post":false,"_kad_post_transparent":"default","_kad_post_title":"","_kad_post_layout":"default","_kad_post_sidebar_id":"","_kad_post_content_style":"default","_kad_post_vertical_padding":"default","_kad_post_feature":"","_kad_post_feature_position":"","_kad_post_header":false,"_kad_post_footer":false,"_kad_post_classname":""},"product_brand":[],"product_cat":[271,361],"product_tag":[709,708],"class_list":{"0":"post-8695","1":"product","2":"type-product","3":"status-publish","4":"has-post-thumbnail","6":"product_cat-cuidado-antiedad","7":"product_cat-zeitgard-pro-es","8":"product_tag-para-las-arrugas-debajo-de-los-ojos","9":"product_tag-para-las-arrugas-en-la-cara","11":"first","12":"instock","13":"taxable","14":"shipping-taxable","15":"purchasable","16":"product-type-simple","17":"entry","18":"content-bg","19":"loop-entry"},"yoast_head":"<!-- This site is optimized with the Yoast SEO Premium plugin v27.3 (Yoast SEO v27.3) - https:\/\/yoast.com\/product\/yoast-seo-premium-wordpress\/ -->\n<title>Accesorio Antiedad Zeitgard Pro para una piel con menos arrugas<\/title>\n<meta name=\"description\" content=\"Accesorio Antiedad Zeitgard Pro para una piel m\u00e1s firme, el\u00e1stica y con menos arrugas. Tecnolog\u00eda ultras\u00f3nica innovadora. Con sistema de transporte activo\" \/>\n<meta name=\"robots\" content=\"index, follow, max-snippet:-1, max-image-preview:large, max-video-preview:-1\" \/>\n<link rel=\"canonical\" href=\"https:\/\/www.lraloeverashop.eu\/es\/producto\/accesorio-antiedad-zeitgard-pro\/\" \/>\n<meta property=\"og:locale\" content=\"es_ES\" \/>\n<meta property=\"og:type\" content=\"article\" \/>\n<meta property=\"og:title\" content=\"Accesorio antiedad Zeitgard Pro\" \/>\n<meta property=\"og:description\" content=\"Accesorio Antiedad Zeitgard Pro para una piel m\u00e1s firme, el\u00e1stica y con menos arrugas. Tecnolog\u00eda ultras\u00f3nica innovadora. Con sistema de transporte activo\" \/>\n<meta property=\"og:url\" content=\"https:\/\/www.lraloeverashop.eu\/es\/producto\/accesorio-antiedad-zeitgard-pro\/\" \/>\n<meta property=\"og:site_name\" content=\"Lr Tienda Aloe Vera\" \/>\n<meta property=\"article:publisher\" content=\"https:\/\/www.facebook.com\/lraloeverashop.eu\" \/>\n<meta property=\"article:modified_time\" content=\"2026-02-09T03:40:13+00:00\" \/>\n<meta property=\"og:image\" content=\"https:\/\/www.lraloeverashop.eu\/wp-content\/uploads\/2022\/10\/Zeitgard-Pro-Anti-Aging-Tool.jpg\" \/>\n\t<meta property=\"og:image:width\" content=\"1200\" \/>\n\t<meta property=\"og:image:height\" content=\"1200\" \/>\n\t<meta property=\"og:image:type\" content=\"image\/jpeg\" \/>\n<meta name=\"twitter:card\" content=\"summary_large_image\" \/>\n<meta name=\"twitter:site\" content=\"@natur__kosmetik\" \/>\n<script type=\"application\/ld+json\" class=\"yoast-schema-graph\">{\"@context\":\"https:\\\/\\\/schema.org\",\"@graph\":[{\"@type\":[\"WebPage\",\"ItemPage\"],\"@id\":\"https:\\\/\\\/www.lraloeverashop.eu\\\/es\\\/producto\\\/accesorio-antiedad-zeitgard-pro\\\/\",\"url\":\"https:\\\/\\\/www.lraloeverashop.eu\\\/es\\\/producto\\\/accesorio-antiedad-zeitgard-pro\\\/\",\"name\":\"Accesorio Antiedad Zeitgard Pro para una piel con menos arrugas\",\"isPartOf\":{\"@id\":\"https:\\\/\\\/www.lraloeverashop.eu\\\/es\\\/#website\"},\"primaryImageOfPage\":{\"@id\":\"https:\\\/\\\/www.lraloeverashop.eu\\\/es\\\/producto\\\/accesorio-antiedad-zeitgard-pro\\\/#primaryimage\"},\"image\":{\"@id\":\"https:\\\/\\\/www.lraloeverashop.eu\\\/es\\\/producto\\\/accesorio-antiedad-zeitgard-pro\\\/#primaryimage\"},\"thumbnailUrl\":\"https:\\\/\\\/www.lraloeverashop.eu\\\/wp-content\\\/uploads\\\/2022\\\/10\\\/Zeitgard-Pro-Anti-Aging-Tool.jpg\",\"datePublished\":\"2022-10-23T07:07:39+00:00\",\"dateModified\":\"2026-02-09T03:40:13+00:00\",\"description\":\"Accesorio Antiedad Zeitgard Pro para una piel m\u00e1s firme, el\u00e1stica y con menos arrugas. Tecnolog\u00eda ultras\u00f3nica innovadora. Con sistema de transporte activo\",\"breadcrumb\":{\"@id\":\"https:\\\/\\\/www.lraloeverashop.eu\\\/es\\\/producto\\\/accesorio-antiedad-zeitgard-pro\\\/#breadcrumb\"},\"inLanguage\":\"es\",\"potentialAction\":[{\"@type\":\"ReadAction\",\"target\":[\"https:\\\/\\\/www.lraloeverashop.eu\\\/es\\\/producto\\\/accesorio-antiedad-zeitgard-pro\\\/\"]}]},{\"@type\":\"ImageObject\",\"inLanguage\":\"es\",\"@id\":\"https:\\\/\\\/www.lraloeverashop.eu\\\/es\\\/producto\\\/accesorio-antiedad-zeitgard-pro\\\/#primaryimage\",\"url\":\"https:\\\/\\\/www.lraloeverashop.eu\\\/wp-content\\\/uploads\\\/2022\\\/10\\\/Zeitgard-Pro-Anti-Aging-Tool.jpg\",\"contentUrl\":\"https:\\\/\\\/www.lraloeverashop.eu\\\/wp-content\\\/uploads\\\/2022\\\/10\\\/Zeitgard-Pro-Anti-Aging-Tool.jpg\",\"width\":1200,\"height\":1200,\"caption\":\"Accesorio antiedad Zeitgard Pro\"},{\"@type\":\"BreadcrumbList\",\"@id\":\"https:\\\/\\\/www.lraloeverashop.eu\\\/es\\\/producto\\\/accesorio-antiedad-zeitgard-pro\\\/#breadcrumb\",\"itemListElement\":[{\"@type\":\"ListItem\",\"position\":1,\"name\":\"Home\",\"item\":\"https:\\\/\\\/www.lraloeverashop.eu\\\/es\\\/\"},{\"@type\":\"ListItem\",\"position\":2,\"name\":\"Tienda\",\"item\":\"https:\\\/\\\/www.lraloeverashop.eu\\\/es\\\/tienda\\\/\"},{\"@type\":\"ListItem\",\"position\":3,\"name\":\"Accesorio antiedad Zeitgard Pro\"}]},{\"@type\":\"WebSite\",\"@id\":\"https:\\\/\\\/www.lraloeverashop.eu\\\/es\\\/#website\",\"url\":\"https:\\\/\\\/www.lraloeverashop.eu\\\/es\\\/\",\"name\":\"Lr Tienda Aloe Vera\",\"description\":\"High Quality Lr Aloe Vera Gel, Aloe Vera Cream and Shampoo\",\"publisher\":{\"@id\":\"https:\\\/\\\/www.lraloeverashop.eu\\\/es\\\/#organization\"},\"potentialAction\":[{\"@type\":\"SearchAction\",\"target\":{\"@type\":\"EntryPoint\",\"urlTemplate\":\"https:\\\/\\\/www.lraloeverashop.eu\\\/es\\\/?s={search_term_string}\"},\"query-input\":{\"@type\":\"PropertyValueSpecification\",\"valueRequired\":true,\"valueName\":\"search_term_string\"}}],\"inLanguage\":\"es\"},{\"@type\":\"Organization\",\"@id\":\"https:\\\/\\\/www.lraloeverashop.eu\\\/es\\\/#organization\",\"name\":\"Lr Tienda Aloe Vera\",\"alternateName\":\"LR\",\"url\":\"https:\\\/\\\/www.lraloeverashop.eu\\\/es\\\/\",\"logo\":{\"@type\":\"ImageObject\",\"inLanguage\":\"es\",\"@id\":\"https:\\\/\\\/www.lraloeverashop.eu\\\/es\\\/#\\\/schema\\\/logo\\\/image\\\/\",\"url\":\"https:\\\/\\\/www.lraloeverashop.eu\\\/wp-content\\\/uploads\\\/2022\\\/09\\\/cropped-Lr-Aloe-Vera-Shop.jpg\",\"contentUrl\":\"https:\\\/\\\/www.lraloeverashop.eu\\\/wp-content\\\/uploads\\\/2022\\\/09\\\/cropped-Lr-Aloe-Vera-Shop.jpg\",\"width\":228,\"height\":76,\"caption\":\"Lr Tienda Aloe Vera\"},\"image\":{\"@id\":\"https:\\\/\\\/www.lraloeverashop.eu\\\/es\\\/#\\\/schema\\\/logo\\\/image\\\/\"},\"sameAs\":[\"https:\\\/\\\/www.facebook.com\\\/lraloeverashop.eu\",\"https:\\\/\\\/x.com\\\/natur__kosmetik\",\"https:\\\/\\\/www.youtube.com\\\/channel\\\/UC5oN7BJ8nfYb8RpVtjwDEBA\",\"https:\\\/\\\/www.instagram.com\\\/lrbeautyeu\\\/\"]}]}<\/script>\n<meta property=\"product:price:amount\" content=\"85.99\" \/>\n<meta property=\"product:price:currency\" content=\"EUR\" \/>\n<meta property=\"og:availability\" content=\"instock\" \/>\n<meta property=\"product:availability\" content=\"instock\" \/>\n<meta property=\"product:retailer_item_id\" content=\"70102-1ES\" \/>\n<meta property=\"product:condition\" content=\"new\" \/>\n<!-- \/ Yoast SEO Premium plugin. -->","yoast_head_json":{"title":"Accesorio Antiedad Zeitgard Pro para una piel con menos arrugas","description":"Accesorio Antiedad Zeitgard Pro para una piel m\u00e1s firme, el\u00e1stica y con menos arrugas. Tecnolog\u00eda ultras\u00f3nica innovadora. Con sistema de transporte activo","robots":{"index":"index","follow":"follow","max-snippet":"max-snippet:-1","max-image-preview":"max-image-preview:large","max-video-preview":"max-video-preview:-1"},"canonical":"https:\/\/www.lraloeverashop.eu\/es\/producto\/accesorio-antiedad-zeitgard-pro\/","og_locale":"es_ES","og_type":"article","og_title":"Accesorio antiedad Zeitgard Pro","og_description":"Accesorio Antiedad Zeitgard Pro para una piel m\u00e1s firme, el\u00e1stica y con menos arrugas. Tecnolog\u00eda ultras\u00f3nica innovadora. Con sistema de transporte activo","og_url":"https:\/\/www.lraloeverashop.eu\/es\/producto\/accesorio-antiedad-zeitgard-pro\/","og_site_name":"Lr Tienda Aloe Vera","article_publisher":"https:\/\/www.facebook.com\/lraloeverashop.eu","article_modified_time":"2026-02-09T03:40:13+00:00","og_image":[{"width":1200,"height":1200,"url":"https:\/\/www.lraloeverashop.eu\/wp-content\/uploads\/2022\/10\/Zeitgard-Pro-Anti-Aging-Tool.jpg","type":"image\/jpeg"}],"twitter_card":"summary_large_image","twitter_site":"@natur__kosmetik","schema":{"@context":"https:\/\/schema.org","@graph":[{"@type":["WebPage","ItemPage"],"@id":"https:\/\/www.lraloeverashop.eu\/es\/producto\/accesorio-antiedad-zeitgard-pro\/","url":"https:\/\/www.lraloeverashop.eu\/es\/producto\/accesorio-antiedad-zeitgard-pro\/","name":"Accesorio Antiedad Zeitgard Pro para una piel con menos arrugas","isPartOf":{"@id":"https:\/\/www.lraloeverashop.eu\/es\/#website"},"primaryImageOfPage":{"@id":"https:\/\/www.lraloeverashop.eu\/es\/producto\/accesorio-antiedad-zeitgard-pro\/#primaryimage"},"image":{"@id":"https:\/\/www.lraloeverashop.eu\/es\/producto\/accesorio-antiedad-zeitgard-pro\/#primaryimage"},"thumbnailUrl":"https:\/\/www.lraloeverashop.eu\/wp-content\/uploads\/2022\/10\/Zeitgard-Pro-Anti-Aging-Tool.jpg","datePublished":"2022-10-23T07:07:39+00:00","dateModified":"2026-02-09T03:40:13+00:00","description":"Accesorio Antiedad Zeitgard Pro para una piel m\u00e1s firme, el\u00e1stica y con menos arrugas. Tecnolog\u00eda ultras\u00f3nica innovadora. Con sistema de transporte activo","breadcrumb":{"@id":"https:\/\/www.lraloeverashop.eu\/es\/producto\/accesorio-antiedad-zeitgard-pro\/#breadcrumb"},"inLanguage":"es","potentialAction":[{"@type":"ReadAction","target":["https:\/\/www.lraloeverashop.eu\/es\/producto\/accesorio-antiedad-zeitgard-pro\/"]}]},{"@type":"ImageObject","inLanguage":"es","@id":"https:\/\/www.lraloeverashop.eu\/es\/producto\/accesorio-antiedad-zeitgard-pro\/#primaryimage","url":"https:\/\/www.lraloeverashop.eu\/wp-content\/uploads\/2022\/10\/Zeitgard-Pro-Anti-Aging-Tool.jpg","contentUrl":"https:\/\/www.lraloeverashop.eu\/wp-content\/uploads\/2022\/10\/Zeitgard-Pro-Anti-Aging-Tool.jpg","width":1200,"height":1200,"caption":"Accesorio antiedad Zeitgard Pro"},{"@type":"BreadcrumbList","@id":"https:\/\/www.lraloeverashop.eu\/es\/producto\/accesorio-antiedad-zeitgard-pro\/#breadcrumb","itemListElement":[{"@type":"ListItem","position":1,"name":"Home","item":"https:\/\/www.lraloeverashop.eu\/es\/"},{"@type":"ListItem","position":2,"name":"Tienda","item":"https:\/\/www.lraloeverashop.eu\/es\/tienda\/"},{"@type":"ListItem","position":3,"name":"Accesorio antiedad Zeitgard Pro"}]},{"@type":"WebSite","@id":"https:\/\/www.lraloeverashop.eu\/es\/#website","url":"https:\/\/www.lraloeverashop.eu\/es\/","name":"Lr Tienda Aloe Vera","description":"High Quality Lr Aloe Vera Gel, Aloe Vera Cream and Shampoo","publisher":{"@id":"https:\/\/www.lraloeverashop.eu\/es\/#organization"},"potentialAction":[{"@type":"SearchAction","target":{"@type":"EntryPoint","urlTemplate":"https:\/\/www.lraloeverashop.eu\/es\/?s={search_term_string}"},"query-input":{"@type":"PropertyValueSpecification","valueRequired":true,"valueName":"search_term_string"}}],"inLanguage":"es"},{"@type":"Organization","@id":"https:\/\/www.lraloeverashop.eu\/es\/#organization","name":"Lr Tienda Aloe Vera","alternateName":"LR","url":"https:\/\/www.lraloeverashop.eu\/es\/","logo":{"@type":"ImageObject","inLanguage":"es","@id":"https:\/\/www.lraloeverashop.eu\/es\/#\/schema\/logo\/image\/","url":"https:\/\/www.lraloeverashop.eu\/wp-content\/uploads\/2022\/09\/cropped-Lr-Aloe-Vera-Shop.jpg","contentUrl":"https:\/\/www.lraloeverashop.eu\/wp-content\/uploads\/2022\/09\/cropped-Lr-Aloe-Vera-Shop.jpg","width":228,"height":76,"caption":"Lr Tienda Aloe Vera"},"image":{"@id":"https:\/\/www.lraloeverashop.eu\/es\/#\/schema\/logo\/image\/"},"sameAs":["https:\/\/www.facebook.com\/lraloeverashop.eu","https:\/\/x.com\/natur__kosmetik","https:\/\/www.youtube.com\/channel\/UC5oN7BJ8nfYb8RpVtjwDEBA","https:\/\/www.instagram.com\/lrbeautyeu\/"]}]},"product_price_amount":"85.99","product_price_currency":"EUR","og_availability":"instock","product_availability":"instock","product_retailer_item_id":"70102-1ES","product_condition":"new"},"taxonomy_info":{"product_cat":[{"value":271,"label":"Cuidado antiedad"},{"value":361,"label":"Zeitgard Pro"}],"product_tag":[{"value":709,"label":"para las arrugas debajo de los ojos"},{"value":708,"label":"para las arrugas en la cara"}]},"featured_image_src_large":["https:\/\/www.lraloeverashop.eu\/wp-content\/uploads\/2022\/10\/Zeitgard-Pro-Anti-Aging-Tool-1024x1024.jpg",1024,1024,true],"author_info":[],"comment_info":0,"_links":{"self":[{"href":"https:\/\/www.lraloeverashop.eu\/es\/wp-json\/wp\/v2\/product\/8695","targetHints":{"allow":["GET"]}}],"collection":[{"href":"https:\/\/www.lraloeverashop.eu\/es\/wp-json\/wp\/v2\/product"}],"about":[{"href":"https:\/\/www.lraloeverashop.eu\/es\/wp-json\/wp\/v2\/types\/product"}],"replies":[{"embeddable":true,"href":"https:\/\/www.lraloeverashop.eu\/es\/wp-json\/wp\/v2\/comments?post=8695"}],"wp:featuredmedia":[{"embeddable":true,"href":"https:\/\/www.lraloeverashop.eu\/es\/wp-json\/wp\/v2\/media\/6029"}],"wp:attachment":[{"href":"https:\/\/www.lraloeverashop.eu\/es\/wp-json\/wp\/v2\/media?parent=8695"}],"wp:term":[{"taxonomy":"product_brand","embeddable":true,"href":"https:\/\/www.lraloeverashop.eu\/es\/wp-json\/wp\/v2\/product_brand?post=8695"},{"taxonomy":"product_cat","embeddable":true,"href":"https:\/\/www.lraloeverashop.eu\/es\/wp-json\/wp\/v2\/product_cat?post=8695"},{"taxonomy":"product_tag","embeddable":true,"href":"https:\/\/www.lraloeverashop.eu\/es\/wp-json\/wp\/v2\/product_tag?post=8695"}],"curies":[{"name":"wp","href":"https:\/\/api.w.org\/{rel}","templated":true}]}}