{"id":8690,"date":"2022-10-23T09:40:26","date_gmt":"2022-10-23T07:40:26","guid":{"rendered":"https:\/\/www.lraloeverashop.eu\/product\/accesorio-de-masaje-corporal-zeitgard-pro\/"},"modified":"2026-02-09T04:40:02","modified_gmt":"2026-02-09T03:40:02","slug":"accesorio-de-masaje-corporal-zeitgard-pro","status":"publish","type":"product","link":"https:\/\/www.lraloeverashop.eu\/es\/producto\/accesorio-de-masaje-corporal-zeitgard-pro\/","title":{"rendered":"Accesorio de Masaje Corporal Zeitgard Pro"},"content":{"rendered":"<h2><span style=\"font-size: 16pt; color: #000000;\"><strong>Accesorio de Masaje Corporal Zeitgard Pro<\/strong><\/span><\/h2>\n<p><span style=\"font-size: 14pt;\"><strong>Accesorio de Masaje Corporal Zeitgard para reafirmar la piel y reducir la celulitis<\/strong><\/span><\/p>\n<p>El masaje ultras\u00f3nico con el Accesorio de Masaje Zeitgard Pro le da a su cuerpo una tez m\u00e1s firme y uniforme. Utilizado a diario, asegura un tejido conjuntivo m\u00e1s firme y menos piel de naranja. Los resultados \u00f3ptimos se logran en combinaci\u00f3n con la crema corporal LR ZEITGARD.<\/p>\n<p>Las vibraciones ultras\u00f3nicas penetran unos cent\u00edmetros en la piel. All\u00ed pueden ayudar a licuar la grasa en las c\u00e9lulas de la piel. Gracias al efecto de masaje vibratorio del accesorio de masaje corporal Zeitgard Pro, la grasa licuada en las c\u00e9lulas de la piel puede reformarse uniformemente, haciendo que la tez luzca m\u00e1s suave y firme.<\/p>\n<p>Adem\u00e1s, los ingredientes activos de la crema corporal <a href=\"https:\/\/www.lraloeverashop.eu\/es\/producto\/accesorio-antiedad-zeitgard-pro\/\">Lr Zeitgard<\/a> con sistema de transporte de ingredientes activos pueden penetrar m\u00e1s profundamente y m\u00e1s r\u00e1pido en la piel gracias a la tecnolog\u00eda ultras\u00f3nica. Con el uso regular, se acumula un dep\u00f3sito de ingredientes activos en las profundidades de las capas de la piel, lo que da como resultado un efecto duradero. Los resultados \u00f3ptimos se logran en combinaci\u00f3n con la <a href=\"https:\/\/www.lraloeverashop.eu\/es\/producto\/crema-corporal-reafirmante-zeitgard-pro\/\">crema corporal Lr Zeitgard Pro<\/a>.<\/p>\n<h3><\/h3>\n<h3><span style=\"font-size: 16pt;\"><strong>C\u00f3mo utilizar<\/strong><\/span><\/h3>\n<p>Aplicar la crema corporal Lr Zeitgard 1-2 veces al d\u00eda. Con el accesorio reafirmante corporal Lr Zeaitgard Pro, masajee la crema en las partes individuales del cuerpo durante aprox. 2 minutos uno tras otro. Gu\u00ede el Dispositivo reafirmante corporal <a href=\"https:\/\/www.lraloeverashop.eu\/es\/producto\/kit-masaje-corporal-zeitgard-pro\/\">Zeitgard Pro<\/a> con suaves movimientos circulares en direcci\u00f3n a los ganglios linf\u00e1ticos: en las piernas en direcci\u00f3n a la ingle, en el abdomen en direcci\u00f3n a la ingle, en las nalgas en direcci\u00f3n a la parte posterior de la rodilla y en los brazos en direcci\u00f3n a las axilas.<\/p>\n<p>&nbsp;<\/p>\n<p><a href=\"https:\/\/www.lraloeverashop.eu\/es\/producto\/set-cuidado-de-piel-zeitgard-pro\/\"><img loading=\"lazy\" decoding=\"async\" class=\"aligncenter wp-image-3129\" src=\"https:\/\/www.lraloeverashop.eu\/wp-content\/uploads\/2022\/10\/Lr-Zeitgard-Pro-Body-massage-Device-in-use-1024x536.jpg\" alt=\"Lr Zeitgard Pro Body massage Device in use\" width=\"1221\" height=\"639\" srcset=\"https:\/\/www.lraloeverashop.eu\/wp-content\/uploads\/2022\/10\/Lr-Zeitgard-Pro-Body-massage-Device-in-use-1024x536.jpg 1024w, https:\/\/www.lraloeverashop.eu\/wp-content\/uploads\/2022\/10\/Lr-Zeitgard-Pro-Body-massage-Device-in-use-600x314.jpg 600w, https:\/\/www.lraloeverashop.eu\/wp-content\/uploads\/2022\/10\/Lr-Zeitgard-Pro-Body-massage-Device-in-use-300x157.jpg 300w, https:\/\/www.lraloeverashop.eu\/wp-content\/uploads\/2022\/10\/Lr-Zeitgard-Pro-Body-massage-Device-in-use-768x402.jpg 768w, https:\/\/www.lraloeverashop.eu\/wp-content\/uploads\/2022\/10\/Lr-Zeitgard-Pro-Body-massage-Device-in-use-1536x804.jpg 1536w, https:\/\/www.lraloeverashop.eu\/wp-content\/uploads\/2022\/10\/Lr-Zeitgard-Pro-Body-massage-Device-in-use-2048x1072.jpg 2048w\" sizes=\"auto, (max-width: 1221px) 100vw, 1221px\" \/><\/a><\/p>\n","protected":false},"excerpt":{"rendered":"<ul>\n<li>Accesorio de masaje corporal reafirmante para Zeitgard Pro<\/li>\n<li>Para una tez m\u00e1s firme y uniforme<\/li>\n<li>Tecnolog\u00eda ultras\u00f3nica innovadora<\/li>\n<li>Para usar con la crema corporal Lr Zeitgard<\/li>\n<li>Con sistema de transporte de principio activo<\/li>\n<li>Cantidad: 1 pieza<\/li>\n<\/ul>\n<p><span style=\"color: #ff0000;\"><a style=\"color: #ff0000;\" href=\"https:\/\/shop.lrworld.com\/openpao?PHP=0vFlt7jT938BEnBI3a6e9w%3D%3D\"><span style=\"font-size: 14pt;\"><strong>Reg\u00edstrate aqu\u00ed y ahorra 35% en cada compra<\/strong><\/span><\/a><\/span><\/p>\n","protected":false},"featured_media":6053,"comment_status":"open","ping_status":"closed","template":"","meta":{"_kad_blocks_custom_css":"","_kad_blocks_head_custom_js":"","_kad_blocks_body_custom_js":"","_kad_blocks_footer_custom_js":"","_kadence_starter_templates_imported_post":false,"_kad_post_transparent":"default","_kad_post_title":"","_kad_post_layout":"default","_kad_post_sidebar_id":"","_kad_post_content_style":"default","_kad_post_vertical_padding":"default","_kad_post_feature":"","_kad_post_feature_position":"","_kad_post_header":false,"_kad_post_footer":false,"_kad_post_classname":""},"product_brand":[],"product_cat":[271,361],"product_tag":[630],"class_list":{"0":"post-8690","1":"product","2":"type-product","3":"status-publish","4":"has-post-thumbnail","6":"product_cat-cuidado-antiedad","7":"product_cat-zeitgard-pro-es","8":"product_tag-celulitis","10":"first","11":"instock","12":"taxable","13":"shipping-taxable","14":"purchasable","15":"product-type-simple","16":"entry","17":"content-bg","18":"loop-entry"},"yoast_head":"<!-- This site is optimized with the Yoast SEO Premium plugin v27.4 (Yoast SEO v27.4) - https:\/\/yoast.com\/product\/yoast-seo-premium-wordpress\/ -->\n<title>Accesorio de Masaje Corporal Zeitgard para reducir la celulitis<\/title>\n<meta name=\"description\" content=\"El masaje ultras\u00f3nico con el Accesorio de Masaje Corporal Zeitgard Pro le da a su cuerpo una tez m\u00e1s firme y uniforme. Tecnolog\u00eda ultras\u00f3nica innovadora\" \/>\n<meta name=\"robots\" content=\"index, follow, max-snippet:-1, max-image-preview:large, max-video-preview:-1\" \/>\n<link rel=\"canonical\" href=\"https:\/\/www.lraloeverashop.eu\/es\/producto\/accesorio-de-masaje-corporal-zeitgard-pro\/\" \/>\n<meta property=\"og:locale\" content=\"es_ES\" \/>\n<meta property=\"og:type\" content=\"article\" \/>\n<meta property=\"og:title\" content=\"Accesorio de Masaje Corporal Zeitgard Pro\" \/>\n<meta property=\"og:description\" content=\"El masaje ultras\u00f3nico con el Accesorio de Masaje Corporal Zeitgard Pro le da a su cuerpo una tez m\u00e1s firme y uniforme. Tecnolog\u00eda ultras\u00f3nica innovadora\" \/>\n<meta property=\"og:url\" content=\"https:\/\/www.lraloeverashop.eu\/es\/producto\/accesorio-de-masaje-corporal-zeitgard-pro\/\" \/>\n<meta property=\"og:site_name\" content=\"Lr Tienda Aloe Vera\" \/>\n<meta property=\"article:publisher\" content=\"https:\/\/www.facebook.com\/lraloeverashop.eu\" \/>\n<meta property=\"article:modified_time\" content=\"2026-02-09T03:40:02+00:00\" \/>\n<meta property=\"og:image\" content=\"https:\/\/www.lraloeverashop.eu\/wp-content\/uploads\/2022\/10\/Zeitgard-Pro-massage-tool.jpg\" \/>\n\t<meta property=\"og:image:width\" content=\"1200\" \/>\n\t<meta property=\"og:image:height\" content=\"1200\" \/>\n\t<meta property=\"og:image:type\" content=\"image\/jpeg\" \/>\n<meta name=\"twitter:card\" content=\"summary_large_image\" \/>\n<meta name=\"twitter:site\" content=\"@natur__kosmetik\" \/>\n<script type=\"application\/ld+json\" class=\"yoast-schema-graph\">{\"@context\":\"https:\\\/\\\/schema.org\",\"@graph\":[{\"@type\":[\"WebPage\",\"ItemPage\"],\"@id\":\"https:\\\/\\\/www.lraloeverashop.eu\\\/es\\\/producto\\\/accesorio-de-masaje-corporal-zeitgard-pro\\\/\",\"url\":\"https:\\\/\\\/www.lraloeverashop.eu\\\/es\\\/producto\\\/accesorio-de-masaje-corporal-zeitgard-pro\\\/\",\"name\":\"Accesorio de Masaje Corporal Zeitgard para reducir la celulitis\",\"isPartOf\":{\"@id\":\"https:\\\/\\\/www.lraloeverashop.eu\\\/es\\\/#website\"},\"primaryImageOfPage\":{\"@id\":\"https:\\\/\\\/www.lraloeverashop.eu\\\/es\\\/producto\\\/accesorio-de-masaje-corporal-zeitgard-pro\\\/#primaryimage\"},\"image\":{\"@id\":\"https:\\\/\\\/www.lraloeverashop.eu\\\/es\\\/producto\\\/accesorio-de-masaje-corporal-zeitgard-pro\\\/#primaryimage\"},\"thumbnailUrl\":\"https:\\\/\\\/www.lraloeverashop.eu\\\/wp-content\\\/uploads\\\/2022\\\/10\\\/Zeitgard-Pro-massage-tool.jpg\",\"datePublished\":\"2022-10-23T07:40:26+00:00\",\"dateModified\":\"2026-02-09T03:40:02+00:00\",\"description\":\"El masaje ultras\u00f3nico con el Accesorio de Masaje Corporal Zeitgard Pro le da a su cuerpo una tez m\u00e1s firme y uniforme. Tecnolog\u00eda ultras\u00f3nica innovadora\",\"breadcrumb\":{\"@id\":\"https:\\\/\\\/www.lraloeverashop.eu\\\/es\\\/producto\\\/accesorio-de-masaje-corporal-zeitgard-pro\\\/#breadcrumb\"},\"inLanguage\":\"es\",\"potentialAction\":[{\"@type\":\"ReadAction\",\"target\":[\"https:\\\/\\\/www.lraloeverashop.eu\\\/es\\\/producto\\\/accesorio-de-masaje-corporal-zeitgard-pro\\\/\"]}]},{\"@type\":\"ImageObject\",\"inLanguage\":\"es\",\"@id\":\"https:\\\/\\\/www.lraloeverashop.eu\\\/es\\\/producto\\\/accesorio-de-masaje-corporal-zeitgard-pro\\\/#primaryimage\",\"url\":\"https:\\\/\\\/www.lraloeverashop.eu\\\/wp-content\\\/uploads\\\/2022\\\/10\\\/Zeitgard-Pro-massage-tool.jpg\",\"contentUrl\":\"https:\\\/\\\/www.lraloeverashop.eu\\\/wp-content\\\/uploads\\\/2022\\\/10\\\/Zeitgard-Pro-massage-tool.jpg\",\"width\":1200,\"height\":1200,\"caption\":\"Accesorio de masaje corporal Zeitgard Pro\"},{\"@type\":\"BreadcrumbList\",\"@id\":\"https:\\\/\\\/www.lraloeverashop.eu\\\/es\\\/producto\\\/accesorio-de-masaje-corporal-zeitgard-pro\\\/#breadcrumb\",\"itemListElement\":[{\"@type\":\"ListItem\",\"position\":1,\"name\":\"Home\",\"item\":\"https:\\\/\\\/www.lraloeverashop.eu\\\/es\\\/\"},{\"@type\":\"ListItem\",\"position\":2,\"name\":\"Tienda\",\"item\":\"https:\\\/\\\/www.lraloeverashop.eu\\\/es\\\/tienda\\\/\"},{\"@type\":\"ListItem\",\"position\":3,\"name\":\"Accesorio de Masaje Corporal Zeitgard Pro\"}]},{\"@type\":\"WebSite\",\"@id\":\"https:\\\/\\\/www.lraloeverashop.eu\\\/es\\\/#website\",\"url\":\"https:\\\/\\\/www.lraloeverashop.eu\\\/es\\\/\",\"name\":\"Lr Tienda Aloe Vera\",\"description\":\"High Quality Lr Aloe Vera Gel, Aloe Vera Cream and Shampoo\",\"publisher\":{\"@id\":\"https:\\\/\\\/www.lraloeverashop.eu\\\/es\\\/#organization\"},\"potentialAction\":[{\"@type\":\"SearchAction\",\"target\":{\"@type\":\"EntryPoint\",\"urlTemplate\":\"https:\\\/\\\/www.lraloeverashop.eu\\\/es\\\/?s={search_term_string}\"},\"query-input\":{\"@type\":\"PropertyValueSpecification\",\"valueRequired\":true,\"valueName\":\"search_term_string\"}}],\"inLanguage\":\"es\"},{\"@type\":\"Organization\",\"@id\":\"https:\\\/\\\/www.lraloeverashop.eu\\\/es\\\/#organization\",\"name\":\"Lr Tienda Aloe Vera\",\"alternateName\":\"LR\",\"url\":\"https:\\\/\\\/www.lraloeverashop.eu\\\/es\\\/\",\"logo\":{\"@type\":\"ImageObject\",\"inLanguage\":\"es\",\"@id\":\"https:\\\/\\\/www.lraloeverashop.eu\\\/es\\\/#\\\/schema\\\/logo\\\/image\\\/\",\"url\":\"https:\\\/\\\/www.lraloeverashop.eu\\\/wp-content\\\/uploads\\\/2022\\\/09\\\/cropped-Lr-Aloe-Vera-Shop.jpg\",\"contentUrl\":\"https:\\\/\\\/www.lraloeverashop.eu\\\/wp-content\\\/uploads\\\/2022\\\/09\\\/cropped-Lr-Aloe-Vera-Shop.jpg\",\"width\":228,\"height\":76,\"caption\":\"Lr Tienda Aloe Vera\"},\"image\":{\"@id\":\"https:\\\/\\\/www.lraloeverashop.eu\\\/es\\\/#\\\/schema\\\/logo\\\/image\\\/\"},\"sameAs\":[\"https:\\\/\\\/www.facebook.com\\\/lraloeverashop.eu\",\"https:\\\/\\\/x.com\\\/natur__kosmetik\",\"https:\\\/\\\/www.youtube.com\\\/channel\\\/UC5oN7BJ8nfYb8RpVtjwDEBA\",\"https:\\\/\\\/www.instagram.com\\\/lrbeautyeu\\\/\"],\"description\":\"La tienda Lr Aloe Vera es tu destino de confianza para productos premium de salud y belleza LR, fabricados en Alemania. Ofrecemos soluciones de alta calidad para el cuidado de la piel, nutrici\u00f3n y antienvejecimiento con Aloe Vera, elaboradas con ingredientes puros y respaldadas por investigaci\u00f3n cient\u00edfica. Descubre un cuidado natural que regenera, protege y revitaliza tu piel, y disfruta de ofertas mensuales exclusivas en nuestros productos LR Aloe Vera m\u00e1s vendidos.\\n\\nComienza hoy mismo tu camino hacia el cuidado natural de la piel y siente la diferencia.\",\"email\":\"info@lraloeverashop.eu\",\"telephone\":\"+49 17670609653\",\"legalName\":\"Lr Aloe Vera Shop\",\"foundingDate\":\"2018-04-21\",\"numberOfEmployees\":{\"@type\":\"QuantitativeValue\",\"minValue\":\"1\",\"maxValue\":\"10\"}}]}<\/script>\n<meta property=\"product:price:amount\" content=\"85.99\" \/>\n<meta property=\"product:price:currency\" content=\"EUR\" \/>\n<meta property=\"og:availability\" content=\"instock\" \/>\n<meta property=\"product:availability\" content=\"instock\" \/>\n<meta property=\"product:retailer_item_id\" content=\"70103-1ES\" \/>\n<meta property=\"product:condition\" content=\"new\" \/>\n<!-- \/ Yoast SEO Premium plugin. -->","yoast_head_json":{"title":"Accesorio de Masaje Corporal Zeitgard para reducir la celulitis","description":"El masaje ultras\u00f3nico con el Accesorio de Masaje Corporal Zeitgard Pro le da a su cuerpo una tez m\u00e1s firme y uniforme. Tecnolog\u00eda ultras\u00f3nica innovadora","robots":{"index":"index","follow":"follow","max-snippet":"max-snippet:-1","max-image-preview":"max-image-preview:large","max-video-preview":"max-video-preview:-1"},"canonical":"https:\/\/www.lraloeverashop.eu\/es\/producto\/accesorio-de-masaje-corporal-zeitgard-pro\/","og_locale":"es_ES","og_type":"article","og_title":"Accesorio de Masaje Corporal Zeitgard Pro","og_description":"El masaje ultras\u00f3nico con el Accesorio de Masaje Corporal Zeitgard Pro le da a su cuerpo una tez m\u00e1s firme y uniforme. Tecnolog\u00eda ultras\u00f3nica innovadora","og_url":"https:\/\/www.lraloeverashop.eu\/es\/producto\/accesorio-de-masaje-corporal-zeitgard-pro\/","og_site_name":"Lr Tienda Aloe Vera","article_publisher":"https:\/\/www.facebook.com\/lraloeverashop.eu","article_modified_time":"2026-02-09T03:40:02+00:00","og_image":[{"width":1200,"height":1200,"url":"https:\/\/www.lraloeverashop.eu\/wp-content\/uploads\/2022\/10\/Zeitgard-Pro-massage-tool.jpg","type":"image\/jpeg"}],"twitter_card":"summary_large_image","twitter_site":"@natur__kosmetik","schema":{"@context":"https:\/\/schema.org","@graph":[{"@type":["WebPage","ItemPage"],"@id":"https:\/\/www.lraloeverashop.eu\/es\/producto\/accesorio-de-masaje-corporal-zeitgard-pro\/","url":"https:\/\/www.lraloeverashop.eu\/es\/producto\/accesorio-de-masaje-corporal-zeitgard-pro\/","name":"Accesorio de Masaje Corporal Zeitgard para reducir la celulitis","isPartOf":{"@id":"https:\/\/www.lraloeverashop.eu\/es\/#website"},"primaryImageOfPage":{"@id":"https:\/\/www.lraloeverashop.eu\/es\/producto\/accesorio-de-masaje-corporal-zeitgard-pro\/#primaryimage"},"image":{"@id":"https:\/\/www.lraloeverashop.eu\/es\/producto\/accesorio-de-masaje-corporal-zeitgard-pro\/#primaryimage"},"thumbnailUrl":"https:\/\/www.lraloeverashop.eu\/wp-content\/uploads\/2022\/10\/Zeitgard-Pro-massage-tool.jpg","datePublished":"2022-10-23T07:40:26+00:00","dateModified":"2026-02-09T03:40:02+00:00","description":"El masaje ultras\u00f3nico con el Accesorio de Masaje Corporal Zeitgard Pro le da a su cuerpo una tez m\u00e1s firme y uniforme. Tecnolog\u00eda ultras\u00f3nica innovadora","breadcrumb":{"@id":"https:\/\/www.lraloeverashop.eu\/es\/producto\/accesorio-de-masaje-corporal-zeitgard-pro\/#breadcrumb"},"inLanguage":"es","potentialAction":[{"@type":"ReadAction","target":["https:\/\/www.lraloeverashop.eu\/es\/producto\/accesorio-de-masaje-corporal-zeitgard-pro\/"]}]},{"@type":"ImageObject","inLanguage":"es","@id":"https:\/\/www.lraloeverashop.eu\/es\/producto\/accesorio-de-masaje-corporal-zeitgard-pro\/#primaryimage","url":"https:\/\/www.lraloeverashop.eu\/wp-content\/uploads\/2022\/10\/Zeitgard-Pro-massage-tool.jpg","contentUrl":"https:\/\/www.lraloeverashop.eu\/wp-content\/uploads\/2022\/10\/Zeitgard-Pro-massage-tool.jpg","width":1200,"height":1200,"caption":"Accesorio de masaje corporal Zeitgard Pro"},{"@type":"BreadcrumbList","@id":"https:\/\/www.lraloeverashop.eu\/es\/producto\/accesorio-de-masaje-corporal-zeitgard-pro\/#breadcrumb","itemListElement":[{"@type":"ListItem","position":1,"name":"Home","item":"https:\/\/www.lraloeverashop.eu\/es\/"},{"@type":"ListItem","position":2,"name":"Tienda","item":"https:\/\/www.lraloeverashop.eu\/es\/tienda\/"},{"@type":"ListItem","position":3,"name":"Accesorio de Masaje Corporal Zeitgard Pro"}]},{"@type":"WebSite","@id":"https:\/\/www.lraloeverashop.eu\/es\/#website","url":"https:\/\/www.lraloeverashop.eu\/es\/","name":"Lr Tienda Aloe Vera","description":"High Quality Lr Aloe Vera Gel, Aloe Vera Cream and Shampoo","publisher":{"@id":"https:\/\/www.lraloeverashop.eu\/es\/#organization"},"potentialAction":[{"@type":"SearchAction","target":{"@type":"EntryPoint","urlTemplate":"https:\/\/www.lraloeverashop.eu\/es\/?s={search_term_string}"},"query-input":{"@type":"PropertyValueSpecification","valueRequired":true,"valueName":"search_term_string"}}],"inLanguage":"es"},{"@type":"Organization","@id":"https:\/\/www.lraloeverashop.eu\/es\/#organization","name":"Lr Tienda Aloe Vera","alternateName":"LR","url":"https:\/\/www.lraloeverashop.eu\/es\/","logo":{"@type":"ImageObject","inLanguage":"es","@id":"https:\/\/www.lraloeverashop.eu\/es\/#\/schema\/logo\/image\/","url":"https:\/\/www.lraloeverashop.eu\/wp-content\/uploads\/2022\/09\/cropped-Lr-Aloe-Vera-Shop.jpg","contentUrl":"https:\/\/www.lraloeverashop.eu\/wp-content\/uploads\/2022\/09\/cropped-Lr-Aloe-Vera-Shop.jpg","width":228,"height":76,"caption":"Lr Tienda Aloe Vera"},"image":{"@id":"https:\/\/www.lraloeverashop.eu\/es\/#\/schema\/logo\/image\/"},"sameAs":["https:\/\/www.facebook.com\/lraloeverashop.eu","https:\/\/x.com\/natur__kosmetik","https:\/\/www.youtube.com\/channel\/UC5oN7BJ8nfYb8RpVtjwDEBA","https:\/\/www.instagram.com\/lrbeautyeu\/"],"description":"La tienda Lr Aloe Vera es tu destino de confianza para productos premium de salud y belleza LR, fabricados en Alemania. Ofrecemos soluciones de alta calidad para el cuidado de la piel, nutrici\u00f3n y antienvejecimiento con Aloe Vera, elaboradas con ingredientes puros y respaldadas por investigaci\u00f3n cient\u00edfica. Descubre un cuidado natural que regenera, protege y revitaliza tu piel, y disfruta de ofertas mensuales exclusivas en nuestros productos LR Aloe Vera m\u00e1s vendidos.\n\nComienza hoy mismo tu camino hacia el cuidado natural de la piel y siente la diferencia.","email":"info@lraloeverashop.eu","telephone":"+49 17670609653","legalName":"Lr Aloe Vera Shop","foundingDate":"2018-04-21","numberOfEmployees":{"@type":"QuantitativeValue","minValue":"1","maxValue":"10"}}]},"product_price_amount":"85.99","product_price_currency":"EUR","og_availability":"instock","product_availability":"instock","product_retailer_item_id":"70103-1ES","product_condition":"new"},"taxonomy_info":{"product_cat":[{"value":271,"label":"Cuidado antiedad"},{"value":361,"label":"Zeitgard Pro"}],"product_tag":[{"value":630,"label":"Celulitis"}]},"featured_image_src_large":["https:\/\/www.lraloeverashop.eu\/wp-content\/uploads\/2022\/10\/Zeitgard-Pro-massage-tool-1024x1024.jpg",1024,1024,true],"author_info":[],"comment_info":0,"_links":{"self":[{"href":"https:\/\/www.lraloeverashop.eu\/es\/wp-json\/wp\/v2\/product\/8690","targetHints":{"allow":["GET"]}}],"collection":[{"href":"https:\/\/www.lraloeverashop.eu\/es\/wp-json\/wp\/v2\/product"}],"about":[{"href":"https:\/\/www.lraloeverashop.eu\/es\/wp-json\/wp\/v2\/types\/product"}],"replies":[{"embeddable":true,"href":"https:\/\/www.lraloeverashop.eu\/es\/wp-json\/wp\/v2\/comments?post=8690"}],"wp:featuredmedia":[{"embeddable":true,"href":"https:\/\/www.lraloeverashop.eu\/es\/wp-json\/wp\/v2\/media\/6053"}],"wp:attachment":[{"href":"https:\/\/www.lraloeverashop.eu\/es\/wp-json\/wp\/v2\/media?parent=8690"}],"wp:term":[{"taxonomy":"product_brand","embeddable":true,"href":"https:\/\/www.lraloeverashop.eu\/es\/wp-json\/wp\/v2\/product_brand?post=8690"},{"taxonomy":"product_cat","embeddable":true,"href":"https:\/\/www.lraloeverashop.eu\/es\/wp-json\/wp\/v2\/product_cat?post=8690"},{"taxonomy":"product_tag","embeddable":true,"href":"https:\/\/www.lraloeverashop.eu\/es\/wp-json\/wp\/v2\/product_tag?post=8690"}],"curies":[{"name":"wp","href":"https:\/\/api.w.org\/{rel}","templated":true}]}}