{"id":8660,"date":"2022-12-03T18:43:25","date_gmt":"2022-12-03T17:43:25","guid":{"rendered":"https:\/\/www.lraloeverashop.eu\/product\/serum-facial-hidratante-aloe-vera\/"},"modified":"2026-02-09T04:39:34","modified_gmt":"2026-02-09T03:39:34","slug":"serum-facial-hidratante-aloe-vera","status":"publish","type":"product","link":"https:\/\/www.lraloeverashop.eu\/es\/producto\/serum-facial-hidratante-aloe-vera\/","title":{"rendered":"Serum Facial Hidratante Aloe Vera"},"content":{"rendered":"<h2><span style=\"font-size: 16pt;\"><strong>Serum Facial Hidratante Aloe Vera<\/strong><\/span><\/h2>\n<p><span style=\"font-size: 16px;\"><strong>Serum Facial Hidratante Aloe Vera para una apariencia fresca durante todo el d\u00eda<\/strong><\/span><\/p>\n<p>El serum facial hidratante 24 horas de aloe vera con un 50 % de gel de hoja de aloe vera garantiza una <a href=\"https:\/\/www.lraloeverashop.eu\/es\/producto\/aloe-vera-mascarilla-facial-hidratante-express\/\">hidrataci\u00f3n \u00f3ptima de la piel<\/a>. El suero hidratante le da a la piel m\u00e1s elasticidad, vitalidad y un brillo fresco. La innovadora tecnolog\u00eda Moisture Trap\u2122 respalda la capacidad de la piel para retener la humedad durante 24 horas y, por lo tanto, sirve como base perfecta para el cuidado diurno.<\/p>\n<p>&nbsp;<\/p>\n<h3><strong><span style=\"font-size: 16pt;\">C\u00f3mo utilizar<\/span><\/strong><\/h3>\n<p><strong>Paso 1:<\/strong> Aplicar el Serum Facial Hidratante LR Aloe Vera en el rostro una vez al d\u00eda despu\u00e9s de la limpieza. Si tiene la piel bastante deshidratada, dos veces al d\u00eda, p. por la ma\u00f1ana y por la noche despu\u00e9s de la limpieza.<\/p>\n<p><strong>Paso 2:<\/strong> Aplicar la <a href=\"https:\/\/www.lraloeverashop.eu\/es\/producto\/aloe-vera-gel-cremoso-refrescante\/\">Crema Gel Refrescante Lr Aloe Vera o<\/a> la Crema de D\u00eda Aloe Vera. Para la noche, la crema de noche de aloe vera es ideal para el cuidado.<\/p>\n<p>&nbsp;<\/p>\n<h4><strong><span style=\"font-size: 16pt;\">\u00bfLo Sab\u00edas?<\/span><\/strong><\/h4>\n<p>Hace unos a\u00f1os, tambi\u00e9n se descubri\u00f3 el aloe vera para su uso en <a href=\"https:\/\/www.lraloeverashop.eu\/es\/producto\/crema-antiarrugas-serox\/\">productos para el cuidado<\/a>. Mientras tanto, las propiedades positivas de la planta se han convertido en una parte integral de los programas de atenci\u00f3n de muchas personas.<\/p>\n<p>En el transcurso de nuestros muchos a\u00f1os de experiencia en el procesamiento de esta planta vers\u00e1til, hemos desarrollado procesos para poder utilizar los valiosos ingredientes del <a href=\"https:\/\/www.lraloeverashop.eu\/es\/producto\/aloe-vera-gel-hidratante-concentrado\/\">aloe vera<\/a> de manera \u00f3ptima en Serum Facial para el cuidado. Esto incluye, por ejemplo, que LR solo procesa plantas de aloe vera del altiplano mexicano, que se cultivan con estricta atenci\u00f3n a las condiciones \u00f3ptimas de crecimiento. La recolecci\u00f3n se realiza exclusivamente a mano para no da\u00f1ar el valioso filete de hoja.<\/p>\n<p><strong>Los productos de Aloe Vera se fabrican en Alemania. As\u00ed aseguramos la m\u00e1xima calidad.<\/strong><\/p>\n","protected":false},"excerpt":{"rendered":"<ul>\n<li>Con 50% gel de hoja de aloe vera y extracto de oliva ecol\u00f3gico<\/li>\n<li>Garantiza una penetraci\u00f3n \u00f3ptima de la humedad en la piel.<\/li>\n<li>Ayuda a la piel a retener la humedad durante 24 horas.<\/li>\n<li>Para un look fresco durante todo el d\u00eda.<\/li>\n<li>Mejorar la elasticidad de la piel<\/li>\n<li>Cantidad: 30ml<\/li>\n<\/ul>\n<p><span style=\"color: #ff0000;\"><a style=\"color: #ff0000;\" href=\"https:\/\/shop.lrworld.com\/openpao?PHP=0vFlt7jT938BEnBI3a6e9w%3D%3D\"><span style=\"font-size: 14pt;\"><strong>Reg\u00edstrate aqu\u00ed y ahorra 35% en cada compra<\/strong><\/span><\/a><\/span><\/p>\n","protected":false},"featured_media":8465,"comment_status":"open","ping_status":"closed","template":"","meta":{"_kad_blocks_custom_css":"","_kad_blocks_head_custom_js":"","_kad_blocks_body_custom_js":"","_kad_blocks_footer_custom_js":"","_kadence_starter_templates_imported_post":false,"_kad_post_transparent":"default","_kad_post_title":"","_kad_post_layout":"default","_kad_post_sidebar_id":"","_kad_post_content_style":"default","_kad_post_vertical_padding":"default","_kad_post_feature":"","_kad_post_feature_position":"","_kad_post_header":false,"_kad_post_footer":false,"_kad_post_classname":""},"product_brand":[],"product_cat":[217,242,356],"product_tag":[634],"class_list":{"0":"post-8660","1":"product","2":"type-product","3":"status-publish","4":"has-post-thumbnail","6":"product_cat-aloe-vera-es","7":"product_cat-cuidado-facial","8":"product_cat-ventas","9":"product_tag-cara-seca","11":"first","12":"outofstock","13":"sale","14":"taxable","15":"shipping-taxable","16":"purchasable","17":"product-type-simple","18":"entry","19":"content-bg","20":"loop-entry"},"yoast_head":"<!-- This site is optimized with the Yoast SEO Premium plugin v27.4 (Yoast SEO v27.4) - https:\/\/yoast.com\/product\/yoast-seo-premium-wordpress\/ -->\n<title>Serum Facial Hidratante Aloe Vera para una apariencia fresca<\/title>\n<meta name=\"description\" content=\"Serum Facial Hidratante con 50% gel de aloe vera y extracto de oliva ecol\u00f3gico. Garantiza una penetraci\u00f3n \u00f3ptima de la humedad en la piel durante 24 horas.\" \/>\n<meta name=\"robots\" content=\"index, follow, max-snippet:-1, max-image-preview:large, max-video-preview:-1\" \/>\n<link rel=\"canonical\" href=\"https:\/\/www.lraloeverashop.eu\/es\/producto\/serum-facial-hidratante-aloe-vera\/\" \/>\n<meta property=\"og:locale\" content=\"es_ES\" \/>\n<meta property=\"og:type\" content=\"article\" \/>\n<meta property=\"og:title\" content=\"Serum Facial Hidratante Aloe Vera\" \/>\n<meta property=\"og:description\" content=\"Serum Facial Hidratante con 50% gel de aloe vera y extracto de oliva ecol\u00f3gico. Garantiza una penetraci\u00f3n \u00f3ptima de la humedad en la piel durante 24 horas.\" \/>\n<meta property=\"og:url\" content=\"https:\/\/www.lraloeverashop.eu\/es\/producto\/serum-facial-hidratante-aloe-vera\/\" \/>\n<meta property=\"og:site_name\" content=\"Lr Tienda Aloe Vera\" \/>\n<meta property=\"article:publisher\" content=\"https:\/\/www.facebook.com\/lraloeverashop.eu\" \/>\n<meta property=\"article:modified_time\" content=\"2026-02-09T03:39:34+00:00\" \/>\n<meta property=\"og:image\" content=\"https:\/\/www.lraloeverashop.eu\/wp-content\/uploads\/2022\/12\/Aloe-Vera-Face-Serum.jpg\" \/>\n\t<meta property=\"og:image:width\" content=\"1200\" \/>\n\t<meta property=\"og:image:height\" content=\"1200\" \/>\n\t<meta property=\"og:image:type\" content=\"image\/jpeg\" \/>\n<meta name=\"twitter:card\" content=\"summary_large_image\" \/>\n<meta name=\"twitter:site\" content=\"@natur__kosmetik\" \/>\n<script type=\"application\/ld+json\" class=\"yoast-schema-graph\">{\"@context\":\"https:\\\/\\\/schema.org\",\"@graph\":[{\"@type\":[\"WebPage\",\"ItemPage\"],\"@id\":\"https:\\\/\\\/www.lraloeverashop.eu\\\/es\\\/producto\\\/serum-facial-hidratante-aloe-vera\\\/\",\"url\":\"https:\\\/\\\/www.lraloeverashop.eu\\\/es\\\/producto\\\/serum-facial-hidratante-aloe-vera\\\/\",\"name\":\"Serum Facial Hidratante Aloe Vera para una apariencia fresca\",\"isPartOf\":{\"@id\":\"https:\\\/\\\/www.lraloeverashop.eu\\\/es\\\/#website\"},\"primaryImageOfPage\":{\"@id\":\"https:\\\/\\\/www.lraloeverashop.eu\\\/es\\\/producto\\\/serum-facial-hidratante-aloe-vera\\\/#primaryimage\"},\"image\":{\"@id\":\"https:\\\/\\\/www.lraloeverashop.eu\\\/es\\\/producto\\\/serum-facial-hidratante-aloe-vera\\\/#primaryimage\"},\"thumbnailUrl\":\"https:\\\/\\\/www.lraloeverashop.eu\\\/wp-content\\\/uploads\\\/2022\\\/12\\\/Aloe-Vera-Face-Serum.jpg\",\"datePublished\":\"2022-12-03T17:43:25+00:00\",\"dateModified\":\"2026-02-09T03:39:34+00:00\",\"description\":\"Serum Facial Hidratante con 50% gel de aloe vera y extracto de oliva ecol\u00f3gico. Garantiza una penetraci\u00f3n \u00f3ptima de la humedad en la piel durante 24 horas.\",\"breadcrumb\":{\"@id\":\"https:\\\/\\\/www.lraloeverashop.eu\\\/es\\\/producto\\\/serum-facial-hidratante-aloe-vera\\\/#breadcrumb\"},\"inLanguage\":\"es\",\"potentialAction\":[{\"@type\":\"ReadAction\",\"target\":[\"https:\\\/\\\/www.lraloeverashop.eu\\\/es\\\/producto\\\/serum-facial-hidratante-aloe-vera\\\/\"]}]},{\"@type\":\"ImageObject\",\"inLanguage\":\"es\",\"@id\":\"https:\\\/\\\/www.lraloeverashop.eu\\\/es\\\/producto\\\/serum-facial-hidratante-aloe-vera\\\/#primaryimage\",\"url\":\"https:\\\/\\\/www.lraloeverashop.eu\\\/wp-content\\\/uploads\\\/2022\\\/12\\\/Aloe-Vera-Face-Serum.jpg\",\"contentUrl\":\"https:\\\/\\\/www.lraloeverashop.eu\\\/wp-content\\\/uploads\\\/2022\\\/12\\\/Aloe-Vera-Face-Serum.jpg\",\"width\":1200,\"height\":1200,\"caption\":\"Serum Facial Hidratante Aloe Vera mejora la elasticidad de la piel\"},{\"@type\":\"BreadcrumbList\",\"@id\":\"https:\\\/\\\/www.lraloeverashop.eu\\\/es\\\/producto\\\/serum-facial-hidratante-aloe-vera\\\/#breadcrumb\",\"itemListElement\":[{\"@type\":\"ListItem\",\"position\":1,\"name\":\"Home\",\"item\":\"https:\\\/\\\/www.lraloeverashop.eu\\\/es\\\/\"},{\"@type\":\"ListItem\",\"position\":2,\"name\":\"Tienda\",\"item\":\"https:\\\/\\\/www.lraloeverashop.eu\\\/es\\\/tienda\\\/\"},{\"@type\":\"ListItem\",\"position\":3,\"name\":\"Serum Facial Hidratante Aloe Vera\"}]},{\"@type\":\"WebSite\",\"@id\":\"https:\\\/\\\/www.lraloeverashop.eu\\\/es\\\/#website\",\"url\":\"https:\\\/\\\/www.lraloeverashop.eu\\\/es\\\/\",\"name\":\"Lr Tienda Aloe Vera\",\"description\":\"High Quality Lr Aloe Vera Gel, Aloe Vera Cream and Shampoo\",\"publisher\":{\"@id\":\"https:\\\/\\\/www.lraloeverashop.eu\\\/es\\\/#organization\"},\"potentialAction\":[{\"@type\":\"SearchAction\",\"target\":{\"@type\":\"EntryPoint\",\"urlTemplate\":\"https:\\\/\\\/www.lraloeverashop.eu\\\/es\\\/?s={search_term_string}\"},\"query-input\":{\"@type\":\"PropertyValueSpecification\",\"valueRequired\":true,\"valueName\":\"search_term_string\"}}],\"inLanguage\":\"es\"},{\"@type\":\"Organization\",\"@id\":\"https:\\\/\\\/www.lraloeverashop.eu\\\/es\\\/#organization\",\"name\":\"Lr Tienda Aloe Vera\",\"alternateName\":\"LR\",\"url\":\"https:\\\/\\\/www.lraloeverashop.eu\\\/es\\\/\",\"logo\":{\"@type\":\"ImageObject\",\"inLanguage\":\"es\",\"@id\":\"https:\\\/\\\/www.lraloeverashop.eu\\\/es\\\/#\\\/schema\\\/logo\\\/image\\\/\",\"url\":\"https:\\\/\\\/www.lraloeverashop.eu\\\/wp-content\\\/uploads\\\/2022\\\/09\\\/cropped-Lr-Aloe-Vera-Shop.jpg\",\"contentUrl\":\"https:\\\/\\\/www.lraloeverashop.eu\\\/wp-content\\\/uploads\\\/2022\\\/09\\\/cropped-Lr-Aloe-Vera-Shop.jpg\",\"width\":228,\"height\":76,\"caption\":\"Lr Tienda Aloe Vera\"},\"image\":{\"@id\":\"https:\\\/\\\/www.lraloeverashop.eu\\\/es\\\/#\\\/schema\\\/logo\\\/image\\\/\"},\"sameAs\":[\"https:\\\/\\\/www.facebook.com\\\/lraloeverashop.eu\",\"https:\\\/\\\/x.com\\\/natur__kosmetik\",\"https:\\\/\\\/www.youtube.com\\\/channel\\\/UC5oN7BJ8nfYb8RpVtjwDEBA\",\"https:\\\/\\\/www.instagram.com\\\/lrbeautyeu\\\/\"],\"description\":\"La tienda Lr Aloe Vera es tu destino de confianza para productos premium de salud y belleza LR, fabricados en Alemania. Ofrecemos soluciones de alta calidad para el cuidado de la piel, nutrici\u00f3n y antienvejecimiento con Aloe Vera, elaboradas con ingredientes puros y respaldadas por investigaci\u00f3n cient\u00edfica. Descubre un cuidado natural que regenera, protege y revitaliza tu piel, y disfruta de ofertas mensuales exclusivas en nuestros productos LR Aloe Vera m\u00e1s vendidos.\\n\\nComienza hoy mismo tu camino hacia el cuidado natural de la piel y siente la diferencia.\",\"email\":\"info@lraloeverashop.eu\",\"telephone\":\"+49 17670609653\",\"legalName\":\"Lr Aloe Vera Shop\",\"foundingDate\":\"2018-04-21\",\"numberOfEmployees\":{\"@type\":\"QuantitativeValue\",\"minValue\":\"1\",\"maxValue\":\"10\"}}]}<\/script>\n<meta property=\"product:price:amount\" content=\"19.99\" \/>\n<meta property=\"product:price:currency\" content=\"EUR\" \/>\n<meta property=\"og:availability\" content=\"out of stock\" \/>\n<meta property=\"product:availability\" content=\"out of stock\" \/>\n<meta property=\"product:retailer_item_id\" content=\"20685-201ES\" \/>\n<meta property=\"product:condition\" content=\"new\" \/>\n<!-- \/ Yoast SEO Premium plugin. -->","yoast_head_json":{"title":"Serum Facial Hidratante Aloe Vera para una apariencia fresca","description":"Serum Facial Hidratante con 50% gel de aloe vera y extracto de oliva ecol\u00f3gico. Garantiza una penetraci\u00f3n \u00f3ptima de la humedad en la piel durante 24 horas.","robots":{"index":"index","follow":"follow","max-snippet":"max-snippet:-1","max-image-preview":"max-image-preview:large","max-video-preview":"max-video-preview:-1"},"canonical":"https:\/\/www.lraloeverashop.eu\/es\/producto\/serum-facial-hidratante-aloe-vera\/","og_locale":"es_ES","og_type":"article","og_title":"Serum Facial Hidratante Aloe Vera","og_description":"Serum Facial Hidratante con 50% gel de aloe vera y extracto de oliva ecol\u00f3gico. Garantiza una penetraci\u00f3n \u00f3ptima de la humedad en la piel durante 24 horas.","og_url":"https:\/\/www.lraloeverashop.eu\/es\/producto\/serum-facial-hidratante-aloe-vera\/","og_site_name":"Lr Tienda Aloe Vera","article_publisher":"https:\/\/www.facebook.com\/lraloeverashop.eu","article_modified_time":"2026-02-09T03:39:34+00:00","og_image":[{"width":1200,"height":1200,"url":"https:\/\/www.lraloeverashop.eu\/wp-content\/uploads\/2022\/12\/Aloe-Vera-Face-Serum.jpg","type":"image\/jpeg"}],"twitter_card":"summary_large_image","twitter_site":"@natur__kosmetik","schema":{"@context":"https:\/\/schema.org","@graph":[{"@type":["WebPage","ItemPage"],"@id":"https:\/\/www.lraloeverashop.eu\/es\/producto\/serum-facial-hidratante-aloe-vera\/","url":"https:\/\/www.lraloeverashop.eu\/es\/producto\/serum-facial-hidratante-aloe-vera\/","name":"Serum Facial Hidratante Aloe Vera para una apariencia fresca","isPartOf":{"@id":"https:\/\/www.lraloeverashop.eu\/es\/#website"},"primaryImageOfPage":{"@id":"https:\/\/www.lraloeverashop.eu\/es\/producto\/serum-facial-hidratante-aloe-vera\/#primaryimage"},"image":{"@id":"https:\/\/www.lraloeverashop.eu\/es\/producto\/serum-facial-hidratante-aloe-vera\/#primaryimage"},"thumbnailUrl":"https:\/\/www.lraloeverashop.eu\/wp-content\/uploads\/2022\/12\/Aloe-Vera-Face-Serum.jpg","datePublished":"2022-12-03T17:43:25+00:00","dateModified":"2026-02-09T03:39:34+00:00","description":"Serum Facial Hidratante con 50% gel de aloe vera y extracto de oliva ecol\u00f3gico. Garantiza una penetraci\u00f3n \u00f3ptima de la humedad en la piel durante 24 horas.","breadcrumb":{"@id":"https:\/\/www.lraloeverashop.eu\/es\/producto\/serum-facial-hidratante-aloe-vera\/#breadcrumb"},"inLanguage":"es","potentialAction":[{"@type":"ReadAction","target":["https:\/\/www.lraloeverashop.eu\/es\/producto\/serum-facial-hidratante-aloe-vera\/"]}]},{"@type":"ImageObject","inLanguage":"es","@id":"https:\/\/www.lraloeverashop.eu\/es\/producto\/serum-facial-hidratante-aloe-vera\/#primaryimage","url":"https:\/\/www.lraloeverashop.eu\/wp-content\/uploads\/2022\/12\/Aloe-Vera-Face-Serum.jpg","contentUrl":"https:\/\/www.lraloeverashop.eu\/wp-content\/uploads\/2022\/12\/Aloe-Vera-Face-Serum.jpg","width":1200,"height":1200,"caption":"Serum Facial Hidratante Aloe Vera mejora la elasticidad de la piel"},{"@type":"BreadcrumbList","@id":"https:\/\/www.lraloeverashop.eu\/es\/producto\/serum-facial-hidratante-aloe-vera\/#breadcrumb","itemListElement":[{"@type":"ListItem","position":1,"name":"Home","item":"https:\/\/www.lraloeverashop.eu\/es\/"},{"@type":"ListItem","position":2,"name":"Tienda","item":"https:\/\/www.lraloeverashop.eu\/es\/tienda\/"},{"@type":"ListItem","position":3,"name":"Serum Facial Hidratante Aloe Vera"}]},{"@type":"WebSite","@id":"https:\/\/www.lraloeverashop.eu\/es\/#website","url":"https:\/\/www.lraloeverashop.eu\/es\/","name":"Lr Tienda Aloe Vera","description":"High Quality Lr Aloe Vera Gel, Aloe Vera Cream and Shampoo","publisher":{"@id":"https:\/\/www.lraloeverashop.eu\/es\/#organization"},"potentialAction":[{"@type":"SearchAction","target":{"@type":"EntryPoint","urlTemplate":"https:\/\/www.lraloeverashop.eu\/es\/?s={search_term_string}"},"query-input":{"@type":"PropertyValueSpecification","valueRequired":true,"valueName":"search_term_string"}}],"inLanguage":"es"},{"@type":"Organization","@id":"https:\/\/www.lraloeverashop.eu\/es\/#organization","name":"Lr Tienda Aloe Vera","alternateName":"LR","url":"https:\/\/www.lraloeverashop.eu\/es\/","logo":{"@type":"ImageObject","inLanguage":"es","@id":"https:\/\/www.lraloeverashop.eu\/es\/#\/schema\/logo\/image\/","url":"https:\/\/www.lraloeverashop.eu\/wp-content\/uploads\/2022\/09\/cropped-Lr-Aloe-Vera-Shop.jpg","contentUrl":"https:\/\/www.lraloeverashop.eu\/wp-content\/uploads\/2022\/09\/cropped-Lr-Aloe-Vera-Shop.jpg","width":228,"height":76,"caption":"Lr Tienda Aloe Vera"},"image":{"@id":"https:\/\/www.lraloeverashop.eu\/es\/#\/schema\/logo\/image\/"},"sameAs":["https:\/\/www.facebook.com\/lraloeverashop.eu","https:\/\/x.com\/natur__kosmetik","https:\/\/www.youtube.com\/channel\/UC5oN7BJ8nfYb8RpVtjwDEBA","https:\/\/www.instagram.com\/lrbeautyeu\/"],"description":"La tienda Lr Aloe Vera es tu destino de confianza para productos premium de salud y belleza LR, fabricados en Alemania. Ofrecemos soluciones de alta calidad para el cuidado de la piel, nutrici\u00f3n y antienvejecimiento con Aloe Vera, elaboradas con ingredientes puros y respaldadas por investigaci\u00f3n cient\u00edfica. Descubre un cuidado natural que regenera, protege y revitaliza tu piel, y disfruta de ofertas mensuales exclusivas en nuestros productos LR Aloe Vera m\u00e1s vendidos.\n\nComienza hoy mismo tu camino hacia el cuidado natural de la piel y siente la diferencia.","email":"info@lraloeverashop.eu","telephone":"+49 17670609653","legalName":"Lr Aloe Vera Shop","foundingDate":"2018-04-21","numberOfEmployees":{"@type":"QuantitativeValue","minValue":"1","maxValue":"10"}}]},"product_price_amount":"19.99","product_price_currency":"EUR","og_availability":"out of stock","product_availability":"out of stock","product_retailer_item_id":"20685-201ES","product_condition":"new"},"taxonomy_info":{"product_cat":[{"value":217,"label":"Aloe Vera"},{"value":242,"label":"Cuidado Facial"},{"value":356,"label":"Ventas"}],"product_tag":[{"value":634,"label":"Cara seca"}]},"featured_image_src_large":["https:\/\/www.lraloeverashop.eu\/wp-content\/uploads\/2022\/12\/Aloe-Vera-Face-Serum-1024x1024.jpg",1024,1024,true],"author_info":[],"comment_info":0,"_links":{"self":[{"href":"https:\/\/www.lraloeverashop.eu\/es\/wp-json\/wp\/v2\/product\/8660","targetHints":{"allow":["GET"]}}],"collection":[{"href":"https:\/\/www.lraloeverashop.eu\/es\/wp-json\/wp\/v2\/product"}],"about":[{"href":"https:\/\/www.lraloeverashop.eu\/es\/wp-json\/wp\/v2\/types\/product"}],"replies":[{"embeddable":true,"href":"https:\/\/www.lraloeverashop.eu\/es\/wp-json\/wp\/v2\/comments?post=8660"}],"wp:featuredmedia":[{"embeddable":true,"href":"https:\/\/www.lraloeverashop.eu\/es\/wp-json\/wp\/v2\/media\/8465"}],"wp:attachment":[{"href":"https:\/\/www.lraloeverashop.eu\/es\/wp-json\/wp\/v2\/media?parent=8660"}],"wp:term":[{"taxonomy":"product_brand","embeddable":true,"href":"https:\/\/www.lraloeverashop.eu\/es\/wp-json\/wp\/v2\/product_brand?post=8660"},{"taxonomy":"product_cat","embeddable":true,"href":"https:\/\/www.lraloeverashop.eu\/es\/wp-json\/wp\/v2\/product_cat?post=8660"},{"taxonomy":"product_tag","embeddable":true,"href":"https:\/\/www.lraloeverashop.eu\/es\/wp-json\/wp\/v2\/product_tag?post=8660"}],"curies":[{"name":"wp","href":"https:\/\/api.w.org\/{rel}","templated":true}]}}